
{"id":107,"date":"2011-05-17T05:00:06","date_gmt":"2011-05-17T05:00:06","guid":{"rendered":"http:\/\/www.enjoyslovakiasoul.com\/?page_id=107"},"modified":"2013-07-01T20:23:21","modified_gmt":"2013-07-01T20:23:21","slug":"inquiry-form","status":"publish","type":"page","link":"https:\/\/www.enjoyslovakiasoul.com\/sk\/inquiry-form\/","title":{"rendered":"Rezerv\u00e1cia"},"content":{"rendered":"<p><\/p>\n<form action=\"https:\/\/www.paypal.com\/cgi-bin\/webscr\" method=\"post\">\n<p><input type=\"hidden\" name=\"cmd\" value=\"_s-xclick\" \/><\/p>\n<p><input type=\"hidden\" name=\"hosted_button_id\" value=\"3C2ZE524KLY4Q\" \/><\/p>\n<p>Kliknite na tla\u010didlo &#8222;Platit teraz (PAY NOW)&#8220; tla\u010didlo v hornej \u010dasti str\u00e1nky, zadajte sumu v eur\u00e1ch na \u013eavej strane.<\/p>\n<\/form>\n<form action=\"https:\/\/www.paypal.com\/cgi-bin\/webscr\" method=\"post\" target=\"_top\">\n<input type=\"hidden\" name=\"cmd\" value=\"_s-xclick\"><br \/>\n<input type=\"hidden\" name=\"hosted_button_id\" value=\"WF9WPC4YCYSTU\"><br \/>\n<input type=\"image\" src=\"https:\/\/www.paypalobjects.com\/en_US\/i\/btn\/btn_buynowCC_LG.gif\" border=\"0\" name=\"submit\" alt=\"PayPal - The safer, easier way to pay online!\"><br \/>\n<img decoding=\"async\" loading=\"lazy\" alt=\"\" border=\"0\" src=\"https:\/\/www.paypalobjects.com\/en_US\/i\/scr\/pixel.gif\" width=\"1\" height=\"1\"><br \/>\n<\/form>\n<\/form>\n<div>\n<p>Ak ste si vybrali jeden z na\u0161ich v\u00fdletov, pros\u00edme, vypl\u0148te dole uveden\u00fd formul\u00e1r a EST Frontier Slovakia\u00a0V\u00e1s v kr\u00e1tkom \u010dase bude kontaktova\u0165.<\/p>\n<h2 style=\"text-align: center;\">Rezervovac\u00ed formul\u00e1r<\/h2>\n<\/div>\n<div style=\"text-align: center;\">\n<div class=\"wpcf7 no-js\" id=\"wpcf7-f3429-o2\" lang=\"\" dir=\"ltr\">\n<div class=\"screen-reader-response\"><p role=\"status\" aria-live=\"polite\" aria-atomic=\"true\"><\/p> <ul><\/ul><\/div>\n<form action=\"\/sk\/wp-json\/wp\/v2\/pages\/107#wpcf7-f3429-o2\" method=\"post\" class=\"wpcf7-form init\" aria-label=\"Contact form\" novalidate=\"novalidate\" data-status=\"init\">\n<div style=\"display: none;\">\n<input type=\"hidden\" name=\"_wpcf7\" value=\"3429\" \/>\n<input type=\"hidden\" name=\"_wpcf7_version\" value=\"5.7.4\" \/>\n<input type=\"hidden\" name=\"_wpcf7_locale\" value=\"\" \/>\n<input type=\"hidden\" name=\"_wpcf7_unit_tag\" value=\"wpcf7-f3429-o2\" \/>\n<input type=\"hidden\" name=\"_wpcf7_container_post\" value=\"0\" \/>\n<input type=\"hidden\" name=\"_wpcf7_posted_data_hash\" value=\"\" \/>\n<\/div>\n<table>\n\t<tr>\n\t\t<td width=150>\n\t\t\t<p>Va\u0161e meno <span class=\"red\">*<\/span>\n\t\t\t<\/p>\n\t\t<\/td>\n\t\t<td>\n\t\t\t<p><span class=\"wpcf7-form-control-wrap\" data-name=\"your-name\"><input size=\"40\" class=\"wpcf7-form-control wpcf7-text wpcf7-validates-as-required\" aria-required=\"true\" aria-invalid=\"false\" value=\"\" type=\"text\" name=\"your-name\" \/><\/span>\n\t\t\t<\/p>\n\t\t<\/td>\n\t<\/tr>\n\t<tr>\n\t\t<td>\n\t\t\t<p>Adresa\n\t\t\t<\/p>\n\t\t<\/td>\n\t\t<td>\n\t\t\t<p><span class=\"wpcf7-form-control-wrap\" data-name=\"address\"><input size=\"40\" class=\"wpcf7-form-control wpcf7-text wpcf7-validates-as-required\" aria-required=\"true\" aria-invalid=\"false\" value=\"\" type=\"text\" name=\"address\" \/><\/span>\n\t\t\t<\/p>\n\t\t<\/td>\n\t<\/tr>\n\t<tr>\n\t\t<td>\n\t\t\t<p>Krajina\n\t\t\t<\/p>\n\t\t<\/td>\n\t\t<td>\n\t\t\t<p><span class=\"wpcf7-form-control-wrap\" data-name=\"country\"><select class=\"wpcf7-form-control wpcf7-select\" aria-invalid=\"false\" name=\"country\"><option value=\"Please choose ...\">Please choose ...<\/option><option value=\"Afghanistan\">Afghanistan<\/option><option value=\"Albania\">Albania<\/option><option value=\"Algeria\">Algeria<\/option><option value=\"Andorra\">Andorra<\/option><option value=\"Angola\">Angola<\/option><option value=\"Antigua &amp; Deps\">Antigua &amp; Deps<\/option><option value=\"Argentina\">Argentina<\/option><option value=\"Armenia\">Armenia<\/option><option value=\"Australia\">Australia<\/option><option value=\"Austria\">Austria<\/option><option value=\"Azerbaijan\">Azerbaijan<\/option><option value=\"Bahamas\">Bahamas<\/option><option value=\"Bahrain\">Bahrain<\/option><option value=\"Bangladesh\">Bangladesh<\/option><option value=\"Barbados\">Barbados<\/option><option value=\"Belarus\">Belarus<\/option><option value=\"Belgium\">Belgium<\/option><option value=\"Belize\">Belize<\/option><option value=\"Benin\">Benin<\/option><option value=\"Bhutan\">Bhutan<\/option><option value=\"Bolivia\">Bolivia<\/option><option value=\"Bosnia Herzegovina\">Bosnia Herzegovina<\/option><option value=\"Botswana\">Botswana<\/option><option value=\"Brazil\">Brazil<\/option><option value=\"Brunei\">Brunei<\/option><option value=\"Bulgaria\">Bulgaria<\/option><option value=\"Burkina\">Burkina<\/option><option value=\"Burundi\">Burundi<\/option><option value=\"Cambodia\">Cambodia<\/option><option value=\"Cameroon\">Cameroon<\/option><option value=\"Canada\">Canada<\/option><option value=\"Cape Verde\">Cape Verde<\/option><option value=\"Central African Rep\">Central African Rep<\/option><option value=\"Chad\">Chad<\/option><option value=\"Chile\">Chile<\/option><option value=\"China\">China<\/option><option value=\"Colombia\">Colombia<\/option><option value=\"Comoros\">Comoros<\/option><option value=\"Congo\">Congo<\/option><option value=\"Congo {Democratic Rep}\">Congo {Democratic Rep}<\/option><option value=\"Costa Rica\">Costa Rica<\/option><option value=\"Croatia\">Croatia<\/option><option value=\"Cuba\">Cuba<\/option><option value=\"Cyprus\">Cyprus<\/option><option value=\"Czech Republic\">Czech Republic<\/option><option value=\"Denmark\">Denmark<\/option><option value=\"Djibouti\">Djibouti<\/option><option value=\"Dominica\">Dominica<\/option><option value=\"Dominican Republic\">Dominican Republic<\/option><option value=\"East Timor\">East Timor<\/option><option value=\"Ecuador\">Ecuador<\/option><option value=\"Egypt\">Egypt<\/option><option value=\"El Salvador\">El Salvador<\/option><option value=\"Equatorial Guinea\">Equatorial Guinea<\/option><option value=\"Eritrea\">Eritrea<\/option><option value=\"Estonia\">Estonia<\/option><option value=\"Ethiopia\">Ethiopia<\/option><option value=\"Fiji\">Fiji<\/option><option value=\"Finland\">Finland<\/option><option value=\"France\">France<\/option><option value=\"Gabon\">Gabon<\/option><option value=\"Gambia\">Gambia<\/option><option value=\"Georgia\">Georgia<\/option><option value=\"Germany\">Germany<\/option><option value=\"Ghana\">Ghana<\/option><option value=\"Greece\">Greece<\/option><option value=\"Grenada\">Grenada<\/option><option value=\"Guatemala\">Guatemala<\/option><option value=\"Guinea\">Guinea<\/option><option value=\"Guinea-Bissau\">Guinea-Bissau<\/option><option value=\"Guyana\">Guyana<\/option><option value=\"Haiti\">Haiti<\/option><option value=\"Honduras\">Honduras<\/option><option value=\"Hungary\">Hungary<\/option><option value=\"Iceland\">Iceland<\/option><option value=\"India\">India<\/option><option value=\"Indonesia\">Indonesia<\/option><option value=\"Iran\">Iran<\/option><option value=\"Iraq\">Iraq<\/option><option value=\"Ireland {Republic}\">Ireland {Republic}<\/option><option value=\"Israel\">Israel<\/option><option value=\"Italy\">Italy<\/option><option value=\"Ivory Coast\">Ivory Coast<\/option><option value=\"Jamaica\">Jamaica<\/option><option value=\"Japan\">Japan<\/option><option value=\"Jordan\">Jordan<\/option><option value=\"Kazakhstan\">Kazakhstan<\/option><option value=\"Kenya\">Kenya<\/option><option value=\"Kiribati\">Kiribati<\/option><option value=\"Korea North\">Korea North<\/option><option value=\"Korea South\">Korea South<\/option><option value=\"Kosovo\">Kosovo<\/option><option value=\"Kuwait\">Kuwait<\/option><option value=\"Kyrgyzstan\">Kyrgyzstan<\/option><option value=\"Laos\">Laos<\/option><option value=\"Latvia\">Latvia<\/option><option value=\"Lebanon\">Lebanon<\/option><option value=\"Lesotho\">Lesotho<\/option><option value=\"Liberia\">Liberia<\/option><option value=\"Libya\">Libya<\/option><option value=\"Liechtenstein\">Liechtenstein<\/option><option value=\"Lithuania\">Lithuania<\/option><option value=\"Luxembourg\">Luxembourg<\/option><option value=\"Macedonia\">Macedonia<\/option><option value=\"Madagascar\">Madagascar<\/option><option value=\"Malawi\">Malawi<\/option><option value=\"Malaysia\">Malaysia<\/option><option value=\"Maldives\">Maldives<\/option><option value=\"Mali\">Mali<\/option><option value=\"Malta\">Malta<\/option><option value=\"Marshall Islands\">Marshall Islands<\/option><option value=\"Mauritania\">Mauritania<\/option><option value=\"Mauritius\">Mauritius<\/option><option value=\"Mexico\">Mexico<\/option><option value=\"Micronesia\">Micronesia<\/option><option value=\"Moldova\">Moldova<\/option><option value=\"Monaco\">Monaco<\/option><option value=\"Mongolia\">Mongolia<\/option><option value=\"Montenegro\">Montenegro<\/option><option value=\"Morocco\">Morocco<\/option><option value=\"Mozambique\">Mozambique<\/option><option value=\"Myanmar, {Burma}\">Myanmar, {Burma}<\/option><option value=\"Namibia\">Namibia<\/option><option value=\"Nauru\">Nauru<\/option><option value=\"Nepal\">Nepal<\/option><option value=\"Netherlands\">Netherlands<\/option><option value=\"New Zealand\">New Zealand<\/option><option value=\"Nicaragua\">Nicaragua<\/option><option value=\"Niger\">Niger<\/option><option value=\"Nigeria\">Nigeria<\/option><option value=\"Norway\">Norway<\/option><option value=\"Oman\">Oman<\/option><option value=\"Pakistan\">Pakistan<\/option><option value=\"Palau\">Palau<\/option><option value=\"Panama\">Panama<\/option><option value=\"Papua New Guinea\">Papua New Guinea<\/option><option value=\"Paraguay\">Paraguay<\/option><option value=\"Peru\">Peru<\/option><option value=\"Philippines\">Philippines<\/option><option value=\"Poland\">Poland<\/option><option value=\"Portugal\">Portugal<\/option><option value=\"Qatar\">Qatar<\/option><option value=\"Romania\">Romania<\/option><option value=\"Russian Federation\">Russian Federation<\/option><option value=\"Rwanda\">Rwanda<\/option><option value=\"St Kitts &amp; Nevis\">St Kitts &amp; Nevis<\/option><option value=\"St Lucia\">St Lucia<\/option><option value=\"Saint Vincent &amp; the Grenadines\">Saint Vincent &amp; the Grenadines<\/option><option value=\"Samoa\">Samoa<\/option><option value=\"San Marino\">San Marino<\/option><option value=\"Sao Tome &amp; Principe\">Sao Tome &amp; Principe<\/option><option value=\"Saudi Arabia\">Saudi Arabia<\/option><option value=\"Senegal\">Senegal<\/option><option value=\"Serbia\">Serbia<\/option><option value=\"Seychelles\">Seychelles<\/option><option value=\"Sierra Leone\">Sierra Leone<\/option><option value=\"Singapore\">Singapore<\/option><option value=\"Slovakia\">Slovakia<\/option><option value=\"Slovenia\">Slovenia<\/option><option value=\"Solomon Islands\">Solomon Islands<\/option><option value=\"Somalia\">Somalia<\/option><option value=\"South Africa\">South Africa<\/option><option value=\"Spain\">Spain<\/option><option value=\"Sri Lanka\">Sri Lanka<\/option><option value=\"Sudan\">Sudan<\/option><option value=\"Suriname\">Suriname<\/option><option value=\"Swaziland\">Swaziland<\/option><option value=\"Sweden\">Sweden<\/option><option value=\"Switzerland\">Switzerland<\/option><option value=\"Syria\">Syria<\/option><option value=\"Taiwan\">Taiwan<\/option><option value=\"Tajikistan\">Tajikistan<\/option><option value=\"Tanzania\">Tanzania<\/option><option value=\"Thailand\">Thailand<\/option><option value=\"Togo\">Togo<\/option><option value=\"Tonga\">Tonga<\/option><option value=\"Trinidad &amp; Tobago\">Trinidad &amp; Tobago<\/option><option value=\"Tunisia\">Tunisia<\/option><option value=\"Turkey\">Turkey<\/option><option value=\"Turkmenistan\">Turkmenistan<\/option><option value=\"Tuvalu\">Tuvalu<\/option><option value=\"Uganda\">Uganda<\/option><option value=\"Ukraine\">Ukraine<\/option><option value=\"United Arab Emirates\">United Arab Emirates<\/option><option value=\"United Kingdom\">United Kingdom<\/option><option value=\"United States\">United States<\/option><option value=\"Uruguay\">Uruguay<\/option><option value=\"Uzbekistan\">Uzbekistan<\/option><option value=\"Vanuatu\">Vanuatu<\/option><option value=\"Vatican City\">Vatican City<\/option><option value=\"Venezuela\">Venezuela<\/option><option value=\"Vietnam\">Vietnam<\/option><option value=\"Yemen\">Yemen<\/option><option value=\"Zambia\">Zambia<\/option><option value=\"Zimbabwe\">Zimbabwe<\/option><\/select><\/span>\n\t\t\t<\/p>\n\t\t<\/td>\n\t<\/tr>\n\t<tr>\n\t\t<td>\n\t\t\t<p>V\u00e1\u0161 Email <span class=\"red\">*<\/span>\n\t\t\t<\/p>\n\t\t<\/td>\n\t\t<td>\n\t\t\t<p><span class=\"wpcf7-form-control-wrap\" data-name=\"your-email\"><input size=\"40\" class=\"wpcf7-form-control wpcf7-text wpcf7-email wpcf7-validates-as-required wpcf7-validates-as-email\" aria-required=\"true\" aria-invalid=\"false\" value=\"\" type=\"email\" name=\"your-email\" \/><\/span>\n\t\t\t<\/p>\n\t\t<\/td>\n\t<\/tr>\n\t<tr>\n\t\t<td>\n\t\t\t<p>Telef\u00f3n\n\t\t\t<\/p>\n\t\t<\/td>\n\t\t<td>\n\t\t\t<p><span class=\"wpcf7-form-control-wrap\" data-name=\"phone\"><input size=\"40\" class=\"wpcf7-form-control wpcf7-text\" aria-invalid=\"false\" value=\"\" type=\"text\" name=\"phone\" \/><\/span>\n\t\t\t<\/p>\n\t\t<\/td>\n\t<\/tr>\n\t<tr>\n\t\t<td>\n\t\t\t<p>Po\u010det os\u00f4b\n\t\t\t<\/p>\n\t\t<\/td>\n\t\t<td>\n\t\t\t<p><span class=\"wpcf7-form-control-wrap\" data-name=\"number_of_person\"><input size=\"40\" class=\"wpcf7-form-control wpcf7-text\" aria-invalid=\"false\" value=\"\" type=\"text\" name=\"number_of_person\" \/><\/span>\n\t\t\t<\/p>\n\t\t<\/td>\n\t<\/tr>\n\t<tr>\n\t\t<td>\n\t\t\t<p>D\u00e1tum\n\t\t\t<\/p>\n\t\t<\/td>\n\t\t<td>\n\t\t\t<p><span class=\"wpcf7-form-control-wrap\" data-name=\"date\"><input size=\"40\" class=\"wpcf7-form-control wpcf7-text\" aria-invalid=\"false\" value=\"\" type=\"text\" name=\"date\" \/><\/span>\n\t\t\t<\/p>\n\t\t<\/td>\n\t<\/tr>\n\t<tr valign=\"top\">\n\t\t<td valign=\"top\">\n\t\t\t<p>Pozn\u00e1mky\n\t\t\t<\/p>\n\t\t<\/td>\n\t\t<td>\n\t\t\t<p><span class=\"wpcf7-form-control-wrap\" data-name=\"your-message\"><textarea cols=\"40\" rows=\"10\" class=\"wpcf7-form-control wpcf7-textarea\" aria-invalid=\"false\" name=\"your-message\"><\/textarea><\/span>\n\t\t\t<\/p>\n\t\t<\/td>\n\t<\/tr>\n\t<tr>\n\t\t<td>\n\t\t\t<p>Odp\u00ed\u0161te overovac\u00ed k\u00f3d<span class=\"red\">*<\/span>\n\t\t\t<\/p>\n\t\t<\/td>\n\t\t<td>\n\t\t\t<p><input type=\"hidden\" name=\"_wpcf7_captcha_challenge_captcha-817\" value=\"2689176873\" \/><img class=\"wpcf7-form-control wpcf7-captchac wpcf7-captcha-captcha-817\" width=\"72\" height=\"24\" alt=\"captcha\" src=\"https:\/\/www.enjoyslovakiasoul.com\/wp-content\/uploads\/wpcf7_captcha\/2689176873.png\" \/>\n\t\t\t<\/p>\n\t\t\t<p><span class=\"wpcf7-form-control-wrap\" data-name=\"captcha-817\"><input size=\"40\" class=\"wpcf7-form-control wpcf7-captchar\" autocomplete=\"off\" aria-invalid=\"false\" value=\"\" type=\"text\" name=\"captcha-817\" \/><\/span>\n\t\t\t<\/p>\n\t\t<\/td>\n\t<\/tr>\n\t<tr>\n\t\t<td>\n\t\t<\/td>\n\t\t<td>\n\t\t\t<p><input class=\"wpcf7-form-control has-spinner wpcf7-submit\" type=\"submit\" value=\"Odosla\u0165\" \/>\n\t\t\t<\/p>\n\t\t<\/td>\n\t<\/tr>\n<\/table><div class=\"wpcf7-response-output\" aria-hidden=\"true\"><\/div>\n<\/form>\n<\/div>\n<\/div>\n<div>V pr\u00edpade, ak m\u00e1te ak\u00e9ko\u013evek ot\u00e1zky, pros\u00edme V\u00e1s, aby ste n\u00e1s informovali o Va\u0161ich ot\u00e1zkach vo formul\u00e1ry, alebo aby ste n\u00e1s kontaktovali na: <span style=\"text-decoration: underline;\">info@enjoyslovakiasoul.com<\/span>, pr\u00edpadne telefonicky na: 0904 292 468.<\/div>\n<form action=\"https:\/\/www.paypal.com\/cgi-bin\/webscr\" method=\"post\">\n<p><input type=\"hidden\" name=\"cmd\" value=\"_s-xclick\" \/><\/p>\n<p><input type=\"hidden\" name=\"hosted_button_id\" value=\"3C2ZE524KLY4Q\" \/><\/p>\n<p><img decoding=\"async\" loading=\"lazy\" src=\"https:\/\/www.paypalobjects.com\/en_US\/i\/scr\/pixel.gif\" alt=\"\" width=\"1\" height=\"1\" border=\"0\" \/><\/p>\n<\/form>\n<p><\/p>","protected":false},"excerpt":{"rendered":"<p>Kliknite na tla\u010didlo &#8222;Platit teraz (PAY NOW)&#8220; tla\u010didlo v hornej \u010dasti str\u00e1nky, zadajte sumu v eur\u00e1ch na \u013eavej strane. Ak ste si vybrali jeden z na\u0161ich v\u00fdletov, pros\u00edme, vypl\u0148te dole uveden\u00fd formul\u00e1r a EST Frontier Slovakia\u00a0V\u00e1s v kr\u00e1tkom \u010dase bude kontaktova\u0165. Rezervovac\u00ed formul\u00e1r V pr\u00edpade, ak m\u00e1te ak\u00e9ko\u013evek ot\u00e1zky, pros\u00edme V\u00e1s, aby ste n\u00e1s informovali [&hellip;]<\/p>\n","protected":false},"author":1,"featured_media":0,"parent":0,"menu_order":0,"comment_status":"open","ping_status":"open","template":"","meta":{"ngg_post_thumbnail":0},"yoast_head":"<!-- This site is optimized with the Yoast SEO plugin v20.3 - https:\/\/yoast.com\/wordpress\/plugins\/seo\/ -->\n<title>Rezerv\u00e1cia - EST Frontier Slovakia<\/title>\n<meta name=\"robots\" content=\"index, follow, max-snippet:-1, max-image-preview:large, max-video-preview:-1\" \/>\n<link rel=\"canonical\" href=\"https:\/\/www.enjoyslovakiasoul.com\/inquiry-form\/\" \/>\n<meta property=\"og:locale\" content=\"sk_SK\" \/>\n<meta property=\"og:type\" content=\"article\" \/>\n<meta property=\"og:title\" content=\"Rezerv\u00e1cia - EST Frontier Slovakia\" \/>\n<meta property=\"og:description\" content=\"Kliknite na tla\u010didlo &#8222;Platit teraz (PAY NOW)&#8220; tla\u010didlo v hornej \u010dasti str\u00e1nky, zadajte sumu v eur\u00e1ch na \u013eavej strane. Ak ste si vybrali jeden z na\u0161ich v\u00fdletov, pros\u00edme, vypl\u0148te dole uveden\u00fd formul\u00e1r a EST Frontier Slovakia\u00a0V\u00e1s v kr\u00e1tkom \u010dase bude kontaktova\u0165. Rezervovac\u00ed formul\u00e1r V pr\u00edpade, ak m\u00e1te ak\u00e9ko\u013evek ot\u00e1zky, pros\u00edme V\u00e1s, aby ste n\u00e1s informovali [&hellip;]\" \/>\n<meta property=\"og:url\" content=\"https:\/\/www.enjoyslovakiasoul.com\/inquiry-form\/\" \/>\n<meta property=\"og:site_name\" content=\"EST Frontier Slovakia\" \/>\n<meta property=\"article:modified_time\" content=\"2013-07-01T20:23:21+00:00\" \/>\n<meta property=\"og:image\" content=\"https:\/\/www.paypalobjects.com\/en_US\/i\/scr\/pixel.gif\" \/>\n<meta name=\"twitter:card\" content=\"summary_large_image\" \/>\n<meta name=\"twitter:label1\" content=\"Predpokladan\u00fd \u010das \u010d\u00edtania\" \/>\n\t<meta name=\"twitter:data1\" content=\"2 min\u00faty\" \/>\n<script type=\"application\/ld+json\" class=\"yoast-schema-graph\">{\"@context\":\"https:\/\/schema.org\",\"@graph\":[{\"@type\":\"WebPage\",\"@id\":\"https:\/\/www.enjoyslovakiasoul.com\/inquiry-form\/\",\"url\":\"https:\/\/www.enjoyslovakiasoul.com\/inquiry-form\/\",\"name\":\"Rezerv\u00e1cia - EST Frontier Slovakia\",\"isPartOf\":{\"@id\":\"https:\/\/www.enjoyslovakiasoul.com\/#website\"},\"datePublished\":\"2011-05-17T05:00:06+00:00\",\"dateModified\":\"2013-07-01T20:23:21+00:00\",\"breadcrumb\":{\"@id\":\"https:\/\/www.enjoyslovakiasoul.com\/inquiry-form\/#breadcrumb\"},\"inLanguage\":\"sk-SK\",\"potentialAction\":[{\"@type\":\"ReadAction\",\"target\":[\"https:\/\/www.enjoyslovakiasoul.com\/inquiry-form\/\"]}]},{\"@type\":\"BreadcrumbList\",\"@id\":\"https:\/\/www.enjoyslovakiasoul.com\/inquiry-form\/#breadcrumb\",\"itemListElement\":[{\"@type\":\"ListItem\",\"position\":1,\"name\":\"Home\",\"item\":\"https:\/\/www.enjoyslovakiasoul.com\/\"},{\"@type\":\"ListItem\",\"position\":2,\"name\":\"Booking\"}]},{\"@type\":\"WebSite\",\"@id\":\"https:\/\/www.enjoyslovakiasoul.com\/#website\",\"url\":\"https:\/\/www.enjoyslovakiasoul.com\/\",\"name\":\"EST Frontier Slovakia\",\"description\":\"Fun, Relax, Adventure\",\"potentialAction\":[{\"@type\":\"SearchAction\",\"target\":{\"@type\":\"EntryPoint\",\"urlTemplate\":\"https:\/\/www.enjoyslovakiasoul.com\/?s={search_term_string}\"},\"query-input\":\"required name=search_term_string\"}],\"inLanguage\":\"sk-SK\"}]}<\/script>\n<!-- \/ Yoast SEO plugin. -->","yoast_head_json":{"title":"Rezerv\u00e1cia - EST Frontier Slovakia","robots":{"index":"index","follow":"follow","max-snippet":"max-snippet:-1","max-image-preview":"max-image-preview:large","max-video-preview":"max-video-preview:-1"},"canonical":"https:\/\/www.enjoyslovakiasoul.com\/inquiry-form\/","og_locale":"sk_SK","og_type":"article","og_title":"Rezerv\u00e1cia - EST Frontier Slovakia","og_description":"Kliknite na tla\u010didlo &#8222;Platit teraz (PAY NOW)&#8220; tla\u010didlo v hornej \u010dasti str\u00e1nky, zadajte sumu v eur\u00e1ch na \u013eavej strane. Ak ste si vybrali jeden z na\u0161ich v\u00fdletov, pros\u00edme, vypl\u0148te dole uveden\u00fd formul\u00e1r a EST Frontier Slovakia\u00a0V\u00e1s v kr\u00e1tkom \u010dase bude kontaktova\u0165. Rezervovac\u00ed formul\u00e1r V pr\u00edpade, ak m\u00e1te ak\u00e9ko\u013evek ot\u00e1zky, pros\u00edme V\u00e1s, aby ste n\u00e1s informovali [&hellip;]","og_url":"https:\/\/www.enjoyslovakiasoul.com\/inquiry-form\/","og_site_name":"EST Frontier Slovakia","article_modified_time":"2013-07-01T20:23:21+00:00","og_image":[{"url":"https:\/\/www.paypalobjects.com\/en_US\/i\/scr\/pixel.gif"}],"twitter_card":"summary_large_image","twitter_misc":{"Predpokladan\u00fd \u010das \u010d\u00edtania":"2 min\u00faty"},"schema":{"@context":"https:\/\/schema.org","@graph":[{"@type":"WebPage","@id":"https:\/\/www.enjoyslovakiasoul.com\/inquiry-form\/","url":"https:\/\/www.enjoyslovakiasoul.com\/inquiry-form\/","name":"Rezerv\u00e1cia - EST Frontier Slovakia","isPartOf":{"@id":"https:\/\/www.enjoyslovakiasoul.com\/#website"},"datePublished":"2011-05-17T05:00:06+00:00","dateModified":"2013-07-01T20:23:21+00:00","breadcrumb":{"@id":"https:\/\/www.enjoyslovakiasoul.com\/inquiry-form\/#breadcrumb"},"inLanguage":"sk-SK","potentialAction":[{"@type":"ReadAction","target":["https:\/\/www.enjoyslovakiasoul.com\/inquiry-form\/"]}]},{"@type":"BreadcrumbList","@id":"https:\/\/www.enjoyslovakiasoul.com\/inquiry-form\/#breadcrumb","itemListElement":[{"@type":"ListItem","position":1,"name":"Home","item":"https:\/\/www.enjoyslovakiasoul.com\/"},{"@type":"ListItem","position":2,"name":"Booking"}]},{"@type":"WebSite","@id":"https:\/\/www.enjoyslovakiasoul.com\/#website","url":"https:\/\/www.enjoyslovakiasoul.com\/","name":"EST Frontier Slovakia","description":"Fun, Relax, Adventure","potentialAction":[{"@type":"SearchAction","target":{"@type":"EntryPoint","urlTemplate":"https:\/\/www.enjoyslovakiasoul.com\/?s={search_term_string}"},"query-input":"required name=search_term_string"}],"inLanguage":"sk-SK"}]}},"_links":{"self":[{"href":"https:\/\/www.enjoyslovakiasoul.com\/sk\/wp-json\/wp\/v2\/pages\/107"}],"collection":[{"href":"https:\/\/www.enjoyslovakiasoul.com\/sk\/wp-json\/wp\/v2\/pages"}],"about":[{"href":"https:\/\/www.enjoyslovakiasoul.com\/sk\/wp-json\/wp\/v2\/types\/page"}],"author":[{"embeddable":true,"href":"https:\/\/www.enjoyslovakiasoul.com\/sk\/wp-json\/wp\/v2\/users\/1"}],"replies":[{"embeddable":true,"href":"https:\/\/www.enjoyslovakiasoul.com\/sk\/wp-json\/wp\/v2\/comments?post=107"}],"version-history":[{"count":25,"href":"https:\/\/www.enjoyslovakiasoul.com\/sk\/wp-json\/wp\/v2\/pages\/107\/revisions"}],"predecessor-version":[{"id":152,"href":"https:\/\/www.enjoyslovakiasoul.com\/sk\/wp-json\/wp\/v2\/pages\/107\/revisions\/152"}],"wp:attachment":[{"href":"https:\/\/www.enjoyslovakiasoul.com\/sk\/wp-json\/wp\/v2\/media?parent=107"}],"curies":[{"name":"wp","href":"https:\/\/api.w.org\/{rel}","templated":true}]}}