
{"id":112,"date":"2011-05-17T05:19:15","date_gmt":"2011-05-17T05:19:15","guid":{"rendered":"http:\/\/www.enjoyslovakiasoul.com\/?page_id=112"},"modified":"2011-05-21T21:09:48","modified_gmt":"2011-05-21T21:09:48","slug":"winter-time","status":"publish","type":"page","link":"https:\/\/www.enjoyslovakiasoul.com\/sk\/winter-time\/","title":{"rendered":"U\u017ei si leto"},"content":{"rendered":"<p><strong>SLOVENSKO- IDE\u00c1LNA LETN\u00c1 DOVOLENKA V EUR\u00d3PE<\/strong><\/p>\n<p>Slovensko je \u00fa\u017easne kr\u00e1sna krajina a \u017eiadne turistick\u00e9 miesto v tomto  svete sa nikdy nem\u00f4\u017ee porovn\u00e1va\u0165 vo svojej kr\u00e1se a p\u00f4vabe. Kr\u00e1sne hory  Z\u00e1padn\u00fdch, Vysok\u00fdch a N\u00edzkych Tatier, na\u0161ich slovensk\u00fdch \u00e1lp, ok\u00fazluj\u00face  horsk\u00e9 dediny, dobrosrde\u010dn\u00fd \u013eudia, ohromuj\u00face zelen\u00e9 lazy a pasienky,  n\u00e1dhern\u00e9 vyhliadkov\u00e9 jazdy, naozaj robia Slovensko vyh\u013ead\u00e1vanou  turistickou destin\u00e1ciou na celom svete. Je to \u00fa\u017easn\u00e1 krajina a mnoho  turistov z cel\u00e9ho sveta prich\u00e1dza na v\u00fdlet pr\u00e1ve na Slovensko zdie\u013ea\u0165  magick\u00e9 chv\u00edle l\u00e1sky a radosti v n\u00e1dhernom a nezabudnute\u013enom raji na  zemi.Slovensko je domovom mnoh\u00fdch o\u010daruj\u00facich a fascinuj\u00facich pamiatok.  Cestovn\u00fd ruch pon\u00faka turistom n\u00e1dhern\u00fa pr\u00edle\u017eitos\u0165 spozna\u0165 kr\u00e1su tejto  sc\u00e9nickej krajiny, atrakcie, hist\u00f3riu, \u0161porty, trad\u00edcie, lok\u00e1lne miesta,  ktor\u00e9 n\u00e1jde\u0161 na n\u00e1dhern\u00fdch a nezabudnute\u013en\u00fdch cest\u00e1ch najm\u00e4 po  regi\u00f3noch Orava a Liptov. Na z\u00e1jazdoch po Slovensku mo\u017eno za\u017ei\u0165 n\u00e1dheru  okolitej malebnej pr\u00edrody, n\u00e1dhern\u00e9 turistick\u00e9 zauj\u00edmavosti a pr\u00edjemn\u00e9  klimatick\u00e9 podmienky, ktor\u00e9 vytvoria naozaj nezabudnute\u013en\u00e9 chv\u00edle. Tak  pr\u00ed\u010fte a u\u017eite si nezabudnute\u013en\u00e9 pr\u00edjemn\u00e9 spomienky a\u00a0z\u00e1\u017eitky, ktor\u00e9 v\u00e1m  ostan\u00fa v\u00a0pam\u00e4ti ve\u013emi dlho a\u00a0ur\u010dite na\u0161u mal\u00fa ve\u013ek\u00fa krajinu nav\u0161t\u00edvite  op\u00e4\u0165.<\/p>\n<p><a href=\"http:\/\/www.enjoyslovakiasoul.com\/wp-content\/uploads\/Zmena110.jpg\"><img decoding=\"async\" loading=\"lazy\" title=\"Enjoy Slovakia Tours\" src=\"http:\/\/www.enjoyslovakiasoul.com\/wp-content\/uploads\/Zmena110-150x150.jpg\" alt=\"\" width=\"150\" height=\"150\" \/><\/a> <a href=\"http:\/\/www.enjoyslovakiasoul.com\/wp-content\/uploads\/Pri-Vysnych-Ruzbachoch-Jarosslav.jpg\"><img decoding=\"async\" loading=\"lazy\" class=\"alignleft\" title=\"Slovakia\" src=\"http:\/\/www.enjoyslovakiasoul.com\/wp-content\/uploads\/Pri-Vysnych-Ruzbachoch-Jarosslav-150x150.jpg\" alt=\"\" width=\"150\" height=\"150\" \/><\/a><a href=\"http:\/\/www.enjoyslovakiasoul.com\/wp-content\/uploads\/Nordic_Walking_am_See_01.jpg\"><img decoding=\"async\" loading=\"lazy\" class=\"alignleft\" title=\"Enjoy Slovakia Tours\" src=\"http:\/\/www.enjoyslovakiasoul.com\/wp-content\/uploads\/Nordic_Walking_am_See_01-150x150.jpg\" alt=\"\" width=\"150\" height=\"150\" \/><\/a><\/p>","protected":false},"excerpt":{"rendered":"<p>SLOVENSKO- IDE\u00c1LNA LETN\u00c1 DOVOLENKA V EUR\u00d3PE Slovensko je \u00fa\u017easne kr\u00e1sna krajina a \u017eiadne turistick\u00e9 miesto v tomto svete sa nikdy nem\u00f4\u017ee porovn\u00e1va\u0165 vo svojej kr\u00e1se a p\u00f4vabe. Kr\u00e1sne hory Z\u00e1padn\u00fdch, Vysok\u00fdch a N\u00edzkych Tatier, na\u0161ich slovensk\u00fdch \u00e1lp, ok\u00fazluj\u00face horsk\u00e9 dediny, dobrosrde\u010dn\u00fd \u013eudia, ohromuj\u00face zelen\u00e9 lazy a pasienky, n\u00e1dhern\u00e9 vyhliadkov\u00e9 jazdy, naozaj robia Slovensko vyh\u013ead\u00e1vanou turistickou [&hellip;]<\/p>\n","protected":false},"author":1,"featured_media":0,"parent":0,"menu_order":0,"comment_status":"open","ping_status":"open","template":"","meta":{"ngg_post_thumbnail":0},"yoast_head":"<!-- This site is optimized with the Yoast SEO plugin v20.3 - https:\/\/yoast.com\/wordpress\/plugins\/seo\/ -->\n<title>U\u017ei si leto - EST Frontier Slovakia<\/title>\n<meta name=\"robots\" content=\"index, follow, max-snippet:-1, max-image-preview:large, max-video-preview:-1\" \/>\n<link rel=\"canonical\" href=\"https:\/\/www.enjoyslovakiasoul.com\/sk\/winter-time\/\" \/>\n<meta property=\"og:locale\" content=\"sk_SK\" \/>\n<meta property=\"og:type\" content=\"article\" \/>\n<meta property=\"og:title\" content=\"U\u017ei si leto - EST Frontier Slovakia\" \/>\n<meta property=\"og:description\" content=\"SLOVENSKO- IDE\u00c1LNA LETN\u00c1 DOVOLENKA V EUR\u00d3PE Slovensko je \u00fa\u017easne kr\u00e1sna krajina a \u017eiadne turistick\u00e9 miesto v tomto svete sa nikdy nem\u00f4\u017ee porovn\u00e1va\u0165 vo svojej kr\u00e1se a p\u00f4vabe. Kr\u00e1sne hory Z\u00e1padn\u00fdch, Vysok\u00fdch a N\u00edzkych Tatier, na\u0161ich slovensk\u00fdch \u00e1lp, ok\u00fazluj\u00face horsk\u00e9 dediny, dobrosrde\u010dn\u00fd \u013eudia, ohromuj\u00face zelen\u00e9 lazy a pasienky, n\u00e1dhern\u00e9 vyhliadkov\u00e9 jazdy, naozaj robia Slovensko vyh\u013ead\u00e1vanou turistickou [&hellip;]\" \/>\n<meta property=\"og:url\" content=\"https:\/\/www.enjoyslovakiasoul.com\/sk\/winter-time\/\" \/>\n<meta property=\"og:site_name\" content=\"EST Frontier Slovakia\" \/>\n<meta property=\"article:modified_time\" content=\"2011-05-21T21:09:48+00:00\" \/>\n<meta property=\"og:image\" content=\"http:\/\/www.enjoyslovakiasoul.com\/wp-content\/uploads\/Zmena110-150x150.jpg\" \/>\n<meta name=\"twitter:card\" content=\"summary_large_image\" \/>\n<meta name=\"twitter:label1\" content=\"Predpokladan\u00fd \u010das \u010d\u00edtania\" \/>\n\t<meta name=\"twitter:data1\" content=\"2 min\u00faty\" \/>\n<script type=\"application\/ld+json\" class=\"yoast-schema-graph\">{\"@context\":\"https:\/\/schema.org\",\"@graph\":[{\"@type\":\"WebPage\",\"@id\":\"https:\/\/www.enjoyslovakiasoul.com\/sk\/winter-time\/\",\"url\":\"https:\/\/www.enjoyslovakiasoul.com\/sk\/winter-time\/\",\"name\":\"U\u017ei si leto - EST Frontier Slovakia\",\"isPartOf\":{\"@id\":\"https:\/\/www.enjoyslovakiasoul.com\/#website\"},\"datePublished\":\"2011-05-17T05:19:15+00:00\",\"dateModified\":\"2011-05-21T21:09:48+00:00\",\"breadcrumb\":{\"@id\":\"https:\/\/www.enjoyslovakiasoul.com\/sk\/winter-time\/#breadcrumb\"},\"inLanguage\":\"sk-SK\",\"potentialAction\":[{\"@type\":\"ReadAction\",\"target\":[\"https:\/\/www.enjoyslovakiasoul.com\/sk\/winter-time\/\"]}]},{\"@type\":\"BreadcrumbList\",\"@id\":\"https:\/\/www.enjoyslovakiasoul.com\/sk\/winter-time\/#breadcrumb\",\"itemListElement\":[{\"@type\":\"ListItem\",\"position\":1,\"name\":\"Home\",\"item\":\"https:\/\/www.enjoyslovakiasoul.com\/\"},{\"@type\":\"ListItem\",\"position\":2,\"name\":\"U\u017ei si leto\"}]},{\"@type\":\"WebSite\",\"@id\":\"https:\/\/www.enjoyslovakiasoul.com\/#website\",\"url\":\"https:\/\/www.enjoyslovakiasoul.com\/\",\"name\":\"EST Frontier Slovakia\",\"description\":\"Fun, Relax, Adventure\",\"potentialAction\":[{\"@type\":\"SearchAction\",\"target\":{\"@type\":\"EntryPoint\",\"urlTemplate\":\"https:\/\/www.enjoyslovakiasoul.com\/?s={search_term_string}\"},\"query-input\":\"required name=search_term_string\"}],\"inLanguage\":\"sk-SK\"}]}<\/script>\n<!-- \/ Yoast SEO plugin. -->","yoast_head_json":{"title":"U\u017ei si leto - EST Frontier Slovakia","robots":{"index":"index","follow":"follow","max-snippet":"max-snippet:-1","max-image-preview":"max-image-preview:large","max-video-preview":"max-video-preview:-1"},"canonical":"https:\/\/www.enjoyslovakiasoul.com\/sk\/winter-time\/","og_locale":"sk_SK","og_type":"article","og_title":"U\u017ei si leto - EST Frontier Slovakia","og_description":"SLOVENSKO- IDE\u00c1LNA LETN\u00c1 DOVOLENKA V EUR\u00d3PE Slovensko je \u00fa\u017easne kr\u00e1sna krajina a \u017eiadne turistick\u00e9 miesto v tomto svete sa nikdy nem\u00f4\u017ee porovn\u00e1va\u0165 vo svojej kr\u00e1se a p\u00f4vabe. Kr\u00e1sne hory Z\u00e1padn\u00fdch, Vysok\u00fdch a N\u00edzkych Tatier, na\u0161ich slovensk\u00fdch \u00e1lp, ok\u00fazluj\u00face horsk\u00e9 dediny, dobrosrde\u010dn\u00fd \u013eudia, ohromuj\u00face zelen\u00e9 lazy a pasienky, n\u00e1dhern\u00e9 vyhliadkov\u00e9 jazdy, naozaj robia Slovensko vyh\u013ead\u00e1vanou turistickou [&hellip;]","og_url":"https:\/\/www.enjoyslovakiasoul.com\/sk\/winter-time\/","og_site_name":"EST Frontier Slovakia","article_modified_time":"2011-05-21T21:09:48+00:00","og_image":[{"url":"http:\/\/www.enjoyslovakiasoul.com\/wp-content\/uploads\/Zmena110-150x150.jpg"}],"twitter_card":"summary_large_image","twitter_misc":{"Predpokladan\u00fd \u010das \u010d\u00edtania":"2 min\u00faty"},"schema":{"@context":"https:\/\/schema.org","@graph":[{"@type":"WebPage","@id":"https:\/\/www.enjoyslovakiasoul.com\/sk\/winter-time\/","url":"https:\/\/www.enjoyslovakiasoul.com\/sk\/winter-time\/","name":"U\u017ei si leto - EST Frontier Slovakia","isPartOf":{"@id":"https:\/\/www.enjoyslovakiasoul.com\/#website"},"datePublished":"2011-05-17T05:19:15+00:00","dateModified":"2011-05-21T21:09:48+00:00","breadcrumb":{"@id":"https:\/\/www.enjoyslovakiasoul.com\/sk\/winter-time\/#breadcrumb"},"inLanguage":"sk-SK","potentialAction":[{"@type":"ReadAction","target":["https:\/\/www.enjoyslovakiasoul.com\/sk\/winter-time\/"]}]},{"@type":"BreadcrumbList","@id":"https:\/\/www.enjoyslovakiasoul.com\/sk\/winter-time\/#breadcrumb","itemListElement":[{"@type":"ListItem","position":1,"name":"Home","item":"https:\/\/www.enjoyslovakiasoul.com\/"},{"@type":"ListItem","position":2,"name":"U\u017ei si leto"}]},{"@type":"WebSite","@id":"https:\/\/www.enjoyslovakiasoul.com\/#website","url":"https:\/\/www.enjoyslovakiasoul.com\/","name":"EST Frontier Slovakia","description":"Fun, Relax, Adventure","potentialAction":[{"@type":"SearchAction","target":{"@type":"EntryPoint","urlTemplate":"https:\/\/www.enjoyslovakiasoul.com\/?s={search_term_string}"},"query-input":"required name=search_term_string"}],"inLanguage":"sk-SK"}]}},"_links":{"self":[{"href":"https:\/\/www.enjoyslovakiasoul.com\/sk\/wp-json\/wp\/v2\/pages\/112"}],"collection":[{"href":"https:\/\/www.enjoyslovakiasoul.com\/sk\/wp-json\/wp\/v2\/pages"}],"about":[{"href":"https:\/\/www.enjoyslovakiasoul.com\/sk\/wp-json\/wp\/v2\/types\/page"}],"author":[{"embeddable":true,"href":"https:\/\/www.enjoyslovakiasoul.com\/sk\/wp-json\/wp\/v2\/users\/1"}],"replies":[{"embeddable":true,"href":"https:\/\/www.enjoyslovakiasoul.com\/sk\/wp-json\/wp\/v2\/comments?post=112"}],"version-history":[{"count":4,"href":"https:\/\/www.enjoyslovakiasoul.com\/sk\/wp-json\/wp\/v2\/pages\/112\/revisions"}],"predecessor-version":[{"id":841,"href":"https:\/\/www.enjoyslovakiasoul.com\/sk\/wp-json\/wp\/v2\/pages\/112\/revisions\/841"}],"wp:attachment":[{"href":"https:\/\/www.enjoyslovakiasoul.com\/sk\/wp-json\/wp\/v2\/media?parent=112"}],"curies":[{"name":"wp","href":"https:\/\/api.w.org\/{rel}","templated":true}]}}