
{"id":115,"date":"2011-05-17T05:19:51","date_gmt":"2011-05-17T05:19:51","guid":{"rendered":"http:\/\/www.enjoyslovakiasoul.com\/?page_id=115"},"modified":"2011-05-21T21:07:54","modified_gmt":"2011-05-21T21:07:54","slug":"winter-time-2","status":"publish","type":"page","link":"https:\/\/www.enjoyslovakiasoul.com\/sk\/winter-time-2\/","title":{"rendered":"U\u017ei si zimu"},"content":{"rendered":"<p>Jeden z najkraj\u0161\u00edch turistick\u00fdch zimn\u00fdch miest na svete. Slovensko je idolom mnoh\u00fdch turistov a milovn\u00edkov pr\u00edrody. Je to jedno z tak\u00fdch miest, ktor\u00e9 je skuto\u010dne porovnate\u013en\u00e9 s &#8222;rajom na Zemi&#8220; a pon\u00faka naozaj skvel\u00fa pr\u00edle\u017eitos\u0165 u\u017ei\u0165 si dovolenku v n\u00e1dhernej a nezabudnute\u013enej atmosf\u00e9re v zimnom obdob\u00ed. N\u00e1dhern\u00fd v\u00fdh\u013ead na zasne\u017een\u00e9 Tatry, na &#8222;alpskej&#8220; dediny, \u010d\u00edre pr\u00edrodn\u00e9 kr\u00e1sy, ktor\u00e9 s\u00fa magnetom pre ve\u013ek\u00fd po\u010det n\u00e1v\u0161tevn\u00edkov z cel\u00e9ho sveta.<\/p>\n<p>Od novembra do m\u00e1j, tu je ly\u017eiarska sez\u00f3na. Ak m\u00e1te radi ly\u017eovanie, snowboarding, be\u017ekovanie, v\u00fdlety na sne\u017eniciach, alebo skialping budete to tu milova\u0165. Slovensko m\u00e1 mnoh\u00e9 skvel\u00e9 stredisk\u00e1, dobr\u00e9 snehov\u00e9 podmienky a mnoho slne\u010dn\u00fdch dn\u00ed v hor\u00e1ch. Vianoce a febru\u00e1r s\u00fa najru\u0161nej\u0161ie obdobie roka, ako aj cel\u00e1 Eur\u00f3pa, ale inokedy v zime to je \u00a0relat\u00edvne pokojn\u00e9 na \u00fa\u017e\u00edvanie si snehu. Pre nely\u017eiarov s\u00fa tu mnoh\u00e9 sc\u00e9nick\u00e9 lanovky, \u0161porty a r\u00f4zny druh z\u00e1bavy. M\u00e1j a j\u00fan, je najlep\u0161\u00ed \u010das na kvety, pe\u0161iu turistiku, cykloturistiku no tie\u017e pre mnoho pe\u0161\u00edch chodn\u00edkov. Ni\u017e\u0161ia cena letenky po\u010das zimy m\u00f4\u017ee t\u00fato cestu na Slovensko urobi\u0165 e\u0161te ove\u013ea viac dostupnou.<\/p>\n<p>&nbsp;<\/p>\n<p><a href=\"http:\/\/www.enjoyslovakiasoul.com\/wp-content\/uploads\/Fun.jpg\"><img decoding=\"async\" loading=\"lazy\" class=\"alignleft size-thumbnail wp-image-833\" title=\"Fun\" src=\"http:\/\/www.enjoyslovakiasoul.com\/wp-content\/uploads\/Fun-150x150.jpg\" alt=\"\" width=\"150\" height=\"150\" \/><\/a> <a href=\"http:\/\/www.enjoyslovakiasoul.com\/wp-content\/uploads\/Enjoy-Slovakia-Tours.jpg\"><img decoding=\"async\" loading=\"lazy\" class=\"alignleft size-thumbnail wp-image-834\" title=\"Enjoy Slovakia Tours\" src=\"http:\/\/www.enjoyslovakiasoul.com\/wp-content\/uploads\/Enjoy-Slovakia-Tours-150x150.jpg\" alt=\"\" width=\"150\" height=\"150\" \/><\/a><a href=\"http:\/\/www.enjoyslovakiasoul.com\/wp-content\/uploads\/Zmena21.jpg\"><img decoding=\"async\" loading=\"lazy\" class=\"alignleft size-thumbnail wp-image-838\" title=\"Enjoy Slovakia Tours\" src=\"http:\/\/www.enjoyslovakiasoul.com\/wp-content\/uploads\/Zmena21-150x150.jpg\" alt=\"\" width=\"150\" height=\"150\" \/><\/a><\/p>","protected":false},"excerpt":{"rendered":"<p>Jeden z najkraj\u0161\u00edch turistick\u00fdch zimn\u00fdch miest na svete. Slovensko je idolom mnoh\u00fdch turistov a milovn\u00edkov pr\u00edrody. Je to jedno z tak\u00fdch miest, ktor\u00e9 je skuto\u010dne porovnate\u013en\u00e9 s &#8222;rajom na Zemi&#8220; a pon\u00faka naozaj skvel\u00fa pr\u00edle\u017eitos\u0165 u\u017ei\u0165 si dovolenku v n\u00e1dhernej a nezabudnute\u013enej atmosf\u00e9re v zimnom obdob\u00ed. N\u00e1dhern\u00fd v\u00fdh\u013ead na zasne\u017een\u00e9 Tatry, na &#8222;alpskej&#8220; dediny, \u010d\u00edre [&hellip;]<\/p>\n","protected":false},"author":1,"featured_media":0,"parent":0,"menu_order":0,"comment_status":"open","ping_status":"open","template":"","meta":{"ngg_post_thumbnail":0},"yoast_head":"<!-- This site is optimized with the Yoast SEO plugin v20.3 - https:\/\/yoast.com\/wordpress\/plugins\/seo\/ -->\n<title>U\u017ei si zimu - EST Frontier Slovakia<\/title>\n<meta name=\"robots\" content=\"index, follow, max-snippet:-1, max-image-preview:large, max-video-preview:-1\" \/>\n<link rel=\"canonical\" href=\"https:\/\/www.enjoyslovakiasoul.com\/winter-time-2\/\" \/>\n<meta property=\"og:locale\" content=\"sk_SK\" \/>\n<meta property=\"og:type\" content=\"article\" \/>\n<meta property=\"og:title\" content=\"U\u017ei si zimu - EST Frontier Slovakia\" \/>\n<meta property=\"og:description\" content=\"Jeden z najkraj\u0161\u00edch turistick\u00fdch zimn\u00fdch miest na svete. Slovensko je idolom mnoh\u00fdch turistov a milovn\u00edkov pr\u00edrody. Je to jedno z tak\u00fdch miest, ktor\u00e9 je skuto\u010dne porovnate\u013en\u00e9 s &#8222;rajom na Zemi&#8220; a pon\u00faka naozaj skvel\u00fa pr\u00edle\u017eitos\u0165 u\u017ei\u0165 si dovolenku v n\u00e1dhernej a nezabudnute\u013enej atmosf\u00e9re v zimnom obdob\u00ed. N\u00e1dhern\u00fd v\u00fdh\u013ead na zasne\u017een\u00e9 Tatry, na &#8222;alpskej&#8220; dediny, \u010d\u00edre [&hellip;]\" \/>\n<meta property=\"og:url\" content=\"https:\/\/www.enjoyslovakiasoul.com\/winter-time-2\/\" \/>\n<meta property=\"og:site_name\" content=\"EST Frontier Slovakia\" \/>\n<meta property=\"article:modified_time\" content=\"2011-05-21T21:07:54+00:00\" \/>\n<meta property=\"og:image\" content=\"http:\/\/www.enjoyslovakiasoul.com\/wp-content\/uploads\/Fun-150x150.jpg\" \/>\n<meta name=\"twitter:card\" content=\"summary_large_image\" \/>\n<meta name=\"twitter:label1\" content=\"Predpokladan\u00fd \u010das \u010d\u00edtania\" \/>\n\t<meta name=\"twitter:data1\" content=\"2 min\u00faty\" \/>\n<script type=\"application\/ld+json\" class=\"yoast-schema-graph\">{\"@context\":\"https:\/\/schema.org\",\"@graph\":[{\"@type\":\"WebPage\",\"@id\":\"https:\/\/www.enjoyslovakiasoul.com\/winter-time-2\/\",\"url\":\"https:\/\/www.enjoyslovakiasoul.com\/winter-time-2\/\",\"name\":\"U\u017ei si zimu - EST Frontier Slovakia\",\"isPartOf\":{\"@id\":\"https:\/\/www.enjoyslovakiasoul.com\/#website\"},\"datePublished\":\"2011-05-17T05:19:51+00:00\",\"dateModified\":\"2011-05-21T21:07:54+00:00\",\"breadcrumb\":{\"@id\":\"https:\/\/www.enjoyslovakiasoul.com\/winter-time-2\/#breadcrumb\"},\"inLanguage\":\"sk-SK\",\"potentialAction\":[{\"@type\":\"ReadAction\",\"target\":[\"https:\/\/www.enjoyslovakiasoul.com\/winter-time-2\/\"]}]},{\"@type\":\"BreadcrumbList\",\"@id\":\"https:\/\/www.enjoyslovakiasoul.com\/winter-time-2\/#breadcrumb\",\"itemListElement\":[{\"@type\":\"ListItem\",\"position\":1,\"name\":\"Home\",\"item\":\"https:\/\/www.enjoyslovakiasoul.com\/\"},{\"@type\":\"ListItem\",\"position\":2,\"name\":\"Winter time\"}]},{\"@type\":\"WebSite\",\"@id\":\"https:\/\/www.enjoyslovakiasoul.com\/#website\",\"url\":\"https:\/\/www.enjoyslovakiasoul.com\/\",\"name\":\"EST Frontier Slovakia\",\"description\":\"Fun, Relax, Adventure\",\"potentialAction\":[{\"@type\":\"SearchAction\",\"target\":{\"@type\":\"EntryPoint\",\"urlTemplate\":\"https:\/\/www.enjoyslovakiasoul.com\/?s={search_term_string}\"},\"query-input\":\"required name=search_term_string\"}],\"inLanguage\":\"sk-SK\"}]}<\/script>\n<!-- \/ Yoast SEO plugin. -->","yoast_head_json":{"title":"U\u017ei si zimu - EST Frontier Slovakia","robots":{"index":"index","follow":"follow","max-snippet":"max-snippet:-1","max-image-preview":"max-image-preview:large","max-video-preview":"max-video-preview:-1"},"canonical":"https:\/\/www.enjoyslovakiasoul.com\/winter-time-2\/","og_locale":"sk_SK","og_type":"article","og_title":"U\u017ei si zimu - EST Frontier Slovakia","og_description":"Jeden z najkraj\u0161\u00edch turistick\u00fdch zimn\u00fdch miest na svete. Slovensko je idolom mnoh\u00fdch turistov a milovn\u00edkov pr\u00edrody. Je to jedno z tak\u00fdch miest, ktor\u00e9 je skuto\u010dne porovnate\u013en\u00e9 s &#8222;rajom na Zemi&#8220; a pon\u00faka naozaj skvel\u00fa pr\u00edle\u017eitos\u0165 u\u017ei\u0165 si dovolenku v n\u00e1dhernej a nezabudnute\u013enej atmosf\u00e9re v zimnom obdob\u00ed. N\u00e1dhern\u00fd v\u00fdh\u013ead na zasne\u017een\u00e9 Tatry, na &#8222;alpskej&#8220; dediny, \u010d\u00edre [&hellip;]","og_url":"https:\/\/www.enjoyslovakiasoul.com\/winter-time-2\/","og_site_name":"EST Frontier Slovakia","article_modified_time":"2011-05-21T21:07:54+00:00","og_image":[{"url":"http:\/\/www.enjoyslovakiasoul.com\/wp-content\/uploads\/Fun-150x150.jpg"}],"twitter_card":"summary_large_image","twitter_misc":{"Predpokladan\u00fd \u010das \u010d\u00edtania":"2 min\u00faty"},"schema":{"@context":"https:\/\/schema.org","@graph":[{"@type":"WebPage","@id":"https:\/\/www.enjoyslovakiasoul.com\/winter-time-2\/","url":"https:\/\/www.enjoyslovakiasoul.com\/winter-time-2\/","name":"U\u017ei si zimu - EST Frontier Slovakia","isPartOf":{"@id":"https:\/\/www.enjoyslovakiasoul.com\/#website"},"datePublished":"2011-05-17T05:19:51+00:00","dateModified":"2011-05-21T21:07:54+00:00","breadcrumb":{"@id":"https:\/\/www.enjoyslovakiasoul.com\/winter-time-2\/#breadcrumb"},"inLanguage":"sk-SK","potentialAction":[{"@type":"ReadAction","target":["https:\/\/www.enjoyslovakiasoul.com\/winter-time-2\/"]}]},{"@type":"BreadcrumbList","@id":"https:\/\/www.enjoyslovakiasoul.com\/winter-time-2\/#breadcrumb","itemListElement":[{"@type":"ListItem","position":1,"name":"Home","item":"https:\/\/www.enjoyslovakiasoul.com\/"},{"@type":"ListItem","position":2,"name":"Winter time"}]},{"@type":"WebSite","@id":"https:\/\/www.enjoyslovakiasoul.com\/#website","url":"https:\/\/www.enjoyslovakiasoul.com\/","name":"EST Frontier Slovakia","description":"Fun, Relax, Adventure","potentialAction":[{"@type":"SearchAction","target":{"@type":"EntryPoint","urlTemplate":"https:\/\/www.enjoyslovakiasoul.com\/?s={search_term_string}"},"query-input":"required name=search_term_string"}],"inLanguage":"sk-SK"}]}},"_links":{"self":[{"href":"https:\/\/www.enjoyslovakiasoul.com\/sk\/wp-json\/wp\/v2\/pages\/115"}],"collection":[{"href":"https:\/\/www.enjoyslovakiasoul.com\/sk\/wp-json\/wp\/v2\/pages"}],"about":[{"href":"https:\/\/www.enjoyslovakiasoul.com\/sk\/wp-json\/wp\/v2\/types\/page"}],"author":[{"embeddable":true,"href":"https:\/\/www.enjoyslovakiasoul.com\/sk\/wp-json\/wp\/v2\/users\/1"}],"replies":[{"embeddable":true,"href":"https:\/\/www.enjoyslovakiasoul.com\/sk\/wp-json\/wp\/v2\/comments?post=115"}],"version-history":[{"count":7,"href":"https:\/\/www.enjoyslovakiasoul.com\/sk\/wp-json\/wp\/v2\/pages\/115\/revisions"}],"predecessor-version":[{"id":840,"href":"https:\/\/www.enjoyslovakiasoul.com\/sk\/wp-json\/wp\/v2\/pages\/115\/revisions\/840"}],"wp:attachment":[{"href":"https:\/\/www.enjoyslovakiasoul.com\/sk\/wp-json\/wp\/v2\/media?parent=115"}],"curies":[{"name":"wp","href":"https:\/\/api.w.org\/{rel}","templated":true}]}}