
{"id":1163,"date":"2011-06-08T06:59:57","date_gmt":"2011-06-08T06:59:57","guid":{"rendered":"http:\/\/www.enjoyslovakiasoul.com\/?page_id=1163"},"modified":"2012-01-26T22:11:01","modified_gmt":"2012-01-26T22:11:01","slug":"insurance","status":"publish","type":"page","link":"https:\/\/www.enjoyslovakiasoul.com\/sk\/insurance\/","title":{"rendered":"Cestovn\u00e9 Poistenie"},"content":{"rendered":"<p><\/p>\n<div id=\"hintDivHeader\">\n<h1><img decoding=\"async\" loading=\"lazy\" class=\"alignright\" title=\"alianz\" src=\"http:\/\/www.enjoyslovakiasoul.com\/wp-content\/uploads\/alianz2.jpg\" alt=\"\" width=\"214\" height=\"95\" \/><\/h1>\n<p><span style=\"color: #000000;\">Kr\u00e1tkodob\u00e9 cestovn\u00e9 poistenie<\/span><\/p>\n<p>&nbsp;<\/p>\n<p><span style=\"text-decoration: underline; color: #000000;\">S\u00fa\u010das\u0165ou kr\u00e1tkodob\u00e9ho komplexn\u00e9ho cestovn\u00e9ho poistenia je:<\/span><\/p>\n<ul>\n<li>poistenie lie\u010debn\u00fdch n\u00e1kladov v zahrani\u010d\u00ed vr\u00e1tane asisten\u010dnej slu\u017eby v zahrani\u010d\u00ed<\/li>\n<li>poistenie bato\u017einy (vr\u00e1tane straty dokladov a oneskoren\u00e9ho dodania bato\u017einy leteckou spolo\u010dnos\u0165ou)<\/li>\n<li>poistenie zodpovednosti za \u0161kody (vr\u00e1tane n\u00e1kladov na advok\u00e1ta a n\u00e1kladov kaucie)<\/li>\n<li>\u00farazov\u00e9 poistenie<\/li>\n<\/ul>\n<div>\n<p><span style=\"text-decoration: underline; color: #000000;\">V\u00fdhody cestovn\u00e9ho poistenia<\/span><\/p>\n<ul>\n<li>mo\u017enos\u0165 dojednania poistenia inou osobou, ako je poisten\u00fd<\/li>\n<li><strong>VOLITE\u013dN\u00dd ROZSAH<\/strong>\u00a0poistenia (klient si vol\u00ed, ktor\u00e9 rizik\u00e1 si poist\u00ed)<\/li>\n<li><strong>ZV\u00ddHODNEN\u00c9 SADZBY POISTN\u00c9HO<\/strong>\u00a0(pre rodiny, kolekt\u00edvy os\u00f4b, dr\u017eitelia kariet EURO&lt;26, GO&lt;26, ISIC, ITIC, poistenci UZP)<\/li>\n<li>volite\u013en\u00e1\u00a0<strong>\u00daZEMN\u00c1 PLATNOS\u0164 POISTENIA<\/strong><\/li>\n<li>poistenie klientov, ktor\u00ed sa rekrea\u010dne alebo organizovane venuj\u00fa\u00a0<strong>\u0160PORT<\/strong>ov\u00fdm discipl\u00ednam<\/li>\n<li>poistenie klientov, ktor\u00ed bud\u00fa v zahrani\u010d\u00ed\u00a0<strong>MANU\u00c1LNE PRACOVA\u0164<\/strong><\/li>\n<\/ul>\n<div><strong><br \/>\n<\/strong><\/div>\n<\/div>\n<p>Kontaktujte n\u00e1s na\u00a0<a title=\"Contact us\" href=\"http:\/\/www.enjoyslovakiasoul.com\/contact\" target=\"_blank\">info@enjoyslovakiasoul.com<\/a>\u00a0alebo telefonicky na telef\u00f3nne \u010d\u00edslo: +421 904 292 468.<\/p>\n<p><a href=\"http:\/\/www.enjoyslovakiasoul.com\/wp-content\/uploads\/travel-insurance.jpg\"><img decoding=\"async\" loading=\"lazy\" class=\"alignleft\" title=\"travel-insurance\" src=\"http:\/\/www.enjoyslovakiasoul.com\/wp-content\/uploads\/travel-insurance.jpg\" alt=\"\" width=\"650\" height=\"314\" \/><\/a><\/p>\n<\/div>\n<p><\/p>","protected":false},"excerpt":{"rendered":"<p>Kr\u00e1tkodob\u00e9 cestovn\u00e9 poistenie &nbsp; S\u00fa\u010das\u0165ou kr\u00e1tkodob\u00e9ho komplexn\u00e9ho cestovn\u00e9ho poistenia je: poistenie lie\u010debn\u00fdch n\u00e1kladov v zahrani\u010d\u00ed vr\u00e1tane asisten\u010dnej slu\u017eby v zahrani\u010d\u00ed poistenie bato\u017einy (vr\u00e1tane straty dokladov a oneskoren\u00e9ho dodania bato\u017einy leteckou spolo\u010dnos\u0165ou) poistenie zodpovednosti za \u0161kody (vr\u00e1tane n\u00e1kladov na advok\u00e1ta a n\u00e1kladov kaucie) \u00farazov\u00e9 poistenie V\u00fdhody cestovn\u00e9ho poistenia mo\u017enos\u0165 dojednania poistenia inou osobou, ako je poisten\u00fd [&hellip;]<\/p>\n","protected":false},"author":1,"featured_media":0,"parent":0,"menu_order":0,"comment_status":"open","ping_status":"open","template":"","meta":{"ngg_post_thumbnail":0},"yoast_head":"<!-- This site is optimized with the Yoast SEO plugin v20.3 - https:\/\/yoast.com\/wordpress\/plugins\/seo\/ -->\n<title>Cestovn\u00e9 Poistenie - EST Frontier Slovakia<\/title>\n<meta name=\"robots\" content=\"index, follow, max-snippet:-1, max-image-preview:large, max-video-preview:-1\" \/>\n<link rel=\"canonical\" href=\"https:\/\/www.enjoyslovakiasoul.com\/insurance\/\" \/>\n<meta property=\"og:locale\" content=\"sk_SK\" \/>\n<meta property=\"og:type\" content=\"article\" \/>\n<meta property=\"og:title\" content=\"Cestovn\u00e9 Poistenie - EST Frontier Slovakia\" \/>\n<meta property=\"og:description\" content=\"Kr\u00e1tkodob\u00e9 cestovn\u00e9 poistenie &nbsp; S\u00fa\u010das\u0165ou kr\u00e1tkodob\u00e9ho komplexn\u00e9ho cestovn\u00e9ho poistenia je: poistenie lie\u010debn\u00fdch n\u00e1kladov v zahrani\u010d\u00ed vr\u00e1tane asisten\u010dnej slu\u017eby v zahrani\u010d\u00ed poistenie bato\u017einy (vr\u00e1tane straty dokladov a oneskoren\u00e9ho dodania bato\u017einy leteckou spolo\u010dnos\u0165ou) poistenie zodpovednosti za \u0161kody (vr\u00e1tane n\u00e1kladov na advok\u00e1ta a n\u00e1kladov kaucie) \u00farazov\u00e9 poistenie V\u00fdhody cestovn\u00e9ho poistenia mo\u017enos\u0165 dojednania poistenia inou osobou, ako je poisten\u00fd [&hellip;]\" \/>\n<meta property=\"og:url\" content=\"https:\/\/www.enjoyslovakiasoul.com\/insurance\/\" \/>\n<meta property=\"og:site_name\" content=\"EST Frontier Slovakia\" \/>\n<meta property=\"article:modified_time\" content=\"2012-01-26T22:11:01+00:00\" \/>\n<meta property=\"og:image\" content=\"http:\/\/www.enjoyslovakiasoul.com\/wp-content\/uploads\/alianz2.jpg\" \/>\n<meta name=\"twitter:card\" content=\"summary_large_image\" \/>\n<meta name=\"twitter:label1\" content=\"Predpokladan\u00fd \u010das \u010d\u00edtania\" \/>\n\t<meta name=\"twitter:data1\" content=\"1 min\u00fata\" \/>\n<script type=\"application\/ld+json\" class=\"yoast-schema-graph\">{\"@context\":\"https:\/\/schema.org\",\"@graph\":[{\"@type\":\"WebPage\",\"@id\":\"https:\/\/www.enjoyslovakiasoul.com\/insurance\/\",\"url\":\"https:\/\/www.enjoyslovakiasoul.com\/insurance\/\",\"name\":\"Cestovn\u00e9 Poistenie - EST Frontier Slovakia\",\"isPartOf\":{\"@id\":\"https:\/\/www.enjoyslovakiasoul.com\/#website\"},\"datePublished\":\"2011-06-08T06:59:57+00:00\",\"dateModified\":\"2012-01-26T22:11:01+00:00\",\"breadcrumb\":{\"@id\":\"https:\/\/www.enjoyslovakiasoul.com\/insurance\/#breadcrumb\"},\"inLanguage\":\"sk-SK\",\"potentialAction\":[{\"@type\":\"ReadAction\",\"target\":[\"https:\/\/www.enjoyslovakiasoul.com\/insurance\/\"]}]},{\"@type\":\"BreadcrumbList\",\"@id\":\"https:\/\/www.enjoyslovakiasoul.com\/insurance\/#breadcrumb\",\"itemListElement\":[{\"@type\":\"ListItem\",\"position\":1,\"name\":\"Home\",\"item\":\"https:\/\/www.enjoyslovakiasoul.com\/\"},{\"@type\":\"ListItem\",\"position\":2,\"name\":\"Travel Insurance\"}]},{\"@type\":\"WebSite\",\"@id\":\"https:\/\/www.enjoyslovakiasoul.com\/#website\",\"url\":\"https:\/\/www.enjoyslovakiasoul.com\/\",\"name\":\"EST Frontier Slovakia\",\"description\":\"Fun, Relax, Adventure\",\"potentialAction\":[{\"@type\":\"SearchAction\",\"target\":{\"@type\":\"EntryPoint\",\"urlTemplate\":\"https:\/\/www.enjoyslovakiasoul.com\/?s={search_term_string}\"},\"query-input\":\"required name=search_term_string\"}],\"inLanguage\":\"sk-SK\"}]}<\/script>\n<!-- \/ Yoast SEO plugin. -->","yoast_head_json":{"title":"Cestovn\u00e9 Poistenie - EST Frontier Slovakia","robots":{"index":"index","follow":"follow","max-snippet":"max-snippet:-1","max-image-preview":"max-image-preview:large","max-video-preview":"max-video-preview:-1"},"canonical":"https:\/\/www.enjoyslovakiasoul.com\/insurance\/","og_locale":"sk_SK","og_type":"article","og_title":"Cestovn\u00e9 Poistenie - EST Frontier Slovakia","og_description":"Kr\u00e1tkodob\u00e9 cestovn\u00e9 poistenie &nbsp; S\u00fa\u010das\u0165ou kr\u00e1tkodob\u00e9ho komplexn\u00e9ho cestovn\u00e9ho poistenia je: poistenie lie\u010debn\u00fdch n\u00e1kladov v zahrani\u010d\u00ed vr\u00e1tane asisten\u010dnej slu\u017eby v zahrani\u010d\u00ed poistenie bato\u017einy (vr\u00e1tane straty dokladov a oneskoren\u00e9ho dodania bato\u017einy leteckou spolo\u010dnos\u0165ou) poistenie zodpovednosti za \u0161kody (vr\u00e1tane n\u00e1kladov na advok\u00e1ta a n\u00e1kladov kaucie) \u00farazov\u00e9 poistenie V\u00fdhody cestovn\u00e9ho poistenia mo\u017enos\u0165 dojednania poistenia inou osobou, ako je poisten\u00fd [&hellip;]","og_url":"https:\/\/www.enjoyslovakiasoul.com\/insurance\/","og_site_name":"EST Frontier Slovakia","article_modified_time":"2012-01-26T22:11:01+00:00","og_image":[{"url":"http:\/\/www.enjoyslovakiasoul.com\/wp-content\/uploads\/alianz2.jpg"}],"twitter_card":"summary_large_image","twitter_misc":{"Predpokladan\u00fd \u010das \u010d\u00edtania":"1 min\u00fata"},"schema":{"@context":"https:\/\/schema.org","@graph":[{"@type":"WebPage","@id":"https:\/\/www.enjoyslovakiasoul.com\/insurance\/","url":"https:\/\/www.enjoyslovakiasoul.com\/insurance\/","name":"Cestovn\u00e9 Poistenie - EST Frontier Slovakia","isPartOf":{"@id":"https:\/\/www.enjoyslovakiasoul.com\/#website"},"datePublished":"2011-06-08T06:59:57+00:00","dateModified":"2012-01-26T22:11:01+00:00","breadcrumb":{"@id":"https:\/\/www.enjoyslovakiasoul.com\/insurance\/#breadcrumb"},"inLanguage":"sk-SK","potentialAction":[{"@type":"ReadAction","target":["https:\/\/www.enjoyslovakiasoul.com\/insurance\/"]}]},{"@type":"BreadcrumbList","@id":"https:\/\/www.enjoyslovakiasoul.com\/insurance\/#breadcrumb","itemListElement":[{"@type":"ListItem","position":1,"name":"Home","item":"https:\/\/www.enjoyslovakiasoul.com\/"},{"@type":"ListItem","position":2,"name":"Travel Insurance"}]},{"@type":"WebSite","@id":"https:\/\/www.enjoyslovakiasoul.com\/#website","url":"https:\/\/www.enjoyslovakiasoul.com\/","name":"EST Frontier Slovakia","description":"Fun, Relax, Adventure","potentialAction":[{"@type":"SearchAction","target":{"@type":"EntryPoint","urlTemplate":"https:\/\/www.enjoyslovakiasoul.com\/?s={search_term_string}"},"query-input":"required name=search_term_string"}],"inLanguage":"sk-SK"}]}},"_links":{"self":[{"href":"https:\/\/www.enjoyslovakiasoul.com\/sk\/wp-json\/wp\/v2\/pages\/1163"}],"collection":[{"href":"https:\/\/www.enjoyslovakiasoul.com\/sk\/wp-json\/wp\/v2\/pages"}],"about":[{"href":"https:\/\/www.enjoyslovakiasoul.com\/sk\/wp-json\/wp\/v2\/types\/page"}],"author":[{"embeddable":true,"href":"https:\/\/www.enjoyslovakiasoul.com\/sk\/wp-json\/wp\/v2\/users\/1"}],"replies":[{"embeddable":true,"href":"https:\/\/www.enjoyslovakiasoul.com\/sk\/wp-json\/wp\/v2\/comments?post=1163"}],"version-history":[{"count":11,"href":"https:\/\/www.enjoyslovakiasoul.com\/sk\/wp-json\/wp\/v2\/pages\/1163\/revisions"}],"predecessor-version":[{"id":2903,"href":"https:\/\/www.enjoyslovakiasoul.com\/sk\/wp-json\/wp\/v2\/pages\/1163\/revisions\/2903"}],"wp:attachment":[{"href":"https:\/\/www.enjoyslovakiasoul.com\/sk\/wp-json\/wp\/v2\/media?parent=1163"}],"curies":[{"name":"wp","href":"https:\/\/api.w.org\/{rel}","templated":true}]}}