
{"id":117,"date":"2011-05-17T05:20:43","date_gmt":"2011-05-17T05:20:43","guid":{"rendered":"http:\/\/www.enjoyslovakiasoul.com\/?page_id=117"},"modified":"2011-05-21T21:13:37","modified_gmt":"2011-05-21T21:13:37","slug":"atraction","status":"publish","type":"page","link":"https:\/\/www.enjoyslovakiasoul.com\/sk\/atraction\/","title":{"rendered":"U\u017dI SI TO NAJLEP\u0160IE Z ATRAKCI\u00cd"},"content":{"rendered":"<p>Slovensko je krajina, ktor\u00e1 up\u00fata pozornos\u0165 ktor\u00e9muko\u013evek zahrani\u010dn\u00e9mu div\u00e1kovi svoj\u00edm k\u00fazlom atrakt\u00edvnej pr\u00edrodnej kr\u00e1sy a n\u00e1dhery. To je jedna z m\u00e1la kraj\u00edn v Eur\u00f3pe, ktor\u00e1 je obdaren\u00e1 ve\u013ek\u00fdm pr\u00edrodn\u00fdm bohatstvom, ktor\u00e9 vyzer\u00e1, ako keby to je \u00fa\u017easn\u00e9 umenie bolo nama\u013eovan\u00e9 najv\u00e4\u010d\u0161\u00edm umelcom na tejto plan\u00e9te.<br \/>\nSlovensko je celosvetovo zn\u00e1me pre svoje malebn\u00e9 a pr\u00edjemn\u00e9 pr\u00edrodn\u00e9 kr\u00e1sy, ktor\u00e9 s\u00fa pr\u00edtomn\u00e9 v podobe malebn\u00e9ho \u00a0okolia, snehov\u00e9 vrcholky h\u00f4r n\u00e1dhernej krajiny, tradi\u010dn\u00e9 \u013eudov\u00e9 dediny, \u00fa\u017easn\u00e9 historick\u00e9 a tradi\u010dn\u00e9 pamiatky a pr\u00edjemn\u00e9 klimatick\u00e9 podmienky, ktor\u00e9 pon\u00fakn\u00fakaj\u00fa pr\u00edjemn\u00e9 prostredie v\u0161etk\u00fdm n\u00e1v\u0161tevn\u00edkom, aj tak\u00fdm, \u00a0ktor\u00ed pr\u00eddu z \u010falek\u00fdch k\u00fatov sveta.<br \/>\nKrajina m\u00e1 jedno z\u00a0najviac \u0161armantn\u00e9ho a magnetizuj\u00faceho cestovn\u00e9ho ruchu v okol\u00ed a v\u0161etky z nich s\u00fa skuto\u010dne jedine\u010dn\u00e9 a o\u010daruj\u00face.V najkraj\u0161\u00edch 2 regi\u00f3noch Orava &amp; Liptov za\u017eije\u0161 v\u0161etko, \u010do Slovensko pon\u00faka. Ak h\u013ead\u00e1te dovolenku pln\u00fa z\u00e1bavy a\u00a0tajomstva trad\u00edci\u00ed v lone matky pr\u00edrody, tak Orava &amp; Liptov je t\u00fdm ide\u00e1lnym miestom.<\/p>\n<p>&nbsp;<\/p>\n<p><a href=\"http:\/\/www.enjoyslovakiasoul.com\/wp-content\/uploads\/adventure-things-to-do-thailand-rock-climb.jpg\"><img decoding=\"async\" loading=\"lazy\" title=\"adventure\" src=\"http:\/\/www.enjoyslovakiasoul.com\/wp-content\/uploads\/adventure-things-to-do-thailand-rock-climb-150x150.jpg\" alt=\"\" width=\"150\" height=\"150\" \/><\/a> <a href=\"http:\/\/www.enjoyslovakiasoul.com\/wp-content\/uploads\/Habakuky21820101.jpg\"><img decoding=\"async\" loading=\"lazy\" title=\"Fun\" src=\"http:\/\/www.enjoyslovakiasoul.com\/wp-content\/uploads\/Habakuky21820101-150x150.jpg\" alt=\"\" width=\"150\" height=\"150\" \/><\/a><\/p>","protected":false},"excerpt":{"rendered":"<p>Slovensko je krajina, ktor\u00e1 up\u00fata pozornos\u0165 ktor\u00e9muko\u013evek zahrani\u010dn\u00e9mu div\u00e1kovi svoj\u00edm k\u00fazlom atrakt\u00edvnej pr\u00edrodnej kr\u00e1sy a n\u00e1dhery. To je jedna z m\u00e1la kraj\u00edn v Eur\u00f3pe, ktor\u00e1 je obdaren\u00e1 ve\u013ek\u00fdm pr\u00edrodn\u00fdm bohatstvom, ktor\u00e9 vyzer\u00e1, ako keby to je \u00fa\u017easn\u00e9 umenie bolo nama\u013eovan\u00e9 najv\u00e4\u010d\u0161\u00edm umelcom na tejto plan\u00e9te. Slovensko je celosvetovo zn\u00e1me pre svoje malebn\u00e9 a pr\u00edjemn\u00e9 pr\u00edrodn\u00e9 [&hellip;]<\/p>\n","protected":false},"author":1,"featured_media":0,"parent":0,"menu_order":0,"comment_status":"open","ping_status":"open","template":"","meta":{"ngg_post_thumbnail":0},"yoast_head":"<!-- This site is optimized with the Yoast SEO plugin v20.3 - https:\/\/yoast.com\/wordpress\/plugins\/seo\/ -->\n<title>U\u017dI SI TO NAJLEP\u0160IE Z ATRAKCI\u00cd - EST Frontier Slovakia<\/title>\n<meta name=\"robots\" content=\"index, follow, max-snippet:-1, max-image-preview:large, max-video-preview:-1\" \/>\n<link rel=\"canonical\" href=\"https:\/\/www.enjoyslovakiasoul.com\/sk\/atraction\/\" \/>\n<meta property=\"og:locale\" content=\"sk_SK\" \/>\n<meta property=\"og:type\" content=\"article\" \/>\n<meta property=\"og:title\" content=\"U\u017dI SI TO NAJLEP\u0160IE Z ATRAKCI\u00cd - EST Frontier Slovakia\" \/>\n<meta property=\"og:description\" content=\"Slovensko je krajina, ktor\u00e1 up\u00fata pozornos\u0165 ktor\u00e9muko\u013evek zahrani\u010dn\u00e9mu div\u00e1kovi svoj\u00edm k\u00fazlom atrakt\u00edvnej pr\u00edrodnej kr\u00e1sy a n\u00e1dhery. To je jedna z m\u00e1la kraj\u00edn v Eur\u00f3pe, ktor\u00e1 je obdaren\u00e1 ve\u013ek\u00fdm pr\u00edrodn\u00fdm bohatstvom, ktor\u00e9 vyzer\u00e1, ako keby to je \u00fa\u017easn\u00e9 umenie bolo nama\u013eovan\u00e9 najv\u00e4\u010d\u0161\u00edm umelcom na tejto plan\u00e9te. Slovensko je celosvetovo zn\u00e1me pre svoje malebn\u00e9 a pr\u00edjemn\u00e9 pr\u00edrodn\u00e9 [&hellip;]\" \/>\n<meta property=\"og:url\" content=\"https:\/\/www.enjoyslovakiasoul.com\/sk\/atraction\/\" \/>\n<meta property=\"og:site_name\" content=\"EST Frontier Slovakia\" \/>\n<meta property=\"article:modified_time\" content=\"2011-05-21T21:13:37+00:00\" \/>\n<meta property=\"og:image\" content=\"http:\/\/www.enjoyslovakiasoul.com\/wp-content\/uploads\/adventure-things-to-do-thailand-rock-climb-150x150.jpg\" \/>\n<meta name=\"twitter:card\" content=\"summary_large_image\" \/>\n<meta name=\"twitter:label1\" content=\"Predpokladan\u00fd \u010das \u010d\u00edtania\" \/>\n\t<meta name=\"twitter:data1\" content=\"1 min\u00fata\" \/>\n<script type=\"application\/ld+json\" class=\"yoast-schema-graph\">{\"@context\":\"https:\/\/schema.org\",\"@graph\":[{\"@type\":\"WebPage\",\"@id\":\"https:\/\/www.enjoyslovakiasoul.com\/sk\/atraction\/\",\"url\":\"https:\/\/www.enjoyslovakiasoul.com\/sk\/atraction\/\",\"name\":\"U\u017dI SI TO NAJLEP\u0160IE Z ATRAKCI\u00cd - EST Frontier Slovakia\",\"isPartOf\":{\"@id\":\"https:\/\/www.enjoyslovakiasoul.com\/#website\"},\"datePublished\":\"2011-05-17T05:20:43+00:00\",\"dateModified\":\"2011-05-21T21:13:37+00:00\",\"breadcrumb\":{\"@id\":\"https:\/\/www.enjoyslovakiasoul.com\/sk\/atraction\/#breadcrumb\"},\"inLanguage\":\"sk-SK\",\"potentialAction\":[{\"@type\":\"ReadAction\",\"target\":[\"https:\/\/www.enjoyslovakiasoul.com\/sk\/atraction\/\"]}]},{\"@type\":\"BreadcrumbList\",\"@id\":\"https:\/\/www.enjoyslovakiasoul.com\/sk\/atraction\/#breadcrumb\",\"itemListElement\":[{\"@type\":\"ListItem\",\"position\":1,\"name\":\"Home\",\"item\":\"https:\/\/www.enjoyslovakiasoul.com\/\"},{\"@type\":\"ListItem\",\"position\":2,\"name\":\"U\u017dI SI TO NAJLEP\u0160IE Z ATRAKCI\u00cd\"}]},{\"@type\":\"WebSite\",\"@id\":\"https:\/\/www.enjoyslovakiasoul.com\/#website\",\"url\":\"https:\/\/www.enjoyslovakiasoul.com\/\",\"name\":\"EST Frontier Slovakia\",\"description\":\"Fun, Relax, Adventure\",\"potentialAction\":[{\"@type\":\"SearchAction\",\"target\":{\"@type\":\"EntryPoint\",\"urlTemplate\":\"https:\/\/www.enjoyslovakiasoul.com\/?s={search_term_string}\"},\"query-input\":\"required name=search_term_string\"}],\"inLanguage\":\"sk-SK\"}]}<\/script>\n<!-- \/ Yoast SEO plugin. -->","yoast_head_json":{"title":"U\u017dI SI TO NAJLEP\u0160IE Z ATRAKCI\u00cd - EST Frontier Slovakia","robots":{"index":"index","follow":"follow","max-snippet":"max-snippet:-1","max-image-preview":"max-image-preview:large","max-video-preview":"max-video-preview:-1"},"canonical":"https:\/\/www.enjoyslovakiasoul.com\/sk\/atraction\/","og_locale":"sk_SK","og_type":"article","og_title":"U\u017dI SI TO NAJLEP\u0160IE Z ATRAKCI\u00cd - EST Frontier Slovakia","og_description":"Slovensko je krajina, ktor\u00e1 up\u00fata pozornos\u0165 ktor\u00e9muko\u013evek zahrani\u010dn\u00e9mu div\u00e1kovi svoj\u00edm k\u00fazlom atrakt\u00edvnej pr\u00edrodnej kr\u00e1sy a n\u00e1dhery. To je jedna z m\u00e1la kraj\u00edn v Eur\u00f3pe, ktor\u00e1 je obdaren\u00e1 ve\u013ek\u00fdm pr\u00edrodn\u00fdm bohatstvom, ktor\u00e9 vyzer\u00e1, ako keby to je \u00fa\u017easn\u00e9 umenie bolo nama\u013eovan\u00e9 najv\u00e4\u010d\u0161\u00edm umelcom na tejto plan\u00e9te. Slovensko je celosvetovo zn\u00e1me pre svoje malebn\u00e9 a pr\u00edjemn\u00e9 pr\u00edrodn\u00e9 [&hellip;]","og_url":"https:\/\/www.enjoyslovakiasoul.com\/sk\/atraction\/","og_site_name":"EST Frontier Slovakia","article_modified_time":"2011-05-21T21:13:37+00:00","og_image":[{"url":"http:\/\/www.enjoyslovakiasoul.com\/wp-content\/uploads\/adventure-things-to-do-thailand-rock-climb-150x150.jpg"}],"twitter_card":"summary_large_image","twitter_misc":{"Predpokladan\u00fd \u010das \u010d\u00edtania":"1 min\u00fata"},"schema":{"@context":"https:\/\/schema.org","@graph":[{"@type":"WebPage","@id":"https:\/\/www.enjoyslovakiasoul.com\/sk\/atraction\/","url":"https:\/\/www.enjoyslovakiasoul.com\/sk\/atraction\/","name":"U\u017dI SI TO NAJLEP\u0160IE Z ATRAKCI\u00cd - EST Frontier Slovakia","isPartOf":{"@id":"https:\/\/www.enjoyslovakiasoul.com\/#website"},"datePublished":"2011-05-17T05:20:43+00:00","dateModified":"2011-05-21T21:13:37+00:00","breadcrumb":{"@id":"https:\/\/www.enjoyslovakiasoul.com\/sk\/atraction\/#breadcrumb"},"inLanguage":"sk-SK","potentialAction":[{"@type":"ReadAction","target":["https:\/\/www.enjoyslovakiasoul.com\/sk\/atraction\/"]}]},{"@type":"BreadcrumbList","@id":"https:\/\/www.enjoyslovakiasoul.com\/sk\/atraction\/#breadcrumb","itemListElement":[{"@type":"ListItem","position":1,"name":"Home","item":"https:\/\/www.enjoyslovakiasoul.com\/"},{"@type":"ListItem","position":2,"name":"U\u017dI SI TO NAJLEP\u0160IE Z ATRAKCI\u00cd"}]},{"@type":"WebSite","@id":"https:\/\/www.enjoyslovakiasoul.com\/#website","url":"https:\/\/www.enjoyslovakiasoul.com\/","name":"EST Frontier Slovakia","description":"Fun, Relax, Adventure","potentialAction":[{"@type":"SearchAction","target":{"@type":"EntryPoint","urlTemplate":"https:\/\/www.enjoyslovakiasoul.com\/?s={search_term_string}"},"query-input":"required name=search_term_string"}],"inLanguage":"sk-SK"}]}},"_links":{"self":[{"href":"https:\/\/www.enjoyslovakiasoul.com\/sk\/wp-json\/wp\/v2\/pages\/117"}],"collection":[{"href":"https:\/\/www.enjoyslovakiasoul.com\/sk\/wp-json\/wp\/v2\/pages"}],"about":[{"href":"https:\/\/www.enjoyslovakiasoul.com\/sk\/wp-json\/wp\/v2\/types\/page"}],"author":[{"embeddable":true,"href":"https:\/\/www.enjoyslovakiasoul.com\/sk\/wp-json\/wp\/v2\/users\/1"}],"replies":[{"embeddable":true,"href":"https:\/\/www.enjoyslovakiasoul.com\/sk\/wp-json\/wp\/v2\/comments?post=117"}],"version-history":[{"count":4,"href":"https:\/\/www.enjoyslovakiasoul.com\/sk\/wp-json\/wp\/v2\/pages\/117\/revisions"}],"predecessor-version":[{"id":842,"href":"https:\/\/www.enjoyslovakiasoul.com\/sk\/wp-json\/wp\/v2\/pages\/117\/revisions\/842"}],"wp:attachment":[{"href":"https:\/\/www.enjoyslovakiasoul.com\/sk\/wp-json\/wp\/v2\/media?parent=117"}],"curies":[{"name":"wp","href":"https:\/\/api.w.org\/{rel}","templated":true}]}}