
{"id":1189,"date":"2011-06-08T10:46:54","date_gmt":"2011-06-08T10:46:54","guid":{"rendered":"http:\/\/www.enjoyslovakiasoul.com\/?page_id=1189"},"modified":"2013-01-13T00:14:47","modified_gmt":"2013-01-13T00:14:47","slug":"teambuildings","status":"publish","type":"page","link":"https:\/\/www.enjoyslovakiasoul.com\/sk\/special-tours\/teambuildings\/","title":{"rendered":"Teambuildings"},"content":{"rendered":"<p><\/p>\n<div id=\"gt-res-wrap\">\n<p style=\"text-align: left;\"><strong><span style=\"color: #800080;\">Existuje\u00a0mnoho\u00a0d\u00f4vodov,\u00a0pre\u010do\u00a0investova\u0165\u00a0\u010das\u00a0a\u00a0peniaze na\u00a0firemn\u00e9\u00a0akcie..<\/span><\/strong><\/p>\n<p><a href=\"http:\/\/www.enjoyslovakiasoul.com\/wp-content\/uploads\/j0439ss27jj4.jpg\"><img decoding=\"async\" loading=\"lazy\" class=\"alignleft size-medium wp-image-1715\" title=\"EnjoySlovakiaTours_the_best_teambuilding\" src=\"http:\/\/www.enjoyslovakiasoul.com\/wp-content\/uploads\/j0439ss27jj4-300x204.jpg\" alt=\"\" width=\"300\" height=\"204\" srcset=\"https:\/\/www.enjoyslovakiasoul.com\/wp-content\/uploads\/j0439ss27jj4-300x204.jpg 300w, https:\/\/www.enjoyslovakiasoul.com\/wp-content\/uploads\/j0439ss27jj4-1024x698.jpg 1024w, https:\/\/www.enjoyslovakiasoul.com\/wp-content\/uploads\/j0439ss27jj4.jpg 1050w\" sizes=\"(max-width: 300px) 100vw, 300px\" \/><\/a>Motivova\u0165,\u00a0in\u0161pirova\u0165,\u00a0bavi\u0165,\u00a0informova\u0165,\u00a0in\u0161truova\u0165,\u00a0aby bol zamestnanec motivovan\u00fd za svoju pr\u00e1cu, za \u010do sa m\u00f4<em>\u017e<\/em>e zamestn\u00e1vate\u013e \u00a0 po\u010fakova\u0165. Toto s\u00fa len niektor\u00e9\u00a0z\u00a0d\u00f4vodov pre\u010do firmy organizuj\u00fa firemn\u00e9\u00a0akcie.\u00a0Bez\u00a0oh\u013eadu\u00a0na d\u00f4vody, ch\u00e1peme, \u00a0\u017ee je potrebn\u00e9\u00a0vytvori\u0165\u00a0perfektn\u00e9\u00a0akcie, pln\u00e9 kreativity, z\u00e1bavy, adrenalinu a nad\u0161enia. Za\u017eite s nami teambuilding spojen\u00fd so skvel\u00fdm\u00a0<a title=\"V prirode alebo v nadhernych hoteloch\" href=\"http:\/\/www.enjoyslovakiasoul.com\/traditonal-attractions\/natural-thermal-parks\/\" target=\"_blank\">Wellness <\/a>v kr\u00e1snom horskom prostredi na Orave, <a title=\"Tradicna zabijacka ako kedysi\" href=\"http:\/\/www.enjoyslovakiasoul.com\/traditonal-attractions\/traditional-pig-slaughter\/\" target=\"_blank\">Tradi\u010dnou zabija\u010dkou<\/a>, <a title=\"Uzi si atmosferu na salasy\" href=\"http:\/\/www.enjoyslovakiasoul.com\/traditonal-attractions\/salasnictvo\/\" target=\"_blank\">Ochutn\u00e1vkou tradi\u010dnych \u0161pecialit <\/a>\u010di vysk\u00fa\u0161ajte si tradi\u010dn\u00fa\u00a0<a title=\"Zabavte sa pri vyrobe tradicnych oravskych korbacikov\" href=\"http:\/\/www.enjoyslovakiasoul.com\/traditional-crafts-arts\/vyroba-tradicnych-korbacikov-2\/\" target=\"_blank\"><span style=\"text-decoration: underline;\">V\u00fd<\/span>robu korba\u010diko<\/a>v, <a title=\"Zabavte sa pri toceni si vlastneho vyrobku\" href=\"http:\/\/www.enjoyslovakiasoul.com\/traditional-crafts-arts\/hrnciarstvo\/\" target=\"_blank\">Tradi\u010dn\u00e9 remesl\u00e1<\/a>, za\u017eite\u00a0<a title=\"Grilujte a bavte sa s nami pri zivej hudbe\" href=\"http:\/\/www.enjoyslovakiasoul.com\/traditonal-attractions\/hubarcenie\/\" target=\"_blank\">Ve\u010der pln\u00fd dobrej n\u00e1lady, <em>\u017e<\/em>ivej hudby a grilovan\u00fdch \u0161pecial\u00edt<\/a> \u010di si u\u017eite kreat\u00edvne hry a \u0161porty.<\/p>\n<p style=\"text-align: left;\"><span style=\"color: #800080;\"><strong>Pon\u00fakame\u00a08 z\u00e1kladn\u00fdch bal\u00edkov,\u00a0z ktor\u00fdch\u00a0si m\u00f4\u017eete vybra\u0165:<\/strong><\/span><\/p>\n<div id=\"gt-res-wrap\">\n<p><strong><strong><a title=\"Fitness Team Building\" href=\"http:\/\/www.enjoyslovakiasoul.com\/fitness-team-building-in-slovakia?lang=sk\" target=\"_blank\">FITNES<\/a> \u00a0 \u00a0 \u00a0 \u00a0 \u00a0 \u00a0 \u00a0 \u00a0\u00a0\u00a0 \u00a0 \u00a0 \u00a0 \u00a0 \u00a0 \u00a0 \u00a0 \u00a0<strong>T\u00cdMOV\u00c9 \u00a0 \u00a0 \u00a0 \u00a0 \u00a0 \u00a0 \u00a0 \u00a0 \u00a0 \u00a0 \u00a0 \u00a0 \u00a0 \u00a0 \u00a0 \u00a0<strong><strong>WELLNESS -RELAX<\/strong><\/strong><\/strong><\/strong><\/strong><\/p>\n<p><strong><a href=\"http:\/\/www.enjoyslovakiasoul.com\/fitness-team-building-in-slovakia?lang=sk\"><img decoding=\"async\" loading=\"lazy\" title=\"adventure Enjoy Slovakia Tours\" src=\"http:\/\/www.enjoyslovakiasoul.com\/wp-content\/uploads\/retreats-adventure1-150x150.jpg\" alt=\"\" width=\"150\" height=\"150\" \/><\/a><\/strong><strong><strong><a href=\"http:\/\/www.enjoyslovakiasoul.com\/wp-content\/uploads\/tb_creative.jpg\"><img decoding=\"async\" loading=\"lazy\" title=\"creative_Enjoy Slovakia Tours\" src=\"http:\/\/www.enjoyslovakiasoul.com\/wp-content\/uploads\/tb_creative-150x150.jpg\" alt=\"\" width=\"150\" height=\"150\" \/><\/a> <\/strong><strong><strong><strong><a href=\"http:\/\/www.enjoyslovakiasoul.com\/wp-content\/uploads\/retreats-mind-body-soul1.jpg\"><img decoding=\"async\" loading=\"lazy\" title=\"mind-body-soul_Enjoy Slovakia Tours\" src=\"http:\/\/www.enjoyslovakiasoul.com\/wp-content\/uploads\/retreats-mind-body-soul1-150x150.jpg\" alt=\"\" width=\"150\" height=\"150\" \/><\/a><\/strong><\/strong><\/strong><\/strong><\/p>\n<\/div>\n<div><\/div>\n<div><strong>Z\u00c1BAVN\u00c9 \u00a0 \u00a0 \u00a0 \u00a0 \u00a0 \u00a0 \u00a0 \u00a0 \u00a0 \u00a0 \u00a0 \u00a0 \u00a0 POZN\u00c1VACIE \u00a0 \u00a0 \u00a0 \u00a0 \u00a0 \u00a0 \u00a0 \u00a0 \u00a0 \u0160PORTOV\u00c9<\/strong><\/div>\n<div><strong><strong><a href=\"http:\/\/www.enjoyslovakiasoul.com\/wp-content\/uploads\/hello1.jpg\"><img decoding=\"async\" loading=\"lazy\" title=\"Have fun_ Enjoy Slovakia Tours\" src=\"http:\/\/www.enjoyslovakiasoul.com\/wp-content\/uploads\/hello1-150x150.jpg\" alt=\"\" width=\"150\" height=\"150\" \/><\/a><strong><a href=\"http:\/\/www.enjoyslovakiasoul.com\/wp-content\/uploads\/happy-potter.jpg\"><img decoding=\"async\" loading=\"lazy\" title=\"potter_Enjoy Slovakia Tours\" src=\"http:\/\/www.enjoyslovakiasoul.com\/wp-content\/uploads\/happy-potter-150x150.jpg\" alt=\"\" width=\"150\" height=\"150\" \/><\/a> <strong><a href=\"http:\/\/www.enjoyslovakiasoul.com\/wp-content\/uploads\/snowtreking.jpg\"><img decoding=\"async\" loading=\"lazy\" title=\"snowtreking_Enjoy Slovakia Tours\" src=\"http:\/\/www.enjoyslovakiasoul.com\/wp-content\/uploads\/snowtreking-150x150.jpg\" alt=\"\" width=\"150\" height=\"150\" \/><\/a><\/strong><\/strong><\/strong><\/strong><\/div>\n<div><\/div>\n<div><strong><strong>KULIN\u00c1RSKE \u00a0 \u00a0 \u00a0 \u00a0 \u00a0 \u00a0 \u00a0 \u00a0 \u00a0 NIGHT CLUB<\/strong><\/strong><\/div>\n<p><strong><strong> <a href=\"http:\/\/www.enjoyslovakiasoul.com\/wp-content\/uploads\/3853860523_6a1b6eff3d_b.jpg\"><img decoding=\"async\" loading=\"lazy\" title=\"Enjoy Slovakia Tours\" src=\"http:\/\/www.enjoyslovakiasoul.com\/wp-content\/uploads\/3853860523_6a1b6eff3d_b-150x150.jpg\" alt=\"\" width=\"150\" height=\"150\" \/><\/a><\/strong><\/strong><strong><a href=\"http:\/\/www.enjoyslovakiasoul.com\/wp-content\/uploads\/Live_Event_Laser_3.jpg\"><img decoding=\"async\" loading=\"lazy\" title=\"Live_Event_Enjoy Slovakia Tours\" src=\"http:\/\/www.enjoyslovakiasoul.com\/wp-content\/uploads\/Live_Event_Laser_3-150x150.jpg\" alt=\"\" width=\"150\" height=\"150\" \/><\/a><\/strong><\/p>\n<p style=\"text-align: left;\"><strong>Te\u0161\u00edme sa na spolupr\u00e1cu s Vami, aby sme tak mohli\u00a0vytvori\u0165\u00a0jedine\u010dn\u00fa\u00a0akciu\u00a0na mieru &#8222;\u0161it\u00fa&#8220; Va\u0161im\u00a0predstav\u00e1m.<\/strong><\/p>\n<div style=\"text-align: left;\">V pripade z\u00e1ujmu alebo ak\u00fdchko\u013evek ot\u00e1zok, n\u00e1s kontaktujte na<strong><em><strong><em><strong><em><strong><em> <a title=\"Napiste nam\" href=\"http:\/\/www.enjoyslovakiasoul.com\/contact\/?lang=sk\">info@enjoyslovakiasoul.com<\/a> <\/em><\/strong><\/em><\/strong><\/em><\/strong><\/em><\/strong>alebo telefonicky na \u010d\u00edsle <em><em><em><em> <\/em><\/em><\/em><\/em><strong><strong><strong><strong><span style=\"text-decoration: underline;\"><span style=\"color: #800080;\"><a href=\"http:\/\/www.enjoyslovakiasoul.com\/contact\/\">+421-904 292 468<\/a><\/span><\/span>.<\/strong><\/strong><\/strong><\/strong><\/div>\n<\/div>\n<div>\n<div id=\"gt-res-wrap\">\n<div><strong>Pre firmy \u010falej organizujeme:<\/strong><\/div>\n<\/div>\n<div id=\"gt-res-wrap\">\n<div id=\"gt-res-content\">\n<div dir=\"ltr\">\n<ul>\n<li><span style=\"text-decoration: underline;\"><span style=\"color: #800080;\"><strong>Viano\u010dn\u00e9\u00a0ve\u010dierky<\/strong><\/span><\/span><\/li>\n<li><span style=\"text-decoration: underline;\"><span style=\"color: #800080;\"><strong>T\u00e9matick\u00e9\u00a0ve\u010dierky<\/strong><\/span><\/span><\/li>\n<li><span style=\"text-decoration: underline;\"><span style=\"color: #800080;\"><strong>Letn\u00e9 akcie<\/strong><\/span><\/span><\/li>\n<\/ul>\n<\/div>\n<\/div>\n<\/div>\n<\/div>\n<p><\/p>","protected":false},"excerpt":{"rendered":"<p>Existuje\u00a0mnoho\u00a0d\u00f4vodov,\u00a0pre\u010do\u00a0investova\u0165\u00a0\u010das\u00a0a\u00a0peniaze na\u00a0firemn\u00e9\u00a0akcie.. Motivova\u0165,\u00a0in\u0161pirova\u0165,\u00a0bavi\u0165,\u00a0informova\u0165,\u00a0in\u0161truova\u0165,\u00a0aby bol zamestnanec motivovan\u00fd za svoju pr\u00e1cu, za \u010do sa m\u00f4\u017ee zamestn\u00e1vate\u013e \u00a0 po\u010fakova\u0165. Toto s\u00fa len niektor\u00e9\u00a0z\u00a0d\u00f4vodov pre\u010do firmy organizuj\u00fa firemn\u00e9\u00a0akcie.\u00a0Bez\u00a0oh\u013eadu\u00a0na d\u00f4vody, ch\u00e1peme, \u00a0\u017ee je potrebn\u00e9\u00a0vytvori\u0165\u00a0perfektn\u00e9\u00a0akcie, pln\u00e9 kreativity, z\u00e1bavy, adrenalinu a nad\u0161enia. Za\u017eite s nami teambuilding spojen\u00fd so skvel\u00fdm\u00a0Wellness v kr\u00e1snom horskom prostredi na Orave, Tradi\u010dnou zabija\u010dkou, Ochutn\u00e1vkou tradi\u010dnych \u0161pecialit \u010di vysk\u00fa\u0161ajte [&hellip;]<\/p>\n","protected":false},"author":1,"featured_media":0,"parent":15,"menu_order":0,"comment_status":"open","ping_status":"open","template":"","meta":{"ngg_post_thumbnail":0},"yoast_head":"<!-- This site is optimized with the Yoast SEO plugin v20.3 - https:\/\/yoast.com\/wordpress\/plugins\/seo\/ -->\n<title>Teambuildings - EST Frontier Slovakia<\/title>\n<meta name=\"robots\" content=\"index, follow, max-snippet:-1, max-image-preview:large, max-video-preview:-1\" \/>\n<link rel=\"canonical\" href=\"https:\/\/www.enjoyslovakiasoul.com\/special-tours\/teambuildings\/\" \/>\n<meta property=\"og:locale\" content=\"sk_SK\" \/>\n<meta property=\"og:type\" content=\"article\" \/>\n<meta property=\"og:title\" content=\"Teambuildings - EST Frontier Slovakia\" \/>\n<meta property=\"og:description\" content=\"Existuje\u00a0mnoho\u00a0d\u00f4vodov,\u00a0pre\u010do\u00a0investova\u0165\u00a0\u010das\u00a0a\u00a0peniaze na\u00a0firemn\u00e9\u00a0akcie.. Motivova\u0165,\u00a0in\u0161pirova\u0165,\u00a0bavi\u0165,\u00a0informova\u0165,\u00a0in\u0161truova\u0165,\u00a0aby bol zamestnanec motivovan\u00fd za svoju pr\u00e1cu, za \u010do sa m\u00f4\u017ee zamestn\u00e1vate\u013e \u00a0 po\u010fakova\u0165. Toto s\u00fa len niektor\u00e9\u00a0z\u00a0d\u00f4vodov pre\u010do firmy organizuj\u00fa firemn\u00e9\u00a0akcie.\u00a0Bez\u00a0oh\u013eadu\u00a0na d\u00f4vody, ch\u00e1peme, \u00a0\u017ee je potrebn\u00e9\u00a0vytvori\u0165\u00a0perfektn\u00e9\u00a0akcie, pln\u00e9 kreativity, z\u00e1bavy, adrenalinu a nad\u0161enia. Za\u017eite s nami teambuilding spojen\u00fd so skvel\u00fdm\u00a0Wellness v kr\u00e1snom horskom prostredi na Orave, Tradi\u010dnou zabija\u010dkou, Ochutn\u00e1vkou tradi\u010dnych \u0161pecialit \u010di vysk\u00fa\u0161ajte [&hellip;]\" \/>\n<meta property=\"og:url\" content=\"https:\/\/www.enjoyslovakiasoul.com\/special-tours\/teambuildings\/\" \/>\n<meta property=\"og:site_name\" content=\"EST Frontier Slovakia\" \/>\n<meta property=\"article:modified_time\" content=\"2013-01-13T00:14:47+00:00\" \/>\n<meta property=\"og:image\" content=\"http:\/\/www.enjoyslovakiasoul.com\/wp-content\/uploads\/j043927jj4-300x204.jpg\" \/>\n<meta name=\"twitter:card\" content=\"summary_large_image\" \/>\n<meta name=\"twitter:label1\" content=\"Predpokladan\u00fd \u010das \u010d\u00edtania\" \/>\n\t<meta name=\"twitter:data1\" content=\"2 min\u00faty\" \/>\n<script type=\"application\/ld+json\" class=\"yoast-schema-graph\">{\"@context\":\"https:\/\/schema.org\",\"@graph\":[{\"@type\":\"WebPage\",\"@id\":\"https:\/\/www.enjoyslovakiasoul.com\/special-tours\/teambuildings\/\",\"url\":\"https:\/\/www.enjoyslovakiasoul.com\/special-tours\/teambuildings\/\",\"name\":\"Teambuildings - EST Frontier Slovakia\",\"isPartOf\":{\"@id\":\"https:\/\/www.enjoyslovakiasoul.com\/#website\"},\"datePublished\":\"2011-06-08T10:46:54+00:00\",\"dateModified\":\"2013-01-13T00:14:47+00:00\",\"breadcrumb\":{\"@id\":\"https:\/\/www.enjoyslovakiasoul.com\/special-tours\/teambuildings\/#breadcrumb\"},\"inLanguage\":\"sk-SK\",\"potentialAction\":[{\"@type\":\"ReadAction\",\"target\":[\"https:\/\/www.enjoyslovakiasoul.com\/special-tours\/teambuildings\/\"]}]},{\"@type\":\"BreadcrumbList\",\"@id\":\"https:\/\/www.enjoyslovakiasoul.com\/special-tours\/teambuildings\/#breadcrumb\",\"itemListElement\":[{\"@type\":\"ListItem\",\"position\":1,\"name\":\"Home\",\"item\":\"https:\/\/www.enjoyslovakiasoul.com\/\"},{\"@type\":\"ListItem\",\"position\":2,\"name\":\"Special Tours\",\"item\":\"https:\/\/www.enjoyslovakiasoul.com\/special-tours\/\"},{\"@type\":\"ListItem\",\"position\":3,\"name\":\"Teambuildings &#038; Events\"}]},{\"@type\":\"WebSite\",\"@id\":\"https:\/\/www.enjoyslovakiasoul.com\/#website\",\"url\":\"https:\/\/www.enjoyslovakiasoul.com\/\",\"name\":\"EST Frontier Slovakia\",\"description\":\"Fun, Relax, Adventure\",\"potentialAction\":[{\"@type\":\"SearchAction\",\"target\":{\"@type\":\"EntryPoint\",\"urlTemplate\":\"https:\/\/www.enjoyslovakiasoul.com\/?s={search_term_string}\"},\"query-input\":\"required name=search_term_string\"}],\"inLanguage\":\"sk-SK\"}]}<\/script>\n<!-- \/ Yoast SEO plugin. -->","yoast_head_json":{"title":"Teambuildings - EST Frontier Slovakia","robots":{"index":"index","follow":"follow","max-snippet":"max-snippet:-1","max-image-preview":"max-image-preview:large","max-video-preview":"max-video-preview:-1"},"canonical":"https:\/\/www.enjoyslovakiasoul.com\/special-tours\/teambuildings\/","og_locale":"sk_SK","og_type":"article","og_title":"Teambuildings - EST Frontier Slovakia","og_description":"Existuje\u00a0mnoho\u00a0d\u00f4vodov,\u00a0pre\u010do\u00a0investova\u0165\u00a0\u010das\u00a0a\u00a0peniaze na\u00a0firemn\u00e9\u00a0akcie.. Motivova\u0165,\u00a0in\u0161pirova\u0165,\u00a0bavi\u0165,\u00a0informova\u0165,\u00a0in\u0161truova\u0165,\u00a0aby bol zamestnanec motivovan\u00fd za svoju pr\u00e1cu, za \u010do sa m\u00f4\u017ee zamestn\u00e1vate\u013e \u00a0 po\u010fakova\u0165. Toto s\u00fa len niektor\u00e9\u00a0z\u00a0d\u00f4vodov pre\u010do firmy organizuj\u00fa firemn\u00e9\u00a0akcie.\u00a0Bez\u00a0oh\u013eadu\u00a0na d\u00f4vody, ch\u00e1peme, \u00a0\u017ee je potrebn\u00e9\u00a0vytvori\u0165\u00a0perfektn\u00e9\u00a0akcie, pln\u00e9 kreativity, z\u00e1bavy, adrenalinu a nad\u0161enia. Za\u017eite s nami teambuilding spojen\u00fd so skvel\u00fdm\u00a0Wellness v kr\u00e1snom horskom prostredi na Orave, Tradi\u010dnou zabija\u010dkou, Ochutn\u00e1vkou tradi\u010dnych \u0161pecialit \u010di vysk\u00fa\u0161ajte [&hellip;]","og_url":"https:\/\/www.enjoyslovakiasoul.com\/special-tours\/teambuildings\/","og_site_name":"EST Frontier Slovakia","article_modified_time":"2013-01-13T00:14:47+00:00","og_image":[{"url":"http:\/\/www.enjoyslovakiasoul.com\/wp-content\/uploads\/j043927jj4-300x204.jpg"}],"twitter_card":"summary_large_image","twitter_misc":{"Predpokladan\u00fd \u010das \u010d\u00edtania":"2 min\u00faty"},"schema":{"@context":"https:\/\/schema.org","@graph":[{"@type":"WebPage","@id":"https:\/\/www.enjoyslovakiasoul.com\/special-tours\/teambuildings\/","url":"https:\/\/www.enjoyslovakiasoul.com\/special-tours\/teambuildings\/","name":"Teambuildings - EST Frontier Slovakia","isPartOf":{"@id":"https:\/\/www.enjoyslovakiasoul.com\/#website"},"datePublished":"2011-06-08T10:46:54+00:00","dateModified":"2013-01-13T00:14:47+00:00","breadcrumb":{"@id":"https:\/\/www.enjoyslovakiasoul.com\/special-tours\/teambuildings\/#breadcrumb"},"inLanguage":"sk-SK","potentialAction":[{"@type":"ReadAction","target":["https:\/\/www.enjoyslovakiasoul.com\/special-tours\/teambuildings\/"]}]},{"@type":"BreadcrumbList","@id":"https:\/\/www.enjoyslovakiasoul.com\/special-tours\/teambuildings\/#breadcrumb","itemListElement":[{"@type":"ListItem","position":1,"name":"Home","item":"https:\/\/www.enjoyslovakiasoul.com\/"},{"@type":"ListItem","position":2,"name":"Special Tours","item":"https:\/\/www.enjoyslovakiasoul.com\/special-tours\/"},{"@type":"ListItem","position":3,"name":"Teambuildings &#038; Events"}]},{"@type":"WebSite","@id":"https:\/\/www.enjoyslovakiasoul.com\/#website","url":"https:\/\/www.enjoyslovakiasoul.com\/","name":"EST Frontier Slovakia","description":"Fun, Relax, Adventure","potentialAction":[{"@type":"SearchAction","target":{"@type":"EntryPoint","urlTemplate":"https:\/\/www.enjoyslovakiasoul.com\/?s={search_term_string}"},"query-input":"required name=search_term_string"}],"inLanguage":"sk-SK"}]}},"_links":{"self":[{"href":"https:\/\/www.enjoyslovakiasoul.com\/sk\/wp-json\/wp\/v2\/pages\/1189"}],"collection":[{"href":"https:\/\/www.enjoyslovakiasoul.com\/sk\/wp-json\/wp\/v2\/pages"}],"about":[{"href":"https:\/\/www.enjoyslovakiasoul.com\/sk\/wp-json\/wp\/v2\/types\/page"}],"author":[{"embeddable":true,"href":"https:\/\/www.enjoyslovakiasoul.com\/sk\/wp-json\/wp\/v2\/users\/1"}],"replies":[{"embeddable":true,"href":"https:\/\/www.enjoyslovakiasoul.com\/sk\/wp-json\/wp\/v2\/comments?post=1189"}],"version-history":[{"count":81,"href":"https:\/\/www.enjoyslovakiasoul.com\/sk\/wp-json\/wp\/v2\/pages\/1189\/revisions"}],"predecessor-version":[{"id":1492,"href":"https:\/\/www.enjoyslovakiasoul.com\/sk\/wp-json\/wp\/v2\/pages\/1189\/revisions\/1492"}],"up":[{"embeddable":true,"href":"https:\/\/www.enjoyslovakiasoul.com\/sk\/wp-json\/wp\/v2\/pages\/15"}],"wp:attachment":[{"href":"https:\/\/www.enjoyslovakiasoul.com\/sk\/wp-json\/wp\/v2\/media?parent=1189"}],"curies":[{"name":"wp","href":"https:\/\/api.w.org\/{rel}","templated":true}]}}