
{"id":1193,"date":"2011-06-08T10:47:45","date_gmt":"2011-06-08T10:47:45","guid":{"rendered":"http:\/\/www.enjoyslovakiasoul.com\/?page_id=1193"},"modified":"2013-01-13T00:10:53","modified_gmt":"2013-01-13T00:10:53","slug":"students-away-on-ski-holidays","status":"publish","type":"page","link":"https:\/\/www.enjoyslovakiasoul.com\/sk\/special-tours\/students-away-on-ski-holidays\/","title":{"rendered":"Ly\u017eiarsky pobyt na Orave"},"content":{"rendered":"<p><\/p>\n<h4 style=\"text-align: center;\"><span style=\"color: #000000;\"><span style=\"font-size: 20px; font-weight: bold;\"><strong>T\u00e1 najlep\u0161ia ly\u017eova\u010dka na Orave &#8211; len 40 m od n\u00e1\u0161ho ubytovania &#8211; <\/strong><\/span><span style=\"font-size: 20px;\"><strong>Janovky &#8211; Zuberec<\/strong><\/span><\/span><\/h4>\n<p style=\"text-align: left;\"><span style=\"color: #ff0000;\">Nev\u00e1haj a daj si n\u00e1s do kontaktu lebo m\u00e1me pre teba SKVEL\u00da Z\u013dAVU na pernamentku u\u017e od 3 -d\u0148ovej ly\u017eova\u010dky priamo v Zuberci!!<\/span><\/p>\n<p style=\"text-align: left;\"><span style=\"color: #ff0000;\"><img decoding=\"async\" loading=\"lazy\" class=\"alignright size-medium wp-image-1584\" style=\"border: 0px initial initial;\" title=\"ski &amp; have fun\" src=\"http:\/\/www.enjoyslovakiasoul.com\/wp-content\/uploads\/skier-fun-300x300.jpg\" alt=\"\" width=\"300\" height=\"300\" srcset=\"https:\/\/www.enjoyslovakiasoul.com\/wp-content\/uploads\/skier-fun-300x300.jpg 300w, https:\/\/www.enjoyslovakiasoul.com\/wp-content\/uploads\/skier-fun-150x150.jpg 150w, https:\/\/www.enjoyslovakiasoul.com\/wp-content\/uploads\/skier-fun.jpg 325w\" sizes=\"(max-width: 300px) 100vw, 300px\" \/><\/span><\/p>\n<address style=\"text-align: left;\"><span style=\"color: #800080;\"><strong>Ubytuj sa len 40 m od ly\u017eiarskeho <\/strong><strong>strediska<\/strong><\/span><\/address>\n<div>\n<address style=\"text-align: left;\"><span style=\"color: #800080;\"><strong>Janovky <\/strong><\/span><span style=\"color: #800080;\"><strong>za SUPER cenu len <span style=\"color: #000000;\">7,90 Eur \/ noc<\/span><\/strong><\/span><\/address>\n<address style=\"text-align: left;\"><span style=\"color: #800080;\"><strong><span style=\"color: #000000;\"><\/p>\n<p><\/span><\/strong><\/span><\/address>\n<address style=\"text-align: left;\">\u00a0<\/address>\n<address style=\"text-align: left;\">\u00a0<\/address>\n<address style=\"text-align: left;\"><span style=\"color: #800080;\"><strong><span style=\"color: #000000;\"><\/p>\n<p><\/span><\/strong><\/span><\/address>\n<address>\u00a0<\/address>\n<div>\n<address style=\"text-align: left;\"><span style=\"color: #800080;\"><strong>a vyu\u017e\u00edvaj na\u0161e cenov\u00e9 v\u00fdhody<\/strong><\/span><\/address>\n<address style=\"text-align: left;\">\u00a0<\/address>\n<address style=\"text-align: left;\"><span style=\"color: #800080;\"><strong><\/p>\n<p><\/strong><\/span><\/address>\n<address style=\"text-align: left;\">\u00a0<\/address>\n<address style=\"text-align: left;\"><span style=\"color: #800080;\"><strong><\/p>\n<p><\/strong><\/span><\/address>\n<address style=\"text-align: left;\"><span style=\"color: #800080;\"><strong>na tvojej ly\u017eova\u010dke!<\/strong><\/span><\/address>\n<h3 style=\"text-align: center;\"><span style=\"color: #000000;\"><strong>Cena pobytu 125,- Eur \/ osoba<\/strong><\/span><\/h3>\n<div>\n<h6 style=\"text-align: center;\"><span style=\"color: #000000;\"><span style=\"font-size: 13px; font-weight: normal;\"><strong>5 dn\u00ed \/ 4 noci v ub<strong>ytov\u0148a Janovky \/<\/strong><\/strong><\/span><\/span><\/h6>\n<h6 style=\"text-align: center;\"><span style=\"font-size: 13px; font-weight: normal; color: #000000;\"><strong><strong>pln\u00e1 penzia \/<\/strong><\/strong><\/span><\/h6>\n<h6 style=\"text-align: center;\"><span style=\"color: #000000;\"><span style=\"font-size: 13px; font-weight: normal;\"><strong><strong>5 x skipas<\/strong><\/strong><\/span><\/span><\/h6>\n<ul>\n<li>\n<ul>\n<li><strong>V cene slu\u017eby:<\/strong><\/li>\n<li><strong>&#8211; ubytovanie\n<p>Ubytov\u0148a Janovky v centre Zuberca, len 50 m od najlep\u0161ieho ski centra Janovky, Roh\u00e1\u010de, Z\u00e1padn\u00e9 Tatry<\/strong><\/li>\n<li><strong>&#8211; k dispoz\u00edcii max. 11\/2 + 15 \/ 3 l\u00f4\u017ekov\u00e9 \u00a0izby , 2\/4 l\u00f4\u017ekov\u00e9 Apartm\u00e1ny<\/strong><\/li>\n<li><strong>&#8211; v\u00fdcvik v ly\u017eiarskom stredisku Janovky, Milot\u00edn, Sp\u00e1len\u00e1 \/ od 40 m od ubytovania \/<\/strong><\/li>\n<li>3 vleky od 200 &#8211; 1200 m. Ly\u017eiarske podmienky od za\u010diato\u010dn\u00edkov a\u017e<\/li>\n<li>po pokro\u010dil\u00fdch. Mo\u017enos\u0165 uskladnenia ly\u017eiarskej v\u00fdstroje v stredisku.<\/li>\n<li>Info na info@enjoyslovakiasoul.com<\/li>\n<li><strong>&#8211; Skipas na 5 dn\u00ed<\/strong><img decoding=\"async\" loading=\"lazy\" class=\"size-medium wp-image-1585 alignright\" style=\"float: right; border: 0px initial initial;\" title=\"Ly\u017eiarsky pobyt 2011\/2012\" src=\"http:\/\/www.enjoyslovakiasoul.com\/wp-content\/uploads\/Ly\u017eiarsky-pobyt-2012-300x300.jpg\" alt=\"\" width=\"300\" height=\"300\" srcset=\"https:\/\/www.enjoyslovakiasoul.com\/wp-content\/uploads\/Ly\u017eiarsky-pobyt-2012-300x300.jpg 300w, https:\/\/www.enjoyslovakiasoul.com\/wp-content\/uploads\/Ly\u017eiarsky-pobyt-2012-150x150.jpg 150w, https:\/\/www.enjoyslovakiasoul.com\/wp-content\/uploads\/Ly\u017eiarsky-pobyt-2012.jpg 325w\" sizes=\"(max-width: 300px) 100vw, 300px\" \/><\/li>\n<li><strong>&#8211; pln\u00e1 penzia v ubytovacom zariaden\u00ed<\/strong><\/li>\n<li>Ra\u0148ajky \/ kontinent\u00e1lne, tepl\u00e9 n\u00e1poje<\/li>\n<li>Obedy \/ 1 chodov\u00e9 menu, n\u00e1poj \/<\/li>\n<li>Ve\u010dere \/ 1 chodov\u00e9 menu, n\u00e1poj\/<\/li>\n<\/ul>\n<\/li>\n<\/ul>\n<ul>\n<ul>\n<li>\n<ul>\n<li><strong>Bonusy :<\/strong><\/li>\n<li><strong>&#8211; 1 x denne &#8211; ovocie\/dezert &#8211; gr\u00e1tis<\/strong><\/li>\n<li><strong>&#8211; K dispoz\u00edcii spolo\u010densk\u00e1 miestnos\u0165 so satelitnou TV + biliard + stoln\u00fd tenis<\/strong><\/li>\n<li><strong>&#8211; Na 10 \u0161tudentov 1 pedag\u00f3g &#8211; pobyt zdarma.<\/strong><\/li>\n<li><strong>Mo\u017enos\u0165 vyu\u017eitia sauny, squash, jazda na koni, bowling za zv\u00fdhodnen\u00fa cenu v okol\u00ed<\/strong><\/li>\n<li><strong>Odpor\u00fa\u010dame:<\/strong><\/li>\n<li><strong>Doplnkov\u00fd program<\/strong> &#8211; n\u00e1v\u0161teva historick\u00fdch pamiatok: Oravsk\u00fd Hrad, Skanzen Oravskej dediny, Unesco dreven\u00fd kostl\u00edk, a \u010fal\u0161ie<\/li>\n<li>Turistick\u00fa vych\u00e1dzku v Z\u00e1padn\u00fdch Tatr\u00e1ch &#8211; Roh\u00e1\u010de, be\u017ekovanie, sne\u017enice, psie z\u00e1prahy<\/li>\n<li><strong>Akcia plat\u00ed len do 31.3.2012 za podmienky skupiny v\u00e4\u010d\u0161ej ako 24 os\u00f4b.<\/strong><\/li>\n<\/ul>\n<\/li>\n<\/ul>\n<\/ul>\n<div><strong><span style=\"font-weight: normal;\"><strong><\/p>\n<p><\/strong><\/span><\/strong><\/div>\n<p>If you are interested or you are looking for more information, please contact us at<a title=\"Contact us\" href=\"http:\/\/www.enjoyslovakiasoul.com\/contact\/?lang=sk?lang=en\">info@enjoyslovakiasoul.com<\/a>.<\/p>\n<\/div>\n<\/div>\n<\/div>\n<p><\/p>","protected":false},"excerpt":{"rendered":"<p>T\u00e1 najlep\u0161ia ly\u017eova\u010dka na Orave &#8211; len 40 m od n\u00e1\u0161ho ubytovania &#8211; Janovky &#8211; Zuberec Nev\u00e1haj a daj si n\u00e1s do kontaktu lebo m\u00e1me pre teba SKVEL\u00da Z\u013dAVU na pernamentku u\u017e od 3 -d\u0148ovej ly\u017eova\u010dky priamo v Zuberci!! Ubytuj sa len 40 m od ly\u017eiarskeho strediska Janovky za SUPER cenu len 7,90 Eur \/ [&hellip;]<\/p>\n","protected":false},"author":1,"featured_media":0,"parent":15,"menu_order":0,"comment_status":"open","ping_status":"open","template":"","meta":{"ngg_post_thumbnail":0},"yoast_head":"<!-- This site is optimized with the Yoast SEO plugin v20.3 - https:\/\/yoast.com\/wordpress\/plugins\/seo\/ -->\n<title>Ly\u017eiarsky pobyt na Orave - EST Frontier Slovakia<\/title>\n<meta name=\"robots\" content=\"index, follow, max-snippet:-1, max-image-preview:large, max-video-preview:-1\" \/>\n<link rel=\"canonical\" href=\"https:\/\/www.enjoyslovakiasoul.com\/special-tours\/students-away-on-ski-holidays\/\" \/>\n<meta property=\"og:locale\" content=\"sk_SK\" \/>\n<meta property=\"og:type\" content=\"article\" \/>\n<meta property=\"og:title\" content=\"Ly\u017eiarsky pobyt na Orave - EST Frontier Slovakia\" \/>\n<meta property=\"og:description\" content=\"T\u00e1 najlep\u0161ia ly\u017eova\u010dka na Orave &#8211; len 40 m od n\u00e1\u0161ho ubytovania &#8211; Janovky &#8211; Zuberec Nev\u00e1haj a daj si n\u00e1s do kontaktu lebo m\u00e1me pre teba SKVEL\u00da Z\u013dAVU na pernamentku u\u017e od 3 -d\u0148ovej ly\u017eova\u010dky priamo v Zuberci!! Ubytuj sa len 40 m od ly\u017eiarskeho strediska Janovky za SUPER cenu len 7,90 Eur \/ [&hellip;]\" \/>\n<meta property=\"og:url\" content=\"https:\/\/www.enjoyslovakiasoul.com\/special-tours\/students-away-on-ski-holidays\/\" \/>\n<meta property=\"og:site_name\" content=\"EST Frontier Slovakia\" \/>\n<meta property=\"article:modified_time\" content=\"2013-01-13T00:10:53+00:00\" \/>\n<meta property=\"og:image\" content=\"http:\/\/www.enjoyslovakiasoul.com\/wp-content\/uploads\/skier-fun-300x300.jpg\" \/>\n<meta name=\"twitter:card\" content=\"summary_large_image\" \/>\n<meta name=\"twitter:label1\" content=\"Predpokladan\u00fd \u010das \u010d\u00edtania\" \/>\n\t<meta name=\"twitter:data1\" content=\"3 min\u00faty\" \/>\n<script type=\"application\/ld+json\" class=\"yoast-schema-graph\">{\"@context\":\"https:\/\/schema.org\",\"@graph\":[{\"@type\":\"WebPage\",\"@id\":\"https:\/\/www.enjoyslovakiasoul.com\/special-tours\/students-away-on-ski-holidays\/\",\"url\":\"https:\/\/www.enjoyslovakiasoul.com\/special-tours\/students-away-on-ski-holidays\/\",\"name\":\"Ly\u017eiarsky pobyt na Orave - EST Frontier Slovakia\",\"isPartOf\":{\"@id\":\"https:\/\/www.enjoyslovakiasoul.com\/#website\"},\"datePublished\":\"2011-06-08T10:47:45+00:00\",\"dateModified\":\"2013-01-13T00:10:53+00:00\",\"breadcrumb\":{\"@id\":\"https:\/\/www.enjoyslovakiasoul.com\/special-tours\/students-away-on-ski-holidays\/#breadcrumb\"},\"inLanguage\":\"sk-SK\",\"potentialAction\":[{\"@type\":\"ReadAction\",\"target\":[\"https:\/\/www.enjoyslovakiasoul.com\/special-tours\/students-away-on-ski-holidays\/\"]}]},{\"@type\":\"BreadcrumbList\",\"@id\":\"https:\/\/www.enjoyslovakiasoul.com\/special-tours\/students-away-on-ski-holidays\/#breadcrumb\",\"itemListElement\":[{\"@type\":\"ListItem\",\"position\":1,\"name\":\"Home\",\"item\":\"https:\/\/www.enjoyslovakiasoul.com\/\"},{\"@type\":\"ListItem\",\"position\":2,\"name\":\"Special Tours\",\"item\":\"https:\/\/www.enjoyslovakiasoul.com\/special-tours\/\"},{\"@type\":\"ListItem\",\"position\":3,\"name\":\"Students away on ski holidays\"}]},{\"@type\":\"WebSite\",\"@id\":\"https:\/\/www.enjoyslovakiasoul.com\/#website\",\"url\":\"https:\/\/www.enjoyslovakiasoul.com\/\",\"name\":\"EST Frontier Slovakia\",\"description\":\"Fun, Relax, Adventure\",\"potentialAction\":[{\"@type\":\"SearchAction\",\"target\":{\"@type\":\"EntryPoint\",\"urlTemplate\":\"https:\/\/www.enjoyslovakiasoul.com\/?s={search_term_string}\"},\"query-input\":\"required name=search_term_string\"}],\"inLanguage\":\"sk-SK\"}]}<\/script>\n<!-- \/ Yoast SEO plugin. -->","yoast_head_json":{"title":"Ly\u017eiarsky pobyt na Orave - EST Frontier Slovakia","robots":{"index":"index","follow":"follow","max-snippet":"max-snippet:-1","max-image-preview":"max-image-preview:large","max-video-preview":"max-video-preview:-1"},"canonical":"https:\/\/www.enjoyslovakiasoul.com\/special-tours\/students-away-on-ski-holidays\/","og_locale":"sk_SK","og_type":"article","og_title":"Ly\u017eiarsky pobyt na Orave - EST Frontier Slovakia","og_description":"T\u00e1 najlep\u0161ia ly\u017eova\u010dka na Orave &#8211; len 40 m od n\u00e1\u0161ho ubytovania &#8211; Janovky &#8211; Zuberec Nev\u00e1haj a daj si n\u00e1s do kontaktu lebo m\u00e1me pre teba SKVEL\u00da Z\u013dAVU na pernamentku u\u017e od 3 -d\u0148ovej ly\u017eova\u010dky priamo v Zuberci!! Ubytuj sa len 40 m od ly\u017eiarskeho strediska Janovky za SUPER cenu len 7,90 Eur \/ [&hellip;]","og_url":"https:\/\/www.enjoyslovakiasoul.com\/special-tours\/students-away-on-ski-holidays\/","og_site_name":"EST Frontier Slovakia","article_modified_time":"2013-01-13T00:10:53+00:00","og_image":[{"url":"http:\/\/www.enjoyslovakiasoul.com\/wp-content\/uploads\/skier-fun-300x300.jpg"}],"twitter_card":"summary_large_image","twitter_misc":{"Predpokladan\u00fd \u010das \u010d\u00edtania":"3 min\u00faty"},"schema":{"@context":"https:\/\/schema.org","@graph":[{"@type":"WebPage","@id":"https:\/\/www.enjoyslovakiasoul.com\/special-tours\/students-away-on-ski-holidays\/","url":"https:\/\/www.enjoyslovakiasoul.com\/special-tours\/students-away-on-ski-holidays\/","name":"Ly\u017eiarsky pobyt na Orave - EST Frontier Slovakia","isPartOf":{"@id":"https:\/\/www.enjoyslovakiasoul.com\/#website"},"datePublished":"2011-06-08T10:47:45+00:00","dateModified":"2013-01-13T00:10:53+00:00","breadcrumb":{"@id":"https:\/\/www.enjoyslovakiasoul.com\/special-tours\/students-away-on-ski-holidays\/#breadcrumb"},"inLanguage":"sk-SK","potentialAction":[{"@type":"ReadAction","target":["https:\/\/www.enjoyslovakiasoul.com\/special-tours\/students-away-on-ski-holidays\/"]}]},{"@type":"BreadcrumbList","@id":"https:\/\/www.enjoyslovakiasoul.com\/special-tours\/students-away-on-ski-holidays\/#breadcrumb","itemListElement":[{"@type":"ListItem","position":1,"name":"Home","item":"https:\/\/www.enjoyslovakiasoul.com\/"},{"@type":"ListItem","position":2,"name":"Special Tours","item":"https:\/\/www.enjoyslovakiasoul.com\/special-tours\/"},{"@type":"ListItem","position":3,"name":"Students away on ski holidays"}]},{"@type":"WebSite","@id":"https:\/\/www.enjoyslovakiasoul.com\/#website","url":"https:\/\/www.enjoyslovakiasoul.com\/","name":"EST Frontier Slovakia","description":"Fun, Relax, Adventure","potentialAction":[{"@type":"SearchAction","target":{"@type":"EntryPoint","urlTemplate":"https:\/\/www.enjoyslovakiasoul.com\/?s={search_term_string}"},"query-input":"required name=search_term_string"}],"inLanguage":"sk-SK"}]}},"_links":{"self":[{"href":"https:\/\/www.enjoyslovakiasoul.com\/sk\/wp-json\/wp\/v2\/pages\/1193"}],"collection":[{"href":"https:\/\/www.enjoyslovakiasoul.com\/sk\/wp-json\/wp\/v2\/pages"}],"about":[{"href":"https:\/\/www.enjoyslovakiasoul.com\/sk\/wp-json\/wp\/v2\/types\/page"}],"author":[{"embeddable":true,"href":"https:\/\/www.enjoyslovakiasoul.com\/sk\/wp-json\/wp\/v2\/users\/1"}],"replies":[{"embeddable":true,"href":"https:\/\/www.enjoyslovakiasoul.com\/sk\/wp-json\/wp\/v2\/comments?post=1193"}],"version-history":[{"count":53,"href":"https:\/\/www.enjoyslovakiasoul.com\/sk\/wp-json\/wp\/v2\/pages\/1193\/revisions"}],"predecessor-version":[{"id":3389,"href":"https:\/\/www.enjoyslovakiasoul.com\/sk\/wp-json\/wp\/v2\/pages\/1193\/revisions\/3389"}],"up":[{"embeddable":true,"href":"https:\/\/www.enjoyslovakiasoul.com\/sk\/wp-json\/wp\/v2\/pages\/15"}],"wp:attachment":[{"href":"https:\/\/www.enjoyslovakiasoul.com\/sk\/wp-json\/wp\/v2\/media?parent=1193"}],"curies":[{"name":"wp","href":"https:\/\/api.w.org\/{rel}","templated":true}]}}