
{"id":1201,"date":"2011-06-08T10:49:09","date_gmt":"2011-06-08T10:49:09","guid":{"rendered":"http:\/\/www.enjoyslovakiasoul.com\/?page_id=1201"},"modified":"2011-10-06T06:32:00","modified_gmt":"2011-10-06T06:32:00","slug":"bio-tours","status":"publish","type":"page","link":"https:\/\/www.enjoyslovakiasoul.com\/sk\/special-tours\/bio-tours\/","title":{"rendered":"UNESCO tour"},"content":{"rendered":"<p><a href=\"http:\/\/www.enjoyslovakiasoul.com\/wp-content\/uploads\/bratislava-slovakia_391.jpg\"><img decoding=\"async\" loading=\"lazy\" class=\"alignleft\" title=\"bratislava\" src=\"http:\/\/www.enjoyslovakiasoul.com\/wp-content\/uploads\/bratislava-slovakia_391-300x225.jpg\" alt=\"\" width=\"243\" height=\"183\" \/><\/a><\/p>\n<p>&nbsp;<\/p>\n<p><span style=\"color: #800080;\"><strong>DAY 1 &#8211; Welcome to Bratislava<\/strong><\/span><\/p>\n<p>Welcome at the airport, transfer to the hotel by personal tour guide who will explain all the details about your trip.<\/p>\n<p>Welcome Dinner &amp; overnight stay in Bratislava.<\/p>\n<p>&nbsp;<\/p>\n<p><img decoding=\"async\" loading=\"lazy\" class=\"alignright\" title=\"unesco\" src=\"http:\/\/www.enjoyslovakiasoul.com\/wp-content\/uploads\/unesco.gif\" alt=\"\" width=\"300\" height=\"150\" \/><\/p>\n<p>&nbsp;<\/p>\n<p><span style=\"color: #800080;\"><strong>DAY 2 &#8211;<\/strong> <strong>Bratislava &amp; Banska Stiavnica<\/strong><\/span><\/p>\n<p>Breakfast at ~8 am followed by meeting with your tour guide at the hotel and start of the tour of Bratislava \u2013 the capital city, visiting attractions such as:<\/p>\n<ul>\n<li>Primate\u2018s Palace \u2013 a\u00a0marvelous Classicist and largest palace in Bratislava where the Treaty of Pressburg was signed in 1805<\/li>\n<li>St. Martin\u2018s Cathedral &#8211; one of the largest gothic constructions in Bratislava where the coronations of 19 rulers took place between 1563-1830,\u00a0 including Austro-Hungarian empress Maria Theresa<\/li>\n<li>Michael\u2018s gate &#8211; the only preserved city gate, ranking among the oldest town buildings<\/li>\n<li>historical narrow streets, squares, Slovak National Theatre and of course the historic Bratislava castle.<\/li>\n<\/ul>\n<p>During the tour we will stop for a\u00a0lunch in the city centre<\/p>\n<p>Later in the afternoon we\u2019ll depart for the town of Banska Stiavnica (apx. 2.5 hrs drive), to visit this medieval historic mining town,\u00a0 built in 1238 and got a\u00a0privilage of royal town. This town was designated by UNESCO as the World\u00a0 Heritage site in 1993.\u00a0 We\u2019ll visit landmarks such is the Old and New Castles, the Holy Trinity Square, Mining Museum,\u00a0 \u201cKlopacka\u201d\u00a0 tower and other historic sites.<\/p>\n<p>Dinner &amp; overnight stay in Banska Stiavnica<strong> <\/strong><\/p>\n<p><strong><a href=\"http:\/\/www.enjoyslovakiasoul.com\/wp-content\/uploads\/vlkolinec-unesco.jpg\"><br \/>\n<\/a><a href=\"http:\/\/www.enjoyslovakiasoul.com\/wp-content\/uploads\/757283-obec-vlkolinec-pamiatka-unesco-www.vyhodykariet.sk_.jpg\"><img decoding=\"async\" loading=\"lazy\" class=\"alignleft\" title=\"vlkolinec\" src=\"http:\/\/www.enjoyslovakiasoul.com\/wp-content\/uploads\/757283-obec-vlkolinec-pamiatka-unesco-www.vyhodykariet.sk_-300x225.jpg\" alt=\"\" width=\"300\" height=\"225\" \/><\/a><\/strong><\/p>\n<p><strong><a href=\"http:\/\/www.enjoyslovakiasoul.com\/wp-content\/uploads\/757283-obec-vlkolinec-pamiatka-unesco-www.vyhodykariet.sk_.jpg\"><\/a><span style=\"color: #800080;\">DAY 3 \u2013<\/span><\/strong><span style=\"color: #800080;\"> <strong>Vlkolinec Village, Stara Lubovna, Bardejov<\/strong><\/span><\/p>\n<p>Breakfast and transfer to Vlkolinec Village, an outdoor museum of regional architecture from 16th to 19th century.\u00a0 Village has over 40 historic houses, some of them still occupied. Vlkolinec is designated as a\u00a0world\u2019s heritage site by UNESCO.<\/p>\n<p>Lunch and Break in the traditional Slovak restaurant \u201cSalas\u201c (Salas\u00a0 Krajinka).<\/p>\n<p>Transfer to Bardejov, stopping in Stara Lubovna, a beautiful historic town dating back to 13th century. It is dominated by its castle on the hill above the town. Another point of interest is\u00a0<em>Lubovnansky skanzen<\/em> \u2013 an open air musem of historic houses showing the traditional architecture of the region.<\/p>\n<p>Transfer, dinner and overnight stay in Bardejov.<\/p>\n<p>&nbsp;<\/p>\n<p><span style=\"color: #800080;\"><strong>DAY 4<\/strong> &#8211;\u00a0<strong>Bardejov, Kosice<\/strong><\/span><\/p>\n<p>Breakfast, followed by a\u00a0tour of Bardejov, UNESCO\u2019s World Heritage Site. One of the main landmarks is the St. Aegidius Cathedral, completed in 15<sup>th<\/sup> century. It contains priceless eleven Gothic altars with original panel paintings. The picturesque central square is surrounded by well-preserved Gothic and Renaissance burgher\u2019s houses. Other historic landmarks are the town hall &#8211; built in 1505, fortification system and town walls dating back to 14<sup>th<\/sup> and 15<sup>th<\/sup> centuries, small Jewish quarter with 18<sup>th<\/sup>century synagogue and more.<\/p>\n<p>Transfer to Kosice &#8211; the second largest city in Slovakia, located in eastern part of the country on the river Hornad.\u00a0 Majority of historic landmarks are located around Main Street, one of the most visited is Slovakia\u2019s largest church, the 14the century St. Elisabeth Cathedral.\u00a0 Other nearby landmarks are St. Michael Chapel, St. Urban Tower and the neo-baroque State Theater in the center of town.<\/p>\n<p>Dinner &amp; overnight stay \u00a0in Kosice.<\/p>\n<p>&nbsp;<\/p>\n<p><strong><a href=\"http:\/\/www.enjoyslovakiasoul.com\/wp-content\/uploads\/49894.jpg\"><img decoding=\"async\" loading=\"lazy\" class=\"alignleft\" title=\"cave\" src=\"http:\/\/www.enjoyslovakiasoul.com\/wp-content\/uploads\/49894.jpg\" alt=\"\" width=\"300\" height=\"200\" \/><\/a><span style=\"color: #800080;\">DAY 5<\/span><\/strong><span style=\"color: #800080;\"> &#8211;\u00a0<strong>Slovak Karst, Dobsinska Ice Cave &amp; Ochtinska Aragonite Cave<\/strong><\/span><\/p>\n<p>Breakfast, then \u00a0transfer to Slovak Karst (<em>Slovensky kras<\/em>) \u2013 a mountain range in the Cartpathians in southern Slovakia, consisting of a complex and huge karst plains and plateaus.<\/p>\n<p>Lunch break in the beautiful surroundings of the Slovak Karst.<\/p>\n<p>Visit to\u00a0<em>Dobsinska Ice Cave<\/em> and\u00a0<em>Ochtinska Aragonite Cave<\/em>, both included in the UNESCO World Heritage list. Dobsinska Cave was discovered in 1870, it is apx. 1,480 meters long of which 515 meters are open to public from May to September.<\/p>\n<p>Ochtinska Aragonite Cave is a unique aragonite cave, only about 300 meters long but famous for its rare aragonite clusters. At the present time, there are only three aragonite caves in the world.<\/p>\n<p>Dinner &amp; overnight stay in a traditional wooden hut, surrounded by beautiful mountain range \u00a0(Drevenica Sumiac).<\/p>\n<p>&nbsp;<\/p>\n<p>&nbsp;<\/p>\n<p><strong><span style=\"color: #800080;\">DAY 6 &#8211; Levoca, Spis <\/span><\/strong><img decoding=\"async\" loading=\"lazy\" class=\"alignright\" title=\"spissky_hrad\" src=\"http:\/\/www.enjoyslovakiasoul.com\/wp-content\/uploads\/spissky_hrad_1x-300x201.jpg\" alt=\"\" width=\"300\" height=\"201\" \/><strong><span style=\"color: #800080;\">Castle<\/span><\/strong><\/p>\n<p><strong><br \/>\n<\/strong><\/p>\n<p>Breakfast and departure for the tour of the town of Levoca, established\u00a0 in the 13th century. Town is located in the historic region of Spis. Many historic landmarks are located within the town\u2019s ancient fortified walls. Master Paul\u2019s Town square boasts the Old Town Hall, Evangelical Lutheran Church (1837) and the 14th century Roman Catholic Church of St. James, housing a magnificently carved and painted wooden Gothic altar, the largest in Europe.<\/p>\n<p>The Spis Castle is the next stop, it is one of the largest castle sites in Central Europe. The castle is situated above the town of Spi\u0161sk\u00e9 Podhradie.\u00a0 Spis Castle was built in the 12th century on the site of an earlier castle. It was the political, administrative, economic and cultural center of Szepes (Spis), County of the Kingdom of Hungary.\u00a0 Before 1464, it was owned by the kings of Hungary, afterwards (until 1528) by the Z\u00e1polya family, the Thurzo family (1531-1635), the Cs\u00e1ky family (1638-1945), \u0430nd since 1945 by the state Slovakia.<\/p>\n<p>Lunch in Levoca<\/p>\n<p>Transfer to Bratislava, Dinner &amp; overnight stay in Bratislava.<\/p>\n<p>&nbsp;<\/p>\n<p><span style=\"color: #800080;\"><strong>DAY 7 \u2013 Good-bye Slovakia<\/strong><\/span><\/p>\n<p>After breakfast and check-out, you will have a free time for shopping &amp; spending your last minutes in the beautiful City Centre of Bratislava until your departure and transfer to the airport.<\/p>\n<p>&nbsp;<\/p>\n<h3><span style=\"color: #000000;\">Price: 68<strong>0<em>Eur<\/em><\/strong><\/span><\/h3>\n<p><strong><span style=\"color: #000000;\"><em>Please, c<\/em><\/span><em><strong><em><span style=\"color: #000000;\"><strong>ontact us\u00a0if you are\u00a0interested or f<strong><em>or more information<\/em><\/strong>at <\/strong><\/span><a title=\"Napiste nam\" href=\"http:\/\/www.enjoyslovakiasoul.com\/contact\/?lang=sk\"><span style=\"color: #000000;\"><em><strong><em><strong><em> <\/em><\/strong><\/em><\/strong><\/em><\/span><\/a><em><strong><em><strong><em><a title=\"Napiste nam\" href=\"http:\/\/www.enjoyslovakiasoul.com\/contact\/?lang=sk\">info@enjoyslovakiasoul.com<\/a><\/em><\/strong><\/em><\/strong><\/em><\/em><\/strong><\/em><\/strong><\/p>\n<p>&nbsp;<\/p>\n<p><span style=\"text-decoration: underline;\"><strong>Accommodation details<\/strong><\/span><\/p>\n<ul>\n<li>breakfast included<\/li>\n<li>there is a\u00a0possibility to check your accommodation on the official hotel website<\/li>\n<li>price is based on 2 people per room<\/li>\n<li>single person per room available with a surcharge<\/li>\n<li>rooms are equipped with bathroom, shower or bath with WC, TV, radio<\/li>\n<\/ul>\n<p><span style=\"text-decoration: underline;\"><strong>Included in the price<\/strong><\/span><\/p>\n<ul>\n<li>your professional guide, driver and translator\/assistant<\/li>\n<li>6x accommodation with breakfast<\/li>\n<\/ul>\n<ul>\n<li>1x welcome lunch<\/li>\n<li>1 x traditional barbecue lunch<\/li>\n<li>all transfers around Slovakia<\/li>\n<li>refreshments<\/li>\n<li>Fuel and all parking &amp; highway tolls<\/li>\n<li>map of Bratislava &amp; map of Slovakia, information material (brochures, leaflets)<\/li>\n<li>entrance fees to all museums, spa and other attractions<\/li>\n<li>personal CD-ROM with Photos of your trip<\/li>\n<\/ul>\n<p><span style=\"text-decoration: underline;\"><strong>NOT included in the price<\/strong><\/span><\/p>\n<ul>\n<li>flights to\/from Slovakia<\/li>\n<li>return airport transfers (will be arranged)<\/li>\n<li>lunch, dinner<\/li>\n<li>alcoholic &amp; non-alcoholic drinks<\/li>\n<li>souvenirs, tips<\/li>\n<li>any other trips not mentioned in this itinerary<\/li>\n<\/ul>\n<p>&nbsp;<\/p>\n<p>&nbsp;<\/p>","protected":false},"excerpt":{"rendered":"<p>&nbsp; DAY 1 &#8211; Welcome to Bratislava Welcome at the airport, transfer to the hotel by personal tour guide who will explain all the details about your trip. Welcome Dinner &amp; overnight stay in Bratislava. &nbsp; &nbsp; DAY 2 &#8211; Bratislava &amp; Banska Stiavnica Breakfast at ~8 am followed by meeting with your tour guide [&hellip;]<\/p>\n","protected":false},"author":1,"featured_media":0,"parent":15,"menu_order":0,"comment_status":"open","ping_status":"open","template":"","meta":{"ngg_post_thumbnail":0},"yoast_head":"<!-- This site is optimized with the Yoast SEO plugin v20.3 - https:\/\/yoast.com\/wordpress\/plugins\/seo\/ -->\n<title>UNESCO tour - EST Frontier Slovakia<\/title>\n<meta name=\"robots\" content=\"index, follow, max-snippet:-1, max-image-preview:large, max-video-preview:-1\" \/>\n<link rel=\"canonical\" href=\"https:\/\/www.enjoyslovakiasoul.com\/special-tours\/bio-tours\/\" \/>\n<meta property=\"og:locale\" content=\"sk_SK\" \/>\n<meta property=\"og:type\" content=\"article\" \/>\n<meta property=\"og:title\" content=\"UNESCO tour - EST Frontier Slovakia\" \/>\n<meta property=\"og:description\" content=\"&nbsp; DAY 1 &#8211; Welcome to Bratislava Welcome at the airport, transfer to the hotel by personal tour guide who will explain all the details about your trip. Welcome Dinner &amp; overnight stay in Bratislava. &nbsp; &nbsp; DAY 2 &#8211; Bratislava &amp; Banska Stiavnica Breakfast at ~8 am followed by meeting with your tour guide [&hellip;]\" \/>\n<meta property=\"og:url\" content=\"https:\/\/www.enjoyslovakiasoul.com\/special-tours\/bio-tours\/\" \/>\n<meta property=\"og:site_name\" content=\"EST Frontier Slovakia\" \/>\n<meta property=\"article:modified_time\" content=\"2011-10-06T06:32:00+00:00\" \/>\n<meta property=\"og:image\" content=\"http:\/\/www.enjoyslovakiasoul.com\/wp-content\/uploads\/bratislava-slovakia_391-300x225.jpg\" \/>\n<meta name=\"twitter:card\" content=\"summary_large_image\" \/>\n<meta name=\"twitter:label1\" content=\"Predpokladan\u00fd \u010das \u010d\u00edtania\" \/>\n\t<meta name=\"twitter:data1\" content=\"10 min\u00fat\" \/>\n<script type=\"application\/ld+json\" class=\"yoast-schema-graph\">{\"@context\":\"https:\/\/schema.org\",\"@graph\":[{\"@type\":\"WebPage\",\"@id\":\"https:\/\/www.enjoyslovakiasoul.com\/special-tours\/bio-tours\/\",\"url\":\"https:\/\/www.enjoyslovakiasoul.com\/special-tours\/bio-tours\/\",\"name\":\"UNESCO tour - EST Frontier Slovakia\",\"isPartOf\":{\"@id\":\"https:\/\/www.enjoyslovakiasoul.com\/#website\"},\"datePublished\":\"2011-06-08T10:49:09+00:00\",\"dateModified\":\"2011-10-06T06:32:00+00:00\",\"breadcrumb\":{\"@id\":\"https:\/\/www.enjoyslovakiasoul.com\/special-tours\/bio-tours\/#breadcrumb\"},\"inLanguage\":\"sk-SK\",\"potentialAction\":[{\"@type\":\"ReadAction\",\"target\":[\"https:\/\/www.enjoyslovakiasoul.com\/special-tours\/bio-tours\/\"]}]},{\"@type\":\"BreadcrumbList\",\"@id\":\"https:\/\/www.enjoyslovakiasoul.com\/special-tours\/bio-tours\/#breadcrumb\",\"itemListElement\":[{\"@type\":\"ListItem\",\"position\":1,\"name\":\"Home\",\"item\":\"https:\/\/www.enjoyslovakiasoul.com\/\"},{\"@type\":\"ListItem\",\"position\":2,\"name\":\"Special Tours\",\"item\":\"https:\/\/www.enjoyslovakiasoul.com\/special-tours\/\"},{\"@type\":\"ListItem\",\"position\":3,\"name\":\"UNESCO heritage tour\"}]},{\"@type\":\"WebSite\",\"@id\":\"https:\/\/www.enjoyslovakiasoul.com\/#website\",\"url\":\"https:\/\/www.enjoyslovakiasoul.com\/\",\"name\":\"EST Frontier Slovakia\",\"description\":\"Fun, Relax, Adventure\",\"potentialAction\":[{\"@type\":\"SearchAction\",\"target\":{\"@type\":\"EntryPoint\",\"urlTemplate\":\"https:\/\/www.enjoyslovakiasoul.com\/?s={search_term_string}\"},\"query-input\":\"required name=search_term_string\"}],\"inLanguage\":\"sk-SK\"}]}<\/script>\n<!-- \/ Yoast SEO plugin. -->","yoast_head_json":{"title":"UNESCO tour - EST Frontier Slovakia","robots":{"index":"index","follow":"follow","max-snippet":"max-snippet:-1","max-image-preview":"max-image-preview:large","max-video-preview":"max-video-preview:-1"},"canonical":"https:\/\/www.enjoyslovakiasoul.com\/special-tours\/bio-tours\/","og_locale":"sk_SK","og_type":"article","og_title":"UNESCO tour - EST Frontier Slovakia","og_description":"&nbsp; DAY 1 &#8211; Welcome to Bratislava Welcome at the airport, transfer to the hotel by personal tour guide who will explain all the details about your trip. Welcome Dinner &amp; overnight stay in Bratislava. &nbsp; &nbsp; DAY 2 &#8211; Bratislava &amp; Banska Stiavnica Breakfast at ~8 am followed by meeting with your tour guide [&hellip;]","og_url":"https:\/\/www.enjoyslovakiasoul.com\/special-tours\/bio-tours\/","og_site_name":"EST Frontier Slovakia","article_modified_time":"2011-10-06T06:32:00+00:00","og_image":[{"url":"http:\/\/www.enjoyslovakiasoul.com\/wp-content\/uploads\/bratislava-slovakia_391-300x225.jpg"}],"twitter_card":"summary_large_image","twitter_misc":{"Predpokladan\u00fd \u010das \u010d\u00edtania":"10 min\u00fat"},"schema":{"@context":"https:\/\/schema.org","@graph":[{"@type":"WebPage","@id":"https:\/\/www.enjoyslovakiasoul.com\/special-tours\/bio-tours\/","url":"https:\/\/www.enjoyslovakiasoul.com\/special-tours\/bio-tours\/","name":"UNESCO tour - EST Frontier Slovakia","isPartOf":{"@id":"https:\/\/www.enjoyslovakiasoul.com\/#website"},"datePublished":"2011-06-08T10:49:09+00:00","dateModified":"2011-10-06T06:32:00+00:00","breadcrumb":{"@id":"https:\/\/www.enjoyslovakiasoul.com\/special-tours\/bio-tours\/#breadcrumb"},"inLanguage":"sk-SK","potentialAction":[{"@type":"ReadAction","target":["https:\/\/www.enjoyslovakiasoul.com\/special-tours\/bio-tours\/"]}]},{"@type":"BreadcrumbList","@id":"https:\/\/www.enjoyslovakiasoul.com\/special-tours\/bio-tours\/#breadcrumb","itemListElement":[{"@type":"ListItem","position":1,"name":"Home","item":"https:\/\/www.enjoyslovakiasoul.com\/"},{"@type":"ListItem","position":2,"name":"Special Tours","item":"https:\/\/www.enjoyslovakiasoul.com\/special-tours\/"},{"@type":"ListItem","position":3,"name":"UNESCO heritage tour"}]},{"@type":"WebSite","@id":"https:\/\/www.enjoyslovakiasoul.com\/#website","url":"https:\/\/www.enjoyslovakiasoul.com\/","name":"EST Frontier Slovakia","description":"Fun, Relax, Adventure","potentialAction":[{"@type":"SearchAction","target":{"@type":"EntryPoint","urlTemplate":"https:\/\/www.enjoyslovakiasoul.com\/?s={search_term_string}"},"query-input":"required name=search_term_string"}],"inLanguage":"sk-SK"}]}},"_links":{"self":[{"href":"https:\/\/www.enjoyslovakiasoul.com\/sk\/wp-json\/wp\/v2\/pages\/1201"}],"collection":[{"href":"https:\/\/www.enjoyslovakiasoul.com\/sk\/wp-json\/wp\/v2\/pages"}],"about":[{"href":"https:\/\/www.enjoyslovakiasoul.com\/sk\/wp-json\/wp\/v2\/types\/page"}],"author":[{"embeddable":true,"href":"https:\/\/www.enjoyslovakiasoul.com\/sk\/wp-json\/wp\/v2\/users\/1"}],"replies":[{"embeddable":true,"href":"https:\/\/www.enjoyslovakiasoul.com\/sk\/wp-json\/wp\/v2\/comments?post=1201"}],"version-history":[{"count":10,"href":"https:\/\/www.enjoyslovakiasoul.com\/sk\/wp-json\/wp\/v2\/pages\/1201\/revisions"}],"predecessor-version":[{"id":1771,"href":"https:\/\/www.enjoyslovakiasoul.com\/sk\/wp-json\/wp\/v2\/pages\/1201\/revisions\/1771"}],"up":[{"embeddable":true,"href":"https:\/\/www.enjoyslovakiasoul.com\/sk\/wp-json\/wp\/v2\/pages\/15"}],"wp:attachment":[{"href":"https:\/\/www.enjoyslovakiasoul.com\/sk\/wp-json\/wp\/v2\/media?parent=1201"}],"curies":[{"name":"wp","href":"https:\/\/api.w.org\/{rel}","templated":true}]}}