
{"id":17,"date":"2011-05-16T07:39:55","date_gmt":"2011-05-16T07:39:55","guid":{"rendered":"http:\/\/www.enjoyslovakiasoul.com\/?page_id=17"},"modified":"2013-04-14T22:15:00","modified_gmt":"2013-04-14T22:15:00","slug":"contact","status":"publish","type":"page","link":"https:\/\/www.enjoyslovakiasoul.com\/sk\/contact\/","title":{"rendered":"Kontakt"},"content":{"rendered":"<p><\/p>\n<h2><a href=\"..\/wp-content\/uploads\/slovakia_map.png\"><img decoding=\"async\" loading=\"lazy\" title=\"slovakia_map\" src=\"..\/wp-content\/uploads\/slovakia_map.png\" alt=\"\" width=\"480\" height=\"234\" \/><\/a><\/h2>\n<p><strong><span style=\"color: #008000;\">Ak m\u00e1te ak\u00e9ko\u013evek ot\u00e1zky, alebo by ste si radi objednali jednu z na\u0161ich pon\u00fak, pros\u00edm\u00a0kontaktujte\u00a0n\u00e1s niektor\u00fdm z\u00a0nasleduj\u00facich sp\u00f4sobov:<\/span><\/strong><\/p>\n<h2><em>EST Frontier Slovakia, Travel Agency<\/em><\/h2>\n<p><strong>Bank Office:\u00a0<\/strong><\/p>\n<p><strong><\/strong>\u010ceskoslovensk\u00e1 obchodn\u00e1 banka a.s.,<\/p>\n<p>Michalsk\u00e1 18,<\/p>\n<p>815 63 Bratislava<\/p>\n<p><strong>Bank:<\/strong>\u00a0\u010ceskoslovensk\u00e1 obchodn\u00e1 banka a.s.<\/p>\n<p><strong>Bank Account Number:<\/strong>\u00a0 4013561884 &#8211; EUR<\/p>\n<p><strong>Bank code:<\/strong>\u00a07500<\/p>\n<p><strong>IBAN:<\/strong>\u00a0SK5375000000004013561884<\/p>\n<p><strong>SWIFT<\/strong>: CEKOSKBX<\/p>\n<p><strong>Phone (within\u00a0Slovakia):<\/strong>\u00a00904 292 468, 043 5395 422<\/p>\n<p><strong>Phone (from outside\u00a0Slovakia):<\/strong>+421-904 292 468,\u00a0+421-043-5395 422<\/p>\n<p><strong>E-mail<\/strong>:\u00a0<a href=\"mailto:info@enjoyslovakiasoul.com\">info(at)enjoyslovakiasoul.com<\/a><\/p>\n<p><strong>Web<\/strong>:\u00a0<a href=\"http:\/\/www.enjoyslovakiasoul.com\/\">www.enjoyslovakiasoul.com<\/a><\/p>\n<p><strong>Skype:\u00a0<\/strong>\u00a0enjoy.slovakia.tours<\/p>\n<p style=\"text-align: center;\"><strong><span style=\"color: #008000;\">Alebo vypl\u0148te dolu uveden\u00fd formul\u00e1r a my V\u00e1s budeme sp\u00e4tne kontaktova\u0165<\/span><\/strong><\/p>\n<p style=\"text-align: center;\">\n<div class=\"wpcf7 no-js\" id=\"wpcf7-f3427-o2\" lang=\"\" dir=\"ltr\">\n<div class=\"screen-reader-response\"><p role=\"status\" aria-live=\"polite\" aria-atomic=\"true\"><\/p> <ul><\/ul><\/div>\n<form action=\"\/sk\/wp-json\/wp\/v2\/pages\/17#wpcf7-f3427-o2\" method=\"post\" class=\"wpcf7-form init\" aria-label=\"Contact form\" novalidate=\"novalidate\" data-status=\"init\">\n<div style=\"display: none;\">\n<input type=\"hidden\" name=\"_wpcf7\" value=\"3427\" \/>\n<input type=\"hidden\" name=\"_wpcf7_version\" value=\"5.7.4\" \/>\n<input type=\"hidden\" name=\"_wpcf7_locale\" value=\"\" \/>\n<input type=\"hidden\" name=\"_wpcf7_unit_tag\" value=\"wpcf7-f3427-o2\" \/>\n<input type=\"hidden\" name=\"_wpcf7_container_post\" value=\"0\" \/>\n<input type=\"hidden\" name=\"_wpcf7_posted_data_hash\" value=\"\" \/>\n<\/div>\n<table>\n\t<tr>\n\t\t<td width=150>\n\t\t\t<p>Your Name <span class=\"red\">*<\/span>\n\t\t\t<\/p>\n\t\t<\/td>\n\t\t<td>\n\t\t\t<p><span class=\"wpcf7-form-control-wrap\" data-name=\"your-name\"><input size=\"40\" class=\"wpcf7-form-control wpcf7-text wpcf7-validates-as-required\" aria-required=\"true\" aria-invalid=\"false\" value=\"\" type=\"text\" name=\"your-name\" \/><\/span>\n\t\t\t<\/p>\n\t\t<\/td>\n\t<\/tr>\n\t<tr>\n\t\t<td>\n\t\t\t<p>Your Email <span class=\"red\">*<\/span>\n\t\t\t<\/p>\n\t\t<\/td>\n\t\t<td>\n\t\t\t<p><span class=\"wpcf7-form-control-wrap\" data-name=\"your-email\"><input size=\"40\" class=\"wpcf7-form-control wpcf7-text wpcf7-email wpcf7-validates-as-required wpcf7-validates-as-email\" aria-required=\"true\" aria-invalid=\"false\" value=\"\" type=\"email\" name=\"your-email\" \/><\/span>\n\t\t\t<\/p>\n\t\t<\/td>\n\t<\/tr>\n\t<tr>\n\t\t<td>\n\t\t\t<p>Subject\n\t\t\t<\/p>\n\t\t<\/td>\n\t\t<td>\n\t\t\t<p><span class=\"wpcf7-form-control-wrap\" data-name=\"your-subject\"><input size=\"40\" class=\"wpcf7-form-control wpcf7-text\" aria-invalid=\"false\" value=\"\" type=\"text\" name=\"your-subject\" \/><\/span>\n\t\t\t<\/p>\n\t\t<\/td>\n\t<\/tr>\n\t<tr valign=\"top\">\n\t\t<td valign=\"top\">\n\t\t\t<p>Your Message\n\t\t\t<\/p>\n\t\t<\/td>\n\t\t<td>\n\t\t\t<p><span class=\"wpcf7-form-control-wrap\" data-name=\"your-message\"><textarea cols=\"40\" rows=\"10\" class=\"wpcf7-form-control wpcf7-textarea\" aria-invalid=\"false\" name=\"your-message\"><\/textarea><\/span>\n\t\t\t<\/p>\n\t\t<\/td>\n\t<\/tr>\n\t<tr>\n\t\t<td>\n\t\t\t<p>Enter Confirmation code<span class=\"red\">*<\/span>\n\t\t\t<\/p>\n\t\t<\/td>\n\t\t<td>\n\t\t\t<p><input type=\"hidden\" name=\"_wpcf7_captcha_challenge_captcha-817\" value=\"2282530602\" \/><img class=\"wpcf7-form-control wpcf7-captchac wpcf7-captcha-captcha-817\" width=\"72\" height=\"24\" alt=\"captcha\" src=\"https:\/\/www.enjoyslovakiasoul.com\/wp-content\/uploads\/wpcf7_captcha\/2282530602.png\" \/>\n\t\t\t<\/p>\n\t\t\t<p><span class=\"wpcf7-form-control-wrap\" data-name=\"captcha-817\"><input size=\"40\" class=\"wpcf7-form-control wpcf7-captchar\" autocomplete=\"off\" aria-invalid=\"false\" value=\"\" type=\"text\" name=\"captcha-817\" \/><\/span>\n\t\t\t<\/p>\n\t\t<\/td>\n\t<\/tr>\n\t<tr>\n\t\t<td>\n\t\t<\/td>\n\t\t<td>\n\t\t\t<p><input class=\"wpcf7-form-control has-spinner wpcf7-submit\" type=\"submit\" value=\"Send\" \/>\n\t\t\t<\/p>\n\t\t<\/td>\n\t<\/tr>\n<\/table><div class=\"wpcf7-response-output\" aria-hidden=\"true\"><\/div>\n<\/form>\n<\/div>\n<\/p>\n<p><\/p>","protected":false},"excerpt":{"rendered":"<p>Ak m\u00e1te ak\u00e9ko\u013evek ot\u00e1zky, alebo by ste si radi objednali jednu z na\u0161ich pon\u00fak, pros\u00edm\u00a0kontaktujte\u00a0n\u00e1s niektor\u00fdm z\u00a0nasleduj\u00facich sp\u00f4sobov: EST Frontier Slovakia, Travel Agency Bank Office:\u00a0 \u010ceskoslovensk\u00e1 obchodn\u00e1 banka a.s., Michalsk\u00e1 18, 815 63 Bratislava Bank:\u00a0\u010ceskoslovensk\u00e1 obchodn\u00e1 banka a.s. Bank Account Number:\u00a0 4013561884 &#8211; EUR Bank code:\u00a07500 IBAN:\u00a0SK5375000000004013561884 SWIFT: CEKOSKBX Phone (within\u00a0Slovakia):\u00a00904 292 468, 043 5395 [&hellip;]<\/p>\n","protected":false},"author":1,"featured_media":0,"parent":0,"menu_order":0,"comment_status":"open","ping_status":"open","template":"","meta":{"ngg_post_thumbnail":0},"yoast_head":"<!-- This site is optimized with the Yoast SEO plugin v20.3 - https:\/\/yoast.com\/wordpress\/plugins\/seo\/ -->\n<title>Kontakt - EST Frontier Slovakia<\/title>\n<meta name=\"robots\" content=\"index, follow, max-snippet:-1, max-image-preview:large, max-video-preview:-1\" \/>\n<link rel=\"canonical\" href=\"https:\/\/www.enjoyslovakiasoul.com\/contact\/\" \/>\n<meta property=\"og:locale\" content=\"sk_SK\" \/>\n<meta property=\"og:type\" content=\"article\" \/>\n<meta property=\"og:title\" content=\"Kontakt - EST Frontier Slovakia\" \/>\n<meta property=\"og:description\" content=\"Ak m\u00e1te ak\u00e9ko\u013evek ot\u00e1zky, alebo by ste si radi objednali jednu z na\u0161ich pon\u00fak, pros\u00edm\u00a0kontaktujte\u00a0n\u00e1s niektor\u00fdm z\u00a0nasleduj\u00facich sp\u00f4sobov: EST Frontier Slovakia, Travel Agency Bank Office:\u00a0 \u010ceskoslovensk\u00e1 obchodn\u00e1 banka a.s., Michalsk\u00e1 18, 815 63 Bratislava Bank:\u00a0\u010ceskoslovensk\u00e1 obchodn\u00e1 banka a.s. Bank Account Number:\u00a0 4013561884 &#8211; EUR Bank code:\u00a07500 IBAN:\u00a0SK5375000000004013561884 SWIFT: CEKOSKBX Phone (within\u00a0Slovakia):\u00a00904 292 468, 043 5395 [&hellip;]\" \/>\n<meta property=\"og:url\" content=\"https:\/\/www.enjoyslovakiasoul.com\/contact\/\" \/>\n<meta property=\"og:site_name\" content=\"EST Frontier Slovakia\" \/>\n<meta property=\"article:modified_time\" content=\"2013-04-14T22:15:00+00:00\" \/>\n<meta property=\"og:image\" content=\"http:\/\/www.enjoyslovakiasoul.com\/wp-content\/uploads\/slovakia_map.png\" \/>\n<meta name=\"twitter:card\" content=\"summary_large_image\" \/>\n<meta name=\"twitter:label1\" content=\"Predpokladan\u00fd \u010das \u010d\u00edtania\" \/>\n\t<meta name=\"twitter:data1\" content=\"1 min\u00fata\" \/>\n<script type=\"application\/ld+json\" class=\"yoast-schema-graph\">{\"@context\":\"https:\/\/schema.org\",\"@graph\":[{\"@type\":\"WebPage\",\"@id\":\"https:\/\/www.enjoyslovakiasoul.com\/contact\/\",\"url\":\"https:\/\/www.enjoyslovakiasoul.com\/contact\/\",\"name\":\"Kontakt - EST Frontier Slovakia\",\"isPartOf\":{\"@id\":\"https:\/\/www.enjoyslovakiasoul.com\/#website\"},\"datePublished\":\"2011-05-16T07:39:55+00:00\",\"dateModified\":\"2013-04-14T22:15:00+00:00\",\"breadcrumb\":{\"@id\":\"https:\/\/www.enjoyslovakiasoul.com\/contact\/#breadcrumb\"},\"inLanguage\":\"sk-SK\",\"potentialAction\":[{\"@type\":\"ReadAction\",\"target\":[\"https:\/\/www.enjoyslovakiasoul.com\/contact\/\"]}]},{\"@type\":\"BreadcrumbList\",\"@id\":\"https:\/\/www.enjoyslovakiasoul.com\/contact\/#breadcrumb\",\"itemListElement\":[{\"@type\":\"ListItem\",\"position\":1,\"name\":\"Home\",\"item\":\"https:\/\/www.enjoyslovakiasoul.com\/\"},{\"@type\":\"ListItem\",\"position\":2,\"name\":\"Contact\"}]},{\"@type\":\"WebSite\",\"@id\":\"https:\/\/www.enjoyslovakiasoul.com\/#website\",\"url\":\"https:\/\/www.enjoyslovakiasoul.com\/\",\"name\":\"EST Frontier Slovakia\",\"description\":\"Fun, Relax, Adventure\",\"potentialAction\":[{\"@type\":\"SearchAction\",\"target\":{\"@type\":\"EntryPoint\",\"urlTemplate\":\"https:\/\/www.enjoyslovakiasoul.com\/?s={search_term_string}\"},\"query-input\":\"required name=search_term_string\"}],\"inLanguage\":\"sk-SK\"}]}<\/script>\n<!-- \/ Yoast SEO plugin. -->","yoast_head_json":{"title":"Kontakt - EST Frontier Slovakia","robots":{"index":"index","follow":"follow","max-snippet":"max-snippet:-1","max-image-preview":"max-image-preview:large","max-video-preview":"max-video-preview:-1"},"canonical":"https:\/\/www.enjoyslovakiasoul.com\/contact\/","og_locale":"sk_SK","og_type":"article","og_title":"Kontakt - EST Frontier Slovakia","og_description":"Ak m\u00e1te ak\u00e9ko\u013evek ot\u00e1zky, alebo by ste si radi objednali jednu z na\u0161ich pon\u00fak, pros\u00edm\u00a0kontaktujte\u00a0n\u00e1s niektor\u00fdm z\u00a0nasleduj\u00facich sp\u00f4sobov: EST Frontier Slovakia, Travel Agency Bank Office:\u00a0 \u010ceskoslovensk\u00e1 obchodn\u00e1 banka a.s., Michalsk\u00e1 18, 815 63 Bratislava Bank:\u00a0\u010ceskoslovensk\u00e1 obchodn\u00e1 banka a.s. Bank Account Number:\u00a0 4013561884 &#8211; EUR Bank code:\u00a07500 IBAN:\u00a0SK5375000000004013561884 SWIFT: CEKOSKBX Phone (within\u00a0Slovakia):\u00a00904 292 468, 043 5395 [&hellip;]","og_url":"https:\/\/www.enjoyslovakiasoul.com\/contact\/","og_site_name":"EST Frontier Slovakia","article_modified_time":"2013-04-14T22:15:00+00:00","og_image":[{"url":"http:\/\/www.enjoyslovakiasoul.com\/wp-content\/uploads\/slovakia_map.png"}],"twitter_card":"summary_large_image","twitter_misc":{"Predpokladan\u00fd \u010das \u010d\u00edtania":"1 min\u00fata"},"schema":{"@context":"https:\/\/schema.org","@graph":[{"@type":"WebPage","@id":"https:\/\/www.enjoyslovakiasoul.com\/contact\/","url":"https:\/\/www.enjoyslovakiasoul.com\/contact\/","name":"Kontakt - EST Frontier Slovakia","isPartOf":{"@id":"https:\/\/www.enjoyslovakiasoul.com\/#website"},"datePublished":"2011-05-16T07:39:55+00:00","dateModified":"2013-04-14T22:15:00+00:00","breadcrumb":{"@id":"https:\/\/www.enjoyslovakiasoul.com\/contact\/#breadcrumb"},"inLanguage":"sk-SK","potentialAction":[{"@type":"ReadAction","target":["https:\/\/www.enjoyslovakiasoul.com\/contact\/"]}]},{"@type":"BreadcrumbList","@id":"https:\/\/www.enjoyslovakiasoul.com\/contact\/#breadcrumb","itemListElement":[{"@type":"ListItem","position":1,"name":"Home","item":"https:\/\/www.enjoyslovakiasoul.com\/"},{"@type":"ListItem","position":2,"name":"Contact"}]},{"@type":"WebSite","@id":"https:\/\/www.enjoyslovakiasoul.com\/#website","url":"https:\/\/www.enjoyslovakiasoul.com\/","name":"EST Frontier Slovakia","description":"Fun, Relax, Adventure","potentialAction":[{"@type":"SearchAction","target":{"@type":"EntryPoint","urlTemplate":"https:\/\/www.enjoyslovakiasoul.com\/?s={search_term_string}"},"query-input":"required name=search_term_string"}],"inLanguage":"sk-SK"}]}},"_links":{"self":[{"href":"https:\/\/www.enjoyslovakiasoul.com\/sk\/wp-json\/wp\/v2\/pages\/17"}],"collection":[{"href":"https:\/\/www.enjoyslovakiasoul.com\/sk\/wp-json\/wp\/v2\/pages"}],"about":[{"href":"https:\/\/www.enjoyslovakiasoul.com\/sk\/wp-json\/wp\/v2\/types\/page"}],"author":[{"embeddable":true,"href":"https:\/\/www.enjoyslovakiasoul.com\/sk\/wp-json\/wp\/v2\/users\/1"}],"replies":[{"embeddable":true,"href":"https:\/\/www.enjoyslovakiasoul.com\/sk\/wp-json\/wp\/v2\/comments?post=17"}],"version-history":[{"count":73,"href":"https:\/\/www.enjoyslovakiasoul.com\/sk\/wp-json\/wp\/v2\/pages\/17\/revisions"}],"predecessor-version":[{"id":3404,"href":"https:\/\/www.enjoyslovakiasoul.com\/sk\/wp-json\/wp\/v2\/pages\/17\/revisions\/3404"}],"wp:attachment":[{"href":"https:\/\/www.enjoyslovakiasoul.com\/sk\/wp-json\/wp\/v2\/media?parent=17"}],"curies":[{"name":"wp","href":"https:\/\/api.w.org\/{rel}","templated":true}]}}