
{"id":1875,"date":"2011-11-23T11:30:09","date_gmt":"2011-11-23T11:30:09","guid":{"rendered":"http:\/\/www.enjoyslovakiasoul.com\/?page_id=1875"},"modified":"2012-02-02T10:41:49","modified_gmt":"2012-02-02T10:41:49","slug":"enviro-outdoor-school","status":"publish","type":"page","link":"https:\/\/www.enjoyslovakiasoul.com\/sk\/enjoy-tours\/enviro-outdoor-school\/","title":{"rendered":"Enviro Outdoor school"},"content":{"rendered":"<p><\/p>\n<p align=\"center\"><a href=\"http:\/\/www.enjoyslovakiasoul.com\/wp-content\/uploads\/Untitled12.png\"><br \/>\n<\/a><a href=\"http:\/\/www.enjoyslovakiasoul.com\/wp-content\/uploads\/z-Podskalskeho-Rohaca1.jpg\"><img decoding=\"async\" loading=\"lazy\" class=\"alignleft\" title=\"1\" src=\"http:\/\/www.enjoyslovakiasoul.com\/wp-content\/uploads\/z-Podskalskeho-Rohaca1-300x148.jpg\" alt=\"\" width=\"300\" height=\"148\" \/><\/a>\u0160KOLA V PR\u00cdRODE<\/p>\n<p align=\"center\"><span style=\"color: #800080;\"><strong><span style=\"text-decoration: underline;\">Ponuka na Enviro \u0161kolu v pr\u00edrode pre z\u00e1kladn\u00e9 \u0161koly<\/span><\/strong><\/span><\/p>\n<p align=\"center\">ZUBEREC \u2013 ROH\u00c1\u010cE \u2013 Z\u00c1PADN\u00c9 TATRY \u2013 ORAVA<\/p>\n<p>&nbsp;<\/p>\n<p>&nbsp;<\/p>\n<p><span style=\"color: #800080;\"><span class=\"Apple-style-span\" style=\"color: #000000;\"><a href=\"http:\/\/www.enjoyslovakiasoul.com\/wp-content\/uploads\/Untitled12.png\"><img decoding=\"async\" loading=\"lazy\" class=\"alignleft\" style=\"border-style: initial; border-color: initial; float: left; border-width: 0px;\" title=\"Untitled12\" src=\"http:\/\/www.enjoyslovakiasoul.com\/wp-content\/uploads\/Untitled12-150x124.png\" alt=\"\" width=\"150\" height=\"124\" \/><\/a><\/span><strong><a href=\"http:\/\/www.enjoyslovakiasoul.com\/wp-content\/uploads\/Untitled6.png\"><img decoding=\"async\" loading=\"lazy\" class=\"alignleft size-full wp-image-2955\" title=\"Untitled6\" src=\"http:\/\/www.enjoyslovakiasoul.com\/wp-content\/uploads\/Untitled6.png\" alt=\"\" width=\"145\" height=\"109\" \/><\/a>ENVIRO \u0160KOLA V PR\u00cdRODE NA ORAVE \u2013 OBEC ZUBEREC<\/strong><\/span><\/p>\n<p>Neopakovate\u013en\u00e9 \u0161kolsk\u00e9 pobyty v pr\u00edrode v malebnej dedinke pod Roh\u00e1\u010dmi <strong>v Zuberci pre \u017eiakov<\/strong><\/p>\n<p><strong>Z\u0160. <\/strong>Radi V\u00e1s a Va\u0161ich \u017eiakov priv\u00edtame u n\u00e1s na Orave, kde m\u00f4\u017eu \u017eiaci vidie\u0165, po\u010du\u0165, hmata\u0165,<\/p>\n<p>c\u00edti\u0165 a ochutna\u0165 pr\u00edrodu, jej kr\u00e1su a jedine\u010dnos\u0165. Dozvedia sa ve\u013ea o \u017eivotnom prostred\u00ed, pr\u00edrode,<\/p>\n<p>trad\u00edci\u00e1ch z prostredia <strong>Z\u00e1padn\u00fdch Tatier <\/strong>a z\u00fa\u010dastnia sa z\u00e1bavn\u00fdch a vzdel\u00e1vac\u00edch aktiv\u00edt v pr\u00edrode.<\/p>\n<p>Na\u0161e heslo: <strong>kreativita, \u00facta k pr\u00edrode a \u0161kola hrou.<\/strong><\/p>\n<p>&nbsp;<\/p>\n<p><span style=\"color: #800080;\"><a href=\"http:\/\/www.enjoyslovakiasoul.com\/wp-content\/uploads\/Untitled10.png\"><img decoding=\"async\" loading=\"lazy\" class=\"alignleft\" title=\"Untitled10\" src=\"http:\/\/www.enjoyslovakiasoul.com\/wp-content\/uploads\/Untitled10-150x122.png\" alt=\"\" width=\"150\" height=\"122\" \/><\/a><a href=\"http:\/\/www.enjoyslovakiasoul.com\/wp-content\/uploads\/Untitled9.png\"><img decoding=\"async\" loading=\"lazy\" class=\"alignleft size-thumbnail wp-image-2957\" title=\"Untitled9\" src=\"http:\/\/www.enjoyslovakiasoul.com\/wp-content\/uploads\/Untitled9-150x124.png\" alt=\"\" width=\"150\" height=\"124\" \/><\/a><a href=\"http:\/\/www.enjoyslovakiasoul.com\/wp-content\/uploads\/Untitled11.png\"><img decoding=\"async\" loading=\"lazy\" class=\"alignleft\" title=\"Untitled11\" src=\"http:\/\/www.enjoyslovakiasoul.com\/wp-content\/uploads\/Untitled11-150x150.png\" alt=\"\" width=\"150\" height=\"150\" \/><\/a>UBYTOVANIE<\/span><\/p>\n<p>Plne vybaven\u00e1 turistick\u00e1 ubytov\u0148a len <strong>100 m <\/strong>od ly\u017eiarskeho strediska <strong>Janovky<\/strong> pod kopcom Gr\u00e1pa.<\/p>\n<p>Pon\u00faka \u0161irok\u00e9 mo\u017enosti rekre\u00e1cie, pozn\u00e1vania, oddychu, turistiky a v zimnom obdob\u00ed tie <strong>najlep\u0161ie<\/strong><\/p>\n<p><strong>podmienky <\/strong>pre ly\u017eovanie a ly\u017eiarske v\u00fdcviky.<\/p>\n<p>&nbsp;<\/p>\n<p><span style=\"color: #800080;\">VYBAVENIE UBYTOVNE<\/span><\/p>\n<p>Spolo\u010densk\u00e1 miestnos\u0165, jed\u00e1le\u0148, 2 tenisov\u00e9 kurty, volejbalov\u00e9 ihrisko, 2 futbalov\u00e9 ihrisk\u00e1, telocvi\u010d\u0148a<\/p>\n<p>v bl\u00edzkosti, TV, ohnisko na opekanie, stoln\u00fd tenis, biliard, stoln\u00fd futbal,&#8230;<\/p>\n<p>&nbsp;<\/p>\n<p><span style=\"color: #800080;\">STRAVA<\/span><\/p>\n<p>Chutn\u00e1 dom\u00e1ca strava: 5 x denne, pitn\u00fd re\u017eim<\/p>\n<p><br clear=\"all\" \/> <span style=\"color: #800080;\"><a href=\"http:\/\/www.enjoyslovakiasoul.com\/wp-content\/uploads\/Untitled4.png\"><img decoding=\"async\" loading=\"lazy\" class=\"alignleft size-thumbnail wp-image-2959\" title=\"Untitled4\" src=\"http:\/\/www.enjoyslovakiasoul.com\/wp-content\/uploads\/Untitled4-135x150.png\" alt=\"\" width=\"135\" height=\"150\" \/><\/a><a href=\"http:\/\/www.enjoyslovakiasoul.com\/wp-content\/uploads\/Untitled8.png\"><img decoding=\"async\" loading=\"lazy\" class=\"alignleft\" title=\"Untitled8\" src=\"http:\/\/www.enjoyslovakiasoul.com\/wp-content\/uploads\/Untitled8-150x150.png\" alt=\"\" width=\"150\" height=\"150\" \/><\/a><a href=\"http:\/\/www.enjoyslovakiasoul.com\/wp-content\/uploads\/Untitled5.png\"><img decoding=\"async\" loading=\"lazy\" class=\"alignleft size-thumbnail wp-image-2961\" title=\"Untitled5\" src=\"http:\/\/www.enjoyslovakiasoul.com\/wp-content\/uploads\/Untitled5-150x112.png\" alt=\"\" width=\"150\" height=\"112\" \/><\/a>V\u00ddLETY<\/span><\/p>\n<p>Turistka do okolitej pr\u00edrody Roh\u00e1\u010dov, Z\u00e1padn\u00e9 Tatry, Kva\u010dianska a Prosiecka dolina, Roh\u00e1\u010dske ples\u00e1, turistick\u00fd chodn\u00ed\u010dek Brestov\u00e1<\/p>\n<p><span style=\"color: #800080;\">AKTIVITY<\/span><\/p>\n<ul>\n<li>Prezent\u00e1cia s po\u013eovn\u00edkmi uk\u00e1\u017eka v\u00fdcviku psov v Zuberci<\/li>\n<li><strong>Skanzen Oravskej dediny v Zuberci<\/strong><\/li>\n<li>N\u00e1v\u0161teva vidieckeho dvora \u2013 kozy, sliepky, husy, barany, ..v Zuberci<\/li>\n<li><strong>Hrn\u010diarstvo<\/strong> mo\u017enos\u0165 vysk\u00fa\u0161a\u0165 si pr\u00e1cu na kruhu v Zuberci<\/li>\n<li><strong>Prezent\u00e1cia folkl\u00f3ru, krojov, spevu, hudobn\u00fdch n\u00e1strojov<\/strong> v Zuberci<\/li>\n<li><strong>Jazda na koni<\/strong> v Zuberci<\/li>\n<li><strong>Plavba na pltiach<\/strong> Oravsk\u00fd podz\u00e1mok, 28 km<\/li>\n<li><strong>Oravsk\u00fd Hrad<\/strong> najkraj\u0161\u00ed hrad nie len na Slovensku, 28 km<\/li>\n<li><strong>Slanick\u00fd ostrov umenia<\/strong> v N\u00e1mestove 30 km<\/li>\n<li><strong>N\u00e1v\u0161teva tradi\u010dn\u00e9ho sala\u0161a<\/strong> &#8211; 12 km<\/li>\n<li><strong>Oravice, term\u00e1lne k\u00fapalisko<\/strong> &#8211; 12 km<\/li>\n<li>UNESCO dreven\u00fd kostol\u00edk v Tvrdo\u0161\u00edne- 19 km<\/li>\n<li><strong>N\u00e1v\u0161teva domu Jesensk\u00e9ho, Hviezdoslava, Kuku\u010dina<\/strong> a in\u00fdch\u2026 \u2013 v okol\u00ed do 40 km<\/li>\n<li><strong>Oravsk\u00e1 Lesn\u00e1 \u017deleznica<\/strong>&#8211; 55 km<\/li>\n<\/ul>\n<p>&nbsp;<\/p>\n<p><span style=\"color: #800080;\">T\u00c9MY PROGRAMOV, KTOR\u00c9 SME U\u017d PRIPRAVOVALI V MINULOSTI<\/span><\/p>\n<ul>\n<li>De\u0148 Zeme<\/li>\n<li>Farebn\u00e9 separovanie odpadu je z\u00e1bava<\/li>\n<li>Spoznanie trad\u00edcii, ako sa \u017eilo kedysi<\/li>\n<li>De\u0148 detsk\u00e9ho workshopu ( hrn\u010diarstvo, zdobenie pern\u00edkov, v\u00fdroba farebn\u00fdch ozd\u00f4b,..)<\/li>\n<li>Vidiecky zvierac\u00ed dvor\u010dek<\/li>\n<li>Bylinky na\u0161ej pr\u00edrody<\/li>\n<li>Hory, hory hori\u010dky \u2013 prech\u00e1dzka roh\u00e1\u010dskou pr\u00edrodou<\/li>\n<\/ul>\n<p><span style=\"color: #800080;\">POSLANIE ENVIRO \u0160KOLY<\/span><\/p>\n<p>Poslan\u00edm Enviro \u0161koly v pr\u00edrode je kreat\u00edvne a hravo podporova\u0165 vedomosti det\u00ed a\u00a0starostlivos\u0165 o \u017eivotn\u00e9 prostredie, \u00factu k pr\u00edrode a ostatn\u00fdm \u013eu\u010fom prostredn\u00edctvom priamej a praktickej sk\u00fasenosti s pr\u00edrodou.<\/p>\n<p>&nbsp;<\/p>\n<p><strong><span style=\"color: #800080;\">CENA: \u00a084 EUR<\/span><\/strong><\/p>\n<p>V z\u00e1kladnej cene je ubytovanie, strava 5x denne, pitn\u00fd re\u017eim, 1 dospel\u00fd gr\u00e1tis na 10 det\u00ed.<\/p>\n<p>&nbsp;<\/p>\n<p><span style=\"color: #800080;\">DOPRAVA: V pr\u00edpade z\u00e1ujmu V\u00e1m zabezpe\u010d\u00edme autobusov\u00fa dopravu.<\/span><\/p>\n<p>&nbsp;<\/p>\n<p><strong><span style=\"color: #800080;\">ODMENA PRE PEDAG\u00d3GOV:<\/span><\/strong><\/p>\n<p><strong>60 EUR<\/strong> pre pedag\u00f3ga na <strong>10<\/strong> platiacich det\u00ed.<\/p>\n<p>&nbsp;<\/p>\n<p>POISTENIE: V pr\u00edpade z\u00e1ujmu V\u00e1m zabezpe\u010d\u00edme komplexn\u00e9 cestovn\u00e9 poistenie &#8211; poistenie storna,<\/p>\n<p>poistenie \u00farazov\u00e9, poistenie zodpovednosti za \u0161kodu.<\/p>\n<p>&nbsp;<\/p>\n<p><span style=\"color: #800080;\">TURNUSY<\/span>:\u00a0\u00a0 S\u00fa v\u017edy od nedele do piatku s mo\u017enos\u0165ou \u00fapravy po dohode.<\/p>\n<p>&nbsp;<\/p>\n<p><strong><span style=\"color: #800080;\">AKTIVITY: 27 EUR<\/span><\/strong><\/p>\n<p>Odpor\u00fa\u010dame V\u00e1m prik\u00fapi\u0165 si pestr\u00fa paletu aktiv\u00edt. Program a aj cenu je mo\u017en\u00e9 upravi\u0165 pod\u013ea<\/p>\n<p>po\u017eiadaviek pedag\u00f3gov.<\/p>\n<p>&nbsp;<\/p>\n<p><span style=\"color: #800080;\">ZDRAVOTN\u00cdK<\/span>: V Zuberci sa nach\u00e1dza zdravotn\u00e1 slu\u017eba, ktor\u00e1 je kedyko\u013evek k dispoz\u00edcii zdarma.<\/p>\n<p>&nbsp;<\/p>\n<p><span style=\"color: #800080;\">ROZSAH Z\u00c1JAZDU:<\/span><\/p>\n<p>minim\u00e1lny po\u010det os\u00f4b je:\u00a0\u00a0 40 \u017eiakov + maxim\u00e1lne 4 u\u010ditelia<\/p>\n<p>maxim\u00e1lny po\u010det os\u00f4b je:\u00a0\u00a0 70 \u017eiakov + maxim\u00e1lne 7 u\u010dite\u013eov<\/p>\n<p>&nbsp;<\/p>\n<p>TERM\u00cdNY:\u00a0\u00a0\u00a0\u00a0\u00a0\u00a0\u00a0\u00a0\u00a0\u00a0\u00a0\u00a0\u00a0\u00a0 od \u00a0<strong>01.4.2012<\/strong>\u00a0\u00a0\u00a0 do\u00a0\u00a0\u00a0 \u00a0\u00a0\u00a0\u00a0\u00a0\u00a0\u00a0 <strong>06.4.2012<\/strong><\/p>\n<p>od \u00a0<strong>08.4.2012<\/strong> \u00a0\u00a0 do\u00a0 \u00a0\u00a0\u00a0\u00a0\u00a0\u00a0\u00a0\u00a0\u00a0 <strong>13.4.2012<\/strong><\/p>\n<p>od \u00a0<strong>15.4.2012<\/strong>\u00a0\u00a0\u00a0 do\u00a0\u00a0\u00a0 \u00a0\u00a0\u00a0\u00a0\u00a0\u00a0\u00a0 <strong>20.4.2012<\/strong><\/p>\n<p>od \u00a0<strong>22.4.2012<\/strong> \u00a0\u00a0 do\u00a0\u00a0 \u00a0\u00a0\u00a0\u00a0\u00a0\u00a0\u00a0\u00a0 <strong>27.4.2012<\/strong><\/p>\n<p>od\u00a0 <strong>29.4.2012<\/strong> \u00a0\u00a0 do\u00a0\u00a0\u00a0 \u00a0\u00a0\u00a0\u00a0\u00a0\u00a0\u00a0 <strong>04.5.2012\u00a0\u00a0\u00a0\u00a0\u00a0\u00a0\u00a0\u00a0\u00a0\u00a0\u00a0 <\/strong><\/p>\n<p>od\u00a0 <strong>06.5.2012<\/strong> \u00a0\u00a0 do\u00a0\u00a0\u00a0 \u00a0\u00a0\u00a0\u00a0\u00a0\u00a0\u00a0 <strong>11.5.2012<\/strong><\/p>\n<p>od\u00a0 <strong>13.5.2012<\/strong> \u00a0\u00a0 do\u00a0\u00a0\u00a0 \u00a0\u00a0\u00a0\u00a0\u00a0\u00a0\u00a0 <strong>18.5.2012<\/strong><\/p>\n<p>od\u00a0 <strong>20.5.2012<\/strong> \u00a0\u00a0 do\u00a0\u00a0\u00a0 <strong>\u00a0\u00a0\u00a0\u00a0\u00a0\u00a0\u00a0 25.5.2012<\/strong><\/p>\n<p>od\u00a0 <strong>27.5.2012<\/strong> \u00a0\u00a0 do\u00a0\u00a0\u00a0 \u00a0\u00a0\u00a0\u00a0\u00a0\u00a0\u00a0 <strong>01.6.2012<\/strong><\/p>\n<p>od\u00a0 <strong>03.6.2012<\/strong> \u00a0\u00a0 do\u00a0\u00a0\u00a0 \u00a0\u00a0\u00a0\u00a0\u00a0\u00a0\u00a0 <strong>08.6.2012<\/strong><\/p>\n<p>od\u00a0 <strong>10.6.2012<\/strong>\u00a0\u00a0\u00a0 do\u00a0\u00a0\u00a0 \u00a0\u00a0\u00a0\u00a0\u00a0\u00a0\u00a0 <strong>15.6.2012<\/strong><\/p>\n<p>od\u00a0 <strong>17.6.2012<\/strong> \u00a0\u00a0 do \u00a0\u00a0\u00a0\u00a0\u00a0\u00a0\u00a0\u00a0\u00a0\u00a0 <strong>22.6.2012<\/strong><\/p>\n<p>&nbsp;<\/p>\n<p>JESENN\u00c9 TERM\u00cdNY:\u00a0\u00a0\u00a0\u00a0\u00a0\u00a0\u00a0\u00a0\u00a0\u00a0\u00a0\u00a0 od\u00a0 <strong>09.09.2012<\/strong> do\u00a0\u00a0\u00a0 \u00a0\u00a0\u00a0\u00a0\u00a0\u00a0\u00a0 <strong>14.09.2012<\/strong><\/p>\n<p>od\u00a0 <strong>16.09.2012<\/strong> \u00a0\u00a0\u00a0\u00a0\u00a0\u00a0\u00a0\u00a0\u00a0\u00a0\u00a0\u00a0\u00a0\u00a0\u00a0\u00a0\u00a0 do\u00a0 \u00a0\u00a0\u00a0\u00a0\u00a0\u00a0\u00a0\u00a0\u00a0 <strong>21.09.2012<\/strong><\/p>\n<p>od\u00a0 <strong>23.09.2012 \u00a0 \u00a0 \u00a0 \u00a0 \u00a0 \u00a0 \u00a0 \u00a0 \u00a0<\/strong> do\u00a0\u00a0\u00a0 \u00a0\u00a0\u00a0\u00a0\u00a0\u00a0\u00a0 <strong>28.09.2012<\/strong><\/p>\n<p>od\u00a0 <strong>30.09.2012<\/strong> \u00a0\u00a0\u00a0\u00a0\u00a0\u00a0\u00a0\u00a0\u00a0\u00a0\u00a0\u00a0\u00a0\u00a0\u00a0\u00a0\u00a0 do\u00a0\u00a0 \u00a0\u00a0\u00a0\u00a0\u00a0\u00a0\u00a0\u00a0 <strong>05.10.2012<\/strong><\/p>\n<p>od\u00a0 <strong>07.10.2012<\/strong> \u00a0\u00a0\u00a0\u00a0\u00a0\u00a0\u00a0\u00a0\u00a0\u00a0\u00a0\u00a0\u00a0\u00a0\u00a0\u00a0\u00a0 do\u00a0\u00a0\u00a0 \u00a0\u00a0\u00a0\u00a0\u00a0\u00a0\u00a0 <strong>12.10.2012\u00a0\u00a0\u00a0\u00a0\u00a0\u00a0\u00a0\u00a0 <\/strong><\/p>\n<p>od\u00a0 <strong>14.10.2012<\/strong> \u00a0\u00a0\u00a0\u00a0\u00a0\u00a0\u00a0\u00a0\u00a0\u00a0\u00a0\u00a0\u00a0\u00a0\u00a0\u00a0\u00a0 do\u00a0\u00a0\u00a0 \u00a0\u00a0\u00a0\u00a0\u00a0\u00a0\u00a0 <strong>19.10.2012<\/strong><\/p>\n<p>od\u00a0 <strong>21.10.2012<\/strong> \u00a0\u00a0\u00a0\u00a0\u00a0\u00a0\u00a0\u00a0\u00a0\u00a0\u00a0\u00a0\u00a0\u00a0\u00a0\u00a0\u00a0 do\u00a0\u00a0\u00a0 \u00a0\u00a0\u00a0\u00a0\u00a0\u00a0\u00a0 <strong>26.10.2012<\/strong><\/p>\n<p>od\u00a0 <strong>28.10.2012<\/strong> \u00a0\u00a0\u00a0\u00a0\u00a0\u00a0\u00a0\u00a0\u00a0\u00a0\u00a0\u00a0\u00a0\u00a0\u00a0\u00a0\u00a0 do\u00a0\u00a0\u00a0 <strong>\u00a0\u00a0\u00a0\u00a0\u00a0\u00a0\u00a0 02.11.2012<\/strong><\/p>\n<p>od\u00a0 <strong>04.11.2012<\/strong> \u00a0\u00a0\u00a0\u00a0\u00a0\u00a0\u00a0\u00a0\u00a0\u00a0\u00a0\u00a0\u00a0\u00a0\u00a0\u00a0\u00a0 do\u00a0\u00a0\u00a0 \u00a0\u00a0\u00a0\u00a0\u00a0\u00a0\u00a0 <strong>09.11.2012<\/strong><\/p>\n<p>od\u00a0 <strong>11.11.2012<\/strong> \u00a0\u00a0\u00a0\u00a0\u00a0\u00a0\u00a0\u00a0\u00a0\u00a0\u00a0\u00a0\u00a0\u00a0\u00a0\u00a0\u00a0 do\u00a0\u00a0\u00a0 \u00a0\u00a0\u00a0\u00a0\u00a0\u00a0\u00a0 <strong>16.11.2012<\/strong><\/p>\n<p>od\u00a0 <strong>18.11.2012<\/strong>\u00a0 \u00a0 \u00a0 \u00a0 \u00a0 \u00a0 \u00a0 \u00a0 \u00a0do \u00a0 \u00a0 \u00a0 \u00a0 \u00a0 \u00a0\u00a0<strong>23.11.2012<\/strong><\/p>\n<p>od\u00a0 <strong>25.11.2012<\/strong> \u00a0\u00a0\u00a0\u00a0\u00a0\u00a0\u00a0\u00a0\u00a0\u00a0\u00a0\u00a0\u00a0\u00a0\u00a0\u00a0\u00a0 do\u00a0\u00a0\u00a0 \u00a0\u00a0\u00a0\u00a0\u00a0\u00a0\u00a0 <strong>30.11.2012<\/strong><\/p>\n<p>&nbsp;<\/p>\n<p>Term\u00edn z\u00e1jazdu je rezervovan\u00fd po zaplaten\u00ed z\u00e1lohy vo v\u00fd\u0161ke:\u00a0\u00a0\u00a0<strong>500 \u20ac<\/strong><\/p>\n<p align=\"center\"><strong>Te\u0161\u00edme sa na spolupr\u00e1cu s Vami!<\/strong><\/p>\n<p><\/p>","protected":false},"excerpt":{"rendered":"<p>\u0160KOLA V PR\u00cdRODE Ponuka na Enviro \u0161kolu v pr\u00edrode pre z\u00e1kladn\u00e9 \u0161koly ZUBEREC \u2013 ROH\u00c1\u010cE \u2013 Z\u00c1PADN\u00c9 TATRY \u2013 ORAVA &nbsp; &nbsp; ENVIRO \u0160KOLA V PR\u00cdRODE NA ORAVE \u2013 OBEC ZUBEREC Neopakovate\u013en\u00e9 \u0161kolsk\u00e9 pobyty v pr\u00edrode v malebnej dedinke pod Roh\u00e1\u010dmi v Zuberci pre \u017eiakov Z\u0160. Radi V\u00e1s a Va\u0161ich \u017eiakov priv\u00edtame u n\u00e1s na [&hellip;]<\/p>\n","protected":false},"author":1,"featured_media":0,"parent":1846,"menu_order":0,"comment_status":"open","ping_status":"open","template":"","meta":{"ngg_post_thumbnail":0},"yoast_head":"<!-- This site is optimized with the Yoast SEO plugin v20.3 - https:\/\/yoast.com\/wordpress\/plugins\/seo\/ -->\n<title>Enviro Outdoor school - EST Frontier Slovakia<\/title>\n<meta name=\"robots\" content=\"index, follow, max-snippet:-1, max-image-preview:large, max-video-preview:-1\" \/>\n<link rel=\"canonical\" href=\"https:\/\/www.enjoyslovakiasoul.com\/enjoy-tours\/enviro-outdoor-school\/\" \/>\n<meta property=\"og:locale\" content=\"sk_SK\" \/>\n<meta property=\"og:type\" content=\"article\" \/>\n<meta property=\"og:title\" content=\"Enviro Outdoor school - EST Frontier Slovakia\" \/>\n<meta property=\"og:description\" content=\"\u0160KOLA V PR\u00cdRODE Ponuka na Enviro \u0161kolu v pr\u00edrode pre z\u00e1kladn\u00e9 \u0161koly ZUBEREC \u2013 ROH\u00c1\u010cE \u2013 Z\u00c1PADN\u00c9 TATRY \u2013 ORAVA &nbsp; &nbsp; ENVIRO \u0160KOLA V PR\u00cdRODE NA ORAVE \u2013 OBEC ZUBEREC Neopakovate\u013en\u00e9 \u0161kolsk\u00e9 pobyty v pr\u00edrode v malebnej dedinke pod Roh\u00e1\u010dmi v Zuberci pre \u017eiakov Z\u0160. Radi V\u00e1s a Va\u0161ich \u017eiakov priv\u00edtame u n\u00e1s na [&hellip;]\" \/>\n<meta property=\"og:url\" content=\"https:\/\/www.enjoyslovakiasoul.com\/enjoy-tours\/enviro-outdoor-school\/\" \/>\n<meta property=\"og:site_name\" content=\"EST Frontier Slovakia\" \/>\n<meta property=\"article:modified_time\" content=\"2012-02-02T10:41:49+00:00\" \/>\n<meta property=\"og:image\" content=\"http:\/\/www.enjoyslovakiasoul.com\/wp-content\/uploads\/z-Podskalskeho-Rohaca1-300x148.jpg\" \/>\n<meta name=\"twitter:card\" content=\"summary_large_image\" \/>\n<meta name=\"twitter:label1\" content=\"Predpokladan\u00fd \u010das \u010d\u00edtania\" \/>\n\t<meta name=\"twitter:data1\" content=\"7 min\u00fat\" \/>\n<script type=\"application\/ld+json\" class=\"yoast-schema-graph\">{\"@context\":\"https:\/\/schema.org\",\"@graph\":[{\"@type\":\"WebPage\",\"@id\":\"https:\/\/www.enjoyslovakiasoul.com\/enjoy-tours\/enviro-outdoor-school\/\",\"url\":\"https:\/\/www.enjoyslovakiasoul.com\/enjoy-tours\/enviro-outdoor-school\/\",\"name\":\"Enviro Outdoor school - EST Frontier Slovakia\",\"isPartOf\":{\"@id\":\"https:\/\/www.enjoyslovakiasoul.com\/#website\"},\"datePublished\":\"2011-11-23T11:30:09+00:00\",\"dateModified\":\"2012-02-02T10:41:49+00:00\",\"breadcrumb\":{\"@id\":\"https:\/\/www.enjoyslovakiasoul.com\/enjoy-tours\/enviro-outdoor-school\/#breadcrumb\"},\"inLanguage\":\"sk-SK\",\"potentialAction\":[{\"@type\":\"ReadAction\",\"target\":[\"https:\/\/www.enjoyslovakiasoul.com\/enjoy-tours\/enviro-outdoor-school\/\"]}]},{\"@type\":\"BreadcrumbList\",\"@id\":\"https:\/\/www.enjoyslovakiasoul.com\/enjoy-tours\/enviro-outdoor-school\/#breadcrumb\",\"itemListElement\":[{\"@type\":\"ListItem\",\"position\":1,\"name\":\"Home\",\"item\":\"https:\/\/www.enjoyslovakiasoul.com\/\"},{\"@type\":\"ListItem\",\"position\":2,\"name\":\"O Slovensku\",\"item\":\"https:\/\/www.enjoyslovakiasoul.com\/sk\/enjoy-tours\/\"},{\"@type\":\"ListItem\",\"position\":3,\"name\":\"Enviro Outdoor school\"}]},{\"@type\":\"WebSite\",\"@id\":\"https:\/\/www.enjoyslovakiasoul.com\/#website\",\"url\":\"https:\/\/www.enjoyslovakiasoul.com\/\",\"name\":\"EST Frontier Slovakia\",\"description\":\"Fun, Relax, Adventure\",\"potentialAction\":[{\"@type\":\"SearchAction\",\"target\":{\"@type\":\"EntryPoint\",\"urlTemplate\":\"https:\/\/www.enjoyslovakiasoul.com\/?s={search_term_string}\"},\"query-input\":\"required name=search_term_string\"}],\"inLanguage\":\"sk-SK\"}]}<\/script>\n<!-- \/ Yoast SEO plugin. -->","yoast_head_json":{"title":"Enviro Outdoor school - EST Frontier Slovakia","robots":{"index":"index","follow":"follow","max-snippet":"max-snippet:-1","max-image-preview":"max-image-preview:large","max-video-preview":"max-video-preview:-1"},"canonical":"https:\/\/www.enjoyslovakiasoul.com\/enjoy-tours\/enviro-outdoor-school\/","og_locale":"sk_SK","og_type":"article","og_title":"Enviro Outdoor school - EST Frontier Slovakia","og_description":"\u0160KOLA V PR\u00cdRODE Ponuka na Enviro \u0161kolu v pr\u00edrode pre z\u00e1kladn\u00e9 \u0161koly ZUBEREC \u2013 ROH\u00c1\u010cE \u2013 Z\u00c1PADN\u00c9 TATRY \u2013 ORAVA &nbsp; &nbsp; ENVIRO \u0160KOLA V PR\u00cdRODE NA ORAVE \u2013 OBEC ZUBEREC Neopakovate\u013en\u00e9 \u0161kolsk\u00e9 pobyty v pr\u00edrode v malebnej dedinke pod Roh\u00e1\u010dmi v Zuberci pre \u017eiakov Z\u0160. Radi V\u00e1s a Va\u0161ich \u017eiakov priv\u00edtame u n\u00e1s na [&hellip;]","og_url":"https:\/\/www.enjoyslovakiasoul.com\/enjoy-tours\/enviro-outdoor-school\/","og_site_name":"EST Frontier Slovakia","article_modified_time":"2012-02-02T10:41:49+00:00","og_image":[{"url":"http:\/\/www.enjoyslovakiasoul.com\/wp-content\/uploads\/z-Podskalskeho-Rohaca1-300x148.jpg"}],"twitter_card":"summary_large_image","twitter_misc":{"Predpokladan\u00fd \u010das \u010d\u00edtania":"7 min\u00fat"},"schema":{"@context":"https:\/\/schema.org","@graph":[{"@type":"WebPage","@id":"https:\/\/www.enjoyslovakiasoul.com\/enjoy-tours\/enviro-outdoor-school\/","url":"https:\/\/www.enjoyslovakiasoul.com\/enjoy-tours\/enviro-outdoor-school\/","name":"Enviro Outdoor school - EST Frontier Slovakia","isPartOf":{"@id":"https:\/\/www.enjoyslovakiasoul.com\/#website"},"datePublished":"2011-11-23T11:30:09+00:00","dateModified":"2012-02-02T10:41:49+00:00","breadcrumb":{"@id":"https:\/\/www.enjoyslovakiasoul.com\/enjoy-tours\/enviro-outdoor-school\/#breadcrumb"},"inLanguage":"sk-SK","potentialAction":[{"@type":"ReadAction","target":["https:\/\/www.enjoyslovakiasoul.com\/enjoy-tours\/enviro-outdoor-school\/"]}]},{"@type":"BreadcrumbList","@id":"https:\/\/www.enjoyslovakiasoul.com\/enjoy-tours\/enviro-outdoor-school\/#breadcrumb","itemListElement":[{"@type":"ListItem","position":1,"name":"Home","item":"https:\/\/www.enjoyslovakiasoul.com\/"},{"@type":"ListItem","position":2,"name":"O Slovensku","item":"https:\/\/www.enjoyslovakiasoul.com\/sk\/enjoy-tours\/"},{"@type":"ListItem","position":3,"name":"Enviro Outdoor school"}]},{"@type":"WebSite","@id":"https:\/\/www.enjoyslovakiasoul.com\/#website","url":"https:\/\/www.enjoyslovakiasoul.com\/","name":"EST Frontier Slovakia","description":"Fun, Relax, Adventure","potentialAction":[{"@type":"SearchAction","target":{"@type":"EntryPoint","urlTemplate":"https:\/\/www.enjoyslovakiasoul.com\/?s={search_term_string}"},"query-input":"required name=search_term_string"}],"inLanguage":"sk-SK"}]}},"_links":{"self":[{"href":"https:\/\/www.enjoyslovakiasoul.com\/sk\/wp-json\/wp\/v2\/pages\/1875"}],"collection":[{"href":"https:\/\/www.enjoyslovakiasoul.com\/sk\/wp-json\/wp\/v2\/pages"}],"about":[{"href":"https:\/\/www.enjoyslovakiasoul.com\/sk\/wp-json\/wp\/v2\/types\/page"}],"author":[{"embeddable":true,"href":"https:\/\/www.enjoyslovakiasoul.com\/sk\/wp-json\/wp\/v2\/users\/1"}],"replies":[{"embeddable":true,"href":"https:\/\/www.enjoyslovakiasoul.com\/sk\/wp-json\/wp\/v2\/comments?post=1875"}],"version-history":[{"count":3,"href":"https:\/\/www.enjoyslovakiasoul.com\/sk\/wp-json\/wp\/v2\/pages\/1875\/revisions"}],"predecessor-version":[{"id":2953,"href":"https:\/\/www.enjoyslovakiasoul.com\/sk\/wp-json\/wp\/v2\/pages\/1875\/revisions\/2953"}],"up":[{"embeddable":true,"href":"https:\/\/www.enjoyslovakiasoul.com\/sk\/wp-json\/wp\/v2\/pages\/1846"}],"wp:attachment":[{"href":"https:\/\/www.enjoyslovakiasoul.com\/sk\/wp-json\/wp\/v2\/media?parent=1875"}],"curies":[{"name":"wp","href":"https:\/\/api.w.org\/{rel}","templated":true}]}}