
{"id":1885,"date":"2011-11-23T12:13:41","date_gmt":"2011-11-23T12:13:41","guid":{"rendered":"http:\/\/www.enjoyslovakiasoul.com\/?page_id=1885"},"modified":"2013-02-24T14:43:55","modified_gmt":"2013-02-24T14:43:55","slug":"wine-beer-and-liquor-tasting-tour","status":"publish","type":"page","link":"https:\/\/www.enjoyslovakiasoul.com\/sk\/enjoy-tours\/seightseeing-turs\/wine-beer-and-liquor-tasting-tour\/","title":{"rendered":"Wine, Beer and Liquor tasting Tour"},"content":{"rendered":"<p><\/p>\n<h2><\/h2>\n<h2><span style=\"color: #99cc00;\"><strong>Wine, Beer and Liquor tasting Tour <div class=\"mygallery\"><div class=\"tn3 album\"><div class=\"tn3 thumb\">https:\/\/www.enjoyslovakiasoul.com\/sk\/wp-content\/gallery\/liquor-tasting-tour\/image.jpg<\/div><ol><li>\n                <a href=\"https:\/\/www.enjoyslovakiasoul.com\/sk\/wp-content\/gallery\/liquor-tasting-tour\/image.jpg\"><img width=\"35\" src=\"https:\/\/www.enjoyslovakiasoul.com\/sk\/wp-content\/gallery\/liquor-tasting-tour\/thumbs\/thumbs_image.jpg\" \/><\/a>\n                <\/li><li>\n                <a href=\"https:\/\/www.enjoyslovakiasoul.com\/sk\/wp-content\/gallery\/liquor-tasting-tour\/vineyard_photo_home.jpg\"><img width=\"35\" src=\"https:\/\/www.enjoyslovakiasoul.com\/sk\/wp-content\/gallery\/liquor-tasting-tour\/thumbs\/thumbs_vineyard_photo_home.jpg\" \/><\/a>\n                <\/li><li>\n                <a href=\"https:\/\/www.enjoyslovakiasoul.com\/sk\/wp-content\/gallery\/liquor-tasting-tour\/towergra.jpg\"><img width=\"35\" src=\"https:\/\/www.enjoyslovakiasoul.com\/sk\/wp-content\/gallery\/liquor-tasting-tour\/thumbs\/thumbs_towergra.jpg\" \/><\/a>\n                <\/li><li>\n                <a href=\"https:\/\/www.enjoyslovakiasoul.com\/sk\/wp-content\/gallery\/liquor-tasting-tour\/01.jpg\"><img width=\"35\" src=\"https:\/\/www.enjoyslovakiasoul.com\/sk\/wp-content\/gallery\/liquor-tasting-tour\/thumbs\/thumbs_01.jpg\" \/><\/a>\n                <\/li><li>\n                <a href=\"https:\/\/www.enjoyslovakiasoul.com\/sk\/wp-content\/gallery\/liquor-tasting-tour\/stacked_wine_barrels.jpg\"><img width=\"35\" src=\"https:\/\/www.enjoyslovakiasoul.com\/sk\/wp-content\/gallery\/liquor-tasting-tour\/thumbs\/thumbs_stacked_wine_barrels.jpg\" \/><\/a>\n                <\/li><li>\n                <a href=\"https:\/\/www.enjoyslovakiasoul.com\/sk\/wp-content\/gallery\/liquor-tasting-tour\/085455a.jpg\"><img width=\"35\" src=\"https:\/\/www.enjoyslovakiasoul.com\/sk\/wp-content\/gallery\/liquor-tasting-tour\/thumbs\/thumbs_085455a.jpg\" \/><\/a>\n                <\/li><li>\n                <a href=\"https:\/\/www.enjoyslovakiasoul.com\/sk\/wp-content\/gallery\/liquor-tasting-tour\/pivo-alkohol-clanok.jpg\"><img width=\"35\" src=\"https:\/\/www.enjoyslovakiasoul.com\/sk\/wp-content\/gallery\/liquor-tasting-tour\/thumbs\/thumbs_pivo-alkohol-clanok.jpg\" \/><\/a>\n                <\/li><li>\n                <a href=\"https:\/\/www.enjoyslovakiasoul.com\/sk\/wp-content\/gallery\/liquor-tasting-tour\/6175_40691621d7_large.jpg\"><img width=\"35\" src=\"https:\/\/www.enjoyslovakiasoul.com\/sk\/wp-content\/gallery\/liquor-tasting-tour\/thumbs\/thumbs_6175_40691621d7_large.jpg\" \/><\/a>\n                <\/li><li>\n                <a href=\"https:\/\/www.enjoyslovakiasoul.com\/sk\/wp-content\/gallery\/liquor-tasting-tour\/aqua-city-poprad3.jpg\"><img width=\"35\" src=\"https:\/\/www.enjoyslovakiasoul.com\/sk\/wp-content\/gallery\/liquor-tasting-tour\/thumbs\/thumbs_aqua-city-poprad3.jpg\" \/><\/a>\n                <\/li><li>\n                <a href=\"https:\/\/www.enjoyslovakiasoul.com\/sk\/wp-content\/gallery\/liquor-tasting-tour\/aquacity-poprad-spa.jpg\"><img width=\"35\" src=\"https:\/\/www.enjoyslovakiasoul.com\/sk\/wp-content\/gallery\/liquor-tasting-tour\/thumbs\/thumbs_aquacity-poprad-spa.jpg\" \/><\/a>\n                <\/li><li>\n                <a href=\"https:\/\/www.enjoyslovakiasoul.com\/sk\/wp-content\/gallery\/liquor-tasting-tour\/aquacity_poprad_05_blue_diamond.jpg\"><img width=\"35\" src=\"https:\/\/www.enjoyslovakiasoul.com\/sk\/wp-content\/gallery\/liquor-tasting-tour\/thumbs\/thumbs_aquacity_poprad_05_blue_diamond.jpg\" \/><\/a>\n                <\/li><li>\n                <a href=\"https:\/\/www.enjoyslovakiasoul.com\/sk\/wp-content\/gallery\/liquor-tasting-tour\/dsc_0415-a6e54d95260757733ac87b6a671ed7636f1c90dc.jpg\"><img width=\"35\" src=\"https:\/\/www.enjoyslovakiasoul.com\/sk\/wp-content\/gallery\/liquor-tasting-tour\/thumbs\/thumbs_dsc_0415-a6e54d95260757733ac87b6a671ed7636f1c90dc.jpg\" \/><\/a>\n                <\/li><li>\n                <a href=\"https:\/\/www.enjoyslovakiasoul.com\/sk\/wp-content\/gallery\/liquor-tasting-tour\/hotel-patria-strbske-pleso-vysoke-tatry-slovensko-lyzovacka-ski-ubytovanie-v-na-sk-big-patria-letna2.jpg\"><img width=\"35\" src=\"https:\/\/www.enjoyslovakiasoul.com\/sk\/wp-content\/gallery\/liquor-tasting-tour\/thumbs\/thumbs_hotel-patria-strbske-pleso-vysoke-tatry-slovensko-lyzovacka-ski-ubytovanie-v-na-sk-big-patria-letna2.jpg\" \/><\/a>\n                <\/li><li>\n                <a href=\"https:\/\/www.enjoyslovakiasoul.com\/sk\/wp-content\/gallery\/liquor-tasting-tour\/tatratea_tecko.jpg\"><img width=\"35\" src=\"https:\/\/www.enjoyslovakiasoul.com\/sk\/wp-content\/gallery\/liquor-tasting-tour\/thumbs\/thumbs_tatratea_tecko.jpg\" \/><\/a>\n                <\/li><li>\n                <a href=\"https:\/\/www.enjoyslovakiasoul.com\/sk\/wp-content\/gallery\/liquor-tasting-tour\/img_6086_fklub.jpg\"><img width=\"35\" src=\"https:\/\/www.enjoyslovakiasoul.com\/sk\/wp-content\/gallery\/liquor-tasting-tour\/thumbs\/thumbs_img_6086_fklub.jpg\" \/><\/a>\n                <\/li><li>\n                <a href=\"https:\/\/www.enjoyslovakiasoul.com\/sk\/wp-content\/gallery\/liquor-tasting-tour\/janosikov_dvor___janos_krcma__zazriva___2.jpg\"><img width=\"35\" src=\"https:\/\/www.enjoyslovakiasoul.com\/sk\/wp-content\/gallery\/liquor-tasting-tour\/thumbs\/thumbs_janosikov_dvor___janos_krcma__zazriva___2.jpg\" \/><\/a>\n                <\/li><li>\n                <a href=\"https:\/\/www.enjoyslovakiasoul.com\/sk\/wp-content\/gallery\/liquor-tasting-tour\/kezmarok.jpg\"><img width=\"35\" src=\"https:\/\/www.enjoyslovakiasoul.com\/sk\/wp-content\/gallery\/liquor-tasting-tour\/thumbs\/thumbs_kezmarok.jpg\" \/><\/a>\n                <\/li><li>\n                <a href=\"https:\/\/www.enjoyslovakiasoul.com\/sk\/wp-content\/gallery\/liquor-tasting-tour\/orava_1.jpg\"><img width=\"35\" src=\"https:\/\/www.enjoyslovakiasoul.com\/sk\/wp-content\/gallery\/liquor-tasting-tour\/thumbs\/thumbs_orava_1.jpg\" \/><\/a>\n                <\/li><li>\n                <a href=\"https:\/\/www.enjoyslovakiasoul.com\/sk\/wp-content\/gallery\/liquor-tasting-tour\/untitledww.jpg\"><img width=\"35\" src=\"https:\/\/www.enjoyslovakiasoul.com\/sk\/wp-content\/gallery\/liquor-tasting-tour\/thumbs\/thumbs_untitledww.jpg\" \/><\/a>\n                <\/li><\/ol><\/div><\/div><\/strong><\/span><\/h2>\n<h2><\/h2>\n<h2><\/h2>\n<h2><\/h2>\n<p>Whether you are a first-time visitor, wine novice, or an experienced connoisseur, we will create an experience to meet your needs. Your guide knows the wine country like the back of his hand, so you can rest assured he will make the best use of your valuable time. During the day, you can dine outdoors surrounded by vineyards at a scenic winery, or enjoy lunch in one of the cellars. Our brewery still produces its beer the traditional way as opposed to large volume breweries with their latest technologies which produce beer that is hardly different from any other large brewery due to the loss of human aspect in the art of brewing. Slovak brewery\u2019s goal is to make unique products that will be identified by consumers from other brands for its unique and original taste.Let\u2019s finish the day with the tour of distillery which is the home of the world famous liquor. You will be able to see the whole process of making the liquor and have a taste of it and other products from the distillery.<\/p>\n<h2><\/h2>\n<p><span style=\"color: #000000;\"><strong>Unlimited consumption of alcohol beverages during the tasting tours to vineyard, brewery &#038; \u00a0tour of the Karloff\/ Tatra tea factory.<\/strong><\/span><\/p>\n<h2><\/h2>\n<div>\n<p><strong><\/p>\n<p><\/strong><\/div>\n<h2><span style=\"color: #99cc00;\"><\/p>\n<p><\/span><\/h2>\n<p><script type=\"text\/javascript\" language=\"JavaScript\" src=\"http:\/\/www.responsibletravel.com\/badge\/js.asp?mid=2843&#038;sid=100001&#038;bid=1&#038;i=361\"><\/script><\/p>\n<div id=\"_rtBadge361\"><a href=\"http:\/\/www.responsibletravel.com\/member\/2843\/enjoy-slovakia-tours\">responsibletravel recommends EST Frontier Slovakia<\/a><\/div>\n<p><\/p>","protected":false},"excerpt":{"rendered":"<p>Wine, Beer and Liquor tasting Tour Whether you are a first-time visitor, wine novice, or an experienced connoisseur, we will create an experience to meet your needs. Your guide knows the wine country like the back of his hand, so you can rest assured he will make the best use of your valuable time. During [&hellip;]<\/p>\n","protected":false},"author":1,"featured_media":0,"parent":1848,"menu_order":0,"comment_status":"open","ping_status":"closed","template":"","meta":{"ngg_post_thumbnail":0},"yoast_head":"<!-- This site is optimized with the Yoast SEO plugin v20.3 - https:\/\/yoast.com\/wordpress\/plugins\/seo\/ -->\n<title>Wine, Beer and Liquor tasting Tour - EST Frontier Slovakia<\/title>\n<meta name=\"robots\" content=\"index, follow, max-snippet:-1, max-image-preview:large, max-video-preview:-1\" \/>\n<link rel=\"canonical\" href=\"https:\/\/www.enjoyslovakiasoul.com\/enjoy-tours\/seightseeing-turs\/wine-beer-and-liquor-tasting-tour\/\" \/>\n<meta property=\"og:locale\" content=\"sk_SK\" \/>\n<meta property=\"og:type\" content=\"article\" \/>\n<meta property=\"og:title\" content=\"Wine, Beer and Liquor tasting Tour - EST Frontier Slovakia\" \/>\n<meta property=\"og:description\" content=\"Wine, Beer and Liquor tasting Tour Whether you are a first-time visitor, wine novice, or an experienced connoisseur, we will create an experience to meet your needs. Your guide knows the wine country like the back of his hand, so you can rest assured he will make the best use of your valuable time. During [&hellip;]\" \/>\n<meta property=\"og:url\" content=\"https:\/\/www.enjoyslovakiasoul.com\/enjoy-tours\/seightseeing-turs\/wine-beer-and-liquor-tasting-tour\/\" \/>\n<meta property=\"og:site_name\" content=\"EST Frontier Slovakia\" \/>\n<meta property=\"article:modified_time\" content=\"2013-02-24T14:43:55+00:00\" \/>\n<meta name=\"twitter:card\" content=\"summary_large_image\" \/>\n<meta name=\"twitter:label1\" content=\"Predpokladan\u00fd \u010das \u010d\u00edtania\" \/>\n\t<meta name=\"twitter:data1\" content=\"2 min\u00faty\" \/>\n<script type=\"application\/ld+json\" class=\"yoast-schema-graph\">{\"@context\":\"https:\/\/schema.org\",\"@graph\":[{\"@type\":\"WebPage\",\"@id\":\"https:\/\/www.enjoyslovakiasoul.com\/enjoy-tours\/seightseeing-turs\/wine-beer-and-liquor-tasting-tour\/\",\"url\":\"https:\/\/www.enjoyslovakiasoul.com\/enjoy-tours\/seightseeing-turs\/wine-beer-and-liquor-tasting-tour\/\",\"name\":\"Wine, Beer and Liquor tasting Tour - EST Frontier Slovakia\",\"isPartOf\":{\"@id\":\"https:\/\/www.enjoyslovakiasoul.com\/#website\"},\"datePublished\":\"2011-11-23T12:13:41+00:00\",\"dateModified\":\"2013-02-24T14:43:55+00:00\",\"breadcrumb\":{\"@id\":\"https:\/\/www.enjoyslovakiasoul.com\/enjoy-tours\/seightseeing-turs\/wine-beer-and-liquor-tasting-tour\/#breadcrumb\"},\"inLanguage\":\"sk-SK\",\"potentialAction\":[{\"@type\":\"ReadAction\",\"target\":[\"https:\/\/www.enjoyslovakiasoul.com\/enjoy-tours\/seightseeing-turs\/wine-beer-and-liquor-tasting-tour\/\"]}]},{\"@type\":\"BreadcrumbList\",\"@id\":\"https:\/\/www.enjoyslovakiasoul.com\/enjoy-tours\/seightseeing-turs\/wine-beer-and-liquor-tasting-tour\/#breadcrumb\",\"itemListElement\":[{\"@type\":\"ListItem\",\"position\":1,\"name\":\"Home\",\"item\":\"https:\/\/www.enjoyslovakiasoul.com\/\"},{\"@type\":\"ListItem\",\"position\":2,\"name\":\"O Slovensku\",\"item\":\"https:\/\/www.enjoyslovakiasoul.com\/sk\/enjoy-tours\/\"},{\"@type\":\"ListItem\",\"position\":3,\"name\":\"Sightseeing Tours\",\"item\":\"https:\/\/www.enjoyslovakiasoul.com\/sk\/enjoy-tours\/seightseeing-turs\/\"},{\"@type\":\"ListItem\",\"position\":4,\"name\":\"Wine, Beer and Liquor tasting Tour\"}]},{\"@type\":\"WebSite\",\"@id\":\"https:\/\/www.enjoyslovakiasoul.com\/#website\",\"url\":\"https:\/\/www.enjoyslovakiasoul.com\/\",\"name\":\"EST Frontier Slovakia\",\"description\":\"Fun, Relax, Adventure\",\"potentialAction\":[{\"@type\":\"SearchAction\",\"target\":{\"@type\":\"EntryPoint\",\"urlTemplate\":\"https:\/\/www.enjoyslovakiasoul.com\/?s={search_term_string}\"},\"query-input\":\"required name=search_term_string\"}],\"inLanguage\":\"sk-SK\"}]}<\/script>\n<!-- \/ Yoast SEO plugin. -->","yoast_head_json":{"title":"Wine, Beer and Liquor tasting Tour - EST Frontier Slovakia","robots":{"index":"index","follow":"follow","max-snippet":"max-snippet:-1","max-image-preview":"max-image-preview:large","max-video-preview":"max-video-preview:-1"},"canonical":"https:\/\/www.enjoyslovakiasoul.com\/enjoy-tours\/seightseeing-turs\/wine-beer-and-liquor-tasting-tour\/","og_locale":"sk_SK","og_type":"article","og_title":"Wine, Beer and Liquor tasting Tour - EST Frontier Slovakia","og_description":"Wine, Beer and Liquor tasting Tour Whether you are a first-time visitor, wine novice, or an experienced connoisseur, we will create an experience to meet your needs. Your guide knows the wine country like the back of his hand, so you can rest assured he will make the best use of your valuable time. During [&hellip;]","og_url":"https:\/\/www.enjoyslovakiasoul.com\/enjoy-tours\/seightseeing-turs\/wine-beer-and-liquor-tasting-tour\/","og_site_name":"EST Frontier Slovakia","article_modified_time":"2013-02-24T14:43:55+00:00","twitter_card":"summary_large_image","twitter_misc":{"Predpokladan\u00fd \u010das \u010d\u00edtania":"2 min\u00faty"},"schema":{"@context":"https:\/\/schema.org","@graph":[{"@type":"WebPage","@id":"https:\/\/www.enjoyslovakiasoul.com\/enjoy-tours\/seightseeing-turs\/wine-beer-and-liquor-tasting-tour\/","url":"https:\/\/www.enjoyslovakiasoul.com\/enjoy-tours\/seightseeing-turs\/wine-beer-and-liquor-tasting-tour\/","name":"Wine, Beer and Liquor tasting Tour - EST Frontier Slovakia","isPartOf":{"@id":"https:\/\/www.enjoyslovakiasoul.com\/#website"},"datePublished":"2011-11-23T12:13:41+00:00","dateModified":"2013-02-24T14:43:55+00:00","breadcrumb":{"@id":"https:\/\/www.enjoyslovakiasoul.com\/enjoy-tours\/seightseeing-turs\/wine-beer-and-liquor-tasting-tour\/#breadcrumb"},"inLanguage":"sk-SK","potentialAction":[{"@type":"ReadAction","target":["https:\/\/www.enjoyslovakiasoul.com\/enjoy-tours\/seightseeing-turs\/wine-beer-and-liquor-tasting-tour\/"]}]},{"@type":"BreadcrumbList","@id":"https:\/\/www.enjoyslovakiasoul.com\/enjoy-tours\/seightseeing-turs\/wine-beer-and-liquor-tasting-tour\/#breadcrumb","itemListElement":[{"@type":"ListItem","position":1,"name":"Home","item":"https:\/\/www.enjoyslovakiasoul.com\/"},{"@type":"ListItem","position":2,"name":"O Slovensku","item":"https:\/\/www.enjoyslovakiasoul.com\/sk\/enjoy-tours\/"},{"@type":"ListItem","position":3,"name":"Sightseeing Tours","item":"https:\/\/www.enjoyslovakiasoul.com\/sk\/enjoy-tours\/seightseeing-turs\/"},{"@type":"ListItem","position":4,"name":"Wine, Beer and Liquor tasting Tour"}]},{"@type":"WebSite","@id":"https:\/\/www.enjoyslovakiasoul.com\/#website","url":"https:\/\/www.enjoyslovakiasoul.com\/","name":"EST Frontier Slovakia","description":"Fun, Relax, Adventure","potentialAction":[{"@type":"SearchAction","target":{"@type":"EntryPoint","urlTemplate":"https:\/\/www.enjoyslovakiasoul.com\/?s={search_term_string}"},"query-input":"required name=search_term_string"}],"inLanguage":"sk-SK"}]}},"_links":{"self":[{"href":"https:\/\/www.enjoyslovakiasoul.com\/sk\/wp-json\/wp\/v2\/pages\/1885"}],"collection":[{"href":"https:\/\/www.enjoyslovakiasoul.com\/sk\/wp-json\/wp\/v2\/pages"}],"about":[{"href":"https:\/\/www.enjoyslovakiasoul.com\/sk\/wp-json\/wp\/v2\/types\/page"}],"author":[{"embeddable":true,"href":"https:\/\/www.enjoyslovakiasoul.com\/sk\/wp-json\/wp\/v2\/users\/1"}],"replies":[{"embeddable":true,"href":"https:\/\/www.enjoyslovakiasoul.com\/sk\/wp-json\/wp\/v2\/comments?post=1885"}],"version-history":[{"count":24,"href":"https:\/\/www.enjoyslovakiasoul.com\/sk\/wp-json\/wp\/v2\/pages\/1885\/revisions"}],"predecessor-version":[{"id":2115,"href":"https:\/\/www.enjoyslovakiasoul.com\/sk\/wp-json\/wp\/v2\/pages\/1885\/revisions\/2115"}],"up":[{"embeddable":true,"href":"https:\/\/www.enjoyslovakiasoul.com\/sk\/wp-json\/wp\/v2\/pages\/1848"}],"wp:attachment":[{"href":"https:\/\/www.enjoyslovakiasoul.com\/sk\/wp-json\/wp\/v2\/media?parent=1885"}],"curies":[{"name":"wp","href":"https:\/\/api.w.org\/{rel}","templated":true}]}}