
{"id":1887,"date":"2011-11-23T12:14:41","date_gmt":"2011-11-23T12:14:41","guid":{"rendered":"http:\/\/www.enjoyslovakiasoul.com\/?page_id=1887"},"modified":"2013-01-12T22:52:26","modified_gmt":"2013-01-12T22:52:26","slug":"the-best-slovaki-tour","status":"publish","type":"page","link":"https:\/\/www.enjoyslovakiasoul.com\/sk\/enjoy-tours\/seightseeing-turs\/the-best-slovaki-tour\/","title":{"rendered":"The Best of Slovakia Tour"},"content":{"rendered":"<p><\/p>\n<div>\n<h2><span style=\"color: #99cc00;\"><strong>The Best of Slovakia Tour <div class=\"mygallery\"><div class=\"tn3 album\"><div class=\"tn3 thumb\">https:\/\/www.enjoyslovakiasoul.com\/sk\/wp-content\/gallery\/the-best-of-slovakia-tour\/banska-stiavnica.jpg<\/div><ol><li>\n                <a href=\"https:\/\/www.enjoyslovakiasoul.com\/sk\/wp-content\/gallery\/the-best-of-slovakia-tour\/banska-stiavnica.jpg\"><img width=\"35\" src=\"https:\/\/www.enjoyslovakiasoul.com\/sk\/wp-content\/gallery\/the-best-of-slovakia-tour\/thumbs\/thumbs_banska-stiavnica.jpg\" \/><\/a>\n                <\/li><li>\n                <a href=\"https:\/\/www.enjoyslovakiasoul.com\/sk\/wp-content\/gallery\/the-best-of-slovakia-tour\/bratislava-slovakia_391.jpg\"><img width=\"35\" src=\"https:\/\/www.enjoyslovakiasoul.com\/sk\/wp-content\/gallery\/the-best-of-slovakia-tour\/thumbs\/thumbs_bratislava-slovakia_391.jpg\" \/><\/a>\n                <\/li><li>\n                <a href=\"https:\/\/www.enjoyslovakiasoul.com\/sk\/wp-content\/gallery\/the-best-of-slovakia-tour\/bratislava2.jpg\"><img width=\"35\" src=\"https:\/\/www.enjoyslovakiasoul.com\/sk\/wp-content\/gallery\/the-best-of-slovakia-tour\/thumbs\/thumbs_bratislava2.jpg\" \/><\/a>\n                <\/li><li>\n                <a href=\"https:\/\/www.enjoyslovakiasoul.com\/sk\/wp-content\/gallery\/the-best-of-slovakia-tour\/ladova-jaskyna-2.jpg\"><img width=\"35\" src=\"https:\/\/www.enjoyslovakiasoul.com\/sk\/wp-content\/gallery\/the-best-of-slovakia-tour\/thumbs\/thumbs_ladova-jaskyna-2.jpg\" \/><\/a>\n                <\/li><li>\n                <a href=\"https:\/\/www.enjoyslovakiasoul.com\/sk\/wp-content\/gallery\/the-best-of-slovakia-tour\/levoc.jpg\"><img width=\"35\" src=\"https:\/\/www.enjoyslovakiasoul.com\/sk\/wp-content\/gallery\/the-best-of-slovakia-tour\/thumbs\/thumbs_levoc.jpg\" \/><\/a>\n                <\/li><li>\n                <a href=\"https:\/\/www.enjoyslovakiasoul.com\/sk\/wp-content\/gallery\/the-best-of-slovakia-tour\/levoca_6x.jpg\"><img width=\"35\" src=\"https:\/\/www.enjoyslovakiasoul.com\/sk\/wp-content\/gallery\/the-best-of-slovakia-tour\/thumbs\/thumbs_levoca_6x.jpg\" \/><\/a>\n                <\/li><li>\n                <a href=\"https:\/\/www.enjoyslovakiasoul.com\/sk\/wp-content\/gallery\/the-best-of-slovakia-tour\/oravsky-hrad-at-night.jpg\"><img width=\"35\" src=\"https:\/\/www.enjoyslovakiasoul.com\/sk\/wp-content\/gallery\/the-best-of-slovakia-tour\/thumbs\/thumbs_oravsky-hrad-at-night.jpg\" \/><\/a>\n                <\/li><li>\n                <a href=\"https:\/\/www.enjoyslovakiasoul.com\/sk\/wp-content\/gallery\/the-best-of-slovakia-tour\/oravsky-hrad.jpg\"><img width=\"35\" src=\"https:\/\/www.enjoyslovakiasoul.com\/sk\/wp-content\/gallery\/the-best-of-slovakia-tour\/thumbs\/thumbs_oravsky-hrad.jpg\" \/><\/a>\n                <\/li><li>\n                <a href=\"https:\/\/www.enjoyslovakiasoul.com\/sk\/wp-content\/gallery\/the-best-of-slovakia-tour\/pohoda-v-rohacoch.jpg\"><img width=\"35\" src=\"https:\/\/www.enjoyslovakiasoul.com\/sk\/wp-content\/gallery\/the-best-of-slovakia-tour\/thumbs\/thumbs_pohoda-v-rohacoch.jpg\" \/><\/a>\n                <\/li><li>\n                <a href=\"https:\/\/www.enjoyslovakiasoul.com\/sk\/wp-content\/gallery\/the-best-of-slovakia-tour\/skanzen2.jpg\"><img width=\"35\" src=\"https:\/\/www.enjoyslovakiasoul.com\/sk\/wp-content\/gallery\/the-best-of-slovakia-tour\/thumbs\/thumbs_skanzen2.jpg\" \/><\/a>\n                <\/li><li>\n                <a href=\"https:\/\/www.enjoyslovakiasoul.com\/sk\/wp-content\/gallery\/the-best-of-slovakia-tour\/spissky.jpg\"><img width=\"35\" src=\"https:\/\/www.enjoyslovakiasoul.com\/sk\/wp-content\/gallery\/the-best-of-slovakia-tour\/thumbs\/thumbs_spissky.jpg\" \/><\/a>\n                <\/li><li>\n                <a href=\"https:\/\/www.enjoyslovakiasoul.com\/sk\/wp-content\/gallery\/the-best-of-slovakia-tour\/stary-smokovec-kostol.jpg\"><img width=\"35\" src=\"https:\/\/www.enjoyslovakiasoul.com\/sk\/wp-content\/gallery\/the-best-of-slovakia-tour\/thumbs\/thumbs_stary-smokovec-kostol.jpg\" \/><\/a>\n                <\/li><li>\n                <a href=\"https:\/\/www.enjoyslovakiasoul.com\/sk\/wp-content\/gallery\/the-best-of-slovakia-tour\/strbske-pleso.jpg\"><img width=\"35\" src=\"https:\/\/www.enjoyslovakiasoul.com\/sk\/wp-content\/gallery\/the-best-of-slovakia-tour\/thumbs\/thumbs_strbske-pleso.jpg\" \/><\/a>\n                <\/li><li>\n                <a href=\"https:\/\/www.enjoyslovakiasoul.com\/sk\/wp-content\/gallery\/the-best-of-slovakia-tour\/strbske-pleso2.jpg\"><img width=\"35\" src=\"https:\/\/www.enjoyslovakiasoul.com\/sk\/wp-content\/gallery\/the-best-of-slovakia-tour\/thumbs\/thumbs_strbske-pleso2.jpg\" \/><\/a>\n                <\/li><li>\n                <a href=\"https:\/\/www.enjoyslovakiasoul.com\/sk\/wp-content\/gallery\/the-best-of-slovakia-tour\/vlkolinec.jpg\"><img width=\"35\" src=\"https:\/\/www.enjoyslovakiasoul.com\/sk\/wp-content\/gallery\/the-best-of-slovakia-tour\/thumbs\/thumbs_vlkolinec.jpg\" \/><\/a>\n                <\/li><li>\n                <a href=\"https:\/\/www.enjoyslovakiasoul.com\/sk\/wp-content\/gallery\/the-best-of-slovakia-tour\/z-podskalskeho-rohaca.jpg\"><img width=\"35\" src=\"https:\/\/www.enjoyslovakiasoul.com\/sk\/wp-content\/gallery\/the-best-of-slovakia-tour\/thumbs\/thumbs_z-podskalskeho-rohaca.jpg\" \/><\/a>\n                <\/li><li>\n                <a href=\"https:\/\/www.enjoyslovakiasoul.com\/sk\/wp-content\/gallery\/the-best-of-slovakia-tour\/006-tomas_mlyn_20080525.jpg\"><img width=\"35\" src=\"https:\/\/www.enjoyslovakiasoul.com\/sk\/wp-content\/gallery\/the-best-of-slovakia-tour\/thumbs\/thumbs_006-tomas_mlyn_20080525.jpg\" \/><\/a>\n                <\/li><li>\n                <a href=\"https:\/\/www.enjoyslovakiasoul.com\/sk\/wp-content\/gallery\/the-best-of-slovakia-tour\/cicmany_4x.jpg\"><img width=\"35\" src=\"https:\/\/www.enjoyslovakiasoul.com\/sk\/wp-content\/gallery\/the-best-of-slovakia-tour\/thumbs\/thumbs_cicmany_4x.jpg\" \/><\/a>\n                <\/li><li>\n                <a href=\"https:\/\/www.enjoyslovakiasoul.com\/sk\/wp-content\/gallery\/the-best-of-slovakia-tour\/d_podbiel_jpg.jpg\"><img width=\"35\" src=\"https:\/\/www.enjoyslovakiasoul.com\/sk\/wp-content\/gallery\/the-best-of-slovakia-tour\/thumbs\/thumbs_d_podbiel_jpg.jpg\" \/><\/a>\n                <\/li><li>\n                <a href=\"https:\/\/www.enjoyslovakiasoul.com\/sk\/wp-content\/gallery\/the-best-of-slovakia-tour\/jarny-pohlad-na-krivan-veruska.jpg\"><img width=\"35\" src=\"https:\/\/www.enjoyslovakiasoul.com\/sk\/wp-content\/gallery\/the-best-of-slovakia-tour\/thumbs\/thumbs_jarny-pohlad-na-krivan-veruska.jpg\" \/><\/a>\n                <\/li><li>\n                <a href=\"https:\/\/www.enjoyslovakiasoul.com\/sk\/wp-content\/gallery\/the-best-of-slovakia-tour\/ludovy_dom.jpg\"><img width=\"35\" src=\"https:\/\/www.enjoyslovakiasoul.com\/sk\/wp-content\/gallery\/the-best-of-slovakia-tour\/thumbs\/thumbs_ludovy_dom.jpg\" \/><\/a>\n                <\/li><li>\n                <a href=\"https:\/\/www.enjoyslovakiasoul.com\/sk\/wp-content\/gallery\/the-best-of-slovakia-tour\/38685_1363637974233_1330115733_30876210_7256120_n.jpg\"><img width=\"35\" src=\"https:\/\/www.enjoyslovakiasoul.com\/sk\/wp-content\/gallery\/the-best-of-slovakia-tour\/thumbs\/thumbs_38685_1363637974233_1330115733_30876210_7256120_n.jpg\" \/><\/a>\n                <\/li><li>\n                <a href=\"https:\/\/www.enjoyslovakiasoul.com\/sk\/wp-content\/gallery\/the-best-of-slovakia-tour\/7.jpg\"><img width=\"35\" src=\"https:\/\/www.enjoyslovakiasoul.com\/sk\/wp-content\/gallery\/the-best-of-slovakia-tour\/thumbs\/thumbs_7.jpg\" \/><\/a>\n                <\/li><li>\n                <a href=\"https:\/\/www.enjoyslovakiasoul.com\/sk\/wp-content\/gallery\/the-best-of-slovakia-tour\/d17a04d73f4790eb0ede46b5e690505c.jpg\"><img width=\"35\" src=\"https:\/\/www.enjoyslovakiasoul.com\/sk\/wp-content\/gallery\/the-best-of-slovakia-tour\/thumbs\/thumbs_d17a04d73f4790eb0ede46b5e690505c.jpg\" \/><\/a>\n                <\/li><li>\n                <a href=\"https:\/\/www.enjoyslovakiasoul.com\/sk\/wp-content\/gallery\/the-best-of-slovakia-tour\/nano-sivan-metale.jpg\"><img width=\"35\" src=\"https:\/\/www.enjoyslovakiasoul.com\/sk\/wp-content\/gallery\/the-best-of-slovakia-tour\/thumbs\/thumbs_nano-sivan-metale.jpg\" \/><\/a>\n                <\/li><li>\n                <a href=\"https:\/\/www.enjoyslovakiasoul.com\/sk\/wp-content\/gallery\/the-best-of-slovakia-tour\/pict0052.jpg\"><img width=\"35\" src=\"https:\/\/www.enjoyslovakiasoul.com\/sk\/wp-content\/gallery\/the-best-of-slovakia-tour\/thumbs\/thumbs_pict0052.jpg\" \/><\/a>\n                <\/li><li>\n                <a href=\"https:\/\/www.enjoyslovakiasoul.com\/sk\/wp-content\/gallery\/the-best-of-slovakia-tour\/untitled-1.jpg\"><img width=\"35\" src=\"https:\/\/www.enjoyslovakiasoul.com\/sk\/wp-content\/gallery\/the-best-of-slovakia-tour\/thumbs\/thumbs_untitled-1.jpg\" \/><\/a>\n                <\/li><\/ol><\/div><\/div><\/strong><\/span><\/h2>\n<p>Enjoy the memorable scenery and stunning panoramic views of majestic mountains, experience tradition filled quaint towns throughout the countryside where you will meet friendly and kind local people known for their hospitality. Visit an open-air museums of historic Slovak villages, see the architecture, take a look inside of a typical traditional log house and learn and imagine the everyday life of our ancestors. Explore the mountains and countryside, visit local attractions, historic castles, step back in time to a place where horse drawn carriages frequent the streets and musicians perform traditional\u00a0music at the historic Orava castle \u2013 built as an \u201ceagle\u2019s nest\u201d on top of a cliff above the river. Enjoy a hike to a remote sheep farm where you can see how cheese is made the old fashion way, sample traditional local food.<\/p>\n<\/div>\n<p><strong><br \/>\n<\/strong><br \/>\n<script type=\"text\/javascript\" language=\"JavaScript\" src=\"http:\/\/www.responsibletravel.com\/badge\/js.asp?mid=2843&#038;sid=100001&#038;bid=1&#038;i=353\"><\/script><\/p>\n<div id=\"_rtBadge353\"><a href=\"http:\/\/www.responsibletravel.com\/member\/2843\/enjoy-slovakia-tours\">responsibletravel recommends EST Frontier Slovakia<\/a><\/div>\n<p><\/p>","protected":false},"excerpt":{"rendered":"<p>The Best of Slovakia Tour Enjoy the memorable scenery and stunning panoramic views of majestic mountains, experience tradition filled quaint towns throughout the countryside where you will meet friendly and kind local people known for their hospitality. Visit an open-air museums of historic Slovak villages, see the architecture, take a look inside of a typical [&hellip;]<\/p>\n","protected":false},"author":1,"featured_media":0,"parent":1848,"menu_order":0,"comment_status":"open","ping_status":"closed","template":"","meta":{"ngg_post_thumbnail":0},"yoast_head":"<!-- This site is optimized with the Yoast SEO plugin v20.3 - https:\/\/yoast.com\/wordpress\/plugins\/seo\/ -->\n<title>The Best of Slovakia Tour - EST Frontier Slovakia<\/title>\n<meta name=\"robots\" content=\"index, follow, max-snippet:-1, max-image-preview:large, max-video-preview:-1\" \/>\n<link rel=\"canonical\" href=\"https:\/\/www.enjoyslovakiasoul.com\/enjoy-tours\/seightseeing-turs\/the-best-slovaki-tour\/\" \/>\n<meta property=\"og:locale\" content=\"sk_SK\" \/>\n<meta property=\"og:type\" content=\"article\" \/>\n<meta property=\"og:title\" content=\"The Best of Slovakia Tour - EST Frontier Slovakia\" \/>\n<meta property=\"og:description\" content=\"The Best of Slovakia Tour Enjoy the memorable scenery and stunning panoramic views of majestic mountains, experience tradition filled quaint towns throughout the countryside where you will meet friendly and kind local people known for their hospitality. Visit an open-air museums of historic Slovak villages, see the architecture, take a look inside of a typical [&hellip;]\" \/>\n<meta property=\"og:url\" content=\"https:\/\/www.enjoyslovakiasoul.com\/enjoy-tours\/seightseeing-turs\/the-best-slovaki-tour\/\" \/>\n<meta property=\"og:site_name\" content=\"EST Frontier Slovakia\" \/>\n<meta property=\"article:modified_time\" content=\"2013-01-12T22:52:26+00:00\" \/>\n<meta name=\"twitter:card\" content=\"summary_large_image\" \/>\n<meta name=\"twitter:label1\" content=\"Predpokladan\u00fd \u010das \u010d\u00edtania\" \/>\n\t<meta name=\"twitter:data1\" content=\"1 min\u00fata\" \/>\n<script type=\"application\/ld+json\" class=\"yoast-schema-graph\">{\"@context\":\"https:\/\/schema.org\",\"@graph\":[{\"@type\":\"WebPage\",\"@id\":\"https:\/\/www.enjoyslovakiasoul.com\/enjoy-tours\/seightseeing-turs\/the-best-slovaki-tour\/\",\"url\":\"https:\/\/www.enjoyslovakiasoul.com\/enjoy-tours\/seightseeing-turs\/the-best-slovaki-tour\/\",\"name\":\"The Best of Slovakia Tour - EST Frontier Slovakia\",\"isPartOf\":{\"@id\":\"https:\/\/www.enjoyslovakiasoul.com\/#website\"},\"datePublished\":\"2011-11-23T12:14:41+00:00\",\"dateModified\":\"2013-01-12T22:52:26+00:00\",\"breadcrumb\":{\"@id\":\"https:\/\/www.enjoyslovakiasoul.com\/enjoy-tours\/seightseeing-turs\/the-best-slovaki-tour\/#breadcrumb\"},\"inLanguage\":\"sk-SK\",\"potentialAction\":[{\"@type\":\"ReadAction\",\"target\":[\"https:\/\/www.enjoyslovakiasoul.com\/enjoy-tours\/seightseeing-turs\/the-best-slovaki-tour\/\"]}]},{\"@type\":\"BreadcrumbList\",\"@id\":\"https:\/\/www.enjoyslovakiasoul.com\/enjoy-tours\/seightseeing-turs\/the-best-slovaki-tour\/#breadcrumb\",\"itemListElement\":[{\"@type\":\"ListItem\",\"position\":1,\"name\":\"Home\",\"item\":\"https:\/\/www.enjoyslovakiasoul.com\/\"},{\"@type\":\"ListItem\",\"position\":2,\"name\":\"O Slovensku\",\"item\":\"https:\/\/www.enjoyslovakiasoul.com\/sk\/enjoy-tours\/\"},{\"@type\":\"ListItem\",\"position\":3,\"name\":\"Sightseeing Tours\",\"item\":\"https:\/\/www.enjoyslovakiasoul.com\/sk\/enjoy-tours\/seightseeing-turs\/\"},{\"@type\":\"ListItem\",\"position\":4,\"name\":\"The Best of Slovakia Tour\"}]},{\"@type\":\"WebSite\",\"@id\":\"https:\/\/www.enjoyslovakiasoul.com\/#website\",\"url\":\"https:\/\/www.enjoyslovakiasoul.com\/\",\"name\":\"EST Frontier Slovakia\",\"description\":\"Fun, Relax, Adventure\",\"potentialAction\":[{\"@type\":\"SearchAction\",\"target\":{\"@type\":\"EntryPoint\",\"urlTemplate\":\"https:\/\/www.enjoyslovakiasoul.com\/?s={search_term_string}\"},\"query-input\":\"required name=search_term_string\"}],\"inLanguage\":\"sk-SK\"}]}<\/script>\n<!-- \/ Yoast SEO plugin. -->","yoast_head_json":{"title":"The Best of Slovakia Tour - EST Frontier Slovakia","robots":{"index":"index","follow":"follow","max-snippet":"max-snippet:-1","max-image-preview":"max-image-preview:large","max-video-preview":"max-video-preview:-1"},"canonical":"https:\/\/www.enjoyslovakiasoul.com\/enjoy-tours\/seightseeing-turs\/the-best-slovaki-tour\/","og_locale":"sk_SK","og_type":"article","og_title":"The Best of Slovakia Tour - EST Frontier Slovakia","og_description":"The Best of Slovakia Tour Enjoy the memorable scenery and stunning panoramic views of majestic mountains, experience tradition filled quaint towns throughout the countryside where you will meet friendly and kind local people known for their hospitality. Visit an open-air museums of historic Slovak villages, see the architecture, take a look inside of a typical [&hellip;]","og_url":"https:\/\/www.enjoyslovakiasoul.com\/enjoy-tours\/seightseeing-turs\/the-best-slovaki-tour\/","og_site_name":"EST Frontier Slovakia","article_modified_time":"2013-01-12T22:52:26+00:00","twitter_card":"summary_large_image","twitter_misc":{"Predpokladan\u00fd \u010das \u010d\u00edtania":"1 min\u00fata"},"schema":{"@context":"https:\/\/schema.org","@graph":[{"@type":"WebPage","@id":"https:\/\/www.enjoyslovakiasoul.com\/enjoy-tours\/seightseeing-turs\/the-best-slovaki-tour\/","url":"https:\/\/www.enjoyslovakiasoul.com\/enjoy-tours\/seightseeing-turs\/the-best-slovaki-tour\/","name":"The Best of Slovakia Tour - EST Frontier Slovakia","isPartOf":{"@id":"https:\/\/www.enjoyslovakiasoul.com\/#website"},"datePublished":"2011-11-23T12:14:41+00:00","dateModified":"2013-01-12T22:52:26+00:00","breadcrumb":{"@id":"https:\/\/www.enjoyslovakiasoul.com\/enjoy-tours\/seightseeing-turs\/the-best-slovaki-tour\/#breadcrumb"},"inLanguage":"sk-SK","potentialAction":[{"@type":"ReadAction","target":["https:\/\/www.enjoyslovakiasoul.com\/enjoy-tours\/seightseeing-turs\/the-best-slovaki-tour\/"]}]},{"@type":"BreadcrumbList","@id":"https:\/\/www.enjoyslovakiasoul.com\/enjoy-tours\/seightseeing-turs\/the-best-slovaki-tour\/#breadcrumb","itemListElement":[{"@type":"ListItem","position":1,"name":"Home","item":"https:\/\/www.enjoyslovakiasoul.com\/"},{"@type":"ListItem","position":2,"name":"O Slovensku","item":"https:\/\/www.enjoyslovakiasoul.com\/sk\/enjoy-tours\/"},{"@type":"ListItem","position":3,"name":"Sightseeing Tours","item":"https:\/\/www.enjoyslovakiasoul.com\/sk\/enjoy-tours\/seightseeing-turs\/"},{"@type":"ListItem","position":4,"name":"The Best of Slovakia Tour"}]},{"@type":"WebSite","@id":"https:\/\/www.enjoyslovakiasoul.com\/#website","url":"https:\/\/www.enjoyslovakiasoul.com\/","name":"EST Frontier Slovakia","description":"Fun, Relax, Adventure","potentialAction":[{"@type":"SearchAction","target":{"@type":"EntryPoint","urlTemplate":"https:\/\/www.enjoyslovakiasoul.com\/?s={search_term_string}"},"query-input":"required name=search_term_string"}],"inLanguage":"sk-SK"}]}},"_links":{"self":[{"href":"https:\/\/www.enjoyslovakiasoul.com\/sk\/wp-json\/wp\/v2\/pages\/1887"}],"collection":[{"href":"https:\/\/www.enjoyslovakiasoul.com\/sk\/wp-json\/wp\/v2\/pages"}],"about":[{"href":"https:\/\/www.enjoyslovakiasoul.com\/sk\/wp-json\/wp\/v2\/types\/page"}],"author":[{"embeddable":true,"href":"https:\/\/www.enjoyslovakiasoul.com\/sk\/wp-json\/wp\/v2\/users\/1"}],"replies":[{"embeddable":true,"href":"https:\/\/www.enjoyslovakiasoul.com\/sk\/wp-json\/wp\/v2\/comments?post=1887"}],"version-history":[{"count":8,"href":"https:\/\/www.enjoyslovakiasoul.com\/sk\/wp-json\/wp\/v2\/pages\/1887\/revisions"}],"predecessor-version":[{"id":3351,"href":"https:\/\/www.enjoyslovakiasoul.com\/sk\/wp-json\/wp\/v2\/pages\/1887\/revisions\/3351"}],"up":[{"embeddable":true,"href":"https:\/\/www.enjoyslovakiasoul.com\/sk\/wp-json\/wp\/v2\/pages\/1848"}],"wp:attachment":[{"href":"https:\/\/www.enjoyslovakiasoul.com\/sk\/wp-json\/wp\/v2\/media?parent=1887"}],"curies":[{"name":"wp","href":"https:\/\/api.w.org\/{rel}","templated":true}]}}