
{"id":1892,"date":"2011-11-23T12:17:49","date_gmt":"2011-11-23T12:17:49","guid":{"rendered":"http:\/\/www.enjoyslovakiasoul.com\/?page_id=1892"},"modified":"2013-01-12T23:04:46","modified_gmt":"2013-01-12T23:04:46","slug":"7-days-cycling-tours","status":"publish","type":"page","link":"https:\/\/www.enjoyslovakiasoul.com\/sk\/enjoy-tours\/cycling-tours\/7-days-cycling-tours\/","title":{"rendered":"7day Cycling Tour"},"content":{"rendered":"<p><\/p>\n<h2 style=\"text-align: left;\"><span style=\"color: #99cc00;\">Cycling Tour<div class=\"mygallery\"><div class=\"tn3 album\"><div class=\"tn3 thumb\">https:\/\/www.enjoyslovakiasoul.com\/sk\/wp-content\/gallery\/cycling\/22.jpg<\/div><ol><li>\n                <a href=\"https:\/\/www.enjoyslovakiasoul.com\/sk\/wp-content\/gallery\/cycling\/22.jpg\"><img width=\"35\" src=\"https:\/\/www.enjoyslovakiasoul.com\/sk\/wp-content\/gallery\/cycling\/thumbs\/thumbs_22.jpg\" \/><\/a>\n                <\/li><li>\n                <a href=\"https:\/\/www.enjoyslovakiasoul.com\/sk\/wp-content\/gallery\/cycling\/11.jpg\"><img width=\"35\" src=\"https:\/\/www.enjoyslovakiasoul.com\/sk\/wp-content\/gallery\/cycling\/thumbs\/thumbs_11.jpg\" \/><\/a>\n                <\/li><li>\n                <a href=\"https:\/\/www.enjoyslovakiasoul.com\/sk\/wp-content\/gallery\/cycling\/uvodna-mapa.jpg\"><img width=\"35\" src=\"https:\/\/www.enjoyslovakiasoul.com\/sk\/wp-content\/gallery\/cycling\/thumbs\/thumbs_uvodna-mapa.jpg\" \/><\/a>\n                <\/li><li>\n                <a href=\"https:\/\/www.enjoyslovakiasoul.com\/sk\/wp-content\/gallery\/cycling\/66659200920111026.jpg\"><img width=\"35\" src=\"https:\/\/www.enjoyslovakiasoul.com\/sk\/wp-content\/gallery\/cycling\/thumbs\/thumbs_66659200920111026.jpg\" \/><\/a>\n                <\/li><li>\n                <a href=\"https:\/\/www.enjoyslovakiasoul.com\/sk\/wp-content\/gallery\/cycling\/pohlad-z-hradu-blatnica.jpg\"><img width=\"35\" src=\"https:\/\/www.enjoyslovakiasoul.com\/sk\/wp-content\/gallery\/cycling\/thumbs\/thumbs_pohlad-z-hradu-blatnica.jpg\" \/><\/a>\n                <\/li><li>\n                <a href=\"https:\/\/www.enjoyslovakiasoul.com\/sk\/wp-content\/gallery\/cycling\/skanzen.jpg\"><img width=\"35\" src=\"https:\/\/www.enjoyslovakiasoul.com\/sk\/wp-content\/gallery\/cycling\/thumbs\/thumbs_skanzen.jpg\" \/><\/a>\n                <\/li><li>\n                <a href=\"https:\/\/www.enjoyslovakiasoul.com\/sk\/wp-content\/gallery\/cycling\/dscn5978.jpg\"><img width=\"35\" src=\"https:\/\/www.enjoyslovakiasoul.com\/sk\/wp-content\/gallery\/cycling\/thumbs\/thumbs_dscn5978.jpg\" \/><\/a>\n                <\/li><li>\n                <a href=\"https:\/\/www.enjoyslovakiasoul.com\/sk\/wp-content\/gallery\/cycling\/zahrada-kastiel.jpg\"><img width=\"35\" src=\"https:\/\/www.enjoyslovakiasoul.com\/sk\/wp-content\/gallery\/cycling\/thumbs\/thumbs_zahrada-kastiel.jpg\" \/><\/a>\n                <\/li><li>\n                <a href=\"https:\/\/www.enjoyslovakiasoul.com\/sk\/wp-content\/gallery\/cycling\/sklabinsky-hrad-2.jpg\"><img width=\"35\" src=\"https:\/\/www.enjoyslovakiasoul.com\/sk\/wp-content\/gallery\/cycling\/thumbs\/thumbs_sklabinsky-hrad-2.jpg\" \/><\/a>\n                <\/li><li>\n                <a href=\"https:\/\/www.enjoyslovakiasoul.com\/sk\/wp-content\/gallery\/cycling\/blatnicky-hrad.jpg\"><img width=\"35\" src=\"https:\/\/www.enjoyslovakiasoul.com\/sk\/wp-content\/gallery\/cycling\/thumbs\/thumbs_blatnicky-hrad.jpg\" \/><\/a>\n                <\/li><li>\n                <a href=\"https:\/\/www.enjoyslovakiasoul.com\/sk\/wp-content\/gallery\/cycling\/gaderska-dolina2.jpg\"><img width=\"35\" src=\"https:\/\/www.enjoyslovakiasoul.com\/sk\/wp-content\/gallery\/cycling\/thumbs\/thumbs_gaderska-dolina2.jpg\" \/><\/a>\n                <\/li><li>\n                <a href=\"https:\/\/www.enjoyslovakiasoul.com\/sk\/wp-content\/gallery\/cycling\/kastiel-t-stiavnicka.jpg\"><img width=\"35\" src=\"https:\/\/www.enjoyslovakiasoul.com\/sk\/wp-content\/gallery\/cycling\/thumbs\/thumbs_kastiel-t-stiavnicka.jpg\" \/><\/a>\n                <\/li><li>\n                <a href=\"https:\/\/www.enjoyslovakiasoul.com\/sk\/wp-content\/gallery\/cycling\/blatnick_hrad.jpg\"><img width=\"35\" src=\"https:\/\/www.enjoyslovakiasoul.com\/sk\/wp-content\/gallery\/cycling\/thumbs\/thumbs_blatnick_hrad.jpg\" \/><\/a>\n                <\/li><li>\n                <a href=\"https:\/\/www.enjoyslovakiasoul.com\/sk\/wp-content\/gallery\/cycling\/muzeum5.jpg\"><img width=\"35\" src=\"https:\/\/www.enjoyslovakiasoul.com\/sk\/wp-content\/gallery\/cycling\/thumbs\/thumbs_muzeum5.jpg\" \/><\/a>\n                <\/li><li>\n                <a href=\"https:\/\/www.enjoyslovakiasoul.com\/sk\/wp-content\/gallery\/cycling\/turiec.jpg\"><img width=\"35\" src=\"https:\/\/www.enjoyslovakiasoul.com\/sk\/wp-content\/gallery\/cycling\/thumbs\/thumbs_turiec.jpg\" \/><\/a>\n                <\/li><li>\n                <a href=\"https:\/\/www.enjoyslovakiasoul.com\/sk\/wp-content\/gallery\/cycling\/skanzen2.jpg\"><img width=\"35\" src=\"https:\/\/www.enjoyslovakiasoul.com\/sk\/wp-content\/gallery\/cycling\/thumbs\/thumbs_skanzen2.jpg\" \/><\/a>\n                <\/li><li>\n                <a href=\"https:\/\/www.enjoyslovakiasoul.com\/sk\/wp-content\/gallery\/cycling\/skanzen4.jpg\"><img width=\"35\" src=\"https:\/\/www.enjoyslovakiasoul.com\/sk\/wp-content\/gallery\/cycling\/thumbs\/thumbs_skanzen4.jpg\" \/><\/a>\n                <\/li><li>\n                <a href=\"https:\/\/www.enjoyslovakiasoul.com\/sk\/wp-content\/gallery\/cycling\/turc-stiavnicka.jpg\"><img width=\"35\" src=\"https:\/\/www.enjoyslovakiasoul.com\/sk\/wp-content\/gallery\/cycling\/thumbs\/thumbs_turc-stiavnicka.jpg\" \/><\/a>\n                <\/li><li>\n                <a href=\"https:\/\/www.enjoyslovakiasoul.com\/sk\/wp-content\/gallery\/cycling\/sklabina.jpg\"><img width=\"35\" src=\"https:\/\/www.enjoyslovakiasoul.com\/sk\/wp-content\/gallery\/cycling\/thumbs\/thumbs_sklabina.jpg\" \/><\/a>\n                <\/li><\/ol><\/div><\/div><\/span><\/h2>\n<p style=\"text-align: justify;\">Slovakia is a country roughly the size of West Virginia or Switzerland, located in the heart of Europe. Cycling here is one of truly spectacular journeys. On this extraordinary cycle tour, you\u00b4ll ride in beautiful national parks, pass through Lovely little towns, cycle along lakes, see breathtaking mountain views, azure waters. Savour superb food and delicious wines along the way to tempt any gourmet. Northern Slovakia is blessed with a calmer, mild climate with ever-changing terrain and scenery. This North Slovakia cycling tour takes you through a temperate natural paradise nearly 100km from East to West and North to South in 7 days.<\/p>\n<p><\/p>","protected":false},"excerpt":{"rendered":"<p>Cycling Tour Slovakia is a country roughly the size of West Virginia or Switzerland, located in the heart of Europe. Cycling here is one of truly spectacular journeys. On this extraordinary cycle tour, you\u00b4ll ride in beautiful national parks, pass through Lovely little towns, cycle along lakes, see breathtaking mountain views, azure waters. Savour superb [&hellip;]<\/p>\n","protected":false},"author":1,"featured_media":0,"parent":1851,"menu_order":0,"comment_status":"open","ping_status":"open","template":"","meta":{"ngg_post_thumbnail":0},"yoast_head":"<!-- This site is optimized with the Yoast SEO plugin v20.3 - https:\/\/yoast.com\/wordpress\/plugins\/seo\/ -->\n<title>7day Cycling Tour - EST Frontier Slovakia<\/title>\n<meta name=\"robots\" content=\"index, follow, max-snippet:-1, max-image-preview:large, max-video-preview:-1\" \/>\n<link rel=\"canonical\" href=\"https:\/\/www.enjoyslovakiasoul.com\/enjoy-tours\/cycling-tours\/7-days-cycling-tours\/\" \/>\n<meta property=\"og:locale\" content=\"sk_SK\" \/>\n<meta property=\"og:type\" content=\"article\" \/>\n<meta property=\"og:title\" content=\"7day Cycling Tour - EST Frontier Slovakia\" \/>\n<meta property=\"og:description\" content=\"Cycling Tour Slovakia is a country roughly the size of West Virginia or Switzerland, located in the heart of Europe. Cycling here is one of truly spectacular journeys. On this extraordinary cycle tour, you\u00b4ll ride in beautiful national parks, pass through Lovely little towns, cycle along lakes, see breathtaking mountain views, azure waters. Savour superb [&hellip;]\" \/>\n<meta property=\"og:url\" content=\"https:\/\/www.enjoyslovakiasoul.com\/enjoy-tours\/cycling-tours\/7-days-cycling-tours\/\" \/>\n<meta property=\"og:site_name\" content=\"EST Frontier Slovakia\" \/>\n<meta property=\"article:modified_time\" content=\"2013-01-12T23:04:46+00:00\" \/>\n<meta name=\"twitter:card\" content=\"summary_large_image\" \/>\n<meta name=\"twitter:label1\" content=\"Predpokladan\u00fd \u010das \u010d\u00edtania\" \/>\n\t<meta name=\"twitter:data1\" content=\"1 min\u00fata\" \/>\n<script type=\"application\/ld+json\" class=\"yoast-schema-graph\">{\"@context\":\"https:\/\/schema.org\",\"@graph\":[{\"@type\":\"WebPage\",\"@id\":\"https:\/\/www.enjoyslovakiasoul.com\/enjoy-tours\/cycling-tours\/7-days-cycling-tours\/\",\"url\":\"https:\/\/www.enjoyslovakiasoul.com\/enjoy-tours\/cycling-tours\/7-days-cycling-tours\/\",\"name\":\"7day Cycling Tour - EST Frontier Slovakia\",\"isPartOf\":{\"@id\":\"https:\/\/www.enjoyslovakiasoul.com\/#website\"},\"datePublished\":\"2011-11-23T12:17:49+00:00\",\"dateModified\":\"2013-01-12T23:04:46+00:00\",\"breadcrumb\":{\"@id\":\"https:\/\/www.enjoyslovakiasoul.com\/enjoy-tours\/cycling-tours\/7-days-cycling-tours\/#breadcrumb\"},\"inLanguage\":\"sk-SK\",\"potentialAction\":[{\"@type\":\"ReadAction\",\"target\":[\"https:\/\/www.enjoyslovakiasoul.com\/enjoy-tours\/cycling-tours\/7-days-cycling-tours\/\"]}]},{\"@type\":\"BreadcrumbList\",\"@id\":\"https:\/\/www.enjoyslovakiasoul.com\/enjoy-tours\/cycling-tours\/7-days-cycling-tours\/#breadcrumb\",\"itemListElement\":[{\"@type\":\"ListItem\",\"position\":1,\"name\":\"Home\",\"item\":\"https:\/\/www.enjoyslovakiasoul.com\/\"},{\"@type\":\"ListItem\",\"position\":2,\"name\":\"O Slovensku\",\"item\":\"https:\/\/www.enjoyslovakiasoul.com\/sk\/enjoy-tours\/\"},{\"@type\":\"ListItem\",\"position\":3,\"name\":\"Cycling Tours\",\"item\":\"https:\/\/www.enjoyslovakiasoul.com\/enjoy-tours\/cycling-tours\/\"},{\"@type\":\"ListItem\",\"position\":4,\"name\":\"7day Cycling Tour\"}]},{\"@type\":\"WebSite\",\"@id\":\"https:\/\/www.enjoyslovakiasoul.com\/#website\",\"url\":\"https:\/\/www.enjoyslovakiasoul.com\/\",\"name\":\"EST Frontier Slovakia\",\"description\":\"Fun, Relax, Adventure\",\"potentialAction\":[{\"@type\":\"SearchAction\",\"target\":{\"@type\":\"EntryPoint\",\"urlTemplate\":\"https:\/\/www.enjoyslovakiasoul.com\/?s={search_term_string}\"},\"query-input\":\"required name=search_term_string\"}],\"inLanguage\":\"sk-SK\"}]}<\/script>\n<!-- \/ Yoast SEO plugin. -->","yoast_head_json":{"title":"7day Cycling Tour - EST Frontier Slovakia","robots":{"index":"index","follow":"follow","max-snippet":"max-snippet:-1","max-image-preview":"max-image-preview:large","max-video-preview":"max-video-preview:-1"},"canonical":"https:\/\/www.enjoyslovakiasoul.com\/enjoy-tours\/cycling-tours\/7-days-cycling-tours\/","og_locale":"sk_SK","og_type":"article","og_title":"7day Cycling Tour - EST Frontier Slovakia","og_description":"Cycling Tour Slovakia is a country roughly the size of West Virginia or Switzerland, located in the heart of Europe. Cycling here is one of truly spectacular journeys. On this extraordinary cycle tour, you\u00b4ll ride in beautiful national parks, pass through Lovely little towns, cycle along lakes, see breathtaking mountain views, azure waters. Savour superb [&hellip;]","og_url":"https:\/\/www.enjoyslovakiasoul.com\/enjoy-tours\/cycling-tours\/7-days-cycling-tours\/","og_site_name":"EST Frontier Slovakia","article_modified_time":"2013-01-12T23:04:46+00:00","twitter_card":"summary_large_image","twitter_misc":{"Predpokladan\u00fd \u010das \u010d\u00edtania":"1 min\u00fata"},"schema":{"@context":"https:\/\/schema.org","@graph":[{"@type":"WebPage","@id":"https:\/\/www.enjoyslovakiasoul.com\/enjoy-tours\/cycling-tours\/7-days-cycling-tours\/","url":"https:\/\/www.enjoyslovakiasoul.com\/enjoy-tours\/cycling-tours\/7-days-cycling-tours\/","name":"7day Cycling Tour - EST Frontier Slovakia","isPartOf":{"@id":"https:\/\/www.enjoyslovakiasoul.com\/#website"},"datePublished":"2011-11-23T12:17:49+00:00","dateModified":"2013-01-12T23:04:46+00:00","breadcrumb":{"@id":"https:\/\/www.enjoyslovakiasoul.com\/enjoy-tours\/cycling-tours\/7-days-cycling-tours\/#breadcrumb"},"inLanguage":"sk-SK","potentialAction":[{"@type":"ReadAction","target":["https:\/\/www.enjoyslovakiasoul.com\/enjoy-tours\/cycling-tours\/7-days-cycling-tours\/"]}]},{"@type":"BreadcrumbList","@id":"https:\/\/www.enjoyslovakiasoul.com\/enjoy-tours\/cycling-tours\/7-days-cycling-tours\/#breadcrumb","itemListElement":[{"@type":"ListItem","position":1,"name":"Home","item":"https:\/\/www.enjoyslovakiasoul.com\/"},{"@type":"ListItem","position":2,"name":"O Slovensku","item":"https:\/\/www.enjoyslovakiasoul.com\/sk\/enjoy-tours\/"},{"@type":"ListItem","position":3,"name":"Cycling Tours","item":"https:\/\/www.enjoyslovakiasoul.com\/enjoy-tours\/cycling-tours\/"},{"@type":"ListItem","position":4,"name":"7day Cycling Tour"}]},{"@type":"WebSite","@id":"https:\/\/www.enjoyslovakiasoul.com\/#website","url":"https:\/\/www.enjoyslovakiasoul.com\/","name":"EST Frontier Slovakia","description":"Fun, Relax, Adventure","potentialAction":[{"@type":"SearchAction","target":{"@type":"EntryPoint","urlTemplate":"https:\/\/www.enjoyslovakiasoul.com\/?s={search_term_string}"},"query-input":"required name=search_term_string"}],"inLanguage":"sk-SK"}]}},"_links":{"self":[{"href":"https:\/\/www.enjoyslovakiasoul.com\/sk\/wp-json\/wp\/v2\/pages\/1892"}],"collection":[{"href":"https:\/\/www.enjoyslovakiasoul.com\/sk\/wp-json\/wp\/v2\/pages"}],"about":[{"href":"https:\/\/www.enjoyslovakiasoul.com\/sk\/wp-json\/wp\/v2\/types\/page"}],"author":[{"embeddable":true,"href":"https:\/\/www.enjoyslovakiasoul.com\/sk\/wp-json\/wp\/v2\/users\/1"}],"replies":[{"embeddable":true,"href":"https:\/\/www.enjoyslovakiasoul.com\/sk\/wp-json\/wp\/v2\/comments?post=1892"}],"version-history":[{"count":29,"href":"https:\/\/www.enjoyslovakiasoul.com\/sk\/wp-json\/wp\/v2\/pages\/1892\/revisions"}],"predecessor-version":[{"id":3356,"href":"https:\/\/www.enjoyslovakiasoul.com\/sk\/wp-json\/wp\/v2\/pages\/1892\/revisions\/3356"}],"up":[{"embeddable":true,"href":"https:\/\/www.enjoyslovakiasoul.com\/sk\/wp-json\/wp\/v2\/pages\/1851"}],"wp:attachment":[{"href":"https:\/\/www.enjoyslovakiasoul.com\/sk\/wp-json\/wp\/v2\/media?parent=1892"}],"curies":[{"name":"wp","href":"https:\/\/api.w.org\/{rel}","templated":true}]}}