
{"id":1896,"date":"2011-11-23T12:19:13","date_gmt":"2011-11-23T12:19:13","guid":{"rendered":"http:\/\/www.enjoyslovakiasoul.com\/?page_id=1896"},"modified":"2013-01-12T22:55:02","modified_gmt":"2013-01-12T22:55:02","slug":"1-day-cycling-tour","status":"publish","type":"page","link":"https:\/\/www.enjoyslovakiasoul.com\/sk\/enjoy-tours\/cycling-tours\/1-day-cycling-tour\/","title":{"rendered":"Celodenn\u00e9 Cyklot\u00fary"},"content":{"rendered":"<p><\/p>\n<h3 style=\"font-size: 1.17em;\"><strong><a href=\"http:\/\/www.enjoyslovakiasoul.com\/wp-content\/uploads\/gader.jpg\"><img decoding=\"async\" loading=\"lazy\" class=\"alignleft\" style=\"border-style: initial; border-color: initial; float: left; border-width: 0px;\" title=\"Gaderska dolina Cycling tour\" src=\"http:\/\/www.enjoyslovakiasoul.com\/wp-content\/uploads\/gader-300x203.jpg\" alt=\"\" width=\"300\" height=\"203\" \/><\/a><\/strong><\/h3>\n<h2><span class=\"Apple-style-span\" style=\"font-size: 13px; font-weight: normal;\"><\/span><span class=\"Apple-style-span\" style=\"font-size: 15px;\"><strong>1. \u013dahk\u00e1-20km Bicyklom<\/strong><\/span><\/h2>\n<ul>\n<li>Gadersk\u00e1 dolina<\/li>\n<li>Obed v tradi\u010dnej slovenskej kolibe<\/li>\n<li>Blatnick\u00e1 dolina<\/li>\n<\/ul>\n<p>Cena:\u00a0<strong><em>69Eur\u00a0<\/em><\/strong><strong><em><strong><em>V pr\u00edpade z\u00e1ujmu n\u00e1s kontaktujte na<a title=\"Napiste nam\" href=\"http:\/\/www.enjoyslovakiasoul.com\/contact\/?lang=sk\">info@enjoyslovakiasoul.com<\/a><\/em><\/strong><\/em><\/strong><\/p>\n<p><strong><em><strong><em><br \/>\n<\/em><\/strong><\/em><\/strong><\/p>\n<h3><strong><a href=\"http:\/\/www.enjoyslovakiasoul.com\/wp-content\/uploads\/strecno.jpg\"><br \/>\n<\/a><a href=\"http:\/\/www.enjoyslovakiasoul.com\/wp-content\/uploads\/stranik.jpg\"><img decoding=\"async\" loading=\"lazy\" class=\"alignleft\" title=\"Stranik Cycling tour\" src=\"http:\/\/www.enjoyslovakiasoul.com\/wp-content\/uploads\/stranik-300x179.jpg\" alt=\"\" width=\"300\" height=\"179\" \/><\/a>2. Stredn\u00e1-30km Bicyklom<\/strong><\/h3>\n<ul>\n<li>Stre\u010dno hrad,<\/li>\n<li>Obed na kolibe Pod horou,<\/li>\n<li>Stran\u00edk vrch<\/li>\n<\/ul>\n<p>Cena:\u00a0<strong><em>69Eur\u00a0<\/em><\/strong><strong><em><strong><em>V pr\u00edpade z\u00e1ujmu n\u00e1s kontaktujte na<a title=\"Napiste nam\" href=\"http:\/\/www.enjoyslovakiasoul.com\/contact\/?lang=sk\">info@enjoyslovakiasoul.com<\/a><\/em><\/strong><\/em><\/strong><\/p>\n<h3><strong><a href=\"http:\/\/www.enjoyslovakiasoul.com\/wp-content\/uploads\/strecno.jpg\"><img decoding=\"async\" loading=\"lazy\" class=\"alignleft\" title=\"Strecno Cycling tour\" src=\"http:\/\/www.enjoyslovakiasoul.com\/wp-content\/uploads\/strecno-300x216.jpg\" alt=\"\" width=\"300\" height=\"216\" \/><\/a>3. \u013dahk\u00e1 &#8211;\u00a0<\/strong><strong>Stre\u010dno<\/strong><strong>-25 km Bicyklom<\/strong><\/h3>\n<ul>\n<li>Hrad star\u00e9 Stre\u010dno<\/li>\n<li>Obed v tradicnej kolibe<\/li>\n<li>Hrad nov\u00e9 Stre\u010dno<\/li>\n<\/ul>\n<p>Cena:\u00a0<strong><em>69Eur\u00a0<\/em><\/strong><strong><em><strong><em>V pr\u00edpade z\u00e1ujmu n\u00e1s kontaktujte na<a title=\"Napiste nam\" href=\"http:\/\/www.enjoyslovakiasoul.com\/contact\/?lang=sk\">info@enjoyslovakiasoul.com<\/a><\/em><\/strong><\/em><\/strong><\/p>\n<p><strong><em><strong><em><br \/>\n<\/em><\/strong><\/em><\/strong><\/p>\n<h3><strong><a href=\"http:\/\/www.enjoyslovakiasoul.com\/wp-content\/uploads\/sucany.jpg\"><img decoding=\"async\" loading=\"lazy\" class=\"alignleft\" title=\"Sucany Cycling tour\" src=\"http:\/\/www.enjoyslovakiasoul.com\/wp-content\/uploads\/sucany-300x222.jpg\" alt=\"\" width=\"300\" height=\"222\" \/><\/a>4. Stredn\u00e1 &#8211; \u00a0Su\u010dany, Tur\u010dianska \u0160tiavni\u010dka, Martin \u2013 Skanzen &#8211; 37 km Bicyklom<\/strong><\/h3>\n<ul>\n<li>Cyklo t\u00faru za\u010d\u00edname o 8 hodine zo \u017diliny, odkia\u013e odch\u00e1dzame do\u00a0Su\u010dian.<\/li>\n<li>Za\u010diatok cyklistickej trasy je v Tur\u010dianskej \u0160tiavni\u010dke , kde nav\u0161t\u00edvime ruiny\u00a0renesan\u010dn\u00e9ho z\u00e1mku postaven\u00e9ho v druhej polovici 16.\u00a0storo\u010dia.\u00a0Z\u00e1mku patr\u00ed\u00a0rozsiahly\u00a0anglick\u00fd\u00a0park\u00a0so zimnou\u00a0z\u00e1hradou,rybn\u00edkom a\u00a0vz\u00e1cnymi rastlinami.<\/li>\n<li>Po chutnom obede, pokra\u010dujeme na bicykloch na Sklabi\u0148sk\u00fd z\u00e1mok, postaven\u00fd\u00a0v prvej\u00a0polovici 14.\u00a0storo\u010dia, na\u00a0mieste\u00a0starej\u00a0pevnosti.\u00a0V roku\u00a01436\u00a0bol zni\u010den\u00fd\u00a0po\u017eiarom,\u00a0nesk\u00f4r prestavan\u00fd,\u00a0roz\u0161\u00edren\u00fd\u00a0a\u00a0opevnen\u00fd.<\/li>\n<li>Budeme\u00a0pokra\u010dova\u0165 na ceste do Martina, kde nav\u0161t\u00edvime Slovensk\u00e9 n\u00e1rodn\u00e9 m\u00fazeum. V \u0148om sa nach\u00e1dza zbierka etnografie,\u00a0archeol\u00f3gie,\u00a0hist\u00f3rie,\u00a0numizmatiky,\u00a0umenia, hist\u00f3rie, umenia a\u00a0soch\u00e1rstva,\u00a0archiv\u00e1cie a\u00a0kni\u017enice\u00a0z cel\u00e9ho Slovenska.<\/li>\n<li>Tie\u017e nav\u0161t\u00edvime skanzen v Martine, najv\u00e4\u010d\u0161\u00ed\u00a0v krajine,kde si\u00a0m\u00f4\u017eete\u00a0prezrie\u0165\u00a0tradi\u010dn\u00fa \u00a0slovensk\u00fa \u00a0architekt\u00faru, poch\u00e1dzaj\u00facu predov\u0161etk\u00fdm zo\u00a0severoz\u00e1padnej\u00a0\u010dasti\u00a0Slovenska, z obdobia\u00a0konca 19.\u00a0a\u00a0za\u010diatku 20.\u00a0storo\u010dia.<\/li>\n<\/ul>\n<div><strong><em><strong><em><strong><em><em><strong><em><strong>Cena:\u00a0<strong><em><strong><em><strong>70<\/strong><strong><em>Eur<\/em><\/strong><\/em><\/strong>\u00a0<\/em><\/strong><strong><em><strong><em>V pr\u00edpade z\u00e1ujmu n\u00e1s kontaktujte na\u00a0<a title=\"Napiste nam\" href=\"http:\/\/www.enjoyslovakiasoul.com\/contact\/?lang=sk\">info@enjoyslovakiasoul.com<\/a><\/em><\/strong><\/em><\/strong><\/strong><\/em><\/strong><\/em><\/em><\/strong><\/em><\/strong><\/em><\/strong><\/div>\n<div>\n<h3><strong>5. Stredn\u00e1 &#8211; Tich\u00e1 a Blatnick\u00e1 dolina- 30 km Bicyklom<\/strong><\/h3>\n<ul>\n<li>Zuberec,<\/li>\n<li>Oravice,<\/li>\n<li>Blatn\u00e1 &#038; Tich\u00e1 dolina,<\/li>\n<li>Obed v tradi\u010dnej oravskej kolibe,<\/li>\n<li>Oravice term\u00e1lny k\u00fape\u013e.<\/li>\n<\/ul>\n<p>Cena:\u00a0<strong><em>69Eur\u00a0<\/em><\/strong><strong><em><strong><em>V pr\u00edpade z\u00e1ujmu n\u00e1s kontaktujte na\u00a0<a title=\"Napiste nam\" href=\"http:\/\/www.enjoyslovakiasoul.com\/contact\/?lang=sk\">info@enjoyslovakiasoul.com<\/a><\/em><\/strong><\/em><\/strong><\/p>\n<div><span class=\"Apple-style-span\" style=\"font-weight: 800;\"><em><br \/>\n<\/em><\/span><\/div>\n<\/div>\n<p><strong><em>V pr\u00edpade skupinov\u00fdch z\u00e1jazdov 5 a viac a det\u00ed, ceny s\u00fa upraven\u00e9 a zv\u00fdhodnen\u00e9. A\u017e 40% Z\u013dAVY! Pre zaslanie skupinov\u00e9ho cenn\u00edka a viac inform\u00e1ci\u00ed n\u00e1s kontaktujte na\u00a0<strong><em><strong><em><a title=\"Napiste nam\" href=\"http:\/\/www.enjoyslovakiasoul.com\/contact\/?lang=sk\">info@enjoyslovakiasoul.com<\/a><\/em><\/strong><\/em><\/strong>.<\/em><\/strong><\/p>\n<p><strong><br \/>\n<\/strong><\/p>\n<p><\/p>","protected":false},"excerpt":{"rendered":"<p>1. \u013dahk\u00e1-20km Bicyklom Gadersk\u00e1 dolina Obed v tradi\u010dnej slovenskej kolibe Blatnick\u00e1 dolina Cena:\u00a069Eur\u00a0V pr\u00edpade z\u00e1ujmu n\u00e1s kontaktujte nainfo@enjoyslovakiasoul.com 2. Stredn\u00e1-30km Bicyklom Stre\u010dno hrad, Obed na kolibe Pod horou, Stran\u00edk vrch Cena:\u00a069Eur\u00a0V pr\u00edpade z\u00e1ujmu n\u00e1s kontaktujte nainfo@enjoyslovakiasoul.com 3. \u013dahk\u00e1 &#8211;\u00a0Stre\u010dno-25 km Bicyklom Hrad star\u00e9 Stre\u010dno Obed v tradicnej kolibe Hrad nov\u00e9 Stre\u010dno Cena:\u00a069Eur\u00a0V pr\u00edpade z\u00e1ujmu n\u00e1s [&hellip;]<\/p>\n","protected":false},"author":1,"featured_media":0,"parent":1851,"menu_order":0,"comment_status":"open","ping_status":"open","template":"","meta":{"ngg_post_thumbnail":0},"yoast_head":"<!-- This site is optimized with the Yoast SEO plugin v20.3 - https:\/\/yoast.com\/wordpress\/plugins\/seo\/ -->\n<title>Celodenn\u00e9 Cyklot\u00fary - EST Frontier Slovakia<\/title>\n<meta name=\"robots\" content=\"index, follow, max-snippet:-1, max-image-preview:large, max-video-preview:-1\" \/>\n<link rel=\"canonical\" href=\"https:\/\/www.enjoyslovakiasoul.com\/enjoy-tours\/cycling-tours\/1-day-cycling-tour\/\" \/>\n<meta property=\"og:locale\" content=\"sk_SK\" \/>\n<meta property=\"og:type\" content=\"article\" \/>\n<meta property=\"og:title\" content=\"Celodenn\u00e9 Cyklot\u00fary - EST Frontier Slovakia\" \/>\n<meta property=\"og:description\" content=\"1. \u013dahk\u00e1-20km Bicyklom Gadersk\u00e1 dolina Obed v tradi\u010dnej slovenskej kolibe Blatnick\u00e1 dolina Cena:\u00a069Eur\u00a0V pr\u00edpade z\u00e1ujmu n\u00e1s kontaktujte nainfo@enjoyslovakiasoul.com 2. Stredn\u00e1-30km Bicyklom Stre\u010dno hrad, Obed na kolibe Pod horou, Stran\u00edk vrch Cena:\u00a069Eur\u00a0V pr\u00edpade z\u00e1ujmu n\u00e1s kontaktujte nainfo@enjoyslovakiasoul.com 3. \u013dahk\u00e1 &#8211;\u00a0Stre\u010dno-25 km Bicyklom Hrad star\u00e9 Stre\u010dno Obed v tradicnej kolibe Hrad nov\u00e9 Stre\u010dno Cena:\u00a069Eur\u00a0V pr\u00edpade z\u00e1ujmu n\u00e1s [&hellip;]\" \/>\n<meta property=\"og:url\" content=\"https:\/\/www.enjoyslovakiasoul.com\/enjoy-tours\/cycling-tours\/1-day-cycling-tour\/\" \/>\n<meta property=\"og:site_name\" content=\"EST Frontier Slovakia\" \/>\n<meta property=\"article:modified_time\" content=\"2013-01-12T22:55:02+00:00\" \/>\n<meta property=\"og:image\" content=\"http:\/\/www.enjoyslovakiasoul.com\/wp-content\/uploads\/gader-300x203.jpg\" \/>\n<meta name=\"twitter:card\" content=\"summary_large_image\" \/>\n<meta name=\"twitter:label1\" content=\"Predpokladan\u00fd \u010das \u010d\u00edtania\" \/>\n\t<meta name=\"twitter:data1\" content=\"5 min\u00fat\" \/>\n<script type=\"application\/ld+json\" class=\"yoast-schema-graph\">{\"@context\":\"https:\/\/schema.org\",\"@graph\":[{\"@type\":\"WebPage\",\"@id\":\"https:\/\/www.enjoyslovakiasoul.com\/enjoy-tours\/cycling-tours\/1-day-cycling-tour\/\",\"url\":\"https:\/\/www.enjoyslovakiasoul.com\/enjoy-tours\/cycling-tours\/1-day-cycling-tour\/\",\"name\":\"Celodenn\u00e9 Cyklot\u00fary - EST Frontier Slovakia\",\"isPartOf\":{\"@id\":\"https:\/\/www.enjoyslovakiasoul.com\/#website\"},\"datePublished\":\"2011-11-23T12:19:13+00:00\",\"dateModified\":\"2013-01-12T22:55:02+00:00\",\"breadcrumb\":{\"@id\":\"https:\/\/www.enjoyslovakiasoul.com\/enjoy-tours\/cycling-tours\/1-day-cycling-tour\/#breadcrumb\"},\"inLanguage\":\"sk-SK\",\"potentialAction\":[{\"@type\":\"ReadAction\",\"target\":[\"https:\/\/www.enjoyslovakiasoul.com\/enjoy-tours\/cycling-tours\/1-day-cycling-tour\/\"]}]},{\"@type\":\"BreadcrumbList\",\"@id\":\"https:\/\/www.enjoyslovakiasoul.com\/enjoy-tours\/cycling-tours\/1-day-cycling-tour\/#breadcrumb\",\"itemListElement\":[{\"@type\":\"ListItem\",\"position\":1,\"name\":\"Home\",\"item\":\"https:\/\/www.enjoyslovakiasoul.com\/\"},{\"@type\":\"ListItem\",\"position\":2,\"name\":\"O Slovensku\",\"item\":\"https:\/\/www.enjoyslovakiasoul.com\/sk\/enjoy-tours\/\"},{\"@type\":\"ListItem\",\"position\":3,\"name\":\"Cycling Tours\",\"item\":\"https:\/\/www.enjoyslovakiasoul.com\/enjoy-tours\/cycling-tours\/\"},{\"@type\":\"ListItem\",\"position\":4,\"name\":\"1day Cycling Tours\"}]},{\"@type\":\"WebSite\",\"@id\":\"https:\/\/www.enjoyslovakiasoul.com\/#website\",\"url\":\"https:\/\/www.enjoyslovakiasoul.com\/\",\"name\":\"EST Frontier Slovakia\",\"description\":\"Fun, Relax, Adventure\",\"potentialAction\":[{\"@type\":\"SearchAction\",\"target\":{\"@type\":\"EntryPoint\",\"urlTemplate\":\"https:\/\/www.enjoyslovakiasoul.com\/?s={search_term_string}\"},\"query-input\":\"required name=search_term_string\"}],\"inLanguage\":\"sk-SK\"}]}<\/script>\n<!-- \/ Yoast SEO plugin. -->","yoast_head_json":{"title":"Celodenn\u00e9 Cyklot\u00fary - EST Frontier Slovakia","robots":{"index":"index","follow":"follow","max-snippet":"max-snippet:-1","max-image-preview":"max-image-preview:large","max-video-preview":"max-video-preview:-1"},"canonical":"https:\/\/www.enjoyslovakiasoul.com\/enjoy-tours\/cycling-tours\/1-day-cycling-tour\/","og_locale":"sk_SK","og_type":"article","og_title":"Celodenn\u00e9 Cyklot\u00fary - EST Frontier Slovakia","og_description":"1. \u013dahk\u00e1-20km Bicyklom Gadersk\u00e1 dolina Obed v tradi\u010dnej slovenskej kolibe Blatnick\u00e1 dolina Cena:\u00a069Eur\u00a0V pr\u00edpade z\u00e1ujmu n\u00e1s kontaktujte nainfo@enjoyslovakiasoul.com 2. Stredn\u00e1-30km Bicyklom Stre\u010dno hrad, Obed na kolibe Pod horou, Stran\u00edk vrch Cena:\u00a069Eur\u00a0V pr\u00edpade z\u00e1ujmu n\u00e1s kontaktujte nainfo@enjoyslovakiasoul.com 3. \u013dahk\u00e1 &#8211;\u00a0Stre\u010dno-25 km Bicyklom Hrad star\u00e9 Stre\u010dno Obed v tradicnej kolibe Hrad nov\u00e9 Stre\u010dno Cena:\u00a069Eur\u00a0V pr\u00edpade z\u00e1ujmu n\u00e1s [&hellip;]","og_url":"https:\/\/www.enjoyslovakiasoul.com\/enjoy-tours\/cycling-tours\/1-day-cycling-tour\/","og_site_name":"EST Frontier Slovakia","article_modified_time":"2013-01-12T22:55:02+00:00","og_image":[{"url":"http:\/\/www.enjoyslovakiasoul.com\/wp-content\/uploads\/gader-300x203.jpg"}],"twitter_card":"summary_large_image","twitter_misc":{"Predpokladan\u00fd \u010das \u010d\u00edtania":"5 min\u00fat"},"schema":{"@context":"https:\/\/schema.org","@graph":[{"@type":"WebPage","@id":"https:\/\/www.enjoyslovakiasoul.com\/enjoy-tours\/cycling-tours\/1-day-cycling-tour\/","url":"https:\/\/www.enjoyslovakiasoul.com\/enjoy-tours\/cycling-tours\/1-day-cycling-tour\/","name":"Celodenn\u00e9 Cyklot\u00fary - EST Frontier Slovakia","isPartOf":{"@id":"https:\/\/www.enjoyslovakiasoul.com\/#website"},"datePublished":"2011-11-23T12:19:13+00:00","dateModified":"2013-01-12T22:55:02+00:00","breadcrumb":{"@id":"https:\/\/www.enjoyslovakiasoul.com\/enjoy-tours\/cycling-tours\/1-day-cycling-tour\/#breadcrumb"},"inLanguage":"sk-SK","potentialAction":[{"@type":"ReadAction","target":["https:\/\/www.enjoyslovakiasoul.com\/enjoy-tours\/cycling-tours\/1-day-cycling-tour\/"]}]},{"@type":"BreadcrumbList","@id":"https:\/\/www.enjoyslovakiasoul.com\/enjoy-tours\/cycling-tours\/1-day-cycling-tour\/#breadcrumb","itemListElement":[{"@type":"ListItem","position":1,"name":"Home","item":"https:\/\/www.enjoyslovakiasoul.com\/"},{"@type":"ListItem","position":2,"name":"O Slovensku","item":"https:\/\/www.enjoyslovakiasoul.com\/sk\/enjoy-tours\/"},{"@type":"ListItem","position":3,"name":"Cycling Tours","item":"https:\/\/www.enjoyslovakiasoul.com\/enjoy-tours\/cycling-tours\/"},{"@type":"ListItem","position":4,"name":"1day Cycling Tours"}]},{"@type":"WebSite","@id":"https:\/\/www.enjoyslovakiasoul.com\/#website","url":"https:\/\/www.enjoyslovakiasoul.com\/","name":"EST Frontier Slovakia","description":"Fun, Relax, Adventure","potentialAction":[{"@type":"SearchAction","target":{"@type":"EntryPoint","urlTemplate":"https:\/\/www.enjoyslovakiasoul.com\/?s={search_term_string}"},"query-input":"required name=search_term_string"}],"inLanguage":"sk-SK"}]}},"_links":{"self":[{"href":"https:\/\/www.enjoyslovakiasoul.com\/sk\/wp-json\/wp\/v2\/pages\/1896"}],"collection":[{"href":"https:\/\/www.enjoyslovakiasoul.com\/sk\/wp-json\/wp\/v2\/pages"}],"about":[{"href":"https:\/\/www.enjoyslovakiasoul.com\/sk\/wp-json\/wp\/v2\/types\/page"}],"author":[{"embeddable":true,"href":"https:\/\/www.enjoyslovakiasoul.com\/sk\/wp-json\/wp\/v2\/users\/1"}],"replies":[{"embeddable":true,"href":"https:\/\/www.enjoyslovakiasoul.com\/sk\/wp-json\/wp\/v2\/comments?post=1896"}],"version-history":[{"count":19,"href":"https:\/\/www.enjoyslovakiasoul.com\/sk\/wp-json\/wp\/v2\/pages\/1896\/revisions"}],"predecessor-version":[{"id":3353,"href":"https:\/\/www.enjoyslovakiasoul.com\/sk\/wp-json\/wp\/v2\/pages\/1896\/revisions\/3353"}],"up":[{"embeddable":true,"href":"https:\/\/www.enjoyslovakiasoul.com\/sk\/wp-json\/wp\/v2\/pages\/1851"}],"wp:attachment":[{"href":"https:\/\/www.enjoyslovakiasoul.com\/sk\/wp-json\/wp\/v2\/media?parent=1896"}],"curies":[{"name":"wp","href":"https:\/\/api.w.org\/{rel}","templated":true}]}}