
{"id":1898,"date":"2011-11-23T12:28:29","date_gmt":"2011-11-23T12:28:29","guid":{"rendered":"http:\/\/www.enjoyslovakiasoul.com\/?page_id=1898"},"modified":"2012-12-24T03:10:41","modified_gmt":"2012-12-24T03:10:41","slug":"dental-treatment","status":"publish","type":"page","link":"https:\/\/www.enjoyslovakiasoul.com\/sk\/enjoy-tours\/wellness\/dental-treatment\/","title":{"rendered":"Dental treatment"},"content":{"rendered":"<p><strong><a href=\"http:\/\/www.enjoyslovakiasoul.com\/wp-content\/uploads\/jacksonville-cosmetic-dentist-comfort.jpg\"><img decoding=\"async\" loading=\"lazy\" class=\"alignleft\" title=\"Our Dental Service\" src=\"http:\/\/www.enjoyslovakiasoul.com\/wp-content\/uploads\/jacksonville-cosmetic-dentist-comfort-300x225.jpg\" alt=\"\" width=\"300\" height=\"225\" \/><\/a><span style=\"color: #800080;\">What is dental tourism?<\/span><a href=\"http:\/\/www.enjoyslovakiasoul.com\/wp-content\/uploads\/Comfort-Dental-Brentwood-Hills-logo-129338415524260000.jpg\"><img decoding=\"async\" loading=\"lazy\" class=\"alignright\" title=\"Comfort-Dental\" src=\"http:\/\/www.enjoyslovakiasoul.com\/wp-content\/uploads\/Comfort-Dental-Brentwood-Hills-logo-129338415524260000.jpg\" alt=\"\" width=\"120\" height=\"70\" \/><\/a><\/strong><\/p>\n<p>Dental Tourism means traveling abroad for affordable dental care, dental treatment, dental surgery or dental procedures, which are often very expensive in one&#8217;s own country.<\/p>\n<p>&nbsp;<\/p>\n<p><span style=\"color: #800080;\"><strong>Why choose Slovakia for your dental tourism?<\/strong><\/span><\/p>\n<p>&nbsp;<\/p>\n<p>As well as offering high quality and very affordable dental treatments, we recommend our enjoyable tours to compliment your trip to make it an incredible experience.<\/p>\n<p>&nbsp;<\/p>\n<p>In addition to your dental care why not visit Slovakia\u2019s thermal pools and wellness spas, which are famous throughout Europe for their healing powers due to the minerals in the water, as well as a range of sightseeing and participation tours we can provide.<\/p>\n<p>&nbsp;<\/p>\n<p>Slovakia is the jewel of central Europe with unspoiled nature that is not yet on the radar of mainstream commercial tourism due to being on the eastern edge of the current European Union.<\/p>\n<p>&nbsp;<\/p>\n<p>It has a rich medieval history with around 150 castles to visit and explore, some are poignant ruins, some beautifully restored and some in isolated locations, so each one is unique with its own history.<\/p>\n<p>&nbsp;<\/p>\n<p>Slovakia also has very beautiful nature with around 48% of our country declared as national parks with the pinnacle being the<a href=\"http:\/\/www.enjoyslovakiasoul.com\/wp-content\/uploads\/happyfamily.jpg\"><img decoding=\"async\" loading=\"lazy\" class=\"alignright\" title=\"Family Dentist Tour\" src=\"http:\/\/www.enjoyslovakiasoul.com\/wp-content\/uploads\/happyfamily-300x200.jpg\" alt=\"\" width=\"300\" height=\"200\" \/><\/a>magnificent Tatra ranges that line the northern part of our country and border with Poland. \u00a0There are magnificent underground caves full of amazing limestone columns and stalactites and stalagmites that are hidden treasures of the underworld.<\/p>\n<p>&nbsp;<\/p>\n<p>In summer it is perfect for hiking, rafting, camping and fishing and in winter skiing.<\/p>\n<p>&nbsp;<\/p>\n<p>The combination of taking care of your health physically is uniquely complemented by wonderful tours to take care of you by EST Frontier Slovakia\u00a0at a very affordable price.<\/p>\n<p>&nbsp;<\/p>\n<p>&nbsp;<\/p>\n<p><strong><a href=\"http:\/\/www.enjoyslovakiasoul.com\/wp-content\/uploads\/female_patient_with_dentist_and_assistant_in_a_dental_treatment_wearing_masks_and_gloves_dentist_and_assistant_bowing_over_her_using_sucker_and_drill1.jpg\"><br \/>\n<\/a><span style=\"color: #800080;\">About Slovakia and dental tourism<\/span><\/strong><\/p>\n<p><img decoding=\"async\" loading=\"lazy\" class=\"alignleft\" title=\"Patient\" src=\"http:\/\/www.enjoyslovakiasoul.com\/wp-content\/uploads\/female_patient_with_dentist_and_assistant_in_a_dental_treatment_wearing_masks_and_gloves_dentist_and_assistant_bowing_over_her_using_sucker_and_drill1.jpg\" alt=\"\" width=\"200\" height=\"300\" \/><\/p>\n<p>Slovakia is a landlocked republic in Central Europe with a population of more than five million people.\u00a0 A member of the European<\/p>\n<p>&nbsp;<\/p>\n<div>\n<p>Union, it borders the Czech Republic and Austria in the west, Poland in the north, Ukraine in the east and Hungary in the south. Its capital, Bratislava is its largest city.\u00a0 It is a peaceful country, with beautiful scenery, inexpensive shopping and hospitable people.<\/p>\n<p>&nbsp;<\/p>\n<p>Slovakia is a relative newcomer to the dental and medical tourism market, offering highly competitive prices for dental treatment such as\u00a0<strong>dental implants, cosmetic dentistry, restorative dentistry and prosthetic dentistry.<\/strong><\/p>\n<p>&nbsp;<\/p>\n<p>The Slovaks are very hospitable people so along with budget flights from UK airports, reputable, top quality and very reasonably priced dental treatment, and the chance to recuperate in lovely traditional spa towns, Slovakia is an ideal choice for dentistry abroad.<\/p>\n<p>&nbsp;<\/p>\n<p>Private dental practices in Slovakia are ultra modern and have the latest technology to provide diagnostic services, restorative and prosthetic dentistry as well as cosmetic dentistry and dental implant treatments. \u00a0Our dentists tend to be fluent in several languages and all staff, including support staff, tend to be proficient in English (often employing British staff to help encourage and reassure international clients).\u00a0 Costs are around \u00a3800 for dental implants, compared with well over double that in the UK (around \u00a31,900), just \u00a360 for root canal treatment, compared with \u00a3300 in the UK.\u00a0 Equally, tooth whitening will cost about \u00a3280, compared to around \u00a3500 in the UK.<\/p>\n<p>&nbsp;<\/p>\n<p><span style=\"color: #800080;\"><strong>Why choose EST Frontier Slovakia?<\/strong><\/span><\/p>\n<p>&nbsp;<\/p>\n<p>All our contracted dentists hold a \u201cdoctor medic\u00edny\u201d which is the Slovak university diploma awarding the academic with the title of \u201cdoctor of medicine\u201d (MuDr), or a BDS, BChD, or Licenciate in Dental Surgery (LDS).\u00a0 Medical students in Slovakia train for six years to become a Dentist, more often studying at the University of Bratislava or at Kosice.\u00a0 Upon graduating dentists register with the Slovak Dental Council (the Komora), which is the equivalent of the British Dental Council regulating the dental professionals in the UK.<\/p>\n<p>&nbsp;<\/p>\n<p><strong><a href=\"http:\/\/www.enjoyslovakiasoul.com\/wp-content\/uploads\/Untitled1.jpg\"><img decoding=\"async\" loading=\"lazy\" class=\"alignright\" title=\"Contact Us\" src=\"http:\/\/www.enjoyslovakiasoul.com\/wp-content\/uploads\/Untitled1.jpg\" alt=\"\" width=\"138\" height=\"198\" \/><\/a><\/strong>We will not only supply the highest quality in dental treatment but will also arrange your travel, accommodation and of course offer you to choose from one of our trips as we are not only a provider of dental treatment but also a popular travel agency.<\/p>\n<p>&nbsp;<\/p>\n<p><strong><a href=\"http:\/\/www.enjoyslovakiasoul.com\/wp-content\/uploads\/Untitled1.jpg\"><br \/>\n<\/a><span style=\"color: #800080;\">So why not come and have a great adventure with us?<\/span><\/strong><\/p>\n<p>&nbsp;<\/p>\n<p>Please let us know how we can help you. Do not hesitate to send us email if you have any questions or would like to schedule an appointment at\u00a0<a title=\"Contact us\" href=\"http:\/\/www.enjoyslovakiasoul.com\/contact\/\" target=\"_blank\">info@enjoyslovakiasoul.com<\/a>.<\/p>\n<p>&nbsp;<\/p>\n<\/div>\n<p><\/p>","protected":false},"excerpt":{"rendered":"<p>What is dental tourism? Dental Tourism means traveling abroad for affordable dental care, dental treatment, dental surgery or dental procedures, which are often very expensive in one&#8217;s own country. &nbsp; Why choose Slovakia for your dental tourism? &nbsp; As well as offering high quality and very affordable dental treatments, we recommend our enjoyable tours to [&hellip;]<\/p>\n","protected":false},"author":1,"featured_media":0,"parent":1853,"menu_order":0,"comment_status":"open","ping_status":"open","template":"","meta":{"ngg_post_thumbnail":0},"yoast_head":"<!-- This site is optimized with the Yoast SEO plugin v20.3 - https:\/\/yoast.com\/wordpress\/plugins\/seo\/ -->\n<title>Dental treatment - EST Frontier Slovakia<\/title>\n<meta name=\"robots\" content=\"index, follow, max-snippet:-1, max-image-preview:large, max-video-preview:-1\" \/>\n<link rel=\"canonical\" href=\"https:\/\/www.enjoyslovakiasoul.com\/enjoy-tours\/wellness\/dental-treatment\/\" \/>\n<meta property=\"og:locale\" content=\"sk_SK\" \/>\n<meta property=\"og:type\" content=\"article\" \/>\n<meta property=\"og:title\" content=\"Dental treatment - EST Frontier Slovakia\" \/>\n<meta property=\"og:description\" content=\"What is dental tourism? Dental Tourism means traveling abroad for affordable dental care, dental treatment, dental surgery or dental procedures, which are often very expensive in one&#8217;s own country. &nbsp; Why choose Slovakia for your dental tourism? &nbsp; As well as offering high quality and very affordable dental treatments, we recommend our enjoyable tours to [&hellip;]\" \/>\n<meta property=\"og:url\" content=\"https:\/\/www.enjoyslovakiasoul.com\/enjoy-tours\/wellness\/dental-treatment\/\" \/>\n<meta property=\"og:site_name\" content=\"EST Frontier Slovakia\" \/>\n<meta property=\"article:modified_time\" content=\"2012-12-24T03:10:41+00:00\" \/>\n<meta property=\"og:image\" content=\"http:\/\/www.enjoyslovakiasoul.com\/wp-content\/uploads\/jacksonville-cosmetic-dentist-comfort-300x225.jpg\" \/>\n<meta name=\"twitter:card\" content=\"summary_large_image\" \/>\n<meta name=\"twitter:label1\" content=\"Predpokladan\u00fd \u010das \u010d\u00edtania\" \/>\n\t<meta name=\"twitter:data1\" content=\"7 min\u00fat\" \/>\n<script type=\"application\/ld+json\" class=\"yoast-schema-graph\">{\"@context\":\"https:\/\/schema.org\",\"@graph\":[{\"@type\":\"WebPage\",\"@id\":\"https:\/\/www.enjoyslovakiasoul.com\/enjoy-tours\/wellness\/dental-treatment\/\",\"url\":\"https:\/\/www.enjoyslovakiasoul.com\/enjoy-tours\/wellness\/dental-treatment\/\",\"name\":\"Dental treatment - EST Frontier Slovakia\",\"isPartOf\":{\"@id\":\"https:\/\/www.enjoyslovakiasoul.com\/#website\"},\"datePublished\":\"2011-11-23T12:28:29+00:00\",\"dateModified\":\"2012-12-24T03:10:41+00:00\",\"breadcrumb\":{\"@id\":\"https:\/\/www.enjoyslovakiasoul.com\/enjoy-tours\/wellness\/dental-treatment\/#breadcrumb\"},\"inLanguage\":\"sk-SK\",\"potentialAction\":[{\"@type\":\"ReadAction\",\"target\":[\"https:\/\/www.enjoyslovakiasoul.com\/enjoy-tours\/wellness\/dental-treatment\/\"]}]},{\"@type\":\"BreadcrumbList\",\"@id\":\"https:\/\/www.enjoyslovakiasoul.com\/enjoy-tours\/wellness\/dental-treatment\/#breadcrumb\",\"itemListElement\":[{\"@type\":\"ListItem\",\"position\":1,\"name\":\"Home\",\"item\":\"https:\/\/www.enjoyslovakiasoul.com\/\"},{\"@type\":\"ListItem\",\"position\":2,\"name\":\"O Slovensku\",\"item\":\"https:\/\/www.enjoyslovakiasoul.com\/sk\/enjoy-tours\/\"},{\"@type\":\"ListItem\",\"position\":3,\"name\":\"Wellness\",\"item\":\"https:\/\/www.enjoyslovakiasoul.com\/enjoy-tours\/wellness\/\"},{\"@type\":\"ListItem\",\"position\":4,\"name\":\"Dental treatment\"}]},{\"@type\":\"WebSite\",\"@id\":\"https:\/\/www.enjoyslovakiasoul.com\/#website\",\"url\":\"https:\/\/www.enjoyslovakiasoul.com\/\",\"name\":\"EST Frontier Slovakia\",\"description\":\"Fun, Relax, Adventure\",\"potentialAction\":[{\"@type\":\"SearchAction\",\"target\":{\"@type\":\"EntryPoint\",\"urlTemplate\":\"https:\/\/www.enjoyslovakiasoul.com\/?s={search_term_string}\"},\"query-input\":\"required name=search_term_string\"}],\"inLanguage\":\"sk-SK\"}]}<\/script>\n<!-- \/ Yoast SEO plugin. -->","yoast_head_json":{"title":"Dental treatment - EST Frontier Slovakia","robots":{"index":"index","follow":"follow","max-snippet":"max-snippet:-1","max-image-preview":"max-image-preview:large","max-video-preview":"max-video-preview:-1"},"canonical":"https:\/\/www.enjoyslovakiasoul.com\/enjoy-tours\/wellness\/dental-treatment\/","og_locale":"sk_SK","og_type":"article","og_title":"Dental treatment - EST Frontier Slovakia","og_description":"What is dental tourism? Dental Tourism means traveling abroad for affordable dental care, dental treatment, dental surgery or dental procedures, which are often very expensive in one&#8217;s own country. &nbsp; Why choose Slovakia for your dental tourism? &nbsp; As well as offering high quality and very affordable dental treatments, we recommend our enjoyable tours to [&hellip;]","og_url":"https:\/\/www.enjoyslovakiasoul.com\/enjoy-tours\/wellness\/dental-treatment\/","og_site_name":"EST Frontier Slovakia","article_modified_time":"2012-12-24T03:10:41+00:00","og_image":[{"url":"http:\/\/www.enjoyslovakiasoul.com\/wp-content\/uploads\/jacksonville-cosmetic-dentist-comfort-300x225.jpg"}],"twitter_card":"summary_large_image","twitter_misc":{"Predpokladan\u00fd \u010das \u010d\u00edtania":"7 min\u00fat"},"schema":{"@context":"https:\/\/schema.org","@graph":[{"@type":"WebPage","@id":"https:\/\/www.enjoyslovakiasoul.com\/enjoy-tours\/wellness\/dental-treatment\/","url":"https:\/\/www.enjoyslovakiasoul.com\/enjoy-tours\/wellness\/dental-treatment\/","name":"Dental treatment - EST Frontier Slovakia","isPartOf":{"@id":"https:\/\/www.enjoyslovakiasoul.com\/#website"},"datePublished":"2011-11-23T12:28:29+00:00","dateModified":"2012-12-24T03:10:41+00:00","breadcrumb":{"@id":"https:\/\/www.enjoyslovakiasoul.com\/enjoy-tours\/wellness\/dental-treatment\/#breadcrumb"},"inLanguage":"sk-SK","potentialAction":[{"@type":"ReadAction","target":["https:\/\/www.enjoyslovakiasoul.com\/enjoy-tours\/wellness\/dental-treatment\/"]}]},{"@type":"BreadcrumbList","@id":"https:\/\/www.enjoyslovakiasoul.com\/enjoy-tours\/wellness\/dental-treatment\/#breadcrumb","itemListElement":[{"@type":"ListItem","position":1,"name":"Home","item":"https:\/\/www.enjoyslovakiasoul.com\/"},{"@type":"ListItem","position":2,"name":"O Slovensku","item":"https:\/\/www.enjoyslovakiasoul.com\/sk\/enjoy-tours\/"},{"@type":"ListItem","position":3,"name":"Wellness","item":"https:\/\/www.enjoyslovakiasoul.com\/enjoy-tours\/wellness\/"},{"@type":"ListItem","position":4,"name":"Dental treatment"}]},{"@type":"WebSite","@id":"https:\/\/www.enjoyslovakiasoul.com\/#website","url":"https:\/\/www.enjoyslovakiasoul.com\/","name":"EST Frontier Slovakia","description":"Fun, Relax, Adventure","potentialAction":[{"@type":"SearchAction","target":{"@type":"EntryPoint","urlTemplate":"https:\/\/www.enjoyslovakiasoul.com\/?s={search_term_string}"},"query-input":"required name=search_term_string"}],"inLanguage":"sk-SK"}]}},"_links":{"self":[{"href":"https:\/\/www.enjoyslovakiasoul.com\/sk\/wp-json\/wp\/v2\/pages\/1898"}],"collection":[{"href":"https:\/\/www.enjoyslovakiasoul.com\/sk\/wp-json\/wp\/v2\/pages"}],"about":[{"href":"https:\/\/www.enjoyslovakiasoul.com\/sk\/wp-json\/wp\/v2\/types\/page"}],"author":[{"embeddable":true,"href":"https:\/\/www.enjoyslovakiasoul.com\/sk\/wp-json\/wp\/v2\/users\/1"}],"replies":[{"embeddable":true,"href":"https:\/\/www.enjoyslovakiasoul.com\/sk\/wp-json\/wp\/v2\/comments?post=1898"}],"version-history":[{"count":5,"href":"https:\/\/www.enjoyslovakiasoul.com\/sk\/wp-json\/wp\/v2\/pages\/1898\/revisions"}],"predecessor-version":[{"id":2380,"href":"https:\/\/www.enjoyslovakiasoul.com\/sk\/wp-json\/wp\/v2\/pages\/1898\/revisions\/2380"}],"up":[{"embeddable":true,"href":"https:\/\/www.enjoyslovakiasoul.com\/sk\/wp-json\/wp\/v2\/pages\/1853"}],"wp:attachment":[{"href":"https:\/\/www.enjoyslovakiasoul.com\/sk\/wp-json\/wp\/v2\/media?parent=1898"}],"curies":[{"name":"wp","href":"https:\/\/api.w.org\/{rel}","templated":true}]}}