
{"id":1900,"date":"2011-11-23T12:45:27","date_gmt":"2011-11-23T12:45:27","guid":{"rendered":"http:\/\/www.enjoyslovakiasoul.com\/?page_id=1900"},"modified":"2013-02-24T14:49:58","modified_gmt":"2013-02-24T14:49:58","slug":"cosmetics","status":"publish","type":"page","link":"https:\/\/www.enjoyslovakiasoul.com\/sk\/enjoy-tours\/wellness\/cosmetics\/","title":{"rendered":"Cosmetics"},"content":{"rendered":"<p>&nbsp;<\/p>\n<p style=\"text-align: justify;\">Come to Slovakia and enjoy an affordable cosmetics beauty care along with dental treatment wellness and to\u00a0her activities which are often\u00a0very expensive in one\u2019s own country.<\/p>\n<p style=\"text-align: justify;\"><span style=\"color: #800080;\"><strong>Why choose Slovakia for your cosmetics beauty care?<\/strong><\/span><\/p>\n<p>As well as offering high quality and very affordable cosmetic beauty care, we recommend our enjoyable tours to compliment your trip to make it an incredible experience.<\/p>\n<p>In addition to your cosmetic beauty care\u00a0 why not visit Slovakia\u2019s thermal pools and wellness spas, which are famous throughout Europe for their healing powers due to the minerals in the water, as well as a range of sightseeing and participation tours we can provide.<\/p>\n<p>Slovakia is the jewel of central Europe with unspoiled nature that is not yet on the radar of mainstream commercial tourism due to being on the eastern edge of the current European Union.<\/p>\n<p>It has a rich medieval history with around 150 castles to visit and explore, some are poignant ruins, some beautifully restored and some in isolated locations, so each one is unique with its own history.<\/p>\n<p>Slovakia also has very beautiful nature with around 48% of our country declared as national parks with the pinnacle being the magnificent Tatra ranges that line the northern part of our country and border with Poland. \u00a0There are magnificent underground caves full of amazing limestone columns and stalactites and stalagmites that are hidden treasures of the underworld.<\/p>\n<p>In summer it is perfect for hiking, rafting, camping and fishing and in winter skiing.<\/p>\n<p>The combination of taking care of your health physically is uniquely complemented by wonderful tours to take care of you by EST Frontier Slovakia\u00a0at a very affordable price.<\/p>\n<p><span style=\"color: #800080;\"><strong>About Slovakia and cosmetics beauty care<\/strong><\/span><\/p>\n<p>Slovakia is a landlocked republic in Central Europe with a population of more than five million people.\u00a0 A member of the European<\/p>\n<p>Union, it borders the Czech Republic and Austria in the west, Poland in the north, Ukraine in the east and Hungary in the south. Its capital, Bratislava is its largest city.\u00a0 It is a peaceful country, with beautiful scenery, inexpensive shopping and hospitable people.<\/p>\n<p>Slovakia is a relative newcomer to welness market, offering highly competitive prices for<\/p>\n<p>Facial and body treatment.<\/p>\n<p>We are committed to providing outstanding professional cosmetics services. It is our goal to exceed our customers\u2019 expectations for quality and service in each single treatment. Our model of \u201chappy and satisfied customer\u201d will be achieved by professional and friendly staff behaviour.<\/p>\n<p>Because of our network of studios we are able to offer both traditional and innovative cosmetic facial and body treatments at the highest level. By using cutting-edge devices and latest technologies we can ensure our customers the best possible results.<\/p>\n<p>The Slovaks are very hospitable people so along with budget flights from UK airports, reputable, top quality and very reasonably priced beauty care, and the chance to recuperate in lovely traditional spa towns, Slovakia is an ideal choice for body.<\/p>\n<p><span style=\"color: #800080;\"><strong>Why choose EST Frontier Slovakia?<\/strong>\u00a0<\/span><\/p>\n<p>All our contracted cosmetic beauty care studios hold a\u00a0\u201ecertificate of cosmetic care\u201c which was issued by the Ministry of Education under no. 0581\/2010\/186\/6. The certificate was based on a\u00a0full time education.<\/p>\n<p>We will not only supply the highest quality in cosmetics care, but will also arrange your travel, accommodation and of course offer you to choose from one of our trips as we are not only a provider of dental treatment but also a popular travel agency.<\/p>","protected":false},"excerpt":{"rendered":"<p>&nbsp; Come to Slovakia and enjoy an affordable cosmetics beauty care along with dental treatment wellness and to\u00a0her activities which are often\u00a0very expensive in one\u2019s own country. Why choose Slovakia for your cosmetics beauty care? As well as offering high quality and very affordable cosmetic beauty care, we recommend our enjoyable tours to compliment your [&hellip;]<\/p>\n","protected":false},"author":1,"featured_media":0,"parent":1853,"menu_order":0,"comment_status":"open","ping_status":"open","template":"","meta":{"ngg_post_thumbnail":0},"yoast_head":"<!-- This site is optimized with the Yoast SEO plugin v20.3 - https:\/\/yoast.com\/wordpress\/plugins\/seo\/ -->\n<title>Cosmetics - EST Frontier Slovakia<\/title>\n<meta name=\"robots\" content=\"index, follow, max-snippet:-1, max-image-preview:large, max-video-preview:-1\" \/>\n<link rel=\"canonical\" href=\"https:\/\/www.enjoyslovakiasoul.com\/enjoy-tours\/wellness\/cosmetics\/\" \/>\n<meta property=\"og:locale\" content=\"sk_SK\" \/>\n<meta property=\"og:type\" content=\"article\" \/>\n<meta property=\"og:title\" content=\"Cosmetics - EST Frontier Slovakia\" \/>\n<meta property=\"og:description\" content=\"&nbsp; Come to Slovakia and enjoy an affordable cosmetics beauty care along with dental treatment wellness and to\u00a0her activities which are often\u00a0very expensive in one\u2019s own country. Why choose Slovakia for your cosmetics beauty care? As well as offering high quality and very affordable cosmetic beauty care, we recommend our enjoyable tours to compliment your [&hellip;]\" \/>\n<meta property=\"og:url\" content=\"https:\/\/www.enjoyslovakiasoul.com\/enjoy-tours\/wellness\/cosmetics\/\" \/>\n<meta property=\"og:site_name\" content=\"EST Frontier Slovakia\" \/>\n<meta property=\"article:modified_time\" content=\"2013-02-24T14:49:58+00:00\" \/>\n<meta name=\"twitter:card\" content=\"summary_large_image\" \/>\n<meta name=\"twitter:label1\" content=\"Predpokladan\u00fd \u010das \u010d\u00edtania\" \/>\n\t<meta name=\"twitter:data1\" content=\"6 min\u00fat\" \/>\n<script type=\"application\/ld+json\" class=\"yoast-schema-graph\">{\"@context\":\"https:\/\/schema.org\",\"@graph\":[{\"@type\":\"WebPage\",\"@id\":\"https:\/\/www.enjoyslovakiasoul.com\/enjoy-tours\/wellness\/cosmetics\/\",\"url\":\"https:\/\/www.enjoyslovakiasoul.com\/enjoy-tours\/wellness\/cosmetics\/\",\"name\":\"Cosmetics - EST Frontier Slovakia\",\"isPartOf\":{\"@id\":\"https:\/\/www.enjoyslovakiasoul.com\/#website\"},\"datePublished\":\"2011-11-23T12:45:27+00:00\",\"dateModified\":\"2013-02-24T14:49:58+00:00\",\"breadcrumb\":{\"@id\":\"https:\/\/www.enjoyslovakiasoul.com\/enjoy-tours\/wellness\/cosmetics\/#breadcrumb\"},\"inLanguage\":\"sk-SK\",\"potentialAction\":[{\"@type\":\"ReadAction\",\"target\":[\"https:\/\/www.enjoyslovakiasoul.com\/enjoy-tours\/wellness\/cosmetics\/\"]}]},{\"@type\":\"BreadcrumbList\",\"@id\":\"https:\/\/www.enjoyslovakiasoul.com\/enjoy-tours\/wellness\/cosmetics\/#breadcrumb\",\"itemListElement\":[{\"@type\":\"ListItem\",\"position\":1,\"name\":\"Home\",\"item\":\"https:\/\/www.enjoyslovakiasoul.com\/\"},{\"@type\":\"ListItem\",\"position\":2,\"name\":\"O Slovensku\",\"item\":\"https:\/\/www.enjoyslovakiasoul.com\/sk\/enjoy-tours\/\"},{\"@type\":\"ListItem\",\"position\":3,\"name\":\"Wellness\",\"item\":\"https:\/\/www.enjoyslovakiasoul.com\/enjoy-tours\/wellness\/\"},{\"@type\":\"ListItem\",\"position\":4,\"name\":\"Cosmetics\"}]},{\"@type\":\"WebSite\",\"@id\":\"https:\/\/www.enjoyslovakiasoul.com\/#website\",\"url\":\"https:\/\/www.enjoyslovakiasoul.com\/\",\"name\":\"EST Frontier Slovakia\",\"description\":\"Fun, Relax, Adventure\",\"potentialAction\":[{\"@type\":\"SearchAction\",\"target\":{\"@type\":\"EntryPoint\",\"urlTemplate\":\"https:\/\/www.enjoyslovakiasoul.com\/?s={search_term_string}\"},\"query-input\":\"required name=search_term_string\"}],\"inLanguage\":\"sk-SK\"}]}<\/script>\n<!-- \/ Yoast SEO plugin. -->","yoast_head_json":{"title":"Cosmetics - EST Frontier Slovakia","robots":{"index":"index","follow":"follow","max-snippet":"max-snippet:-1","max-image-preview":"max-image-preview:large","max-video-preview":"max-video-preview:-1"},"canonical":"https:\/\/www.enjoyslovakiasoul.com\/enjoy-tours\/wellness\/cosmetics\/","og_locale":"sk_SK","og_type":"article","og_title":"Cosmetics - EST Frontier Slovakia","og_description":"&nbsp; Come to Slovakia and enjoy an affordable cosmetics beauty care along with dental treatment wellness and to\u00a0her activities which are often\u00a0very expensive in one\u2019s own country. Why choose Slovakia for your cosmetics beauty care? As well as offering high quality and very affordable cosmetic beauty care, we recommend our enjoyable tours to compliment your [&hellip;]","og_url":"https:\/\/www.enjoyslovakiasoul.com\/enjoy-tours\/wellness\/cosmetics\/","og_site_name":"EST Frontier Slovakia","article_modified_time":"2013-02-24T14:49:58+00:00","twitter_card":"summary_large_image","twitter_misc":{"Predpokladan\u00fd \u010das \u010d\u00edtania":"6 min\u00fat"},"schema":{"@context":"https:\/\/schema.org","@graph":[{"@type":"WebPage","@id":"https:\/\/www.enjoyslovakiasoul.com\/enjoy-tours\/wellness\/cosmetics\/","url":"https:\/\/www.enjoyslovakiasoul.com\/enjoy-tours\/wellness\/cosmetics\/","name":"Cosmetics - EST Frontier Slovakia","isPartOf":{"@id":"https:\/\/www.enjoyslovakiasoul.com\/#website"},"datePublished":"2011-11-23T12:45:27+00:00","dateModified":"2013-02-24T14:49:58+00:00","breadcrumb":{"@id":"https:\/\/www.enjoyslovakiasoul.com\/enjoy-tours\/wellness\/cosmetics\/#breadcrumb"},"inLanguage":"sk-SK","potentialAction":[{"@type":"ReadAction","target":["https:\/\/www.enjoyslovakiasoul.com\/enjoy-tours\/wellness\/cosmetics\/"]}]},{"@type":"BreadcrumbList","@id":"https:\/\/www.enjoyslovakiasoul.com\/enjoy-tours\/wellness\/cosmetics\/#breadcrumb","itemListElement":[{"@type":"ListItem","position":1,"name":"Home","item":"https:\/\/www.enjoyslovakiasoul.com\/"},{"@type":"ListItem","position":2,"name":"O Slovensku","item":"https:\/\/www.enjoyslovakiasoul.com\/sk\/enjoy-tours\/"},{"@type":"ListItem","position":3,"name":"Wellness","item":"https:\/\/www.enjoyslovakiasoul.com\/enjoy-tours\/wellness\/"},{"@type":"ListItem","position":4,"name":"Cosmetics"}]},{"@type":"WebSite","@id":"https:\/\/www.enjoyslovakiasoul.com\/#website","url":"https:\/\/www.enjoyslovakiasoul.com\/","name":"EST Frontier Slovakia","description":"Fun, Relax, Adventure","potentialAction":[{"@type":"SearchAction","target":{"@type":"EntryPoint","urlTemplate":"https:\/\/www.enjoyslovakiasoul.com\/?s={search_term_string}"},"query-input":"required name=search_term_string"}],"inLanguage":"sk-SK"}]}},"_links":{"self":[{"href":"https:\/\/www.enjoyslovakiasoul.com\/sk\/wp-json\/wp\/v2\/pages\/1900"}],"collection":[{"href":"https:\/\/www.enjoyslovakiasoul.com\/sk\/wp-json\/wp\/v2\/pages"}],"about":[{"href":"https:\/\/www.enjoyslovakiasoul.com\/sk\/wp-json\/wp\/v2\/types\/page"}],"author":[{"embeddable":true,"href":"https:\/\/www.enjoyslovakiasoul.com\/sk\/wp-json\/wp\/v2\/users\/1"}],"replies":[{"embeddable":true,"href":"https:\/\/www.enjoyslovakiasoul.com\/sk\/wp-json\/wp\/v2\/comments?post=1900"}],"version-history":[{"count":10,"href":"https:\/\/www.enjoyslovakiasoul.com\/sk\/wp-json\/wp\/v2\/pages\/1900\/revisions"}],"predecessor-version":[{"id":3397,"href":"https:\/\/www.enjoyslovakiasoul.com\/sk\/wp-json\/wp\/v2\/pages\/1900\/revisions\/3397"}],"up":[{"embeddable":true,"href":"https:\/\/www.enjoyslovakiasoul.com\/sk\/wp-json\/wp\/v2\/pages\/1853"}],"wp:attachment":[{"href":"https:\/\/www.enjoyslovakiasoul.com\/sk\/wp-json\/wp\/v2\/media?parent=1900"}],"curies":[{"name":"wp","href":"https:\/\/api.w.org\/{rel}","templated":true}]}}