
{"id":1904,"date":"2011-11-23T12:55:41","date_gmt":"2011-11-23T12:55:41","guid":{"rendered":"http:\/\/www.enjoyslovakiasoul.com\/?page_id=1904"},"modified":"2012-10-09T13:02:57","modified_gmt":"2012-10-09T13:02:57","slug":"fitness-holiday-in-slovakia","status":"publish","type":"page","link":"https:\/\/www.enjoyslovakiasoul.com\/sk\/enjoy-tours\/wellness\/fitness-holiday-in-slovakia\/","title":{"rendered":"Fitnes dovolenka na Slovensku"},"content":{"rendered":"<p><\/p>\n<h2><span style=\"color: #99cc00;\">Fitness holiday in Slovakia<strong><div class=\"mygallery\"><div class=\"tn3 album\"><div class=\"tn3 thumb\">https:\/\/www.enjoyslovakiasoul.com\/sk\/wp-content\/gallery\/fitness-holiday\/activity3.jpg<\/div><ol><li>\n                <a href=\"https:\/\/www.enjoyslovakiasoul.com\/sk\/wp-content\/gallery\/fitness-holiday\/activity3.jpg\"><img width=\"35\" src=\"https:\/\/www.enjoyslovakiasoul.com\/sk\/wp-content\/gallery\/fitness-holiday\/thumbs\/thumbs_activity3.jpg\" \/><\/a>\n                <\/li><li>\n                <a href=\"https:\/\/www.enjoyslovakiasoul.com\/sk\/wp-content\/gallery\/fitness-holiday\/269.jpg\"><img width=\"35\" src=\"https:\/\/www.enjoyslovakiasoul.com\/sk\/wp-content\/gallery\/fitness-holiday\/thumbs\/thumbs_269.jpg\" \/><\/a>\n                <\/li><li>\n                <a href=\"https:\/\/www.enjoyslovakiasoul.com\/sk\/wp-content\/gallery\/fitness-holiday\/activity1.jpg\"><img width=\"35\" src=\"https:\/\/www.enjoyslovakiasoul.com\/sk\/wp-content\/gallery\/fitness-holiday\/thumbs\/thumbs_activity1.jpg\" \/><\/a>\n                <\/li><li>\n                <a href=\"https:\/\/www.enjoyslovakiasoul.com\/sk\/wp-content\/gallery\/fitness-holiday\/activity5.jpg\"><img width=\"35\" src=\"https:\/\/www.enjoyslovakiasoul.com\/sk\/wp-content\/gallery\/fitness-holiday\/thumbs\/thumbs_activity5.jpg\" \/><\/a>\n                <\/li><li>\n                <a href=\"https:\/\/www.enjoyslovakiasoul.com\/sk\/wp-content\/gallery\/fitness-holiday\/dog-sledging.jpg\"><img width=\"35\" src=\"https:\/\/www.enjoyslovakiasoul.com\/sk\/wp-content\/gallery\/fitness-holiday\/thumbs\/thumbs_dog-sledging.jpg\" \/><\/a>\n                <\/li><li>\n                <a href=\"https:\/\/www.enjoyslovakiasoul.com\/sk\/wp-content\/gallery\/fitness-holiday\/activity7.jpg\"><img width=\"35\" src=\"https:\/\/www.enjoyslovakiasoul.com\/sk\/wp-content\/gallery\/fitness-holiday\/thumbs\/thumbs_activity7.jpg\" \/><\/a>\n                <\/li><li>\n                <a href=\"https:\/\/www.enjoyslovakiasoul.com\/sk\/wp-content\/gallery\/fitness-holiday\/area.jpg\"><img width=\"35\" src=\"https:\/\/www.enjoyslovakiasoul.com\/sk\/wp-content\/gallery\/fitness-holiday\/thumbs\/thumbs_area.jpg\" \/><\/a>\n                <\/li><li>\n                <a href=\"https:\/\/www.enjoyslovakiasoul.com\/sk\/wp-content\/gallery\/fitness-holiday\/atraction2.jpg\"><img width=\"35\" src=\"https:\/\/www.enjoyslovakiasoul.com\/sk\/wp-content\/gallery\/fitness-holiday\/thumbs\/thumbs_atraction2.jpg\" \/><\/a>\n                <\/li><li>\n                <a href=\"https:\/\/www.enjoyslovakiasoul.com\/sk\/wp-content\/gallery\/fitness-holiday\/interier1.jpg\"><img width=\"35\" src=\"https:\/\/www.enjoyslovakiasoul.com\/sk\/wp-content\/gallery\/fitness-holiday\/thumbs\/thumbs_interier1.jpg\" \/><\/a>\n                <\/li><li>\n                <a href=\"https:\/\/www.enjoyslovakiasoul.com\/sk\/wp-content\/gallery\/fitness-holiday\/interier2.jpg\"><img width=\"35\" src=\"https:\/\/www.enjoyslovakiasoul.com\/sk\/wp-content\/gallery\/fitness-holiday\/thumbs\/thumbs_interier2.jpg\" \/><\/a>\n                <\/li><li>\n                <a href=\"https:\/\/www.enjoyslovakiasoul.com\/sk\/wp-content\/gallery\/fitness-holiday\/interier3.jpg\"><img width=\"35\" src=\"https:\/\/www.enjoyslovakiasoul.com\/sk\/wp-content\/gallery\/fitness-holiday\/thumbs\/thumbs_interier3.jpg\" \/><\/a>\n                <\/li><li>\n                <a href=\"https:\/\/www.enjoyslovakiasoul.com\/sk\/wp-content\/gallery\/fitness-holiday\/koliba1.jpg\"><img width=\"35\" src=\"https:\/\/www.enjoyslovakiasoul.com\/sk\/wp-content\/gallery\/fitness-holiday\/thumbs\/thumbs_koliba1.jpg\" \/><\/a>\n                <\/li><li>\n                <a href=\"https:\/\/www.enjoyslovakiasoul.com\/sk\/wp-content\/gallery\/fitness-holiday\/koliba2.jpg\"><img width=\"35\" src=\"https:\/\/www.enjoyslovakiasoul.com\/sk\/wp-content\/gallery\/fitness-holiday\/thumbs\/thumbs_koliba2.jpg\" \/><\/a>\n                <\/li><li>\n                <a href=\"https:\/\/www.enjoyslovakiasoul.com\/sk\/wp-content\/gallery\/fitness-holiday\/koliba3.jpg\"><img width=\"35\" src=\"https:\/\/www.enjoyslovakiasoul.com\/sk\/wp-content\/gallery\/fitness-holiday\/thumbs\/thumbs_koliba3.jpg\" \/><\/a>\n                <\/li><li>\n                <a href=\"https:\/\/www.enjoyslovakiasoul.com\/sk\/wp-content\/gallery\/fitness-holiday\/skiing.jpg\"><img width=\"35\" src=\"https:\/\/www.enjoyslovakiasoul.com\/sk\/wp-content\/gallery\/fitness-holiday\/thumbs\/thumbs_skiing.jpg\" \/><\/a>\n                <\/li><li>\n                <a href=\"https:\/\/www.enjoyslovakiasoul.com\/sk\/wp-content\/gallery\/fitness-holiday\/winter-activities1.jpg\"><img width=\"35\" src=\"https:\/\/www.enjoyslovakiasoul.com\/sk\/wp-content\/gallery\/fitness-holiday\/thumbs\/thumbs_winter-activities1.jpg\" \/><\/a>\n                <\/li><li>\n                <a href=\"https:\/\/www.enjoyslovakiasoul.com\/sk\/wp-content\/gallery\/fitness-holiday\/winter-activities2.jpg\"><img width=\"35\" src=\"https:\/\/www.enjoyslovakiasoul.com\/sk\/wp-content\/gallery\/fitness-holiday\/thumbs\/thumbs_winter-activities2.jpg\" \/><\/a>\n                <\/li><li>\n                <a href=\"https:\/\/www.enjoyslovakiasoul.com\/sk\/wp-content\/gallery\/fitness-holiday\/55.jpg\"><img width=\"35\" src=\"https:\/\/www.enjoyslovakiasoul.com\/sk\/wp-content\/gallery\/fitness-holiday\/thumbs\/thumbs_55.jpg\" \/><\/a>\n                <\/li><li>\n                <a href=\"https:\/\/www.enjoyslovakiasoul.com\/sk\/wp-content\/gallery\/fitness-holiday\/img_1491.jpg\"><img width=\"35\" src=\"https:\/\/www.enjoyslovakiasoul.com\/sk\/wp-content\/gallery\/fitness-holiday\/thumbs\/thumbs_img_1491.jpg\" \/><\/a>\n                <\/li><li>\n                <a href=\"https:\/\/www.enjoyslovakiasoul.com\/sk\/wp-content\/gallery\/fitness-holiday\/img_1474.jpg\"><img width=\"35\" src=\"https:\/\/www.enjoyslovakiasoul.com\/sk\/wp-content\/gallery\/fitness-holiday\/thumbs\/thumbs_img_1474.jpg\" \/><\/a>\n                <\/li><li>\n                <a href=\"https:\/\/www.enjoyslovakiasoul.com\/sk\/wp-content\/gallery\/fitness-holiday\/p1080745_0.jpg\"><img width=\"35\" src=\"https:\/\/www.enjoyslovakiasoul.com\/sk\/wp-content\/gallery\/fitness-holiday\/thumbs\/thumbs_p1080745_0.jpg\" \/><\/a>\n                <\/li><li>\n                <a href=\"https:\/\/www.enjoyslovakiasoul.com\/sk\/wp-content\/gallery\/fitness-holiday\/pa010159.jpg\"><img width=\"35\" src=\"https:\/\/www.enjoyslovakiasoul.com\/sk\/wp-content\/gallery\/fitness-holiday\/thumbs\/thumbs_pa010159.jpg\" \/><\/a>\n                <\/li><li>\n                <a href=\"https:\/\/www.enjoyslovakiasoul.com\/sk\/wp-content\/gallery\/fitness-holiday\/img_2568.jpg\"><img width=\"35\" src=\"https:\/\/www.enjoyslovakiasoul.com\/sk\/wp-content\/gallery\/fitness-holiday\/thumbs\/thumbs_img_2568.jpg\" \/><\/a>\n                <\/li><li>\n                <a href=\"https:\/\/www.enjoyslovakiasoul.com\/sk\/wp-content\/gallery\/fitness-holiday\/cavern01.jpg\"><img width=\"35\" src=\"https:\/\/www.enjoyslovakiasoul.com\/sk\/wp-content\/gallery\/fitness-holiday\/thumbs\/thumbs_cavern01.jpg\" \/><\/a>\n                <\/li><li>\n                <a href=\"https:\/\/www.enjoyslovakiasoul.com\/sk\/wp-content\/gallery\/fitness-holiday\/dsc_1651-1web.jpg\"><img width=\"35\" src=\"https:\/\/www.enjoyslovakiasoul.com\/sk\/wp-content\/gallery\/fitness-holiday\/thumbs\/thumbs_dsc_1651-1web.jpg\" \/><\/a>\n                <\/li><li>\n                <a href=\"https:\/\/www.enjoyslovakiasoul.com\/sk\/wp-content\/gallery\/fitness-holiday\/img_2539.jpg\"><img width=\"35\" src=\"https:\/\/www.enjoyslovakiasoul.com\/sk\/wp-content\/gallery\/fitness-holiday\/thumbs\/thumbs_img_2539.jpg\" \/><\/a>\n                <\/li><li>\n                <a href=\"https:\/\/www.enjoyslovakiasoul.com\/sk\/wp-content\/gallery\/fitness-holiday\/img_2540.jpg\"><img width=\"35\" src=\"https:\/\/www.enjoyslovakiasoul.com\/sk\/wp-content\/gallery\/fitness-holiday\/thumbs\/thumbs_img_2540.jpg\" \/><\/a>\n                <\/li><\/ol><\/div><\/div><\/strong><\/span><\/h2>\n<p style=\"text-align: justify;\"><span style=\"color: #000000;\">Our fitness holiday in Slovakia is an active and adventurous fitness holiday full of fun in the beautiful surroundings of the Western Tatras mountain.\u00a0All inclusive!\u00a0<strong>Do you want to take an important step towards improving the health, fitness and overall well-being?<\/strong><\/span><\/p>\n<ul>\n<li><span style=\"color: #000000;\">Our vacation is designed for men and women of any age and any physical condition. Improving or maintaining a physical and mental fitness requires effort and time.<\/span><\/li>\n<li><span style=\"color: #000000;\">Our approach is unique. During your stay we and our professional trainer, who holds several prestigious qualifications, \u00a0 \u00a0exclusively look after you, your family, friends or business partners.<\/span><\/li>\n<li><span style=\"color: #000000;\">We limit the number of clients to a maximum of 6 per stay to ensure best results and individual attention.<\/span><\/li>\n<li><span style=\"color: #000000;\">We accommodate you in a healthy natural environment away from the bustle of the city.<\/span><\/li>\n<li><span style=\"color: #000000;\">We will create a comprehensive program to improve your physical fitness.<\/span><\/li>\n<li><span style=\"color: #000000;\">We will train you, guide and support you in achieving your goals.<\/span><\/li>\n<li><span style=\"color: #000000;\">You recharge your energy and restore balance.<\/span><\/li>\n<\/ul>\n<p style=\"text-align: justify;\"><span style=\"color: #000000;\"><span style=\"text-decoration: underline;\">Our Philosophy<\/span>:\u00a0We believe that direct contact with nature, outdoor activities and stay in a quiet and clean environment can restore health and vitality. We offer you a place and training system, in which it is possible to offset the negative consequences of modern life, improve physical fitness, sleep and overall sense of wellbeing.\u00a0A healthy environment in our chalet and a combination of fitness training and outdoor activities will give you strength and energy. Even small change can bring big results. The true natural state of people is to be strong, healthy, happy and vital.<\/span><\/p>\n<p style=\"text-align: right;\"><span style=\"color: #000000;\"><em>EST Frontier Slovakia &#8211; FITNESS TEAM is pleased to welcome you in Slovakia<\/em><\/span><\/p>\n<p><script type=\"text\/javascript\" language=\"JavaScript\" src=\"http:\/\/www.responsibletravel.com\/badge\/js.asp?mid=2843&#038;sid=100001&#038;bid=1&#038;i=619\"><\/script><\/p>\n<div id=\"_rtBadge619\"><a href=\"http:\/\/www.responsibletravel.com\/member\/2843\/enjoy-slovakia-tours\">responsibletravel recommends EST Frontier Slovakia<\/a><\/div>\n<p><\/p>","protected":false},"excerpt":{"rendered":"<p>Fitness holiday in Slovakia Our fitness holiday in Slovakia is an active and adventurous fitness holiday full of fun in the beautiful surroundings of the Western Tatras mountain.\u00a0All inclusive!\u00a0Do you want to take an important step towards improving the health, fitness and overall well-being? Our vacation is designed for men and women of any age [&hellip;]<\/p>\n","protected":false},"author":1,"featured_media":0,"parent":1853,"menu_order":0,"comment_status":"open","ping_status":"open","template":"","meta":{"ngg_post_thumbnail":0},"yoast_head":"<!-- This site is optimized with the Yoast SEO plugin v20.3 - https:\/\/yoast.com\/wordpress\/plugins\/seo\/ -->\n<title>Fitnes dovolenka na Slovensku - EST Frontier Slovakia<\/title>\n<meta name=\"robots\" content=\"index, follow, max-snippet:-1, max-image-preview:large, max-video-preview:-1\" \/>\n<link rel=\"canonical\" href=\"https:\/\/www.enjoyslovakiasoul.com\/enjoy-tours\/wellness\/fitness-holiday-in-slovakia\/\" \/>\n<meta property=\"og:locale\" content=\"sk_SK\" \/>\n<meta property=\"og:type\" content=\"article\" \/>\n<meta property=\"og:title\" content=\"Fitnes dovolenka na Slovensku - EST Frontier Slovakia\" \/>\n<meta property=\"og:description\" content=\"Fitness holiday in Slovakia Our fitness holiday in Slovakia is an active and adventurous fitness holiday full of fun in the beautiful surroundings of the Western Tatras mountain.\u00a0All inclusive!\u00a0Do you want to take an important step towards improving the health, fitness and overall well-being? Our vacation is designed for men and women of any age [&hellip;]\" \/>\n<meta property=\"og:url\" content=\"https:\/\/www.enjoyslovakiasoul.com\/enjoy-tours\/wellness\/fitness-holiday-in-slovakia\/\" \/>\n<meta property=\"og:site_name\" content=\"EST Frontier Slovakia\" \/>\n<meta property=\"article:modified_time\" content=\"2012-10-09T13:02:57+00:00\" \/>\n<meta name=\"twitter:card\" content=\"summary_large_image\" \/>\n<meta name=\"twitter:label1\" content=\"Predpokladan\u00fd \u010das \u010d\u00edtania\" \/>\n\t<meta name=\"twitter:data1\" content=\"3 min\u00faty\" \/>\n<script type=\"application\/ld+json\" class=\"yoast-schema-graph\">{\"@context\":\"https:\/\/schema.org\",\"@graph\":[{\"@type\":\"WebPage\",\"@id\":\"https:\/\/www.enjoyslovakiasoul.com\/enjoy-tours\/wellness\/fitness-holiday-in-slovakia\/\",\"url\":\"https:\/\/www.enjoyslovakiasoul.com\/enjoy-tours\/wellness\/fitness-holiday-in-slovakia\/\",\"name\":\"Fitnes dovolenka na Slovensku - EST Frontier Slovakia\",\"isPartOf\":{\"@id\":\"https:\/\/www.enjoyslovakiasoul.com\/#website\"},\"datePublished\":\"2011-11-23T12:55:41+00:00\",\"dateModified\":\"2012-10-09T13:02:57+00:00\",\"breadcrumb\":{\"@id\":\"https:\/\/www.enjoyslovakiasoul.com\/enjoy-tours\/wellness\/fitness-holiday-in-slovakia\/#breadcrumb\"},\"inLanguage\":\"sk-SK\",\"potentialAction\":[{\"@type\":\"ReadAction\",\"target\":[\"https:\/\/www.enjoyslovakiasoul.com\/enjoy-tours\/wellness\/fitness-holiday-in-slovakia\/\"]}]},{\"@type\":\"BreadcrumbList\",\"@id\":\"https:\/\/www.enjoyslovakiasoul.com\/enjoy-tours\/wellness\/fitness-holiday-in-slovakia\/#breadcrumb\",\"itemListElement\":[{\"@type\":\"ListItem\",\"position\":1,\"name\":\"Home\",\"item\":\"https:\/\/www.enjoyslovakiasoul.com\/\"},{\"@type\":\"ListItem\",\"position\":2,\"name\":\"O Slovensku\",\"item\":\"https:\/\/www.enjoyslovakiasoul.com\/sk\/enjoy-tours\/\"},{\"@type\":\"ListItem\",\"position\":3,\"name\":\"Wellness\",\"item\":\"https:\/\/www.enjoyslovakiasoul.com\/enjoy-tours\/wellness\/\"},{\"@type\":\"ListItem\",\"position\":4,\"name\":\"Fitness holiday in Slovakia\"}]},{\"@type\":\"WebSite\",\"@id\":\"https:\/\/www.enjoyslovakiasoul.com\/#website\",\"url\":\"https:\/\/www.enjoyslovakiasoul.com\/\",\"name\":\"EST Frontier Slovakia\",\"description\":\"Fun, Relax, Adventure\",\"potentialAction\":[{\"@type\":\"SearchAction\",\"target\":{\"@type\":\"EntryPoint\",\"urlTemplate\":\"https:\/\/www.enjoyslovakiasoul.com\/?s={search_term_string}\"},\"query-input\":\"required name=search_term_string\"}],\"inLanguage\":\"sk-SK\"}]}<\/script>\n<!-- \/ Yoast SEO plugin. -->","yoast_head_json":{"title":"Fitnes dovolenka na Slovensku - EST Frontier Slovakia","robots":{"index":"index","follow":"follow","max-snippet":"max-snippet:-1","max-image-preview":"max-image-preview:large","max-video-preview":"max-video-preview:-1"},"canonical":"https:\/\/www.enjoyslovakiasoul.com\/enjoy-tours\/wellness\/fitness-holiday-in-slovakia\/","og_locale":"sk_SK","og_type":"article","og_title":"Fitnes dovolenka na Slovensku - EST Frontier Slovakia","og_description":"Fitness holiday in Slovakia Our fitness holiday in Slovakia is an active and adventurous fitness holiday full of fun in the beautiful surroundings of the Western Tatras mountain.\u00a0All inclusive!\u00a0Do you want to take an important step towards improving the health, fitness and overall well-being? Our vacation is designed for men and women of any age [&hellip;]","og_url":"https:\/\/www.enjoyslovakiasoul.com\/enjoy-tours\/wellness\/fitness-holiday-in-slovakia\/","og_site_name":"EST Frontier Slovakia","article_modified_time":"2012-10-09T13:02:57+00:00","twitter_card":"summary_large_image","twitter_misc":{"Predpokladan\u00fd \u010das \u010d\u00edtania":"3 min\u00faty"},"schema":{"@context":"https:\/\/schema.org","@graph":[{"@type":"WebPage","@id":"https:\/\/www.enjoyslovakiasoul.com\/enjoy-tours\/wellness\/fitness-holiday-in-slovakia\/","url":"https:\/\/www.enjoyslovakiasoul.com\/enjoy-tours\/wellness\/fitness-holiday-in-slovakia\/","name":"Fitnes dovolenka na Slovensku - EST Frontier Slovakia","isPartOf":{"@id":"https:\/\/www.enjoyslovakiasoul.com\/#website"},"datePublished":"2011-11-23T12:55:41+00:00","dateModified":"2012-10-09T13:02:57+00:00","breadcrumb":{"@id":"https:\/\/www.enjoyslovakiasoul.com\/enjoy-tours\/wellness\/fitness-holiday-in-slovakia\/#breadcrumb"},"inLanguage":"sk-SK","potentialAction":[{"@type":"ReadAction","target":["https:\/\/www.enjoyslovakiasoul.com\/enjoy-tours\/wellness\/fitness-holiday-in-slovakia\/"]}]},{"@type":"BreadcrumbList","@id":"https:\/\/www.enjoyslovakiasoul.com\/enjoy-tours\/wellness\/fitness-holiday-in-slovakia\/#breadcrumb","itemListElement":[{"@type":"ListItem","position":1,"name":"Home","item":"https:\/\/www.enjoyslovakiasoul.com\/"},{"@type":"ListItem","position":2,"name":"O Slovensku","item":"https:\/\/www.enjoyslovakiasoul.com\/sk\/enjoy-tours\/"},{"@type":"ListItem","position":3,"name":"Wellness","item":"https:\/\/www.enjoyslovakiasoul.com\/enjoy-tours\/wellness\/"},{"@type":"ListItem","position":4,"name":"Fitness holiday in Slovakia"}]},{"@type":"WebSite","@id":"https:\/\/www.enjoyslovakiasoul.com\/#website","url":"https:\/\/www.enjoyslovakiasoul.com\/","name":"EST Frontier Slovakia","description":"Fun, Relax, Adventure","potentialAction":[{"@type":"SearchAction","target":{"@type":"EntryPoint","urlTemplate":"https:\/\/www.enjoyslovakiasoul.com\/?s={search_term_string}"},"query-input":"required name=search_term_string"}],"inLanguage":"sk-SK"}]}},"_links":{"self":[{"href":"https:\/\/www.enjoyslovakiasoul.com\/sk\/wp-json\/wp\/v2\/pages\/1904"}],"collection":[{"href":"https:\/\/www.enjoyslovakiasoul.com\/sk\/wp-json\/wp\/v2\/pages"}],"about":[{"href":"https:\/\/www.enjoyslovakiasoul.com\/sk\/wp-json\/wp\/v2\/types\/page"}],"author":[{"embeddable":true,"href":"https:\/\/www.enjoyslovakiasoul.com\/sk\/wp-json\/wp\/v2\/users\/1"}],"replies":[{"embeddable":true,"href":"https:\/\/www.enjoyslovakiasoul.com\/sk\/wp-json\/wp\/v2\/comments?post=1904"}],"version-history":[{"count":40,"href":"https:\/\/www.enjoyslovakiasoul.com\/sk\/wp-json\/wp\/v2\/pages\/1904\/revisions"}],"predecessor-version":[{"id":3234,"href":"https:\/\/www.enjoyslovakiasoul.com\/sk\/wp-json\/wp\/v2\/pages\/1904\/revisions\/3234"}],"up":[{"embeddable":true,"href":"https:\/\/www.enjoyslovakiasoul.com\/sk\/wp-json\/wp\/v2\/pages\/1853"}],"wp:attachment":[{"href":"https:\/\/www.enjoyslovakiasoul.com\/sk\/wp-json\/wp\/v2\/media?parent=1904"}],"curies":[{"name":"wp","href":"https:\/\/api.w.org\/{rel}","templated":true}]}}