
{"id":1931,"date":"2011-11-23T13:17:05","date_gmt":"2011-11-23T13:17:05","guid":{"rendered":"http:\/\/www.enjoyslovakiasoul.com\/?page_id=1931"},"modified":"2011-12-08T02:37:50","modified_gmt":"2011-12-08T02:37:50","slug":"hight-tatras","status":"publish","type":"page","link":"https:\/\/www.enjoyslovakiasoul.com\/sk\/enjoy-tours\/skiing\/hight-tatras\/","title":{"rendered":"Vysok\u00e9 Tatry &#8211; \u0160trbsk\u00e9 pleso"},"content":{"rendered":"<p><\/p>\n<h2><span style=\"color: #99cc00;\"><strong>High Tatras &#8211;\u00a0<\/strong><strong>\u0160trbske pleso\u00a0<\/strong><strong><div class=\"mygallery\"><div class=\"tn3 album\"><div class=\"tn3 thumb\">https:\/\/www.enjoyslovakiasoul.com\/sk\/wp-content\/gallery\/high-tatras\/1.jpg<\/div><ol><li>\n                <a href=\"https:\/\/www.enjoyslovakiasoul.com\/sk\/wp-content\/gallery\/high-tatras\/1.jpg\"><img width=\"35\" src=\"https:\/\/www.enjoyslovakiasoul.com\/sk\/wp-content\/gallery\/high-tatras\/thumbs\/thumbs_1.jpg\" \/><\/a>\n                <\/li><li>\n                <a href=\"https:\/\/www.enjoyslovakiasoul.com\/sk\/wp-content\/gallery\/high-tatras\/high_tatras.jpg\"><img width=\"35\" src=\"https:\/\/www.enjoyslovakiasoul.com\/sk\/wp-content\/gallery\/high-tatras\/thumbs\/thumbs_high_tatras.jpg\" \/><\/a>\n                <\/li><li>\n                <a href=\"https:\/\/www.enjoyslovakiasoul.com\/sk\/wp-content\/gallery\/high-tatras\/parksnow.jpg\"><img width=\"35\" src=\"https:\/\/www.enjoyslovakiasoul.com\/sk\/wp-content\/gallery\/high-tatras\/thumbs\/thumbs_parksnow.jpg\" \/><\/a>\n                <\/li><li>\n                <a href=\"https:\/\/www.enjoyslovakiasoul.com\/sk\/wp-content\/gallery\/high-tatras\/heritage.jpg\"><img width=\"35\" src=\"https:\/\/www.enjoyslovakiasoul.com\/sk\/wp-content\/gallery\/high-tatras\/thumbs\/thumbs_heritage.jpg\" \/><\/a>\n                <\/li><li>\n                <a href=\"https:\/\/www.enjoyslovakiasoul.com\/sk\/wp-content\/gallery\/high-tatras\/free_time.jpg\"><img width=\"35\" src=\"https:\/\/www.enjoyslovakiasoul.com\/sk\/wp-content\/gallery\/high-tatras\/thumbs\/thumbs_free_time.jpg\" \/><\/a>\n                <\/li><li>\n                <a href=\"https:\/\/www.enjoyslovakiasoul.com\/sk\/wp-content\/gallery\/high-tatras\/32.jpg\"><img width=\"35\" src=\"https:\/\/www.enjoyslovakiasoul.com\/sk\/wp-content\/gallery\/high-tatras\/thumbs\/thumbs_32.jpg\" \/><\/a>\n                <\/li><li>\n                <a href=\"https:\/\/www.enjoyslovakiasoul.com\/sk\/wp-content\/gallery\/high-tatras\/1_enjoy.jpg\"><img width=\"35\" src=\"https:\/\/www.enjoyslovakiasoul.com\/sk\/wp-content\/gallery\/high-tatras\/thumbs\/thumbs_1_enjoy.jpg\" \/><\/a>\n                <\/li><li>\n                <a href=\"https:\/\/www.enjoyslovakiasoul.com\/sk\/wp-content\/gallery\/high-tatras\/2.jpg\"><img width=\"35\" src=\"https:\/\/www.enjoyslovakiasoul.com\/sk\/wp-content\/gallery\/high-tatras\/thumbs\/thumbs_2.jpg\" \/><\/a>\n                <\/li><li>\n                <a href=\"https:\/\/www.enjoyslovakiasoul.com\/sk\/wp-content\/gallery\/high-tatras\/bar_lounge.jpg\"><img width=\"35\" src=\"https:\/\/www.enjoyslovakiasoul.com\/sk\/wp-content\/gallery\/high-tatras\/thumbs\/thumbs_bar_lounge.jpg\" \/><\/a>\n                <\/li><li>\n                <a href=\"https:\/\/www.enjoyslovakiasoul.com\/sk\/wp-content\/gallery\/high-tatras\/5.jpg\"><img width=\"35\" src=\"https:\/\/www.enjoyslovakiasoul.com\/sk\/wp-content\/gallery\/high-tatras\/thumbs\/thumbs_5.jpg\" \/><\/a>\n                <\/li><li>\n                <a href=\"https:\/\/www.enjoyslovakiasoul.com\/sk\/wp-content\/gallery\/high-tatras\/6.png\"><img width=\"35\" src=\"https:\/\/www.enjoyslovakiasoul.com\/sk\/wp-content\/gallery\/high-tatras\/thumbs\/thumbs_6.png\" \/><\/a>\n                <\/li><li>\n                <a href=\"https:\/\/www.enjoyslovakiasoul.com\/sk\/wp-content\/gallery\/high-tatras\/11.jpg\"><img width=\"35\" src=\"https:\/\/www.enjoyslovakiasoul.com\/sk\/wp-content\/gallery\/high-tatras\/thumbs\/thumbs_11.jpg\" \/><\/a>\n                <\/li><li>\n                <a href=\"https:\/\/www.enjoyslovakiasoul.com\/sk\/wp-content\/gallery\/high-tatras\/ski-wellness.jpg\"><img width=\"35\" src=\"https:\/\/www.enjoyslovakiasoul.com\/sk\/wp-content\/gallery\/high-tatras\/thumbs\/thumbs_ski-wellness.jpg\" \/><\/a>\n                <\/li><li>\n                <a href=\"https:\/\/www.enjoyslovakiasoul.com\/sk\/wp-content\/gallery\/high-tatras\/skiing.jpg\"><img width=\"35\" src=\"https:\/\/www.enjoyslovakiasoul.com\/sk\/wp-content\/gallery\/high-tatras\/thumbs\/thumbs_skiing.jpg\" \/><\/a>\n                <\/li><li>\n                <a href=\"https:\/\/www.enjoyslovakiasoul.com\/sk\/wp-content\/gallery\/high-tatras\/4.jpg\"><img width=\"35\" src=\"https:\/\/www.enjoyslovakiasoul.com\/sk\/wp-content\/gallery\/high-tatras\/thumbs\/thumbs_4.jpg\" \/><\/a>\n                <\/li><\/ol><\/div><\/div><\/strong><\/span><\/h2>\n<p style=\"text-align: justify;\">The most compact mountains of alpine type in Europe are located on Slovakia\u2019s northern border with Poland, both countries are members of\u00a0European Union.\u00a0The mountains also give the name to the town of Vysoke Tatry, which formed of several smaller settlements. Stary Smokovec, Strbske Pleso and Tatranska Lomnica are best known of these.\u00a0The transport gateway to the mountains is city of Poprad, with Poprad-Tatry airport and railway station, while the Electric Railway and public bus line connects the Tatra settlements.\u00a0The nature environment of the\u00a0Vysoke Tatry &#8211; the High Tatras\u00a0is serviced by a variety of\u00a0accommodation\u00a0and curative facilities, restaurants and services for tourists.<\/p>\n<p style=\"text-align: justify;\">\n<p style=\"text-align: justify;\">\n<p style=\"text-align: justify;\">\n<p><\/p>","protected":false},"excerpt":{"rendered":"<p>High Tatras &#8211;\u00a0\u0160trbske pleso\u00a0 The most compact mountains of alpine type in Europe are located on Slovakia\u2019s northern border with Poland, both countries are members of\u00a0European Union.\u00a0The mountains also give the name to the town of Vysoke Tatry, which formed of several smaller settlements. Stary Smokovec, Strbske Pleso and Tatranska Lomnica are best known of [&hellip;]<\/p>\n","protected":false},"author":1,"featured_media":0,"parent":1864,"menu_order":0,"comment_status":"open","ping_status":"open","template":"","meta":{"ngg_post_thumbnail":0},"yoast_head":"<!-- This site is optimized with the Yoast SEO plugin v20.3 - https:\/\/yoast.com\/wordpress\/plugins\/seo\/ -->\n<title>Vysok\u00e9 Tatry - \u0160trbsk\u00e9 pleso - EST Frontier Slovakia<\/title>\n<meta name=\"robots\" content=\"index, follow, max-snippet:-1, max-image-preview:large, max-video-preview:-1\" \/>\n<link rel=\"canonical\" href=\"https:\/\/www.enjoyslovakiasoul.com\/enjoy-tours\/skiing\/hight-tatras\/\" \/>\n<meta property=\"og:locale\" content=\"sk_SK\" \/>\n<meta property=\"og:type\" content=\"article\" \/>\n<meta property=\"og:title\" content=\"Vysok\u00e9 Tatry - \u0160trbsk\u00e9 pleso - EST Frontier Slovakia\" \/>\n<meta property=\"og:description\" content=\"High Tatras &#8211;\u00a0\u0160trbske pleso\u00a0 The most compact mountains of alpine type in Europe are located on Slovakia\u2019s northern border with Poland, both countries are members of\u00a0European Union.\u00a0The mountains also give the name to the town of Vysoke Tatry, which formed of several smaller settlements. Stary Smokovec, Strbske Pleso and Tatranska Lomnica are best known of [&hellip;]\" \/>\n<meta property=\"og:url\" content=\"https:\/\/www.enjoyslovakiasoul.com\/enjoy-tours\/skiing\/hight-tatras\/\" \/>\n<meta property=\"og:site_name\" content=\"EST Frontier Slovakia\" \/>\n<meta property=\"article:modified_time\" content=\"2011-12-08T02:37:50+00:00\" \/>\n<meta name=\"twitter:card\" content=\"summary_large_image\" \/>\n<meta name=\"twitter:label1\" content=\"Predpokladan\u00fd \u010das \u010d\u00edtania\" \/>\n\t<meta name=\"twitter:data1\" content=\"1 min\u00fata\" \/>\n<script type=\"application\/ld+json\" class=\"yoast-schema-graph\">{\"@context\":\"https:\/\/schema.org\",\"@graph\":[{\"@type\":\"WebPage\",\"@id\":\"https:\/\/www.enjoyslovakiasoul.com\/enjoy-tours\/skiing\/hight-tatras\/\",\"url\":\"https:\/\/www.enjoyslovakiasoul.com\/enjoy-tours\/skiing\/hight-tatras\/\",\"name\":\"Vysok\u00e9 Tatry - \u0160trbsk\u00e9 pleso - EST Frontier Slovakia\",\"isPartOf\":{\"@id\":\"https:\/\/www.enjoyslovakiasoul.com\/#website\"},\"datePublished\":\"2011-11-23T13:17:05+00:00\",\"dateModified\":\"2011-12-08T02:37:50+00:00\",\"breadcrumb\":{\"@id\":\"https:\/\/www.enjoyslovakiasoul.com\/enjoy-tours\/skiing\/hight-tatras\/#breadcrumb\"},\"inLanguage\":\"sk-SK\",\"potentialAction\":[{\"@type\":\"ReadAction\",\"target\":[\"https:\/\/www.enjoyslovakiasoul.com\/enjoy-tours\/skiing\/hight-tatras\/\"]}]},{\"@type\":\"BreadcrumbList\",\"@id\":\"https:\/\/www.enjoyslovakiasoul.com\/enjoy-tours\/skiing\/hight-tatras\/#breadcrumb\",\"itemListElement\":[{\"@type\":\"ListItem\",\"position\":1,\"name\":\"Home\",\"item\":\"https:\/\/www.enjoyslovakiasoul.com\/\"},{\"@type\":\"ListItem\",\"position\":2,\"name\":\"O Slovensku\",\"item\":\"https:\/\/www.enjoyslovakiasoul.com\/sk\/enjoy-tours\/\"},{\"@type\":\"ListItem\",\"position\":3,\"name\":\"Skiing\",\"item\":\"https:\/\/www.enjoyslovakiasoul.com\/enjoy-tours\/skiing\/\"},{\"@type\":\"ListItem\",\"position\":4,\"name\":\"Hight Tatras &#8211; \u0160trbsk\u00e9 pleso\"}]},{\"@type\":\"WebSite\",\"@id\":\"https:\/\/www.enjoyslovakiasoul.com\/#website\",\"url\":\"https:\/\/www.enjoyslovakiasoul.com\/\",\"name\":\"EST Frontier Slovakia\",\"description\":\"Fun, Relax, Adventure\",\"potentialAction\":[{\"@type\":\"SearchAction\",\"target\":{\"@type\":\"EntryPoint\",\"urlTemplate\":\"https:\/\/www.enjoyslovakiasoul.com\/?s={search_term_string}\"},\"query-input\":\"required name=search_term_string\"}],\"inLanguage\":\"sk-SK\"}]}<\/script>\n<!-- \/ Yoast SEO plugin. -->","yoast_head_json":{"title":"Vysok\u00e9 Tatry - \u0160trbsk\u00e9 pleso - EST Frontier Slovakia","robots":{"index":"index","follow":"follow","max-snippet":"max-snippet:-1","max-image-preview":"max-image-preview:large","max-video-preview":"max-video-preview:-1"},"canonical":"https:\/\/www.enjoyslovakiasoul.com\/enjoy-tours\/skiing\/hight-tatras\/","og_locale":"sk_SK","og_type":"article","og_title":"Vysok\u00e9 Tatry - \u0160trbsk\u00e9 pleso - EST Frontier Slovakia","og_description":"High Tatras &#8211;\u00a0\u0160trbske pleso\u00a0 The most compact mountains of alpine type in Europe are located on Slovakia\u2019s northern border with Poland, both countries are members of\u00a0European Union.\u00a0The mountains also give the name to the town of Vysoke Tatry, which formed of several smaller settlements. Stary Smokovec, Strbske Pleso and Tatranska Lomnica are best known of [&hellip;]","og_url":"https:\/\/www.enjoyslovakiasoul.com\/enjoy-tours\/skiing\/hight-tatras\/","og_site_name":"EST Frontier Slovakia","article_modified_time":"2011-12-08T02:37:50+00:00","twitter_card":"summary_large_image","twitter_misc":{"Predpokladan\u00fd \u010das \u010d\u00edtania":"1 min\u00fata"},"schema":{"@context":"https:\/\/schema.org","@graph":[{"@type":"WebPage","@id":"https:\/\/www.enjoyslovakiasoul.com\/enjoy-tours\/skiing\/hight-tatras\/","url":"https:\/\/www.enjoyslovakiasoul.com\/enjoy-tours\/skiing\/hight-tatras\/","name":"Vysok\u00e9 Tatry - \u0160trbsk\u00e9 pleso - EST Frontier Slovakia","isPartOf":{"@id":"https:\/\/www.enjoyslovakiasoul.com\/#website"},"datePublished":"2011-11-23T13:17:05+00:00","dateModified":"2011-12-08T02:37:50+00:00","breadcrumb":{"@id":"https:\/\/www.enjoyslovakiasoul.com\/enjoy-tours\/skiing\/hight-tatras\/#breadcrumb"},"inLanguage":"sk-SK","potentialAction":[{"@type":"ReadAction","target":["https:\/\/www.enjoyslovakiasoul.com\/enjoy-tours\/skiing\/hight-tatras\/"]}]},{"@type":"BreadcrumbList","@id":"https:\/\/www.enjoyslovakiasoul.com\/enjoy-tours\/skiing\/hight-tatras\/#breadcrumb","itemListElement":[{"@type":"ListItem","position":1,"name":"Home","item":"https:\/\/www.enjoyslovakiasoul.com\/"},{"@type":"ListItem","position":2,"name":"O Slovensku","item":"https:\/\/www.enjoyslovakiasoul.com\/sk\/enjoy-tours\/"},{"@type":"ListItem","position":3,"name":"Skiing","item":"https:\/\/www.enjoyslovakiasoul.com\/enjoy-tours\/skiing\/"},{"@type":"ListItem","position":4,"name":"Hight Tatras &#8211; \u0160trbsk\u00e9 pleso"}]},{"@type":"WebSite","@id":"https:\/\/www.enjoyslovakiasoul.com\/#website","url":"https:\/\/www.enjoyslovakiasoul.com\/","name":"EST Frontier Slovakia","description":"Fun, Relax, Adventure","potentialAction":[{"@type":"SearchAction","target":{"@type":"EntryPoint","urlTemplate":"https:\/\/www.enjoyslovakiasoul.com\/?s={search_term_string}"},"query-input":"required name=search_term_string"}],"inLanguage":"sk-SK"}]}},"_links":{"self":[{"href":"https:\/\/www.enjoyslovakiasoul.com\/sk\/wp-json\/wp\/v2\/pages\/1931"}],"collection":[{"href":"https:\/\/www.enjoyslovakiasoul.com\/sk\/wp-json\/wp\/v2\/pages"}],"about":[{"href":"https:\/\/www.enjoyslovakiasoul.com\/sk\/wp-json\/wp\/v2\/types\/page"}],"author":[{"embeddable":true,"href":"https:\/\/www.enjoyslovakiasoul.com\/sk\/wp-json\/wp\/v2\/users\/1"}],"replies":[{"embeddable":true,"href":"https:\/\/www.enjoyslovakiasoul.com\/sk\/wp-json\/wp\/v2\/comments?post=1931"}],"version-history":[{"count":13,"href":"https:\/\/www.enjoyslovakiasoul.com\/sk\/wp-json\/wp\/v2\/pages\/1931\/revisions"}],"predecessor-version":[{"id":2259,"href":"https:\/\/www.enjoyslovakiasoul.com\/sk\/wp-json\/wp\/v2\/pages\/1931\/revisions\/2259"}],"up":[{"embeddable":true,"href":"https:\/\/www.enjoyslovakiasoul.com\/sk\/wp-json\/wp\/v2\/pages\/1864"}],"wp:attachment":[{"href":"https:\/\/www.enjoyslovakiasoul.com\/sk\/wp-json\/wp\/v2\/media?parent=1931"}],"curies":[{"name":"wp","href":"https:\/\/api.w.org\/{rel}","templated":true}]}}