
{"id":1935,"date":"2011-11-23T13:20:28","date_gmt":"2011-11-23T13:20:28","guid":{"rendered":"http:\/\/www.enjoyslovakiasoul.com\/?page_id=1935"},"modified":"2011-12-08T02:36:25","modified_gmt":"2011-12-08T02:36:25","slug":"donovaly","status":"publish","type":"page","link":"https:\/\/www.enjoyslovakiasoul.com\/sk\/enjoy-tours\/skiing\/donovaly\/","title":{"rendered":"Donovaly"},"content":{"rendered":"<p><\/p>\n<h2 style=\"text-align: justify;\"><\/h2>\n<h2><span style=\"color: #99cc00;\"><strong>Donovaly\u00a0<div class=\"mygallery\"><div class=\"tn3 album\"><div class=\"tn3 thumb\">https:\/\/www.enjoyslovakiasoul.com\/sk\/wp-content\/gallery\/ski-packages\/03.jpg<\/div><ol><li>\n                <a href=\"https:\/\/www.enjoyslovakiasoul.com\/sk\/wp-content\/gallery\/ski-packages\/03.jpg\"><img width=\"35\" src=\"https:\/\/www.enjoyslovakiasoul.com\/sk\/wp-content\/gallery\/ski-packages\/thumbs\/thumbs_03.jpg\" \/><\/a>\n                <\/li><li>\n                <a href=\"https:\/\/www.enjoyslovakiasoul.com\/sk\/wp-content\/gallery\/ski-packages\/190_filzmoos_salzburg_austria.jpg\"><img width=\"35\" src=\"https:\/\/www.enjoyslovakiasoul.com\/sk\/wp-content\/gallery\/ski-packages\/thumbs\/thumbs_190_filzmoos_salzburg_austria.jpg\" \/><\/a>\n                <\/li><li>\n                <a href=\"https:\/\/www.enjoyslovakiasoul.com\/sk\/wp-content\/gallery\/ski-packages\/76.jpg\"><img width=\"35\" src=\"https:\/\/www.enjoyslovakiasoul.com\/sk\/wp-content\/gallery\/ski-packages\/thumbs\/thumbs_76.jpg\" \/><\/a>\n                <\/li><li>\n                <a href=\"https:\/\/www.enjoyslovakiasoul.com\/sk\/wp-content\/gallery\/ski-packages\/1.jpg\"><img width=\"35\" src=\"https:\/\/www.enjoyslovakiasoul.com\/sk\/wp-content\/gallery\/ski-packages\/thumbs\/thumbs_1.jpg\" \/><\/a>\n                <\/li><li>\n                <a href=\"https:\/\/www.enjoyslovakiasoul.com\/sk\/wp-content\/gallery\/ski-packages\/77.jpg\"><img width=\"35\" src=\"https:\/\/www.enjoyslovakiasoul.com\/sk\/wp-content\/gallery\/ski-packages\/thumbs\/thumbs_77.jpg\" \/><\/a>\n                <\/li><li>\n                <a href=\"https:\/\/www.enjoyslovakiasoul.com\/sk\/wp-content\/gallery\/ski-packages\/27.jpg\"><img width=\"35\" src=\"https:\/\/www.enjoyslovakiasoul.com\/sk\/wp-content\/gallery\/ski-packages\/thumbs\/thumbs_27.jpg\" \/><\/a>\n                <\/li><li>\n                <a href=\"https:\/\/www.enjoyslovakiasoul.com\/sk\/wp-content\/gallery\/ski-packages\/24.jpg\"><img width=\"35\" src=\"https:\/\/www.enjoyslovakiasoul.com\/sk\/wp-content\/gallery\/ski-packages\/thumbs\/thumbs_24.jpg\" \/><\/a>\n                <\/li><li>\n                <a href=\"https:\/\/www.enjoyslovakiasoul.com\/sk\/wp-content\/gallery\/ski-packages\/13.jpg\"><img width=\"35\" src=\"https:\/\/www.enjoyslovakiasoul.com\/sk\/wp-content\/gallery\/ski-packages\/thumbs\/thumbs_13.jpg\" \/><\/a>\n                <\/li><li>\n                <a href=\"https:\/\/www.enjoyslovakiasoul.com\/sk\/wp-content\/gallery\/ski-packages\/368.jpg\"><img width=\"35\" src=\"https:\/\/www.enjoyslovakiasoul.com\/sk\/wp-content\/gallery\/ski-packages\/thumbs\/thumbs_368.jpg\" \/><\/a>\n                <\/li><li>\n                <a href=\"https:\/\/www.enjoyslovakiasoul.com\/sk\/wp-content\/gallery\/ski-packages\/43.jpg\"><img width=\"35\" src=\"https:\/\/www.enjoyslovakiasoul.com\/sk\/wp-content\/gallery\/ski-packages\/thumbs\/thumbs_43.jpg\" \/><\/a>\n                <\/li><li>\n                <a href=\"https:\/\/www.enjoyslovakiasoul.com\/sk\/wp-content\/gallery\/ski-packages\/66.jpg\"><img width=\"35\" src=\"https:\/\/www.enjoyslovakiasoul.com\/sk\/wp-content\/gallery\/ski-packages\/thumbs\/thumbs_66.jpg\" \/><\/a>\n                <\/li><li>\n                <a href=\"https:\/\/www.enjoyslovakiasoul.com\/sk\/wp-content\/gallery\/ski-packages\/53.jpg\"><img width=\"35\" src=\"https:\/\/www.enjoyslovakiasoul.com\/sk\/wp-content\/gallery\/ski-packages\/thumbs\/thumbs_53.jpg\" \/><\/a>\n                <\/li><li>\n                <a href=\"https:\/\/www.enjoyslovakiasoul.com\/sk\/wp-content\/gallery\/ski-packages\/23q.jpg\"><img width=\"35\" src=\"https:\/\/www.enjoyslovakiasoul.com\/sk\/wp-content\/gallery\/ski-packages\/thumbs\/thumbs_23q.jpg\" \/><\/a>\n                <\/li><li>\n                <a href=\"https:\/\/www.enjoyslovakiasoul.com\/sk\/wp-content\/gallery\/ski-packages\/2.jpg\"><img width=\"35\" src=\"https:\/\/www.enjoyslovakiasoul.com\/sk\/wp-content\/gallery\/ski-packages\/thumbs\/thumbs_2.jpg\" \/><\/a>\n                <\/li><li>\n                <a href=\"https:\/\/www.enjoyslovakiasoul.com\/sk\/wp-content\/gallery\/ski-packages\/ee.jpg\"><img width=\"35\" src=\"https:\/\/www.enjoyslovakiasoul.com\/sk\/wp-content\/gallery\/ski-packages\/thumbs\/thumbs_ee.jpg\" \/><\/a>\n                <\/li><li>\n                <a href=\"https:\/\/www.enjoyslovakiasoul.com\/sk\/wp-content\/gallery\/ski-packages\/qqq.jpg\"><img width=\"35\" src=\"https:\/\/www.enjoyslovakiasoul.com\/sk\/wp-content\/gallery\/ski-packages\/thumbs\/thumbs_qqq.jpg\" \/><\/a>\n                <\/li><li>\n                <a href=\"https:\/\/www.enjoyslovakiasoul.com\/sk\/wp-content\/gallery\/ski-packages\/8.jpg\"><img width=\"35\" src=\"https:\/\/www.enjoyslovakiasoul.com\/sk\/wp-content\/gallery\/ski-packages\/thumbs\/thumbs_8.jpg\" \/><\/a>\n                <\/li><li>\n                <a href=\"https:\/\/www.enjoyslovakiasoul.com\/sk\/wp-content\/gallery\/ski-packages\/chalupa.jpg\"><img width=\"35\" src=\"https:\/\/www.enjoyslovakiasoul.com\/sk\/wp-content\/gallery\/ski-packages\/thumbs\/thumbs_chalupa.jpg\" \/><\/a>\n                <\/li><\/ol><\/div><\/div><\/strong><\/span><\/h2>\n<h2 style=\"text-align: justify;\"><\/h2>\n<p><strong><\/strong>Park Snow Donovaly belongs to the top ski resorts in Slovakia. This nicely built village, in the western part of Low Tatras, is located between Bansk\u00e1 Bystrica and Ru\u017eomberok. Good quality ski slopes of all categories and\u00a0artificial snow\u00a0is a certainty. Besides skiing you can enjoy yourselves and have fun in variety of attractions, which this resort provides for its visitors. Toboggans, ice skating ring, snow paragliding and\u00a0ski school\u00a0are only few of many possibilities how to really enjoy winter. The youth also likes going to discotheques on snow and night skiing. There are several restaurants and snow bars, ski rental shops and ski service on the premises of this ski resort. A great temptation for many visitors are also competitions of dog-teams, which are taking place every year right here, in Donovaly. Enjoy the unforgettable fun in snow and end your day in one of the surrounding hotels that also offer wellness services. Your stay in PARK SNOW Donovaly will surely be the stay of your dreams,that is\u00a0really worth it.<\/p>\n<h2 style=\"text-align: justify;\"><span style=\"color: #99cc00;\"><br \/>\n<\/span><\/h2>\n<p><\/p>","protected":false},"excerpt":{"rendered":"<p>Donovaly\u00a0 Park Snow Donovaly belongs to the top ski resorts in Slovakia. This nicely built village, in the western part of Low Tatras, is located between Bansk\u00e1 Bystrica and Ru\u017eomberok. Good quality ski slopes of all categories and\u00a0artificial snow\u00a0is a certainty. Besides skiing you can enjoy yourselves and have fun in variety of attractions, which [&hellip;]<\/p>\n","protected":false},"author":1,"featured_media":0,"parent":1864,"menu_order":0,"comment_status":"open","ping_status":"open","template":"","meta":{"ngg_post_thumbnail":0},"yoast_head":"<!-- This site is optimized with the Yoast SEO plugin v20.3 - https:\/\/yoast.com\/wordpress\/plugins\/seo\/ -->\n<title>Donovaly - EST Frontier Slovakia<\/title>\n<meta name=\"robots\" content=\"index, follow, max-snippet:-1, max-image-preview:large, max-video-preview:-1\" \/>\n<link rel=\"canonical\" href=\"https:\/\/www.enjoyslovakiasoul.com\/enjoy-tours\/skiing\/donovaly\/\" \/>\n<meta property=\"og:locale\" content=\"sk_SK\" \/>\n<meta property=\"og:type\" content=\"article\" \/>\n<meta property=\"og:title\" content=\"Donovaly - EST Frontier Slovakia\" \/>\n<meta property=\"og:description\" content=\"Donovaly\u00a0 Park Snow Donovaly belongs to the top ski resorts in Slovakia. This nicely built village, in the western part of Low Tatras, is located between Bansk\u00e1 Bystrica and Ru\u017eomberok. Good quality ski slopes of all categories and\u00a0artificial snow\u00a0is a certainty. Besides skiing you can enjoy yourselves and have fun in variety of attractions, which [&hellip;]\" \/>\n<meta property=\"og:url\" content=\"https:\/\/www.enjoyslovakiasoul.com\/enjoy-tours\/skiing\/donovaly\/\" \/>\n<meta property=\"og:site_name\" content=\"EST Frontier Slovakia\" \/>\n<meta property=\"article:modified_time\" content=\"2011-12-08T02:36:25+00:00\" \/>\n<meta name=\"twitter:card\" content=\"summary_large_image\" \/>\n<meta name=\"twitter:label1\" content=\"Predpokladan\u00fd \u010das \u010d\u00edtania\" \/>\n\t<meta name=\"twitter:data1\" content=\"2 min\u00faty\" \/>\n<script type=\"application\/ld+json\" class=\"yoast-schema-graph\">{\"@context\":\"https:\/\/schema.org\",\"@graph\":[{\"@type\":\"WebPage\",\"@id\":\"https:\/\/www.enjoyslovakiasoul.com\/enjoy-tours\/skiing\/donovaly\/\",\"url\":\"https:\/\/www.enjoyslovakiasoul.com\/enjoy-tours\/skiing\/donovaly\/\",\"name\":\"Donovaly - EST Frontier Slovakia\",\"isPartOf\":{\"@id\":\"https:\/\/www.enjoyslovakiasoul.com\/#website\"},\"datePublished\":\"2011-11-23T13:20:28+00:00\",\"dateModified\":\"2011-12-08T02:36:25+00:00\",\"breadcrumb\":{\"@id\":\"https:\/\/www.enjoyslovakiasoul.com\/enjoy-tours\/skiing\/donovaly\/#breadcrumb\"},\"inLanguage\":\"sk-SK\",\"potentialAction\":[{\"@type\":\"ReadAction\",\"target\":[\"https:\/\/www.enjoyslovakiasoul.com\/enjoy-tours\/skiing\/donovaly\/\"]}]},{\"@type\":\"BreadcrumbList\",\"@id\":\"https:\/\/www.enjoyslovakiasoul.com\/enjoy-tours\/skiing\/donovaly\/#breadcrumb\",\"itemListElement\":[{\"@type\":\"ListItem\",\"position\":1,\"name\":\"Home\",\"item\":\"https:\/\/www.enjoyslovakiasoul.com\/\"},{\"@type\":\"ListItem\",\"position\":2,\"name\":\"O Slovensku\",\"item\":\"https:\/\/www.enjoyslovakiasoul.com\/sk\/enjoy-tours\/\"},{\"@type\":\"ListItem\",\"position\":3,\"name\":\"Skiing\",\"item\":\"https:\/\/www.enjoyslovakiasoul.com\/enjoy-tours\/skiing\/\"},{\"@type\":\"ListItem\",\"position\":4,\"name\":\"Donovaly\"}]},{\"@type\":\"WebSite\",\"@id\":\"https:\/\/www.enjoyslovakiasoul.com\/#website\",\"url\":\"https:\/\/www.enjoyslovakiasoul.com\/\",\"name\":\"EST Frontier Slovakia\",\"description\":\"Fun, Relax, Adventure\",\"potentialAction\":[{\"@type\":\"SearchAction\",\"target\":{\"@type\":\"EntryPoint\",\"urlTemplate\":\"https:\/\/www.enjoyslovakiasoul.com\/?s={search_term_string}\"},\"query-input\":\"required name=search_term_string\"}],\"inLanguage\":\"sk-SK\"}]}<\/script>\n<!-- \/ Yoast SEO plugin. -->","yoast_head_json":{"title":"Donovaly - EST Frontier Slovakia","robots":{"index":"index","follow":"follow","max-snippet":"max-snippet:-1","max-image-preview":"max-image-preview:large","max-video-preview":"max-video-preview:-1"},"canonical":"https:\/\/www.enjoyslovakiasoul.com\/enjoy-tours\/skiing\/donovaly\/","og_locale":"sk_SK","og_type":"article","og_title":"Donovaly - EST Frontier Slovakia","og_description":"Donovaly\u00a0 Park Snow Donovaly belongs to the top ski resorts in Slovakia. This nicely built village, in the western part of Low Tatras, is located between Bansk\u00e1 Bystrica and Ru\u017eomberok. Good quality ski slopes of all categories and\u00a0artificial snow\u00a0is a certainty. Besides skiing you can enjoy yourselves and have fun in variety of attractions, which [&hellip;]","og_url":"https:\/\/www.enjoyslovakiasoul.com\/enjoy-tours\/skiing\/donovaly\/","og_site_name":"EST Frontier Slovakia","article_modified_time":"2011-12-08T02:36:25+00:00","twitter_card":"summary_large_image","twitter_misc":{"Predpokladan\u00fd \u010das \u010d\u00edtania":"2 min\u00faty"},"schema":{"@context":"https:\/\/schema.org","@graph":[{"@type":"WebPage","@id":"https:\/\/www.enjoyslovakiasoul.com\/enjoy-tours\/skiing\/donovaly\/","url":"https:\/\/www.enjoyslovakiasoul.com\/enjoy-tours\/skiing\/donovaly\/","name":"Donovaly - EST Frontier Slovakia","isPartOf":{"@id":"https:\/\/www.enjoyslovakiasoul.com\/#website"},"datePublished":"2011-11-23T13:20:28+00:00","dateModified":"2011-12-08T02:36:25+00:00","breadcrumb":{"@id":"https:\/\/www.enjoyslovakiasoul.com\/enjoy-tours\/skiing\/donovaly\/#breadcrumb"},"inLanguage":"sk-SK","potentialAction":[{"@type":"ReadAction","target":["https:\/\/www.enjoyslovakiasoul.com\/enjoy-tours\/skiing\/donovaly\/"]}]},{"@type":"BreadcrumbList","@id":"https:\/\/www.enjoyslovakiasoul.com\/enjoy-tours\/skiing\/donovaly\/#breadcrumb","itemListElement":[{"@type":"ListItem","position":1,"name":"Home","item":"https:\/\/www.enjoyslovakiasoul.com\/"},{"@type":"ListItem","position":2,"name":"O Slovensku","item":"https:\/\/www.enjoyslovakiasoul.com\/sk\/enjoy-tours\/"},{"@type":"ListItem","position":3,"name":"Skiing","item":"https:\/\/www.enjoyslovakiasoul.com\/enjoy-tours\/skiing\/"},{"@type":"ListItem","position":4,"name":"Donovaly"}]},{"@type":"WebSite","@id":"https:\/\/www.enjoyslovakiasoul.com\/#website","url":"https:\/\/www.enjoyslovakiasoul.com\/","name":"EST Frontier Slovakia","description":"Fun, Relax, Adventure","potentialAction":[{"@type":"SearchAction","target":{"@type":"EntryPoint","urlTemplate":"https:\/\/www.enjoyslovakiasoul.com\/?s={search_term_string}"},"query-input":"required name=search_term_string"}],"inLanguage":"sk-SK"}]}},"_links":{"self":[{"href":"https:\/\/www.enjoyslovakiasoul.com\/sk\/wp-json\/wp\/v2\/pages\/1935"}],"collection":[{"href":"https:\/\/www.enjoyslovakiasoul.com\/sk\/wp-json\/wp\/v2\/pages"}],"about":[{"href":"https:\/\/www.enjoyslovakiasoul.com\/sk\/wp-json\/wp\/v2\/types\/page"}],"author":[{"embeddable":true,"href":"https:\/\/www.enjoyslovakiasoul.com\/sk\/wp-json\/wp\/v2\/users\/1"}],"replies":[{"embeddable":true,"href":"https:\/\/www.enjoyslovakiasoul.com\/sk\/wp-json\/wp\/v2\/comments?post=1935"}],"version-history":[{"count":28,"href":"https:\/\/www.enjoyslovakiasoul.com\/sk\/wp-json\/wp\/v2\/pages\/1935\/revisions"}],"predecessor-version":[{"id":2258,"href":"https:\/\/www.enjoyslovakiasoul.com\/sk\/wp-json\/wp\/v2\/pages\/1935\/revisions\/2258"}],"up":[{"embeddable":true,"href":"https:\/\/www.enjoyslovakiasoul.com\/sk\/wp-json\/wp\/v2\/pages\/1864"}],"wp:attachment":[{"href":"https:\/\/www.enjoyslovakiasoul.com\/sk\/wp-json\/wp\/v2\/media?parent=1935"}],"curies":[{"name":"wp","href":"https:\/\/api.w.org\/{rel}","templated":true}]}}