
{"id":1949,"date":"2011-11-23T13:47:26","date_gmt":"2011-11-23T13:47:26","guid":{"rendered":"http:\/\/www.enjoyslovakiasoul.com\/?page_id=1949"},"modified":"2012-12-24T03:00:31","modified_gmt":"2012-12-24T03:00:31","slug":"what-is-included","status":"publish","type":"page","link":"https:\/\/www.enjoyslovakiasoul.com\/sk\/contact\/what-is-included\/","title":{"rendered":"What is included"},"content":{"rendered":"<p><a href=\"http:\/\/www.enjoyslovakiasoul.com\/wp-content\/uploads\/meditation.jpg\"><img decoding=\"async\" loading=\"lazy\" class=\"alignleft size-medium wp-image-2031\" title=\"Slovak sun rise\" src=\"http:\/\/www.enjoyslovakiasoul.com\/wp-content\/uploads\/meditation-300x225.jpg\" alt=\"\" width=\"300\" height=\"225\" srcset=\"https:\/\/www.enjoyslovakiasoul.com\/wp-content\/uploads\/meditation-300x225.jpg 300w, https:\/\/www.enjoyslovakiasoul.com\/wp-content\/uploads\/meditation.jpg 799w\" sizes=\"(max-width: 300px) 100vw, 300px\" \/><\/a><\/p>\n<blockquote>\n<div>\n<p style=\"text-align: center;\"><em><span style=\"color: #000000;\">We want you to enjoy every moment of your holiday, so we include everything you could possibly need in our EST Frontier Slovakia packages.<\/span><\/em><\/p>\n<p><span style=\"color: #000000;\"><strong>Included in the price<\/strong><\/span><\/p>\n<ul>\n<li>Your professional guide, driver and translator\/assistant<\/li>\n<li>Accommodation with breakfast<\/li>\n<\/ul>\n<ul>\n<li>1x welcome lunch<\/li>\n<li>1 x traditional barbecue lunch or diner with local family<\/li>\n<li>All transfers around Slovakia<\/li>\n<li>Refreshments<\/li>\n<li>Fuel and all parking &amp; highway tolls<\/li>\n<li>Map of Bratislava &amp; map of Slovakia, information material (brochures, leaflets)<\/li>\n<li>Entrance fees to all museums, spa and other attractions<\/li>\n<li>Complimentary CD with event pictures<\/li>\n<li>Souvenir<\/li>\n<\/ul>\n<\/div>\n<p><strong>Great Food<\/strong><\/p>\n<p>Delicious and hearty breakfasts are included wherever possible on all of our tours to start your day. We also plan our tours and itineraries so that you can enjoy dining in selected restaruants that offfer slection of local specialities for given region. Home-made country dinners are also included in some of the more remote locations, but when you are staying in a village or town we leave it up to you to choose.<\/p>\n<p>All of our accommodations have been selected with style, comfort and typical Slovak character in mind. We search for accommodations that are affordable and perfectly suited to the region and the tour.<\/p><\/blockquote>\n<p><strong><em>For more information, do not \u00a0hesitate to contact us\u00a0at\u00a0<strong><em><strong><em><a title=\"Napiste nam\" href=\"http:\/\/www.enjoyslovakiasoul.com\/contact\/?lang=sk\">info@enjoyslovakiasoul.com<\/a><\/em><\/strong><\/em><\/strong>.<\/em><\/strong><\/p>\n<div><\/div>\n<p><\/p>","protected":false},"excerpt":{"rendered":"<p>We want you to enjoy every moment of your holiday, so we include everything you could possibly need in our EST Frontier Slovakia packages. Included in the price Your professional guide, driver and translator\/assistant Accommodation with breakfast 1x welcome lunch 1 x traditional barbecue lunch or diner with local family All transfers around Slovakia Refreshments [&hellip;]<\/p>\n","protected":false},"author":1,"featured_media":0,"parent":17,"menu_order":0,"comment_status":"open","ping_status":"open","template":"","meta":{"ngg_post_thumbnail":0},"yoast_head":"<!-- This site is optimized with the Yoast SEO plugin v20.3 - https:\/\/yoast.com\/wordpress\/plugins\/seo\/ -->\n<title>What is included - EST Frontier Slovakia<\/title>\n<meta name=\"robots\" content=\"index, follow, max-snippet:-1, max-image-preview:large, max-video-preview:-1\" \/>\n<link rel=\"canonical\" href=\"https:\/\/www.enjoyslovakiasoul.com\/contact\/what-is-included\/\" \/>\n<meta property=\"og:locale\" content=\"sk_SK\" \/>\n<meta property=\"og:type\" content=\"article\" \/>\n<meta property=\"og:title\" content=\"What is included - EST Frontier Slovakia\" \/>\n<meta property=\"og:description\" content=\"We want you to enjoy every moment of your holiday, so we include everything you could possibly need in our EST Frontier Slovakia packages. Included in the price Your professional guide, driver and translator\/assistant Accommodation with breakfast 1x welcome lunch 1 x traditional barbecue lunch or diner with local family All transfers around Slovakia Refreshments [&hellip;]\" \/>\n<meta property=\"og:url\" content=\"https:\/\/www.enjoyslovakiasoul.com\/contact\/what-is-included\/\" \/>\n<meta property=\"og:site_name\" content=\"EST Frontier Slovakia\" \/>\n<meta property=\"article:modified_time\" content=\"2012-12-24T03:00:31+00:00\" \/>\n<meta property=\"og:image\" content=\"http:\/\/www.enjoyslovakiasoul.com\/wp-content\/uploads\/meditation-300x225.jpg\" \/>\n<meta name=\"twitter:card\" content=\"summary_large_image\" \/>\n<meta name=\"twitter:label1\" content=\"Predpokladan\u00fd \u010das \u010d\u00edtania\" \/>\n\t<meta name=\"twitter:data1\" content=\"2 min\u00faty\" \/>\n<script type=\"application\/ld+json\" class=\"yoast-schema-graph\">{\"@context\":\"https:\/\/schema.org\",\"@graph\":[{\"@type\":\"WebPage\",\"@id\":\"https:\/\/www.enjoyslovakiasoul.com\/contact\/what-is-included\/\",\"url\":\"https:\/\/www.enjoyslovakiasoul.com\/contact\/what-is-included\/\",\"name\":\"What is included - EST Frontier Slovakia\",\"isPartOf\":{\"@id\":\"https:\/\/www.enjoyslovakiasoul.com\/#website\"},\"datePublished\":\"2011-11-23T13:47:26+00:00\",\"dateModified\":\"2012-12-24T03:00:31+00:00\",\"breadcrumb\":{\"@id\":\"https:\/\/www.enjoyslovakiasoul.com\/contact\/what-is-included\/#breadcrumb\"},\"inLanguage\":\"sk-SK\",\"potentialAction\":[{\"@type\":\"ReadAction\",\"target\":[\"https:\/\/www.enjoyslovakiasoul.com\/contact\/what-is-included\/\"]}]},{\"@type\":\"BreadcrumbList\",\"@id\":\"https:\/\/www.enjoyslovakiasoul.com\/contact\/what-is-included\/#breadcrumb\",\"itemListElement\":[{\"@type\":\"ListItem\",\"position\":1,\"name\":\"Home\",\"item\":\"https:\/\/www.enjoyslovakiasoul.com\/\"},{\"@type\":\"ListItem\",\"position\":2,\"name\":\"Contact\",\"item\":\"https:\/\/www.enjoyslovakiasoul.com\/contact\/\"},{\"@type\":\"ListItem\",\"position\":3,\"name\":\"What is included\"}]},{\"@type\":\"WebSite\",\"@id\":\"https:\/\/www.enjoyslovakiasoul.com\/#website\",\"url\":\"https:\/\/www.enjoyslovakiasoul.com\/\",\"name\":\"EST Frontier Slovakia\",\"description\":\"Fun, Relax, Adventure\",\"potentialAction\":[{\"@type\":\"SearchAction\",\"target\":{\"@type\":\"EntryPoint\",\"urlTemplate\":\"https:\/\/www.enjoyslovakiasoul.com\/?s={search_term_string}\"},\"query-input\":\"required name=search_term_string\"}],\"inLanguage\":\"sk-SK\"}]}<\/script>\n<!-- \/ Yoast SEO plugin. -->","yoast_head_json":{"title":"What is included - EST Frontier Slovakia","robots":{"index":"index","follow":"follow","max-snippet":"max-snippet:-1","max-image-preview":"max-image-preview:large","max-video-preview":"max-video-preview:-1"},"canonical":"https:\/\/www.enjoyslovakiasoul.com\/contact\/what-is-included\/","og_locale":"sk_SK","og_type":"article","og_title":"What is included - EST Frontier Slovakia","og_description":"We want you to enjoy every moment of your holiday, so we include everything you could possibly need in our EST Frontier Slovakia packages. Included in the price Your professional guide, driver and translator\/assistant Accommodation with breakfast 1x welcome lunch 1 x traditional barbecue lunch or diner with local family All transfers around Slovakia Refreshments [&hellip;]","og_url":"https:\/\/www.enjoyslovakiasoul.com\/contact\/what-is-included\/","og_site_name":"EST Frontier Slovakia","article_modified_time":"2012-12-24T03:00:31+00:00","og_image":[{"url":"http:\/\/www.enjoyslovakiasoul.com\/wp-content\/uploads\/meditation-300x225.jpg"}],"twitter_card":"summary_large_image","twitter_misc":{"Predpokladan\u00fd \u010das \u010d\u00edtania":"2 min\u00faty"},"schema":{"@context":"https:\/\/schema.org","@graph":[{"@type":"WebPage","@id":"https:\/\/www.enjoyslovakiasoul.com\/contact\/what-is-included\/","url":"https:\/\/www.enjoyslovakiasoul.com\/contact\/what-is-included\/","name":"What is included - EST Frontier Slovakia","isPartOf":{"@id":"https:\/\/www.enjoyslovakiasoul.com\/#website"},"datePublished":"2011-11-23T13:47:26+00:00","dateModified":"2012-12-24T03:00:31+00:00","breadcrumb":{"@id":"https:\/\/www.enjoyslovakiasoul.com\/contact\/what-is-included\/#breadcrumb"},"inLanguage":"sk-SK","potentialAction":[{"@type":"ReadAction","target":["https:\/\/www.enjoyslovakiasoul.com\/contact\/what-is-included\/"]}]},{"@type":"BreadcrumbList","@id":"https:\/\/www.enjoyslovakiasoul.com\/contact\/what-is-included\/#breadcrumb","itemListElement":[{"@type":"ListItem","position":1,"name":"Home","item":"https:\/\/www.enjoyslovakiasoul.com\/"},{"@type":"ListItem","position":2,"name":"Contact","item":"https:\/\/www.enjoyslovakiasoul.com\/contact\/"},{"@type":"ListItem","position":3,"name":"What is included"}]},{"@type":"WebSite","@id":"https:\/\/www.enjoyslovakiasoul.com\/#website","url":"https:\/\/www.enjoyslovakiasoul.com\/","name":"EST Frontier Slovakia","description":"Fun, Relax, Adventure","potentialAction":[{"@type":"SearchAction","target":{"@type":"EntryPoint","urlTemplate":"https:\/\/www.enjoyslovakiasoul.com\/?s={search_term_string}"},"query-input":"required name=search_term_string"}],"inLanguage":"sk-SK"}]}},"_links":{"self":[{"href":"https:\/\/www.enjoyslovakiasoul.com\/sk\/wp-json\/wp\/v2\/pages\/1949"}],"collection":[{"href":"https:\/\/www.enjoyslovakiasoul.com\/sk\/wp-json\/wp\/v2\/pages"}],"about":[{"href":"https:\/\/www.enjoyslovakiasoul.com\/sk\/wp-json\/wp\/v2\/types\/page"}],"author":[{"embeddable":true,"href":"https:\/\/www.enjoyslovakiasoul.com\/sk\/wp-json\/wp\/v2\/users\/1"}],"replies":[{"embeddable":true,"href":"https:\/\/www.enjoyslovakiasoul.com\/sk\/wp-json\/wp\/v2\/comments?post=1949"}],"version-history":[{"count":14,"href":"https:\/\/www.enjoyslovakiasoul.com\/sk\/wp-json\/wp\/v2\/pages\/1949\/revisions"}],"predecessor-version":[{"id":2030,"href":"https:\/\/www.enjoyslovakiasoul.com\/sk\/wp-json\/wp\/v2\/pages\/1949\/revisions\/2030"}],"up":[{"embeddable":true,"href":"https:\/\/www.enjoyslovakiasoul.com\/sk\/wp-json\/wp\/v2\/pages\/17"}],"wp:attachment":[{"href":"https:\/\/www.enjoyslovakiasoul.com\/sk\/wp-json\/wp\/v2\/media?parent=1949"}],"curies":[{"name":"wp","href":"https:\/\/api.w.org\/{rel}","templated":true}]}}