
{"id":1961,"date":"2011-11-23T13:51:46","date_gmt":"2011-11-23T13:51:46","guid":{"rendered":"http:\/\/www.enjoyslovakiasoul.com\/?page_id=1961"},"modified":"2012-02-02T18:04:08","modified_gmt":"2012-02-02T18:04:08","slug":"booking-fly-tickets","status":"publish","type":"page","link":"https:\/\/www.enjoyslovakiasoul.com\/sk\/contact\/more-services-we-offer\/booking-fly-tickets\/","title":{"rendered":"Air fare booking"},"content":{"rendered":"<p><\/p>\n<h1><span class=\"Apple-style-span\" style=\"font-size: 13px; font-weight: normal;\"><a href=\"http:\/\/www.enjoyslovakiasoul.com\/wp-content\/uploads\/Air-France-KLM-logo1.jpg\"><img decoding=\"async\" loading=\"lazy\" title=\"Air France KLM logo\" src=\"http:\/\/www.enjoyslovakiasoul.com\/wp-content\/uploads\/Air-France-KLM-logo1-1024x189.jpg\" alt=\"\" width=\"574\" height=\"106\" \/><\/a><\/span><\/h1>\n<p style=\"text-align: left;\"><span class=\"Apple-style-span\" style=\"font-size: 13px; font-weight: normal;\">U\u017e aj cez n\u00e1s si m\u00f4\u017eete objedna\u0165 lacn\u00e9 letenky do cel\u00e9ho sveta&#8230; ak by ste mali \u0161peci\u00e1lne \u017eelanie,\u00a0ako napr. upresnenie \u010dasu odletu, alebo pr\u00edletu, Stopover, Multi-point destin\u00e1cie, cesta okolosveta,\u00a0alebo \u010doko\u013evek in\u00e9, nev\u00e1hajte n\u00e1s kontaktova\u0165 priamo\u00a0<a title=\"Contact us\" href=\"http:\/\/www.enjoyslovakiasoul.com\/contact?lang=sk\" target=\"_blank\">info@enjoyslovakiasoul.com<\/a>\u00a0alebo na tel.\u010d.: +421 904 292 468.<\/span><\/p>\n<p><a href=\"http:\/\/www.enjoyslovakiasoul.com\/wp-content\/uploads\/Untitled4.jpg\"><img decoding=\"async\" loading=\"lazy\" title=\"Untitled\" src=\"http:\/\/www.enjoyslovakiasoul.com\/wp-content\/uploads\/Untitled4.jpg\" alt=\"\" width=\"600\" height=\"388\" \/><\/a><\/p>","protected":false},"excerpt":{"rendered":"<p>U\u017e aj cez n\u00e1s si m\u00f4\u017eete objedna\u0165 lacn\u00e9 letenky do cel\u00e9ho sveta&#8230; ak by ste mali \u0161peci\u00e1lne \u017eelanie,\u00a0ako napr. upresnenie \u010dasu odletu, alebo pr\u00edletu, Stopover, Multi-point destin\u00e1cie, cesta okolosveta,\u00a0alebo \u010doko\u013evek in\u00e9, nev\u00e1hajte n\u00e1s kontaktova\u0165 priamo\u00a0info@enjoyslovakiasoul.com\u00a0alebo na tel.\u010d.: +421 904 292 468.<\/p>\n","protected":false},"author":1,"featured_media":0,"parent":1953,"menu_order":0,"comment_status":"open","ping_status":"open","template":"","meta":{"ngg_post_thumbnail":0},"yoast_head":"<!-- This site is optimized with the Yoast SEO plugin v20.3 - https:\/\/yoast.com\/wordpress\/plugins\/seo\/ -->\n<title>Air fare booking - EST Frontier Slovakia<\/title>\n<meta name=\"robots\" content=\"index, follow, max-snippet:-1, max-image-preview:large, max-video-preview:-1\" \/>\n<link rel=\"canonical\" href=\"https:\/\/www.enjoyslovakiasoul.com\/contact\/more-services-we-offer\/booking-fly-tickets\/\" \/>\n<meta property=\"og:locale\" content=\"sk_SK\" \/>\n<meta property=\"og:type\" content=\"article\" \/>\n<meta property=\"og:title\" content=\"Air fare booking - EST Frontier Slovakia\" \/>\n<meta property=\"og:description\" content=\"U\u017e aj cez n\u00e1s si m\u00f4\u017eete objedna\u0165 lacn\u00e9 letenky do cel\u00e9ho sveta&#8230; ak by ste mali \u0161peci\u00e1lne \u017eelanie,\u00a0ako napr. upresnenie \u010dasu odletu, alebo pr\u00edletu, Stopover, Multi-point destin\u00e1cie, cesta okolosveta,\u00a0alebo \u010doko\u013evek in\u00e9, nev\u00e1hajte n\u00e1s kontaktova\u0165 priamo\u00a0info@enjoyslovakiasoul.com\u00a0alebo na tel.\u010d.: +421 904 292 468.\" \/>\n<meta property=\"og:url\" content=\"https:\/\/www.enjoyslovakiasoul.com\/contact\/more-services-we-offer\/booking-fly-tickets\/\" \/>\n<meta property=\"og:site_name\" content=\"EST Frontier Slovakia\" \/>\n<meta property=\"article:modified_time\" content=\"2012-02-02T18:04:08+00:00\" \/>\n<meta property=\"og:image\" content=\"http:\/\/www.enjoyslovakiasoul.com\/wp-content\/uploads\/Air-France-KLM-logo1-1024x189.jpg\" \/>\n<meta name=\"twitter:card\" content=\"summary_large_image\" \/>\n<meta name=\"twitter:label1\" content=\"Predpokladan\u00fd \u010das \u010d\u00edtania\" \/>\n\t<meta name=\"twitter:data1\" content=\"1 min\u00fata\" \/>\n<script type=\"application\/ld+json\" class=\"yoast-schema-graph\">{\"@context\":\"https:\/\/schema.org\",\"@graph\":[{\"@type\":\"WebPage\",\"@id\":\"https:\/\/www.enjoyslovakiasoul.com\/contact\/more-services-we-offer\/booking-fly-tickets\/\",\"url\":\"https:\/\/www.enjoyslovakiasoul.com\/contact\/more-services-we-offer\/booking-fly-tickets\/\",\"name\":\"Air fare booking - EST Frontier Slovakia\",\"isPartOf\":{\"@id\":\"https:\/\/www.enjoyslovakiasoul.com\/#website\"},\"datePublished\":\"2011-11-23T13:51:46+00:00\",\"dateModified\":\"2012-02-02T18:04:08+00:00\",\"breadcrumb\":{\"@id\":\"https:\/\/www.enjoyslovakiasoul.com\/contact\/more-services-we-offer\/booking-fly-tickets\/#breadcrumb\"},\"inLanguage\":\"sk-SK\",\"potentialAction\":[{\"@type\":\"ReadAction\",\"target\":[\"https:\/\/www.enjoyslovakiasoul.com\/contact\/more-services-we-offer\/booking-fly-tickets\/\"]}]},{\"@type\":\"BreadcrumbList\",\"@id\":\"https:\/\/www.enjoyslovakiasoul.com\/contact\/more-services-we-offer\/booking-fly-tickets\/#breadcrumb\",\"itemListElement\":[{\"@type\":\"ListItem\",\"position\":1,\"name\":\"Home\",\"item\":\"https:\/\/www.enjoyslovakiasoul.com\/\"},{\"@type\":\"ListItem\",\"position\":2,\"name\":\"Contact\",\"item\":\"https:\/\/www.enjoyslovakiasoul.com\/contact\/\"},{\"@type\":\"ListItem\",\"position\":3,\"name\":\"More Services We Offer\",\"item\":\"https:\/\/www.enjoyslovakiasoul.com\/contact\/more-services-we-offer\/\"},{\"@type\":\"ListItem\",\"position\":4,\"name\":\"Air Fare Booking\"}]},{\"@type\":\"WebSite\",\"@id\":\"https:\/\/www.enjoyslovakiasoul.com\/#website\",\"url\":\"https:\/\/www.enjoyslovakiasoul.com\/\",\"name\":\"EST Frontier Slovakia\",\"description\":\"Fun, Relax, Adventure\",\"potentialAction\":[{\"@type\":\"SearchAction\",\"target\":{\"@type\":\"EntryPoint\",\"urlTemplate\":\"https:\/\/www.enjoyslovakiasoul.com\/?s={search_term_string}\"},\"query-input\":\"required name=search_term_string\"}],\"inLanguage\":\"sk-SK\"}]}<\/script>\n<!-- \/ Yoast SEO plugin. -->","yoast_head_json":{"title":"Air fare booking - EST Frontier Slovakia","robots":{"index":"index","follow":"follow","max-snippet":"max-snippet:-1","max-image-preview":"max-image-preview:large","max-video-preview":"max-video-preview:-1"},"canonical":"https:\/\/www.enjoyslovakiasoul.com\/contact\/more-services-we-offer\/booking-fly-tickets\/","og_locale":"sk_SK","og_type":"article","og_title":"Air fare booking - EST Frontier Slovakia","og_description":"U\u017e aj cez n\u00e1s si m\u00f4\u017eete objedna\u0165 lacn\u00e9 letenky do cel\u00e9ho sveta&#8230; ak by ste mali \u0161peci\u00e1lne \u017eelanie,\u00a0ako napr. upresnenie \u010dasu odletu, alebo pr\u00edletu, Stopover, Multi-point destin\u00e1cie, cesta okolosveta,\u00a0alebo \u010doko\u013evek in\u00e9, nev\u00e1hajte n\u00e1s kontaktova\u0165 priamo\u00a0info@enjoyslovakiasoul.com\u00a0alebo na tel.\u010d.: +421 904 292 468.","og_url":"https:\/\/www.enjoyslovakiasoul.com\/contact\/more-services-we-offer\/booking-fly-tickets\/","og_site_name":"EST Frontier Slovakia","article_modified_time":"2012-02-02T18:04:08+00:00","og_image":[{"url":"http:\/\/www.enjoyslovakiasoul.com\/wp-content\/uploads\/Air-France-KLM-logo1-1024x189.jpg"}],"twitter_card":"summary_large_image","twitter_misc":{"Predpokladan\u00fd \u010das \u010d\u00edtania":"1 min\u00fata"},"schema":{"@context":"https:\/\/schema.org","@graph":[{"@type":"WebPage","@id":"https:\/\/www.enjoyslovakiasoul.com\/contact\/more-services-we-offer\/booking-fly-tickets\/","url":"https:\/\/www.enjoyslovakiasoul.com\/contact\/more-services-we-offer\/booking-fly-tickets\/","name":"Air fare booking - EST Frontier Slovakia","isPartOf":{"@id":"https:\/\/www.enjoyslovakiasoul.com\/#website"},"datePublished":"2011-11-23T13:51:46+00:00","dateModified":"2012-02-02T18:04:08+00:00","breadcrumb":{"@id":"https:\/\/www.enjoyslovakiasoul.com\/contact\/more-services-we-offer\/booking-fly-tickets\/#breadcrumb"},"inLanguage":"sk-SK","potentialAction":[{"@type":"ReadAction","target":["https:\/\/www.enjoyslovakiasoul.com\/contact\/more-services-we-offer\/booking-fly-tickets\/"]}]},{"@type":"BreadcrumbList","@id":"https:\/\/www.enjoyslovakiasoul.com\/contact\/more-services-we-offer\/booking-fly-tickets\/#breadcrumb","itemListElement":[{"@type":"ListItem","position":1,"name":"Home","item":"https:\/\/www.enjoyslovakiasoul.com\/"},{"@type":"ListItem","position":2,"name":"Contact","item":"https:\/\/www.enjoyslovakiasoul.com\/contact\/"},{"@type":"ListItem","position":3,"name":"More Services We Offer","item":"https:\/\/www.enjoyslovakiasoul.com\/contact\/more-services-we-offer\/"},{"@type":"ListItem","position":4,"name":"Air Fare Booking"}]},{"@type":"WebSite","@id":"https:\/\/www.enjoyslovakiasoul.com\/#website","url":"https:\/\/www.enjoyslovakiasoul.com\/","name":"EST Frontier Slovakia","description":"Fun, Relax, Adventure","potentialAction":[{"@type":"SearchAction","target":{"@type":"EntryPoint","urlTemplate":"https:\/\/www.enjoyslovakiasoul.com\/?s={search_term_string}"},"query-input":"required name=search_term_string"}],"inLanguage":"sk-SK"}]}},"_links":{"self":[{"href":"https:\/\/www.enjoyslovakiasoul.com\/sk\/wp-json\/wp\/v2\/pages\/1961"}],"collection":[{"href":"https:\/\/www.enjoyslovakiasoul.com\/sk\/wp-json\/wp\/v2\/pages"}],"about":[{"href":"https:\/\/www.enjoyslovakiasoul.com\/sk\/wp-json\/wp\/v2\/types\/page"}],"author":[{"embeddable":true,"href":"https:\/\/www.enjoyslovakiasoul.com\/sk\/wp-json\/wp\/v2\/users\/1"}],"replies":[{"embeddable":true,"href":"https:\/\/www.enjoyslovakiasoul.com\/sk\/wp-json\/wp\/v2\/comments?post=1961"}],"version-history":[{"count":15,"href":"https:\/\/www.enjoyslovakiasoul.com\/sk\/wp-json\/wp\/v2\/pages\/1961\/revisions"}],"predecessor-version":[{"id":2975,"href":"https:\/\/www.enjoyslovakiasoul.com\/sk\/wp-json\/wp\/v2\/pages\/1961\/revisions\/2975"}],"up":[{"embeddable":true,"href":"https:\/\/www.enjoyslovakiasoul.com\/sk\/wp-json\/wp\/v2\/pages\/1953"}],"wp:attachment":[{"href":"https:\/\/www.enjoyslovakiasoul.com\/sk\/wp-json\/wp\/v2\/media?parent=1961"}],"curies":[{"name":"wp","href":"https:\/\/api.w.org\/{rel}","templated":true}]}}