
{"id":1973,"date":"2011-11-24T08:35:09","date_gmt":"2011-11-24T08:35:09","guid":{"rendered":"http:\/\/www.enjoyslovakiasoul.com\/?page_id=1973"},"modified":"2012-10-17T15:02:44","modified_gmt":"2012-10-17T15:02:44","slug":"high-tatras-winter-hiking-holiday-in-slovakia","status":"publish","type":"page","link":"https:\/\/www.enjoyslovakiasoul.com\/sk\/high-tatras-winter-hiking-holiday-in-slovakia\/","title":{"rendered":"HIGH TATRAS winter hiking holiday in Slovakia"},"content":{"rendered":"<p><span style=\"color: #99cc00;\"><strong><a href=\"http:\/\/www.enjoyslovakiasoul.com\/wp-content\/uploads\/EST_HIKING3_20121.jpg\"><img decoding=\"async\" loading=\"lazy\" title=\"EST_HIKING3_2012\" src=\"http:\/\/www.enjoyslovakiasoul.com\/wp-content\/uploads\/EST_HIKING3_20121-300x191.jpg\" alt=\"\" width=\"210\" height=\"134\" \/><\/a><a href=\"http:\/\/www.enjoyslovakiasoul.com\/wp-content\/uploads\/EST_HIKING_2012.jpg\"><img decoding=\"async\" loading=\"lazy\" title=\"EST_HIKING_2012\" src=\"http:\/\/www.enjoyslovakiasoul.com\/wp-content\/uploads\/EST_HIKING_2012-300x149.jpg\" alt=\"\" width=\"270\" height=\"134\" \/><\/a>HIGH TATRAS winter hiking holiday in Slovakia<\/strong><\/span><\/p>\n<p style=\"text-align: justify;\">The scenery in Central Europe changes rapidly from expansive plains to dense forests and jagged peaks. There is a great diversity of people, culture and architecture throughout. The High Tatras, part of the Carpathian Range, is a group of rugged granite mountains forming the border between Poland and Slovakia. There is a sophisticated network of footpaths in a well-managed national park where we enjoy five daywalks. The stunning Polish city of Krakow contrasts perfectly with the mountains and is a great place to explore on foot in order to soak up the atmosphere. There are a huge number of famous sites that are worth visiting, including the old city, Mariacki Church, central Market Square and the Wawel Castle.<\/p>\n<p style=\"text-align: right;\"><strong><em>EST Frontier Slovakia \u2013 Guided\u00a0walking Team is pleased to welcome you in Slovakia.<\/em><\/strong><\/p>\n<div id=\"_rtBadge620\"><a href=\"http:\/\/www.responsibletravel.com\/member\/2843\/enjoy-slovakia-tours\">responsibletravel recommends EST Frontier Slovakia<\/a><\/div>\n<div><\/div>\n<h3>Day-by-day itinerary<\/h3>\n<table>\n<tbody>\n<tr>\n<td>Day 1:<\/td>\n<td>Fly to Krakow; transfer to Stary Smokovec in the Slovakian High Tatras.<\/td>\n<\/tr>\n<tr>\n<td>Day 2:<\/td>\n<td>Dramatic walk to Teryho Chata mountain hut. On the way we visit the oldest mountain cottage in the Tatras and the Studeny Potok waterfalls.<\/td>\n<\/tr>\n<tr>\n<td>Day 3:<\/td>\n<td>Walk to Plesnevic Chata through the Valley of the Seven Springs, on to Chata pri Zelenom by the Green Lake.<\/td>\n<\/tr>\n<tr>\n<td>Day 4:<\/td>\n<td>Walk to the beautiful lake of Skalnate Pleso with optional ascent to Velka Svistova Peak at 2834 metres for fabulous panoramic views.<\/td>\n<\/tr>\n<tr>\n<td>Day 5:<\/td>\n<td>Walk to Zbojnicka Chata Cottage, formerly a gamekeeper&#8217;s cottage.<\/td>\n<\/tr>\n<tr>\n<td>Day 6:<\/td>\n<td>Climb Slavkovsky Stit Peak at 2452m. The route is long but technically simple and rewards us with one of the most stunning views in the Tatras.<\/td>\n<\/tr>\n<tr>\n<td>Day 7:<\/td>\n<td>Morning transfer to the beautiful city of Krakow; city tour and free time to explore the old town and market square.<\/td>\n<\/tr>\n<tr>\n<td>Day 8:<\/td>\n<td>Fly to London.<\/td>\n<\/tr>\n<\/tbody>\n<\/table>\n<div><\/div>\n<p><\/p>","protected":false},"excerpt":{"rendered":"<p>HIGH TATRAS winter hiking holiday in Slovakia The scenery in Central Europe changes rapidly from expansive plains to dense forests and jagged peaks. There is a great diversity of people, culture and architecture throughout. The High Tatras, part of the Carpathian Range, is a group of rugged granite mountains forming the border between Poland and [&hellip;]<\/p>\n","protected":false},"author":1,"featured_media":0,"parent":0,"menu_order":0,"comment_status":"open","ping_status":"open","template":"","meta":{"ngg_post_thumbnail":0},"yoast_head":"<!-- This site is optimized with the Yoast SEO plugin v20.3 - https:\/\/yoast.com\/wordpress\/plugins\/seo\/ -->\n<title>HIGH TATRAS winter hiking holiday in Slovakia - EST Frontier Slovakia<\/title>\n<meta name=\"robots\" content=\"index, follow, max-snippet:-1, max-image-preview:large, max-video-preview:-1\" \/>\n<link rel=\"canonical\" href=\"https:\/\/www.enjoyslovakiasoul.com\/high-tatras-winter-hiking-holiday-in-slovakia\/\" \/>\n<meta property=\"og:locale\" content=\"sk_SK\" \/>\n<meta property=\"og:type\" content=\"article\" \/>\n<meta property=\"og:title\" content=\"HIGH TATRAS winter hiking holiday in Slovakia - EST Frontier Slovakia\" \/>\n<meta property=\"og:description\" content=\"HIGH TATRAS winter hiking holiday in Slovakia The scenery in Central Europe changes rapidly from expansive plains to dense forests and jagged peaks. There is a great diversity of people, culture and architecture throughout. The High Tatras, part of the Carpathian Range, is a group of rugged granite mountains forming the border between Poland and [&hellip;]\" \/>\n<meta property=\"og:url\" content=\"https:\/\/www.enjoyslovakiasoul.com\/high-tatras-winter-hiking-holiday-in-slovakia\/\" \/>\n<meta property=\"og:site_name\" content=\"EST Frontier Slovakia\" \/>\n<meta property=\"article:modified_time\" content=\"2012-10-17T15:02:44+00:00\" \/>\n<meta property=\"og:image\" content=\"http:\/\/www.enjoyslovakiasoul.com\/wp-content\/uploads\/EST_HIKING3_20121-300x191.jpg\" \/>\n<meta name=\"twitter:card\" content=\"summary_large_image\" \/>\n<meta name=\"twitter:label1\" content=\"Predpokladan\u00fd \u010das \u010d\u00edtania\" \/>\n\t<meta name=\"twitter:data1\" content=\"3 min\u00faty\" \/>\n<script type=\"application\/ld+json\" class=\"yoast-schema-graph\">{\"@context\":\"https:\/\/schema.org\",\"@graph\":[{\"@type\":\"WebPage\",\"@id\":\"https:\/\/www.enjoyslovakiasoul.com\/high-tatras-winter-hiking-holiday-in-slovakia\/\",\"url\":\"https:\/\/www.enjoyslovakiasoul.com\/high-tatras-winter-hiking-holiday-in-slovakia\/\",\"name\":\"HIGH TATRAS winter hiking holiday in Slovakia - EST Frontier Slovakia\",\"isPartOf\":{\"@id\":\"https:\/\/www.enjoyslovakiasoul.com\/#website\"},\"datePublished\":\"2011-11-24T08:35:09+00:00\",\"dateModified\":\"2012-10-17T15:02:44+00:00\",\"breadcrumb\":{\"@id\":\"https:\/\/www.enjoyslovakiasoul.com\/high-tatras-winter-hiking-holiday-in-slovakia\/#breadcrumb\"},\"inLanguage\":\"sk-SK\",\"potentialAction\":[{\"@type\":\"ReadAction\",\"target\":[\"https:\/\/www.enjoyslovakiasoul.com\/high-tatras-winter-hiking-holiday-in-slovakia\/\"]}]},{\"@type\":\"BreadcrumbList\",\"@id\":\"https:\/\/www.enjoyslovakiasoul.com\/high-tatras-winter-hiking-holiday-in-slovakia\/#breadcrumb\",\"itemListElement\":[{\"@type\":\"ListItem\",\"position\":1,\"name\":\"Home\",\"item\":\"https:\/\/www.enjoyslovakiasoul.com\/\"},{\"@type\":\"ListItem\",\"position\":2,\"name\":\"HIGH TATRAS winter hiking holiday in Slovakia\"}]},{\"@type\":\"WebSite\",\"@id\":\"https:\/\/www.enjoyslovakiasoul.com\/#website\",\"url\":\"https:\/\/www.enjoyslovakiasoul.com\/\",\"name\":\"EST Frontier Slovakia\",\"description\":\"Fun, Relax, Adventure\",\"potentialAction\":[{\"@type\":\"SearchAction\",\"target\":{\"@type\":\"EntryPoint\",\"urlTemplate\":\"https:\/\/www.enjoyslovakiasoul.com\/?s={search_term_string}\"},\"query-input\":\"required name=search_term_string\"}],\"inLanguage\":\"sk-SK\"}]}<\/script>\n<!-- \/ Yoast SEO plugin. -->","yoast_head_json":{"title":"HIGH TATRAS winter hiking holiday in Slovakia - EST Frontier Slovakia","robots":{"index":"index","follow":"follow","max-snippet":"max-snippet:-1","max-image-preview":"max-image-preview:large","max-video-preview":"max-video-preview:-1"},"canonical":"https:\/\/www.enjoyslovakiasoul.com\/high-tatras-winter-hiking-holiday-in-slovakia\/","og_locale":"sk_SK","og_type":"article","og_title":"HIGH TATRAS winter hiking holiday in Slovakia - EST Frontier Slovakia","og_description":"HIGH TATRAS winter hiking holiday in Slovakia The scenery in Central Europe changes rapidly from expansive plains to dense forests and jagged peaks. There is a great diversity of people, culture and architecture throughout. The High Tatras, part of the Carpathian Range, is a group of rugged granite mountains forming the border between Poland and [&hellip;]","og_url":"https:\/\/www.enjoyslovakiasoul.com\/high-tatras-winter-hiking-holiday-in-slovakia\/","og_site_name":"EST Frontier Slovakia","article_modified_time":"2012-10-17T15:02:44+00:00","og_image":[{"url":"http:\/\/www.enjoyslovakiasoul.com\/wp-content\/uploads\/EST_HIKING3_20121-300x191.jpg"}],"twitter_card":"summary_large_image","twitter_misc":{"Predpokladan\u00fd \u010das \u010d\u00edtania":"3 min\u00faty"},"schema":{"@context":"https:\/\/schema.org","@graph":[{"@type":"WebPage","@id":"https:\/\/www.enjoyslovakiasoul.com\/high-tatras-winter-hiking-holiday-in-slovakia\/","url":"https:\/\/www.enjoyslovakiasoul.com\/high-tatras-winter-hiking-holiday-in-slovakia\/","name":"HIGH TATRAS winter hiking holiday in Slovakia - EST Frontier Slovakia","isPartOf":{"@id":"https:\/\/www.enjoyslovakiasoul.com\/#website"},"datePublished":"2011-11-24T08:35:09+00:00","dateModified":"2012-10-17T15:02:44+00:00","breadcrumb":{"@id":"https:\/\/www.enjoyslovakiasoul.com\/high-tatras-winter-hiking-holiday-in-slovakia\/#breadcrumb"},"inLanguage":"sk-SK","potentialAction":[{"@type":"ReadAction","target":["https:\/\/www.enjoyslovakiasoul.com\/high-tatras-winter-hiking-holiday-in-slovakia\/"]}]},{"@type":"BreadcrumbList","@id":"https:\/\/www.enjoyslovakiasoul.com\/high-tatras-winter-hiking-holiday-in-slovakia\/#breadcrumb","itemListElement":[{"@type":"ListItem","position":1,"name":"Home","item":"https:\/\/www.enjoyslovakiasoul.com\/"},{"@type":"ListItem","position":2,"name":"HIGH TATRAS winter hiking holiday in Slovakia"}]},{"@type":"WebSite","@id":"https:\/\/www.enjoyslovakiasoul.com\/#website","url":"https:\/\/www.enjoyslovakiasoul.com\/","name":"EST Frontier Slovakia","description":"Fun, Relax, Adventure","potentialAction":[{"@type":"SearchAction","target":{"@type":"EntryPoint","urlTemplate":"https:\/\/www.enjoyslovakiasoul.com\/?s={search_term_string}"},"query-input":"required name=search_term_string"}],"inLanguage":"sk-SK"}]}},"_links":{"self":[{"href":"https:\/\/www.enjoyslovakiasoul.com\/sk\/wp-json\/wp\/v2\/pages\/1973"}],"collection":[{"href":"https:\/\/www.enjoyslovakiasoul.com\/sk\/wp-json\/wp\/v2\/pages"}],"about":[{"href":"https:\/\/www.enjoyslovakiasoul.com\/sk\/wp-json\/wp\/v2\/types\/page"}],"author":[{"embeddable":true,"href":"https:\/\/www.enjoyslovakiasoul.com\/sk\/wp-json\/wp\/v2\/users\/1"}],"replies":[{"embeddable":true,"href":"https:\/\/www.enjoyslovakiasoul.com\/sk\/wp-json\/wp\/v2\/comments?post=1973"}],"version-history":[{"count":18,"href":"https:\/\/www.enjoyslovakiasoul.com\/sk\/wp-json\/wp\/v2\/pages\/1973\/revisions"}],"predecessor-version":[{"id":3248,"href":"https:\/\/www.enjoyslovakiasoul.com\/sk\/wp-json\/wp\/v2\/pages\/1973\/revisions\/3248"}],"wp:attachment":[{"href":"https:\/\/www.enjoyslovakiasoul.com\/sk\/wp-json\/wp\/v2\/media?parent=1973"}],"curies":[{"name":"wp","href":"https:\/\/api.w.org\/{rel}","templated":true}]}}