
{"id":1991,"date":"2011-11-29T09:34:06","date_gmt":"2011-11-29T09:34:06","guid":{"rendered":"http:\/\/www.enjoyslovakiasoul.com\/?page_id=1991"},"modified":"2013-01-12T22:28:18","modified_gmt":"2013-01-12T22:28:18","slug":"family-adventure-tours","status":"publish","type":"page","link":"https:\/\/www.enjoyslovakiasoul.com\/sk\/family-adventure-tours\/","title":{"rendered":"Slovakia ski mountaineering holiday"},"content":{"rendered":"<p><\/p>\n<h2><span style=\"color: #99cc00;\">Slovakia ski mountaineering holiday<\/span><\/h2>\n<div><\/div>\n<div id=\"description\" style=\"text-align: justify;\">Why ski-mountaineering? Ski-mountaineering takes you far away from crowded ski-slopes into tranquility of snow covered mountains, where you can enjoy skiing in powder snow and admire beautiful scenery of the Western Tatras. Western Tatras is one of the Europe\u2019s major ski mountaineering destinations. Come and witness this world with us&#8230; If you are good skier with average physical fitness and if you would like to try something new and experience something special then the Ski mountaineering in Rohace \u2013 The Western Tatras is just for you..<\/div>\n<p><script type=\"text\/javascript\" language=\"JavaScript\" src=\"http:\/\/www.responsibletravel.com\/badge\/js.asp?mid=2843&#038;sid=100001&#038;bid=1&#038;i=179\"><\/script><\/p>\n<div id=\"_rtBadge179\"><a href=\"http:\/\/www.responsibletravel.com\/member\/2843\/enjoy-slovakia-tours\">responsibletravel recommends EST Frontier Slovakia<\/a><\/div>\n<p><\/p>","protected":false},"excerpt":{"rendered":"<p>Slovakia ski mountaineering holiday Why ski-mountaineering? Ski-mountaineering takes you far away from crowded ski-slopes into tranquility of snow covered mountains, where you can enjoy skiing in powder snow and admire beautiful scenery of the Western Tatras. Western Tatras is one of the Europe\u2019s major ski mountaineering destinations. Come and witness this world with us&#8230; If [&hellip;]<\/p>\n","protected":false},"author":1,"featured_media":0,"parent":0,"menu_order":0,"comment_status":"open","ping_status":"open","template":"","meta":{"ngg_post_thumbnail":0},"yoast_head":"<!-- This site is optimized with the Yoast SEO plugin v20.3 - https:\/\/yoast.com\/wordpress\/plugins\/seo\/ -->\n<title>Slovakia ski mountaineering holiday - EST Frontier Slovakia<\/title>\n<meta name=\"robots\" content=\"index, follow, max-snippet:-1, max-image-preview:large, max-video-preview:-1\" \/>\n<link rel=\"canonical\" href=\"https:\/\/www.enjoyslovakiasoul.com\/family-adventure-tours\/\" \/>\n<meta property=\"og:locale\" content=\"sk_SK\" \/>\n<meta property=\"og:type\" content=\"article\" \/>\n<meta property=\"og:title\" content=\"Slovakia ski mountaineering holiday - EST Frontier Slovakia\" \/>\n<meta property=\"og:description\" content=\"Slovakia ski mountaineering holiday Why ski-mountaineering? Ski-mountaineering takes you far away from crowded ski-slopes into tranquility of snow covered mountains, where you can enjoy skiing in powder snow and admire beautiful scenery of the Western Tatras. Western Tatras is one of the Europe\u2019s major ski mountaineering destinations. Come and witness this world with us&#8230; If [&hellip;]\" \/>\n<meta property=\"og:url\" content=\"https:\/\/www.enjoyslovakiasoul.com\/family-adventure-tours\/\" \/>\n<meta property=\"og:site_name\" content=\"EST Frontier Slovakia\" \/>\n<meta property=\"article:modified_time\" content=\"2013-01-12T22:28:18+00:00\" \/>\n<meta name=\"twitter:card\" content=\"summary_large_image\" \/>\n<meta name=\"twitter:label1\" content=\"Predpokladan\u00fd \u010das \u010d\u00edtania\" \/>\n\t<meta name=\"twitter:data1\" content=\"1 min\u00fata\" \/>\n<script type=\"application\/ld+json\" class=\"yoast-schema-graph\">{\"@context\":\"https:\/\/schema.org\",\"@graph\":[{\"@type\":\"WebPage\",\"@id\":\"https:\/\/www.enjoyslovakiasoul.com\/family-adventure-tours\/\",\"url\":\"https:\/\/www.enjoyslovakiasoul.com\/family-adventure-tours\/\",\"name\":\"Slovakia ski mountaineering holiday - EST Frontier Slovakia\",\"isPartOf\":{\"@id\":\"https:\/\/www.enjoyslovakiasoul.com\/#website\"},\"datePublished\":\"2011-11-29T09:34:06+00:00\",\"dateModified\":\"2013-01-12T22:28:18+00:00\",\"breadcrumb\":{\"@id\":\"https:\/\/www.enjoyslovakiasoul.com\/family-adventure-tours\/#breadcrumb\"},\"inLanguage\":\"sk-SK\",\"potentialAction\":[{\"@type\":\"ReadAction\",\"target\":[\"https:\/\/www.enjoyslovakiasoul.com\/family-adventure-tours\/\"]}]},{\"@type\":\"BreadcrumbList\",\"@id\":\"https:\/\/www.enjoyslovakiasoul.com\/family-adventure-tours\/#breadcrumb\",\"itemListElement\":[{\"@type\":\"ListItem\",\"position\":1,\"name\":\"Home\",\"item\":\"https:\/\/www.enjoyslovakiasoul.com\/\"},{\"@type\":\"ListItem\",\"position\":2,\"name\":\"Slovakia ski mountaineering holiday\"}]},{\"@type\":\"WebSite\",\"@id\":\"https:\/\/www.enjoyslovakiasoul.com\/#website\",\"url\":\"https:\/\/www.enjoyslovakiasoul.com\/\",\"name\":\"EST Frontier Slovakia\",\"description\":\"Fun, Relax, Adventure\",\"potentialAction\":[{\"@type\":\"SearchAction\",\"target\":{\"@type\":\"EntryPoint\",\"urlTemplate\":\"https:\/\/www.enjoyslovakiasoul.com\/?s={search_term_string}\"},\"query-input\":\"required name=search_term_string\"}],\"inLanguage\":\"sk-SK\"}]}<\/script>\n<!-- \/ Yoast SEO plugin. -->","yoast_head_json":{"title":"Slovakia ski mountaineering holiday - EST Frontier Slovakia","robots":{"index":"index","follow":"follow","max-snippet":"max-snippet:-1","max-image-preview":"max-image-preview:large","max-video-preview":"max-video-preview:-1"},"canonical":"https:\/\/www.enjoyslovakiasoul.com\/family-adventure-tours\/","og_locale":"sk_SK","og_type":"article","og_title":"Slovakia ski mountaineering holiday - EST Frontier Slovakia","og_description":"Slovakia ski mountaineering holiday Why ski-mountaineering? Ski-mountaineering takes you far away from crowded ski-slopes into tranquility of snow covered mountains, where you can enjoy skiing in powder snow and admire beautiful scenery of the Western Tatras. Western Tatras is one of the Europe\u2019s major ski mountaineering destinations. Come and witness this world with us&#8230; If [&hellip;]","og_url":"https:\/\/www.enjoyslovakiasoul.com\/family-adventure-tours\/","og_site_name":"EST Frontier Slovakia","article_modified_time":"2013-01-12T22:28:18+00:00","twitter_card":"summary_large_image","twitter_misc":{"Predpokladan\u00fd \u010das \u010d\u00edtania":"1 min\u00fata"},"schema":{"@context":"https:\/\/schema.org","@graph":[{"@type":"WebPage","@id":"https:\/\/www.enjoyslovakiasoul.com\/family-adventure-tours\/","url":"https:\/\/www.enjoyslovakiasoul.com\/family-adventure-tours\/","name":"Slovakia ski mountaineering holiday - EST Frontier Slovakia","isPartOf":{"@id":"https:\/\/www.enjoyslovakiasoul.com\/#website"},"datePublished":"2011-11-29T09:34:06+00:00","dateModified":"2013-01-12T22:28:18+00:00","breadcrumb":{"@id":"https:\/\/www.enjoyslovakiasoul.com\/family-adventure-tours\/#breadcrumb"},"inLanguage":"sk-SK","potentialAction":[{"@type":"ReadAction","target":["https:\/\/www.enjoyslovakiasoul.com\/family-adventure-tours\/"]}]},{"@type":"BreadcrumbList","@id":"https:\/\/www.enjoyslovakiasoul.com\/family-adventure-tours\/#breadcrumb","itemListElement":[{"@type":"ListItem","position":1,"name":"Home","item":"https:\/\/www.enjoyslovakiasoul.com\/"},{"@type":"ListItem","position":2,"name":"Slovakia ski mountaineering holiday"}]},{"@type":"WebSite","@id":"https:\/\/www.enjoyslovakiasoul.com\/#website","url":"https:\/\/www.enjoyslovakiasoul.com\/","name":"EST Frontier Slovakia","description":"Fun, Relax, Adventure","potentialAction":[{"@type":"SearchAction","target":{"@type":"EntryPoint","urlTemplate":"https:\/\/www.enjoyslovakiasoul.com\/?s={search_term_string}"},"query-input":"required name=search_term_string"}],"inLanguage":"sk-SK"}]}},"_links":{"self":[{"href":"https:\/\/www.enjoyslovakiasoul.com\/sk\/wp-json\/wp\/v2\/pages\/1991"}],"collection":[{"href":"https:\/\/www.enjoyslovakiasoul.com\/sk\/wp-json\/wp\/v2\/pages"}],"about":[{"href":"https:\/\/www.enjoyslovakiasoul.com\/sk\/wp-json\/wp\/v2\/types\/page"}],"author":[{"embeddable":true,"href":"https:\/\/www.enjoyslovakiasoul.com\/sk\/wp-json\/wp\/v2\/users\/1"}],"replies":[{"embeddable":true,"href":"https:\/\/www.enjoyslovakiasoul.com\/sk\/wp-json\/wp\/v2\/comments?post=1991"}],"version-history":[{"count":26,"href":"https:\/\/www.enjoyslovakiasoul.com\/sk\/wp-json\/wp\/v2\/pages\/1991\/revisions"}],"predecessor-version":[{"id":3344,"href":"https:\/\/www.enjoyslovakiasoul.com\/sk\/wp-json\/wp\/v2\/pages\/1991\/revisions\/3344"}],"wp:attachment":[{"href":"https:\/\/www.enjoyslovakiasoul.com\/sk\/wp-json\/wp\/v2\/media?parent=1991"}],"curies":[{"name":"wp","href":"https:\/\/api.w.org\/{rel}","templated":true}]}}