
{"id":2002,"date":"2011-12-01T08:52:53","date_gmt":"2011-12-01T08:52:53","guid":{"rendered":"http:\/\/www.enjoyslovakiasoul.com\/?page_id=2002"},"modified":"2011-12-09T09:10:55","modified_gmt":"2011-12-09T09:10:55","slug":"how-to-get-to-slovakia","status":"publish","type":"page","link":"https:\/\/www.enjoyslovakiasoul.com\/sk\/how-to-get-to-slovakia\/","title":{"rendered":"Ako sa dosta\u0165 na slovensko"},"content":{"rendered":"<p><\/p>\n<h3><span style=\"color: #000000;\">Land<\/span><\/h3>\n<h3><\/h3>\n<h3><span style=\"color: #000000;\">Bus<\/span><\/h3>\n<p><strong>Eurolines\u00a0<\/strong>(5541 4438;\u00a0<a href=\"http:\/\/www.eurolines.sk\/\" rel=\"nofollow external\">www.eurolines.sk<\/a>) connects\u00a0<a href=\"http:\/\/www.lonelyplanet.com\/destinationRedirector?atlasId=360690\">Bratislava<\/a>\u00a0by bus with most major European cities, including London (\u20ac100, 23 hours, five weekly),\u00a0<a href=\"http:\/\/www.lonelyplanet.com\/destinationRedirector?atlasId=359357\">Munich<\/a>\u00a0(\u20ac40, eight hours, three weekly) and\u00a0<a href=\"http:\/\/www.lonelyplanet.com\/destinationRedirector?atlasId=358656\">Vienna<\/a>\u00a0(\u20ac6, one hour, hourly).<\/p>\n<h3><a name=\"320525\"><\/a><\/h3>\n<h3><a name=\"320525\">Car&amp;motorcycle<\/a><\/h3>\n<p>&nbsp;<\/p>\n<p>All foreign drivers\u2019 licences with photo ID are valid in Slovakia. As well as your vehicle\u2019s registration papers, you need a \u2018green card\u2019 (which proves drivers travelling through\u00a0<a href=\"http:\/\/www.lonelyplanet.com\/destinationRedirector?atlasId=358537\">Europe<\/a>\u00a0have insurance that complies with the minimum requirements of the places that they drive through). Your vehicle must display a nationality sticker and carry a first-aid kit and warning triangle.<\/p>\n<p>&nbsp;<\/p>\n<h3><span style=\"color: #000000;\">Train<\/span><\/h3>\n<p>Direct trains connect\u00a0<a href=\"http:\/\/www.lonelyplanet.com\/destinationRedirector?atlasId=360690\">Bratislava<\/a>\u00a0with\u00a0<a href=\"http:\/\/www.lonelyplanet.com\/destinationRedirector?atlasId=358835\">Prague<\/a>\u00a0(4\u00bd hours, six daily),\u00a0<a href=\"http:\/\/www.lonelyplanet.com\/destinationRedirector?atlasId=359522\">Budapest<\/a>\u00a0(three hours, seven daily) and\u00a0<a href=\"http:\/\/www.lonelyplanet.com\/destinationRedirector?atlasId=358656\">Vienna<\/a>\u00a0(one hour, 30 daily). One night train links\u00a0<a href=\"http:\/\/www.lonelyplanet.com\/destinationRedirector?atlasId=360690\">Bratislava<\/a>with\u00a0<a href=\"http:\/\/www.lonelyplanet.com\/destinationRedirector?atlasId=360429\">Moscow<\/a>\u00a0(32\u00bd hours) and one with\u00a0<a href=\"http:\/\/www.lonelyplanet.com\/destinationRedirector?atlasId=360342\">Warsaw<\/a>\u00a0(10\u00bd hours). A daily train to Kiev (21 hours) passes through\u00a0<a href=\"http:\/\/www.lonelyplanet.com\/destinationRedirector?atlasId=360698\">Ko\u0161ice<\/a>\u00a0on its way from\u00a0<a href=\"http:\/\/www.lonelyplanet.com\/destinationRedirector?atlasId=359522\">Budapest<\/a>.<\/p>\n<p>&nbsp;<\/p>\n<p><span class=\"Apple-style-span\" style=\"font-size: 15px; font-weight: bold;\">Boat<\/span><\/p>\n<p><strong>Slovak Shipping and Ports\u00a0<\/strong>(Slovensk\u00e1 plavba a pr\u00edstavy;\u00a002-5293 2226;\u00a0<a href=\"http:\/\/www.lod.sk\/\" rel=\"nofollow external\">www.lod.sk<\/a>) hydrofoils ply the Danube river. Boats depart from the\u00a0<strong>Hydrofoil Terminal\u00a0<\/strong>(Fajnorovo n\u00e1bre\u017eie 2) and head to\u00a0<a href=\"http:\/\/www.lonelyplanet.com\/destinationRedirector?atlasId=358656\">Vienna<\/a>\u00a0and\u00a0<a href=\"http:\/\/www.lonelyplanet.com\/destinationRedirector?atlasId=359522\">Budapest<\/a>\u00a0daily from April to September.<\/p>\n<p>&nbsp;<\/p>\n<p><span class=\"Apple-style-span\" style=\"font-size: 15px; font-weight: bold;\">Air<\/span><\/p>\n<p><a href=\"http:\/\/www.lonelyplanet.com\/destinationRedirector?atlasId=360690\">Bratislava<\/a>\u2019s\u00a0<strong>MR \u0160tef\u00e1nika Airport\u00a0<\/strong>(code BTS;\u00a0<a href=\"http:\/\/www.airportbratislava.sk\/\" rel=\"nofollow external\">www.airportbratislava.sk<\/a>) receives flights from across\u00a0<a href=\"http:\/\/www.lonelyplanet.com\/destinationRedirector?atlasId=358537\">Europe<\/a>.\u00a0<strong>SkyEurope\u00a0<\/strong>(code NE;\u00a002-4850 4850;<a href=\"http:\/\/www.skyeurope.com\/\" rel=\"nofollow external\">www.skyeurope.com<\/a>) has the most connections (22 cities) and\u00a0<strong>Czech Airlines\u00a0<\/strong>(code OK;\u00a05296 1042;\u00a0<a href=\"http:\/\/www.czechairlines.com\/\" rel=\"nofollow external\">www.czechairlines.com<\/a>) flies between\u00a0<a href=\"http:\/\/www.lonelyplanet.com\/destinationRedirector?atlasId=358835\">Prague<\/a>\u00a0and both\u00a0<a href=\"http:\/\/www.lonelyplanet.com\/destinationRedirector?atlasId=360690\">Bratislava<\/a>and\u00a0<a href=\"http:\/\/www.lonelyplanet.com\/destinationRedirector?atlasId=360698\">Ko\u0161ice<\/a>.\u00a0<strong>Slovak Airlines\u00a0<\/strong>(code 6Q;\u00a04870 4870;\u00a0<a href=\"http:\/\/www.slovakairlines.sk\/\" rel=\"nofollow external\">www.slovakairlines.sk<\/a>) connects the capital with\u00a0<a href=\"http:\/\/www.lonelyplanet.com\/destinationRedirector?atlasId=358708\">Brussels<\/a>\u00a0and\u00a0<a href=\"http:\/\/www.lonelyplanet.com\/destinationRedirector?atlasId=360429\">Moscow<\/a>, albeit infrequently. To get here from beyond the Continent, use\u00a0<strong>Vienna International\u00a0<\/strong><strong>Airport\u00a0<\/strong>(code VIE;\u00a0<a href=\"http:\/\/www.viennaairport.com\/\" rel=\"nofollow external\">www.viennaairport.com<\/a>), 60km from\u00a0<a href=\"http:\/\/www.lonelyplanet.com\/destinationRedirector?atlasId=360690\">Bratislava<\/a>, which is connected by hourly buses.<\/p>\n<p>&nbsp;<\/p>\n<p><span style=\"color: #000000;\">If you need any other information, please do not hesitate to contact us at<\/span>\u00a0<a title=\"Contact us\" href=\"http:\/\/www.enjoyslovakiasoul.com\/\" target=\"_blank\">info@enjoyslovakiasoul.com<\/a>.<\/p>","protected":false},"excerpt":{"rendered":"<p>Land Bus Eurolines\u00a0(5541 4438;\u00a0www.eurolines.sk) connects\u00a0Bratislava\u00a0by bus with most major European cities, including London (\u20ac100, 23 hours, five weekly),\u00a0Munich\u00a0(\u20ac40, eight hours, three weekly) and\u00a0Vienna\u00a0(\u20ac6, one hour, hourly). Car&amp;motorcycle &nbsp; All foreign drivers\u2019 licences with photo ID are valid in Slovakia. As well as your vehicle\u2019s registration papers, you need a \u2018green card\u2019 (which proves drivers travelling [&hellip;]<\/p>\n","protected":false},"author":1,"featured_media":0,"parent":0,"menu_order":0,"comment_status":"open","ping_status":"open","template":"","meta":{"ngg_post_thumbnail":0},"yoast_head":"<!-- This site is optimized with the Yoast SEO plugin v20.3 - https:\/\/yoast.com\/wordpress\/plugins\/seo\/ -->\n<title>Ako sa dosta\u0165 na slovensko - EST Frontier Slovakia<\/title>\n<meta name=\"robots\" content=\"index, follow, max-snippet:-1, max-image-preview:large, max-video-preview:-1\" \/>\n<link rel=\"canonical\" href=\"https:\/\/www.enjoyslovakiasoul.com\/sk\/how-to-get-to-slovakia\/\" \/>\n<meta property=\"og:locale\" content=\"sk_SK\" \/>\n<meta property=\"og:type\" content=\"article\" \/>\n<meta property=\"og:title\" content=\"Ako sa dosta\u0165 na slovensko - EST Frontier Slovakia\" \/>\n<meta property=\"og:description\" content=\"Land Bus Eurolines\u00a0(5541 4438;\u00a0www.eurolines.sk) connects\u00a0Bratislava\u00a0by bus with most major European cities, including London (\u20ac100, 23 hours, five weekly),\u00a0Munich\u00a0(\u20ac40, eight hours, three weekly) and\u00a0Vienna\u00a0(\u20ac6, one hour, hourly). Car&amp;motorcycle &nbsp; All foreign drivers\u2019 licences with photo ID are valid in Slovakia. As well as your vehicle\u2019s registration papers, you need a \u2018green card\u2019 (which proves drivers travelling [&hellip;]\" \/>\n<meta property=\"og:url\" content=\"https:\/\/www.enjoyslovakiasoul.com\/sk\/how-to-get-to-slovakia\/\" \/>\n<meta property=\"og:site_name\" content=\"EST Frontier Slovakia\" \/>\n<meta property=\"article:modified_time\" content=\"2011-12-09T09:10:55+00:00\" \/>\n<meta name=\"twitter:card\" content=\"summary_large_image\" \/>\n<meta name=\"twitter:label1\" content=\"Predpokladan\u00fd \u010das \u010d\u00edtania\" \/>\n\t<meta name=\"twitter:data1\" content=\"3 min\u00faty\" \/>\n<script type=\"application\/ld+json\" class=\"yoast-schema-graph\">{\"@context\":\"https:\/\/schema.org\",\"@graph\":[{\"@type\":\"WebPage\",\"@id\":\"https:\/\/www.enjoyslovakiasoul.com\/sk\/how-to-get-to-slovakia\/\",\"url\":\"https:\/\/www.enjoyslovakiasoul.com\/sk\/how-to-get-to-slovakia\/\",\"name\":\"Ako sa dosta\u0165 na slovensko - EST Frontier Slovakia\",\"isPartOf\":{\"@id\":\"https:\/\/www.enjoyslovakiasoul.com\/#website\"},\"datePublished\":\"2011-12-01T08:52:53+00:00\",\"dateModified\":\"2011-12-09T09:10:55+00:00\",\"breadcrumb\":{\"@id\":\"https:\/\/www.enjoyslovakiasoul.com\/sk\/how-to-get-to-slovakia\/#breadcrumb\"},\"inLanguage\":\"sk-SK\",\"potentialAction\":[{\"@type\":\"ReadAction\",\"target\":[\"https:\/\/www.enjoyslovakiasoul.com\/sk\/how-to-get-to-slovakia\/\"]}]},{\"@type\":\"BreadcrumbList\",\"@id\":\"https:\/\/www.enjoyslovakiasoul.com\/sk\/how-to-get-to-slovakia\/#breadcrumb\",\"itemListElement\":[{\"@type\":\"ListItem\",\"position\":1,\"name\":\"Home\",\"item\":\"https:\/\/www.enjoyslovakiasoul.com\/\"},{\"@type\":\"ListItem\",\"position\":2,\"name\":\"Ako sa dosta\u0165 na slovensko\"}]},{\"@type\":\"WebSite\",\"@id\":\"https:\/\/www.enjoyslovakiasoul.com\/#website\",\"url\":\"https:\/\/www.enjoyslovakiasoul.com\/\",\"name\":\"EST Frontier Slovakia\",\"description\":\"Fun, Relax, Adventure\",\"potentialAction\":[{\"@type\":\"SearchAction\",\"target\":{\"@type\":\"EntryPoint\",\"urlTemplate\":\"https:\/\/www.enjoyslovakiasoul.com\/?s={search_term_string}\"},\"query-input\":\"required name=search_term_string\"}],\"inLanguage\":\"sk-SK\"}]}<\/script>\n<!-- \/ Yoast SEO plugin. -->","yoast_head_json":{"title":"Ako sa dosta\u0165 na slovensko - EST Frontier Slovakia","robots":{"index":"index","follow":"follow","max-snippet":"max-snippet:-1","max-image-preview":"max-image-preview:large","max-video-preview":"max-video-preview:-1"},"canonical":"https:\/\/www.enjoyslovakiasoul.com\/sk\/how-to-get-to-slovakia\/","og_locale":"sk_SK","og_type":"article","og_title":"Ako sa dosta\u0165 na slovensko - EST Frontier Slovakia","og_description":"Land Bus Eurolines\u00a0(5541 4438;\u00a0www.eurolines.sk) connects\u00a0Bratislava\u00a0by bus with most major European cities, including London (\u20ac100, 23 hours, five weekly),\u00a0Munich\u00a0(\u20ac40, eight hours, three weekly) and\u00a0Vienna\u00a0(\u20ac6, one hour, hourly). Car&amp;motorcycle &nbsp; All foreign drivers\u2019 licences with photo ID are valid in Slovakia. As well as your vehicle\u2019s registration papers, you need a \u2018green card\u2019 (which proves drivers travelling [&hellip;]","og_url":"https:\/\/www.enjoyslovakiasoul.com\/sk\/how-to-get-to-slovakia\/","og_site_name":"EST Frontier Slovakia","article_modified_time":"2011-12-09T09:10:55+00:00","twitter_card":"summary_large_image","twitter_misc":{"Predpokladan\u00fd \u010das \u010d\u00edtania":"3 min\u00faty"},"schema":{"@context":"https:\/\/schema.org","@graph":[{"@type":"WebPage","@id":"https:\/\/www.enjoyslovakiasoul.com\/sk\/how-to-get-to-slovakia\/","url":"https:\/\/www.enjoyslovakiasoul.com\/sk\/how-to-get-to-slovakia\/","name":"Ako sa dosta\u0165 na slovensko - EST Frontier Slovakia","isPartOf":{"@id":"https:\/\/www.enjoyslovakiasoul.com\/#website"},"datePublished":"2011-12-01T08:52:53+00:00","dateModified":"2011-12-09T09:10:55+00:00","breadcrumb":{"@id":"https:\/\/www.enjoyslovakiasoul.com\/sk\/how-to-get-to-slovakia\/#breadcrumb"},"inLanguage":"sk-SK","potentialAction":[{"@type":"ReadAction","target":["https:\/\/www.enjoyslovakiasoul.com\/sk\/how-to-get-to-slovakia\/"]}]},{"@type":"BreadcrumbList","@id":"https:\/\/www.enjoyslovakiasoul.com\/sk\/how-to-get-to-slovakia\/#breadcrumb","itemListElement":[{"@type":"ListItem","position":1,"name":"Home","item":"https:\/\/www.enjoyslovakiasoul.com\/"},{"@type":"ListItem","position":2,"name":"Ako sa dosta\u0165 na slovensko"}]},{"@type":"WebSite","@id":"https:\/\/www.enjoyslovakiasoul.com\/#website","url":"https:\/\/www.enjoyslovakiasoul.com\/","name":"EST Frontier Slovakia","description":"Fun, Relax, Adventure","potentialAction":[{"@type":"SearchAction","target":{"@type":"EntryPoint","urlTemplate":"https:\/\/www.enjoyslovakiasoul.com\/?s={search_term_string}"},"query-input":"required name=search_term_string"}],"inLanguage":"sk-SK"}]}},"_links":{"self":[{"href":"https:\/\/www.enjoyslovakiasoul.com\/sk\/wp-json\/wp\/v2\/pages\/2002"}],"collection":[{"href":"https:\/\/www.enjoyslovakiasoul.com\/sk\/wp-json\/wp\/v2\/pages"}],"about":[{"href":"https:\/\/www.enjoyslovakiasoul.com\/sk\/wp-json\/wp\/v2\/types\/page"}],"author":[{"embeddable":true,"href":"https:\/\/www.enjoyslovakiasoul.com\/sk\/wp-json\/wp\/v2\/users\/1"}],"replies":[{"embeddable":true,"href":"https:\/\/www.enjoyslovakiasoul.com\/sk\/wp-json\/wp\/v2\/comments?post=2002"}],"version-history":[{"count":3,"href":"https:\/\/www.enjoyslovakiasoul.com\/sk\/wp-json\/wp\/v2\/pages\/2002\/revisions"}],"predecessor-version":[{"id":2346,"href":"https:\/\/www.enjoyslovakiasoul.com\/sk\/wp-json\/wp\/v2\/pages\/2002\/revisions\/2346"}],"wp:attachment":[{"href":"https:\/\/www.enjoyslovakiasoul.com\/sk\/wp-json\/wp\/v2\/media?parent=2002"}],"curies":[{"name":"wp","href":"https:\/\/api.w.org\/{rel}","templated":true}]}}