
{"id":2004,"date":"2011-12-01T08:53:15","date_gmt":"2011-12-01T08:53:15","guid":{"rendered":"http:\/\/www.enjoyslovakiasoul.com\/?page_id=2004"},"modified":"2012-04-18T12:20:59","modified_gmt":"2012-04-18T12:20:59","slug":"visa","status":"publish","type":"page","link":"https:\/\/www.enjoyslovakiasoul.com\/sk\/visa\/","title":{"rendered":"Visa"},"content":{"rendered":"<p><\/p>\n<h4><span style=\"color: #000000;\">Visas<\/span><\/h4>\n<p><span style=\"color: #000000;\">Citizens of EU countries,\u00a0<\/span><a href=\"http:\/\/www.lonelyplanet.com\/destinationRedirector?atlasId=362249\">Australia<\/a>,\u00a0<a href=\"http:\/\/www.lonelyplanet.com\/destinationRedirector?atlasId=362644\">New Zealand<\/a>,\u00a0<a href=\"http:\/\/www.lonelyplanet.com\/destinationRedirector?atlasId=361212\">Canada<\/a>,\u00a0<a href=\"http:\/\/www.lonelyplanet.com\/destinationRedirector?atlasId=356635\">Japan<\/a>\u00a0<span style=\"color: #000000;\">and the<\/span>\u00a0<a href=\"http:\/\/www.lonelyplanet.com\/destinationRedirector?atlasId=361720\">USA<\/a>\u00a0<span style=\"color: #000000;\">can enter Slovakia visa-free for up to 90 days. South Africans do need a visa. For a full list, see<\/span>\u00a0<a href=\"http:\/\/www.mzv.sk\/\" rel=\"nofollow external\">www.mzv.sk<\/a>\u00a0<span style=\"color: #000000;\">(under Ministry and then Travel Advice). <\/span><\/p>\n<p><span style=\"color: #000000;\">If you require a visa, it\u00a0<em>must<\/em>be bought in advance \u2013 they are\u00a0<em>not\u00a0<\/em>issued on arrival at the border.<\/span><\/p>","protected":false},"excerpt":{"rendered":"<p>Visas Citizens of EU countries,\u00a0Australia,\u00a0New Zealand,\u00a0Canada,\u00a0Japan\u00a0and the\u00a0USA\u00a0can enter Slovakia visa-free for up to 90 days. South Africans do need a visa. For a full list, see\u00a0www.mzv.sk\u00a0(under Ministry and then Travel Advice). If you require a visa, it\u00a0mustbe bought in advance \u2013 they are\u00a0not\u00a0issued on arrival at the border.<\/p>\n","protected":false},"author":1,"featured_media":0,"parent":0,"menu_order":0,"comment_status":"open","ping_status":"open","template":"","meta":{"ngg_post_thumbnail":0},"yoast_head":"<!-- This site is optimized with the Yoast SEO plugin v20.3 - https:\/\/yoast.com\/wordpress\/plugins\/seo\/ -->\n<title>Visa - EST Frontier Slovakia<\/title>\n<meta name=\"robots\" content=\"index, follow, max-snippet:-1, max-image-preview:large, max-video-preview:-1\" \/>\n<link rel=\"canonical\" href=\"https:\/\/www.enjoyslovakiasoul.com\/visa\/\" \/>\n<meta property=\"og:locale\" content=\"sk_SK\" \/>\n<meta property=\"og:type\" content=\"article\" \/>\n<meta property=\"og:title\" content=\"Visa - EST Frontier Slovakia\" \/>\n<meta property=\"og:description\" content=\"Visas Citizens of EU countries,\u00a0Australia,\u00a0New Zealand,\u00a0Canada,\u00a0Japan\u00a0and the\u00a0USA\u00a0can enter Slovakia visa-free for up to 90 days. South Africans do need a visa. For a full list, see\u00a0www.mzv.sk\u00a0(under Ministry and then Travel Advice). If you require a visa, it\u00a0mustbe bought in advance \u2013 they are\u00a0not\u00a0issued on arrival at the border.\" \/>\n<meta property=\"og:url\" content=\"https:\/\/www.enjoyslovakiasoul.com\/visa\/\" \/>\n<meta property=\"og:site_name\" content=\"EST Frontier Slovakia\" \/>\n<meta property=\"article:modified_time\" content=\"2012-04-18T12:20:59+00:00\" \/>\n<meta name=\"twitter:card\" content=\"summary_large_image\" \/>\n<meta name=\"twitter:label1\" content=\"Predpokladan\u00fd \u010das \u010d\u00edtania\" \/>\n\t<meta name=\"twitter:data1\" content=\"1 min\u00fata\" \/>\n<script type=\"application\/ld+json\" class=\"yoast-schema-graph\">{\"@context\":\"https:\/\/schema.org\",\"@graph\":[{\"@type\":\"WebPage\",\"@id\":\"https:\/\/www.enjoyslovakiasoul.com\/visa\/\",\"url\":\"https:\/\/www.enjoyslovakiasoul.com\/visa\/\",\"name\":\"Visa - EST Frontier Slovakia\",\"isPartOf\":{\"@id\":\"https:\/\/www.enjoyslovakiasoul.com\/#website\"},\"datePublished\":\"2011-12-01T08:53:15+00:00\",\"dateModified\":\"2012-04-18T12:20:59+00:00\",\"breadcrumb\":{\"@id\":\"https:\/\/www.enjoyslovakiasoul.com\/visa\/#breadcrumb\"},\"inLanguage\":\"sk-SK\",\"potentialAction\":[{\"@type\":\"ReadAction\",\"target\":[\"https:\/\/www.enjoyslovakiasoul.com\/visa\/\"]}]},{\"@type\":\"BreadcrumbList\",\"@id\":\"https:\/\/www.enjoyslovakiasoul.com\/visa\/#breadcrumb\",\"itemListElement\":[{\"@type\":\"ListItem\",\"position\":1,\"name\":\"Home\",\"item\":\"https:\/\/www.enjoyslovakiasoul.com\/\"},{\"@type\":\"ListItem\",\"position\":2,\"name\":\"Visa\"}]},{\"@type\":\"WebSite\",\"@id\":\"https:\/\/www.enjoyslovakiasoul.com\/#website\",\"url\":\"https:\/\/www.enjoyslovakiasoul.com\/\",\"name\":\"EST Frontier Slovakia\",\"description\":\"Fun, Relax, Adventure\",\"potentialAction\":[{\"@type\":\"SearchAction\",\"target\":{\"@type\":\"EntryPoint\",\"urlTemplate\":\"https:\/\/www.enjoyslovakiasoul.com\/?s={search_term_string}\"},\"query-input\":\"required name=search_term_string\"}],\"inLanguage\":\"sk-SK\"}]}<\/script>\n<!-- \/ Yoast SEO plugin. -->","yoast_head_json":{"title":"Visa - EST Frontier Slovakia","robots":{"index":"index","follow":"follow","max-snippet":"max-snippet:-1","max-image-preview":"max-image-preview:large","max-video-preview":"max-video-preview:-1"},"canonical":"https:\/\/www.enjoyslovakiasoul.com\/visa\/","og_locale":"sk_SK","og_type":"article","og_title":"Visa - EST Frontier Slovakia","og_description":"Visas Citizens of EU countries,\u00a0Australia,\u00a0New Zealand,\u00a0Canada,\u00a0Japan\u00a0and the\u00a0USA\u00a0can enter Slovakia visa-free for up to 90 days. South Africans do need a visa. For a full list, see\u00a0www.mzv.sk\u00a0(under Ministry and then Travel Advice). If you require a visa, it\u00a0mustbe bought in advance \u2013 they are\u00a0not\u00a0issued on arrival at the border.","og_url":"https:\/\/www.enjoyslovakiasoul.com\/visa\/","og_site_name":"EST Frontier Slovakia","article_modified_time":"2012-04-18T12:20:59+00:00","twitter_card":"summary_large_image","twitter_misc":{"Predpokladan\u00fd \u010das \u010d\u00edtania":"1 min\u00fata"},"schema":{"@context":"https:\/\/schema.org","@graph":[{"@type":"WebPage","@id":"https:\/\/www.enjoyslovakiasoul.com\/visa\/","url":"https:\/\/www.enjoyslovakiasoul.com\/visa\/","name":"Visa - EST Frontier Slovakia","isPartOf":{"@id":"https:\/\/www.enjoyslovakiasoul.com\/#website"},"datePublished":"2011-12-01T08:53:15+00:00","dateModified":"2012-04-18T12:20:59+00:00","breadcrumb":{"@id":"https:\/\/www.enjoyslovakiasoul.com\/visa\/#breadcrumb"},"inLanguage":"sk-SK","potentialAction":[{"@type":"ReadAction","target":["https:\/\/www.enjoyslovakiasoul.com\/visa\/"]}]},{"@type":"BreadcrumbList","@id":"https:\/\/www.enjoyslovakiasoul.com\/visa\/#breadcrumb","itemListElement":[{"@type":"ListItem","position":1,"name":"Home","item":"https:\/\/www.enjoyslovakiasoul.com\/"},{"@type":"ListItem","position":2,"name":"Visa"}]},{"@type":"WebSite","@id":"https:\/\/www.enjoyslovakiasoul.com\/#website","url":"https:\/\/www.enjoyslovakiasoul.com\/","name":"EST Frontier Slovakia","description":"Fun, Relax, Adventure","potentialAction":[{"@type":"SearchAction","target":{"@type":"EntryPoint","urlTemplate":"https:\/\/www.enjoyslovakiasoul.com\/?s={search_term_string}"},"query-input":"required name=search_term_string"}],"inLanguage":"sk-SK"}]}},"_links":{"self":[{"href":"https:\/\/www.enjoyslovakiasoul.com\/sk\/wp-json\/wp\/v2\/pages\/2004"}],"collection":[{"href":"https:\/\/www.enjoyslovakiasoul.com\/sk\/wp-json\/wp\/v2\/pages"}],"about":[{"href":"https:\/\/www.enjoyslovakiasoul.com\/sk\/wp-json\/wp\/v2\/types\/page"}],"author":[{"embeddable":true,"href":"https:\/\/www.enjoyslovakiasoul.com\/sk\/wp-json\/wp\/v2\/users\/1"}],"replies":[{"embeddable":true,"href":"https:\/\/www.enjoyslovakiasoul.com\/sk\/wp-json\/wp\/v2\/comments?post=2004"}],"version-history":[{"count":6,"href":"https:\/\/www.enjoyslovakiasoul.com\/sk\/wp-json\/wp\/v2\/pages\/2004\/revisions"}],"predecessor-version":[{"id":3075,"href":"https:\/\/www.enjoyslovakiasoul.com\/sk\/wp-json\/wp\/v2\/pages\/2004\/revisions\/3075"}],"wp:attachment":[{"href":"https:\/\/www.enjoyslovakiasoul.com\/sk\/wp-json\/wp\/v2\/media?parent=2004"}],"curies":[{"name":"wp","href":"https:\/\/api.w.org\/{rel}","templated":true}]}}