
{"id":2006,"date":"2011-12-01T08:58:04","date_gmt":"2011-12-01T08:58:04","guid":{"rendered":"http:\/\/www.enjoyslovakiasoul.com\/?page_id=2006"},"modified":"2012-08-15T05:58:37","modified_gmt":"2012-08-15T05:58:37","slug":"about-us-2","status":"publish","type":"page","link":"https:\/\/www.enjoyslovakiasoul.com\/sk\/about-us-2\/","title":{"rendered":"O N\u00e1s"},"content":{"rendered":"<p><\/p>\n<address style=\"text-align: center;\"><span style=\"color: #000000;\">Introducing the passionate and knowledgeable guides, as well as a dedicated and experienced office staff of the Enjoy Slovakia Tours team. We are able to provide unique and original itineraries that allow our clients to take a journey of enthusiasm and infinite in depth, and into those special and secret places of Slovakia, we all love to discover.<\/span><\/address>\n<h2><\/h2>\n<h2 style=\"text-align: center;\"><\/h2>\n<h2 style=\"text-align: center;\"><span style=\"color: #000000;\"><strong>EST Frontier Slovakia<\/strong><strong>\u00a0philosophy<\/strong><\/span><\/h2>\n<address style=\"text-align: center;\">First of all, \u00a0is of the opinion that travel is the best way to learn. \u00a0Take your time,\u00a0stay away from tourist traps\u00a0and meet the locals and discover what their life is all about.<\/address>\n<address style=\"text-align: center;\">\u00a0<\/address>\n<div style=\"text-align: justify;\"><strong><strong><strong><\/strong><\/strong><\/strong>After traveling extensively around the world and spending a great amount of time outdoors, we were motivated to create an agency that offers people visiting Slovakia an unique experience centered around their interests, preferences and choose from many available tours we have to offer. Based on our thorough knowledge of the region, we&#8217;ll help you select the right tour or design one that suits your needs and expectations. We&#8217;ll be your tour guide and help you with any requests you may have during your stay.<\/div>\n<div><strong><br \/>\n<\/strong><\/div>\n<div style=\"text-align: justify;\">\n<h4 style=\"text-align: center;\"><span style=\"color: #000000;\"><strong>Who we are? Someone who grew up in the heart of Slovakia&#8230;<\/strong><\/span><\/h4>\n<\/div>\n<p><\/p>","protected":false},"excerpt":{"rendered":"<p>Introducing the passionate and knowledgeable guides, as well as a dedicated and experienced office staff of the Enjoy Slovakia Tours team. We are able to provide unique and original itineraries that allow our clients to take a journey of enthusiasm and infinite in depth, and into those special and secret places of Slovakia, we all [&hellip;]<\/p>\n","protected":false},"author":1,"featured_media":0,"parent":0,"menu_order":0,"comment_status":"open","ping_status":"open","template":"","meta":{"ngg_post_thumbnail":0},"yoast_head":"<!-- This site is optimized with the Yoast SEO plugin v20.3 - https:\/\/yoast.com\/wordpress\/plugins\/seo\/ -->\n<title>O N\u00e1s - EST Frontier Slovakia<\/title>\n<meta name=\"robots\" content=\"index, follow, max-snippet:-1, max-image-preview:large, max-video-preview:-1\" \/>\n<link rel=\"canonical\" href=\"https:\/\/www.enjoyslovakiasoul.com\/about-us-2\/\" \/>\n<meta property=\"og:locale\" content=\"sk_SK\" \/>\n<meta property=\"og:type\" content=\"article\" \/>\n<meta property=\"og:title\" content=\"O N\u00e1s - EST Frontier Slovakia\" \/>\n<meta property=\"og:description\" content=\"Introducing the passionate and knowledgeable guides, as well as a dedicated and experienced office staff of the Enjoy Slovakia Tours team. We are able to provide unique and original itineraries that allow our clients to take a journey of enthusiasm and infinite in depth, and into those special and secret places of Slovakia, we all [&hellip;]\" \/>\n<meta property=\"og:url\" content=\"https:\/\/www.enjoyslovakiasoul.com\/about-us-2\/\" \/>\n<meta property=\"og:site_name\" content=\"EST Frontier Slovakia\" \/>\n<meta property=\"article:modified_time\" content=\"2012-08-15T05:58:37+00:00\" \/>\n<meta name=\"twitter:card\" content=\"summary_large_image\" \/>\n<meta name=\"twitter:label1\" content=\"Predpokladan\u00fd \u010das \u010d\u00edtania\" \/>\n\t<meta name=\"twitter:data1\" content=\"2 min\u00faty\" \/>\n<script type=\"application\/ld+json\" class=\"yoast-schema-graph\">{\"@context\":\"https:\/\/schema.org\",\"@graph\":[{\"@type\":\"WebPage\",\"@id\":\"https:\/\/www.enjoyslovakiasoul.com\/about-us-2\/\",\"url\":\"https:\/\/www.enjoyslovakiasoul.com\/about-us-2\/\",\"name\":\"O N\u00e1s - EST Frontier Slovakia\",\"isPartOf\":{\"@id\":\"https:\/\/www.enjoyslovakiasoul.com\/#website\"},\"datePublished\":\"2011-12-01T08:58:04+00:00\",\"dateModified\":\"2012-08-15T05:58:37+00:00\",\"breadcrumb\":{\"@id\":\"https:\/\/www.enjoyslovakiasoul.com\/about-us-2\/#breadcrumb\"},\"inLanguage\":\"sk-SK\",\"potentialAction\":[{\"@type\":\"ReadAction\",\"target\":[\"https:\/\/www.enjoyslovakiasoul.com\/about-us-2\/\"]}]},{\"@type\":\"BreadcrumbList\",\"@id\":\"https:\/\/www.enjoyslovakiasoul.com\/about-us-2\/#breadcrumb\",\"itemListElement\":[{\"@type\":\"ListItem\",\"position\":1,\"name\":\"Home\",\"item\":\"https:\/\/www.enjoyslovakiasoul.com\/\"},{\"@type\":\"ListItem\",\"position\":2,\"name\":\"About Us\"}]},{\"@type\":\"WebSite\",\"@id\":\"https:\/\/www.enjoyslovakiasoul.com\/#website\",\"url\":\"https:\/\/www.enjoyslovakiasoul.com\/\",\"name\":\"EST Frontier Slovakia\",\"description\":\"Fun, Relax, Adventure\",\"potentialAction\":[{\"@type\":\"SearchAction\",\"target\":{\"@type\":\"EntryPoint\",\"urlTemplate\":\"https:\/\/www.enjoyslovakiasoul.com\/?s={search_term_string}\"},\"query-input\":\"required name=search_term_string\"}],\"inLanguage\":\"sk-SK\"}]}<\/script>\n<!-- \/ Yoast SEO plugin. -->","yoast_head_json":{"title":"O N\u00e1s - EST Frontier Slovakia","robots":{"index":"index","follow":"follow","max-snippet":"max-snippet:-1","max-image-preview":"max-image-preview:large","max-video-preview":"max-video-preview:-1"},"canonical":"https:\/\/www.enjoyslovakiasoul.com\/about-us-2\/","og_locale":"sk_SK","og_type":"article","og_title":"O N\u00e1s - EST Frontier Slovakia","og_description":"Introducing the passionate and knowledgeable guides, as well as a dedicated and experienced office staff of the Enjoy Slovakia Tours team. We are able to provide unique and original itineraries that allow our clients to take a journey of enthusiasm and infinite in depth, and into those special and secret places of Slovakia, we all [&hellip;]","og_url":"https:\/\/www.enjoyslovakiasoul.com\/about-us-2\/","og_site_name":"EST Frontier Slovakia","article_modified_time":"2012-08-15T05:58:37+00:00","twitter_card":"summary_large_image","twitter_misc":{"Predpokladan\u00fd \u010das \u010d\u00edtania":"2 min\u00faty"},"schema":{"@context":"https:\/\/schema.org","@graph":[{"@type":"WebPage","@id":"https:\/\/www.enjoyslovakiasoul.com\/about-us-2\/","url":"https:\/\/www.enjoyslovakiasoul.com\/about-us-2\/","name":"O N\u00e1s - EST Frontier Slovakia","isPartOf":{"@id":"https:\/\/www.enjoyslovakiasoul.com\/#website"},"datePublished":"2011-12-01T08:58:04+00:00","dateModified":"2012-08-15T05:58:37+00:00","breadcrumb":{"@id":"https:\/\/www.enjoyslovakiasoul.com\/about-us-2\/#breadcrumb"},"inLanguage":"sk-SK","potentialAction":[{"@type":"ReadAction","target":["https:\/\/www.enjoyslovakiasoul.com\/about-us-2\/"]}]},{"@type":"BreadcrumbList","@id":"https:\/\/www.enjoyslovakiasoul.com\/about-us-2\/#breadcrumb","itemListElement":[{"@type":"ListItem","position":1,"name":"Home","item":"https:\/\/www.enjoyslovakiasoul.com\/"},{"@type":"ListItem","position":2,"name":"About Us"}]},{"@type":"WebSite","@id":"https:\/\/www.enjoyslovakiasoul.com\/#website","url":"https:\/\/www.enjoyslovakiasoul.com\/","name":"EST Frontier Slovakia","description":"Fun, Relax, Adventure","potentialAction":[{"@type":"SearchAction","target":{"@type":"EntryPoint","urlTemplate":"https:\/\/www.enjoyslovakiasoul.com\/?s={search_term_string}"},"query-input":"required name=search_term_string"}],"inLanguage":"sk-SK"}]}},"_links":{"self":[{"href":"https:\/\/www.enjoyslovakiasoul.com\/sk\/wp-json\/wp\/v2\/pages\/2006"}],"collection":[{"href":"https:\/\/www.enjoyslovakiasoul.com\/sk\/wp-json\/wp\/v2\/pages"}],"about":[{"href":"https:\/\/www.enjoyslovakiasoul.com\/sk\/wp-json\/wp\/v2\/types\/page"}],"author":[{"embeddable":true,"href":"https:\/\/www.enjoyslovakiasoul.com\/sk\/wp-json\/wp\/v2\/users\/1"}],"replies":[{"embeddable":true,"href":"https:\/\/www.enjoyslovakiasoul.com\/sk\/wp-json\/wp\/v2\/comments?post=2006"}],"version-history":[{"count":31,"href":"https:\/\/www.enjoyslovakiasoul.com\/sk\/wp-json\/wp\/v2\/pages\/2006\/revisions"}],"predecessor-version":[{"id":2024,"href":"https:\/\/www.enjoyslovakiasoul.com\/sk\/wp-json\/wp\/v2\/pages\/2006\/revisions\/2024"}],"wp:attachment":[{"href":"https:\/\/www.enjoyslovakiasoul.com\/sk\/wp-json\/wp\/v2\/media?parent=2006"}],"curies":[{"name":"wp","href":"https:\/\/api.w.org\/{rel}","templated":true}]}}