
{"id":27,"date":"2011-05-16T08:02:34","date_gmt":"2011-05-16T08:02:34","guid":{"rendered":"http:\/\/www.enjoyslovakiasoul.com\/?page_id=27"},"modified":"2013-01-12T23:25:48","modified_gmt":"2013-01-12T23:25:48","slug":"aqua-and-thermal-parks-tours","status":"publish","type":"page","link":"https:\/\/www.enjoyslovakiasoul.com\/sk\/outdoor\/active-outdoor-enthusiasts-tours\/aqua-and-thermal-parks-tours\/","title":{"rendered":"Aquapark a term\u00e1lny svet"},"content":{"rendered":"<p><\/p>\n<p style=\"text-align: center;\"><span style=\"color: #008000;\"><strong>To najlep\u0161ie z\u00a0vodn\u00fdch z\u00e1bavn\u00fdch a term\u00e1lnych parkov, relaxu, wellness, cien, westernov\u00fdch meste\u010diek len s\u00a0Enjoy Slovakia Tours..<\/strong><\/span><\/p>\n<p>Nav\u0161t\u00edvte dva najkraj\u0161ie a najtradi\u010dnej\u0161ie regi\u00f3ny na Slovensku Orava and Liptov s\u00a0EST Frontier Slovakia a a pre\u017eite neopakovate\u013en\u00fa z\u00e1bavu v\u00a0jedn\u00fdch z\u00a0najkraj\u0161\u00edch a najv\u00e4\u010d\u0161\u00edch vodn\u00fdch svetov pln\u00fdch z\u00e1bavy a wellnesu a mnoho in\u00fdch tajomstiev, ktor\u00e9 \u010dakaj\u00fa len na v\u00e1s.<\/p>\n<p>&nbsp;<\/p>\n<p>&nbsp;<\/p>\n<p><strong><a href=\"http:\/\/www.enjoyslovakiasoul.com\/wp-content\/uploads\/tatralandia02v.jpg\"><img decoding=\"async\" loading=\"lazy\" class=\"size-thumbnail wp-image-143 alignleft\" title=\"Tatralandia Holiday Resort \" src=\"http:\/\/www.enjoyslovakiasoul.com\/wp-content\/uploads\/tatralandia02v-150x150.jpg\" alt=\"\" width=\"150\" height=\"150\" \/><\/a>Tatralandia Holiday Resort<\/strong> je najv\u00e4\u010d\u0161\u00edm celoro\u010dn\u00fdm are\u00e1lom vodnej z\u00e1bavy s ubytovan\u00edm na Slovensku, v \u010cech\u00e1ch a Po\u013esku. Jeho s\u00fa\u010das\u0165ou je Aquapark Tatralandia a ubytovac\u00ed komplex Holiday Village Tatralandia. Nach\u00e1dza sa v regi\u00f3ne Liptov. V tejto oblasti je mno\u017estvo kult\u00farnych pamiatok a charakteristick\u00e1 je svojr\u00e1znou \u013eudovou architekt\u00farou a folkl\u00f3rom. Liptov obklopuj\u00fa najv\u00e4\u010d\u0161ie hory na Slovensku \u2013Vysok\u00e9 a N\u00edzke Tatry, Ve\u013ek\u00e1 a Mal\u00e1 Fatra, Cho\u010dsk\u00e9 vrchy.<\/p>\n<p><strong><a href=\"http:\/\/www.enjoyslovakiasoul.com\/wp-content\/uploads\/030204_56_258154.jpg\"><img decoding=\"async\" loading=\"lazy\" class=\"alignleft size-thumbnail wp-image-144\" title=\"Meander Park Oravice \" src=\"http:\/\/www.enjoyslovakiasoul.com\/wp-content\/uploads\/030204_56_258154-150x150.jpg\" alt=\"\" width=\"150\" height=\"150\" \/><\/a>Are\u00e1l aquaparku Meander Park Oravice<\/strong> m\u00e1 rozlohu a\u017e 1545 m\u00b2 a je v \u0148om mo\u017en\u00e9 n\u00e1js\u0165 ve\u013ek\u00fd \u0161portovo \u2013 relaxa\u010dn\u00fd baz\u00e9n, ve\u013ek\u00fd a mal\u00fd relaxa\u010dn\u00fd baz\u00e9n, ochladzovac\u00ed baz\u00e9n. Baz\u00e9ny s\u00fa vybaven\u00e9 vodn\u00fdmi atrakciami ako s\u00fa umel\u00e9 vlny, plaveck\u00e1 \u010das\u0165, perli\u010dkov\u00e9 sedadl\u00e1, perli\u010dkov\u00e9 lavice, gejz\u00edr, vodn\u00fd hr\u00edb, ch\u0155li\u010de vody, mas\u00e1\u017ene trysky. Samozrejmos\u0165ou je aj tobog\u00e1n.<\/p>\n<p>Ak m\u00e1te z\u00e1ujem o dovolenku na Slovensku s\u00a0nami, nev\u00e1hajte a <a title=\"Kontakt\" href=\"http:\/\/www.enjoyslovakiasoul.com\/?page_id=17&amp;lang=sk\">kontaktujte n\u00e1s<\/a>. Povedzte n\u00e1m svoje predstavy a my sa budeme sna\u017ei\u0165 splni\u0165 v\u00e1m ich a obohati\u0165 ich o na\u0161e sk\u00fasenosti. <span style=\"color: #008000;\"><strong>Zabezpe\u010d\u00edme pre v\u00e1s cel\u00fd program, od dopravy a\u017e po ubytovanie v\u00a0tradi\u010dnom slovenskom prostred\u00ed, aby ste pre\u017eili nie len nezabudnute\u013en\u00e9 chv\u00edle v slovensk\u00fdch hor\u00e1ch, ale aby ste spoznali aj trad\u00edcie slovenskej kult\u00fary. <\/strong><\/span><\/p>","protected":false},"excerpt":{"rendered":"<p>To najlep\u0161ie z\u00a0vodn\u00fdch z\u00e1bavn\u00fdch a term\u00e1lnych parkov, relaxu, wellness, cien, westernov\u00fdch meste\u010diek len s\u00a0Enjoy Slovakia Tours.. Nav\u0161t\u00edvte dva najkraj\u0161ie a najtradi\u010dnej\u0161ie regi\u00f3ny na Slovensku Orava and Liptov s\u00a0EST Frontier Slovakia a a pre\u017eite neopakovate\u013en\u00fa z\u00e1bavu v\u00a0jedn\u00fdch z\u00a0najkraj\u0161\u00edch a najv\u00e4\u010d\u0161\u00edch vodn\u00fdch svetov pln\u00fdch z\u00e1bavy a wellnesu a mnoho in\u00fdch tajomstiev, ktor\u00e9 \u010dakaj\u00fa len na v\u00e1s. &nbsp; [&hellip;]<\/p>\n","protected":false},"author":1,"featured_media":0,"parent":19,"menu_order":0,"comment_status":"open","ping_status":"open","template":"","meta":{"ngg_post_thumbnail":0},"yoast_head":"<!-- This site is optimized with the Yoast SEO plugin v20.3 - https:\/\/yoast.com\/wordpress\/plugins\/seo\/ -->\n<title>Aquapark a term\u00e1lny svet - EST Frontier Slovakia<\/title>\n<meta name=\"robots\" content=\"index, follow, max-snippet:-1, max-image-preview:large, max-video-preview:-1\" \/>\n<link rel=\"canonical\" href=\"https:\/\/www.enjoyslovakiasoul.com\/outdoor\/active-outdoor-enthusiasts-tours\/aqua-and-thermal-parks-tours\/\" \/>\n<meta property=\"og:locale\" content=\"sk_SK\" \/>\n<meta property=\"og:type\" content=\"article\" \/>\n<meta property=\"og:title\" content=\"Aquapark a term\u00e1lny svet - EST Frontier Slovakia\" \/>\n<meta property=\"og:description\" content=\"To najlep\u0161ie z\u00a0vodn\u00fdch z\u00e1bavn\u00fdch a term\u00e1lnych parkov, relaxu, wellness, cien, westernov\u00fdch meste\u010diek len s\u00a0Enjoy Slovakia Tours.. Nav\u0161t\u00edvte dva najkraj\u0161ie a najtradi\u010dnej\u0161ie regi\u00f3ny na Slovensku Orava and Liptov s\u00a0EST Frontier Slovakia a a pre\u017eite neopakovate\u013en\u00fa z\u00e1bavu v\u00a0jedn\u00fdch z\u00a0najkraj\u0161\u00edch a najv\u00e4\u010d\u0161\u00edch vodn\u00fdch svetov pln\u00fdch z\u00e1bavy a wellnesu a mnoho in\u00fdch tajomstiev, ktor\u00e9 \u010dakaj\u00fa len na v\u00e1s. &nbsp; [&hellip;]\" \/>\n<meta property=\"og:url\" content=\"https:\/\/www.enjoyslovakiasoul.com\/outdoor\/active-outdoor-enthusiasts-tours\/aqua-and-thermal-parks-tours\/\" \/>\n<meta property=\"og:site_name\" content=\"EST Frontier Slovakia\" \/>\n<meta property=\"article:modified_time\" content=\"2013-01-12T23:25:48+00:00\" \/>\n<meta property=\"og:image\" content=\"http:\/\/www.enjoyslovakiasoul.com\/wp-content\/uploads\/tatralandia02v1-150x150.jpg\" \/>\n<meta name=\"twitter:card\" content=\"summary_large_image\" \/>\n<meta name=\"twitter:label1\" content=\"Predpokladan\u00fd \u010das \u010d\u00edtania\" \/>\n\t<meta name=\"twitter:data1\" content=\"3 min\u00faty\" \/>\n<script type=\"application\/ld+json\" class=\"yoast-schema-graph\">{\"@context\":\"https:\/\/schema.org\",\"@graph\":[{\"@type\":\"WebPage\",\"@id\":\"https:\/\/www.enjoyslovakiasoul.com\/outdoor\/active-outdoor-enthusiasts-tours\/aqua-and-thermal-parks-tours\/\",\"url\":\"https:\/\/www.enjoyslovakiasoul.com\/outdoor\/active-outdoor-enthusiasts-tours\/aqua-and-thermal-parks-tours\/\",\"name\":\"Aquapark a term\u00e1lny svet - EST Frontier Slovakia\",\"isPartOf\":{\"@id\":\"https:\/\/www.enjoyslovakiasoul.com\/#website\"},\"datePublished\":\"2011-05-16T08:02:34+00:00\",\"dateModified\":\"2013-01-12T23:25:48+00:00\",\"breadcrumb\":{\"@id\":\"https:\/\/www.enjoyslovakiasoul.com\/outdoor\/active-outdoor-enthusiasts-tours\/aqua-and-thermal-parks-tours\/#breadcrumb\"},\"inLanguage\":\"sk-SK\",\"potentialAction\":[{\"@type\":\"ReadAction\",\"target\":[\"https:\/\/www.enjoyslovakiasoul.com\/outdoor\/active-outdoor-enthusiasts-tours\/aqua-and-thermal-parks-tours\/\"]}]},{\"@type\":\"BreadcrumbList\",\"@id\":\"https:\/\/www.enjoyslovakiasoul.com\/outdoor\/active-outdoor-enthusiasts-tours\/aqua-and-thermal-parks-tours\/#breadcrumb\",\"itemListElement\":[{\"@type\":\"ListItem\",\"position\":1,\"name\":\"Home\",\"item\":\"https:\/\/www.enjoyslovakiasoul.com\/\"},{\"@type\":\"ListItem\",\"position\":2,\"name\":\"Outdoor\",\"item\":\"https:\/\/www.enjoyslovakiasoul.com\/outdoor\/\"},{\"@type\":\"ListItem\",\"position\":3,\"name\":\"Outdoor Activities\",\"item\":\"https:\/\/www.enjoyslovakiasoul.com\/outdoor\/active-outdoor-enthusiasts-tours\/\"},{\"@type\":\"ListItem\",\"position\":4,\"name\":\"Aquaparks and Thermal parks\"}]},{\"@type\":\"WebSite\",\"@id\":\"https:\/\/www.enjoyslovakiasoul.com\/#website\",\"url\":\"https:\/\/www.enjoyslovakiasoul.com\/\",\"name\":\"EST Frontier Slovakia\",\"description\":\"Fun, Relax, Adventure\",\"potentialAction\":[{\"@type\":\"SearchAction\",\"target\":{\"@type\":\"EntryPoint\",\"urlTemplate\":\"https:\/\/www.enjoyslovakiasoul.com\/?s={search_term_string}\"},\"query-input\":\"required name=search_term_string\"}],\"inLanguage\":\"sk-SK\"}]}<\/script>\n<!-- \/ Yoast SEO plugin. -->","yoast_head_json":{"title":"Aquapark a term\u00e1lny svet - EST Frontier Slovakia","robots":{"index":"index","follow":"follow","max-snippet":"max-snippet:-1","max-image-preview":"max-image-preview:large","max-video-preview":"max-video-preview:-1"},"canonical":"https:\/\/www.enjoyslovakiasoul.com\/outdoor\/active-outdoor-enthusiasts-tours\/aqua-and-thermal-parks-tours\/","og_locale":"sk_SK","og_type":"article","og_title":"Aquapark a term\u00e1lny svet - EST Frontier Slovakia","og_description":"To najlep\u0161ie z\u00a0vodn\u00fdch z\u00e1bavn\u00fdch a term\u00e1lnych parkov, relaxu, wellness, cien, westernov\u00fdch meste\u010diek len s\u00a0Enjoy Slovakia Tours.. Nav\u0161t\u00edvte dva najkraj\u0161ie a najtradi\u010dnej\u0161ie regi\u00f3ny na Slovensku Orava and Liptov s\u00a0EST Frontier Slovakia a a pre\u017eite neopakovate\u013en\u00fa z\u00e1bavu v\u00a0jedn\u00fdch z\u00a0najkraj\u0161\u00edch a najv\u00e4\u010d\u0161\u00edch vodn\u00fdch svetov pln\u00fdch z\u00e1bavy a wellnesu a mnoho in\u00fdch tajomstiev, ktor\u00e9 \u010dakaj\u00fa len na v\u00e1s. &nbsp; [&hellip;]","og_url":"https:\/\/www.enjoyslovakiasoul.com\/outdoor\/active-outdoor-enthusiasts-tours\/aqua-and-thermal-parks-tours\/","og_site_name":"EST Frontier Slovakia","article_modified_time":"2013-01-12T23:25:48+00:00","og_image":[{"url":"http:\/\/www.enjoyslovakiasoul.com\/wp-content\/uploads\/tatralandia02v1-150x150.jpg"}],"twitter_card":"summary_large_image","twitter_misc":{"Predpokladan\u00fd \u010das \u010d\u00edtania":"3 min\u00faty"},"schema":{"@context":"https:\/\/schema.org","@graph":[{"@type":"WebPage","@id":"https:\/\/www.enjoyslovakiasoul.com\/outdoor\/active-outdoor-enthusiasts-tours\/aqua-and-thermal-parks-tours\/","url":"https:\/\/www.enjoyslovakiasoul.com\/outdoor\/active-outdoor-enthusiasts-tours\/aqua-and-thermal-parks-tours\/","name":"Aquapark a term\u00e1lny svet - EST Frontier Slovakia","isPartOf":{"@id":"https:\/\/www.enjoyslovakiasoul.com\/#website"},"datePublished":"2011-05-16T08:02:34+00:00","dateModified":"2013-01-12T23:25:48+00:00","breadcrumb":{"@id":"https:\/\/www.enjoyslovakiasoul.com\/outdoor\/active-outdoor-enthusiasts-tours\/aqua-and-thermal-parks-tours\/#breadcrumb"},"inLanguage":"sk-SK","potentialAction":[{"@type":"ReadAction","target":["https:\/\/www.enjoyslovakiasoul.com\/outdoor\/active-outdoor-enthusiasts-tours\/aqua-and-thermal-parks-tours\/"]}]},{"@type":"BreadcrumbList","@id":"https:\/\/www.enjoyslovakiasoul.com\/outdoor\/active-outdoor-enthusiasts-tours\/aqua-and-thermal-parks-tours\/#breadcrumb","itemListElement":[{"@type":"ListItem","position":1,"name":"Home","item":"https:\/\/www.enjoyslovakiasoul.com\/"},{"@type":"ListItem","position":2,"name":"Outdoor","item":"https:\/\/www.enjoyslovakiasoul.com\/outdoor\/"},{"@type":"ListItem","position":3,"name":"Outdoor Activities","item":"https:\/\/www.enjoyslovakiasoul.com\/outdoor\/active-outdoor-enthusiasts-tours\/"},{"@type":"ListItem","position":4,"name":"Aquaparks and Thermal parks"}]},{"@type":"WebSite","@id":"https:\/\/www.enjoyslovakiasoul.com\/#website","url":"https:\/\/www.enjoyslovakiasoul.com\/","name":"EST Frontier Slovakia","description":"Fun, Relax, Adventure","potentialAction":[{"@type":"SearchAction","target":{"@type":"EntryPoint","urlTemplate":"https:\/\/www.enjoyslovakiasoul.com\/?s={search_term_string}"},"query-input":"required name=search_term_string"}],"inLanguage":"sk-SK"}]}},"_links":{"self":[{"href":"https:\/\/www.enjoyslovakiasoul.com\/sk\/wp-json\/wp\/v2\/pages\/27"}],"collection":[{"href":"https:\/\/www.enjoyslovakiasoul.com\/sk\/wp-json\/wp\/v2\/pages"}],"about":[{"href":"https:\/\/www.enjoyslovakiasoul.com\/sk\/wp-json\/wp\/v2\/types\/page"}],"author":[{"embeddable":true,"href":"https:\/\/www.enjoyslovakiasoul.com\/sk\/wp-json\/wp\/v2\/users\/1"}],"replies":[{"embeddable":true,"href":"https:\/\/www.enjoyslovakiasoul.com\/sk\/wp-json\/wp\/v2\/comments?post=27"}],"version-history":[{"count":23,"href":"https:\/\/www.enjoyslovakiasoul.com\/sk\/wp-json\/wp\/v2\/pages\/27\/revisions"}],"predecessor-version":[{"id":138,"href":"https:\/\/www.enjoyslovakiasoul.com\/sk\/wp-json\/wp\/v2\/pages\/27\/revisions\/138"}],"up":[{"embeddable":true,"href":"https:\/\/www.enjoyslovakiasoul.com\/sk\/wp-json\/wp\/v2\/pages\/19"}],"wp:attachment":[{"href":"https:\/\/www.enjoyslovakiasoul.com\/sk\/wp-json\/wp\/v2\/media?parent=27"}],"curies":[{"name":"wp","href":"https:\/\/api.w.org\/{rel}","templated":true}]}}