
{"id":29,"date":"2011-05-16T08:03:03","date_gmt":"2011-05-16T08:03:03","guid":{"rendered":"http:\/\/www.enjoyslovakiasoul.com\/?page_id=29"},"modified":"2013-01-12T23:44:40","modified_gmt":"2013-01-12T23:44:40","slug":"cykling-tours","status":"publish","type":"page","link":"https:\/\/www.enjoyslovakiasoul.com\/sk\/outdoor\/active-outdoor-enthusiasts-tours\/cykling-tours\/","title":{"rendered":"Cyklistika"},"content":{"rendered":"<p><\/p>\n<p style=\"text-align: center;\"><a href=\"http:\/\/www.enjoyslovakiasoul.com\/wp-content\/uploads\/LIPTOV-MIGE-zmena2.jpg\"><img decoding=\"async\" loading=\"lazy\" class=\"alignnone size-full wp-image-185\" title=\"Cykling\" src=\"http:\/\/www.enjoyslovakiasoul.com\/wp-content\/uploads\/LIPTOV-MIGE-zmena2.jpg\" alt=\"\" width=\"615\" height=\"139\" srcset=\"https:\/\/www.enjoyslovakiasoul.com\/wp-content\/uploads\/LIPTOV-MIGE-zmena2.jpg 615w, https:\/\/www.enjoyslovakiasoul.com\/wp-content\/uploads\/LIPTOV-MIGE-zmena2-300x67.jpg 300w\" sizes=\"(max-width: 615px) 100vw, 615px\" \/><\/a><\/p>\n<p style=\"text-align: center;\"><span style=\"color: #008000;\"><strong>Vychutnaj si s\u00a0nami nezabudnute\u013en\u00fa <\/strong><strong>cyklistiku v najkraj\u0161\u00edch regi\u00f3noch Slovenska s tradi\u010dnou <\/strong><\/span><\/p>\n<p style=\"text-align: center;\"><span style=\"color: #008000;\"><strong>slovenskou atmosf\u00e9rou..<\/strong><\/span> <strong> <\/strong><\/p>\n<p>Rozm\u00fd\u0161\u013eate nad dovolenkou v krajine, kde sa akoby zastavil \u010das\u00a0 v\u00a0kr\u00e1snom prostred\u00ed vysok\u00fdch h\u00f4r, horsk\u00fdch bystr\u00edn a\u00a0slnkom zaliatych horsk\u00fdch lazov s\u00a0tradi\u010dnou slovenskou atmosf\u00e9rou, veselou \u013eudovou z\u00e1bavou a chutn\u00fdm slovensk\u00fdm jedlom? Potom ste na spr\u00e1vnej ceste\u2026<\/p>\n<p><a href=\"http:\/\/www.enjoyslovakiasoul.com\/wp-content\/uploads\/Untitled-1.jpg\"><img decoding=\"async\" loading=\"lazy\" class=\"alignright size-thumbnail wp-image-187\" title=\"Cykling1\" src=\"http:\/\/www.enjoyslovakiasoul.com\/wp-content\/uploads\/Untitled-1-150x150.jpg\" alt=\"\" width=\"150\" height=\"150\" \/><\/a><\/p>\n<p>V\u00a0tejto malej krajine s\u00a0ve\u013ek\u00fdm srdcom v\u00a0strede Eur\u00f3py, v\u00e1s \u010dakaj\u00fa nezabudnute\u013en\u00e9 chv\u00edle. Vychutnajte si cykloturistiku v najsc\u00e9nickej\u0161\u00edch a najkraj\u0161\u00edch regi\u00f3noch Slovenska \u2013 <strong>Orave a Liptove. <\/strong>Postar\u00e1me sa o to, aby ste si z dovolenky s\u00a0nami odnesli nie len nezabudnuteln\u00e9 \u0161portov\u00e9 z\u00e1\u017eitky a relax v\u00a0tichej \u010distej pr\u00edrode, no tie\u017e sa postar\u00e1me o to, aby ste spoznali\u00a0 prad\u00e1vne trad\u00edcie a kult\u00faru slovensk\u00e9ho n\u00e1roda.<strong> <\/strong><\/p>\n<p style=\"text-align: left;\"><strong><a href=\"http:\/\/www.enjoyslovakiasoul.com\/wp-content\/uploads\/sertig-valley-cycling.jpg\"><img decoding=\"async\" loading=\"lazy\" class=\"size-thumbnail wp-image-188 alignleft\" title=\"Cykling tour\" src=\"http:\/\/www.enjoyslovakiasoul.com\/wp-content\/uploads\/sertig-valley-cycling-150x150.jpg\" alt=\"\" width=\"150\" height=\"150\" srcset=\"https:\/\/www.enjoyslovakiasoul.com\/wp-content\/uploads\/sertig-valley-cycling-150x150.jpg 150w, https:\/\/www.enjoyslovakiasoul.com\/wp-content\/uploads\/sertig-valley-cycling-300x300.jpg 300w, https:\/\/www.enjoyslovakiasoul.com\/wp-content\/uploads\/sertig-valley-cycling-1024x1024.jpg 1024w, https:\/\/www.enjoyslovakiasoul.com\/wp-content\/uploads\/sertig-valley-cycling.jpg 1200w\" sizes=\"(max-width: 150px) 100vw, 150px\" \/><\/a><span style=\"color: #008000;\">EST Frontier Slovakia <\/span><\/strong><span style=\"color: #000000;\">V\u00e1m pon\u00faka spozna\u0165 pr\u00edrodn\u00e9 kr\u00e1sy, ktor\u00e9 sa priam n\u00fakaj\u00fa na cyklistick\u00e9 v\u00fdlety v\u00a0mesiacoch od apr\u00edla do okt\u00f3bra. Pon\u00fakame V\u00e1m mno\u017estvo jednoduch\u00fdch aj n\u00e1ro\u010dnej\u0161\u00edch cyklistick\u00fdch tr\u00e1s so sprievodcom. Cyklot\u00fary ved\u00fa panoramatick\u00fdmi v\u00fdhladmi na okolit\u00e9 pohoria a doliny, cez lesy, kde n\u00e1jdeme aj mnoh\u00e9 n\u00e1u\u010dn\u00e9 chodn\u00edky. Cykloturistiku V\u00e1m pod\u013ea va\u0161ej predstavy spoj\u00edme s n\u00e1v\u0161tevou historick\u00fdch pamiatok,\u00a0 skanzemov, jask\u00fd\u0148, jazier \u010di zastav\u00edme sa na\u00a0slovenskom tradi\u010dnom vidi\u00e9ku, kde v\u00e1s o\u010dar\u00ed pohostinstvo miestnych obyvate\u013eov a pr\u00e1ve tu za\u017eijete prav\u00fa slovensk\u00fa kult\u00faru. Pod\u013ea Va\u0161ich predst\u00e1v v\u00e1m poskytneme ubytovanie pre jednotlivca aj skupiny s\u00a0ra\u0148ajkami v\u00a0priv\u00e1toch,\u00a0v slovenskej tradi\u010dnej kolibe, alebo za\u017eite no\u010dn\u00fa idylku pri ohni pod hol\u00fdm nebom a kempujte pri jazere, zabavte sa so \u017eivou \u013eudovou hudbou, zastavte sa na mieste, kde sa konaj\u00fa ob\u013euben\u00e9 \u00a0folkl\u00f3rne festivaly, ok\u00faste tradi\u010dn\u00e9 slovensk\u00e9 jedl\u00e1 alebo si len tak u\u017e\u00edvajte romantick\u00e9 prostredie a spozn\u00e1vajte kr\u00e1sy na\u0161ej malej ve\u013ekej krajiny.<\/span><\/p>\n<p style=\"text-align: left;\"><a href=\"http:\/\/www.enjoyslovakiasoul.com\/wp-content\/uploads\/P1080472.jpg\"><img decoding=\"async\" loading=\"lazy\" class=\"alignright size-thumbnail wp-image-189\" title=\"Cykling tour\" src=\"http:\/\/www.enjoyslovakiasoul.com\/wp-content\/uploads\/P1080472-150x150.jpg\" alt=\"\" width=\"150\" height=\"150\" \/><\/a><\/p>\n<p>Ak m\u00e1te z\u00e1ujem o dovolenku na Slovensku s\u00a0nami, nev\u00e1hajte.\u00a0 <a title=\"Kontakt\" href=\"http:\/\/www.enjoyslovakiasoul.com\/?page_id=17&amp;lang=sk\">Kontaktujte n\u00e1s<\/a>, povedzte n\u00e1m svoje predstavy a my sa budeme sna\u017ei\u0165 splni\u0165 v\u00e1m ich a obohati\u0165 ich o na\u0161e sk\u00fasenosti. <strong><span style=\"color: #008000;\">Zabezpe\u010d\u00edme pre v\u00e1s cel\u00fd program, od dopravy a\u017e po ubytovanie v\u00a0tradi\u010dnom slovenskom prostred\u00ed, aby ste pre\u017eili nie len nezabudnute\u013en\u00e9 chv\u00edle v slovensk\u00fdch hor\u00e1ch, ale aby ste spoznali aj trad\u00edcie slovenskej kult\u00fary.<\/span><\/strong><\/p>","protected":false},"excerpt":{"rendered":"<p>Vychutnaj si s\u00a0nami nezabudnute\u013en\u00fa cyklistiku v najkraj\u0161\u00edch regi\u00f3noch Slovenska s tradi\u010dnou slovenskou atmosf\u00e9rou.. Rozm\u00fd\u0161\u013eate nad dovolenkou v krajine, kde sa akoby zastavil \u010das\u00a0 v\u00a0kr\u00e1snom prostred\u00ed vysok\u00fdch h\u00f4r, horsk\u00fdch bystr\u00edn a\u00a0slnkom zaliatych horsk\u00fdch lazov s\u00a0tradi\u010dnou slovenskou atmosf\u00e9rou, veselou \u013eudovou z\u00e1bavou a chutn\u00fdm slovensk\u00fdm jedlom? Potom ste na spr\u00e1vnej ceste\u2026 V\u00a0tejto malej krajine s\u00a0ve\u013ek\u00fdm srdcom v\u00a0strede Eur\u00f3py, [&hellip;]<\/p>\n","protected":false},"author":1,"featured_media":0,"parent":19,"menu_order":0,"comment_status":"open","ping_status":"open","template":"","meta":{"ngg_post_thumbnail":0},"yoast_head":"<!-- This site is optimized with the Yoast SEO plugin v20.3 - https:\/\/yoast.com\/wordpress\/plugins\/seo\/ -->\n<title>Cyklistika - EST Frontier Slovakia<\/title>\n<meta name=\"robots\" content=\"index, follow, max-snippet:-1, max-image-preview:large, max-video-preview:-1\" \/>\n<link rel=\"canonical\" href=\"https:\/\/www.enjoyslovakiasoul.com\/outdoor\/active-outdoor-enthusiasts-tours\/cykling-tours\/\" \/>\n<meta property=\"og:locale\" content=\"sk_SK\" \/>\n<meta property=\"og:type\" content=\"article\" \/>\n<meta property=\"og:title\" content=\"Cyklistika - EST Frontier Slovakia\" \/>\n<meta property=\"og:description\" content=\"Vychutnaj si s\u00a0nami nezabudnute\u013en\u00fa cyklistiku v najkraj\u0161\u00edch regi\u00f3noch Slovenska s tradi\u010dnou slovenskou atmosf\u00e9rou.. Rozm\u00fd\u0161\u013eate nad dovolenkou v krajine, kde sa akoby zastavil \u010das\u00a0 v\u00a0kr\u00e1snom prostred\u00ed vysok\u00fdch h\u00f4r, horsk\u00fdch bystr\u00edn a\u00a0slnkom zaliatych horsk\u00fdch lazov s\u00a0tradi\u010dnou slovenskou atmosf\u00e9rou, veselou \u013eudovou z\u00e1bavou a chutn\u00fdm slovensk\u00fdm jedlom? Potom ste na spr\u00e1vnej ceste\u2026 V\u00a0tejto malej krajine s\u00a0ve\u013ek\u00fdm srdcom v\u00a0strede Eur\u00f3py, [&hellip;]\" \/>\n<meta property=\"og:url\" content=\"https:\/\/www.enjoyslovakiasoul.com\/outdoor\/active-outdoor-enthusiasts-tours\/cykling-tours\/\" \/>\n<meta property=\"og:site_name\" content=\"EST Frontier Slovakia\" \/>\n<meta property=\"article:modified_time\" content=\"2013-01-12T23:44:40+00:00\" \/>\n<meta property=\"og:image\" content=\"http:\/\/www.enjoyslovakiasoul.com\/wp-content\/uploads\/LIPTOV-MIGE-zmena2.jpg\" \/>\n<meta name=\"twitter:card\" content=\"summary_large_image\" \/>\n<meta name=\"twitter:label1\" content=\"Predpokladan\u00fd \u010das \u010d\u00edtania\" \/>\n\t<meta name=\"twitter:data1\" content=\"3 min\u00faty\" \/>\n<script type=\"application\/ld+json\" class=\"yoast-schema-graph\">{\"@context\":\"https:\/\/schema.org\",\"@graph\":[{\"@type\":\"WebPage\",\"@id\":\"https:\/\/www.enjoyslovakiasoul.com\/outdoor\/active-outdoor-enthusiasts-tours\/cykling-tours\/\",\"url\":\"https:\/\/www.enjoyslovakiasoul.com\/outdoor\/active-outdoor-enthusiasts-tours\/cykling-tours\/\",\"name\":\"Cyklistika - EST Frontier Slovakia\",\"isPartOf\":{\"@id\":\"https:\/\/www.enjoyslovakiasoul.com\/#website\"},\"datePublished\":\"2011-05-16T08:03:03+00:00\",\"dateModified\":\"2013-01-12T23:44:40+00:00\",\"breadcrumb\":{\"@id\":\"https:\/\/www.enjoyslovakiasoul.com\/outdoor\/active-outdoor-enthusiasts-tours\/cykling-tours\/#breadcrumb\"},\"inLanguage\":\"sk-SK\",\"potentialAction\":[{\"@type\":\"ReadAction\",\"target\":[\"https:\/\/www.enjoyslovakiasoul.com\/outdoor\/active-outdoor-enthusiasts-tours\/cykling-tours\/\"]}]},{\"@type\":\"BreadcrumbList\",\"@id\":\"https:\/\/www.enjoyslovakiasoul.com\/outdoor\/active-outdoor-enthusiasts-tours\/cykling-tours\/#breadcrumb\",\"itemListElement\":[{\"@type\":\"ListItem\",\"position\":1,\"name\":\"Home\",\"item\":\"https:\/\/www.enjoyslovakiasoul.com\/\"},{\"@type\":\"ListItem\",\"position\":2,\"name\":\"Outdoor\",\"item\":\"https:\/\/www.enjoyslovakiasoul.com\/outdoor\/\"},{\"@type\":\"ListItem\",\"position\":3,\"name\":\"Outdoor Activities\",\"item\":\"https:\/\/www.enjoyslovakiasoul.com\/outdoor\/active-outdoor-enthusiasts-tours\/\"},{\"@type\":\"ListItem\",\"position\":4,\"name\":\"Cycling Tours\"}]},{\"@type\":\"WebSite\",\"@id\":\"https:\/\/www.enjoyslovakiasoul.com\/#website\",\"url\":\"https:\/\/www.enjoyslovakiasoul.com\/\",\"name\":\"EST Frontier Slovakia\",\"description\":\"Fun, Relax, Adventure\",\"potentialAction\":[{\"@type\":\"SearchAction\",\"target\":{\"@type\":\"EntryPoint\",\"urlTemplate\":\"https:\/\/www.enjoyslovakiasoul.com\/?s={search_term_string}\"},\"query-input\":\"required name=search_term_string\"}],\"inLanguage\":\"sk-SK\"}]}<\/script>\n<!-- \/ Yoast SEO plugin. -->","yoast_head_json":{"title":"Cyklistika - EST Frontier Slovakia","robots":{"index":"index","follow":"follow","max-snippet":"max-snippet:-1","max-image-preview":"max-image-preview:large","max-video-preview":"max-video-preview:-1"},"canonical":"https:\/\/www.enjoyslovakiasoul.com\/outdoor\/active-outdoor-enthusiasts-tours\/cykling-tours\/","og_locale":"sk_SK","og_type":"article","og_title":"Cyklistika - EST Frontier Slovakia","og_description":"Vychutnaj si s\u00a0nami nezabudnute\u013en\u00fa cyklistiku v najkraj\u0161\u00edch regi\u00f3noch Slovenska s tradi\u010dnou slovenskou atmosf\u00e9rou.. Rozm\u00fd\u0161\u013eate nad dovolenkou v krajine, kde sa akoby zastavil \u010das\u00a0 v\u00a0kr\u00e1snom prostred\u00ed vysok\u00fdch h\u00f4r, horsk\u00fdch bystr\u00edn a\u00a0slnkom zaliatych horsk\u00fdch lazov s\u00a0tradi\u010dnou slovenskou atmosf\u00e9rou, veselou \u013eudovou z\u00e1bavou a chutn\u00fdm slovensk\u00fdm jedlom? Potom ste na spr\u00e1vnej ceste\u2026 V\u00a0tejto malej krajine s\u00a0ve\u013ek\u00fdm srdcom v\u00a0strede Eur\u00f3py, [&hellip;]","og_url":"https:\/\/www.enjoyslovakiasoul.com\/outdoor\/active-outdoor-enthusiasts-tours\/cykling-tours\/","og_site_name":"EST Frontier Slovakia","article_modified_time":"2013-01-12T23:44:40+00:00","og_image":[{"url":"http:\/\/www.enjoyslovakiasoul.com\/wp-content\/uploads\/LIPTOV-MIGE-zmena2.jpg"}],"twitter_card":"summary_large_image","twitter_misc":{"Predpokladan\u00fd \u010das \u010d\u00edtania":"3 min\u00faty"},"schema":{"@context":"https:\/\/schema.org","@graph":[{"@type":"WebPage","@id":"https:\/\/www.enjoyslovakiasoul.com\/outdoor\/active-outdoor-enthusiasts-tours\/cykling-tours\/","url":"https:\/\/www.enjoyslovakiasoul.com\/outdoor\/active-outdoor-enthusiasts-tours\/cykling-tours\/","name":"Cyklistika - EST Frontier Slovakia","isPartOf":{"@id":"https:\/\/www.enjoyslovakiasoul.com\/#website"},"datePublished":"2011-05-16T08:03:03+00:00","dateModified":"2013-01-12T23:44:40+00:00","breadcrumb":{"@id":"https:\/\/www.enjoyslovakiasoul.com\/outdoor\/active-outdoor-enthusiasts-tours\/cykling-tours\/#breadcrumb"},"inLanguage":"sk-SK","potentialAction":[{"@type":"ReadAction","target":["https:\/\/www.enjoyslovakiasoul.com\/outdoor\/active-outdoor-enthusiasts-tours\/cykling-tours\/"]}]},{"@type":"BreadcrumbList","@id":"https:\/\/www.enjoyslovakiasoul.com\/outdoor\/active-outdoor-enthusiasts-tours\/cykling-tours\/#breadcrumb","itemListElement":[{"@type":"ListItem","position":1,"name":"Home","item":"https:\/\/www.enjoyslovakiasoul.com\/"},{"@type":"ListItem","position":2,"name":"Outdoor","item":"https:\/\/www.enjoyslovakiasoul.com\/outdoor\/"},{"@type":"ListItem","position":3,"name":"Outdoor Activities","item":"https:\/\/www.enjoyslovakiasoul.com\/outdoor\/active-outdoor-enthusiasts-tours\/"},{"@type":"ListItem","position":4,"name":"Cycling Tours"}]},{"@type":"WebSite","@id":"https:\/\/www.enjoyslovakiasoul.com\/#website","url":"https:\/\/www.enjoyslovakiasoul.com\/","name":"EST Frontier Slovakia","description":"Fun, Relax, Adventure","potentialAction":[{"@type":"SearchAction","target":{"@type":"EntryPoint","urlTemplate":"https:\/\/www.enjoyslovakiasoul.com\/?s={search_term_string}"},"query-input":"required name=search_term_string"}],"inLanguage":"sk-SK"}]}},"_links":{"self":[{"href":"https:\/\/www.enjoyslovakiasoul.com\/sk\/wp-json\/wp\/v2\/pages\/29"}],"collection":[{"href":"https:\/\/www.enjoyslovakiasoul.com\/sk\/wp-json\/wp\/v2\/pages"}],"about":[{"href":"https:\/\/www.enjoyslovakiasoul.com\/sk\/wp-json\/wp\/v2\/types\/page"}],"author":[{"embeddable":true,"href":"https:\/\/www.enjoyslovakiasoul.com\/sk\/wp-json\/wp\/v2\/users\/1"}],"replies":[{"embeddable":true,"href":"https:\/\/www.enjoyslovakiasoul.com\/sk\/wp-json\/wp\/v2\/comments?post=29"}],"version-history":[{"count":25,"href":"https:\/\/www.enjoyslovakiasoul.com\/sk\/wp-json\/wp\/v2\/pages\/29\/revisions"}],"predecessor-version":[{"id":183,"href":"https:\/\/www.enjoyslovakiasoul.com\/sk\/wp-json\/wp\/v2\/pages\/29\/revisions\/183"}],"up":[{"embeddable":true,"href":"https:\/\/www.enjoyslovakiasoul.com\/sk\/wp-json\/wp\/v2\/pages\/19"}],"wp:attachment":[{"href":"https:\/\/www.enjoyslovakiasoul.com\/sk\/wp-json\/wp\/v2\/media?parent=29"}],"curies":[{"name":"wp","href":"https:\/\/api.w.org\/{rel}","templated":true}]}}