
{"id":32,"date":"2011-05-16T08:03:54","date_gmt":"2011-05-16T08:03:54","guid":{"rendered":"http:\/\/www.enjoyslovakiasoul.com\/?page_id=32"},"modified":"2013-01-12T23:42:52","modified_gmt":"2013-01-12T23:42:52","slug":"day-ballon-drive-tours","status":"publish","type":"page","link":"https:\/\/www.enjoyslovakiasoul.com\/sk\/outdoor\/active-outdoor-enthusiasts-tours\/day-ballon-drive-tours\/","title":{"rendered":"Let Bal\u00f3nom"},"content":{"rendered":"<p><a href=\"http:\/\/www.enjoyslovakiasoul.com\/wp-content\/uploads\/Balloon2.jpg\"><img decoding=\"async\" loading=\"lazy\" class=\"aligncenter size-full wp-image-222\" title=\"Balloon Rides\" src=\"http:\/\/www.enjoyslovakiasoul.com\/wp-content\/uploads\/Balloon2.jpg\" alt=\"\" width=\"615\" height=\"292\" srcset=\"https:\/\/www.enjoyslovakiasoul.com\/wp-content\/uploads\/Balloon2.jpg 615w, https:\/\/www.enjoyslovakiasoul.com\/wp-content\/uploads\/Balloon2-300x142.jpg 300w\" sizes=\"(max-width: 615px) 100vw, 615px\" \/><\/a><\/p>\n<p><!--[if !mso]> <mce:style><! v\\:* {behavior:url(#default#VML);} o\\:* {behavior:url(#default#VML);} w\\:* {behavior:url(#default#VML);} .shape {behavior:url(#default#VML);} --> <!--[endif]--><!--[if gte mso 9]><xml> <w:WordDocument> <w:View>Normal<\/w:View> <w:Zoom>0<\/w:Zoom> <w:HyphenationZone>21<\/w:HyphenationZone> <w:Compatibility> <w:BreakWrappedTables \/> <w:SnapToGridInCell \/> <w:WrapTextWithPunct \/> <w:UseAsianBreakRules \/> <\/w:Compatibility> <w:BrowserLevel>MicrosoftInternetExplorer4<\/w:BrowserLevel> <\/w:WordDocument> <\/xml><![endif]--><!--[if !supportAnnotations]--><!--[endif]--><!--[if gte mso 10]> <mce:style><! \/* Style Definitions *\/ table.MsoNormalTable {mso-style-name:\"Norm\u00e1lna tabu\u013eka\"; mso-tstyle-rowband-size:0; mso-tstyle-colband-size:0; mso-style-noshow:yes; mso-style-parent:\"\"; mso-padding-alt:0cm 5.4pt 0cm 5.4pt; mso-para-margin:0cm; mso-para-margin-bottom:.0001pt; mso-pagination:widow-orphan; font-size:10.0pt; font-family:\"Times New Roman\";} --> <!--[endif]--><!--[if gte mso 9]><xml> <o:shapedefaults v:ext=\"edit\" spidmax=\"1028\" \/> <\/xml><![endif]--><!--[if gte mso 9]><xml> <o:shapelayout v:ext=\"edit\"> <o:idmap v:ext=\"edit\" data=\"1\" \/> <\/o:shapelayout><\/xml><![endif]--><\/p>\n<p class=\"MsoNormal\" style=\"margin: 0cm 63pt 0.0001pt 72pt; text-align: center;\"><strong><span style=\"color: green;\">Vychutnaj si s\u00a0nami v\u00fdhliadkov\u00fd <\/span><\/strong><strong><span style=\"font-size: 14pt; color: green;\">let bal\u00f3nom<\/span><span style=\"color: green;\"> s\u00a0tradi\u010dnou slovenskou atmosf\u00e9rou..<\/span><\/strong><\/p>\n<p class=\"MsoNormal\" style=\"margin: 0cm 63pt 0.0001pt 72pt; text-align: justify;\">Rozm\u00fd\u0161\u013eate nav\u0161t\u00edvi\u0165 Slovensko a radi by ste si vychutnali vyhliadkov\u00fd let v\u00a0bal\u00f3ne, kde ste v tesnom kontakte so \u201evzduchom\u201c, pri\u010dom si vychutn\u00e1vate krajinu \u010di u\u017e z malej alebo ve\u013ekej v\u00fd\u0161ky. Ve\u013ekou v\u00fdhodou je skuto\u010dnos\u0165, \u017ee bal\u00f3n let\u00ed pomaly. M\u00f4\u017eete komunikova\u0165 s \u013eu\u010fmi pod vami pri n\u00edzkych letoch cez ob\u00fdvan\u00e9 \u010dasti. Let bal\u00f3nom je priam romantika.<span> <span lang=\"SK\">Ak V\u00e1s toto v\u0161etko fascinuje, potom ste na spr\u00e1vnej ceste<\/span><\/span>\u2026<\/p>\n<p class=\"MsoNormal\" style=\"margin: 0cm 54pt 0.0001pt 63pt; text-align: justify;\">\n<p class=\"MsoNormal\" style=\"margin: 0cm 63pt 0.0001pt 72pt; text-align: justify;\"><strong><span style=\"color: green;\"><a href=\"http:\/\/www.enjoyslovakiasoul.com\/wp-content\/uploads\/balloon1_2048.jpg\"><img decoding=\"async\" loading=\"lazy\" class=\"alignleft size-thumbnail wp-image-214\" title=\"Balloon Rides\" src=\"http:\/\/www.enjoyslovakiasoul.com\/wp-content\/uploads\/balloon1_2048-150x150.jpg\" alt=\"\" width=\"150\" height=\"150\" \/><\/a>EST Frontier Slovakia, travel agency, <\/span><\/strong>V\u00e1m pon\u00faka u\u017ei\u0165 si t\u00fato jedine\u010dn\u00fa z\u00e1bavu v kr\u00e1snom prostred\u00ed vysok\u00fdch h\u00f4r na Orave alebo v Liptove, regi\u00f3ne s pestrou mozaikou pol\u00ed, l\u00fak a pasienkov s tradi\u010dnou slovenskou atmosf\u00e9rou, veselou z\u00e1bavou. Zima aj leto je ide\u00e1lne obdobie na dobrodru\u017en\u00e9 lety &#8211; teda lety v trvan\u00ed aspo\u0148 2 hod\u00edn ponad vysok\u00e9 pohoria, alebo len tak, kr\u00ed\u017eom cez Slovensko. Bal\u00f3n let\u00ed spolu s vetrom, v ko\u0161i je teda bezvetrie a preto\u017ee v zime si vyber\u00e1me len slne\u010dn\u00e9 dni, mr\u00e1z takmer nie je c\u00edti\u0165. Vysk\u00fa\u0161ajte nov\u00fd z\u00e1\u017eitok, na ktor\u00fd budete dlho radi spom\u00edna\u0165 pri pozeran\u00ed \u00fa\u017easn\u00fdch fotografi\u00ed. V\u00fdber je len na V\u00e1s, my urob\u00edme v\u0161etko preto, aby sa Va\u0161e \u017eelanie s\u00a0na\u0161imi bohat\u00fdmi sk\u00fasenos\u0165ami stali skuto\u010dnos\u0165ou. <strong><span style=\"color: green;\">Nazrite spolu s\u00a0EST Frontier Slovakia do tohto sveta&#8230;<\/span><\/strong><\/p>\n<p class=\"MsoNormal\" style=\"margin: 0cm 54pt 0.0001pt 63pt; text-align: justify;\"><span class=\"hps\"><a href=\"http:\/\/www.enjoyslovakiasoul.com\/wp-content\/uploads\/hot-air-balloon-over-tuscany-dt.jpg\"><img decoding=\"async\" loading=\"lazy\" class=\"alignright size-thumbnail wp-image-215\" title=\"Hot-Air-Balloon\" src=\"http:\/\/www.enjoyslovakiasoul.com\/wp-content\/uploads\/hot-air-balloon-over-tuscany-dt-150x150.jpg\" alt=\"\" width=\"150\" height=\"150\" \/><\/a><\/span><\/p>\n<p class=\"MsoNormal\" style=\"margin: 0cm 63pt 0.0001pt 72pt; text-align: justify;\"><span class=\"hps\">Ak m\u00e1te z\u00e1ujem o dovolenku na Slovensku s\u00a0nami, nev\u00e1hajte.<\/span><a title=\"Kontakt\" href=\"http:\/\/www.enjoyslovakiasoul.com\/?page_id=17&amp;lang=sk\">Kontaktujte n\u00e1s<\/a><span class=\"hps\">, povedzte n\u00e1m svoje predstavy a my sa budeme sna\u017ei\u0165 splni\u0165 v\u00e1m ich a obohati\u0165 ich o na\u0161e sk\u00fasenosti. <strong>Zabezpe\u010d\u00edme pre v\u00e1s cel\u00fd program, od dopravy a\u017e po ubytovanie v\u00a0tradi\u010dnom slovenskom prostred\u00ed, aby ste pre\u017eili nie len nezabudnute\u013en\u00e9 chv\u00edle v slovensk\u00fdch hor\u00e1ch, ale aby ste spoznali aj trad\u00edcie slovenskej kult\u00fary, ktor\u00fdmi je Slovensko zn\u00e1me.<\/strong><\/span><\/p>\n<p class=\"MsoNormal\" style=\"margin: 0cm 63pt 0.0001pt 72pt; text-align: justify;\"><span class=\"hps\"><strong><\/p>\n<p><\/strong><\/span><\/p>\n<p class=\"MsoNormal\" style=\"margin-right: 54pt; text-align: justify;\">\n<div><\/div>\n<div id=\"_mcePaste\" class=\"mcePaste\" style=\"position: absolute; left: -10000px; top: 102px; width: 1px; height: 1px; overflow: hidden;\">\n<p><!--[if !mso]> <mce:style><!  v\\:* {behavior:url(#default#VML);} o\\:* {behavior:url(#default#VML);} w\\:* {behavior:url(#default#VML);} .shape {behavior:url(#default#VML);} --> <!--[endif]--><!--[if gte mso 9]><xml> <w:WordDocument> <w:View>Normal<\/w:View> <w:Zoom>0<\/w:Zoom> <w:HyphenationZone>21<\/w:HyphenationZone> <w:Compatibility> <w:BreakWrappedTables \/> <w:SnapToGridInCell \/> <w:WrapTextWithPunct \/> <w:UseAsianBreakRules \/> <\/w:Compatibility> <w:BrowserLevel>MicrosoftInternetExplorer4<\/w:BrowserLevel> <\/w:WordDocument> <\/xml><![endif]--><!--[if !supportAnnotations]--><!--[endif]--><!--[if gte mso 10]> <mce:style><!   \/* Style Definitions *\/  table.MsoNormalTable \t{mso-style-name:\"Norm\u00e1lna tabu\u013eka\"; \tmso-tstyle-rowband-size:0; \tmso-tstyle-colband-size:0; \tmso-style-noshow:yes; \tmso-style-parent:\"\"; \tmso-padding-alt:0cm 5.4pt 0cm 5.4pt; \tmso-para-margin:0cm; \tmso-para-margin-bottom:.0001pt; \tmso-pagination:widow-orphan; \tfont-size:10.0pt; \tfont-family:\"Times New Roman\";} --> <!--[endif]--><!--[if gte mso 9]><xml> <o:shapedefaults v:ext=\"edit\" spidmax=\"1028\" \/> <\/xml><![endif]--><!--[if gte mso 9]><xml> <o:shapelayout v:ext=\"edit\"> <o:idmap v:ext=\"edit\" data=\"1\" \/> <\/o:shapelayout><\/xml><![endif]--><\/p>\n<p class=\"MsoNormal\" style=\"text-align: center;\"><strong><span style=\"color: green;\">Vychutnaj si s\u00a0nami v\u00fdhliadkov\u00fd <\/span><\/strong><strong><span style=\"font-size: 14pt; color: green;\">let v\u00a0bal\u00f3ne<\/span><span style=\"color: green;\"> s\u00a0tradi\u010dnou slovenskou atmosf\u00e9rou..<\/span><\/strong><\/p>\n<p class=\"MsoNormal\" style=\"margin: 0cm 63pt 0.0001pt 72pt; text-align: justify;\">Rozm\u00fd\u0161\u013eate nav\u0161t\u00edvi\u0165 Slovensko a radi by ste si vychutnali vyhliadkov\u00fd let v\u00a0bal\u00f3ne, kde ste v tesnom kontakte so \u201evzduchom\u201c, pri\u010dom si vychutn\u00e1vate krajinu \u010di u\u017e z malej alebo ve\u013ekej v\u00fd\u0161ky. Ve\u013ekou v\u00fdhodou je skuto\u010dnos\u0165, \u017ee bal\u00f3n let\u00ed pomaly. M\u00f4\u017eete komunikova\u0165 s \u013eu\u010fmi pod vami pri n\u00edzkych letoch cez ob\u00fdvan\u00e9 \u010dasti. Let bal\u00f3nom je priam romantika.<span> <span lang=\"SK\">Ak V\u00e1s toto v\u0161etko fascinuje, potom ste na spr\u00e1vnej ceste<\/span><\/span>\u2026<\/p>\n<p class=\"MsoNormal\" style=\"margin: 0cm 54pt 0.0001pt 63pt; text-align: justify;\">\n<p class=\"MsoNormal\" style=\"margin: 0cm 63pt 0.0001pt 72pt; text-align: justify;\"><img decoding=\"async\" loading=\"lazy\" src=\"file:\/\/\/C:\/DOCUME%7E1\/JANAKA%7E1\/LOCALS%7E1\/Temp\/msohtml1\/01\/clip_image002.jpg\" alt=\"\" width=\"134\" height=\"199\" align=\"left\" hspace=\"12\" \/><img decoding=\"async\" loading=\"lazy\" src=\"file:\/\/\/C:\/DOCUME%7E1\/JANAKA%7E1\/LOCALS%7E1\/Temp\/msohtml1\/01\/clip_image004.jpg\" alt=\"\" width=\"218\" height=\"114\" align=\"left\" hspace=\"12\" \/><strong><span style=\"color: green;\">Enjoy Slovakia Tours<\/span><\/strong>v\u00e1m pon\u00faka u\u017ei\u0165 si t\u00fato jedine\u010dn\u00fa z\u00e1bavu v kr\u00e1snom prostred\u00ed vysok\u00fdch h\u00f4r na Orave alebo v Liptove, regi\u00f3ne s pestrou mozaikou pol\u00ed, l\u00fak a pasienkov s tradi\u010dnou slovenskou atmosf\u00e9rou, veselou z\u00e1bavou. Zima aj leto je ide\u00e1lne obdobie na dobrodru\u017en\u00e9 lety &#8211; teda lety v trvan\u00ed aspo\u0148 2 hod\u00edn ponad vysok\u00e9 pohoria, alebo len tak, kr\u00ed\u017eom cez Slovensko. Bal\u00f3n let\u00ed spolu s vetrom, v ko\u0161i je teda bezvetrie a preto\u017ee v zime si vyber\u00e1me len slne\u010dn\u00e9 dni, mr\u00e1z takmer nie je c\u00edti\u0165. Vysk\u00fa\u0161ajte nov\u00fd z\u00e1\u017eitok, na ktor\u00fd budete dlho radi spom\u00edna\u0165 pri pozeran\u00ed \u00fa\u017easn\u00fdch fotografi\u00ed. V\u00fdber je len na V\u00e1s, my urob\u00edme v\u0161etko preto, aby sa Va\u0161e \u017eelanie s\u00a0na\u0161imi bohat\u00fdmi sk\u00fasenos\u0165ami stali skuto\u010dnos\u0165ou. <strong><span style=\"color: green;\">Nazrite spolu s\u00a0Enjoy Slovakia Tours do tohto sveta&#8230;<\/span><\/strong><\/p>\n<p class=\"MsoNormal\" style=\"margin: 0cm 63pt 0.0001pt 72pt; text-align: justify;\"><span class=\"hps\">Ak m\u00e1te z\u00e1ujem o dovolenku na Slovensku s\u00a0nami, nev\u00e1hajte.Kontaktujte n\u00e1s, povedze n\u00e1m svoje predstavy a my sa budeme sna\u017ei\u0165 splni\u0165 v\u00e1m ich a obohati\u0165 ich o na\u0161e sk\u00fasenosti. Zabezpe\u010d\u00edme pre v\u00e1s cel\u00fd program, od dopravy a\u017e po ubytovanie v\u00a0tradi\u010dnom slovenskom prostred\u00ed, aby ste pre\u017eili nie len nezabudnute\u013en\u00e9 chv\u00edle v slovensk\u00fdch hor\u00e1ch, ale aby ste spoznali aj trad\u00edcie slovenskej kult\u00fary, ktor\u00fdmi je Slovensko zn\u00e1me.<\/span><span class=\"MsoCommentReference\"><span style=\"font-size: 8pt;\"><a id=\"_anchor_1\" class=\"msocomanchor\" name=\"_msoanchor_1\" href=\"#_msocom_1\"><\/a>[P1]<\/span><\/span><\/p>\n<p class=\"MsoNormal\" style=\"margin-right: 54pt; text-align: justify;\">\n<p class=\"MsoNormal\" style=\"margin: 0cm 63pt 0.0001pt 72pt; text-align: justify;\">\n<p>&nbsp;<\/p>\n<div>\n<hr class=\"msocomoff\" size=\"1\" \/>\n<div>\n<div id=\"_com_1\" class=\"msocomtxt\">\n<p><span><a name=\"_msocom_1\"><\/a><\/span><\/p>\n<p class=\"MsoCommentText\"><span class=\"MsoCommentReference\"><span style=\"font-size: 8pt;\"><span> <a class=\"msocomoff\" href=\"#_msoanchor_1\">[P1]<\/a><\/span><\/span><\/span>DALA SOM TU NIECO NAVIAC, JE TO OK? AK ANO PROSIM PRELOZ AJ TOTO, ja to potom doplnim vsade, kde to nie je. <span style=\"font-family: Wingdings;\" lang=\"SK\"><span>J<\/span><\/span><\/p>\n<p class=\"MsoCommentText\">\n<\/div>\n<\/div>\n<\/div>\n<\/div>\n<p><\/p>","protected":false},"excerpt":{"rendered":"<p>Vychutnaj si s\u00a0nami v\u00fdhliadkov\u00fd let bal\u00f3nom s\u00a0tradi\u010dnou slovenskou atmosf\u00e9rou.. Rozm\u00fd\u0161\u013eate nav\u0161t\u00edvi\u0165 Slovensko a radi by ste si vychutnali vyhliadkov\u00fd let v\u00a0bal\u00f3ne, kde ste v tesnom kontakte so \u201evzduchom\u201c, pri\u010dom si vychutn\u00e1vate krajinu \u010di u\u017e z malej alebo ve\u013ekej v\u00fd\u0161ky. Ve\u013ekou v\u00fdhodou je skuto\u010dnos\u0165, \u017ee bal\u00f3n let\u00ed pomaly. M\u00f4\u017eete komunikova\u0165 s \u013eu\u010fmi pod vami pri n\u00edzkych [&hellip;]<\/p>\n","protected":false},"author":1,"featured_media":0,"parent":19,"menu_order":0,"comment_status":"open","ping_status":"open","template":"","meta":{"ngg_post_thumbnail":0},"yoast_head":"<!-- This site is optimized with the Yoast SEO plugin v20.3 - https:\/\/yoast.com\/wordpress\/plugins\/seo\/ -->\n<title>Let Bal\u00f3nom - EST Frontier Slovakia<\/title>\n<meta name=\"robots\" content=\"index, follow, max-snippet:-1, max-image-preview:large, max-video-preview:-1\" \/>\n<link rel=\"canonical\" href=\"https:\/\/www.enjoyslovakiasoul.com\/outdoor\/active-outdoor-enthusiasts-tours\/day-ballon-drive-tours\/\" \/>\n<meta property=\"og:locale\" content=\"sk_SK\" \/>\n<meta property=\"og:type\" content=\"article\" \/>\n<meta property=\"og:title\" content=\"Let Bal\u00f3nom - EST Frontier Slovakia\" \/>\n<meta property=\"og:description\" content=\"Vychutnaj si s\u00a0nami v\u00fdhliadkov\u00fd let bal\u00f3nom s\u00a0tradi\u010dnou slovenskou atmosf\u00e9rou.. Rozm\u00fd\u0161\u013eate nav\u0161t\u00edvi\u0165 Slovensko a radi by ste si vychutnali vyhliadkov\u00fd let v\u00a0bal\u00f3ne, kde ste v tesnom kontakte so \u201evzduchom\u201c, pri\u010dom si vychutn\u00e1vate krajinu \u010di u\u017e z malej alebo ve\u013ekej v\u00fd\u0161ky. Ve\u013ekou v\u00fdhodou je skuto\u010dnos\u0165, \u017ee bal\u00f3n let\u00ed pomaly. M\u00f4\u017eete komunikova\u0165 s \u013eu\u010fmi pod vami pri n\u00edzkych [&hellip;]\" \/>\n<meta property=\"og:url\" content=\"https:\/\/www.enjoyslovakiasoul.com\/outdoor\/active-outdoor-enthusiasts-tours\/day-ballon-drive-tours\/\" \/>\n<meta property=\"og:site_name\" content=\"EST Frontier Slovakia\" \/>\n<meta property=\"article:modified_time\" content=\"2013-01-12T23:42:52+00:00\" \/>\n<meta property=\"og:image\" content=\"http:\/\/www.enjoyslovakiasoul.com\/wp-content\/uploads\/Balloon2.jpg\" \/>\n<meta name=\"twitter:card\" content=\"summary_large_image\" \/>\n<meta name=\"twitter:label1\" content=\"Predpokladan\u00fd \u010das \u010d\u00edtania\" \/>\n\t<meta name=\"twitter:data1\" content=\"5 min\u00fat\" \/>\n<script type=\"application\/ld+json\" class=\"yoast-schema-graph\">{\"@context\":\"https:\/\/schema.org\",\"@graph\":[{\"@type\":\"WebPage\",\"@id\":\"https:\/\/www.enjoyslovakiasoul.com\/outdoor\/active-outdoor-enthusiasts-tours\/day-ballon-drive-tours\/\",\"url\":\"https:\/\/www.enjoyslovakiasoul.com\/outdoor\/active-outdoor-enthusiasts-tours\/day-ballon-drive-tours\/\",\"name\":\"Let Bal\u00f3nom - EST Frontier Slovakia\",\"isPartOf\":{\"@id\":\"https:\/\/www.enjoyslovakiasoul.com\/#website\"},\"datePublished\":\"2011-05-16T08:03:54+00:00\",\"dateModified\":\"2013-01-12T23:42:52+00:00\",\"breadcrumb\":{\"@id\":\"https:\/\/www.enjoyslovakiasoul.com\/outdoor\/active-outdoor-enthusiasts-tours\/day-ballon-drive-tours\/#breadcrumb\"},\"inLanguage\":\"sk-SK\",\"potentialAction\":[{\"@type\":\"ReadAction\",\"target\":[\"https:\/\/www.enjoyslovakiasoul.com\/outdoor\/active-outdoor-enthusiasts-tours\/day-ballon-drive-tours\/\"]}]},{\"@type\":\"BreadcrumbList\",\"@id\":\"https:\/\/www.enjoyslovakiasoul.com\/outdoor\/active-outdoor-enthusiasts-tours\/day-ballon-drive-tours\/#breadcrumb\",\"itemListElement\":[{\"@type\":\"ListItem\",\"position\":1,\"name\":\"Home\",\"item\":\"https:\/\/www.enjoyslovakiasoul.com\/\"},{\"@type\":\"ListItem\",\"position\":2,\"name\":\"Outdoor\",\"item\":\"https:\/\/www.enjoyslovakiasoul.com\/outdoor\/\"},{\"@type\":\"ListItem\",\"position\":3,\"name\":\"Outdoor Activities\",\"item\":\"https:\/\/www.enjoyslovakiasoul.com\/outdoor\/active-outdoor-enthusiasts-tours\/\"},{\"@type\":\"ListItem\",\"position\":4,\"name\":\"Balloon Rides\"}]},{\"@type\":\"WebSite\",\"@id\":\"https:\/\/www.enjoyslovakiasoul.com\/#website\",\"url\":\"https:\/\/www.enjoyslovakiasoul.com\/\",\"name\":\"EST Frontier Slovakia\",\"description\":\"Fun, Relax, Adventure\",\"potentialAction\":[{\"@type\":\"SearchAction\",\"target\":{\"@type\":\"EntryPoint\",\"urlTemplate\":\"https:\/\/www.enjoyslovakiasoul.com\/?s={search_term_string}\"},\"query-input\":\"required name=search_term_string\"}],\"inLanguage\":\"sk-SK\"}]}<\/script>\n<!-- \/ Yoast SEO plugin. -->","yoast_head_json":{"title":"Let Bal\u00f3nom - EST Frontier Slovakia","robots":{"index":"index","follow":"follow","max-snippet":"max-snippet:-1","max-image-preview":"max-image-preview:large","max-video-preview":"max-video-preview:-1"},"canonical":"https:\/\/www.enjoyslovakiasoul.com\/outdoor\/active-outdoor-enthusiasts-tours\/day-ballon-drive-tours\/","og_locale":"sk_SK","og_type":"article","og_title":"Let Bal\u00f3nom - EST Frontier Slovakia","og_description":"Vychutnaj si s\u00a0nami v\u00fdhliadkov\u00fd let bal\u00f3nom s\u00a0tradi\u010dnou slovenskou atmosf\u00e9rou.. Rozm\u00fd\u0161\u013eate nav\u0161t\u00edvi\u0165 Slovensko a radi by ste si vychutnali vyhliadkov\u00fd let v\u00a0bal\u00f3ne, kde ste v tesnom kontakte so \u201evzduchom\u201c, pri\u010dom si vychutn\u00e1vate krajinu \u010di u\u017e z malej alebo ve\u013ekej v\u00fd\u0161ky. Ve\u013ekou v\u00fdhodou je skuto\u010dnos\u0165, \u017ee bal\u00f3n let\u00ed pomaly. M\u00f4\u017eete komunikova\u0165 s \u013eu\u010fmi pod vami pri n\u00edzkych [&hellip;]","og_url":"https:\/\/www.enjoyslovakiasoul.com\/outdoor\/active-outdoor-enthusiasts-tours\/day-ballon-drive-tours\/","og_site_name":"EST Frontier Slovakia","article_modified_time":"2013-01-12T23:42:52+00:00","og_image":[{"url":"http:\/\/www.enjoyslovakiasoul.com\/wp-content\/uploads\/Balloon2.jpg"}],"twitter_card":"summary_large_image","twitter_misc":{"Predpokladan\u00fd \u010das \u010d\u00edtania":"5 min\u00fat"},"schema":{"@context":"https:\/\/schema.org","@graph":[{"@type":"WebPage","@id":"https:\/\/www.enjoyslovakiasoul.com\/outdoor\/active-outdoor-enthusiasts-tours\/day-ballon-drive-tours\/","url":"https:\/\/www.enjoyslovakiasoul.com\/outdoor\/active-outdoor-enthusiasts-tours\/day-ballon-drive-tours\/","name":"Let Bal\u00f3nom - EST Frontier Slovakia","isPartOf":{"@id":"https:\/\/www.enjoyslovakiasoul.com\/#website"},"datePublished":"2011-05-16T08:03:54+00:00","dateModified":"2013-01-12T23:42:52+00:00","breadcrumb":{"@id":"https:\/\/www.enjoyslovakiasoul.com\/outdoor\/active-outdoor-enthusiasts-tours\/day-ballon-drive-tours\/#breadcrumb"},"inLanguage":"sk-SK","potentialAction":[{"@type":"ReadAction","target":["https:\/\/www.enjoyslovakiasoul.com\/outdoor\/active-outdoor-enthusiasts-tours\/day-ballon-drive-tours\/"]}]},{"@type":"BreadcrumbList","@id":"https:\/\/www.enjoyslovakiasoul.com\/outdoor\/active-outdoor-enthusiasts-tours\/day-ballon-drive-tours\/#breadcrumb","itemListElement":[{"@type":"ListItem","position":1,"name":"Home","item":"https:\/\/www.enjoyslovakiasoul.com\/"},{"@type":"ListItem","position":2,"name":"Outdoor","item":"https:\/\/www.enjoyslovakiasoul.com\/outdoor\/"},{"@type":"ListItem","position":3,"name":"Outdoor Activities","item":"https:\/\/www.enjoyslovakiasoul.com\/outdoor\/active-outdoor-enthusiasts-tours\/"},{"@type":"ListItem","position":4,"name":"Balloon Rides"}]},{"@type":"WebSite","@id":"https:\/\/www.enjoyslovakiasoul.com\/#website","url":"https:\/\/www.enjoyslovakiasoul.com\/","name":"EST Frontier Slovakia","description":"Fun, Relax, Adventure","potentialAction":[{"@type":"SearchAction","target":{"@type":"EntryPoint","urlTemplate":"https:\/\/www.enjoyslovakiasoul.com\/?s={search_term_string}"},"query-input":"required name=search_term_string"}],"inLanguage":"sk-SK"}]}},"_links":{"self":[{"href":"https:\/\/www.enjoyslovakiasoul.com\/sk\/wp-json\/wp\/v2\/pages\/32"}],"collection":[{"href":"https:\/\/www.enjoyslovakiasoul.com\/sk\/wp-json\/wp\/v2\/pages"}],"about":[{"href":"https:\/\/www.enjoyslovakiasoul.com\/sk\/wp-json\/wp\/v2\/types\/page"}],"author":[{"embeddable":true,"href":"https:\/\/www.enjoyslovakiasoul.com\/sk\/wp-json\/wp\/v2\/users\/1"}],"replies":[{"embeddable":true,"href":"https:\/\/www.enjoyslovakiasoul.com\/sk\/wp-json\/wp\/v2\/comments?post=32"}],"version-history":[{"count":21,"href":"https:\/\/www.enjoyslovakiasoul.com\/sk\/wp-json\/wp\/v2\/pages\/32\/revisions"}],"predecessor-version":[{"id":211,"href":"https:\/\/www.enjoyslovakiasoul.com\/sk\/wp-json\/wp\/v2\/pages\/32\/revisions\/211"}],"up":[{"embeddable":true,"href":"https:\/\/www.enjoyslovakiasoul.com\/sk\/wp-json\/wp\/v2\/pages\/19"}],"wp:attachment":[{"href":"https:\/\/www.enjoyslovakiasoul.com\/sk\/wp-json\/wp\/v2\/media?parent=32"}],"curies":[{"name":"wp","href":"https:\/\/api.w.org\/{rel}","templated":true}]}}