
{"id":3208,"date":"2012-10-08T15:42:18","date_gmt":"2012-10-08T15:42:18","guid":{"rendered":"http:\/\/www.enjoyslovakiasoul.com\/?page_id=3208"},"modified":"2012-10-08T16:50:21","modified_gmt":"2012-10-08T16:50:21","slug":"fitness-team-building-in-slovakia","status":"publish","type":"page","link":"https:\/\/www.enjoyslovakiasoul.com\/sk\/fitness-team-building-in-slovakia\/","title":{"rendered":"Fitness Team Building in Slovakia"},"content":{"rendered":"<p><\/p>\n<p style=\"text-align: justify;\"><strong><strong><a href=\"http:\/\/www.enjoyslovakiasoul.com\/wp-content\/uploads\/fitness2.jpg\"><img decoding=\"async\" loading=\"lazy\" class=\"alignleft\" title=\"FITNESS TEAMBUILDING\" src=\"http:\/\/www.enjoyslovakiasoul.com\/wp-content\/uploads\/fitness2-300x188.jpg\" alt=\"\" width=\"270\" height=\"169\" \/><\/a><\/strong>EST Frontier Slovakia<\/strong>\u00a0offers a range of\u00a0<strong>corporate fitness<\/strong>\u00a0training programs in &#8222;MOUNTAIN&#8220; (West Tatras). We believe that every organisation large or small should include fitness as part of their workplace culture to improve staff morale, motivation, team work skills and to promote reward and recognition. Our programs are designed to meet the needs of each organisation and we achieve this through customising our programs to adapt to either the workplace, outdoors or as part of your team building activities and requirements. Our goal is to provide a safe, affordable and fun atmosphere for your staff members to enjoy and increase their motivation to adopt a healthy attitude which can be translated into the workplace.<\/p>\n<h2>Team Building Activities<\/h2>\n<p style=\"text-align: justify;\">As part of our future corporate fitness program, we also provide hands on team building activities to integrate fitness and health into your team and relationship building programs. Our team building activities will allow companies to enhance communication, leadership and provide the foundations of an effective team. Our team building activities, games and exercises will be tailored to your needs to meet your specific objectives. We will provide a positive, motivating and rewarding experience for the group that will be translated into the workplace to produce a more efficient and productive team.<\/p>\n<h2>Our Philosophy<\/h2>\n<p style=\"text-align: justify;\">We believe that direct contact with nature, outdoor activities and stay in a quiet and clean environment can restore health and vitality. We offer you a place and training system, in which it is possible to offset the negative consequences of modern life, improve physical fitness, sleep and overall sense of wellbeing. A healthy environment in our chalet and a combination of fitness training and outdoor activities will give you strength and energy. Even small change can bring big results. The true natural state of people is to be strong, healthy, happy and vital.<\/p>\n<ul>\n<li>If you are interested in our Fitness Team Building in Slovakia, get more information\u00a0<a title=\"Fitness Team Building\" href=\"http:\/\/www.enjoyslovakiasoul.com\/wp-content\/uploads\/FITNESS-Team-building_ang.pdf\">here<\/a>.<\/li>\n<li>If you have any questions, please do not hesitate to contact us on\u00a0<a href=\"mailto:info@enjoyslovakiasoul.com\" target=\"_blank\">info@enjoyslovakiasoul.com<\/a>.<\/li>\n<li>If you are interested in booking a Fitness team building with us, please fill out the form\u00a0<a title=\"Booking\" href=\"http:\/\/www.enjoyslovakiasoul.com\/inquiry-form\" target=\"_blank\">here<\/a>,\u00a0below and we will contact you in 24 hours.<\/li>\n<\/ul>\n<p>&nbsp;<\/p>\n<p>&nbsp;<\/p>\n<div><\/div>\n<div><\/div>\n<p><\/p>","protected":false},"excerpt":{"rendered":"<p>EST Frontier Slovakia\u00a0offers a range of\u00a0corporate fitness\u00a0training programs in &#8222;MOUNTAIN&#8220; (West Tatras). We believe that every organisation large or small should include fitness as part of their workplace culture to improve staff morale, motivation, team work skills and to promote reward and recognition. Our programs are designed to meet the needs of each organisation and [&hellip;]<\/p>\n","protected":false},"author":2,"featured_media":0,"parent":0,"menu_order":0,"comment_status":"open","ping_status":"open","template":"","meta":{"ngg_post_thumbnail":0},"yoast_head":"<!-- This site is optimized with the Yoast SEO plugin v20.3 - https:\/\/yoast.com\/wordpress\/plugins\/seo\/ -->\n<title>Fitness Team Building in Slovakia - EST Frontier Slovakia<\/title>\n<meta name=\"robots\" content=\"index, follow, max-snippet:-1, max-image-preview:large, max-video-preview:-1\" \/>\n<link rel=\"canonical\" href=\"https:\/\/www.enjoyslovakiasoul.com\/fitness-team-building-in-slovakia\/\" \/>\n<meta property=\"og:locale\" content=\"sk_SK\" \/>\n<meta property=\"og:type\" content=\"article\" \/>\n<meta property=\"og:title\" content=\"Fitness Team Building in Slovakia - EST Frontier Slovakia\" \/>\n<meta property=\"og:description\" content=\"EST Frontier Slovakia\u00a0offers a range of\u00a0corporate fitness\u00a0training programs in &#8222;MOUNTAIN&#8220; (West Tatras). We believe that every organisation large or small should include fitness as part of their workplace culture to improve staff morale, motivation, team work skills and to promote reward and recognition. Our programs are designed to meet the needs of each organisation and [&hellip;]\" \/>\n<meta property=\"og:url\" content=\"https:\/\/www.enjoyslovakiasoul.com\/fitness-team-building-in-slovakia\/\" \/>\n<meta property=\"og:site_name\" content=\"EST Frontier Slovakia\" \/>\n<meta property=\"article:modified_time\" content=\"2012-10-08T16:50:21+00:00\" \/>\n<meta property=\"og:image\" content=\"http:\/\/www.enjoyslovakiasoul.com\/wp-content\/uploads\/fitness2-300x188.jpg\" \/>\n<meta name=\"twitter:card\" content=\"summary_large_image\" \/>\n<meta name=\"twitter:label1\" content=\"Predpokladan\u00fd \u010das \u010d\u00edtania\" \/>\n\t<meta name=\"twitter:data1\" content=\"4 min\u00faty\" \/>\n<script type=\"application\/ld+json\" class=\"yoast-schema-graph\">{\"@context\":\"https:\/\/schema.org\",\"@graph\":[{\"@type\":\"WebPage\",\"@id\":\"https:\/\/www.enjoyslovakiasoul.com\/fitness-team-building-in-slovakia\/\",\"url\":\"https:\/\/www.enjoyslovakiasoul.com\/fitness-team-building-in-slovakia\/\",\"name\":\"Fitness Team Building in Slovakia - EST Frontier Slovakia\",\"isPartOf\":{\"@id\":\"https:\/\/www.enjoyslovakiasoul.com\/#website\"},\"datePublished\":\"2012-10-08T15:42:18+00:00\",\"dateModified\":\"2012-10-08T16:50:21+00:00\",\"breadcrumb\":{\"@id\":\"https:\/\/www.enjoyslovakiasoul.com\/fitness-team-building-in-slovakia\/#breadcrumb\"},\"inLanguage\":\"sk-SK\",\"potentialAction\":[{\"@type\":\"ReadAction\",\"target\":[\"https:\/\/www.enjoyslovakiasoul.com\/fitness-team-building-in-slovakia\/\"]}]},{\"@type\":\"BreadcrumbList\",\"@id\":\"https:\/\/www.enjoyslovakiasoul.com\/fitness-team-building-in-slovakia\/#breadcrumb\",\"itemListElement\":[{\"@type\":\"ListItem\",\"position\":1,\"name\":\"Home\",\"item\":\"https:\/\/www.enjoyslovakiasoul.com\/\"},{\"@type\":\"ListItem\",\"position\":2,\"name\":\"Fitness Team Building in Slovakia\"}]},{\"@type\":\"WebSite\",\"@id\":\"https:\/\/www.enjoyslovakiasoul.com\/#website\",\"url\":\"https:\/\/www.enjoyslovakiasoul.com\/\",\"name\":\"EST Frontier Slovakia\",\"description\":\"Fun, Relax, Adventure\",\"potentialAction\":[{\"@type\":\"SearchAction\",\"target\":{\"@type\":\"EntryPoint\",\"urlTemplate\":\"https:\/\/www.enjoyslovakiasoul.com\/?s={search_term_string}\"},\"query-input\":\"required name=search_term_string\"}],\"inLanguage\":\"sk-SK\"}]}<\/script>\n<!-- \/ Yoast SEO plugin. -->","yoast_head_json":{"title":"Fitness Team Building in Slovakia - EST Frontier Slovakia","robots":{"index":"index","follow":"follow","max-snippet":"max-snippet:-1","max-image-preview":"max-image-preview:large","max-video-preview":"max-video-preview:-1"},"canonical":"https:\/\/www.enjoyslovakiasoul.com\/fitness-team-building-in-slovakia\/","og_locale":"sk_SK","og_type":"article","og_title":"Fitness Team Building in Slovakia - EST Frontier Slovakia","og_description":"EST Frontier Slovakia\u00a0offers a range of\u00a0corporate fitness\u00a0training programs in &#8222;MOUNTAIN&#8220; (West Tatras). We believe that every organisation large or small should include fitness as part of their workplace culture to improve staff morale, motivation, team work skills and to promote reward and recognition. Our programs are designed to meet the needs of each organisation and [&hellip;]","og_url":"https:\/\/www.enjoyslovakiasoul.com\/fitness-team-building-in-slovakia\/","og_site_name":"EST Frontier Slovakia","article_modified_time":"2012-10-08T16:50:21+00:00","og_image":[{"url":"http:\/\/www.enjoyslovakiasoul.com\/wp-content\/uploads\/fitness2-300x188.jpg"}],"twitter_card":"summary_large_image","twitter_misc":{"Predpokladan\u00fd \u010das \u010d\u00edtania":"4 min\u00faty"},"schema":{"@context":"https:\/\/schema.org","@graph":[{"@type":"WebPage","@id":"https:\/\/www.enjoyslovakiasoul.com\/fitness-team-building-in-slovakia\/","url":"https:\/\/www.enjoyslovakiasoul.com\/fitness-team-building-in-slovakia\/","name":"Fitness Team Building in Slovakia - EST Frontier Slovakia","isPartOf":{"@id":"https:\/\/www.enjoyslovakiasoul.com\/#website"},"datePublished":"2012-10-08T15:42:18+00:00","dateModified":"2012-10-08T16:50:21+00:00","breadcrumb":{"@id":"https:\/\/www.enjoyslovakiasoul.com\/fitness-team-building-in-slovakia\/#breadcrumb"},"inLanguage":"sk-SK","potentialAction":[{"@type":"ReadAction","target":["https:\/\/www.enjoyslovakiasoul.com\/fitness-team-building-in-slovakia\/"]}]},{"@type":"BreadcrumbList","@id":"https:\/\/www.enjoyslovakiasoul.com\/fitness-team-building-in-slovakia\/#breadcrumb","itemListElement":[{"@type":"ListItem","position":1,"name":"Home","item":"https:\/\/www.enjoyslovakiasoul.com\/"},{"@type":"ListItem","position":2,"name":"Fitness Team Building in Slovakia"}]},{"@type":"WebSite","@id":"https:\/\/www.enjoyslovakiasoul.com\/#website","url":"https:\/\/www.enjoyslovakiasoul.com\/","name":"EST Frontier Slovakia","description":"Fun, Relax, Adventure","potentialAction":[{"@type":"SearchAction","target":{"@type":"EntryPoint","urlTemplate":"https:\/\/www.enjoyslovakiasoul.com\/?s={search_term_string}"},"query-input":"required name=search_term_string"}],"inLanguage":"sk-SK"}]}},"_links":{"self":[{"href":"https:\/\/www.enjoyslovakiasoul.com\/sk\/wp-json\/wp\/v2\/pages\/3208"}],"collection":[{"href":"https:\/\/www.enjoyslovakiasoul.com\/sk\/wp-json\/wp\/v2\/pages"}],"about":[{"href":"https:\/\/www.enjoyslovakiasoul.com\/sk\/wp-json\/wp\/v2\/types\/page"}],"author":[{"embeddable":true,"href":"https:\/\/www.enjoyslovakiasoul.com\/sk\/wp-json\/wp\/v2\/users\/2"}],"replies":[{"embeddable":true,"href":"https:\/\/www.enjoyslovakiasoul.com\/sk\/wp-json\/wp\/v2\/comments?post=3208"}],"version-history":[{"count":5,"href":"https:\/\/www.enjoyslovakiasoul.com\/sk\/wp-json\/wp\/v2\/pages\/3208\/revisions"}],"predecessor-version":[{"id":3210,"href":"https:\/\/www.enjoyslovakiasoul.com\/sk\/wp-json\/wp\/v2\/pages\/3208\/revisions\/3210"}],"wp:attachment":[{"href":"https:\/\/www.enjoyslovakiasoul.com\/sk\/wp-json\/wp\/v2\/media?parent=3208"}],"curies":[{"name":"wp","href":"https:\/\/api.w.org\/{rel}","templated":true}]}}