
{"id":35,"date":"2011-05-16T08:05:20","date_gmt":"2011-05-16T08:05:20","guid":{"rendered":"http:\/\/www.enjoyslovakiasoul.com\/?page_id=35"},"modified":"2013-01-13T00:01:44","modified_gmt":"2013-01-13T00:01:44","slug":"day-hang-glider-drive-tours","status":"publish","type":"page","link":"https:\/\/www.enjoyslovakiasoul.com\/sk\/outdoor\/active-outdoor-enthusiasts-tours\/day-hang-glider-drive-tours\/","title":{"rendered":"Let Rogalom"},"content":{"rendered":"<p><\/p>\n<p style=\"text-align: center;\"><span style=\"color: #008000;\"><strong><a href=\"http:\/\/www.enjoyslovakiasoul.com\/wp-content\/uploads\/vyhliadkovy-let-rogalom-001.jpg\"><img decoding=\"async\" loading=\"lazy\" class=\"alignleft size-full wp-image-227\" title=\"Vyhliadkovy Let Rogalom\" src=\"http:\/\/www.enjoyslovakiasoul.com\/wp-content\/uploads\/vyhliadkovy-let-rogalom-001.jpg\" alt=\"\" width=\"140\" height=\"140\" \/><\/a>Let na dvojmiestnom motorovom rogale pon\u00faka jedine\u010dn\u00fd z\u00e1\u017eitok vo\u013enosti, energie a neopakovate\u013en\u00e9ho poh\u013eadu z v\u00fd\u0161ky na prekr\u00e1snu oravsk\u00fa krajinu&#8230;<\/strong><\/span><\/p>\n<p style=\"text-align: center;\"><span style=\"color: #008000;\"><strong><\/p>\n<p><\/strong><\/span><\/p>\n<p>&nbsp;<\/p>\n<p>&nbsp;<\/p>\n<p>&nbsp;<\/p>\n<p>&nbsp;<\/p>\n<p><strong>EST Frontier Slovakia, travel agency,<\/strong>\u00a0V\u00e1m zorganizuje tento neopakovate\u013en\u00fd z\u00e1\u017eitok a pod\u013ea va\u0161ich prian\u00ed napl\u00e1nuje program pod\u013ea va\u0161\u00edch predst\u00e1v.<\/p>\n<p>Ak m\u00e1te z\u00e1ujem o dovolenku na Slovensku s\u00a0nami, nev\u00e1hajte a <a title=\"Kontakt\" href=\"..\/?page_id=17&amp;lang=sk\">kontaktujte n\u00e1s<\/a>. Povedzte n\u00e1m svoje predstavy a my sa budeme sna\u017ei\u0165 splni\u0165 v\u00e1m ich a obohati\u0165 ich o na\u0161e sk\u00fasenosti. <strong>Zabezpe\u010d\u00edme pre v\u00e1s cel\u00fd program, od dopravy a\u017e po ubytovanie v\u00a0tradi\u010dnom slovenskom prostred\u00ed, aby ste pre\u017eili nie len nezabudnute\u013en\u00e9 chv\u00edle v slovensk\u00fdch hor\u00e1ch, ale aby ste spoznali aj trad\u00edcie slovenskej kult\u00fary.<\/strong><\/p>\n<p>Vyber\u00e1me pre v\u00e1s tie najkraj\u0161ie v\u00fdhliadkov\u00e9 lety:<\/p>\n<p><a href=\"http:\/\/www.enjoyslovakiasoul.com\/wp-content\/uploads\/oravska-priehrada.jpg\"><img decoding=\"async\" loading=\"lazy\" class=\"alignleft size-thumbnail wp-image-228\" title=\"Oravska Priehrada\" src=\"http:\/\/www.enjoyslovakiasoul.com\/wp-content\/uploads\/oravska-priehrada-150x150.jpg\" alt=\"\" width=\"150\" height=\"150\" srcset=\"https:\/\/www.enjoyslovakiasoul.com\/wp-content\/uploads\/oravska-priehrada-150x150.jpg 150w, https:\/\/www.enjoyslovakiasoul.com\/wp-content\/uploads\/oravska-priehrada-300x300.jpg 300w, https:\/\/www.enjoyslovakiasoul.com\/wp-content\/uploads\/oravska-priehrada.jpg 400w\" sizes=\"(max-width: 150px) 100vw, 150px\" \/><\/a>1-\u00a0\u00a0\u00a0\u00a0 Prelet ponad <strong>Oravsk\u00fa priehradu<\/strong><\/p>\n<p>Ponad najv\u00e4\u010d\u0161iu vodn\u00fa plochu na Slovensku (rozloha 35 km\u00b2), ponad Slanick\u00fd ostrov umenia (pozostatok priehradou zatopenej dediny) s v\u00fdh\u013eadom na okolit\u00e9 hory, dediny a mest\u00e1<\/p>\n<p><a href=\"http:\/\/www.enjoyslovakiasoul.com\/wp-content\/uploads\/oravsky_hrad2.jpg\"><img decoding=\"async\" loading=\"lazy\" class=\"alignleft size-thumbnail wp-image-229\" title=\"Oravsky Hrad\" src=\"http:\/\/www.enjoyslovakiasoul.com\/wp-content\/uploads\/oravsky_hrad2-150x150.jpg\" alt=\"\" width=\"150\" height=\"150\" \/><\/a>2-\u00a0\u00a0\u00a0\u00a0 Let nad <strong>Oravsk\u00fd hrad<\/strong><\/p>\n<p>Polet\u00edte ponad \u00fadolie rieky Oravy a\u017e nad tento majest\u00e1tny hrad t\u00fd\u010diaci sa na vysokom brale.<\/p>\n<p><a href=\"http:\/\/www.enjoyslovakiasoul.com\/wp-content\/uploads\/rohace-slovensko-30.jpg\"><img decoding=\"async\" loading=\"lazy\" class=\"alignleft size-thumbnail wp-image-230\" title=\"Roh\u00e1\u010de-West Tatras\" src=\"http:\/\/www.enjoyslovakiasoul.com\/wp-content\/uploads\/rohace-slovensko-30-150x150.jpg\" alt=\"\" width=\"150\" height=\"150\" \/><\/a>3- Let popri <strong>Roh\u00e1\u010doch<\/strong>, ktor\u00e9 s\u00fa \u010das\u0165ou Tatier \u2013 slovensk\u00fdch \u201emal\u00fdch ve\u013eh\u00f4r\u201c. Pon\u00fakne sa V\u00e1m jedine\u010dn\u00fd poh\u013ead na vysok\u00e9 \u0161t\u00edty, hlbok\u00e9 doliny a az\u00farovo modr\u00e9 ples\u00e1. To v\u0161etko z perspekt\u00edvy orla.<\/p>","protected":false},"excerpt":{"rendered":"<p>Let na dvojmiestnom motorovom rogale pon\u00faka jedine\u010dn\u00fd z\u00e1\u017eitok vo\u013enosti, energie a neopakovate\u013en\u00e9ho poh\u013eadu z v\u00fd\u0161ky na prekr\u00e1snu oravsk\u00fa krajinu&#8230; &nbsp; &nbsp; &nbsp; &nbsp; EST Frontier Slovakia, travel agency,\u00a0V\u00e1m zorganizuje tento neopakovate\u013en\u00fd z\u00e1\u017eitok a pod\u013ea va\u0161ich prian\u00ed napl\u00e1nuje program pod\u013ea va\u0161\u00edch predst\u00e1v. Ak m\u00e1te z\u00e1ujem o dovolenku na Slovensku s\u00a0nami, nev\u00e1hajte a kontaktujte n\u00e1s. Povedzte n\u00e1m [&hellip;]<\/p>\n","protected":false},"author":1,"featured_media":0,"parent":19,"menu_order":0,"comment_status":"open","ping_status":"open","template":"","meta":{"ngg_post_thumbnail":0},"yoast_head":"<!-- This site is optimized with the Yoast SEO plugin v20.3 - https:\/\/yoast.com\/wordpress\/plugins\/seo\/ -->\n<title>Let Rogalom - EST Frontier Slovakia<\/title>\n<meta name=\"robots\" content=\"index, follow, max-snippet:-1, max-image-preview:large, max-video-preview:-1\" \/>\n<link rel=\"canonical\" href=\"https:\/\/www.enjoyslovakiasoul.com\/outdoor\/active-outdoor-enthusiasts-tours\/day-hang-glider-drive-tours\/\" \/>\n<meta property=\"og:locale\" content=\"sk_SK\" \/>\n<meta property=\"og:type\" content=\"article\" \/>\n<meta property=\"og:title\" content=\"Let Rogalom - EST Frontier Slovakia\" \/>\n<meta property=\"og:description\" content=\"Let na dvojmiestnom motorovom rogale pon\u00faka jedine\u010dn\u00fd z\u00e1\u017eitok vo\u013enosti, energie a neopakovate\u013en\u00e9ho poh\u013eadu z v\u00fd\u0161ky na prekr\u00e1snu oravsk\u00fa krajinu&#8230; &nbsp; &nbsp; &nbsp; &nbsp; EST Frontier Slovakia, travel agency,\u00a0V\u00e1m zorganizuje tento neopakovate\u013en\u00fd z\u00e1\u017eitok a pod\u013ea va\u0161ich prian\u00ed napl\u00e1nuje program pod\u013ea va\u0161\u00edch predst\u00e1v. Ak m\u00e1te z\u00e1ujem o dovolenku na Slovensku s\u00a0nami, nev\u00e1hajte a kontaktujte n\u00e1s. Povedzte n\u00e1m [&hellip;]\" \/>\n<meta property=\"og:url\" content=\"https:\/\/www.enjoyslovakiasoul.com\/outdoor\/active-outdoor-enthusiasts-tours\/day-hang-glider-drive-tours\/\" \/>\n<meta property=\"og:site_name\" content=\"EST Frontier Slovakia\" \/>\n<meta property=\"article:modified_time\" content=\"2013-01-13T00:01:44+00:00\" \/>\n<meta property=\"og:image\" content=\"http:\/\/www.enjoyslovakiasoul.com\/wp-content\/uploads\/vyhliadkovy-let-rogalom-001.jpg\" \/>\n<meta name=\"twitter:card\" content=\"summary_large_image\" \/>\n<meta name=\"twitter:label1\" content=\"Predpokladan\u00fd \u010das \u010d\u00edtania\" \/>\n\t<meta name=\"twitter:data1\" content=\"3 min\u00faty\" \/>\n<script type=\"application\/ld+json\" class=\"yoast-schema-graph\">{\"@context\":\"https:\/\/schema.org\",\"@graph\":[{\"@type\":\"WebPage\",\"@id\":\"https:\/\/www.enjoyslovakiasoul.com\/outdoor\/active-outdoor-enthusiasts-tours\/day-hang-glider-drive-tours\/\",\"url\":\"https:\/\/www.enjoyslovakiasoul.com\/outdoor\/active-outdoor-enthusiasts-tours\/day-hang-glider-drive-tours\/\",\"name\":\"Let Rogalom - EST Frontier Slovakia\",\"isPartOf\":{\"@id\":\"https:\/\/www.enjoyslovakiasoul.com\/#website\"},\"datePublished\":\"2011-05-16T08:05:20+00:00\",\"dateModified\":\"2013-01-13T00:01:44+00:00\",\"breadcrumb\":{\"@id\":\"https:\/\/www.enjoyslovakiasoul.com\/outdoor\/active-outdoor-enthusiasts-tours\/day-hang-glider-drive-tours\/#breadcrumb\"},\"inLanguage\":\"sk-SK\",\"potentialAction\":[{\"@type\":\"ReadAction\",\"target\":[\"https:\/\/www.enjoyslovakiasoul.com\/outdoor\/active-outdoor-enthusiasts-tours\/day-hang-glider-drive-tours\/\"]}]},{\"@type\":\"BreadcrumbList\",\"@id\":\"https:\/\/www.enjoyslovakiasoul.com\/outdoor\/active-outdoor-enthusiasts-tours\/day-hang-glider-drive-tours\/#breadcrumb\",\"itemListElement\":[{\"@type\":\"ListItem\",\"position\":1,\"name\":\"Home\",\"item\":\"https:\/\/www.enjoyslovakiasoul.com\/\"},{\"@type\":\"ListItem\",\"position\":2,\"name\":\"Outdoor\",\"item\":\"https:\/\/www.enjoyslovakiasoul.com\/outdoor\/\"},{\"@type\":\"ListItem\",\"position\":3,\"name\":\"Outdoor Activities\",\"item\":\"https:\/\/www.enjoyslovakiasoul.com\/outdoor\/active-outdoor-enthusiasts-tours\/\"},{\"@type\":\"ListItem\",\"position\":4,\"name\":\"Hang Gliding\"}]},{\"@type\":\"WebSite\",\"@id\":\"https:\/\/www.enjoyslovakiasoul.com\/#website\",\"url\":\"https:\/\/www.enjoyslovakiasoul.com\/\",\"name\":\"EST Frontier Slovakia\",\"description\":\"Fun, Relax, Adventure\",\"potentialAction\":[{\"@type\":\"SearchAction\",\"target\":{\"@type\":\"EntryPoint\",\"urlTemplate\":\"https:\/\/www.enjoyslovakiasoul.com\/?s={search_term_string}\"},\"query-input\":\"required name=search_term_string\"}],\"inLanguage\":\"sk-SK\"}]}<\/script>\n<!-- \/ Yoast SEO plugin. -->","yoast_head_json":{"title":"Let Rogalom - EST Frontier Slovakia","robots":{"index":"index","follow":"follow","max-snippet":"max-snippet:-1","max-image-preview":"max-image-preview:large","max-video-preview":"max-video-preview:-1"},"canonical":"https:\/\/www.enjoyslovakiasoul.com\/outdoor\/active-outdoor-enthusiasts-tours\/day-hang-glider-drive-tours\/","og_locale":"sk_SK","og_type":"article","og_title":"Let Rogalom - EST Frontier Slovakia","og_description":"Let na dvojmiestnom motorovom rogale pon\u00faka jedine\u010dn\u00fd z\u00e1\u017eitok vo\u013enosti, energie a neopakovate\u013en\u00e9ho poh\u013eadu z v\u00fd\u0161ky na prekr\u00e1snu oravsk\u00fa krajinu&#8230; &nbsp; &nbsp; &nbsp; &nbsp; EST Frontier Slovakia, travel agency,\u00a0V\u00e1m zorganizuje tento neopakovate\u013en\u00fd z\u00e1\u017eitok a pod\u013ea va\u0161ich prian\u00ed napl\u00e1nuje program pod\u013ea va\u0161\u00edch predst\u00e1v. Ak m\u00e1te z\u00e1ujem o dovolenku na Slovensku s\u00a0nami, nev\u00e1hajte a kontaktujte n\u00e1s. Povedzte n\u00e1m [&hellip;]","og_url":"https:\/\/www.enjoyslovakiasoul.com\/outdoor\/active-outdoor-enthusiasts-tours\/day-hang-glider-drive-tours\/","og_site_name":"EST Frontier Slovakia","article_modified_time":"2013-01-13T00:01:44+00:00","og_image":[{"url":"http:\/\/www.enjoyslovakiasoul.com\/wp-content\/uploads\/vyhliadkovy-let-rogalom-001.jpg"}],"twitter_card":"summary_large_image","twitter_misc":{"Predpokladan\u00fd \u010das \u010d\u00edtania":"3 min\u00faty"},"schema":{"@context":"https:\/\/schema.org","@graph":[{"@type":"WebPage","@id":"https:\/\/www.enjoyslovakiasoul.com\/outdoor\/active-outdoor-enthusiasts-tours\/day-hang-glider-drive-tours\/","url":"https:\/\/www.enjoyslovakiasoul.com\/outdoor\/active-outdoor-enthusiasts-tours\/day-hang-glider-drive-tours\/","name":"Let Rogalom - EST Frontier Slovakia","isPartOf":{"@id":"https:\/\/www.enjoyslovakiasoul.com\/#website"},"datePublished":"2011-05-16T08:05:20+00:00","dateModified":"2013-01-13T00:01:44+00:00","breadcrumb":{"@id":"https:\/\/www.enjoyslovakiasoul.com\/outdoor\/active-outdoor-enthusiasts-tours\/day-hang-glider-drive-tours\/#breadcrumb"},"inLanguage":"sk-SK","potentialAction":[{"@type":"ReadAction","target":["https:\/\/www.enjoyslovakiasoul.com\/outdoor\/active-outdoor-enthusiasts-tours\/day-hang-glider-drive-tours\/"]}]},{"@type":"BreadcrumbList","@id":"https:\/\/www.enjoyslovakiasoul.com\/outdoor\/active-outdoor-enthusiasts-tours\/day-hang-glider-drive-tours\/#breadcrumb","itemListElement":[{"@type":"ListItem","position":1,"name":"Home","item":"https:\/\/www.enjoyslovakiasoul.com\/"},{"@type":"ListItem","position":2,"name":"Outdoor","item":"https:\/\/www.enjoyslovakiasoul.com\/outdoor\/"},{"@type":"ListItem","position":3,"name":"Outdoor Activities","item":"https:\/\/www.enjoyslovakiasoul.com\/outdoor\/active-outdoor-enthusiasts-tours\/"},{"@type":"ListItem","position":4,"name":"Hang Gliding"}]},{"@type":"WebSite","@id":"https:\/\/www.enjoyslovakiasoul.com\/#website","url":"https:\/\/www.enjoyslovakiasoul.com\/","name":"EST Frontier Slovakia","description":"Fun, Relax, Adventure","potentialAction":[{"@type":"SearchAction","target":{"@type":"EntryPoint","urlTemplate":"https:\/\/www.enjoyslovakiasoul.com\/?s={search_term_string}"},"query-input":"required name=search_term_string"}],"inLanguage":"sk-SK"}]}},"_links":{"self":[{"href":"https:\/\/www.enjoyslovakiasoul.com\/sk\/wp-json\/wp\/v2\/pages\/35"}],"collection":[{"href":"https:\/\/www.enjoyslovakiasoul.com\/sk\/wp-json\/wp\/v2\/pages"}],"about":[{"href":"https:\/\/www.enjoyslovakiasoul.com\/sk\/wp-json\/wp\/v2\/types\/page"}],"author":[{"embeddable":true,"href":"https:\/\/www.enjoyslovakiasoul.com\/sk\/wp-json\/wp\/v2\/users\/1"}],"replies":[{"embeddable":true,"href":"https:\/\/www.enjoyslovakiasoul.com\/sk\/wp-json\/wp\/v2\/comments?post=35"}],"version-history":[{"count":14,"href":"https:\/\/www.enjoyslovakiasoul.com\/sk\/wp-json\/wp\/v2\/pages\/35\/revisions"}],"predecessor-version":[{"id":3384,"href":"https:\/\/www.enjoyslovakiasoul.com\/sk\/wp-json\/wp\/v2\/pages\/35\/revisions\/3384"}],"up":[{"embeddable":true,"href":"https:\/\/www.enjoyslovakiasoul.com\/sk\/wp-json\/wp\/v2\/pages\/19"}],"wp:attachment":[{"href":"https:\/\/www.enjoyslovakiasoul.com\/sk\/wp-json\/wp\/v2\/media?parent=35"}],"curies":[{"name":"wp","href":"https:\/\/api.w.org\/{rel}","templated":true}]}}