
{"id":356,"date":"2011-05-18T06:58:07","date_gmt":"2011-05-18T06:58:07","guid":{"rendered":"http:\/\/www.enjoyslovakiasoul.com\/?page_id=356"},"modified":"2012-08-25T16:11:25","modified_gmt":"2012-08-25T16:11:25","slug":"artists-tours","status":"publish","type":"page","link":"https:\/\/www.enjoyslovakiasoul.com\/sk\/traditonal-attractions\/artists-tours\/","title":{"rendered":"Po stop\u00e1ch umelcov a b\u00e1snikov"},"content":{"rendered":"<p><\/p>\n<p style=\"text-align: center;\"><strong><span style=\"color: #008000;\"><a href=\"http:\/\/www.enjoyslovakiasoul.com\/wp-content\/uploads\/229798_1978753276896_1485085151_32111752_5850948_n.jpg\"><img decoding=\"async\" loading=\"lazy\" class=\"alignleft size-thumbnail wp-image-985\" title=\"Rodisko b\u00e1snika z Oravy\" src=\"http:\/\/www.enjoyslovakiasoul.com\/wp-content\/uploads\/229798_1978753276896_1485085151_32111752_5850948_n-150x150.jpg\" alt=\"\" width=\"150\" height=\"150\" \/><\/a>Spoznaj Oravu, rodisko a\u00a0p<\/span><\/strong><span style=\"color: #008000;\"><strong>\u00f4sobisko v\u00fdznamn\u00fdch slovensk\u00fdch umelcov a\u00a0b\u00e1snikov..<\/strong><\/span><\/p>\n<p>&nbsp;<\/p>\n<p>\u201eRegi\u00f3n Orava je neoby\u010dajn\u00fd kraj a neviem, \u010di sa d\u00e1 porovna\u0165 s\u00a0nejak\u00fdm miestom na svete, je najkraj\u0161\u00edm miestom, zdrojom in\u0161pir\u00e1cie a l\u00e1sky\u2026\u201c, hovor\u00ed jedna v\u00fdzn\u00e1ma s\u00fa\u010dastn\u00e1 slovensk\u00e1 osobnos\u0165.<\/p>\n<p>Orava je rodiskom tie\u017e mnoh\u00fdch slovensk\u00fdch osobnost\u00ed, ktor\u00ed ovplyvnili v\u00fdvin n\u00e1rodn\u00fdch dej\u00edn Slovenska v\u00a0minulosti, umelcov, ktor\u00fdch diela s\u00fa dnes svetozn\u00e1me \u010di b\u00e1snikov, ktor\u00fdch b\u00e1sne s\u00fa in\u0161pir\u00e1ciou dodnes..<\/p>\n<p>&nbsp;<\/p>\n<p>Len <strong><em>EST Frontier Slovakia<\/em><\/strong>\u00a0v\u00e1m pon\u00faka v\u00fdletn\u00fd program, v\u00a0ktorom spozn\u00e1te rodn\u00e9 miesta na<strong><strong> <\/strong><\/strong>jv\u00fdznamn<strong><strong> <\/strong><\/strong>ej\u0161\u00edch<a href=\"http:\/\/www.enjoyslovakiasoul.com\/wp-content\/uploads\/IMG_1436.jpg\"><img decoding=\"async\" loading=\"lazy\" class=\"alignright size-medium wp-image-1132\" title=\"Enjoy Slovakia Tours\" src=\"http:\/\/www.enjoyslovakiasoul.com\/wp-content\/uploads\/IMG_1436-225x300.jpg\" alt=\"\" width=\"225\" height=\"300\" srcset=\"https:\/\/www.enjoyslovakiasoul.com\/wp-content\/uploads\/IMG_1436-225x300.jpg 225w, https:\/\/www.enjoyslovakiasoul.com\/wp-content\/uploads\/IMG_1436.jpg 480w\" sizes=\"(max-width: 225px) 100vw, 225px\" \/><\/a> <strong><strong> <\/strong><\/strong>slovensk\u00fdch osobnost\u00ed, ich skromn\u00e9 pr\u00edbytky, miesta ich in\u0161pir\u00e1ci\u00ed, pr\u00edrodu v\u00a0ktorej vyrastali \u010di veci, ktor\u00e9 pou\u017e\u00edvali v\u00a0ich<strong><strong> <\/strong><\/strong> be\u017enom \u017eivote.<\/p>\n<p>Nav\u0161t\u00edvte s\u00a0nami miesta, kde sa narodil a p\u00f4sobil najv\u00e4\u010d\u0161\u00ed slovensk\u00fd b\u00e1snik <strong>P.O. Hviezdoslav<\/strong>, zakladate\u013e spisovnej slven\u010diny <strong>Anton Bernol\u00e1k,<\/strong> autor slovenskej hymny <strong>Janko Mat\u00fa\u0161ka<\/strong>, spisovate\u013e <strong>Martin Kuku\u010d\u00edn<\/strong>, Ladislav N\u00e1da\u0161i J\u00e9g\u00e9, J\u00e1n \u0164atliak \u2013 priekopn\u00edk turistiky na Orave, svetozn\u00e1my umelec, rezb\u00e1r <strong>\u0160tefan Siv\u00e1\u0148<\/strong>, J\u00e1n Ferianc<strong>.<\/strong><\/p>\n<p>&nbsp;<\/p>\n<p><strong>Aby ste pre\u017eili neopakovate\u013en\u00e9 momenty bez starost\u00ed s rezerv<\/strong><strong><strong> <\/strong><\/strong><strong>ovan\u00edm si l\u00edstkov, dopravy, ubytovania, sprievodcu alebo organiz\u00e1ciou cel\u00e9ho programu va\u0161ej dovolenky na Slovensku <a title=\"Kontakt\" href=\"..\/traditonal-attractions\/?page_id=17&amp;lang=sk\">kontaktujte n\u00e1s<\/a>. Povedzte n\u00e1m svoje predstavy a s\u00a0na\u0161imi sk\u00fasenos\u0165ami v\u00e1m vypracujeme cel\u00fd program.<\/strong><\/p>","protected":false},"excerpt":{"rendered":"<p>Spoznaj Oravu, rodisko a\u00a0p\u00f4sobisko v\u00fdznamn\u00fdch slovensk\u00fdch umelcov a\u00a0b\u00e1snikov.. &nbsp; \u201eRegi\u00f3n Orava je neoby\u010dajn\u00fd kraj a neviem, \u010di sa d\u00e1 porovna\u0165 s\u00a0nejak\u00fdm miestom na svete, je najkraj\u0161\u00edm miestom, zdrojom in\u0161pir\u00e1cie a l\u00e1sky\u2026\u201c, hovor\u00ed jedna v\u00fdzn\u00e1ma s\u00fa\u010dastn\u00e1 slovensk\u00e1 osobnos\u0165. Orava je rodiskom tie\u017e mnoh\u00fdch slovensk\u00fdch osobnost\u00ed, ktor\u00ed ovplyvnili v\u00fdvin n\u00e1rodn\u00fdch dej\u00edn Slovenska v\u00a0minulosti, umelcov, ktor\u00fdch diela s\u00fa [&hellip;]<\/p>\n","protected":false},"author":1,"featured_media":0,"parent":13,"menu_order":0,"comment_status":"open","ping_status":"open","template":"","meta":{"ngg_post_thumbnail":0},"yoast_head":"<!-- This site is optimized with the Yoast SEO plugin v20.3 - https:\/\/yoast.com\/wordpress\/plugins\/seo\/ -->\n<title>Po stop\u00e1ch umelcov a b\u00e1snikov - EST Frontier Slovakia<\/title>\n<meta name=\"robots\" content=\"index, follow, max-snippet:-1, max-image-preview:large, max-video-preview:-1\" \/>\n<link rel=\"canonical\" href=\"https:\/\/www.enjoyslovakiasoul.com\/traditonal-attractions\/artists-tours\/\" \/>\n<meta property=\"og:locale\" content=\"sk_SK\" \/>\n<meta property=\"og:type\" content=\"article\" \/>\n<meta property=\"og:title\" content=\"Po stop\u00e1ch umelcov a b\u00e1snikov - EST Frontier Slovakia\" \/>\n<meta property=\"og:description\" content=\"Spoznaj Oravu, rodisko a\u00a0p\u00f4sobisko v\u00fdznamn\u00fdch slovensk\u00fdch umelcov a\u00a0b\u00e1snikov.. &nbsp; \u201eRegi\u00f3n Orava je neoby\u010dajn\u00fd kraj a neviem, \u010di sa d\u00e1 porovna\u0165 s\u00a0nejak\u00fdm miestom na svete, je najkraj\u0161\u00edm miestom, zdrojom in\u0161pir\u00e1cie a l\u00e1sky\u2026\u201c, hovor\u00ed jedna v\u00fdzn\u00e1ma s\u00fa\u010dastn\u00e1 slovensk\u00e1 osobnos\u0165. Orava je rodiskom tie\u017e mnoh\u00fdch slovensk\u00fdch osobnost\u00ed, ktor\u00ed ovplyvnili v\u00fdvin n\u00e1rodn\u00fdch dej\u00edn Slovenska v\u00a0minulosti, umelcov, ktor\u00fdch diela s\u00fa [&hellip;]\" \/>\n<meta property=\"og:url\" content=\"https:\/\/www.enjoyslovakiasoul.com\/traditonal-attractions\/artists-tours\/\" \/>\n<meta property=\"og:site_name\" content=\"EST Frontier Slovakia\" \/>\n<meta property=\"article:modified_time\" content=\"2012-08-25T16:11:25+00:00\" \/>\n<meta property=\"og:image\" content=\"http:\/\/www.enjoyslovakiasoul.com\/wp-content\/uploads\/229798_1978753276896_1485085151_32111752_5850948_n-150x150.jpg\" \/>\n<meta name=\"twitter:card\" content=\"summary_large_image\" \/>\n<meta name=\"twitter:label1\" content=\"Predpokladan\u00fd \u010das \u010d\u00edtania\" \/>\n\t<meta name=\"twitter:data1\" content=\"2 min\u00faty\" \/>\n<script type=\"application\/ld+json\" class=\"yoast-schema-graph\">{\"@context\":\"https:\/\/schema.org\",\"@graph\":[{\"@type\":\"WebPage\",\"@id\":\"https:\/\/www.enjoyslovakiasoul.com\/traditonal-attractions\/artists-tours\/\",\"url\":\"https:\/\/www.enjoyslovakiasoul.com\/traditonal-attractions\/artists-tours\/\",\"name\":\"Po stop\u00e1ch umelcov a b\u00e1snikov - EST Frontier Slovakia\",\"isPartOf\":{\"@id\":\"https:\/\/www.enjoyslovakiasoul.com\/#website\"},\"datePublished\":\"2011-05-18T06:58:07+00:00\",\"dateModified\":\"2012-08-25T16:11:25+00:00\",\"breadcrumb\":{\"@id\":\"https:\/\/www.enjoyslovakiasoul.com\/traditonal-attractions\/artists-tours\/#breadcrumb\"},\"inLanguage\":\"sk-SK\",\"potentialAction\":[{\"@type\":\"ReadAction\",\"target\":[\"https:\/\/www.enjoyslovakiasoul.com\/traditonal-attractions\/artists-tours\/\"]}]},{\"@type\":\"BreadcrumbList\",\"@id\":\"https:\/\/www.enjoyslovakiasoul.com\/traditonal-attractions\/artists-tours\/#breadcrumb\",\"itemListElement\":[{\"@type\":\"ListItem\",\"position\":1,\"name\":\"Home\",\"item\":\"https:\/\/www.enjoyslovakiasoul.com\/\"},{\"@type\":\"ListItem\",\"position\":2,\"name\":\"Slovak Attractions\",\"item\":\"https:\/\/www.enjoyslovakiasoul.com\/traditonal-attractions\/\"},{\"@type\":\"ListItem\",\"position\":3,\"name\":\"In the footsteps of Poets and Artists\"}]},{\"@type\":\"WebSite\",\"@id\":\"https:\/\/www.enjoyslovakiasoul.com\/#website\",\"url\":\"https:\/\/www.enjoyslovakiasoul.com\/\",\"name\":\"EST Frontier Slovakia\",\"description\":\"Fun, Relax, Adventure\",\"potentialAction\":[{\"@type\":\"SearchAction\",\"target\":{\"@type\":\"EntryPoint\",\"urlTemplate\":\"https:\/\/www.enjoyslovakiasoul.com\/?s={search_term_string}\"},\"query-input\":\"required name=search_term_string\"}],\"inLanguage\":\"sk-SK\"}]}<\/script>\n<!-- \/ Yoast SEO plugin. -->","yoast_head_json":{"title":"Po stop\u00e1ch umelcov a b\u00e1snikov - EST Frontier Slovakia","robots":{"index":"index","follow":"follow","max-snippet":"max-snippet:-1","max-image-preview":"max-image-preview:large","max-video-preview":"max-video-preview:-1"},"canonical":"https:\/\/www.enjoyslovakiasoul.com\/traditonal-attractions\/artists-tours\/","og_locale":"sk_SK","og_type":"article","og_title":"Po stop\u00e1ch umelcov a b\u00e1snikov - EST Frontier Slovakia","og_description":"Spoznaj Oravu, rodisko a\u00a0p\u00f4sobisko v\u00fdznamn\u00fdch slovensk\u00fdch umelcov a\u00a0b\u00e1snikov.. &nbsp; \u201eRegi\u00f3n Orava je neoby\u010dajn\u00fd kraj a neviem, \u010di sa d\u00e1 porovna\u0165 s\u00a0nejak\u00fdm miestom na svete, je najkraj\u0161\u00edm miestom, zdrojom in\u0161pir\u00e1cie a l\u00e1sky\u2026\u201c, hovor\u00ed jedna v\u00fdzn\u00e1ma s\u00fa\u010dastn\u00e1 slovensk\u00e1 osobnos\u0165. Orava je rodiskom tie\u017e mnoh\u00fdch slovensk\u00fdch osobnost\u00ed, ktor\u00ed ovplyvnili v\u00fdvin n\u00e1rodn\u00fdch dej\u00edn Slovenska v\u00a0minulosti, umelcov, ktor\u00fdch diela s\u00fa [&hellip;]","og_url":"https:\/\/www.enjoyslovakiasoul.com\/traditonal-attractions\/artists-tours\/","og_site_name":"EST Frontier Slovakia","article_modified_time":"2012-08-25T16:11:25+00:00","og_image":[{"url":"http:\/\/www.enjoyslovakiasoul.com\/wp-content\/uploads\/229798_1978753276896_1485085151_32111752_5850948_n-150x150.jpg"}],"twitter_card":"summary_large_image","twitter_misc":{"Predpokladan\u00fd \u010das \u010d\u00edtania":"2 min\u00faty"},"schema":{"@context":"https:\/\/schema.org","@graph":[{"@type":"WebPage","@id":"https:\/\/www.enjoyslovakiasoul.com\/traditonal-attractions\/artists-tours\/","url":"https:\/\/www.enjoyslovakiasoul.com\/traditonal-attractions\/artists-tours\/","name":"Po stop\u00e1ch umelcov a b\u00e1snikov - EST Frontier Slovakia","isPartOf":{"@id":"https:\/\/www.enjoyslovakiasoul.com\/#website"},"datePublished":"2011-05-18T06:58:07+00:00","dateModified":"2012-08-25T16:11:25+00:00","breadcrumb":{"@id":"https:\/\/www.enjoyslovakiasoul.com\/traditonal-attractions\/artists-tours\/#breadcrumb"},"inLanguage":"sk-SK","potentialAction":[{"@type":"ReadAction","target":["https:\/\/www.enjoyslovakiasoul.com\/traditonal-attractions\/artists-tours\/"]}]},{"@type":"BreadcrumbList","@id":"https:\/\/www.enjoyslovakiasoul.com\/traditonal-attractions\/artists-tours\/#breadcrumb","itemListElement":[{"@type":"ListItem","position":1,"name":"Home","item":"https:\/\/www.enjoyslovakiasoul.com\/"},{"@type":"ListItem","position":2,"name":"Slovak Attractions","item":"https:\/\/www.enjoyslovakiasoul.com\/traditonal-attractions\/"},{"@type":"ListItem","position":3,"name":"In the footsteps of Poets and Artists"}]},{"@type":"WebSite","@id":"https:\/\/www.enjoyslovakiasoul.com\/#website","url":"https:\/\/www.enjoyslovakiasoul.com\/","name":"EST Frontier Slovakia","description":"Fun, Relax, Adventure","potentialAction":[{"@type":"SearchAction","target":{"@type":"EntryPoint","urlTemplate":"https:\/\/www.enjoyslovakiasoul.com\/?s={search_term_string}"},"query-input":"required name=search_term_string"}],"inLanguage":"sk-SK"}]}},"_links":{"self":[{"href":"https:\/\/www.enjoyslovakiasoul.com\/sk\/wp-json\/wp\/v2\/pages\/356"}],"collection":[{"href":"https:\/\/www.enjoyslovakiasoul.com\/sk\/wp-json\/wp\/v2\/pages"}],"about":[{"href":"https:\/\/www.enjoyslovakiasoul.com\/sk\/wp-json\/wp\/v2\/types\/page"}],"author":[{"embeddable":true,"href":"https:\/\/www.enjoyslovakiasoul.com\/sk\/wp-json\/wp\/v2\/users\/1"}],"replies":[{"embeddable":true,"href":"https:\/\/www.enjoyslovakiasoul.com\/sk\/wp-json\/wp\/v2\/comments?post=356"}],"version-history":[{"count":42,"href":"https:\/\/www.enjoyslovakiasoul.com\/sk\/wp-json\/wp\/v2\/pages\/356\/revisions"}],"predecessor-version":[{"id":987,"href":"https:\/\/www.enjoyslovakiasoul.com\/sk\/wp-json\/wp\/v2\/pages\/356\/revisions\/987"}],"up":[{"embeddable":true,"href":"https:\/\/www.enjoyslovakiasoul.com\/sk\/wp-json\/wp\/v2\/pages\/13"}],"wp:attachment":[{"href":"https:\/\/www.enjoyslovakiasoul.com\/sk\/wp-json\/wp\/v2\/media?parent=356"}],"curies":[{"name":"wp","href":"https:\/\/api.w.org\/{rel}","templated":true}]}}