
{"id":361,"date":"2011-05-18T07:02:13","date_gmt":"2011-05-18T07:02:13","guid":{"rendered":"http:\/\/www.enjoyslovakiasoul.com\/?page_id=361"},"modified":"2012-08-25T15:45:21","modified_gmt":"2012-08-25T15:45:21","slug":"dobsinskeho-rozpravkovy-svet","status":"publish","type":"page","link":"https:\/\/www.enjoyslovakiasoul.com\/sk\/traditonal-attractions\/dobsinskeho-rozpravkovy-svet\/","title":{"rendered":"Habakuky-Dob\u0161insk\u00e9ho rozpr\u00e1vkov\u00fd svet"},"content":{"rendered":"<p><\/p>\n<p style=\"text-align: center;\"><a href=\"http:\/\/www.enjoyslovakiasoul.com\/wp-content\/uploads\/Zmena17.jpg\"><img decoding=\"async\" loading=\"lazy\" title=\"Dobsinskeho rozpr\u00e1vkov\u00fd svet\" src=\"http:\/\/www.enjoyslovakiasoul.com\/wp-content\/uploads\/Zmena17.jpg\" alt=\"\" width=\"615\" height=\"213\" \/><\/a><\/p>\n<p style=\"text-align: center;\"><span style=\"color: #008000;\"><strong>\u010ci ste ve\u013ek\u00fd, \u010di ste mal\u00fd, nazrite s\u00a0nami do skuto\u010dnej rozpr\u00e1vkovej krajin<\/strong><strong>y Habakuky..<\/strong><strong> Milujete rozpr\u00e1vky, rozpr\u00e1vkov\u00e9 postavy a radi sa pon\u00e1rate do sveta snov a fant\u00e1zi\u00ed? <\/strong><\/span><\/p>\n<p>&nbsp;<\/p>\n<p><strong><a href=\"http:\/\/www.enjoyslovakiasoul.com\/wp-content\/uploads\/Habakuky2182010.jpg\"><img decoding=\"async\" loading=\"lazy\" class=\"alignleft\" title=\"Habakuky\" src=\"http:\/\/www.enjoyslovakiasoul.com\/wp-content\/uploads\/Habakuky2182010-150x150.jpg\" alt=\"\" width=\"150\" height=\"150\" \/><\/a><\/strong><strong>EST frontier Slovakia <\/strong>V\u00e1s zozn\u00e1mi s\u00a0t\u00fdmto svetom pln\u00fdm fant\u00e1zie. Aby ste pre\u017eili neopakovate\u013en\u00e9 momenty bez starost\u00ed s\u00a0rezervovan\u00edm vstupenky, dopravy alebo organiz\u00e1ciou cel\u00e9ho programu. V\u0161etko zariadim za v\u00e1s.\u00a0 Tento najzn\u00e1mej\u0161\u00ed rozpr\u00e1vkov\u00fd svet sa nach\u00e1dza v n\u00e1dhernej pr\u00edrodnej scen\u00e9ri\u00ed, v srdci horsk\u00e9ho strediska Donovaly. Ako jedin\u00fd na Slovensku sa in\u0161piruje tradi\u010dn\u00fdmi slovensk\u00fdmi \u013eudov\u00fdmi rozpr\u00e1vkami, ktor\u00e9 zaznamenal najv\u00e4\u010d\u0161\u00ed slovensk\u00fd zberate\u013e rozpr\u00e1vok <strong>Pavol Dob\u0161insk\u00fd<\/strong>. Cel\u00fd are\u00e1l je jedine\u010dn\u00fdm po\u010dinom architekta Pa\u013ea Hada\u010da, ktor\u00fd len s pou\u017eit\u00edm pr\u00edrodn\u00fdch materi\u00e1lov vytvoril <strong>dokonal\u00fa il\u00faziu rozpr\u00e1vkov\u00fdch chal\u00fapok<\/strong>. U\u017eite si divadeln\u00e9 predstavenia, anim\u00e1torov, tradi\u010dn\u00fdch remeseln\u00edkov, rozpr\u00e1vkov\u00fd workshop, modelovanie z bal\u00f3nov, ma\u013eovanie tv\u00e1r\u00ed, rozpr\u00e1vkov\u00e9 dobroty, kontaktujte n\u00e1s a mi V\u00e1m tento z\u00e1\u017eitok napl\u00e1nujeme aj s\u00a0\u010fal\u0161\u00edmi aktivitami, ktor\u00e9 by nemali na va\u0161ej dovolenke ch\u00fdba\u0165.<\/p>\n<p>Ak m\u00e1te z\u00e1ujem o dovolenku na Slovensku s\u00a0nami, radi v\u00e1m po\u0161leme u\u017e hotov\u00fd program, ktor\u00fd v\u00e1m sprav\u00edme pod\u013ea va\u0161ich predst\u00e1v, kde spozn\u00e1te \u010di u\u017e trad\u00edcie, hist\u00f3riu, tradi\u010dn\u00e9 remesl\u00e1 alebo pr\u00edrodn\u00e9 dedi\u010dstvo. Nev\u00e1hajte a <a title=\"Kontakt\" href=\"..\/?page_id=17&amp;lang=sk\">kontaktujte n\u00e1s<\/a>. Povedzte n\u00e1m svoje predstavy a my sa budeme sna\u017ei\u0165 splni\u0165 v\u00e1m ich a obohati\u0165 ich o na\u0161e sk\u00fasenosti. <strong>Zabezpe\u010d\u00edme pre v\u00e1s cel\u00fd program, od dopravy a\u017e po ubytovanie v\u00a0tradi\u010dnom slovenskom prostred\u00ed, aby ste pre\u017eili nie len nezabudnute\u013en\u00e9 chv\u00edle v slovensk\u00fdch hor\u00e1ch, ale aby ste spoznali aj trad\u00edcie slovenskej kult\u00fary.<\/strong><\/p>\n<p><strong><\/p>\n<p><\/strong><\/p>\n<p><strong><a href=\"http:\/\/www.enjoyslovakiasoul.com\/wp-content\/uploads\/IMG_1829-Kop\u00edrovat.jpg\"><img decoding=\"async\" loading=\"lazy\" class=\"alignleft size-thumbnail wp-image-1245\" title=\"Child world\" src=\"http:\/\/www.enjoyslovakiasoul.com\/wp-content\/uploads\/IMG_1829-Kop\u00edrovat-150x150.jpg\" alt=\"\" width=\"150\" height=\"150\" \/><\/a><a href=\"http:\/\/www.enjoyslovakiasoul.com\/wp-content\/uploads\/IMG_1833-Kop\u00edrovat.jpg\"><img decoding=\"async\" loading=\"lazy\" class=\"alignleft size-thumbnail wp-image-1246\" title=\"Story land\" src=\"http:\/\/www.enjoyslovakiasoul.com\/wp-content\/uploads\/IMG_1833-Kop\u00edrovat-150x150.jpg\" alt=\"\" width=\"150\" height=\"150\" \/><\/a><a href=\"http:\/\/www.enjoyslovakiasoul.com\/wp-content\/uploads\/IMG_1878-Kop\u00edrovat.jpg\"><img decoding=\"async\" loading=\"lazy\" class=\"alignleft size-thumbnail wp-image-1249\" title=\"Child world\" src=\"http:\/\/www.enjoyslovakiasoul.com\/wp-content\/uploads\/IMG_1878-Kop\u00edrovat-150x150.jpg\" alt=\"\" width=\"150\" height=\"150\" \/><\/a><a href=\"http:\/\/www.enjoyslovakiasoul.com\/wp-content\/uploads\/IMG_1867-Kop\u00edrovat.jpg\"><img decoding=\"async\" loading=\"lazy\" class=\"alignleft size-thumbnail wp-image-1248\" title=\"Story land\" src=\"http:\/\/www.enjoyslovakiasoul.com\/wp-content\/uploads\/IMG_1867-Kop\u00edrovat-150x150.jpg\" alt=\"\" width=\"150\" height=\"150\" \/><\/a><\/p>\n<p><\/strong><\/p>","protected":false},"excerpt":{"rendered":"<p>\u010ci ste ve\u013ek\u00fd, \u010di ste mal\u00fd, nazrite s\u00a0nami do skuto\u010dnej rozpr\u00e1vkovej krajiny Habakuky.. Milujete rozpr\u00e1vky, rozpr\u00e1vkov\u00e9 postavy a radi sa pon\u00e1rate do sveta snov a fant\u00e1zi\u00ed? &nbsp; EST frontier Slovakia V\u00e1s zozn\u00e1mi s\u00a0t\u00fdmto svetom pln\u00fdm fant\u00e1zie. Aby ste pre\u017eili neopakovate\u013en\u00e9 momenty bez starost\u00ed s\u00a0rezervovan\u00edm vstupenky, dopravy alebo organiz\u00e1ciou cel\u00e9ho programu. V\u0161etko zariadim za v\u00e1s.\u00a0 Tento [&hellip;]<\/p>\n","protected":false},"author":1,"featured_media":0,"parent":13,"menu_order":0,"comment_status":"open","ping_status":"open","template":"","meta":{"ngg_post_thumbnail":0},"yoast_head":"<!-- This site is optimized with the Yoast SEO plugin v20.3 - https:\/\/yoast.com\/wordpress\/plugins\/seo\/ -->\n<title>Habakuky-Dob\u0161insk\u00e9ho rozpr\u00e1vkov\u00fd svet - EST Frontier Slovakia<\/title>\n<meta name=\"robots\" content=\"index, follow, max-snippet:-1, max-image-preview:large, max-video-preview:-1\" \/>\n<link rel=\"canonical\" href=\"https:\/\/www.enjoyslovakiasoul.com\/traditonal-attractions\/dobsinskeho-rozpravkovy-svet\/\" \/>\n<meta property=\"og:locale\" content=\"sk_SK\" \/>\n<meta property=\"og:type\" content=\"article\" \/>\n<meta property=\"og:title\" content=\"Habakuky-Dob\u0161insk\u00e9ho rozpr\u00e1vkov\u00fd svet - EST Frontier Slovakia\" \/>\n<meta property=\"og:description\" content=\"\u010ci ste ve\u013ek\u00fd, \u010di ste mal\u00fd, nazrite s\u00a0nami do skuto\u010dnej rozpr\u00e1vkovej krajiny Habakuky.. Milujete rozpr\u00e1vky, rozpr\u00e1vkov\u00e9 postavy a radi sa pon\u00e1rate do sveta snov a fant\u00e1zi\u00ed? &nbsp; EST frontier Slovakia V\u00e1s zozn\u00e1mi s\u00a0t\u00fdmto svetom pln\u00fdm fant\u00e1zie. Aby ste pre\u017eili neopakovate\u013en\u00e9 momenty bez starost\u00ed s\u00a0rezervovan\u00edm vstupenky, dopravy alebo organiz\u00e1ciou cel\u00e9ho programu. V\u0161etko zariadim za v\u00e1s.\u00a0 Tento [&hellip;]\" \/>\n<meta property=\"og:url\" content=\"https:\/\/www.enjoyslovakiasoul.com\/traditonal-attractions\/dobsinskeho-rozpravkovy-svet\/\" \/>\n<meta property=\"og:site_name\" content=\"EST Frontier Slovakia\" \/>\n<meta property=\"article:modified_time\" content=\"2012-08-25T15:45:21+00:00\" \/>\n<meta property=\"og:image\" content=\"http:\/\/www.enjoyslovakiasoul.com\/wp-content\/uploads\/Zmena17.jpg\" \/>\n<meta name=\"twitter:card\" content=\"summary_large_image\" \/>\n<meta name=\"twitter:label1\" content=\"Predpokladan\u00fd \u010das \u010d\u00edtania\" \/>\n\t<meta name=\"twitter:data1\" content=\"3 min\u00faty\" \/>\n<script type=\"application\/ld+json\" class=\"yoast-schema-graph\">{\"@context\":\"https:\/\/schema.org\",\"@graph\":[{\"@type\":\"WebPage\",\"@id\":\"https:\/\/www.enjoyslovakiasoul.com\/traditonal-attractions\/dobsinskeho-rozpravkovy-svet\/\",\"url\":\"https:\/\/www.enjoyslovakiasoul.com\/traditonal-attractions\/dobsinskeho-rozpravkovy-svet\/\",\"name\":\"Habakuky-Dob\u0161insk\u00e9ho rozpr\u00e1vkov\u00fd svet - EST Frontier Slovakia\",\"isPartOf\":{\"@id\":\"https:\/\/www.enjoyslovakiasoul.com\/#website\"},\"datePublished\":\"2011-05-18T07:02:13+00:00\",\"dateModified\":\"2012-08-25T15:45:21+00:00\",\"breadcrumb\":{\"@id\":\"https:\/\/www.enjoyslovakiasoul.com\/traditonal-attractions\/dobsinskeho-rozpravkovy-svet\/#breadcrumb\"},\"inLanguage\":\"sk-SK\",\"potentialAction\":[{\"@type\":\"ReadAction\",\"target\":[\"https:\/\/www.enjoyslovakiasoul.com\/traditonal-attractions\/dobsinskeho-rozpravkovy-svet\/\"]}]},{\"@type\":\"BreadcrumbList\",\"@id\":\"https:\/\/www.enjoyslovakiasoul.com\/traditonal-attractions\/dobsinskeho-rozpravkovy-svet\/#breadcrumb\",\"itemListElement\":[{\"@type\":\"ListItem\",\"position\":1,\"name\":\"Home\",\"item\":\"https:\/\/www.enjoyslovakiasoul.com\/\"},{\"@type\":\"ListItem\",\"position\":2,\"name\":\"Slovak Attractions\",\"item\":\"https:\/\/www.enjoyslovakiasoul.com\/traditonal-attractions\/\"},{\"@type\":\"ListItem\",\"position\":3,\"name\":\"Habakuky Story Land\"}]},{\"@type\":\"WebSite\",\"@id\":\"https:\/\/www.enjoyslovakiasoul.com\/#website\",\"url\":\"https:\/\/www.enjoyslovakiasoul.com\/\",\"name\":\"EST Frontier Slovakia\",\"description\":\"Fun, Relax, Adventure\",\"potentialAction\":[{\"@type\":\"SearchAction\",\"target\":{\"@type\":\"EntryPoint\",\"urlTemplate\":\"https:\/\/www.enjoyslovakiasoul.com\/?s={search_term_string}\"},\"query-input\":\"required name=search_term_string\"}],\"inLanguage\":\"sk-SK\"}]}<\/script>\n<!-- \/ Yoast SEO plugin. -->","yoast_head_json":{"title":"Habakuky-Dob\u0161insk\u00e9ho rozpr\u00e1vkov\u00fd svet - EST Frontier Slovakia","robots":{"index":"index","follow":"follow","max-snippet":"max-snippet:-1","max-image-preview":"max-image-preview:large","max-video-preview":"max-video-preview:-1"},"canonical":"https:\/\/www.enjoyslovakiasoul.com\/traditonal-attractions\/dobsinskeho-rozpravkovy-svet\/","og_locale":"sk_SK","og_type":"article","og_title":"Habakuky-Dob\u0161insk\u00e9ho rozpr\u00e1vkov\u00fd svet - EST Frontier Slovakia","og_description":"\u010ci ste ve\u013ek\u00fd, \u010di ste mal\u00fd, nazrite s\u00a0nami do skuto\u010dnej rozpr\u00e1vkovej krajiny Habakuky.. Milujete rozpr\u00e1vky, rozpr\u00e1vkov\u00e9 postavy a radi sa pon\u00e1rate do sveta snov a fant\u00e1zi\u00ed? &nbsp; EST frontier Slovakia V\u00e1s zozn\u00e1mi s\u00a0t\u00fdmto svetom pln\u00fdm fant\u00e1zie. Aby ste pre\u017eili neopakovate\u013en\u00e9 momenty bez starost\u00ed s\u00a0rezervovan\u00edm vstupenky, dopravy alebo organiz\u00e1ciou cel\u00e9ho programu. V\u0161etko zariadim za v\u00e1s.\u00a0 Tento [&hellip;]","og_url":"https:\/\/www.enjoyslovakiasoul.com\/traditonal-attractions\/dobsinskeho-rozpravkovy-svet\/","og_site_name":"EST Frontier Slovakia","article_modified_time":"2012-08-25T15:45:21+00:00","og_image":[{"url":"http:\/\/www.enjoyslovakiasoul.com\/wp-content\/uploads\/Zmena17.jpg"}],"twitter_card":"summary_large_image","twitter_misc":{"Predpokladan\u00fd \u010das \u010d\u00edtania":"3 min\u00faty"},"schema":{"@context":"https:\/\/schema.org","@graph":[{"@type":"WebPage","@id":"https:\/\/www.enjoyslovakiasoul.com\/traditonal-attractions\/dobsinskeho-rozpravkovy-svet\/","url":"https:\/\/www.enjoyslovakiasoul.com\/traditonal-attractions\/dobsinskeho-rozpravkovy-svet\/","name":"Habakuky-Dob\u0161insk\u00e9ho rozpr\u00e1vkov\u00fd svet - EST Frontier Slovakia","isPartOf":{"@id":"https:\/\/www.enjoyslovakiasoul.com\/#website"},"datePublished":"2011-05-18T07:02:13+00:00","dateModified":"2012-08-25T15:45:21+00:00","breadcrumb":{"@id":"https:\/\/www.enjoyslovakiasoul.com\/traditonal-attractions\/dobsinskeho-rozpravkovy-svet\/#breadcrumb"},"inLanguage":"sk-SK","potentialAction":[{"@type":"ReadAction","target":["https:\/\/www.enjoyslovakiasoul.com\/traditonal-attractions\/dobsinskeho-rozpravkovy-svet\/"]}]},{"@type":"BreadcrumbList","@id":"https:\/\/www.enjoyslovakiasoul.com\/traditonal-attractions\/dobsinskeho-rozpravkovy-svet\/#breadcrumb","itemListElement":[{"@type":"ListItem","position":1,"name":"Home","item":"https:\/\/www.enjoyslovakiasoul.com\/"},{"@type":"ListItem","position":2,"name":"Slovak Attractions","item":"https:\/\/www.enjoyslovakiasoul.com\/traditonal-attractions\/"},{"@type":"ListItem","position":3,"name":"Habakuky Story Land"}]},{"@type":"WebSite","@id":"https:\/\/www.enjoyslovakiasoul.com\/#website","url":"https:\/\/www.enjoyslovakiasoul.com\/","name":"EST Frontier Slovakia","description":"Fun, Relax, Adventure","potentialAction":[{"@type":"SearchAction","target":{"@type":"EntryPoint","urlTemplate":"https:\/\/www.enjoyslovakiasoul.com\/?s={search_term_string}"},"query-input":"required name=search_term_string"}],"inLanguage":"sk-SK"}]}},"_links":{"self":[{"href":"https:\/\/www.enjoyslovakiasoul.com\/sk\/wp-json\/wp\/v2\/pages\/361"}],"collection":[{"href":"https:\/\/www.enjoyslovakiasoul.com\/sk\/wp-json\/wp\/v2\/pages"}],"about":[{"href":"https:\/\/www.enjoyslovakiasoul.com\/sk\/wp-json\/wp\/v2\/types\/page"}],"author":[{"embeddable":true,"href":"https:\/\/www.enjoyslovakiasoul.com\/sk\/wp-json\/wp\/v2\/users\/1"}],"replies":[{"embeddable":true,"href":"https:\/\/www.enjoyslovakiasoul.com\/sk\/wp-json\/wp\/v2\/comments?post=361"}],"version-history":[{"count":15,"href":"https:\/\/www.enjoyslovakiasoul.com\/sk\/wp-json\/wp\/v2\/pages\/361\/revisions"}],"predecessor-version":[{"id":735,"href":"https:\/\/www.enjoyslovakiasoul.com\/sk\/wp-json\/wp\/v2\/pages\/361\/revisions\/735"}],"up":[{"embeddable":true,"href":"https:\/\/www.enjoyslovakiasoul.com\/sk\/wp-json\/wp\/v2\/pages\/13"}],"wp:attachment":[{"href":"https:\/\/www.enjoyslovakiasoul.com\/sk\/wp-json\/wp\/v2\/media?parent=361"}],"curies":[{"name":"wp","href":"https:\/\/api.w.org\/{rel}","templated":true}]}}