
{"id":363,"date":"2011-05-18T07:03:33","date_gmt":"2011-05-18T07:03:33","guid":{"rendered":"http:\/\/www.enjoyslovakiasoul.com\/?page_id=363"},"modified":"2012-08-25T15:49:25","modified_gmt":"2012-08-25T15:49:25","slug":"hubarcenie","status":"publish","type":"page","link":"https:\/\/www.enjoyslovakiasoul.com\/sk\/traditonal-attractions\/hubarcenie\/","title":{"rendered":"Grilova\u010dka pri \u013eudovej hudbe"},"content":{"rendered":"<p><\/p>\n<p style=\"text-align: center;\"><span style=\"color: #008000;\"><strong>Po\u010fte s\u00a0nami na Oravu &#038; Liptov str\u00e1vi\u0165 kr\u00e1sne chv\u00edle pri grilova\u010dke so \u017eivou \u013eudovou hudbou a tradi\u010dnou vidi\u00e9ckou atmosf\u00e9rou..v n\u00e1dhernej scen\u00e9rii z\u00e1padn\u00fdch Tatier. Grilova\u010dka je neocenite\u013en\u00fd sp\u00f4sob, ako str\u00e1vi\u0165 de\u0148 s priate\u013emi \u010di rodinou alebo ako pre\u017ei\u0165 ve\u013ekolep\u00fa oslavu \u010di dovolenku.<\/strong><\/span><\/p>\n<p style=\"text-align: center;\"><span style=\"color: #008000;\"><strong><\/p>\n<p><\/strong><\/span><\/p>\n<p><span style=\"color: #008000;\"><strong><a href=\"http:\/\/www.enjoyslovakiasoul.com\/wp-content\/uploads\/pig_roast_catering1.jpg\"><img decoding=\"async\" loading=\"lazy\" class=\"alignleft size-medium wp-image-1003\" title=\"pig_roast\" src=\"http:\/\/www.enjoyslovakiasoul.com\/wp-content\/uploads\/pig_roast_catering1-195x300.jpg\" alt=\"\" width=\"195\" height=\"300\" srcset=\"https:\/\/www.enjoyslovakiasoul.com\/wp-content\/uploads\/pig_roast_catering1-195x300.jpg 195w, https:\/\/www.enjoyslovakiasoul.com\/wp-content\/uploads\/pig_roast_catering1.jpg 300w\" sizes=\"(max-width: 195px) 100vw, 195px\" \/><\/a><\/strong><\/span><\/p>\n<p>Va\u0161e chu\u0165ov\u00e9 poh\u00e1riky si pr\u00eddu na svoje a\u00a0ohromia v\u0161etky va\u0161e zmysly tak ako neopakovate\u013en\u00e1 atmosf\u00e9ra pri praskaj\u00facom ohni a\u00a0z\u00e1bava do no\u010dn\u00fdch hod\u00edn. <strong>S <em>EST Frontier Slovakia\u00a0<\/em>str\u00e1vite nezabudnute\u013en\u00e9 chv\u00edle v\u00a0rodinnej atmosf\u00e9re, preto\u017ee zab\u00e1va\u0165 a\u00a0hra\u0165 v\u00e1m bud\u00fa miestni folkloristi, ktor\u00ed s\u00fa zn\u00e1mi svoj\u00edm zmyslom pre humor.<\/strong><\/p>\n<p><strong><a href=\"http:\/\/www.enjoyslovakiasoul.com\/wp-content\/uploads\/SP004.jpg\"><img decoding=\"async\" loading=\"lazy\" class=\"alignright\" title=\"Pig roasting\" src=\"http:\/\/www.enjoyslovakiasoul.com\/wp-content\/uploads\/SP004-150x150.jpg\" alt=\"\" width=\"150\" height=\"150\" \/><\/a><\/strong><\/p>\n<p>Pokia\u013e m\u00e1te z\u00e1ujem o\u00a0dovolenku na Orave a Liptove, nev\u00e1hajte a <a title=\"Kontakt\" href=\"http:\/\/www.enjoyslovakiasoul.com\/contact\/?lang=sk\">kontaktujte n\u00e1s<\/a>. <strong>Povedzte n\u00e1m svoje predstavy a my s\u00a0na\u0161imi sk\u00fasenos\u0165ami v\u00e1m vypracujeme cel\u00fd program dovolenky alebo v\u00e1m zorganizujeme Grilova\u010dku, ak\u00fa ste e\u0161te neza\u017eili. <\/strong>\u010ci u\u017e pr\u00eddete na rodinn\u00fa dovolenku, skupinov\u00fa dovolenku \u010di obchodn\u00e9 jednania, urob\u00edme v\u0161etko preto, aby ste sa c\u00edtili pohodlne, pr\u00edjemn\u00e9 a\u00a0aby sme uspokojili v\u0161etky va\u0161e po\u017eiadavky a\u00a0o\u010dak\u00e1vania. <strong>Pre\u017eijete <\/strong><\/p>\n<p><strong>neopakovate\u013en\u00e9 momenty bez starost\u00ed s rezervovan\u00edm\u00a0 dopravy, ubytov<\/strong><strong> <\/strong><strong>ania, sprievodcu alebo organiz\u00e1ciou cel\u00e9ho programu va\u0161ej dovolenky na Slovensku.<\/strong><\/p>\n<p><strong> <\/strong><\/p>\n<p><strong><\/p>\n<p><\/strong><\/p>\n<p><\/p>","protected":false},"excerpt":{"rendered":"<p>Po\u010fte s\u00a0nami na Oravu &#038; Liptov str\u00e1vi\u0165 kr\u00e1sne chv\u00edle pri grilova\u010dke so \u017eivou \u013eudovou hudbou a tradi\u010dnou vidi\u00e9ckou atmosf\u00e9rou..v n\u00e1dhernej scen\u00e9rii z\u00e1padn\u00fdch Tatier. Grilova\u010dka je neocenite\u013en\u00fd sp\u00f4sob, ako str\u00e1vi\u0165 de\u0148 s priate\u013emi \u010di rodinou alebo ako pre\u017ei\u0165 ve\u013ekolep\u00fa oslavu \u010di dovolenku. Va\u0161e chu\u0165ov\u00e9 poh\u00e1riky si pr\u00eddu na svoje a\u00a0ohromia v\u0161etky va\u0161e zmysly tak ako neopakovate\u013en\u00e1 [&hellip;]<\/p>\n","protected":false},"author":1,"featured_media":0,"parent":13,"menu_order":0,"comment_status":"open","ping_status":"open","template":"","meta":{"ngg_post_thumbnail":0},"yoast_head":"<!-- This site is optimized with the Yoast SEO plugin v20.3 - https:\/\/yoast.com\/wordpress\/plugins\/seo\/ -->\n<title>Grilova\u010dka pri \u013eudovej hudbe - EST Frontier Slovakia<\/title>\n<meta name=\"robots\" content=\"index, follow, max-snippet:-1, max-image-preview:large, max-video-preview:-1\" \/>\n<link rel=\"canonical\" href=\"https:\/\/www.enjoyslovakiasoul.com\/traditonal-attractions\/hubarcenie\/\" \/>\n<meta property=\"og:locale\" content=\"sk_SK\" \/>\n<meta property=\"og:type\" content=\"article\" \/>\n<meta property=\"og:title\" content=\"Grilova\u010dka pri \u013eudovej hudbe - EST Frontier Slovakia\" \/>\n<meta property=\"og:description\" content=\"Po\u010fte s\u00a0nami na Oravu &#038; Liptov str\u00e1vi\u0165 kr\u00e1sne chv\u00edle pri grilova\u010dke so \u017eivou \u013eudovou hudbou a tradi\u010dnou vidi\u00e9ckou atmosf\u00e9rou..v n\u00e1dhernej scen\u00e9rii z\u00e1padn\u00fdch Tatier. Grilova\u010dka je neocenite\u013en\u00fd sp\u00f4sob, ako str\u00e1vi\u0165 de\u0148 s priate\u013emi \u010di rodinou alebo ako pre\u017ei\u0165 ve\u013ekolep\u00fa oslavu \u010di dovolenku. Va\u0161e chu\u0165ov\u00e9 poh\u00e1riky si pr\u00eddu na svoje a\u00a0ohromia v\u0161etky va\u0161e zmysly tak ako neopakovate\u013en\u00e1 [&hellip;]\" \/>\n<meta property=\"og:url\" content=\"https:\/\/www.enjoyslovakiasoul.com\/traditonal-attractions\/hubarcenie\/\" \/>\n<meta property=\"og:site_name\" content=\"EST Frontier Slovakia\" \/>\n<meta property=\"article:modified_time\" content=\"2012-08-25T15:49:25+00:00\" \/>\n<meta property=\"og:image\" content=\"http:\/\/www.enjoyslovakiasoul.com\/wp-content\/uploads\/pig_roast_catering1-195x300.jpg\" \/>\n<meta name=\"twitter:card\" content=\"summary_large_image\" \/>\n<meta name=\"twitter:label1\" content=\"Predpokladan\u00fd \u010das \u010d\u00edtania\" \/>\n\t<meta name=\"twitter:data1\" content=\"2 min\u00faty\" \/>\n<script type=\"application\/ld+json\" class=\"yoast-schema-graph\">{\"@context\":\"https:\/\/schema.org\",\"@graph\":[{\"@type\":\"WebPage\",\"@id\":\"https:\/\/www.enjoyslovakiasoul.com\/traditonal-attractions\/hubarcenie\/\",\"url\":\"https:\/\/www.enjoyslovakiasoul.com\/traditonal-attractions\/hubarcenie\/\",\"name\":\"Grilova\u010dka pri \u013eudovej hudbe - EST Frontier Slovakia\",\"isPartOf\":{\"@id\":\"https:\/\/www.enjoyslovakiasoul.com\/#website\"},\"datePublished\":\"2011-05-18T07:03:33+00:00\",\"dateModified\":\"2012-08-25T15:49:25+00:00\",\"breadcrumb\":{\"@id\":\"https:\/\/www.enjoyslovakiasoul.com\/traditonal-attractions\/hubarcenie\/#breadcrumb\"},\"inLanguage\":\"sk-SK\",\"potentialAction\":[{\"@type\":\"ReadAction\",\"target\":[\"https:\/\/www.enjoyslovakiasoul.com\/traditonal-attractions\/hubarcenie\/\"]}]},{\"@type\":\"BreadcrumbList\",\"@id\":\"https:\/\/www.enjoyslovakiasoul.com\/traditonal-attractions\/hubarcenie\/#breadcrumb\",\"itemListElement\":[{\"@type\":\"ListItem\",\"position\":1,\"name\":\"Home\",\"item\":\"https:\/\/www.enjoyslovakiasoul.com\/\"},{\"@type\":\"ListItem\",\"position\":2,\"name\":\"Slovak Attractions\",\"item\":\"https:\/\/www.enjoyslovakiasoul.com\/traditonal-attractions\/\"},{\"@type\":\"ListItem\",\"position\":3,\"name\":\"Pig Roasting &#038; live folk music\"}]},{\"@type\":\"WebSite\",\"@id\":\"https:\/\/www.enjoyslovakiasoul.com\/#website\",\"url\":\"https:\/\/www.enjoyslovakiasoul.com\/\",\"name\":\"EST Frontier Slovakia\",\"description\":\"Fun, Relax, Adventure\",\"potentialAction\":[{\"@type\":\"SearchAction\",\"target\":{\"@type\":\"EntryPoint\",\"urlTemplate\":\"https:\/\/www.enjoyslovakiasoul.com\/?s={search_term_string}\"},\"query-input\":\"required name=search_term_string\"}],\"inLanguage\":\"sk-SK\"}]}<\/script>\n<!-- \/ Yoast SEO plugin. -->","yoast_head_json":{"title":"Grilova\u010dka pri \u013eudovej hudbe - EST Frontier Slovakia","robots":{"index":"index","follow":"follow","max-snippet":"max-snippet:-1","max-image-preview":"max-image-preview:large","max-video-preview":"max-video-preview:-1"},"canonical":"https:\/\/www.enjoyslovakiasoul.com\/traditonal-attractions\/hubarcenie\/","og_locale":"sk_SK","og_type":"article","og_title":"Grilova\u010dka pri \u013eudovej hudbe - EST Frontier Slovakia","og_description":"Po\u010fte s\u00a0nami na Oravu &#038; Liptov str\u00e1vi\u0165 kr\u00e1sne chv\u00edle pri grilova\u010dke so \u017eivou \u013eudovou hudbou a tradi\u010dnou vidi\u00e9ckou atmosf\u00e9rou..v n\u00e1dhernej scen\u00e9rii z\u00e1padn\u00fdch Tatier. Grilova\u010dka je neocenite\u013en\u00fd sp\u00f4sob, ako str\u00e1vi\u0165 de\u0148 s priate\u013emi \u010di rodinou alebo ako pre\u017ei\u0165 ve\u013ekolep\u00fa oslavu \u010di dovolenku. Va\u0161e chu\u0165ov\u00e9 poh\u00e1riky si pr\u00eddu na svoje a\u00a0ohromia v\u0161etky va\u0161e zmysly tak ako neopakovate\u013en\u00e1 [&hellip;]","og_url":"https:\/\/www.enjoyslovakiasoul.com\/traditonal-attractions\/hubarcenie\/","og_site_name":"EST Frontier Slovakia","article_modified_time":"2012-08-25T15:49:25+00:00","og_image":[{"url":"http:\/\/www.enjoyslovakiasoul.com\/wp-content\/uploads\/pig_roast_catering1-195x300.jpg"}],"twitter_card":"summary_large_image","twitter_misc":{"Predpokladan\u00fd \u010das \u010d\u00edtania":"2 min\u00faty"},"schema":{"@context":"https:\/\/schema.org","@graph":[{"@type":"WebPage","@id":"https:\/\/www.enjoyslovakiasoul.com\/traditonal-attractions\/hubarcenie\/","url":"https:\/\/www.enjoyslovakiasoul.com\/traditonal-attractions\/hubarcenie\/","name":"Grilova\u010dka pri \u013eudovej hudbe - EST Frontier Slovakia","isPartOf":{"@id":"https:\/\/www.enjoyslovakiasoul.com\/#website"},"datePublished":"2011-05-18T07:03:33+00:00","dateModified":"2012-08-25T15:49:25+00:00","breadcrumb":{"@id":"https:\/\/www.enjoyslovakiasoul.com\/traditonal-attractions\/hubarcenie\/#breadcrumb"},"inLanguage":"sk-SK","potentialAction":[{"@type":"ReadAction","target":["https:\/\/www.enjoyslovakiasoul.com\/traditonal-attractions\/hubarcenie\/"]}]},{"@type":"BreadcrumbList","@id":"https:\/\/www.enjoyslovakiasoul.com\/traditonal-attractions\/hubarcenie\/#breadcrumb","itemListElement":[{"@type":"ListItem","position":1,"name":"Home","item":"https:\/\/www.enjoyslovakiasoul.com\/"},{"@type":"ListItem","position":2,"name":"Slovak Attractions","item":"https:\/\/www.enjoyslovakiasoul.com\/traditonal-attractions\/"},{"@type":"ListItem","position":3,"name":"Pig Roasting &#038; live folk music"}]},{"@type":"WebSite","@id":"https:\/\/www.enjoyslovakiasoul.com\/#website","url":"https:\/\/www.enjoyslovakiasoul.com\/","name":"EST Frontier Slovakia","description":"Fun, Relax, Adventure","potentialAction":[{"@type":"SearchAction","target":{"@type":"EntryPoint","urlTemplate":"https:\/\/www.enjoyslovakiasoul.com\/?s={search_term_string}"},"query-input":"required name=search_term_string"}],"inLanguage":"sk-SK"}]}},"_links":{"self":[{"href":"https:\/\/www.enjoyslovakiasoul.com\/sk\/wp-json\/wp\/v2\/pages\/363"}],"collection":[{"href":"https:\/\/www.enjoyslovakiasoul.com\/sk\/wp-json\/wp\/v2\/pages"}],"about":[{"href":"https:\/\/www.enjoyslovakiasoul.com\/sk\/wp-json\/wp\/v2\/types\/page"}],"author":[{"embeddable":true,"href":"https:\/\/www.enjoyslovakiasoul.com\/sk\/wp-json\/wp\/v2\/users\/1"}],"replies":[{"embeddable":true,"href":"https:\/\/www.enjoyslovakiasoul.com\/sk\/wp-json\/wp\/v2\/comments?post=363"}],"version-history":[{"count":27,"href":"https:\/\/www.enjoyslovakiasoul.com\/sk\/wp-json\/wp\/v2\/pages\/363\/revisions"}],"predecessor-version":[{"id":3155,"href":"https:\/\/www.enjoyslovakiasoul.com\/sk\/wp-json\/wp\/v2\/pages\/363\/revisions\/3155"}],"up":[{"embeddable":true,"href":"https:\/\/www.enjoyslovakiasoul.com\/sk\/wp-json\/wp\/v2\/pages\/13"}],"wp:attachment":[{"href":"https:\/\/www.enjoyslovakiasoul.com\/sk\/wp-json\/wp\/v2\/media?parent=363"}],"curies":[{"name":"wp","href":"https:\/\/api.w.org\/{rel}","templated":true}]}}