
{"id":365,"date":"2011-05-18T07:04:25","date_gmt":"2011-05-18T07:04:25","guid":{"rendered":"http:\/\/www.enjoyslovakiasoul.com\/?page_id=365"},"modified":"2012-08-25T16:09:02","modified_gmt":"2012-08-25T16:09:02","slug":"janosikove-diery-rosutec","status":"publish","type":"page","link":"https:\/\/www.enjoyslovakiasoul.com\/sk\/traditonal-attractions\/janosikove-diery-rosutec\/","title":{"rendered":"J\u00e1no\u0161\u00edkove diery &#038; Rozsutec"},"content":{"rendered":"<p><\/p>\n<p style=\"text-align: center;\"><a href=\"http:\/\/www.enjoyslovakiasoul.com\/wp-content\/uploads\/221105_1608388701953_1603273079_31155011_6591303_o1.jpg\"><img decoding=\"async\" loading=\"lazy\" class=\"alignleft size-thumbnail wp-image-746\" title=\"J\u00e1no\u0161\u00edkovsk\u00e9 diery\" src=\"http:\/\/www.enjoyslovakiasoul.com\/wp-content\/uploads\/221105_1608388701953_1603273079_31155011_6591303_o1-150x150.jpg\" alt=\"\" width=\"150\" height=\"150\" \/><\/a><\/p>\n<p style=\"text-align: center;\"><span style=\"color: #008000;\"><strong>Vychutnaj si s\u00a0nami nezabudnute\u013en\u00fa scen\u00e9riu najzn\u00e1mej\u0161\u00edch <\/strong><strong>J\u00e1no\u0161\u00edkovsk\u00fdch dier s tradi\u010dnou <\/strong><\/span><\/p>\n<p style=\"text-align: center;\"><span style=\"color: #008000;\"><strong>slovenskou atmosf\u00e9rou a objavte star\u00fa trad\u00edciu o J\u00e1no\u0161\u00edkovi\u2026<\/strong><\/span><\/p>\n<p>Rozm\u00fd\u0161\u013eate nad turistikou v\u00a0kr\u00e1snom prostred\u00ed h\u00f4r v\u00a0Terchovskom regi\u00f3ne skalnat\u00fdch \u00fatesov, zch\u00e1dzanie rebr\u00edkmi nad priepas\u0165ami, ktor\u00e9 s\u00fa zn\u00e1me ako J\u00e1no\u0161\u00edkove diery, Tento horsk\u00fd raj je svetozn\u00e1my svie\u017eim vzduchom, ktor\u00fd je tak \u010d\u00edry ako vodop\u00e1dy a bystrinky v\u00a0tomto rozpr\u00e1vkovom kraji. Pre\u017eite neopakovate\u013en\u00fa dovolenku s\u00a0Enjoy Slovakia Tours a s\u00a0tradi\u010dnou slovenskou atmosf\u00e9rou, veselou \u013eudovou z\u00e1bavou a chutn\u00fdm slovensk\u00fdm jedlom\u2026<\/p>\n<p><strong><strong><em>EST Frontier Slovakia<\/em><\/strong>\u00a0<\/strong>V\u00e1m pon\u00faka z\u00a0v\u00fd\u0161in nazrie\u0165 na tajomstvo na\u0161ej pr\u00edrody. Spoznajte s nami pr\u00edrodn\u00e9 kr\u00e1sy, ktor\u00e9 vytvorila sama pr\u00edroda, o\u010daruj\u00face horsk\u00e9 jazierka, bystrinky, a vodop\u00e1dy, ktor\u00e9 sa priam n\u00fakaj\u00fa na na objekt\u00edvy fotoapar\u00e1tov, no mnoh\u00ed, ktor\u00ed sa v t\u00fdchto \u0161t\u00edtoch ocitn\u00fa, zabudn\u00fa na v\u0161etky nepodstatn\u00e9 veci okolo nich a nechaj\u00fa sa un\u00e1\u0161a\u0165 pokojom, tichom a pr\u00edrodou, ktor\u00e1 je tak\u00e1 kr\u00e1sna a\u00a0 neodolate\u013en\u00e1. Za\u017eite s\u00a0nami neopakovate\u013en\u00fd relax, ubytujeme V\u00e1s v\u00a0slovenskej tradi\u010dnej kolibe, ochutn\u00e1te tradi\u010dn\u00e9 slovensk\u00e9 jedl\u00e1, za\u017eijete prav\u00fa slovensk\u00fa kult\u00faru a z\u00e1bavu pri \u017eivej \u013eudovej hudbe, nazriete do sveta na\u0161ich prad\u00e1vnych trad\u00edci\u00ed alebo si len tak u\u017e\u00edvajte romantick\u00e9 prostredie a spozn\u00e1vajte kr\u00e1sy na\u0161ej malej ve\u013ekej krajiny.<\/p>\n<p><strong><a href=\"http:\/\/www.enjoyslovakiasoul.com\/wp-content\/uploads\/208346_108915249193459_100002249546603_90548_2178867_n1.jpg\"><img decoding=\"async\" loading=\"lazy\" class=\"alignleft\" title=\"J\u00e1no\u0161\u00edkovsk\u00e9 diery\" src=\"http:\/\/www.enjoyslovakiasoul.com\/wp-content\/uploads\/208346_108915249193459_100002249546603_90548_2178867_n1-150x150.jpg\" alt=\"\" width=\"150\" height=\"150\" \/><\/a>Ak m\u00e1te z\u00e1ujem o dovolenku na Slovensku s <strong><em>EST Frontier Slovakia<\/em><\/strong><\/strong><strong>, <\/strong>nev\u00e1hajte a <a title=\"Kontakt\" href=\"..\/?page_id=17&amp;lang=sk\">kontaktujte n\u00e1s<\/a>. Povedzte<strong> n\u00e1m svoje predstavy a my sa budeme sna\u017ei\u0165 splni\u0165 v\u00e1m ich a obohati\u0165 ich o na\u0161e sk\u00fasenosti.<\/strong><\/p>\n<p><strong>Zabezpe\u010d\u00edme pre v\u00e1s cel\u00fd program, od dopravy z\u00a0letiska\u00a0 a\u017e po ubytovanie v\u00a0tradi\u010dnom slovenskom prostred\u00ed<\/strong>, aby ste pre\u017eili nie len nezabudnute\u013en\u00e9 chv\u00edle v slovensk\u00fdch hor\u00e1ch, ale aby ste spoznali aj trad\u00edcie slovenskej kult\u00fary.<\/p>","protected":false},"excerpt":{"rendered":"<p>Vychutnaj si s\u00a0nami nezabudnute\u013en\u00fa scen\u00e9riu najzn\u00e1mej\u0161\u00edch J\u00e1no\u0161\u00edkovsk\u00fdch dier s tradi\u010dnou slovenskou atmosf\u00e9rou a objavte star\u00fa trad\u00edciu o J\u00e1no\u0161\u00edkovi\u2026 Rozm\u00fd\u0161\u013eate nad turistikou v\u00a0kr\u00e1snom prostred\u00ed h\u00f4r v\u00a0Terchovskom regi\u00f3ne skalnat\u00fdch \u00fatesov, zch\u00e1dzanie rebr\u00edkmi nad priepas\u0165ami, ktor\u00e9 s\u00fa zn\u00e1me ako J\u00e1no\u0161\u00edkove diery, Tento horsk\u00fd raj je svetozn\u00e1my svie\u017eim vzduchom, ktor\u00fd je tak \u010d\u00edry ako vodop\u00e1dy a bystrinky v\u00a0tomto rozpr\u00e1vkovom [&hellip;]<\/p>\n","protected":false},"author":1,"featured_media":0,"parent":13,"menu_order":0,"comment_status":"open","ping_status":"open","template":"","meta":{"ngg_post_thumbnail":0},"yoast_head":"<!-- This site is optimized with the Yoast SEO plugin v20.3 - https:\/\/yoast.com\/wordpress\/plugins\/seo\/ -->\n<title>J\u00e1no\u0161\u00edkove diery &amp; Rozsutec - EST Frontier Slovakia<\/title>\n<meta name=\"robots\" content=\"index, follow, max-snippet:-1, max-image-preview:large, max-video-preview:-1\" \/>\n<link rel=\"canonical\" href=\"https:\/\/www.enjoyslovakiasoul.com\/traditonal-attractions\/janosikove-diery-rosutec\/\" \/>\n<meta property=\"og:locale\" content=\"sk_SK\" \/>\n<meta property=\"og:type\" content=\"article\" \/>\n<meta property=\"og:title\" content=\"J\u00e1no\u0161\u00edkove diery &amp; Rozsutec - EST Frontier Slovakia\" \/>\n<meta property=\"og:description\" content=\"Vychutnaj si s\u00a0nami nezabudnute\u013en\u00fa scen\u00e9riu najzn\u00e1mej\u0161\u00edch J\u00e1no\u0161\u00edkovsk\u00fdch dier s tradi\u010dnou slovenskou atmosf\u00e9rou a objavte star\u00fa trad\u00edciu o J\u00e1no\u0161\u00edkovi\u2026 Rozm\u00fd\u0161\u013eate nad turistikou v\u00a0kr\u00e1snom prostred\u00ed h\u00f4r v\u00a0Terchovskom regi\u00f3ne skalnat\u00fdch \u00fatesov, zch\u00e1dzanie rebr\u00edkmi nad priepas\u0165ami, ktor\u00e9 s\u00fa zn\u00e1me ako J\u00e1no\u0161\u00edkove diery, Tento horsk\u00fd raj je svetozn\u00e1my svie\u017eim vzduchom, ktor\u00fd je tak \u010d\u00edry ako vodop\u00e1dy a bystrinky v\u00a0tomto rozpr\u00e1vkovom [&hellip;]\" \/>\n<meta property=\"og:url\" content=\"https:\/\/www.enjoyslovakiasoul.com\/traditonal-attractions\/janosikove-diery-rosutec\/\" \/>\n<meta property=\"og:site_name\" content=\"EST Frontier Slovakia\" \/>\n<meta property=\"article:modified_time\" content=\"2012-08-25T16:09:02+00:00\" \/>\n<meta property=\"og:image\" content=\"http:\/\/www.enjoyslovakiasoul.com\/wp-content\/uploads\/221105_1608388701953_1603273079_31155011_6591303_o-150x150.jpg\" \/>\n<meta name=\"twitter:card\" content=\"summary_large_image\" \/>\n<meta name=\"twitter:label1\" content=\"Predpokladan\u00fd \u010das \u010d\u00edtania\" \/>\n\t<meta name=\"twitter:data1\" content=\"3 min\u00faty\" \/>\n<script type=\"application\/ld+json\" class=\"yoast-schema-graph\">{\"@context\":\"https:\/\/schema.org\",\"@graph\":[{\"@type\":\"WebPage\",\"@id\":\"https:\/\/www.enjoyslovakiasoul.com\/traditonal-attractions\/janosikove-diery-rosutec\/\",\"url\":\"https:\/\/www.enjoyslovakiasoul.com\/traditonal-attractions\/janosikove-diery-rosutec\/\",\"name\":\"J\u00e1no\u0161\u00edkove diery & Rozsutec - EST Frontier Slovakia\",\"isPartOf\":{\"@id\":\"https:\/\/www.enjoyslovakiasoul.com\/#website\"},\"datePublished\":\"2011-05-18T07:04:25+00:00\",\"dateModified\":\"2012-08-25T16:09:02+00:00\",\"breadcrumb\":{\"@id\":\"https:\/\/www.enjoyslovakiasoul.com\/traditonal-attractions\/janosikove-diery-rosutec\/#breadcrumb\"},\"inLanguage\":\"sk-SK\",\"potentialAction\":[{\"@type\":\"ReadAction\",\"target\":[\"https:\/\/www.enjoyslovakiasoul.com\/traditonal-attractions\/janosikove-diery-rosutec\/\"]}]},{\"@type\":\"BreadcrumbList\",\"@id\":\"https:\/\/www.enjoyslovakiasoul.com\/traditonal-attractions\/janosikove-diery-rosutec\/#breadcrumb\",\"itemListElement\":[{\"@type\":\"ListItem\",\"position\":1,\"name\":\"Home\",\"item\":\"https:\/\/www.enjoyslovakiasoul.com\/\"},{\"@type\":\"ListItem\",\"position\":2,\"name\":\"Slovak Attractions\",\"item\":\"https:\/\/www.enjoyslovakiasoul.com\/traditonal-attractions\/\"},{\"@type\":\"ListItem\",\"position\":3,\"name\":\"J\u00e1no\u0161\u00edkove diery &#038; Rozsutec\"}]},{\"@type\":\"WebSite\",\"@id\":\"https:\/\/www.enjoyslovakiasoul.com\/#website\",\"url\":\"https:\/\/www.enjoyslovakiasoul.com\/\",\"name\":\"EST Frontier Slovakia\",\"description\":\"Fun, Relax, Adventure\",\"potentialAction\":[{\"@type\":\"SearchAction\",\"target\":{\"@type\":\"EntryPoint\",\"urlTemplate\":\"https:\/\/www.enjoyslovakiasoul.com\/?s={search_term_string}\"},\"query-input\":\"required name=search_term_string\"}],\"inLanguage\":\"sk-SK\"}]}<\/script>\n<!-- \/ Yoast SEO plugin. -->","yoast_head_json":{"title":"J\u00e1no\u0161\u00edkove diery & Rozsutec - EST Frontier Slovakia","robots":{"index":"index","follow":"follow","max-snippet":"max-snippet:-1","max-image-preview":"max-image-preview:large","max-video-preview":"max-video-preview:-1"},"canonical":"https:\/\/www.enjoyslovakiasoul.com\/traditonal-attractions\/janosikove-diery-rosutec\/","og_locale":"sk_SK","og_type":"article","og_title":"J\u00e1no\u0161\u00edkove diery & Rozsutec - EST Frontier Slovakia","og_description":"Vychutnaj si s\u00a0nami nezabudnute\u013en\u00fa scen\u00e9riu najzn\u00e1mej\u0161\u00edch J\u00e1no\u0161\u00edkovsk\u00fdch dier s tradi\u010dnou slovenskou atmosf\u00e9rou a objavte star\u00fa trad\u00edciu o J\u00e1no\u0161\u00edkovi\u2026 Rozm\u00fd\u0161\u013eate nad turistikou v\u00a0kr\u00e1snom prostred\u00ed h\u00f4r v\u00a0Terchovskom regi\u00f3ne skalnat\u00fdch \u00fatesov, zch\u00e1dzanie rebr\u00edkmi nad priepas\u0165ami, ktor\u00e9 s\u00fa zn\u00e1me ako J\u00e1no\u0161\u00edkove diery, Tento horsk\u00fd raj je svetozn\u00e1my svie\u017eim vzduchom, ktor\u00fd je tak \u010d\u00edry ako vodop\u00e1dy a bystrinky v\u00a0tomto rozpr\u00e1vkovom [&hellip;]","og_url":"https:\/\/www.enjoyslovakiasoul.com\/traditonal-attractions\/janosikove-diery-rosutec\/","og_site_name":"EST Frontier Slovakia","article_modified_time":"2012-08-25T16:09:02+00:00","og_image":[{"url":"http:\/\/www.enjoyslovakiasoul.com\/wp-content\/uploads\/221105_1608388701953_1603273079_31155011_6591303_o-150x150.jpg"}],"twitter_card":"summary_large_image","twitter_misc":{"Predpokladan\u00fd \u010das \u010d\u00edtania":"3 min\u00faty"},"schema":{"@context":"https:\/\/schema.org","@graph":[{"@type":"WebPage","@id":"https:\/\/www.enjoyslovakiasoul.com\/traditonal-attractions\/janosikove-diery-rosutec\/","url":"https:\/\/www.enjoyslovakiasoul.com\/traditonal-attractions\/janosikove-diery-rosutec\/","name":"J\u00e1no\u0161\u00edkove diery & Rozsutec - EST Frontier Slovakia","isPartOf":{"@id":"https:\/\/www.enjoyslovakiasoul.com\/#website"},"datePublished":"2011-05-18T07:04:25+00:00","dateModified":"2012-08-25T16:09:02+00:00","breadcrumb":{"@id":"https:\/\/www.enjoyslovakiasoul.com\/traditonal-attractions\/janosikove-diery-rosutec\/#breadcrumb"},"inLanguage":"sk-SK","potentialAction":[{"@type":"ReadAction","target":["https:\/\/www.enjoyslovakiasoul.com\/traditonal-attractions\/janosikove-diery-rosutec\/"]}]},{"@type":"BreadcrumbList","@id":"https:\/\/www.enjoyslovakiasoul.com\/traditonal-attractions\/janosikove-diery-rosutec\/#breadcrumb","itemListElement":[{"@type":"ListItem","position":1,"name":"Home","item":"https:\/\/www.enjoyslovakiasoul.com\/"},{"@type":"ListItem","position":2,"name":"Slovak Attractions","item":"https:\/\/www.enjoyslovakiasoul.com\/traditonal-attractions\/"},{"@type":"ListItem","position":3,"name":"J\u00e1no\u0161\u00edkove diery &#038; Rozsutec"}]},{"@type":"WebSite","@id":"https:\/\/www.enjoyslovakiasoul.com\/#website","url":"https:\/\/www.enjoyslovakiasoul.com\/","name":"EST Frontier Slovakia","description":"Fun, Relax, Adventure","potentialAction":[{"@type":"SearchAction","target":{"@type":"EntryPoint","urlTemplate":"https:\/\/www.enjoyslovakiasoul.com\/?s={search_term_string}"},"query-input":"required name=search_term_string"}],"inLanguage":"sk-SK"}]}},"_links":{"self":[{"href":"https:\/\/www.enjoyslovakiasoul.com\/sk\/wp-json\/wp\/v2\/pages\/365"}],"collection":[{"href":"https:\/\/www.enjoyslovakiasoul.com\/sk\/wp-json\/wp\/v2\/pages"}],"about":[{"href":"https:\/\/www.enjoyslovakiasoul.com\/sk\/wp-json\/wp\/v2\/types\/page"}],"author":[{"embeddable":true,"href":"https:\/\/www.enjoyslovakiasoul.com\/sk\/wp-json\/wp\/v2\/users\/1"}],"replies":[{"embeddable":true,"href":"https:\/\/www.enjoyslovakiasoul.com\/sk\/wp-json\/wp\/v2\/comments?post=365"}],"version-history":[{"count":6,"href":"https:\/\/www.enjoyslovakiasoul.com\/sk\/wp-json\/wp\/v2\/pages\/365\/revisions"}],"predecessor-version":[{"id":3164,"href":"https:\/\/www.enjoyslovakiasoul.com\/sk\/wp-json\/wp\/v2\/pages\/365\/revisions\/3164"}],"up":[{"embeddable":true,"href":"https:\/\/www.enjoyslovakiasoul.com\/sk\/wp-json\/wp\/v2\/pages\/13"}],"wp:attachment":[{"href":"https:\/\/www.enjoyslovakiasoul.com\/sk\/wp-json\/wp\/v2\/media?parent=365"}],"curies":[{"name":"wp","href":"https:\/\/api.w.org\/{rel}","templated":true}]}}