
{"id":367,"date":"2011-05-18T07:08:10","date_gmt":"2011-05-18T07:08:10","guid":{"rendered":"http:\/\/www.enjoyslovakiasoul.com\/?page_id=367"},"modified":"2012-08-25T16:10:16","modified_gmt":"2012-08-25T16:10:16","slug":"kvacianska-a-prosiecka-dolina","status":"publish","type":"page","link":"https:\/\/www.enjoyslovakiasoul.com\/sk\/traditonal-attractions\/kvacianska-a-prosiecka-dolina\/","title":{"rendered":"Kva\u010dianska a Prosiecka dolina"},"content":{"rendered":"<p><\/p>\n<p style=\"text-align: center;\"><a href=\"http:\/\/www.enjoyslovakiasoul.com\/wp-content\/uploads\/1e5cc88e69_68120292_o2.jpg\"><img decoding=\"async\" loading=\"lazy\" class=\"alignleft\" title=\"Kvacianska dolina\" src=\"http:\/\/www.enjoyslovakiasoul.com\/wp-content\/uploads\/1e5cc88e69_68120292_o2-150x150.jpg\" alt=\"\" width=\"150\" height=\"150\" \/><\/a><\/p>\n<p style=\"text-align: center;\"><span style=\"color: #008000;\"><strong>Vychutnaj si s\u00a0nami nezabudnute\u013en\u00fa scen\u00e9riu najzn\u00e1mej\u0161\u00edch dol\u00edn uprostred vysok\u00fdch h<\/strong><strong>\u00f4r \u2013 <\/strong><strong>Kva\u010dianska a\u00a0Prosiecka dolina<\/strong><strong> a u\u017ei si tradi\u010dn\u00fa \u00a0slovensk\u00fa atmosf\u00e9ru\u2026<\/strong><\/span><\/p>\n<p><strong>Za\u017eite rozpr\u00e1vkov\u00fa nen\u00e1ro\u010dn\u00fa turistiku Kva\u010dianskou a Prosieckou dolinou uprostred Roh\u00e1\u010dskych h\u00f4r<\/strong>. Tento horsk\u00fd raj je zn\u00e1my vodop\u00e1dmi a\u00a0bystrinkami, ktor\u00e9 te\u010d\u00fa ties\u0148avami a\u00a0korytami hlbokou priepas\u0165ou, popri ktor\u00fdch vedie n\u00e1u\u010dn\u00fd chodn\u00edk.<\/p>\n<p><strong>Po ceste sa zastav\u00edme pri dvoch dreven\u00fdch mlynoch z po\u010diatku 19. storo\u010dia, kde ke\u010f budeme ma\u0165 s\u0165astie, m\u00f4\u017eeme za\u017ei\u0165 noc na tradi\u010dnom mlyne.<\/strong> Vychutnajte si \u00a0neopakovate\u013en\u00fa dovolenku s\u00a0Enjoy Slovakia Tours a s\u00a0tradi\u010dnou slovenskou atmosf\u00e9rou, veselou \u013eudovou z\u00e1bavou a chutn\u00fdm slovensk\u00fdm jedlom\u2026<\/p>\n<p><strong><a href=\"http:\/\/www.enjoyslovakiasoul.com\/wp-content\/uploads\/Slovakia2008KvacianskaDolina.jpg\"><img decoding=\"async\" loading=\"lazy\" class=\"alignleft\" title=\"KvacianskaDolina\" src=\"http:\/\/www.enjoyslovakiasoul.com\/wp-content\/uploads\/Slovakia2008KvacianskaDolina-150x150.jpg\" alt=\"\" width=\"150\" height=\"150\" \/><\/a><\/strong><strong><strong><em>EST Frontier Slovakia<\/em><\/strong>\u00a0<\/strong>v\u00e1m pon\u00faka za\u017ei\u0165 neopakovate\u013en\u00fa turistiku a nazrie\u0165 do tajomstva kr\u00e1s, ktor\u00e9 vytvorila sama pr\u00edroda. Budeme v\u00e1s sprev\u00e1dza\u0165 horsk\u00fdmi cestami, zastav\u00edme sa na\u00a0lok\u00e1lnych miestach na ob\u010derstven\u00ed, aby ste spoznali aj pohostinnos\u0165 a dobrosrde\u010dnos\u0165 miestnych \u013eud\u00ed. Za\u017eite s\u00a0nami neopakovate\u013en\u00fd relax, ubytujeme V\u00e1s v\u00a0slovenskej tradi\u010dnej kolibe, ochutn\u00e1te tradi\u010dn\u00e9 slovensk\u00e9 jedl\u00e1, za\u017eijete prav\u00fa slovensk\u00fa kult\u00faru a z\u00e1bavu pri \u017eivej \u013eudovej hudbe, nazriete do sveta na\u0161ich prad\u00e1vnych trad\u00edci\u00ed alebo si len tak u\u017e\u00edvajte romantick\u00e9 prostredie a spozn\u00e1vajte kr\u00e1sy na\u0161ej malej ve\u013ekej krajiny.<\/p>\n<p><strong>Ak m\u00e1te z\u00e1ujem o dovolenku na Slovensku s <strong><em>EST Frontier Slovakia<\/em><\/strong><\/strong><strong>, nev\u00e1hajte a <a title=\"Kontakt\" href=\"..\/?page_id=17&amp;lang=sk\">kontaktujte n\u00e1s<\/a>. Povedzte n\u00e1m svoje predstavy a my sa budeme sna\u017ei\u0165 splni\u0165 v\u00e1m ich a obohati\u0165 ich o na\u0161e sk\u00fasenosti.<\/strong><\/p>\n<p><strong>Zabezpe\u010d\u00edme pre v\u00e1s cel\u00fd program, od dopravy z\u00a0letiska\u00a0 a\u017e po ubytovanie v\u00a0tradi\u010dnom slovenskom prostred\u00ed<\/strong>, aby ste pre\u017eili nie len nezabudnute\u013en\u00e9 chv\u00edle v slovensk\u00fdch hor\u00e1ch, ale aby ste spoznali aj trad\u00edcie slovenskej kult\u00fary.<\/p>","protected":false},"excerpt":{"rendered":"<p>Vychutnaj si s\u00a0nami nezabudnute\u013en\u00fa scen\u00e9riu najzn\u00e1mej\u0161\u00edch dol\u00edn uprostred vysok\u00fdch h\u00f4r \u2013 Kva\u010dianska a\u00a0Prosiecka dolina a u\u017ei si tradi\u010dn\u00fa \u00a0slovensk\u00fa atmosf\u00e9ru\u2026 Za\u017eite rozpr\u00e1vkov\u00fa nen\u00e1ro\u010dn\u00fa turistiku Kva\u010dianskou a Prosieckou dolinou uprostred Roh\u00e1\u010dskych h\u00f4r. Tento horsk\u00fd raj je zn\u00e1my vodop\u00e1dmi a\u00a0bystrinkami, ktor\u00e9 te\u010d\u00fa ties\u0148avami a\u00a0korytami hlbokou priepas\u0165ou, popri ktor\u00fdch vedie n\u00e1u\u010dn\u00fd chodn\u00edk. Po ceste sa zastav\u00edme pri dvoch [&hellip;]<\/p>\n","protected":false},"author":1,"featured_media":0,"parent":13,"menu_order":0,"comment_status":"open","ping_status":"open","template":"","meta":{"ngg_post_thumbnail":0},"yoast_head":"<!-- This site is optimized with the Yoast SEO plugin v20.3 - https:\/\/yoast.com\/wordpress\/plugins\/seo\/ -->\n<title>Kva\u010dianska a Prosiecka dolina - EST Frontier Slovakia<\/title>\n<meta name=\"robots\" content=\"index, follow, max-snippet:-1, max-image-preview:large, max-video-preview:-1\" \/>\n<link rel=\"canonical\" href=\"https:\/\/www.enjoyslovakiasoul.com\/traditonal-attractions\/kvacianska-a-prosiecka-dolina\/\" \/>\n<meta property=\"og:locale\" content=\"sk_SK\" \/>\n<meta property=\"og:type\" content=\"article\" \/>\n<meta property=\"og:title\" content=\"Kva\u010dianska a Prosiecka dolina - EST Frontier Slovakia\" \/>\n<meta property=\"og:description\" content=\"Vychutnaj si s\u00a0nami nezabudnute\u013en\u00fa scen\u00e9riu najzn\u00e1mej\u0161\u00edch dol\u00edn uprostred vysok\u00fdch h\u00f4r \u2013 Kva\u010dianska a\u00a0Prosiecka dolina a u\u017ei si tradi\u010dn\u00fa \u00a0slovensk\u00fa atmosf\u00e9ru\u2026 Za\u017eite rozpr\u00e1vkov\u00fa nen\u00e1ro\u010dn\u00fa turistiku Kva\u010dianskou a Prosieckou dolinou uprostred Roh\u00e1\u010dskych h\u00f4r. Tento horsk\u00fd raj je zn\u00e1my vodop\u00e1dmi a\u00a0bystrinkami, ktor\u00e9 te\u010d\u00fa ties\u0148avami a\u00a0korytami hlbokou priepas\u0165ou, popri ktor\u00fdch vedie n\u00e1u\u010dn\u00fd chodn\u00edk. Po ceste sa zastav\u00edme pri dvoch [&hellip;]\" \/>\n<meta property=\"og:url\" content=\"https:\/\/www.enjoyslovakiasoul.com\/traditonal-attractions\/kvacianska-a-prosiecka-dolina\/\" \/>\n<meta property=\"og:site_name\" content=\"EST Frontier Slovakia\" \/>\n<meta property=\"article:modified_time\" content=\"2012-08-25T16:10:16+00:00\" \/>\n<meta property=\"og:image\" content=\"http:\/\/www.enjoyslovakiasoul.com\/wp-content\/uploads\/1e5cc88e69_68120292_o2-150x150.jpg\" \/>\n<meta name=\"twitter:card\" content=\"summary_large_image\" \/>\n<meta name=\"twitter:label1\" content=\"Predpokladan\u00fd \u010das \u010d\u00edtania\" \/>\n\t<meta name=\"twitter:data1\" content=\"3 min\u00faty\" \/>\n<script type=\"application\/ld+json\" class=\"yoast-schema-graph\">{\"@context\":\"https:\/\/schema.org\",\"@graph\":[{\"@type\":\"WebPage\",\"@id\":\"https:\/\/www.enjoyslovakiasoul.com\/traditonal-attractions\/kvacianska-a-prosiecka-dolina\/\",\"url\":\"https:\/\/www.enjoyslovakiasoul.com\/traditonal-attractions\/kvacianska-a-prosiecka-dolina\/\",\"name\":\"Kva\u010dianska a Prosiecka dolina - EST Frontier Slovakia\",\"isPartOf\":{\"@id\":\"https:\/\/www.enjoyslovakiasoul.com\/#website\"},\"datePublished\":\"2011-05-18T07:08:10+00:00\",\"dateModified\":\"2012-08-25T16:10:16+00:00\",\"breadcrumb\":{\"@id\":\"https:\/\/www.enjoyslovakiasoul.com\/traditonal-attractions\/kvacianska-a-prosiecka-dolina\/#breadcrumb\"},\"inLanguage\":\"sk-SK\",\"potentialAction\":[{\"@type\":\"ReadAction\",\"target\":[\"https:\/\/www.enjoyslovakiasoul.com\/traditonal-attractions\/kvacianska-a-prosiecka-dolina\/\"]}]},{\"@type\":\"BreadcrumbList\",\"@id\":\"https:\/\/www.enjoyslovakiasoul.com\/traditonal-attractions\/kvacianska-a-prosiecka-dolina\/#breadcrumb\",\"itemListElement\":[{\"@type\":\"ListItem\",\"position\":1,\"name\":\"Home\",\"item\":\"https:\/\/www.enjoyslovakiasoul.com\/\"},{\"@type\":\"ListItem\",\"position\":2,\"name\":\"Slovak Attractions\",\"item\":\"https:\/\/www.enjoyslovakiasoul.com\/traditonal-attractions\/\"},{\"@type\":\"ListItem\",\"position\":3,\"name\":\"Kva\u010dianska &#038; Prosiecka valley\"}]},{\"@type\":\"WebSite\",\"@id\":\"https:\/\/www.enjoyslovakiasoul.com\/#website\",\"url\":\"https:\/\/www.enjoyslovakiasoul.com\/\",\"name\":\"EST Frontier Slovakia\",\"description\":\"Fun, Relax, Adventure\",\"potentialAction\":[{\"@type\":\"SearchAction\",\"target\":{\"@type\":\"EntryPoint\",\"urlTemplate\":\"https:\/\/www.enjoyslovakiasoul.com\/?s={search_term_string}\"},\"query-input\":\"required name=search_term_string\"}],\"inLanguage\":\"sk-SK\"}]}<\/script>\n<!-- \/ Yoast SEO plugin. -->","yoast_head_json":{"title":"Kva\u010dianska a Prosiecka dolina - EST Frontier Slovakia","robots":{"index":"index","follow":"follow","max-snippet":"max-snippet:-1","max-image-preview":"max-image-preview:large","max-video-preview":"max-video-preview:-1"},"canonical":"https:\/\/www.enjoyslovakiasoul.com\/traditonal-attractions\/kvacianska-a-prosiecka-dolina\/","og_locale":"sk_SK","og_type":"article","og_title":"Kva\u010dianska a Prosiecka dolina - EST Frontier Slovakia","og_description":"Vychutnaj si s\u00a0nami nezabudnute\u013en\u00fa scen\u00e9riu najzn\u00e1mej\u0161\u00edch dol\u00edn uprostred vysok\u00fdch h\u00f4r \u2013 Kva\u010dianska a\u00a0Prosiecka dolina a u\u017ei si tradi\u010dn\u00fa \u00a0slovensk\u00fa atmosf\u00e9ru\u2026 Za\u017eite rozpr\u00e1vkov\u00fa nen\u00e1ro\u010dn\u00fa turistiku Kva\u010dianskou a Prosieckou dolinou uprostred Roh\u00e1\u010dskych h\u00f4r. Tento horsk\u00fd raj je zn\u00e1my vodop\u00e1dmi a\u00a0bystrinkami, ktor\u00e9 te\u010d\u00fa ties\u0148avami a\u00a0korytami hlbokou priepas\u0165ou, popri ktor\u00fdch vedie n\u00e1u\u010dn\u00fd chodn\u00edk. Po ceste sa zastav\u00edme pri dvoch [&hellip;]","og_url":"https:\/\/www.enjoyslovakiasoul.com\/traditonal-attractions\/kvacianska-a-prosiecka-dolina\/","og_site_name":"EST Frontier Slovakia","article_modified_time":"2012-08-25T16:10:16+00:00","og_image":[{"url":"http:\/\/www.enjoyslovakiasoul.com\/wp-content\/uploads\/1e5cc88e69_68120292_o2-150x150.jpg"}],"twitter_card":"summary_large_image","twitter_misc":{"Predpokladan\u00fd \u010das \u010d\u00edtania":"3 min\u00faty"},"schema":{"@context":"https:\/\/schema.org","@graph":[{"@type":"WebPage","@id":"https:\/\/www.enjoyslovakiasoul.com\/traditonal-attractions\/kvacianska-a-prosiecka-dolina\/","url":"https:\/\/www.enjoyslovakiasoul.com\/traditonal-attractions\/kvacianska-a-prosiecka-dolina\/","name":"Kva\u010dianska a Prosiecka dolina - EST Frontier Slovakia","isPartOf":{"@id":"https:\/\/www.enjoyslovakiasoul.com\/#website"},"datePublished":"2011-05-18T07:08:10+00:00","dateModified":"2012-08-25T16:10:16+00:00","breadcrumb":{"@id":"https:\/\/www.enjoyslovakiasoul.com\/traditonal-attractions\/kvacianska-a-prosiecka-dolina\/#breadcrumb"},"inLanguage":"sk-SK","potentialAction":[{"@type":"ReadAction","target":["https:\/\/www.enjoyslovakiasoul.com\/traditonal-attractions\/kvacianska-a-prosiecka-dolina\/"]}]},{"@type":"BreadcrumbList","@id":"https:\/\/www.enjoyslovakiasoul.com\/traditonal-attractions\/kvacianska-a-prosiecka-dolina\/#breadcrumb","itemListElement":[{"@type":"ListItem","position":1,"name":"Home","item":"https:\/\/www.enjoyslovakiasoul.com\/"},{"@type":"ListItem","position":2,"name":"Slovak Attractions","item":"https:\/\/www.enjoyslovakiasoul.com\/traditonal-attractions\/"},{"@type":"ListItem","position":3,"name":"Kva\u010dianska &#038; Prosiecka valley"}]},{"@type":"WebSite","@id":"https:\/\/www.enjoyslovakiasoul.com\/#website","url":"https:\/\/www.enjoyslovakiasoul.com\/","name":"EST Frontier Slovakia","description":"Fun, Relax, Adventure","potentialAction":[{"@type":"SearchAction","target":{"@type":"EntryPoint","urlTemplate":"https:\/\/www.enjoyslovakiasoul.com\/?s={search_term_string}"},"query-input":"required name=search_term_string"}],"inLanguage":"sk-SK"}]}},"_links":{"self":[{"href":"https:\/\/www.enjoyslovakiasoul.com\/sk\/wp-json\/wp\/v2\/pages\/367"}],"collection":[{"href":"https:\/\/www.enjoyslovakiasoul.com\/sk\/wp-json\/wp\/v2\/pages"}],"about":[{"href":"https:\/\/www.enjoyslovakiasoul.com\/sk\/wp-json\/wp\/v2\/types\/page"}],"author":[{"embeddable":true,"href":"https:\/\/www.enjoyslovakiasoul.com\/sk\/wp-json\/wp\/v2\/users\/1"}],"replies":[{"embeddable":true,"href":"https:\/\/www.enjoyslovakiasoul.com\/sk\/wp-json\/wp\/v2\/comments?post=367"}],"version-history":[{"count":9,"href":"https:\/\/www.enjoyslovakiasoul.com\/sk\/wp-json\/wp\/v2\/pages\/367\/revisions"}],"predecessor-version":[{"id":3165,"href":"https:\/\/www.enjoyslovakiasoul.com\/sk\/wp-json\/wp\/v2\/pages\/367\/revisions\/3165"}],"up":[{"embeddable":true,"href":"https:\/\/www.enjoyslovakiasoul.com\/sk\/wp-json\/wp\/v2\/pages\/13"}],"wp:attachment":[{"href":"https:\/\/www.enjoyslovakiasoul.com\/sk\/wp-json\/wp\/v2\/media?parent=367"}],"curies":[{"name":"wp","href":"https:\/\/api.w.org\/{rel}","templated":true}]}}