
{"id":369,"date":"2011-05-18T07:10:52","date_gmt":"2011-05-18T07:10:52","guid":{"rendered":"http:\/\/www.enjoyslovakiasoul.com\/?page_id=369"},"modified":"2012-08-25T15:51:38","modified_gmt":"2012-08-25T15:51:38","slug":"natural-thermal-parks","status":"publish","type":"page","link":"https:\/\/www.enjoyslovakiasoul.com\/sk\/traditonal-attractions\/natural-thermal-parks\/","title":{"rendered":"Lie\u010diace term\u00e1lne k\u00fapele"},"content":{"rendered":"<p><\/p>\n<p style=\"text-align: center;\"><a href=\"http:\/\/www.enjoyslovakiasoul.com\/wp-content\/uploads\/Zena.jpg\"><img decoding=\"async\" loading=\"lazy\" title=\"Natural Thermal Wellness\" src=\"http:\/\/www.enjoyslovakiasoul.com\/wp-content\/uploads\/Zena.jpg\" alt=\"\" width=\"615\" height=\"123\" \/><\/a><\/p>\n<p style=\"text-align: center;\"><span style=\"color: #008000;\"><strong>Vychutnaj si s\u00a0nami nezabudnute\u013en\u00fd oddych v\u00a0teplom horskom lie\u010divom baz\u00e9ne a pritom si u\u017e\u00edvajte poh\u013ead na kon\u010diare h\u00f4r. Ak m\u00e1te radi horsk\u00e9 prostredie spojen\u00e9 s\u00a0relaxom v tradi\u010dnej slovenskej atmosf\u00e9re, potom ste na spr\u00e1vnej ceste\u2026<\/strong><\/span><\/p>\n<p><strong><a href=\"http:\/\/www.enjoyslovakiasoul.com\/wp-content\/uploads\/030204_56_2581542.jpg\"><img decoding=\"async\" loading=\"lazy\" class=\"alignleft\" title=\"Natural Thermal Park\" src=\"http:\/\/www.enjoyslovakiasoul.com\/wp-content\/uploads\/030204_56_2581542-150x150.jpg\" alt=\"\" width=\"150\" height=\"150\" \/><\/a><\/strong><strong><strong><em>EST Frontier Slovakia<\/em><\/strong>\u00a0<\/strong>V\u00e1m sprostredkuje kr\u00e1sne chv\u00edle v <strong>Thermal park Be\u0161e\u0148ov\u00e1<\/strong> a <strong>Thermal park Oravice<\/strong>, ktor\u00e9 sa nach\u00e1dzaj\u00fa v kr\u00e1snom prostred\u00ed Liptova a Oravy, v\u00a0najkraj\u0161\u00edch regi\u00f3noch na\u0161ej malej krajiny s\u00a0ve\u013ek\u00fdm srdcom. Therm\u00e1lne k\u00fapele vznikli vyu\u017eit\u00edm hor\u00facich prame\u0148ov term\u00e1lnych v\u00f4d, ktor\u00fdch \u00fa\u010dinky poznali u\u017e star\u00ed Kelti, ktor\u00fd po boji poc\u00edtili silu tejto vody.<\/p>\n<p>Tunaj\u0161ia voda p\u00f4sob\u00ed blahodarne na pohybov\u00e9 a d\u00fdchacie \u00fastrojenstvo, pom\u00e1ha lie\u010di\u0165 urologick\u00e9 probl\u00e9my a m\u00e1 priazniv\u00e9 kozmetick\u00e9 \u00fa\u010dinky. Pozit\u00edvne \u00fa\u010dinky na psychiku sa prejavia takmer okam\u017eite, v\u010faka obsahu l\u00edtia. Term\u00e1lna voda obsahuje v\u00e1pnik, hor\u010d\u00edk, sod\u00edk, drasl\u00edk, \u017eelezo, mang\u00e1n, mimoriadne mno\u017estvo s\u00edranov, bikarbon\u00e1ty, vo\u013en\u00fd oxid uhli\u010dit\u00fd a \u010fal\u0161ie miner\u00e1ly.<\/p>\n<p><a href=\"http:\/\/www.enjoyslovakiasoul.com\/wp-content\/uploads\/P1040548.jpg\"><img decoding=\"async\" loading=\"lazy\" class=\"alignleft\" title=\"Natural Thermal Park\" src=\"http:\/\/www.enjoyslovakiasoul.com\/wp-content\/uploads\/P1040548-150x150.jpg\" alt=\"\" width=\"150\" height=\"150\" \/><\/a><strong>Ak m\u00e1te z\u00e1ujem o dovolenku na Slovensku s\u00a0nami, nev\u00e1hajte a <a title=\"Kontakt\" href=\"..\/?page_id=17&amp;lang=sk\">kontaktujte n\u00e1s<\/a>. Povedzte n\u00e1m svoje predstavy a my sa budeme sna\u017ei\u0165 splni\u0165 v\u00e1m ich a obohati\u0165 ich o na\u0161e sk\u00fasenosti. <\/strong>Zabezpe\u010d\u00edme pre v\u00e1s cel\u00fd program, od dopravy a\u017e po ubytovanie v\u00a0tradi\u010dnom slovenskom prostred\u00ed, aby ste pre\u017eili nie len nezabudnute\u013en\u00e9 chv\u00edle v slovensk\u00fdch hor\u00e1ch, ale aby ste spoznali aj trad\u00edcie slovenskej kult\u00fary.<\/p>","protected":false},"excerpt":{"rendered":"<p>Vychutnaj si s\u00a0nami nezabudnute\u013en\u00fd oddych v\u00a0teplom horskom lie\u010divom baz\u00e9ne a pritom si u\u017e\u00edvajte poh\u013ead na kon\u010diare h\u00f4r. Ak m\u00e1te radi horsk\u00e9 prostredie spojen\u00e9 s\u00a0relaxom v tradi\u010dnej slovenskej atmosf\u00e9re, potom ste na spr\u00e1vnej ceste\u2026 EST Frontier Slovakia\u00a0V\u00e1m sprostredkuje kr\u00e1sne chv\u00edle v Thermal park Be\u0161e\u0148ov\u00e1 a Thermal park Oravice, ktor\u00e9 sa nach\u00e1dzaj\u00fa v kr\u00e1snom prostred\u00ed Liptova a [&hellip;]<\/p>\n","protected":false},"author":1,"featured_media":0,"parent":13,"menu_order":0,"comment_status":"open","ping_status":"open","template":"","meta":{"ngg_post_thumbnail":0},"yoast_head":"<!-- This site is optimized with the Yoast SEO plugin v20.3 - https:\/\/yoast.com\/wordpress\/plugins\/seo\/ -->\n<title>Lie\u010diace term\u00e1lne k\u00fapele - EST Frontier Slovakia<\/title>\n<meta name=\"robots\" content=\"index, follow, max-snippet:-1, max-image-preview:large, max-video-preview:-1\" \/>\n<link rel=\"canonical\" href=\"https:\/\/www.enjoyslovakiasoul.com\/traditonal-attractions\/natural-thermal-parks\/\" \/>\n<meta property=\"og:locale\" content=\"sk_SK\" \/>\n<meta property=\"og:type\" content=\"article\" \/>\n<meta property=\"og:title\" content=\"Lie\u010diace term\u00e1lne k\u00fapele - EST Frontier Slovakia\" \/>\n<meta property=\"og:description\" content=\"Vychutnaj si s\u00a0nami nezabudnute\u013en\u00fd oddych v\u00a0teplom horskom lie\u010divom baz\u00e9ne a pritom si u\u017e\u00edvajte poh\u013ead na kon\u010diare h\u00f4r. Ak m\u00e1te radi horsk\u00e9 prostredie spojen\u00e9 s\u00a0relaxom v tradi\u010dnej slovenskej atmosf\u00e9re, potom ste na spr\u00e1vnej ceste\u2026 EST Frontier Slovakia\u00a0V\u00e1m sprostredkuje kr\u00e1sne chv\u00edle v Thermal park Be\u0161e\u0148ov\u00e1 a Thermal park Oravice, ktor\u00e9 sa nach\u00e1dzaj\u00fa v kr\u00e1snom prostred\u00ed Liptova a [&hellip;]\" \/>\n<meta property=\"og:url\" content=\"https:\/\/www.enjoyslovakiasoul.com\/traditonal-attractions\/natural-thermal-parks\/\" \/>\n<meta property=\"og:site_name\" content=\"EST Frontier Slovakia\" \/>\n<meta property=\"article:modified_time\" content=\"2012-08-25T15:51:38+00:00\" \/>\n<meta property=\"og:image\" content=\"http:\/\/www.enjoyslovakiasoul.com\/wp-content\/uploads\/Zena.jpg\" \/>\n<meta name=\"twitter:card\" content=\"summary_large_image\" \/>\n<meta name=\"twitter:label1\" content=\"Predpokladan\u00fd \u010das \u010d\u00edtania\" \/>\n\t<meta name=\"twitter:data1\" content=\"3 min\u00faty\" \/>\n<script type=\"application\/ld+json\" class=\"yoast-schema-graph\">{\"@context\":\"https:\/\/schema.org\",\"@graph\":[{\"@type\":\"WebPage\",\"@id\":\"https:\/\/www.enjoyslovakiasoul.com\/traditonal-attractions\/natural-thermal-parks\/\",\"url\":\"https:\/\/www.enjoyslovakiasoul.com\/traditonal-attractions\/natural-thermal-parks\/\",\"name\":\"Lie\u010diace term\u00e1lne k\u00fapele - EST Frontier Slovakia\",\"isPartOf\":{\"@id\":\"https:\/\/www.enjoyslovakiasoul.com\/#website\"},\"datePublished\":\"2011-05-18T07:10:52+00:00\",\"dateModified\":\"2012-08-25T15:51:38+00:00\",\"breadcrumb\":{\"@id\":\"https:\/\/www.enjoyslovakiasoul.com\/traditonal-attractions\/natural-thermal-parks\/#breadcrumb\"},\"inLanguage\":\"sk-SK\",\"potentialAction\":[{\"@type\":\"ReadAction\",\"target\":[\"https:\/\/www.enjoyslovakiasoul.com\/traditonal-attractions\/natural-thermal-parks\/\"]}]},{\"@type\":\"BreadcrumbList\",\"@id\":\"https:\/\/www.enjoyslovakiasoul.com\/traditonal-attractions\/natural-thermal-parks\/#breadcrumb\",\"itemListElement\":[{\"@type\":\"ListItem\",\"position\":1,\"name\":\"Home\",\"item\":\"https:\/\/www.enjoyslovakiasoul.com\/\"},{\"@type\":\"ListItem\",\"position\":2,\"name\":\"Slovak Attractions\",\"item\":\"https:\/\/www.enjoyslovakiasoul.com\/traditonal-attractions\/\"},{\"@type\":\"ListItem\",\"position\":3,\"name\":\"Natural Thermal park spas\"}]},{\"@type\":\"WebSite\",\"@id\":\"https:\/\/www.enjoyslovakiasoul.com\/#website\",\"url\":\"https:\/\/www.enjoyslovakiasoul.com\/\",\"name\":\"EST Frontier Slovakia\",\"description\":\"Fun, Relax, Adventure\",\"potentialAction\":[{\"@type\":\"SearchAction\",\"target\":{\"@type\":\"EntryPoint\",\"urlTemplate\":\"https:\/\/www.enjoyslovakiasoul.com\/?s={search_term_string}\"},\"query-input\":\"required name=search_term_string\"}],\"inLanguage\":\"sk-SK\"}]}<\/script>\n<!-- \/ Yoast SEO plugin. -->","yoast_head_json":{"title":"Lie\u010diace term\u00e1lne k\u00fapele - EST Frontier Slovakia","robots":{"index":"index","follow":"follow","max-snippet":"max-snippet:-1","max-image-preview":"max-image-preview:large","max-video-preview":"max-video-preview:-1"},"canonical":"https:\/\/www.enjoyslovakiasoul.com\/traditonal-attractions\/natural-thermal-parks\/","og_locale":"sk_SK","og_type":"article","og_title":"Lie\u010diace term\u00e1lne k\u00fapele - EST Frontier Slovakia","og_description":"Vychutnaj si s\u00a0nami nezabudnute\u013en\u00fd oddych v\u00a0teplom horskom lie\u010divom baz\u00e9ne a pritom si u\u017e\u00edvajte poh\u013ead na kon\u010diare h\u00f4r. Ak m\u00e1te radi horsk\u00e9 prostredie spojen\u00e9 s\u00a0relaxom v tradi\u010dnej slovenskej atmosf\u00e9re, potom ste na spr\u00e1vnej ceste\u2026 EST Frontier Slovakia\u00a0V\u00e1m sprostredkuje kr\u00e1sne chv\u00edle v Thermal park Be\u0161e\u0148ov\u00e1 a Thermal park Oravice, ktor\u00e9 sa nach\u00e1dzaj\u00fa v kr\u00e1snom prostred\u00ed Liptova a [&hellip;]","og_url":"https:\/\/www.enjoyslovakiasoul.com\/traditonal-attractions\/natural-thermal-parks\/","og_site_name":"EST Frontier Slovakia","article_modified_time":"2012-08-25T15:51:38+00:00","og_image":[{"url":"http:\/\/www.enjoyslovakiasoul.com\/wp-content\/uploads\/Zena.jpg"}],"twitter_card":"summary_large_image","twitter_misc":{"Predpokladan\u00fd \u010das \u010d\u00edtania":"3 min\u00faty"},"schema":{"@context":"https:\/\/schema.org","@graph":[{"@type":"WebPage","@id":"https:\/\/www.enjoyslovakiasoul.com\/traditonal-attractions\/natural-thermal-parks\/","url":"https:\/\/www.enjoyslovakiasoul.com\/traditonal-attractions\/natural-thermal-parks\/","name":"Lie\u010diace term\u00e1lne k\u00fapele - EST Frontier Slovakia","isPartOf":{"@id":"https:\/\/www.enjoyslovakiasoul.com\/#website"},"datePublished":"2011-05-18T07:10:52+00:00","dateModified":"2012-08-25T15:51:38+00:00","breadcrumb":{"@id":"https:\/\/www.enjoyslovakiasoul.com\/traditonal-attractions\/natural-thermal-parks\/#breadcrumb"},"inLanguage":"sk-SK","potentialAction":[{"@type":"ReadAction","target":["https:\/\/www.enjoyslovakiasoul.com\/traditonal-attractions\/natural-thermal-parks\/"]}]},{"@type":"BreadcrumbList","@id":"https:\/\/www.enjoyslovakiasoul.com\/traditonal-attractions\/natural-thermal-parks\/#breadcrumb","itemListElement":[{"@type":"ListItem","position":1,"name":"Home","item":"https:\/\/www.enjoyslovakiasoul.com\/"},{"@type":"ListItem","position":2,"name":"Slovak Attractions","item":"https:\/\/www.enjoyslovakiasoul.com\/traditonal-attractions\/"},{"@type":"ListItem","position":3,"name":"Natural Thermal park spas"}]},{"@type":"WebSite","@id":"https:\/\/www.enjoyslovakiasoul.com\/#website","url":"https:\/\/www.enjoyslovakiasoul.com\/","name":"EST Frontier Slovakia","description":"Fun, Relax, Adventure","potentialAction":[{"@type":"SearchAction","target":{"@type":"EntryPoint","urlTemplate":"https:\/\/www.enjoyslovakiasoul.com\/?s={search_term_string}"},"query-input":"required name=search_term_string"}],"inLanguage":"sk-SK"}]}},"_links":{"self":[{"href":"https:\/\/www.enjoyslovakiasoul.com\/sk\/wp-json\/wp\/v2\/pages\/369"}],"collection":[{"href":"https:\/\/www.enjoyslovakiasoul.com\/sk\/wp-json\/wp\/v2\/pages"}],"about":[{"href":"https:\/\/www.enjoyslovakiasoul.com\/sk\/wp-json\/wp\/v2\/types\/page"}],"author":[{"embeddable":true,"href":"https:\/\/www.enjoyslovakiasoul.com\/sk\/wp-json\/wp\/v2\/users\/1"}],"replies":[{"embeddable":true,"href":"https:\/\/www.enjoyslovakiasoul.com\/sk\/wp-json\/wp\/v2\/comments?post=369"}],"version-history":[{"count":9,"href":"https:\/\/www.enjoyslovakiasoul.com\/sk\/wp-json\/wp\/v2\/pages\/369\/revisions"}],"predecessor-version":[{"id":753,"href":"https:\/\/www.enjoyslovakiasoul.com\/sk\/wp-json\/wp\/v2\/pages\/369\/revisions\/753"}],"up":[{"embeddable":true,"href":"https:\/\/www.enjoyslovakiasoul.com\/sk\/wp-json\/wp\/v2\/pages\/13"}],"wp:attachment":[{"href":"https:\/\/www.enjoyslovakiasoul.com\/sk\/wp-json\/wp\/v2\/media?parent=369"}],"curies":[{"name":"wp","href":"https:\/\/api.w.org\/{rel}","templated":true}]}}