
{"id":371,"date":"2011-05-18T07:11:30","date_gmt":"2011-05-18T07:11:30","guid":{"rendered":"http:\/\/www.enjoyslovakiasoul.com\/?page_id=371"},"modified":"2012-08-25T15:53:53","modified_gmt":"2012-08-25T15:53:53","slug":"ochutnavka-tradicnej-slovenskej-kuchyne","status":"publish","type":"page","link":"https:\/\/www.enjoyslovakiasoul.com\/sk\/traditonal-attractions\/ochutnavka-tradicnej-slovenskej-kuchyne\/","title":{"rendered":"Ochutn\u00e1vka tradi\u010dnej slovenskej kuchyne"},"content":{"rendered":"<p><\/p>\n<p style=\"text-align: center;\"><span style=\"color: #008000;\"><strong>EST Frontier Slovakia V\u00e1m pom\u00f4\u017ee objavi\u0165 tie najlep\u0161ie kulin\u00e1rske tajomstv\u00e1 na\u0161ich tradi\u010dn\u00fdch jed\u00e1l, ktor\u00e9 n\u00e1jdeme v srdci Slovensko na Orave a Liptove.<\/strong><\/span><\/p>\n<p style=\"text-align: center;\"><span style=\"color: #008000;\"><strong><\/p>\n<p><\/strong><\/span><\/p>\n<p>S nami ochutn\u00e1te:<a href=\"http:\/\/www.enjoyslovakiasoul.com\/wp-content\/uploads\/1370657997_0f45da2b23.jpg\"><img decoding=\"async\" loading=\"lazy\" class=\"size-thumbnail wp-image-1220 alignleft\" title=\"Tradition food\" src=\"http:\/\/www.enjoyslovakiasoul.com\/wp-content\/uploads\/1370657997_0f45da2b23-150x150.jpg\" alt=\"\" width=\"150\" height=\"150\" \/><\/a><\/p>\n<p>&#8211; <strong>Gul\u00e1\u0161<\/strong>-Dom\u00e1ca polievka<\/p>\n<p>&#8211; <strong>Bryndzov\u00e9 halu\u0161ky<\/strong>-zemiakov\u00e9 halu\u0161ky s ov\u010d\u00edm syroma k\u00faskami slaniny<\/p>\n<p>&#8211; <strong>Korb\u00e1\u010diky<\/strong>&#8211; tradi\u010dn\u00e9 syrov\u00e9 poch\u00fa\u0165ky<\/p>\n<p>&#8211; Biely <strong>\u010derstv\u00fd ov\u010d\u00ed syr<\/strong><\/p>\n<p>&#8211; <strong>Uden\u00fd ov\u010d\u00ed syr<\/strong><\/p>\n<p>&#8211; <strong>Bryndza<\/strong> &#8211; slovensk\u00fd sl\u00e1vny syr<\/p>\n<p>&#8211; <strong>\u017din\u010dica<\/strong> &#8211; mlie\u010dny n\u00e1poj<\/p>\n<p>&#8211;<strong>\u010c<\/strong><a href=\"http:\/\/www.enjoyslovakiasoul.com\/wp-content\/uploads\/P1090318-Kop\u00edrovat.jpg\"><img decoding=\"async\" loading=\"lazy\" class=\"alignleft size-thumbnail wp-image-1213\" title=\"tasting the tradition food\" src=\"http:\/\/www.enjoyslovakiasoul.com\/wp-content\/uploads\/P1090318-Kop\u00edrovat-150x150.jpg\" alt=\"\" width=\"150\" height=\"150\" \/><\/a><strong>u\u010doriedkovica<\/strong>-najpopul\u00e1rnej\u0161\u00ed slovensk\u00fd dom\u00e1ci alkohol 52%\u00a0 vyr\u00e1ban\u00e1 iba na Slovensku<\/p>\n<p>&#8211;<strong> Jablkov<\/strong><strong>icu, Hru\u0161kovica, Slivovica<\/strong> &#8211; dom\u00e1ci aperit\u00edv 55%; zlo\u017eka ovocia (jablk\u00e1, hru\u0161ky, slivky)<\/p>\n<p>U\u017eite si tieto \u0161peciality na tradi\u010dnom slovenskom &#8222;Sala\u0161i&#8220; alebo ochutnaj slovensk\u00e9 v\u00edna alebo tradi\u010dn\u00e9 slovensk\u00e9 pivo.<\/p>\n<p>Pridajte sa k n\u00e1m pri Grilova\u010dke prasa\u0165a alebo Tradi\u010dnej zab\u00edja\u010dke a ochutnejte jej lah\u00f4dky. Grilova\u010dka, \u017eivot na tradi\u010dnom slovenskom vidi\u00e9ku \u010di folkov\u00e1 hudba, to sprav\u00ed va\u0161u dovolenku jedine\u010dnou a zapamat\u00e1te si ju nav\u017edy.<\/p>","protected":false},"excerpt":{"rendered":"<p>EST Frontier Slovakia V\u00e1m pom\u00f4\u017ee objavi\u0165 tie najlep\u0161ie kulin\u00e1rske tajomstv\u00e1 na\u0161ich tradi\u010dn\u00fdch jed\u00e1l, ktor\u00e9 n\u00e1jdeme v srdci Slovensko na Orave a Liptove. S nami ochutn\u00e1te: &#8211; Gul\u00e1\u0161-Dom\u00e1ca polievka &#8211; Bryndzov\u00e9 halu\u0161ky-zemiakov\u00e9 halu\u0161ky s ov\u010d\u00edm syroma k\u00faskami slaniny &#8211; Korb\u00e1\u010diky&#8211; tradi\u010dn\u00e9 syrov\u00e9 poch\u00fa\u0165ky &#8211; Biely \u010derstv\u00fd ov\u010d\u00ed syr &#8211; Uden\u00fd ov\u010d\u00ed syr &#8211; Bryndza &#8211; slovensk\u00fd [&hellip;]<\/p>\n","protected":false},"author":1,"featured_media":0,"parent":13,"menu_order":0,"comment_status":"open","ping_status":"open","template":"","meta":{"ngg_post_thumbnail":0},"yoast_head":"<!-- This site is optimized with the Yoast SEO plugin v20.3 - https:\/\/yoast.com\/wordpress\/plugins\/seo\/ -->\n<title>Ochutn\u00e1vka tradi\u010dnej slovenskej kuchyne - EST Frontier Slovakia<\/title>\n<meta name=\"robots\" content=\"index, follow, max-snippet:-1, max-image-preview:large, max-video-preview:-1\" \/>\n<link rel=\"canonical\" href=\"https:\/\/www.enjoyslovakiasoul.com\/traditonal-attractions\/ochutnavka-tradicnej-slovenskej-kuchyne\/\" \/>\n<meta property=\"og:locale\" content=\"sk_SK\" \/>\n<meta property=\"og:type\" content=\"article\" \/>\n<meta property=\"og:title\" content=\"Ochutn\u00e1vka tradi\u010dnej slovenskej kuchyne - EST Frontier Slovakia\" \/>\n<meta property=\"og:description\" content=\"EST Frontier Slovakia V\u00e1m pom\u00f4\u017ee objavi\u0165 tie najlep\u0161ie kulin\u00e1rske tajomstv\u00e1 na\u0161ich tradi\u010dn\u00fdch jed\u00e1l, ktor\u00e9 n\u00e1jdeme v srdci Slovensko na Orave a Liptove. S nami ochutn\u00e1te: &#8211; Gul\u00e1\u0161-Dom\u00e1ca polievka &#8211; Bryndzov\u00e9 halu\u0161ky-zemiakov\u00e9 halu\u0161ky s ov\u010d\u00edm syroma k\u00faskami slaniny &#8211; Korb\u00e1\u010diky&#8211; tradi\u010dn\u00e9 syrov\u00e9 poch\u00fa\u0165ky &#8211; Biely \u010derstv\u00fd ov\u010d\u00ed syr &#8211; Uden\u00fd ov\u010d\u00ed syr &#8211; Bryndza &#8211; slovensk\u00fd [&hellip;]\" \/>\n<meta property=\"og:url\" content=\"https:\/\/www.enjoyslovakiasoul.com\/traditonal-attractions\/ochutnavka-tradicnej-slovenskej-kuchyne\/\" \/>\n<meta property=\"og:site_name\" content=\"EST Frontier Slovakia\" \/>\n<meta property=\"article:modified_time\" content=\"2012-08-25T15:53:53+00:00\" \/>\n<meta property=\"og:image\" content=\"http:\/\/www.enjoyslovakiasoul.com\/wp-content\/uploads\/1370657997_0f45da2b23-150x150.jpg\" \/>\n<meta name=\"twitter:card\" content=\"summary_large_image\" \/>\n<meta name=\"twitter:label1\" content=\"Predpokladan\u00fd \u010das \u010d\u00edtania\" \/>\n\t<meta name=\"twitter:data1\" content=\"2 min\u00faty\" \/>\n<script type=\"application\/ld+json\" class=\"yoast-schema-graph\">{\"@context\":\"https:\/\/schema.org\",\"@graph\":[{\"@type\":\"WebPage\",\"@id\":\"https:\/\/www.enjoyslovakiasoul.com\/traditonal-attractions\/ochutnavka-tradicnej-slovenskej-kuchyne\/\",\"url\":\"https:\/\/www.enjoyslovakiasoul.com\/traditonal-attractions\/ochutnavka-tradicnej-slovenskej-kuchyne\/\",\"name\":\"Ochutn\u00e1vka tradi\u010dnej slovenskej kuchyne - EST Frontier Slovakia\",\"isPartOf\":{\"@id\":\"https:\/\/www.enjoyslovakiasoul.com\/#website\"},\"datePublished\":\"2011-05-18T07:11:30+00:00\",\"dateModified\":\"2012-08-25T15:53:53+00:00\",\"breadcrumb\":{\"@id\":\"https:\/\/www.enjoyslovakiasoul.com\/traditonal-attractions\/ochutnavka-tradicnej-slovenskej-kuchyne\/#breadcrumb\"},\"inLanguage\":\"sk-SK\",\"potentialAction\":[{\"@type\":\"ReadAction\",\"target\":[\"https:\/\/www.enjoyslovakiasoul.com\/traditonal-attractions\/ochutnavka-tradicnej-slovenskej-kuchyne\/\"]}]},{\"@type\":\"BreadcrumbList\",\"@id\":\"https:\/\/www.enjoyslovakiasoul.com\/traditonal-attractions\/ochutnavka-tradicnej-slovenskej-kuchyne\/#breadcrumb\",\"itemListElement\":[{\"@type\":\"ListItem\",\"position\":1,\"name\":\"Home\",\"item\":\"https:\/\/www.enjoyslovakiasoul.com\/\"},{\"@type\":\"ListItem\",\"position\":2,\"name\":\"Slovak Attractions\",\"item\":\"https:\/\/www.enjoyslovakiasoul.com\/traditonal-attractions\/\"},{\"@type\":\"ListItem\",\"position\":3,\"name\":\"Food Tasting Tour\"}]},{\"@type\":\"WebSite\",\"@id\":\"https:\/\/www.enjoyslovakiasoul.com\/#website\",\"url\":\"https:\/\/www.enjoyslovakiasoul.com\/\",\"name\":\"EST Frontier Slovakia\",\"description\":\"Fun, Relax, Adventure\",\"potentialAction\":[{\"@type\":\"SearchAction\",\"target\":{\"@type\":\"EntryPoint\",\"urlTemplate\":\"https:\/\/www.enjoyslovakiasoul.com\/?s={search_term_string}\"},\"query-input\":\"required name=search_term_string\"}],\"inLanguage\":\"sk-SK\"}]}<\/script>\n<!-- \/ Yoast SEO plugin. -->","yoast_head_json":{"title":"Ochutn\u00e1vka tradi\u010dnej slovenskej kuchyne - EST Frontier Slovakia","robots":{"index":"index","follow":"follow","max-snippet":"max-snippet:-1","max-image-preview":"max-image-preview:large","max-video-preview":"max-video-preview:-1"},"canonical":"https:\/\/www.enjoyslovakiasoul.com\/traditonal-attractions\/ochutnavka-tradicnej-slovenskej-kuchyne\/","og_locale":"sk_SK","og_type":"article","og_title":"Ochutn\u00e1vka tradi\u010dnej slovenskej kuchyne - EST Frontier Slovakia","og_description":"EST Frontier Slovakia V\u00e1m pom\u00f4\u017ee objavi\u0165 tie najlep\u0161ie kulin\u00e1rske tajomstv\u00e1 na\u0161ich tradi\u010dn\u00fdch jed\u00e1l, ktor\u00e9 n\u00e1jdeme v srdci Slovensko na Orave a Liptove. S nami ochutn\u00e1te: &#8211; Gul\u00e1\u0161-Dom\u00e1ca polievka &#8211; Bryndzov\u00e9 halu\u0161ky-zemiakov\u00e9 halu\u0161ky s ov\u010d\u00edm syroma k\u00faskami slaniny &#8211; Korb\u00e1\u010diky&#8211; tradi\u010dn\u00e9 syrov\u00e9 poch\u00fa\u0165ky &#8211; Biely \u010derstv\u00fd ov\u010d\u00ed syr &#8211; Uden\u00fd ov\u010d\u00ed syr &#8211; Bryndza &#8211; slovensk\u00fd [&hellip;]","og_url":"https:\/\/www.enjoyslovakiasoul.com\/traditonal-attractions\/ochutnavka-tradicnej-slovenskej-kuchyne\/","og_site_name":"EST Frontier Slovakia","article_modified_time":"2012-08-25T15:53:53+00:00","og_image":[{"url":"http:\/\/www.enjoyslovakiasoul.com\/wp-content\/uploads\/1370657997_0f45da2b23-150x150.jpg"}],"twitter_card":"summary_large_image","twitter_misc":{"Predpokladan\u00fd \u010das \u010d\u00edtania":"2 min\u00faty"},"schema":{"@context":"https:\/\/schema.org","@graph":[{"@type":"WebPage","@id":"https:\/\/www.enjoyslovakiasoul.com\/traditonal-attractions\/ochutnavka-tradicnej-slovenskej-kuchyne\/","url":"https:\/\/www.enjoyslovakiasoul.com\/traditonal-attractions\/ochutnavka-tradicnej-slovenskej-kuchyne\/","name":"Ochutn\u00e1vka tradi\u010dnej slovenskej kuchyne - EST Frontier Slovakia","isPartOf":{"@id":"https:\/\/www.enjoyslovakiasoul.com\/#website"},"datePublished":"2011-05-18T07:11:30+00:00","dateModified":"2012-08-25T15:53:53+00:00","breadcrumb":{"@id":"https:\/\/www.enjoyslovakiasoul.com\/traditonal-attractions\/ochutnavka-tradicnej-slovenskej-kuchyne\/#breadcrumb"},"inLanguage":"sk-SK","potentialAction":[{"@type":"ReadAction","target":["https:\/\/www.enjoyslovakiasoul.com\/traditonal-attractions\/ochutnavka-tradicnej-slovenskej-kuchyne\/"]}]},{"@type":"BreadcrumbList","@id":"https:\/\/www.enjoyslovakiasoul.com\/traditonal-attractions\/ochutnavka-tradicnej-slovenskej-kuchyne\/#breadcrumb","itemListElement":[{"@type":"ListItem","position":1,"name":"Home","item":"https:\/\/www.enjoyslovakiasoul.com\/"},{"@type":"ListItem","position":2,"name":"Slovak Attractions","item":"https:\/\/www.enjoyslovakiasoul.com\/traditonal-attractions\/"},{"@type":"ListItem","position":3,"name":"Food Tasting Tour"}]},{"@type":"WebSite","@id":"https:\/\/www.enjoyslovakiasoul.com\/#website","url":"https:\/\/www.enjoyslovakiasoul.com\/","name":"EST Frontier Slovakia","description":"Fun, Relax, Adventure","potentialAction":[{"@type":"SearchAction","target":{"@type":"EntryPoint","urlTemplate":"https:\/\/www.enjoyslovakiasoul.com\/?s={search_term_string}"},"query-input":"required name=search_term_string"}],"inLanguage":"sk-SK"}]}},"_links":{"self":[{"href":"https:\/\/www.enjoyslovakiasoul.com\/sk\/wp-json\/wp\/v2\/pages\/371"}],"collection":[{"href":"https:\/\/www.enjoyslovakiasoul.com\/sk\/wp-json\/wp\/v2\/pages"}],"about":[{"href":"https:\/\/www.enjoyslovakiasoul.com\/sk\/wp-json\/wp\/v2\/types\/page"}],"author":[{"embeddable":true,"href":"https:\/\/www.enjoyslovakiasoul.com\/sk\/wp-json\/wp\/v2\/users\/1"}],"replies":[{"embeddable":true,"href":"https:\/\/www.enjoyslovakiasoul.com\/sk\/wp-json\/wp\/v2\/comments?post=371"}],"version-history":[{"count":25,"href":"https:\/\/www.enjoyslovakiasoul.com\/sk\/wp-json\/wp\/v2\/pages\/371\/revisions"}],"predecessor-version":[{"id":3157,"href":"https:\/\/www.enjoyslovakiasoul.com\/sk\/wp-json\/wp\/v2\/pages\/371\/revisions\/3157"}],"up":[{"embeddable":true,"href":"https:\/\/www.enjoyslovakiasoul.com\/sk\/wp-json\/wp\/v2\/pages\/13"}],"wp:attachment":[{"href":"https:\/\/www.enjoyslovakiasoul.com\/sk\/wp-json\/wp\/v2\/media?parent=371"}],"curies":[{"name":"wp","href":"https:\/\/api.w.org\/{rel}","templated":true}]}}