
{"id":379,"date":"2011-05-18T07:13:46","date_gmt":"2011-05-18T07:13:46","guid":{"rendered":"http:\/\/www.enjoyslovakiasoul.com\/?page_id=379"},"modified":"2012-08-25T15:58:34","modified_gmt":"2012-08-25T15:58:34","slug":"salasnictvo","status":"publish","type":"page","link":"https:\/\/www.enjoyslovakiasoul.com\/sk\/traditonal-attractions\/salasnictvo\/","title":{"rendered":"Tradi\u010dn\u00fd Sala\u0161"},"content":{"rendered":"<p><\/p>\n<p style=\"text-align: center;\"><a href=\"http:\/\/www.enjoyslovakiasoul.com\/wp-content\/uploads\/Zmena19.jpg\"><img decoding=\"async\" loading=\"lazy\" title=\"Sala\u0161n\u00edctvo\" src=\"http:\/\/www.enjoyslovakiasoul.com\/wp-content\/uploads\/Zmena19.jpg\" alt=\"\" width=\"615\" height=\"128\" \/><\/a><span style=\"color: #008000;\"><strong>Spoznajte s\u00a0nami krajinu kr\u00e1snych h\u00f4r, bohatej hist\u00f3rie a jedine\u010dnej <\/strong><strong>sala\u0161n\u00edckej trad\u00edcie..<\/strong><\/span><\/p>\n<p>P<a href=\"http:\/\/www.enjoyslovakiasoul.com\/wp-content\/uploads\/IMG_1040-Kop\u00edrovat1.jpg\"><img decoding=\"async\" loading=\"lazy\" class=\"alignleft size-medium wp-image-1241\" title=\"Proud shepherd\" src=\"http:\/\/www.enjoyslovakiasoul.com\/wp-content\/uploads\/IMG_1040-Kop\u00edrovat1-224x300.jpg\" alt=\"\" width=\"224\" height=\"300\" srcset=\"https:\/\/www.enjoyslovakiasoul.com\/wp-content\/uploads\/IMG_1040-Kop\u00edrovat1-224x300.jpg 224w, https:\/\/www.enjoyslovakiasoul.com\/wp-content\/uploads\/IMG_1040-Kop\u00edrovat1.jpg 560w\" sizes=\"(max-width: 224px) 100vw, 224px\" \/><\/a>revedieme v\u00e1s t\u00fdmi najkraj\u0161\u00edmi sala\u0161mi, ktor\u00e9 patria na Slovensku medzi najstar\u0161iu trad\u00edciu, preto\u017ee ovce boli od nepam\u00e4ti nerozlu\u010dne sp\u00e4t\u00e9 so \u017eivotom miestnych obyvate\u013eov najm\u00e4 v\u00a0regi\u00f3noch Orava a Liptov.<\/p>\n<p>&nbsp;<\/p>\n<p><strong><strong><em>EST Frontier Slovakia<\/em><\/strong>\u00a0<\/strong>V\u00e1s prevedie horsk\u00fdmi l\u00fakami, kde n\u00e1jdete aj st\u00e1da oviec s\u00a0pastiermi, psami a\u00a0ko\u0161iarmi, jedn\u00fdm slovom <strong>sala\u0161<\/strong>, ktor\u00fd tvor\u00ed neodmyslite\u013en\u00fa historick\u00fa s\u00fa\u010das\u0165 na\u0161ej pr\u00edrody. S\u00fa st\u00e1le viac vyh\u013ead\u00e1van\u00e9 po\u010das letnej turistickej sez\u00f3ny a\u017e do jesene. Pastieri tr\u00e1via cel\u00e9 leto spolu s \u010driedami vysoko v hor\u00e1ch uprostred vo\u0148av\u00fdch l\u00fak. \u017dij\u00fa v dreven\u00fdch zrubov\u00fdch kolib\u00e1ch so \u0161ind\u013eovou strechou, okolo ktor\u00fdch s\u00fa ohrady pre ovce \u2013 ko\u0161iare. <strong>Posedenie na sala\u0161i v pr\u00edrode,so st\u00e1dom oviec a psov , ochutn\u00e1vka \u010derstv\u00e9ho syra, o\u0161tiepka, ochutn\u00e1vka \u017ein\u010dice, ako aj samotn\u00e1 v\u00f4\u0148a sala\u0161a je neopakovate\u013en\u00fdm z\u00e1\u017eitkom pre ka\u017ed\u00e9ho turistu \u010di u\u017e slovensk\u00e9ho alebo zahrani\u010dn\u00e9ho.<\/p>\n<p><\/strong><\/p>\n<p>Ak m\u00e1te z\u00e1ujem o dovolenku na Slovensku s\u00a0nami, radi v\u00e1m po\u0161leme u\u017e hotov\u00fd program, ktor\u00fd v\u00e1m sprav\u00edme pod\u013ea va\u0161ich predst\u00e1v, kde spozn\u00e1te \u010di u\u017e trad\u00edcie, hist\u00f3riu, tradi\u010dn\u00e9 remesl\u00e1 alebo pr\u00edrodn\u00e9 dedi\u010dstvo. Nev\u00e1hajte a <a title=\"Kontakt\" href=\"..\/?page_id=17&amp;lang=sk\">kontaktujte n\u00e1s<\/a>. Povedzte n\u00e1m svoje predstavy a my sa budeme sna\u017ei\u0165 splni\u0165 v\u00e1m ich a obohati\u0165 ich o na\u0161e sk\u00fasenosti. <strong>Zabezpe\u010d\u00edme pre v\u00e1s cel\u00fd program, od dopravy a\u017e po ubytovanie v\u00a0tradi\u010dnom slovenskom prostred\u00ed, aby ste pre\u017eili nie len nezabudnute\u013en\u00e9 chv\u00edle v slovensk\u00fdch hor\u00e1ch, ale aby ste spoznali aj trad\u00edcie slovenskej kult\u00fary.<\/strong><a href=\"http:\/\/www.enjoyslovakiasoul.com\/wp-content\/uploads\/ocovsky_baca_1.jpg\"><img decoding=\"async\" loading=\"lazy\" class=\"alignleft\" title=\"Orava a Liptov\" src=\"http:\/\/www.enjoyslovakiasoul.com\/wp-content\/uploads\/ocovsky_baca_1-150x150.jpg\" alt=\"\" width=\"150\" height=\"150\" \/><\/a><strong><a href=\"http:\/\/www.enjoyslovakiasoul.com\/wp-content\/uploads\/IMG_1037-Kop\u00edrovat.jpg\"><img decoding=\"async\" loading=\"lazy\" class=\"size-thumbnail wp-image-1239 alignleft\" title=\"Wild deer among sheep\" src=\"http:\/\/www.enjoyslovakiasoul.com\/wp-content\/uploads\/IMG_1037-Kop\u00edrovat-150x150.jpg\" alt=\"\" width=\"150\" height=\"150\" \/><\/a><\/strong><\/p>","protected":false},"excerpt":{"rendered":"<p>Spoznajte s\u00a0nami krajinu kr\u00e1snych h\u00f4r, bohatej hist\u00f3rie a jedine\u010dnej sala\u0161n\u00edckej trad\u00edcie.. Prevedieme v\u00e1s t\u00fdmi najkraj\u0161\u00edmi sala\u0161mi, ktor\u00e9 patria na Slovensku medzi najstar\u0161iu trad\u00edciu, preto\u017ee ovce boli od nepam\u00e4ti nerozlu\u010dne sp\u00e4t\u00e9 so \u017eivotom miestnych obyvate\u013eov najm\u00e4 v\u00a0regi\u00f3noch Orava a Liptov. &nbsp; EST Frontier Slovakia\u00a0V\u00e1s prevedie horsk\u00fdmi l\u00fakami, kde n\u00e1jdete aj st\u00e1da oviec s\u00a0pastiermi, psami a\u00a0ko\u0161iarmi, jedn\u00fdm [&hellip;]<\/p>\n","protected":false},"author":1,"featured_media":0,"parent":13,"menu_order":0,"comment_status":"open","ping_status":"open","template":"","meta":{"ngg_post_thumbnail":0},"yoast_head":"<!-- This site is optimized with the Yoast SEO plugin v20.3 - https:\/\/yoast.com\/wordpress\/plugins\/seo\/ -->\n<title>Tradi\u010dn\u00fd Sala\u0161 - EST Frontier Slovakia<\/title>\n<meta name=\"robots\" content=\"index, follow, max-snippet:-1, max-image-preview:large, max-video-preview:-1\" \/>\n<link rel=\"canonical\" href=\"https:\/\/www.enjoyslovakiasoul.com\/traditonal-attractions\/salasnictvo\/\" \/>\n<meta property=\"og:locale\" content=\"sk_SK\" \/>\n<meta property=\"og:type\" content=\"article\" \/>\n<meta property=\"og:title\" content=\"Tradi\u010dn\u00fd Sala\u0161 - EST Frontier Slovakia\" \/>\n<meta property=\"og:description\" content=\"Spoznajte s\u00a0nami krajinu kr\u00e1snych h\u00f4r, bohatej hist\u00f3rie a jedine\u010dnej sala\u0161n\u00edckej trad\u00edcie.. Prevedieme v\u00e1s t\u00fdmi najkraj\u0161\u00edmi sala\u0161mi, ktor\u00e9 patria na Slovensku medzi najstar\u0161iu trad\u00edciu, preto\u017ee ovce boli od nepam\u00e4ti nerozlu\u010dne sp\u00e4t\u00e9 so \u017eivotom miestnych obyvate\u013eov najm\u00e4 v\u00a0regi\u00f3noch Orava a Liptov. &nbsp; EST Frontier Slovakia\u00a0V\u00e1s prevedie horsk\u00fdmi l\u00fakami, kde n\u00e1jdete aj st\u00e1da oviec s\u00a0pastiermi, psami a\u00a0ko\u0161iarmi, jedn\u00fdm [&hellip;]\" \/>\n<meta property=\"og:url\" content=\"https:\/\/www.enjoyslovakiasoul.com\/traditonal-attractions\/salasnictvo\/\" \/>\n<meta property=\"og:site_name\" content=\"EST Frontier Slovakia\" \/>\n<meta property=\"article:modified_time\" content=\"2012-08-25T15:58:34+00:00\" \/>\n<meta property=\"og:image\" content=\"http:\/\/www.enjoyslovakiasoul.com\/wp-content\/uploads\/Zmena19.jpg\" \/>\n<meta name=\"twitter:card\" content=\"summary_large_image\" \/>\n<meta name=\"twitter:label1\" content=\"Predpokladan\u00fd \u010das \u010d\u00edtania\" \/>\n\t<meta name=\"twitter:data1\" content=\"3 min\u00faty\" \/>\n<script type=\"application\/ld+json\" class=\"yoast-schema-graph\">{\"@context\":\"https:\/\/schema.org\",\"@graph\":[{\"@type\":\"WebPage\",\"@id\":\"https:\/\/www.enjoyslovakiasoul.com\/traditonal-attractions\/salasnictvo\/\",\"url\":\"https:\/\/www.enjoyslovakiasoul.com\/traditonal-attractions\/salasnictvo\/\",\"name\":\"Tradi\u010dn\u00fd Sala\u0161 - EST Frontier Slovakia\",\"isPartOf\":{\"@id\":\"https:\/\/www.enjoyslovakiasoul.com\/#website\"},\"datePublished\":\"2011-05-18T07:13:46+00:00\",\"dateModified\":\"2012-08-25T15:58:34+00:00\",\"breadcrumb\":{\"@id\":\"https:\/\/www.enjoyslovakiasoul.com\/traditonal-attractions\/salasnictvo\/#breadcrumb\"},\"inLanguage\":\"sk-SK\",\"potentialAction\":[{\"@type\":\"ReadAction\",\"target\":[\"https:\/\/www.enjoyslovakiasoul.com\/traditonal-attractions\/salasnictvo\/\"]}]},{\"@type\":\"BreadcrumbList\",\"@id\":\"https:\/\/www.enjoyslovakiasoul.com\/traditonal-attractions\/salasnictvo\/#breadcrumb\",\"itemListElement\":[{\"@type\":\"ListItem\",\"position\":1,\"name\":\"Home\",\"item\":\"https:\/\/www.enjoyslovakiasoul.com\/\"},{\"@type\":\"ListItem\",\"position\":2,\"name\":\"Slovak Attractions\",\"item\":\"https:\/\/www.enjoyslovakiasoul.com\/traditonal-attractions\/\"},{\"@type\":\"ListItem\",\"position\":3,\"name\":\"&#8221;Sala\u0161&#8221; &#8211; Sheep farm\"}]},{\"@type\":\"WebSite\",\"@id\":\"https:\/\/www.enjoyslovakiasoul.com\/#website\",\"url\":\"https:\/\/www.enjoyslovakiasoul.com\/\",\"name\":\"EST Frontier Slovakia\",\"description\":\"Fun, Relax, Adventure\",\"potentialAction\":[{\"@type\":\"SearchAction\",\"target\":{\"@type\":\"EntryPoint\",\"urlTemplate\":\"https:\/\/www.enjoyslovakiasoul.com\/?s={search_term_string}\"},\"query-input\":\"required name=search_term_string\"}],\"inLanguage\":\"sk-SK\"}]}<\/script>\n<!-- \/ Yoast SEO plugin. -->","yoast_head_json":{"title":"Tradi\u010dn\u00fd Sala\u0161 - EST Frontier Slovakia","robots":{"index":"index","follow":"follow","max-snippet":"max-snippet:-1","max-image-preview":"max-image-preview:large","max-video-preview":"max-video-preview:-1"},"canonical":"https:\/\/www.enjoyslovakiasoul.com\/traditonal-attractions\/salasnictvo\/","og_locale":"sk_SK","og_type":"article","og_title":"Tradi\u010dn\u00fd Sala\u0161 - EST Frontier Slovakia","og_description":"Spoznajte s\u00a0nami krajinu kr\u00e1snych h\u00f4r, bohatej hist\u00f3rie a jedine\u010dnej sala\u0161n\u00edckej trad\u00edcie.. Prevedieme v\u00e1s t\u00fdmi najkraj\u0161\u00edmi sala\u0161mi, ktor\u00e9 patria na Slovensku medzi najstar\u0161iu trad\u00edciu, preto\u017ee ovce boli od nepam\u00e4ti nerozlu\u010dne sp\u00e4t\u00e9 so \u017eivotom miestnych obyvate\u013eov najm\u00e4 v\u00a0regi\u00f3noch Orava a Liptov. &nbsp; EST Frontier Slovakia\u00a0V\u00e1s prevedie horsk\u00fdmi l\u00fakami, kde n\u00e1jdete aj st\u00e1da oviec s\u00a0pastiermi, psami a\u00a0ko\u0161iarmi, jedn\u00fdm [&hellip;]","og_url":"https:\/\/www.enjoyslovakiasoul.com\/traditonal-attractions\/salasnictvo\/","og_site_name":"EST Frontier Slovakia","article_modified_time":"2012-08-25T15:58:34+00:00","og_image":[{"url":"http:\/\/www.enjoyslovakiasoul.com\/wp-content\/uploads\/Zmena19.jpg"}],"twitter_card":"summary_large_image","twitter_misc":{"Predpokladan\u00fd \u010das \u010d\u00edtania":"3 min\u00faty"},"schema":{"@context":"https:\/\/schema.org","@graph":[{"@type":"WebPage","@id":"https:\/\/www.enjoyslovakiasoul.com\/traditonal-attractions\/salasnictvo\/","url":"https:\/\/www.enjoyslovakiasoul.com\/traditonal-attractions\/salasnictvo\/","name":"Tradi\u010dn\u00fd Sala\u0161 - EST Frontier Slovakia","isPartOf":{"@id":"https:\/\/www.enjoyslovakiasoul.com\/#website"},"datePublished":"2011-05-18T07:13:46+00:00","dateModified":"2012-08-25T15:58:34+00:00","breadcrumb":{"@id":"https:\/\/www.enjoyslovakiasoul.com\/traditonal-attractions\/salasnictvo\/#breadcrumb"},"inLanguage":"sk-SK","potentialAction":[{"@type":"ReadAction","target":["https:\/\/www.enjoyslovakiasoul.com\/traditonal-attractions\/salasnictvo\/"]}]},{"@type":"BreadcrumbList","@id":"https:\/\/www.enjoyslovakiasoul.com\/traditonal-attractions\/salasnictvo\/#breadcrumb","itemListElement":[{"@type":"ListItem","position":1,"name":"Home","item":"https:\/\/www.enjoyslovakiasoul.com\/"},{"@type":"ListItem","position":2,"name":"Slovak Attractions","item":"https:\/\/www.enjoyslovakiasoul.com\/traditonal-attractions\/"},{"@type":"ListItem","position":3,"name":"&#8221;Sala\u0161&#8221; &#8211; Sheep farm"}]},{"@type":"WebSite","@id":"https:\/\/www.enjoyslovakiasoul.com\/#website","url":"https:\/\/www.enjoyslovakiasoul.com\/","name":"EST Frontier Slovakia","description":"Fun, Relax, Adventure","potentialAction":[{"@type":"SearchAction","target":{"@type":"EntryPoint","urlTemplate":"https:\/\/www.enjoyslovakiasoul.com\/?s={search_term_string}"},"query-input":"required name=search_term_string"}],"inLanguage":"sk-SK"}]}},"_links":{"self":[{"href":"https:\/\/www.enjoyslovakiasoul.com\/sk\/wp-json\/wp\/v2\/pages\/379"}],"collection":[{"href":"https:\/\/www.enjoyslovakiasoul.com\/sk\/wp-json\/wp\/v2\/pages"}],"about":[{"href":"https:\/\/www.enjoyslovakiasoul.com\/sk\/wp-json\/wp\/v2\/types\/page"}],"author":[{"embeddable":true,"href":"https:\/\/www.enjoyslovakiasoul.com\/sk\/wp-json\/wp\/v2\/users\/1"}],"replies":[{"embeddable":true,"href":"https:\/\/www.enjoyslovakiasoul.com\/sk\/wp-json\/wp\/v2\/comments?post=379"}],"version-history":[{"count":23,"href":"https:\/\/www.enjoyslovakiasoul.com\/sk\/wp-json\/wp\/v2\/pages\/379\/revisions"}],"predecessor-version":[{"id":3159,"href":"https:\/\/www.enjoyslovakiasoul.com\/sk\/wp-json\/wp\/v2\/pages\/379\/revisions\/3159"}],"up":[{"embeddable":true,"href":"https:\/\/www.enjoyslovakiasoul.com\/sk\/wp-json\/wp\/v2\/pages\/13"}],"wp:attachment":[{"href":"https:\/\/www.enjoyslovakiasoul.com\/sk\/wp-json\/wp\/v2\/media?parent=379"}],"curies":[{"name":"wp","href":"https:\/\/api.w.org\/{rel}","templated":true}]}}