
{"id":38,"date":"2011-05-16T08:06:08","date_gmt":"2011-05-16T08:06:08","guid":{"rendered":"http:\/\/www.enjoyslovakiasoul.com\/?page_id=38"},"modified":"2013-01-12T23:49:19","modified_gmt":"2013-01-12T23:49:19","slug":"day-paragliding-tours","status":"publish","type":"page","link":"https:\/\/www.enjoyslovakiasoul.com\/sk\/outdoor\/active-outdoor-enthusiasts-tours\/day-paragliding-tours\/","title":{"rendered":"Paragliding"},"content":{"rendered":"<p><\/p>\n<p style=\"text-align: center;\"><a href=\"http:\/\/www.enjoyslovakiasoul.com\/wp-content\/uploads\/RemarkablesZmena.jpg\"><img decoding=\"async\" loading=\"lazy\" class=\"aligncenter size-full wp-image-242\" title=\"Paragliding\" src=\"http:\/\/www.enjoyslovakiasoul.com\/wp-content\/uploads\/RemarkablesZmena.jpg\" alt=\"\" width=\"615\" height=\"72\" srcset=\"https:\/\/www.enjoyslovakiasoul.com\/wp-content\/uploads\/RemarkablesZmena.jpg 615w, https:\/\/www.enjoyslovakiasoul.com\/wp-content\/uploads\/RemarkablesZmena-300x35.jpg 300w\" sizes=\"(max-width: 615px) 100vw, 615px\" \/><\/a><\/p>\n<p style=\"text-align: center;\"><span style=\"color: #008000;\"><strong>Vychutnaj si s\u00a0nami nezabudnute\u013en\u00fd z\u00e1\u017eitok z\u00a0paraglidingu v\u00a0t\u00fdch najkraj\u0161\u00edch horsk\u00fdch \u0161t\u00edtov s tradi\u010dnou slovenskou atmosf\u00e9rou..<\/strong><\/span><\/p>\n<p style=\"text-align: center;\"><span style=\"color: #008000;\"><strong><\/p>\n<p><\/strong><\/span><\/p>\n<p><a href=\"http:\/\/www.enjoyslovakiasoul.com\/wp-content\/uploads\/060-swys2010.jpg\"><img decoding=\"async\" loading=\"lazy\" class=\"alignleft size-thumbnail wp-image-243\" title=\"Paragliding\" src=\"http:\/\/www.enjoyslovakiasoul.com\/wp-content\/uploads\/060-swys2010-150x150.jpg\" alt=\"\" width=\"150\" height=\"150\" \/><\/a>Chcete spozna\u0165 slovensk\u00fa krajinu z v\u00fd\u0161ky vt\u00e1kov, be\u017en\u00e9mu \u010dloveku nedostupn\u00fa? Vysk\u00fa\u0161ajte paragliding, \u201epoh\u013ead z hora\u201c na kr\u00e1su liptovskej a oravskej krajiny, n\u00edzkych \u010di z\u00e1padn\u00fdch tatier.<strong> <\/strong>Chcete za\u017ei\u0165 toto dobrodru\u017estvo s\u00a0tradi\u010dnou slovenskou atmosf\u00e9rou, veselou \u013eudovou z\u00e1bavou a chutn\u00fdm slovensk\u00fdm jedlom? Potom ste na spr\u00e1vnej ceste\u2026<\/p>\n<p><strong><strong>EST Frontier Slovakia, travel agency,<\/strong>\u00a0<\/strong>poz\u00fdva na dobrodru\u017en\u00fa cestu paraglidingu, ktor\u00e1 vedie do h\u00f4r t\u00fdch najkraj\u0161\u00edch slovensk\u00fdch regi\u00f3nov. Nev\u0161edn\u00e9 bude pre v\u00e1s pravdepodobne v\u0161etko. Od cesty krajinou, po pomery v oblasti, v ktorej je predsa len \u017eivotn\u00fd \u0161tandard rozdielny od toho, ktor\u00fd pozn\u00e1\u0161. Zabezpe\u010d\u00edme v\u00e1m jednozoskokov\u00fd, jednod\u0148ov\u00fd alebo viacd\u0148ov\u00fd kurz, \u010di viac zoskokov z\u00a0roznych \u0161t\u00edtov. V\u00a0na\u0161ej malej krajine s\u00a0ve\u013ek\u00fdm srdcom v\u00a0strede Eur\u00f3py za\u017eijete nezabudnuteln\u00e9 z\u00e1\u017eitky aj s\u00a0\u010fal\u0161\u00edmi \u0161portov\u00fdmi aktivitami, ako je: <strong>rafting, windsurfing, lukostre\u013eba, plavba lo\u010fou<\/strong>. Za\u017eite s\u00a0nami neopakovate\u013en\u00fd relax a nechajte na n\u00e1s, aby sme zorganizovali v\u0161etko, \u010do k\u00a0spr\u00e1vnej dovolenke patr\u00ed pod\u013ea va\u0161ich predst\u00e1v. Ubytujeme v\u00e1s v\u00a0slovenskej tradi\u010dnej kolibe, ochutn\u00e1te tradi\u010dn\u00e9 slovensk\u00e9 jedl\u00e1, za\u017eijete prav\u00fa slovensk\u00fa kult\u00faru a z\u00e1bavu pri \u017eivej \u013eudovej hudbe alebo nazriete do sveta slovensk\u00fdch trad\u00edci\u00ed.<\/p>\n<p><a href=\"http:\/\/www.enjoyslovakiasoul.com\/wp-content\/uploads\/STR-Paragliding-2.jpg\"><img decoding=\"async\" loading=\"lazy\" class=\"alignright size-thumbnail wp-image-244\" title=\"Paragliding\" src=\"http:\/\/www.enjoyslovakiasoul.com\/wp-content\/uploads\/STR-Paragliding-2-150x150.jpg\" alt=\"\" width=\"150\" height=\"150\" \/><\/a><\/p>\n<p>Ak m\u00e1te z\u00e1ujem o dovolenku na Slovensku s\u00a0<strong>EST Frontier Slovakia, travel agency<\/strong>, nev\u00e1hajte a <a title=\"Kontakt\" href=\"..\/?page_id=17&amp;lang=sk\">kontaktujte n\u00e1s<\/a>. Povedzte n\u00e1m svoje predstavy a my sa budeme sna\u017ei\u0165 splni\u0165 v\u00e1m ich a obohati\u0165 ich o na\u0161e sk\u00fasenosti. <strong>Zabezpe\u010d\u00edme pre v\u00e1s cel\u00fd program, od dopravy z\u00a0letiska \u00a0a\u017e po ubytovanie v\u00a0tradi\u010dnom slovenskom prostred\u00ed, aby ste pre\u017eili nie len nezabudnute\u013en\u00e9 chv\u00edle na Slovensku, ale aby ste spoznali aj trad\u00edcie slovenskej kult\u00fary. <\/strong><strong> <\/strong><\/p>","protected":false},"excerpt":{"rendered":"<p>Vychutnaj si s\u00a0nami nezabudnute\u013en\u00fd z\u00e1\u017eitok z\u00a0paraglidingu v\u00a0t\u00fdch najkraj\u0161\u00edch horsk\u00fdch \u0161t\u00edtov s tradi\u010dnou slovenskou atmosf\u00e9rou.. Chcete spozna\u0165 slovensk\u00fa krajinu z v\u00fd\u0161ky vt\u00e1kov, be\u017en\u00e9mu \u010dloveku nedostupn\u00fa? Vysk\u00fa\u0161ajte paragliding, \u201epoh\u013ead z hora\u201c na kr\u00e1su liptovskej a oravskej krajiny, n\u00edzkych \u010di z\u00e1padn\u00fdch tatier. Chcete za\u017ei\u0165 toto dobrodru\u017estvo s\u00a0tradi\u010dnou slovenskou atmosf\u00e9rou, veselou \u013eudovou z\u00e1bavou a chutn\u00fdm slovensk\u00fdm jedlom? Potom ste [&hellip;]<\/p>\n","protected":false},"author":1,"featured_media":0,"parent":19,"menu_order":0,"comment_status":"open","ping_status":"open","template":"","meta":{"ngg_post_thumbnail":0},"yoast_head":"<!-- This site is optimized with the Yoast SEO plugin v20.3 - https:\/\/yoast.com\/wordpress\/plugins\/seo\/ -->\n<title>Paragliding - EST Frontier Slovakia<\/title>\n<meta name=\"robots\" content=\"index, follow, max-snippet:-1, max-image-preview:large, max-video-preview:-1\" \/>\n<link rel=\"canonical\" href=\"https:\/\/www.enjoyslovakiasoul.com\/outdoor\/active-outdoor-enthusiasts-tours\/day-paragliding-tours\/\" \/>\n<meta property=\"og:locale\" content=\"sk_SK\" \/>\n<meta property=\"og:type\" content=\"article\" \/>\n<meta property=\"og:title\" content=\"Paragliding - EST Frontier Slovakia\" \/>\n<meta property=\"og:description\" content=\"Vychutnaj si s\u00a0nami nezabudnute\u013en\u00fd z\u00e1\u017eitok z\u00a0paraglidingu v\u00a0t\u00fdch najkraj\u0161\u00edch horsk\u00fdch \u0161t\u00edtov s tradi\u010dnou slovenskou atmosf\u00e9rou.. Chcete spozna\u0165 slovensk\u00fa krajinu z v\u00fd\u0161ky vt\u00e1kov, be\u017en\u00e9mu \u010dloveku nedostupn\u00fa? Vysk\u00fa\u0161ajte paragliding, \u201epoh\u013ead z hora\u201c na kr\u00e1su liptovskej a oravskej krajiny, n\u00edzkych \u010di z\u00e1padn\u00fdch tatier. Chcete za\u017ei\u0165 toto dobrodru\u017estvo s\u00a0tradi\u010dnou slovenskou atmosf\u00e9rou, veselou \u013eudovou z\u00e1bavou a chutn\u00fdm slovensk\u00fdm jedlom? Potom ste [&hellip;]\" \/>\n<meta property=\"og:url\" content=\"https:\/\/www.enjoyslovakiasoul.com\/outdoor\/active-outdoor-enthusiasts-tours\/day-paragliding-tours\/\" \/>\n<meta property=\"og:site_name\" content=\"EST Frontier Slovakia\" \/>\n<meta property=\"article:modified_time\" content=\"2013-01-12T23:49:19+00:00\" \/>\n<meta property=\"og:image\" content=\"http:\/\/www.enjoyslovakiasoul.com\/wp-content\/uploads\/RemarkablesZmena.jpg\" \/>\n<meta name=\"twitter:card\" content=\"summary_large_image\" \/>\n<meta name=\"twitter:label1\" content=\"Predpokladan\u00fd \u010das \u010d\u00edtania\" \/>\n\t<meta name=\"twitter:data1\" content=\"3 min\u00faty\" \/>\n<script type=\"application\/ld+json\" class=\"yoast-schema-graph\">{\"@context\":\"https:\/\/schema.org\",\"@graph\":[{\"@type\":\"WebPage\",\"@id\":\"https:\/\/www.enjoyslovakiasoul.com\/outdoor\/active-outdoor-enthusiasts-tours\/day-paragliding-tours\/\",\"url\":\"https:\/\/www.enjoyslovakiasoul.com\/outdoor\/active-outdoor-enthusiasts-tours\/day-paragliding-tours\/\",\"name\":\"Paragliding - EST Frontier Slovakia\",\"isPartOf\":{\"@id\":\"https:\/\/www.enjoyslovakiasoul.com\/#website\"},\"datePublished\":\"2011-05-16T08:06:08+00:00\",\"dateModified\":\"2013-01-12T23:49:19+00:00\",\"breadcrumb\":{\"@id\":\"https:\/\/www.enjoyslovakiasoul.com\/outdoor\/active-outdoor-enthusiasts-tours\/day-paragliding-tours\/#breadcrumb\"},\"inLanguage\":\"sk-SK\",\"potentialAction\":[{\"@type\":\"ReadAction\",\"target\":[\"https:\/\/www.enjoyslovakiasoul.com\/outdoor\/active-outdoor-enthusiasts-tours\/day-paragliding-tours\/\"]}]},{\"@type\":\"BreadcrumbList\",\"@id\":\"https:\/\/www.enjoyslovakiasoul.com\/outdoor\/active-outdoor-enthusiasts-tours\/day-paragliding-tours\/#breadcrumb\",\"itemListElement\":[{\"@type\":\"ListItem\",\"position\":1,\"name\":\"Home\",\"item\":\"https:\/\/www.enjoyslovakiasoul.com\/\"},{\"@type\":\"ListItem\",\"position\":2,\"name\":\"Outdoor\",\"item\":\"https:\/\/www.enjoyslovakiasoul.com\/outdoor\/\"},{\"@type\":\"ListItem\",\"position\":3,\"name\":\"Outdoor Activities\",\"item\":\"https:\/\/www.enjoyslovakiasoul.com\/outdoor\/active-outdoor-enthusiasts-tours\/\"},{\"@type\":\"ListItem\",\"position\":4,\"name\":\"Paragliding\"}]},{\"@type\":\"WebSite\",\"@id\":\"https:\/\/www.enjoyslovakiasoul.com\/#website\",\"url\":\"https:\/\/www.enjoyslovakiasoul.com\/\",\"name\":\"EST Frontier Slovakia\",\"description\":\"Fun, Relax, Adventure\",\"potentialAction\":[{\"@type\":\"SearchAction\",\"target\":{\"@type\":\"EntryPoint\",\"urlTemplate\":\"https:\/\/www.enjoyslovakiasoul.com\/?s={search_term_string}\"},\"query-input\":\"required name=search_term_string\"}],\"inLanguage\":\"sk-SK\"}]}<\/script>\n<!-- \/ Yoast SEO plugin. -->","yoast_head_json":{"title":"Paragliding - EST Frontier Slovakia","robots":{"index":"index","follow":"follow","max-snippet":"max-snippet:-1","max-image-preview":"max-image-preview:large","max-video-preview":"max-video-preview:-1"},"canonical":"https:\/\/www.enjoyslovakiasoul.com\/outdoor\/active-outdoor-enthusiasts-tours\/day-paragliding-tours\/","og_locale":"sk_SK","og_type":"article","og_title":"Paragliding - EST Frontier Slovakia","og_description":"Vychutnaj si s\u00a0nami nezabudnute\u013en\u00fd z\u00e1\u017eitok z\u00a0paraglidingu v\u00a0t\u00fdch najkraj\u0161\u00edch horsk\u00fdch \u0161t\u00edtov s tradi\u010dnou slovenskou atmosf\u00e9rou.. Chcete spozna\u0165 slovensk\u00fa krajinu z v\u00fd\u0161ky vt\u00e1kov, be\u017en\u00e9mu \u010dloveku nedostupn\u00fa? Vysk\u00fa\u0161ajte paragliding, \u201epoh\u013ead z hora\u201c na kr\u00e1su liptovskej a oravskej krajiny, n\u00edzkych \u010di z\u00e1padn\u00fdch tatier. Chcete za\u017ei\u0165 toto dobrodru\u017estvo s\u00a0tradi\u010dnou slovenskou atmosf\u00e9rou, veselou \u013eudovou z\u00e1bavou a chutn\u00fdm slovensk\u00fdm jedlom? Potom ste [&hellip;]","og_url":"https:\/\/www.enjoyslovakiasoul.com\/outdoor\/active-outdoor-enthusiasts-tours\/day-paragliding-tours\/","og_site_name":"EST Frontier Slovakia","article_modified_time":"2013-01-12T23:49:19+00:00","og_image":[{"url":"http:\/\/www.enjoyslovakiasoul.com\/wp-content\/uploads\/RemarkablesZmena.jpg"}],"twitter_card":"summary_large_image","twitter_misc":{"Predpokladan\u00fd \u010das \u010d\u00edtania":"3 min\u00faty"},"schema":{"@context":"https:\/\/schema.org","@graph":[{"@type":"WebPage","@id":"https:\/\/www.enjoyslovakiasoul.com\/outdoor\/active-outdoor-enthusiasts-tours\/day-paragliding-tours\/","url":"https:\/\/www.enjoyslovakiasoul.com\/outdoor\/active-outdoor-enthusiasts-tours\/day-paragliding-tours\/","name":"Paragliding - EST Frontier Slovakia","isPartOf":{"@id":"https:\/\/www.enjoyslovakiasoul.com\/#website"},"datePublished":"2011-05-16T08:06:08+00:00","dateModified":"2013-01-12T23:49:19+00:00","breadcrumb":{"@id":"https:\/\/www.enjoyslovakiasoul.com\/outdoor\/active-outdoor-enthusiasts-tours\/day-paragliding-tours\/#breadcrumb"},"inLanguage":"sk-SK","potentialAction":[{"@type":"ReadAction","target":["https:\/\/www.enjoyslovakiasoul.com\/outdoor\/active-outdoor-enthusiasts-tours\/day-paragliding-tours\/"]}]},{"@type":"BreadcrumbList","@id":"https:\/\/www.enjoyslovakiasoul.com\/outdoor\/active-outdoor-enthusiasts-tours\/day-paragliding-tours\/#breadcrumb","itemListElement":[{"@type":"ListItem","position":1,"name":"Home","item":"https:\/\/www.enjoyslovakiasoul.com\/"},{"@type":"ListItem","position":2,"name":"Outdoor","item":"https:\/\/www.enjoyslovakiasoul.com\/outdoor\/"},{"@type":"ListItem","position":3,"name":"Outdoor Activities","item":"https:\/\/www.enjoyslovakiasoul.com\/outdoor\/active-outdoor-enthusiasts-tours\/"},{"@type":"ListItem","position":4,"name":"Paragliding"}]},{"@type":"WebSite","@id":"https:\/\/www.enjoyslovakiasoul.com\/#website","url":"https:\/\/www.enjoyslovakiasoul.com\/","name":"EST Frontier Slovakia","description":"Fun, Relax, Adventure","potentialAction":[{"@type":"SearchAction","target":{"@type":"EntryPoint","urlTemplate":"https:\/\/www.enjoyslovakiasoul.com\/?s={search_term_string}"},"query-input":"required name=search_term_string"}],"inLanguage":"sk-SK"}]}},"_links":{"self":[{"href":"https:\/\/www.enjoyslovakiasoul.com\/sk\/wp-json\/wp\/v2\/pages\/38"}],"collection":[{"href":"https:\/\/www.enjoyslovakiasoul.com\/sk\/wp-json\/wp\/v2\/pages"}],"about":[{"href":"https:\/\/www.enjoyslovakiasoul.com\/sk\/wp-json\/wp\/v2\/types\/page"}],"author":[{"embeddable":true,"href":"https:\/\/www.enjoyslovakiasoul.com\/sk\/wp-json\/wp\/v2\/users\/1"}],"replies":[{"embeddable":true,"href":"https:\/\/www.enjoyslovakiasoul.com\/sk\/wp-json\/wp\/v2\/comments?post=38"}],"version-history":[{"count":13,"href":"https:\/\/www.enjoyslovakiasoul.com\/sk\/wp-json\/wp\/v2\/pages\/38\/revisions"}],"predecessor-version":[{"id":3376,"href":"https:\/\/www.enjoyslovakiasoul.com\/sk\/wp-json\/wp\/v2\/pages\/38\/revisions\/3376"}],"up":[{"embeddable":true,"href":"https:\/\/www.enjoyslovakiasoul.com\/sk\/wp-json\/wp\/v2\/pages\/19"}],"wp:attachment":[{"href":"https:\/\/www.enjoyslovakiasoul.com\/sk\/wp-json\/wp\/v2\/media?parent=38"}],"curies":[{"name":"wp","href":"https:\/\/api.w.org\/{rel}","templated":true}]}}