
{"id":381,"date":"2011-05-18T07:18:04","date_gmt":"2011-05-18T07:18:04","guid":{"rendered":"http:\/\/www.enjoyslovakiasoul.com\/?page_id=381"},"modified":"2012-08-25T16:00:46","modified_gmt":"2012-08-25T16:00:46","slug":"skanzen-oravskej-dediny","status":"publish","type":"page","link":"https:\/\/www.enjoyslovakiasoul.com\/sk\/traditonal-attractions\/skanzen-oravskej-dediny\/","title":{"rendered":"Skanzen oravskej dediny"},"content":{"rendered":"<p><\/p>\n<p style=\"text-align: center;\"><a href=\"http:\/\/www.enjoyslovakiasoul.com\/wp-content\/uploads\/Zmena20.jpg\"><img decoding=\"async\" loading=\"lazy\" title=\"Skanzen- The most popular Museum of Orava Village\" src=\"http:\/\/www.enjoyslovakiasoul.com\/wp-content\/uploads\/Zmena20.jpg\" alt=\"\" width=\"615\" height=\"127\" \/><\/a><span style=\"color: #008000;\"><strong>Spoznajte s\u00a0nami neopakovate\u013en\u00fa krajinu kr\u00e1snych h\u00f4r, bohatej hist\u00f3rie a jedine\u010dnej folkl\u00f3rnej trad\u00edcie v jedine\u010dnom <\/strong><strong>Skanzene oravskej dediny\u2026<\/strong><\/span><\/p>\n<p>Ak pl\u00e1nujete nav\u0161t\u00edvi\u0165 na\u0161u mal\u00fa krajinu s\u00a0ve\u013ek\u00fdm srdcom, nechajte n\u00e1s, aby sme v\u00e1m predstavili ten najzn\u00e1mej\u0161\u00ed a najkr\u00e1snej\u0161\u00ed Skanzen oravskej dediny, ktor\u00fd patr\u00ed na Slovensku medzi najv\u00e4\u010d\u0161iu p\u00fdchu na\u0161ej trad\u00edcie. Ka\u017ed\u00fd regi\u00f3n, dedina m\u00e1 sv\u00f4j vlastn\u00fd charakter a svoj vlastn\u00fd folkl\u00f3r &#8211; kroje, hudbu, piesne, architekt\u00faru, zvyky, trad\u00edcie, tance, n\u00e1re\u010die a v\u00e4\u010d\u0161ina \u013eud\u00ed, ktor\u00ed pr\u00eddu na Slovensko, by rada videla z folkl\u00f3ru \u010do najviac. Preto nev\u00e1hajte a <a title=\"Kontakt\" href=\"..\/?page_id=17&amp;lang=sk\">kontaktujte n\u00e1s<\/a>.<strong> <\/strong><\/p>\n<p>&nbsp;<\/p>\n<p><strong> <a href=\"http:\/\/www.enjoyslovakiasoul.com\/wp-content\/uploads\/BIGgff10_so_24.jpg.jpg\"><img decoding=\"async\" loading=\"lazy\" class=\"alignleft\" title=\"Skanzen-Museum of Orava Village\" src=\"http:\/\/www.enjoyslovakiasoul.com\/wp-content\/uploads\/BIGgff10_so_24.jpg-150x150.jpg\" alt=\"\" width=\"150\" height=\"150\" \/><\/a><\/strong><strong><strong><em>EST Frontier Slovakia<\/em><\/strong>\u00a0V<\/strong><strong>\u00e1s prevedie najzn\u00e1mej\u0161\u00edm m\u00fazeom oravskej dedniny<\/strong>, ktor\u00fd je umiestnen\u00e9 v prekr\u00e1snom podhorskom prostred\u00ed v podhor\u00ed Roh\u00e1\u010dov. P\u00f4vodne boli na tomto mieste iba pasienky. V roku 1967 sa tu za\u010dalo stava\u0165 m\u00fazeum, do ktor\u00e9ho sa postupne premiest\u0148ovali domy z r\u00f4znych oravsk\u00fdch ded\u00edn. Viac ako 50 stavieb \u013eudovej architekt\u00fary je tu rozostaven\u00fdch v nieko\u013ek\u00fdch celkoch, ktor\u00e9 pripom\u00ednaj\u00fa jednotliv\u00e9 \u010dasti Oravy \u2013 Dolnooravsk\u00fd r\u00ednok, Zamagursk\u00e1 ulica, Goralsk\u00e9 lazy. V\u00a0m\u00fazeu n\u00e1jdete <strong>mlyn na vodn\u00fd pohon<\/strong>, <strong>pl\u00e1tenn\u00edcky mange\u013e<\/strong> na hladenie modrotla\u010de, <strong>olej\u00e1re\u0148, hrn\u010diarska pec<\/strong> a in\u00e9. Vz\u00e1cnos\u0165ou s\u00fa taktie\u017e zachovan\u00e9 dokumenty o dom\u00e1cej v\u00fdrobe pl\u00e1tna, modrotla\u010de \u010di s\u00fakna, a u\u017e takmer zabudnutej hrn\u010diarskej v\u00fdrobe a spracovan\u00ed dreva. Odrazom \u0161ikovnosti oravsk\u00fdch predkov s\u00fa <strong>drobn\u00e9 dom\u010deky s \u00fazkymi oknami a \u0161ind\u013eov\u00fdmi strechami<\/strong>, z ktor\u00fdch je c\u00edti\u0165 tradi\u010dn\u00fa atmosf\u00e9ru Slovenska v dob\u00e1ch star\u00fdch \u010di prastar\u00fdch rodi\u010dov. Nad \u201ededinkou\u201c sa t\u00fd\u010di <strong>dreven\u00fd gotick\u00fd kostol sv. Al\u017ebety Uhorskej<\/strong> zo za\u010diatku 15. storo\u010dia z obce Z\u00e1bre\u017e. Kostol s neskorogotick\u00fdm ma\u013eovan\u00fdm stropom a s funk\u010dn\u00fdm barokov\u00fdm organ\u010dekom je ozajstn\u00fdm klenotom m\u00fazea. Zariadenie domov a chov dom\u00e1cich zvierat (v letnom obdob\u00ed aj pestovanie typick\u00fdch plod\u00edn) umo\u017e\u0148uj\u00fa n\u00e1v\u0161tevn\u00edkom predstavi\u0165 si \u017eivot a pr\u00e1cu Oravcov v minulosti.<\/p>\n<p><strong> <a href=\"http:\/\/www.enjoyslovakiasoul.com\/wp-content\/uploads\/1542.jpg\"><img decoding=\"async\" loading=\"lazy\" class=\"alignleft\" title=\"Skanzen- Museum of Orava Village\" src=\"http:\/\/www.enjoyslovakiasoul.com\/wp-content\/uploads\/1542-150x150.jpg\" alt=\"\" width=\"150\" height=\"150\" \/><\/a><strong><em>EST Frontier Slovakia<\/em><\/strong>\u00a0V\u00e1s prevedie ve\u010dern\u00fdmmi vstupmi do expoz\u00edcie s netradi\u010dn\u00fdm odborn\u00fdm v\u00fdkladom a poseden\u00edm pri pravej \u013eudovej hudbe<\/strong>, prezent\u00e1ciami oravsk\u00e9ho folkl\u00f3ru a remesiel \u010di zooexpoz\u00edcie a uk\u00e1\u017eky tradi\u010dnej remeselnej v\u00fdroby.<\/p>\n<p><strong>Ak m\u00e1te z\u00e1ujem o dovolenku na Slovensku s\u00a0nami, nev\u00e1hajte. Radi v\u00e1m po\u0161leme u\u017e hotov\u00fd program, ktor\u00fd v\u00e1m sprav\u00edme pod\u013ea va\u0161ich predst\u00e1v<\/strong>, kde spozn\u00e1te \u010di u\u017e trad\u00edcie, hist\u00f3riu, tradi\u010dn\u00e9 remesl\u00e1 alebo pr\u00edrodn\u00e9 dedi\u010dstvo. Nev\u00e1hajte a <a title=\"Kontakt\" href=\"..\/?page_id=17&amp;lang=sk\">kontaktujte n\u00e1s<\/a>. Povedzte n\u00e1m svoje predstavy a my sa budeme sna\u017ei\u0165 splni\u0165 v\u00e1m ich a obohati\u0165 ich o na\u0161e sk\u00fasenosti. Zabezpe\u010d\u00edme pre v\u00e1s cel\u00fd program, od dopravy a\u017e po ubytovanie v\u00a0tradi\u010dnom slovenskom prostred\u00ed, aby ste pre\u017eili nie len nezabudnute\u013en\u00e9 chv\u00edle v slovensk\u00fdch hor\u00e1ch, ale aby ste spoznali aj trad\u00edcie slovenskej kult\u00fary.<\/p>","protected":false},"excerpt":{"rendered":"<p>Spoznajte s\u00a0nami neopakovate\u013en\u00fa krajinu kr\u00e1snych h\u00f4r, bohatej hist\u00f3rie a jedine\u010dnej folkl\u00f3rnej trad\u00edcie v jedine\u010dnom Skanzene oravskej dediny\u2026 Ak pl\u00e1nujete nav\u0161t\u00edvi\u0165 na\u0161u mal\u00fa krajinu s\u00a0ve\u013ek\u00fdm srdcom, nechajte n\u00e1s, aby sme v\u00e1m predstavili ten najzn\u00e1mej\u0161\u00ed a najkr\u00e1snej\u0161\u00ed Skanzen oravskej dediny, ktor\u00fd patr\u00ed na Slovensku medzi najv\u00e4\u010d\u0161iu p\u00fdchu na\u0161ej trad\u00edcie. Ka\u017ed\u00fd regi\u00f3n, dedina m\u00e1 sv\u00f4j vlastn\u00fd charakter a [&hellip;]<\/p>\n","protected":false},"author":1,"featured_media":0,"parent":13,"menu_order":0,"comment_status":"open","ping_status":"open","template":"","meta":{"ngg_post_thumbnail":0},"yoast_head":"<!-- This site is optimized with the Yoast SEO plugin v20.3 - https:\/\/yoast.com\/wordpress\/plugins\/seo\/ -->\n<title>Skanzen oravskej dediny - EST Frontier Slovakia<\/title>\n<meta name=\"robots\" content=\"index, follow, max-snippet:-1, max-image-preview:large, max-video-preview:-1\" \/>\n<link rel=\"canonical\" href=\"https:\/\/www.enjoyslovakiasoul.com\/traditonal-attractions\/skanzen-oravskej-dediny\/\" \/>\n<meta property=\"og:locale\" content=\"sk_SK\" \/>\n<meta property=\"og:type\" content=\"article\" \/>\n<meta property=\"og:title\" content=\"Skanzen oravskej dediny - EST Frontier Slovakia\" \/>\n<meta property=\"og:description\" content=\"Spoznajte s\u00a0nami neopakovate\u013en\u00fa krajinu kr\u00e1snych h\u00f4r, bohatej hist\u00f3rie a jedine\u010dnej folkl\u00f3rnej trad\u00edcie v jedine\u010dnom Skanzene oravskej dediny\u2026 Ak pl\u00e1nujete nav\u0161t\u00edvi\u0165 na\u0161u mal\u00fa krajinu s\u00a0ve\u013ek\u00fdm srdcom, nechajte n\u00e1s, aby sme v\u00e1m predstavili ten najzn\u00e1mej\u0161\u00ed a najkr\u00e1snej\u0161\u00ed Skanzen oravskej dediny, ktor\u00fd patr\u00ed na Slovensku medzi najv\u00e4\u010d\u0161iu p\u00fdchu na\u0161ej trad\u00edcie. Ka\u017ed\u00fd regi\u00f3n, dedina m\u00e1 sv\u00f4j vlastn\u00fd charakter a [&hellip;]\" \/>\n<meta property=\"og:url\" content=\"https:\/\/www.enjoyslovakiasoul.com\/traditonal-attractions\/skanzen-oravskej-dediny\/\" \/>\n<meta property=\"og:site_name\" content=\"EST Frontier Slovakia\" \/>\n<meta property=\"article:modified_time\" content=\"2012-08-25T16:00:46+00:00\" \/>\n<meta property=\"og:image\" content=\"http:\/\/www.enjoyslovakiasoul.com\/wp-content\/uploads\/Zmena20.jpg\" \/>\n<meta name=\"twitter:card\" content=\"summary_large_image\" \/>\n<meta name=\"twitter:label1\" content=\"Predpokladan\u00fd \u010das \u010d\u00edtania\" \/>\n\t<meta name=\"twitter:data1\" content=\"5 min\u00fat\" \/>\n<script type=\"application\/ld+json\" class=\"yoast-schema-graph\">{\"@context\":\"https:\/\/schema.org\",\"@graph\":[{\"@type\":\"WebPage\",\"@id\":\"https:\/\/www.enjoyslovakiasoul.com\/traditonal-attractions\/skanzen-oravskej-dediny\/\",\"url\":\"https:\/\/www.enjoyslovakiasoul.com\/traditonal-attractions\/skanzen-oravskej-dediny\/\",\"name\":\"Skanzen oravskej dediny - EST Frontier Slovakia\",\"isPartOf\":{\"@id\":\"https:\/\/www.enjoyslovakiasoul.com\/#website\"},\"datePublished\":\"2011-05-18T07:18:04+00:00\",\"dateModified\":\"2012-08-25T16:00:46+00:00\",\"breadcrumb\":{\"@id\":\"https:\/\/www.enjoyslovakiasoul.com\/traditonal-attractions\/skanzen-oravskej-dediny\/#breadcrumb\"},\"inLanguage\":\"sk-SK\",\"potentialAction\":[{\"@type\":\"ReadAction\",\"target\":[\"https:\/\/www.enjoyslovakiasoul.com\/traditonal-attractions\/skanzen-oravskej-dediny\/\"]}]},{\"@type\":\"BreadcrumbList\",\"@id\":\"https:\/\/www.enjoyslovakiasoul.com\/traditonal-attractions\/skanzen-oravskej-dediny\/#breadcrumb\",\"itemListElement\":[{\"@type\":\"ListItem\",\"position\":1,\"name\":\"Home\",\"item\":\"https:\/\/www.enjoyslovakiasoul.com\/\"},{\"@type\":\"ListItem\",\"position\":2,\"name\":\"Slovak Attractions\",\"item\":\"https:\/\/www.enjoyslovakiasoul.com\/traditonal-attractions\/\"},{\"@type\":\"ListItem\",\"position\":3,\"name\":\"Museum of historic Orava Village\"}]},{\"@type\":\"WebSite\",\"@id\":\"https:\/\/www.enjoyslovakiasoul.com\/#website\",\"url\":\"https:\/\/www.enjoyslovakiasoul.com\/\",\"name\":\"EST Frontier Slovakia\",\"description\":\"Fun, Relax, Adventure\",\"potentialAction\":[{\"@type\":\"SearchAction\",\"target\":{\"@type\":\"EntryPoint\",\"urlTemplate\":\"https:\/\/www.enjoyslovakiasoul.com\/?s={search_term_string}\"},\"query-input\":\"required name=search_term_string\"}],\"inLanguage\":\"sk-SK\"}]}<\/script>\n<!-- \/ Yoast SEO plugin. -->","yoast_head_json":{"title":"Skanzen oravskej dediny - EST Frontier Slovakia","robots":{"index":"index","follow":"follow","max-snippet":"max-snippet:-1","max-image-preview":"max-image-preview:large","max-video-preview":"max-video-preview:-1"},"canonical":"https:\/\/www.enjoyslovakiasoul.com\/traditonal-attractions\/skanzen-oravskej-dediny\/","og_locale":"sk_SK","og_type":"article","og_title":"Skanzen oravskej dediny - EST Frontier Slovakia","og_description":"Spoznajte s\u00a0nami neopakovate\u013en\u00fa krajinu kr\u00e1snych h\u00f4r, bohatej hist\u00f3rie a jedine\u010dnej folkl\u00f3rnej trad\u00edcie v jedine\u010dnom Skanzene oravskej dediny\u2026 Ak pl\u00e1nujete nav\u0161t\u00edvi\u0165 na\u0161u mal\u00fa krajinu s\u00a0ve\u013ek\u00fdm srdcom, nechajte n\u00e1s, aby sme v\u00e1m predstavili ten najzn\u00e1mej\u0161\u00ed a najkr\u00e1snej\u0161\u00ed Skanzen oravskej dediny, ktor\u00fd patr\u00ed na Slovensku medzi najv\u00e4\u010d\u0161iu p\u00fdchu na\u0161ej trad\u00edcie. Ka\u017ed\u00fd regi\u00f3n, dedina m\u00e1 sv\u00f4j vlastn\u00fd charakter a [&hellip;]","og_url":"https:\/\/www.enjoyslovakiasoul.com\/traditonal-attractions\/skanzen-oravskej-dediny\/","og_site_name":"EST Frontier Slovakia","article_modified_time":"2012-08-25T16:00:46+00:00","og_image":[{"url":"http:\/\/www.enjoyslovakiasoul.com\/wp-content\/uploads\/Zmena20.jpg"}],"twitter_card":"summary_large_image","twitter_misc":{"Predpokladan\u00fd \u010das \u010d\u00edtania":"5 min\u00fat"},"schema":{"@context":"https:\/\/schema.org","@graph":[{"@type":"WebPage","@id":"https:\/\/www.enjoyslovakiasoul.com\/traditonal-attractions\/skanzen-oravskej-dediny\/","url":"https:\/\/www.enjoyslovakiasoul.com\/traditonal-attractions\/skanzen-oravskej-dediny\/","name":"Skanzen oravskej dediny - EST Frontier Slovakia","isPartOf":{"@id":"https:\/\/www.enjoyslovakiasoul.com\/#website"},"datePublished":"2011-05-18T07:18:04+00:00","dateModified":"2012-08-25T16:00:46+00:00","breadcrumb":{"@id":"https:\/\/www.enjoyslovakiasoul.com\/traditonal-attractions\/skanzen-oravskej-dediny\/#breadcrumb"},"inLanguage":"sk-SK","potentialAction":[{"@type":"ReadAction","target":["https:\/\/www.enjoyslovakiasoul.com\/traditonal-attractions\/skanzen-oravskej-dediny\/"]}]},{"@type":"BreadcrumbList","@id":"https:\/\/www.enjoyslovakiasoul.com\/traditonal-attractions\/skanzen-oravskej-dediny\/#breadcrumb","itemListElement":[{"@type":"ListItem","position":1,"name":"Home","item":"https:\/\/www.enjoyslovakiasoul.com\/"},{"@type":"ListItem","position":2,"name":"Slovak Attractions","item":"https:\/\/www.enjoyslovakiasoul.com\/traditonal-attractions\/"},{"@type":"ListItem","position":3,"name":"Museum of historic Orava Village"}]},{"@type":"WebSite","@id":"https:\/\/www.enjoyslovakiasoul.com\/#website","url":"https:\/\/www.enjoyslovakiasoul.com\/","name":"EST Frontier Slovakia","description":"Fun, Relax, Adventure","potentialAction":[{"@type":"SearchAction","target":{"@type":"EntryPoint","urlTemplate":"https:\/\/www.enjoyslovakiasoul.com\/?s={search_term_string}"},"query-input":"required name=search_term_string"}],"inLanguage":"sk-SK"}]}},"_links":{"self":[{"href":"https:\/\/www.enjoyslovakiasoul.com\/sk\/wp-json\/wp\/v2\/pages\/381"}],"collection":[{"href":"https:\/\/www.enjoyslovakiasoul.com\/sk\/wp-json\/wp\/v2\/pages"}],"about":[{"href":"https:\/\/www.enjoyslovakiasoul.com\/sk\/wp-json\/wp\/v2\/types\/page"}],"author":[{"embeddable":true,"href":"https:\/\/www.enjoyslovakiasoul.com\/sk\/wp-json\/wp\/v2\/users\/1"}],"replies":[{"embeddable":true,"href":"https:\/\/www.enjoyslovakiasoul.com\/sk\/wp-json\/wp\/v2\/comments?post=381"}],"version-history":[{"count":11,"href":"https:\/\/www.enjoyslovakiasoul.com\/sk\/wp-json\/wp\/v2\/pages\/381\/revisions"}],"predecessor-version":[{"id":793,"href":"https:\/\/www.enjoyslovakiasoul.com\/sk\/wp-json\/wp\/v2\/pages\/381\/revisions\/793"}],"up":[{"embeddable":true,"href":"https:\/\/www.enjoyslovakiasoul.com\/sk\/wp-json\/wp\/v2\/pages\/13"}],"wp:attachment":[{"href":"https:\/\/www.enjoyslovakiasoul.com\/sk\/wp-json\/wp\/v2\/media?parent=381"}],"curies":[{"name":"wp","href":"https:\/\/api.w.org\/{rel}","templated":true}]}}