
{"id":383,"date":"2011-05-18T07:14:45","date_gmt":"2011-05-18T07:14:45","guid":{"rendered":"http:\/\/www.enjoyslovakiasoul.com\/?page_id=383"},"modified":"2012-08-25T16:02:51","modified_gmt":"2012-08-25T16:02:51","slug":"slanicky-ostrov-umenia","status":"publish","type":"page","link":"https:\/\/www.enjoyslovakiasoul.com\/sk\/traditonal-attractions\/slanicky-ostrov-umenia\/","title":{"rendered":"Slanick\u00fd ostrov umenia"},"content":{"rendered":"<p><\/p>\n<p style=\"text-align: center;\"><a href=\"http:\/\/www.enjoyslovakiasoul.com\/wp-content\/uploads\/Zmena22.jpg\"><img decoding=\"async\" loading=\"lazy\" title=\"Oravsk\u00e1 Priehrada\" src=\"http:\/\/www.enjoyslovakiasoul.com\/wp-content\/uploads\/Zmena22.jpg\" alt=\"\" width=\"615\" height=\"126\" \/><\/a><span style=\"color: #008000;\"><strong>Objavte s\u00a0nami o\u010daruj\u00faci Slan\u00edcky ostrov umenia v prekr\u00e1snej pr\u00edrodnej scen\u00e9rii uprostred Oravskej priehrady, n\u00e1\u0161ho slovensk\u00e9ho mora\u2026<\/strong><\/span><\/p>\n<p>Vychutnajte si\u00a0 neopakovate\u013en\u00fd z\u00e1\u017eitok s <strong><em>EST Frontier Slovakia<\/em><\/strong>\u00a0a\u00a0objavte tajomstvo expoz\u00edcie tradi\u010dn\u00e9ho \u013eudov\u00e9ho umenia zo zbierok Oravskej gal\u00e9rie, ktor\u00e9 sa zachovali z piatich os\u00e1d, ktor\u00e9 nav\u017edy zmizli pod vodou priehrady v r. 1953 a z ostrovu sa zachovalo iba n\u00e1vr\u0161ie s barokov\u00fdm kostolom a kalv\u00e1riou.<\/p>\n<p><strong><strong><em>EST Frontier Slovakia<\/em><\/strong>\u00a0<\/strong>V\u00e1m pon\u00faka za\u017ei\u0165 neopakovate\u013en\u00fa atmosf\u00e9ru, ktor\u00fa za\u017eijete len na Slanickom ostrove, kde uvd\u00edte <strong><em>expoz\u00edciu oravsk\u00e9ho \u013eudov\u00e9ho umenia, plastiky a ma\u013eby<\/em><\/strong>, sochu Antona Bernol\u00e1ka v nad\u017eivotnej ve\u013ekosti, dielo M. Machalu z r. 1938, a lapid\u00e1rium. V hrobke rodiny Klinovskej sa nach\u00e1dza <strong><em>expoz\u00edcia hist\u00f3rie zatopen\u00fdch obc\u00ed<\/em><\/strong>. Nazriete s\u00a0nami do sveta na\u0161ich prad\u00e1vnych trad\u00edci\u00ed, zastavte sa s\u00a0nami na lok\u00e1lnych miestach a spoznajte aj dobrosrde\u010dnos\u0165 miestnych \u013eud\u00ed alebo si len tak u\u017e\u00edvajte romantick\u00e9 prostredie a spozn\u00e1vajte kr\u00e1sy na\u0161ej malej ve\u013ekej krajiny.<\/p>\n<p><strong><a href=\"http:\/\/www.enjoyslovakiasoul.com\/wp-content\/uploads\/slanickyostrov_web.jpg\"><img decoding=\"async\" loading=\"lazy\" class=\"alignleft\" title=\"slanickyostrov\" src=\"http:\/\/www.enjoyslovakiasoul.com\/wp-content\/uploads\/slanickyostrov_web-150x150.jpg\" alt=\"\" width=\"150\" height=\"150\" \/><\/a>Ak m\u00e1te z\u00e1ujem o dovolenku na Slovensku s <strong><em>EST Frontier Slovakia<\/em><\/strong><\/strong><strong>, nev\u00e1hajte a <a title=\"Kontakt\" href=\"..\/?page_id=17&amp;lang=sk\">kontaktujte n\u00e1s<\/a>, povedzte n\u00e1m svoje predstavy a my sa budeme sna\u017ei\u0165 splni\u0165 v\u00e1m ich a obohati\u0165 ich o na\u0161e sk\u00fasenosti.<\/strong><\/p>\n<p><strong>Zabezpe\u010d\u00edme pre v\u00e1s cel\u00fd program, od dopravy z\u00a0letiska\u00a0 a\u017e po ubytovanie v\u00a0tradi\u010dnom slovenskom prostred\u00ed<\/strong>, aby ste pre\u017eili nie len nezabudnute\u013en\u00e9 chv\u00edle v slovensk\u00fdch hor\u00e1ch, ale aby ste spoznali aj trad\u00edcie slovenskej kult\u00fary.<\/p>","protected":false},"excerpt":{"rendered":"<p>Objavte s\u00a0nami o\u010daruj\u00faci Slan\u00edcky ostrov umenia v prekr\u00e1snej pr\u00edrodnej scen\u00e9rii uprostred Oravskej priehrady, n\u00e1\u0161ho slovensk\u00e9ho mora\u2026 Vychutnajte si\u00a0 neopakovate\u013en\u00fd z\u00e1\u017eitok s EST Frontier Slovakia\u00a0a\u00a0objavte tajomstvo expoz\u00edcie tradi\u010dn\u00e9ho \u013eudov\u00e9ho umenia zo zbierok Oravskej gal\u00e9rie, ktor\u00e9 sa zachovali z piatich os\u00e1d, ktor\u00e9 nav\u017edy zmizli pod vodou priehrady v r. 1953 a z ostrovu sa zachovalo iba n\u00e1vr\u0161ie [&hellip;]<\/p>\n","protected":false},"author":1,"featured_media":0,"parent":13,"menu_order":0,"comment_status":"open","ping_status":"open","template":"","meta":{"ngg_post_thumbnail":0},"yoast_head":"<!-- This site is optimized with the Yoast SEO plugin v20.3 - https:\/\/yoast.com\/wordpress\/plugins\/seo\/ -->\n<title>Slanick\u00fd ostrov umenia - EST Frontier Slovakia<\/title>\n<meta name=\"robots\" content=\"index, follow, max-snippet:-1, max-image-preview:large, max-video-preview:-1\" \/>\n<link rel=\"canonical\" href=\"https:\/\/www.enjoyslovakiasoul.com\/traditonal-attractions\/slanicky-ostrov-umenia\/\" \/>\n<meta property=\"og:locale\" content=\"sk_SK\" \/>\n<meta property=\"og:type\" content=\"article\" \/>\n<meta property=\"og:title\" content=\"Slanick\u00fd ostrov umenia - EST Frontier Slovakia\" \/>\n<meta property=\"og:description\" content=\"Objavte s\u00a0nami o\u010daruj\u00faci Slan\u00edcky ostrov umenia v prekr\u00e1snej pr\u00edrodnej scen\u00e9rii uprostred Oravskej priehrady, n\u00e1\u0161ho slovensk\u00e9ho mora\u2026 Vychutnajte si\u00a0 neopakovate\u013en\u00fd z\u00e1\u017eitok s EST Frontier Slovakia\u00a0a\u00a0objavte tajomstvo expoz\u00edcie tradi\u010dn\u00e9ho \u013eudov\u00e9ho umenia zo zbierok Oravskej gal\u00e9rie, ktor\u00e9 sa zachovali z piatich os\u00e1d, ktor\u00e9 nav\u017edy zmizli pod vodou priehrady v r. 1953 a z ostrovu sa zachovalo iba n\u00e1vr\u0161ie [&hellip;]\" \/>\n<meta property=\"og:url\" content=\"https:\/\/www.enjoyslovakiasoul.com\/traditonal-attractions\/slanicky-ostrov-umenia\/\" \/>\n<meta property=\"og:site_name\" content=\"EST Frontier Slovakia\" \/>\n<meta property=\"article:modified_time\" content=\"2012-08-25T16:02:51+00:00\" \/>\n<meta property=\"og:image\" content=\"http:\/\/www.enjoyslovakiasoul.com\/wp-content\/uploads\/Zmena22.jpg\" \/>\n<meta name=\"twitter:card\" content=\"summary_large_image\" \/>\n<meta name=\"twitter:label1\" content=\"Predpokladan\u00fd \u010das \u010d\u00edtania\" \/>\n\t<meta name=\"twitter:data1\" content=\"3 min\u00faty\" \/>\n<script type=\"application\/ld+json\" class=\"yoast-schema-graph\">{\"@context\":\"https:\/\/schema.org\",\"@graph\":[{\"@type\":\"WebPage\",\"@id\":\"https:\/\/www.enjoyslovakiasoul.com\/traditonal-attractions\/slanicky-ostrov-umenia\/\",\"url\":\"https:\/\/www.enjoyslovakiasoul.com\/traditonal-attractions\/slanicky-ostrov-umenia\/\",\"name\":\"Slanick\u00fd ostrov umenia - EST Frontier Slovakia\",\"isPartOf\":{\"@id\":\"https:\/\/www.enjoyslovakiasoul.com\/#website\"},\"datePublished\":\"2011-05-18T07:14:45+00:00\",\"dateModified\":\"2012-08-25T16:02:51+00:00\",\"breadcrumb\":{\"@id\":\"https:\/\/www.enjoyslovakiasoul.com\/traditonal-attractions\/slanicky-ostrov-umenia\/#breadcrumb\"},\"inLanguage\":\"sk-SK\",\"potentialAction\":[{\"@type\":\"ReadAction\",\"target\":[\"https:\/\/www.enjoyslovakiasoul.com\/traditonal-attractions\/slanicky-ostrov-umenia\/\"]}]},{\"@type\":\"BreadcrumbList\",\"@id\":\"https:\/\/www.enjoyslovakiasoul.com\/traditonal-attractions\/slanicky-ostrov-umenia\/#breadcrumb\",\"itemListElement\":[{\"@type\":\"ListItem\",\"position\":1,\"name\":\"Home\",\"item\":\"https:\/\/www.enjoyslovakiasoul.com\/\"},{\"@type\":\"ListItem\",\"position\":2,\"name\":\"Slovak Attractions\",\"item\":\"https:\/\/www.enjoyslovakiasoul.com\/traditonal-attractions\/\"},{\"@type\":\"ListItem\",\"position\":3,\"name\":\"Slanica Island of Art\"}]},{\"@type\":\"WebSite\",\"@id\":\"https:\/\/www.enjoyslovakiasoul.com\/#website\",\"url\":\"https:\/\/www.enjoyslovakiasoul.com\/\",\"name\":\"EST Frontier Slovakia\",\"description\":\"Fun, Relax, Adventure\",\"potentialAction\":[{\"@type\":\"SearchAction\",\"target\":{\"@type\":\"EntryPoint\",\"urlTemplate\":\"https:\/\/www.enjoyslovakiasoul.com\/?s={search_term_string}\"},\"query-input\":\"required name=search_term_string\"}],\"inLanguage\":\"sk-SK\"}]}<\/script>\n<!-- \/ Yoast SEO plugin. -->","yoast_head_json":{"title":"Slanick\u00fd ostrov umenia - EST Frontier Slovakia","robots":{"index":"index","follow":"follow","max-snippet":"max-snippet:-1","max-image-preview":"max-image-preview:large","max-video-preview":"max-video-preview:-1"},"canonical":"https:\/\/www.enjoyslovakiasoul.com\/traditonal-attractions\/slanicky-ostrov-umenia\/","og_locale":"sk_SK","og_type":"article","og_title":"Slanick\u00fd ostrov umenia - EST Frontier Slovakia","og_description":"Objavte s\u00a0nami o\u010daruj\u00faci Slan\u00edcky ostrov umenia v prekr\u00e1snej pr\u00edrodnej scen\u00e9rii uprostred Oravskej priehrady, n\u00e1\u0161ho slovensk\u00e9ho mora\u2026 Vychutnajte si\u00a0 neopakovate\u013en\u00fd z\u00e1\u017eitok s EST Frontier Slovakia\u00a0a\u00a0objavte tajomstvo expoz\u00edcie tradi\u010dn\u00e9ho \u013eudov\u00e9ho umenia zo zbierok Oravskej gal\u00e9rie, ktor\u00e9 sa zachovali z piatich os\u00e1d, ktor\u00e9 nav\u017edy zmizli pod vodou priehrady v r. 1953 a z ostrovu sa zachovalo iba n\u00e1vr\u0161ie [&hellip;]","og_url":"https:\/\/www.enjoyslovakiasoul.com\/traditonal-attractions\/slanicky-ostrov-umenia\/","og_site_name":"EST Frontier Slovakia","article_modified_time":"2012-08-25T16:02:51+00:00","og_image":[{"url":"http:\/\/www.enjoyslovakiasoul.com\/wp-content\/uploads\/Zmena22.jpg"}],"twitter_card":"summary_large_image","twitter_misc":{"Predpokladan\u00fd \u010das \u010d\u00edtania":"3 min\u00faty"},"schema":{"@context":"https:\/\/schema.org","@graph":[{"@type":"WebPage","@id":"https:\/\/www.enjoyslovakiasoul.com\/traditonal-attractions\/slanicky-ostrov-umenia\/","url":"https:\/\/www.enjoyslovakiasoul.com\/traditonal-attractions\/slanicky-ostrov-umenia\/","name":"Slanick\u00fd ostrov umenia - EST Frontier Slovakia","isPartOf":{"@id":"https:\/\/www.enjoyslovakiasoul.com\/#website"},"datePublished":"2011-05-18T07:14:45+00:00","dateModified":"2012-08-25T16:02:51+00:00","breadcrumb":{"@id":"https:\/\/www.enjoyslovakiasoul.com\/traditonal-attractions\/slanicky-ostrov-umenia\/#breadcrumb"},"inLanguage":"sk-SK","potentialAction":[{"@type":"ReadAction","target":["https:\/\/www.enjoyslovakiasoul.com\/traditonal-attractions\/slanicky-ostrov-umenia\/"]}]},{"@type":"BreadcrumbList","@id":"https:\/\/www.enjoyslovakiasoul.com\/traditonal-attractions\/slanicky-ostrov-umenia\/#breadcrumb","itemListElement":[{"@type":"ListItem","position":1,"name":"Home","item":"https:\/\/www.enjoyslovakiasoul.com\/"},{"@type":"ListItem","position":2,"name":"Slovak Attractions","item":"https:\/\/www.enjoyslovakiasoul.com\/traditonal-attractions\/"},{"@type":"ListItem","position":3,"name":"Slanica Island of Art"}]},{"@type":"WebSite","@id":"https:\/\/www.enjoyslovakiasoul.com\/#website","url":"https:\/\/www.enjoyslovakiasoul.com\/","name":"EST Frontier Slovakia","description":"Fun, Relax, Adventure","potentialAction":[{"@type":"SearchAction","target":{"@type":"EntryPoint","urlTemplate":"https:\/\/www.enjoyslovakiasoul.com\/?s={search_term_string}"},"query-input":"required name=search_term_string"}],"inLanguage":"sk-SK"}]}},"_links":{"self":[{"href":"https:\/\/www.enjoyslovakiasoul.com\/sk\/wp-json\/wp\/v2\/pages\/383"}],"collection":[{"href":"https:\/\/www.enjoyslovakiasoul.com\/sk\/wp-json\/wp\/v2\/pages"}],"about":[{"href":"https:\/\/www.enjoyslovakiasoul.com\/sk\/wp-json\/wp\/v2\/types\/page"}],"author":[{"embeddable":true,"href":"https:\/\/www.enjoyslovakiasoul.com\/sk\/wp-json\/wp\/v2\/users\/1"}],"replies":[{"embeddable":true,"href":"https:\/\/www.enjoyslovakiasoul.com\/sk\/wp-json\/wp\/v2\/comments?post=383"}],"version-history":[{"count":5,"href":"https:\/\/www.enjoyslovakiasoul.com\/sk\/wp-json\/wp\/v2\/pages\/383\/revisions"}],"predecessor-version":[{"id":853,"href":"https:\/\/www.enjoyslovakiasoul.com\/sk\/wp-json\/wp\/v2\/pages\/383\/revisions\/853"}],"up":[{"embeddable":true,"href":"https:\/\/www.enjoyslovakiasoul.com\/sk\/wp-json\/wp\/v2\/pages\/13"}],"wp:attachment":[{"href":"https:\/\/www.enjoyslovakiasoul.com\/sk\/wp-json\/wp\/v2\/media?parent=383"}],"curies":[{"name":"wp","href":"https:\/\/api.w.org\/{rel}","templated":true}]}}