
{"id":385,"date":"2011-05-18T07:15:18","date_gmt":"2011-05-18T07:15:18","guid":{"rendered":"http:\/\/www.enjoyslovakiasoul.com\/?page_id=385"},"modified":"2012-08-25T16:05:16","modified_gmt":"2012-08-25T16:05:16","slug":"traditional-pig-slaughter","status":"publish","type":"page","link":"https:\/\/www.enjoyslovakiasoul.com\/sk\/traditonal-attractions\/traditional-pig-slaughter\/","title":{"rendered":"Tradi\u010dn\u00e1 zab\u00edja\u010dka"},"content":{"rendered":"<p><\/p>\n<p style=\"text-align: center;\"><a href=\"http:\/\/www.enjoyslovakiasoul.com\/wp-content\/uploads\/Znmea.jpg\"><img decoding=\"async\" loading=\"lazy\" title=\"Traditional Attraction- Join Us\" src=\"http:\/\/www.enjoyslovakiasoul.com\/wp-content\/uploads\/Znmea.jpg\" alt=\"\" width=\"615\" height=\"330\" \/><\/a><span style=\"color: #008000;\"><strong>Vychutnaj si s\u00a0nami tradi\u010dn\u00fa zab\u00edja\u010dku na Slovensku s\u00a0veselou z\u00e1bavou a zab\u00edja\u010dkov\u00fdmi \u0161pecialitami..<\/strong><\/span><\/p>\n<p>Rozm\u00fd\u0161\u013eate nav\u0161t\u00edvi\u0165 Slovensko a za\u017ei\u0165 neopakovate\u013en\u00fa zab\u00edja\u010dku, ktor\u00e1 si aj na \u00fakor \u010dasu, zachovala svoje slovensk\u00e9 trad\u00edcie? Radi by ste str\u00e1vili tento \u010das dovolenky v\u00a0kr\u00e1snom prostred\u00ed vysok\u00fdch h\u00f4r na Orave alebo v\u00a0Liptove, regi\u00f3ne s pestrou mozaikou \u00fazkych p\u00e1sov pol\u00ed, l\u00fak a pasienkov s\u00a0tradi\u010dnou slovenskou atmosf\u00e9rou, veselou z\u00e1bavou a chutn\u00fdm slovensk\u00fdm jedlom? Potom ste na spr\u00e1vnej ceste\u2026<\/p>\n<p><a href=\"http:\/\/www.enjoyslovakiasoul.com\/wp-content\/uploads\/tlacenka_tmava.jpg\"><img decoding=\"async\" loading=\"lazy\" class=\"alignleft\" title=\"Tlacenka\" src=\"http:\/\/www.enjoyslovakiasoul.com\/wp-content\/uploads\/tlacenka_tmava-150x150.jpg\" alt=\"\" width=\"150\" height=\"150\" \/><\/a>Krajina pretrv\u00e1vaj\u00facich trad\u00edci\u00ed, n\u00e1dhernej pr\u00edrody, \u00fa\u017easn\u00fdch historick\u00fdch miest a pokoja je tu len pre v\u00e1s.<\/p>\n<p>&nbsp;<\/p>\n<p><strong><em>EST Frontier Slovakia<\/em><\/strong>\u00a0V\u00e1m sprostredkuje tradi\u010dn\u00fa zab\u00edja\u010dku pod\u013ea va\u0161\u00edch predst\u00e1v a s\u00a0na\u0161imi sk\u00fasenos\u0165ami. Na Orave a Liptove sa v de\u0148 zab\u00edja\u010dky poz\u00fdvali aj susediaJ. Pod\u00e1va sa ovarov\u00e1 polievka s m\u00e4som, pe\u010den\u00e1 krkovi\u010dka s kapustou a kned\u013eou, nevesti\u010dky, o\u0161kvarky s\u00a0chlebom cibu\u013eou a uhorkou, klob\u00e1sa a jaternice. <strong>Tradi\u010dn\u00fdm zab\u00edja\u010dkov\u00fdm n\u00e1pojom v t\u00fdchto regi\u00f3noch je slivovica-\u00a0 tradi\u010dn\u00e1 slovensk\u00e1 piatika. Ka\u017ed\u00fd by mal pomaha\u0165 pri vyrobe klob\u00e1s, jatern\u00edc \u010di\u017ee huriek a tla\u010denky.. Spr\u00edjemnen\u00edm \u010dasu na pravej zab\u00edja\u010dke je \u017eiv\u00e1 \u013eudov\u00e1 hudba, grilovanie prasa\u0165a, posedenie pri ohni. <\/strong>Nech\u00fdba prav\u00fd m\u00e4siar, ktor\u00fd je <a href=\"http:\/\/www.enjoyslovakiasoul.com\/wp-content\/uploads\/zabijacka_jitrnice_prejt_jidlo_ilu_denik_clanek_solo.jpg\"><img decoding=\"async\" loading=\"lazy\" class=\"alignleft\" title=\"Zabijacka\" src=\"http:\/\/www.enjoyslovakiasoul.com\/wp-content\/uploads\/zabijacka_jitrnice_prejt_jidlo_ilu_denik_clanek_solo-150x150.jpg\" alt=\"\" width=\"150\" height=\"150\" \/><\/a>majstrom svojho remesla a preto cel\u00e1 zab\u00edja\u010dka je v\u00a0spr\u00e1vnych ruk\u00e1ch s\u00a0veselou z\u00e1bavou a\u017e do neskor\u00fdch ve\u010dern\u00fdch hod\u00edn. <strong>Nazrite spolu s <strong><em>EST Frontier Slovakia<\/em><\/strong>\u00a0do tohto sveta&#8230;<\/strong><\/p>\n<p>Ak m\u00e1te z\u00e1ujem o dovolenku na Slovensku s\u00a0nami, nev\u00e1hajte a <a title=\"Kontakt\" href=\"..\/?page_id=17&amp;lang=sk\">kontaktujte n\u00e1s<\/a>. Povedzte n\u00e1m svoje predstavy a my sa budeme sna\u017ei\u0165 splni\u0165 v\u00e1m ich a obohati\u0165 ich o na\u0161e sk\u00fasenosti. Zabezpe\u010d\u00edme pre v\u00e1s cel\u00fd program, od dopravy a\u017e po ubytovanie v\u00a0tradi\u010dnom slovenskom prostred\u00ed, aby ste pre\u017eili nie len nezabudnute\u013en\u00e9 chv\u00edle v slovensk\u00fdch hor\u00e1ch, ale aby ste spoznali aj trad\u00edcie slovenskej kult\u00fary, ktor\u00fdmi je Slovensko zn\u00e1me.<\/p>\n<p><a href=\"http:\/\/www.enjoyslovakiasoul.com\/wp-content\/uploads\/opravene.jpg\"><img decoding=\"async\" loading=\"lazy\" class=\"alignleft size-thumbnail wp-image-861\" title=\"Enjoy SLovakia Tours\" src=\"http:\/\/www.enjoyslovakiasoul.com\/wp-content\/uploads\/opravene-150x150.jpg\" alt=\"\" width=\"150\" height=\"150\" \/><\/a><\/p>","protected":false},"excerpt":{"rendered":"<p>Vychutnaj si s\u00a0nami tradi\u010dn\u00fa zab\u00edja\u010dku na Slovensku s\u00a0veselou z\u00e1bavou a zab\u00edja\u010dkov\u00fdmi \u0161pecialitami.. Rozm\u00fd\u0161\u013eate nav\u0161t\u00edvi\u0165 Slovensko a za\u017ei\u0165 neopakovate\u013en\u00fa zab\u00edja\u010dku, ktor\u00e1 si aj na \u00fakor \u010dasu, zachovala svoje slovensk\u00e9 trad\u00edcie? Radi by ste str\u00e1vili tento \u010das dovolenky v\u00a0kr\u00e1snom prostred\u00ed vysok\u00fdch h\u00f4r na Orave alebo v\u00a0Liptove, regi\u00f3ne s pestrou mozaikou \u00fazkych p\u00e1sov pol\u00ed, l\u00fak a pasienkov s\u00a0tradi\u010dnou [&hellip;]<\/p>\n","protected":false},"author":1,"featured_media":0,"parent":13,"menu_order":0,"comment_status":"open","ping_status":"open","template":"","meta":{"ngg_post_thumbnail":0},"yoast_head":"<!-- This site is optimized with the Yoast SEO plugin v20.3 - https:\/\/yoast.com\/wordpress\/plugins\/seo\/ -->\n<title>Tradi\u010dn\u00e1 zab\u00edja\u010dka - EST Frontier Slovakia<\/title>\n<meta name=\"robots\" content=\"index, follow, max-snippet:-1, max-image-preview:large, max-video-preview:-1\" \/>\n<link rel=\"canonical\" href=\"https:\/\/www.enjoyslovakiasoul.com\/traditonal-attractions\/traditional-pig-slaughter\/\" \/>\n<meta property=\"og:locale\" content=\"sk_SK\" \/>\n<meta property=\"og:type\" content=\"article\" \/>\n<meta property=\"og:title\" content=\"Tradi\u010dn\u00e1 zab\u00edja\u010dka - EST Frontier Slovakia\" \/>\n<meta property=\"og:description\" content=\"Vychutnaj si s\u00a0nami tradi\u010dn\u00fa zab\u00edja\u010dku na Slovensku s\u00a0veselou z\u00e1bavou a zab\u00edja\u010dkov\u00fdmi \u0161pecialitami.. Rozm\u00fd\u0161\u013eate nav\u0161t\u00edvi\u0165 Slovensko a za\u017ei\u0165 neopakovate\u013en\u00fa zab\u00edja\u010dku, ktor\u00e1 si aj na \u00fakor \u010dasu, zachovala svoje slovensk\u00e9 trad\u00edcie? Radi by ste str\u00e1vili tento \u010das dovolenky v\u00a0kr\u00e1snom prostred\u00ed vysok\u00fdch h\u00f4r na Orave alebo v\u00a0Liptove, regi\u00f3ne s pestrou mozaikou \u00fazkych p\u00e1sov pol\u00ed, l\u00fak a pasienkov s\u00a0tradi\u010dnou [&hellip;]\" \/>\n<meta property=\"og:url\" content=\"https:\/\/www.enjoyslovakiasoul.com\/traditonal-attractions\/traditional-pig-slaughter\/\" \/>\n<meta property=\"og:site_name\" content=\"EST Frontier Slovakia\" \/>\n<meta property=\"article:modified_time\" content=\"2012-08-25T16:05:16+00:00\" \/>\n<meta property=\"og:image\" content=\"http:\/\/www.enjoyslovakiasoul.com\/wp-content\/uploads\/Znmea.jpg\" \/>\n<meta name=\"twitter:card\" content=\"summary_large_image\" \/>\n<meta name=\"twitter:label1\" content=\"Predpokladan\u00fd \u010das \u010d\u00edtania\" \/>\n\t<meta name=\"twitter:data1\" content=\"4 min\u00faty\" \/>\n<script type=\"application\/ld+json\" class=\"yoast-schema-graph\">{\"@context\":\"https:\/\/schema.org\",\"@graph\":[{\"@type\":\"WebPage\",\"@id\":\"https:\/\/www.enjoyslovakiasoul.com\/traditonal-attractions\/traditional-pig-slaughter\/\",\"url\":\"https:\/\/www.enjoyslovakiasoul.com\/traditonal-attractions\/traditional-pig-slaughter\/\",\"name\":\"Tradi\u010dn\u00e1 zab\u00edja\u010dka - EST Frontier Slovakia\",\"isPartOf\":{\"@id\":\"https:\/\/www.enjoyslovakiasoul.com\/#website\"},\"datePublished\":\"2011-05-18T07:15:18+00:00\",\"dateModified\":\"2012-08-25T16:05:16+00:00\",\"breadcrumb\":{\"@id\":\"https:\/\/www.enjoyslovakiasoul.com\/traditonal-attractions\/traditional-pig-slaughter\/#breadcrumb\"},\"inLanguage\":\"sk-SK\",\"potentialAction\":[{\"@type\":\"ReadAction\",\"target\":[\"https:\/\/www.enjoyslovakiasoul.com\/traditonal-attractions\/traditional-pig-slaughter\/\"]}]},{\"@type\":\"BreadcrumbList\",\"@id\":\"https:\/\/www.enjoyslovakiasoul.com\/traditonal-attractions\/traditional-pig-slaughter\/#breadcrumb\",\"itemListElement\":[{\"@type\":\"ListItem\",\"position\":1,\"name\":\"Home\",\"item\":\"https:\/\/www.enjoyslovakiasoul.com\/\"},{\"@type\":\"ListItem\",\"position\":2,\"name\":\"Slovak Attractions\",\"item\":\"https:\/\/www.enjoyslovakiasoul.com\/traditonal-attractions\/\"},{\"@type\":\"ListItem\",\"position\":3,\"name\":\"Traditional Pig Slaughter\"}]},{\"@type\":\"WebSite\",\"@id\":\"https:\/\/www.enjoyslovakiasoul.com\/#website\",\"url\":\"https:\/\/www.enjoyslovakiasoul.com\/\",\"name\":\"EST Frontier Slovakia\",\"description\":\"Fun, Relax, Adventure\",\"potentialAction\":[{\"@type\":\"SearchAction\",\"target\":{\"@type\":\"EntryPoint\",\"urlTemplate\":\"https:\/\/www.enjoyslovakiasoul.com\/?s={search_term_string}\"},\"query-input\":\"required name=search_term_string\"}],\"inLanguage\":\"sk-SK\"}]}<\/script>\n<!-- \/ Yoast SEO plugin. -->","yoast_head_json":{"title":"Tradi\u010dn\u00e1 zab\u00edja\u010dka - EST Frontier Slovakia","robots":{"index":"index","follow":"follow","max-snippet":"max-snippet:-1","max-image-preview":"max-image-preview:large","max-video-preview":"max-video-preview:-1"},"canonical":"https:\/\/www.enjoyslovakiasoul.com\/traditonal-attractions\/traditional-pig-slaughter\/","og_locale":"sk_SK","og_type":"article","og_title":"Tradi\u010dn\u00e1 zab\u00edja\u010dka - EST Frontier Slovakia","og_description":"Vychutnaj si s\u00a0nami tradi\u010dn\u00fa zab\u00edja\u010dku na Slovensku s\u00a0veselou z\u00e1bavou a zab\u00edja\u010dkov\u00fdmi \u0161pecialitami.. Rozm\u00fd\u0161\u013eate nav\u0161t\u00edvi\u0165 Slovensko a za\u017ei\u0165 neopakovate\u013en\u00fa zab\u00edja\u010dku, ktor\u00e1 si aj na \u00fakor \u010dasu, zachovala svoje slovensk\u00e9 trad\u00edcie? Radi by ste str\u00e1vili tento \u010das dovolenky v\u00a0kr\u00e1snom prostred\u00ed vysok\u00fdch h\u00f4r na Orave alebo v\u00a0Liptove, regi\u00f3ne s pestrou mozaikou \u00fazkych p\u00e1sov pol\u00ed, l\u00fak a pasienkov s\u00a0tradi\u010dnou [&hellip;]","og_url":"https:\/\/www.enjoyslovakiasoul.com\/traditonal-attractions\/traditional-pig-slaughter\/","og_site_name":"EST Frontier Slovakia","article_modified_time":"2012-08-25T16:05:16+00:00","og_image":[{"url":"http:\/\/www.enjoyslovakiasoul.com\/wp-content\/uploads\/Znmea.jpg"}],"twitter_card":"summary_large_image","twitter_misc":{"Predpokladan\u00fd \u010das \u010d\u00edtania":"4 min\u00faty"},"schema":{"@context":"https:\/\/schema.org","@graph":[{"@type":"WebPage","@id":"https:\/\/www.enjoyslovakiasoul.com\/traditonal-attractions\/traditional-pig-slaughter\/","url":"https:\/\/www.enjoyslovakiasoul.com\/traditonal-attractions\/traditional-pig-slaughter\/","name":"Tradi\u010dn\u00e1 zab\u00edja\u010dka - EST Frontier Slovakia","isPartOf":{"@id":"https:\/\/www.enjoyslovakiasoul.com\/#website"},"datePublished":"2011-05-18T07:15:18+00:00","dateModified":"2012-08-25T16:05:16+00:00","breadcrumb":{"@id":"https:\/\/www.enjoyslovakiasoul.com\/traditonal-attractions\/traditional-pig-slaughter\/#breadcrumb"},"inLanguage":"sk-SK","potentialAction":[{"@type":"ReadAction","target":["https:\/\/www.enjoyslovakiasoul.com\/traditonal-attractions\/traditional-pig-slaughter\/"]}]},{"@type":"BreadcrumbList","@id":"https:\/\/www.enjoyslovakiasoul.com\/traditonal-attractions\/traditional-pig-slaughter\/#breadcrumb","itemListElement":[{"@type":"ListItem","position":1,"name":"Home","item":"https:\/\/www.enjoyslovakiasoul.com\/"},{"@type":"ListItem","position":2,"name":"Slovak Attractions","item":"https:\/\/www.enjoyslovakiasoul.com\/traditonal-attractions\/"},{"@type":"ListItem","position":3,"name":"Traditional Pig Slaughter"}]},{"@type":"WebSite","@id":"https:\/\/www.enjoyslovakiasoul.com\/#website","url":"https:\/\/www.enjoyslovakiasoul.com\/","name":"EST Frontier Slovakia","description":"Fun, Relax, Adventure","potentialAction":[{"@type":"SearchAction","target":{"@type":"EntryPoint","urlTemplate":"https:\/\/www.enjoyslovakiasoul.com\/?s={search_term_string}"},"query-input":"required name=search_term_string"}],"inLanguage":"sk-SK"}]}},"_links":{"self":[{"href":"https:\/\/www.enjoyslovakiasoul.com\/sk\/wp-json\/wp\/v2\/pages\/385"}],"collection":[{"href":"https:\/\/www.enjoyslovakiasoul.com\/sk\/wp-json\/wp\/v2\/pages"}],"about":[{"href":"https:\/\/www.enjoyslovakiasoul.com\/sk\/wp-json\/wp\/v2\/types\/page"}],"author":[{"embeddable":true,"href":"https:\/\/www.enjoyslovakiasoul.com\/sk\/wp-json\/wp\/v2\/users\/1"}],"replies":[{"embeddable":true,"href":"https:\/\/www.enjoyslovakiasoul.com\/sk\/wp-json\/wp\/v2\/comments?post=385"}],"version-history":[{"count":4,"href":"https:\/\/www.enjoyslovakiasoul.com\/sk\/wp-json\/wp\/v2\/pages\/385\/revisions"}],"predecessor-version":[{"id":857,"href":"https:\/\/www.enjoyslovakiasoul.com\/sk\/wp-json\/wp\/v2\/pages\/385\/revisions\/857"}],"up":[{"embeddable":true,"href":"https:\/\/www.enjoyslovakiasoul.com\/sk\/wp-json\/wp\/v2\/pages\/13"}],"wp:attachment":[{"href":"https:\/\/www.enjoyslovakiasoul.com\/sk\/wp-json\/wp\/v2\/media?parent=385"}],"curies":[{"name":"wp","href":"https:\/\/api.w.org\/{rel}","templated":true}]}}