
{"id":396,"date":"2011-05-18T09:49:22","date_gmt":"2011-05-18T09:49:22","guid":{"rendered":"http:\/\/www.enjoyslovakiasoul.com\/?page_id=396"},"modified":"2011-05-31T21:05:26","modified_gmt":"2011-05-31T21:05:26","slug":"slovakia","status":"publish","type":"page","link":"https:\/\/www.enjoyslovakiasoul.com\/sk\/slovakia\/","title":{"rendered":"Slovensko"},"content":{"rendered":"<p>IDE\u00c1LNA LETN\u00c1 DOVOLENKA V EUR\u00d3PE<\/p>\n<p>Slovensko je \u00fa\u017easne kr\u00e1sna krajina a \u017eiadne turistick\u00e9 miesto v tomto  svete sa nikdy nem\u00f4\u017ee porovn\u00e1va\u0165 vo svojej kr\u00e1se a p\u00f4vabe. Kr\u00e1sne hory  Z\u00e1padn\u00fdch, Vysok\u00fdch a N\u00edzkych Tatier, na\u0161ich slovensk\u00fdch \u00e1lp, ok\u00fazluj\u00face  horsk\u00e9 dediny, dobrosrde\u010dn\u00fd \u013eudia, ohromuj\u00face zelen\u00e9 lazy a pasienky,  n\u00e1dhern\u00e9 vyhliadkov\u00e9 jazdy, naozaj robia Slovensko vyh\u013ead\u00e1vanou  turistickou destin\u00e1ciou na celom svete. Je to \u00fa\u017easn\u00e1 krajina a mnoho  turistov z cel\u00e9ho sveta prich\u00e1dza na v\u00fdlet pr\u00e1ve na Slovensko zdie\u013ea\u0165  magick\u00e9 chv\u00edle l\u00e1sky a radosti v n\u00e1dhernom a nezabudnute\u013enom raji na  zemi.Slovensko je domovom mnoh\u00fdch o\u010daruj\u00facich a fascinuj\u00facich pamiatok.  Cestovn\u00fd ruch pon\u00faka turistom n\u00e1dhern\u00fa pr\u00edle\u017eitos\u0165 spozna\u0165 kr\u00e1su tejto  sc\u00e9nickej krajiny, atrakcie, hist\u00f3riu, \u0161porty, trad\u00edcie, lok\u00e1lne miesta,  ktor\u00e9 n\u00e1jde\u0161 na n\u00e1dhern\u00fdch a nezabudnute\u013en\u00fdch cest\u00e1ch najm\u00e4 po  regi\u00f3noch Orava a Liptov. Na z\u00e1jazdoch po Slovensku mo\u017eno za\u017ei\u0165 n\u00e1dheru  okolitej malebnej pr\u00edrody, n\u00e1dhern\u00e9 turistick\u00e9 zauj\u00edmavosti a pr\u00edjemn\u00e9  klimatick\u00e9 podmienky, ktor\u00e9 vytvoria naozaj nezabudnute\u013en\u00e9 chv\u00edle. Tak  pr\u00ed\u010fte a u\u017eite si nezabudnute\u013en\u00e9 pr\u00edjemn\u00e9 spomienky a\u00a0z\u00e1\u017eitky, ktor\u00e9 v\u00e1m  ostan\u00fa v\u00a0pam\u00e4ti ve\u013emi dlho a\u00a0ur\u010dite na\u0161u mal\u00fa ve\u013ek\u00fa krajinu nav\u0161t\u00edvite  op\u00e4\u0165.<\/p>\n<p>&nbsp;<\/p>\n<p><a href=\"..\/wp-content\/uploads\/Zmena111.jpg\"><img decoding=\"async\" loading=\"lazy\" title=\"Enjoy Slovakia Tours\" src=\"..\/wp-content\/uploads\/Zmena111-150x150.jpg\" alt=\"\" width=\"150\" height=\"150\" \/><\/a> <a href=\"..\/wp-content\/uploads\/Nordic_Walking_am_See_011.jpg\"><img decoding=\"async\" loading=\"lazy\" title=\"Enjoy your vacation\" src=\"..\/wp-content\/uploads\/Nordic_Walking_am_See_011-150x150.jpg\" alt=\"\" width=\"150\" height=\"150\" \/><\/a><\/p>\n<p>U\u017dI SI A ZABAV SA NA SNEHU<\/p>\n<p>Jeden z najkraj\u0161\u00edch turistick\u00fdch zimn\u00fdch miest na svete. Slovensko je idolom mnoh\u00fdch turistov a milovn\u00edkov pr\u00edrody. Je to jedno z tak\u00fdch miest, ktor\u00e9 je skuto\u010dne porovnate\u013en\u00e9 s &#8222;rajom na Zemi&#8220; a pon\u00faka naozaj skvel\u00fa pr\u00edle\u017eitos\u0165 u\u017ei\u0165 si dovolenku v n\u00e1dhernej a nezabudnute\u013enej atmosf\u00e9re v zimnom obdob\u00ed. N\u00e1dhern\u00fd v\u00fdh\u013ead na zasne\u017een\u00e9 Tatry, na &#8222;alpskej&#8220; dediny, \u010d\u00edre pr\u00edrodn\u00e9 kr\u00e1sy, ktor\u00e9 s\u00fa magnetom pre ve\u013ek\u00fd po\u010det n\u00e1v\u0161tevn\u00edkov z cel\u00e9ho sveta.<\/p>\n<p>Od novembra do m\u00e1j, tu je ly\u017eiarska sez\u00f3na. Ak m\u00e1te radi ly\u017eovanie, snowboarding, be\u017ekovanie, v\u00fdlety na sne\u017eniciach, alebo skialping budete to tu milova\u0165. Slovensko m\u00e1 mnoh\u00e9 skvel\u00e9 stredisk\u00e1, dobr\u00e9 snehov\u00e9 podmienky a mnoho slne\u010dn\u00fdch dn\u00ed v hor\u00e1ch. Vianoce a febru\u00e1r s\u00fa najru\u0161nej\u0161ie obdobie roka, ako aj cel\u00e1 Eur\u00f3pa, ale inokedy v zime to je \u00a0relat\u00edvne pokojn\u00e9 na \u00fa\u017e\u00edvanie si snehu. Pre nely\u017eiarov s\u00fa tu mnoh\u00e9 sc\u00e9nick\u00e9 lanovky, \u0161porty a r\u00f4zny druh z\u00e1bavy. M\u00e1j a j\u00fan, je najlep\u0161\u00ed \u010das na kvety, pe\u0161iu turistiku, cykloturistiku no tie\u017e pre mnoho pe\u0161\u00edch chodn\u00edkov. Ni\u017e\u0161ia cena letenky po\u010das zimy m\u00f4\u017ee t\u00fato cestu na Slovensko urobi\u0165 e\u0161te ove\u013ea viac dostupnou.<\/p>\n<p>&nbsp;<\/p>\n<p><a href=\"http:\/\/www.enjoyslovakiasoul.com\/wp-content\/uploads\/Fun1.jpg\"><img decoding=\"async\" loading=\"lazy\" class=\"alignnone size-thumbnail wp-image-928\" title=\"Fun\" src=\"http:\/\/www.enjoyslovakiasoul.com\/wp-content\/uploads\/Fun1-150x150.jpg\" alt=\"\" width=\"150\" height=\"150\" \/><\/a><a href=\"http:\/\/www.enjoyslovakiasoul.com\/wp-content\/uploads\/Enjoy-Slovakia-Tours1.jpg\"><img decoding=\"async\" loading=\"lazy\" class=\"alignnone size-thumbnail wp-image-929\" title=\"Enjoy Slovakia Tours\" src=\"http:\/\/www.enjoyslovakiasoul.com\/wp-content\/uploads\/Enjoy-Slovakia-Tours1-150x150.jpg\" alt=\"\" width=\"150\" height=\"150\" \/><\/a><\/p>\n<p>KRAJINA TAJOMSTIEV HIST\u00d3RIE A TRAD\u00cdCIE<\/p>\n<p>Slovensko je jednou z kraj\u00edn, ktor\u00e1 svojou kr\u00e1sou a n\u00e1dherou o\u010daruje v  ka\u017edom k\u00fate sveta. Slovensko nie je vyh\u013ead\u00e1vanou krajinou len jednej  sez\u00f3ny, alebo dvoch. Ale t\u00e1to n\u00e1dhern\u00e1 krajina zahalen\u00e1 v\u00a0r\u00fa\u0161ku  n\u00e1dhernej sc\u00e9n\u00e9rie, l\u00e1ka ve\u013ek\u00e9 mno\u017estvo turistov z cel\u00e9ho sveta.<br \/>\nO\u010dar\u00ed n\u00e1dhern\u00fdmi pr\u00edrodn\u00fdmi kr\u00e1sami zasne\u017een\u00fdch h\u00f4r, vzru\u0161uj\u00facou jazdou  na horskom bicykli alebo jazdou na koni, \u010di svojimi trad\u00edciami, ktor\u00e9 si  Slov\u00e1ci st\u00e1le uchov\u00e1vaj\u00fa. Bohat\u00e1 trad\u00edcia m\u00e1 ve\u013ek\u00fd potenci\u00e1l, a tak  n\u00e1v\u0161tevn\u00edci, ktor\u00ed sem prich\u00e1dzaj\u00fa na dovolenku sa te\u0161ia na n\u00e1vrat domov  s mno\u017estvom neopakovate\u013en\u00fdch spomienok, ktor\u00e9 si vychutn\u00e1vaj\u00fa e\u0161te dlho  po dovolenke. Slov\u00e1ci s\u00fa hrd\u00ed na kr\u00e1su svojej malej krajiny s ve\u013ek\u00fdm  srdcom a ich hist\u00f3riu, folkl\u00f3r a trad\u00edcie. Cestovanie na Slovensko  evokuje ve\u013ea obr\u00e1zkov &#8230; kvitn\u00face kvety-na horsk\u00fdch l\u00fakach,  zvon\u010dek-zvonenie kr\u00e1v, dobrosrde\u010dn\u00fd \u013eudia, ovce pas\u00face sa na l\u00fakach na  sala\u0161och, \u013eudov\u00fd hudobn\u00fd n\u00e1stroj-&#8222;fujara&#8220; &#8211; n\u00e1stroj pastierov, ktor\u00ed  hraj\u00fa na horsk\u00fdch l\u00fakach, \u010falej to je \u013eudov\u00e1 architekt\u00fara a\u00a0tradi\u010dn\u00fd  \u017eivot na vidi\u00e9ku a\u00a0samozrejme rozpr\u00e1vkov\u00e9 hory! Kr\u00e1sa je to, \u017ee na  Slovensku je v\u0161etko a ove\u013ea, ove\u013ea viac. Je ve\u013ea kr\u00e1snych, zauj\u00edmav\u00fdch  miest po celom svete, ale ve\u013emi m\u00e1lo, je tak sc\u00e9nick\u00fdch, in\u0161piruj\u00facich  ako na Slovensku. Miestni \u013eudia s\u00fa priate\u013esk\u00ed, \u00faprimn\u00ed a dobrosrde\u010dn\u00fd.  S\u00fa zn\u00e1mi svojou pohostinnos\u0165ou v\u0161etk\u00fdm \u010do maj\u00fa, ak raz nav\u0161t\u00edvite Oravu  &amp; Liptov zaru\u010dene za\u017eijete od nich pozvanie na ve\u010deru .. Slovensko  je rajom pre v\u0161etk\u00fdch, za\u017eijete tu to, \u010do nie je typick\u00e9 a\u00a0neuvid\u00edte to  nikde inde ako v\u00a0najkraj\u0161\u00edch k\u00fatoch Slovenska, od tradi\u010dn\u00e9ho jedla  a\u00a0pitia, miestnych \u013eud\u00ed a\u00a0tradi\u010dn\u00fd \u017eivot&#8230;<\/p>\n<p>&nbsp;<\/p>\n<p><a href=\"..\/wp-content\/uploads\/cic-r464.jpg\"><img decoding=\"async\" loading=\"lazy\" title=\"Tradition\" src=\"..\/wp-content\/uploads\/cic-r464-150x150.jpg\" alt=\"\" width=\"150\" height=\"150\" \/><\/a><a href=\"..\/wp-content\/uploads\/SwitzerlandPopupgolfcourse-1024x768.jpg\"><img decoding=\"async\" loading=\"lazy\" title=\"Nature\" src=\"..\/wp-content\/uploads\/SwitzerlandPopupgolfcourse-1024x768-150x150.jpg\" alt=\"\" width=\"150\" height=\"150\" \/><\/a><\/p>\n<p>&nbsp;<\/p>\n<p>U\u017dI SI TO NAJLEP\u0160IE Z ATRAKCI\u00cd<\/p>\n<p>Slovensko je krajina, ktor\u00e1 up\u00fata pozornos\u0165 ktor\u00e9muko\u013evek  zahrani\u010dn\u00e9mu div\u00e1kovi svoj\u00edm k\u00fazlom atrakt\u00edvnej pr\u00edrodnej kr\u00e1sy a  n\u00e1dhery. To je jedna z m\u00e1la kraj\u00edn v Eur\u00f3pe, ktor\u00e1 je obdaren\u00e1 ve\u013ek\u00fdm  pr\u00edrodn\u00fdm bohatstvom, ktor\u00e9 vyzer\u00e1, ako keby to je \u00fa\u017easn\u00e9 umenie bolo  nama\u013eovan\u00e9 najv\u00e4\u010d\u0161\u00edm umelcom na tejto plan\u00e9te.<br \/>\nSlovensko je celosvetovo zn\u00e1me pre svoje malebn\u00e9 a pr\u00edjemn\u00e9 pr\u00edrodn\u00e9  kr\u00e1sy, ktor\u00e9 s\u00fa pr\u00edtomn\u00e9 v podobe malebn\u00e9ho \u00a0okolia, snehov\u00e9 vrcholky  h\u00f4r n\u00e1dhernej krajiny, tradi\u010dn\u00e9 \u013eudov\u00e9 dediny, \u00fa\u017easn\u00e9 historick\u00e9 a  tradi\u010dn\u00e9 pamiatky a pr\u00edjemn\u00e9 klimatick\u00e9 podmienky, ktor\u00e9 pon\u00fakn\u00fakaj\u00fa  pr\u00edjemn\u00e9 prostredie v\u0161etk\u00fdm n\u00e1v\u0161tevn\u00edkom, aj tak\u00fdm, \u00a0ktor\u00ed pr\u00eddu z  \u010falek\u00fdch k\u00fatov sveta.<br \/>\nKrajina m\u00e1 jedno z\u00a0najviac \u0161armantn\u00e9ho a magnetizuj\u00faceho cestovn\u00e9ho  ruchu v okol\u00ed a v\u0161etky z nich s\u00fa skuto\u010dne jedine\u010dn\u00e9 a o\u010daruj\u00face.V  najkraj\u0161\u00edch 2 regi\u00f3noch Orava &amp; Liptov za\u017eije\u0161 v\u0161etko, \u010do Slovensko  pon\u00faka. Ak h\u013ead\u00e1te dovolenku pln\u00fa z\u00e1bavy a\u00a0tajomstva trad\u00edci\u00ed v lone  matky pr\u00edrody, tak Orava &amp; Liptov je t\u00fdm ide\u00e1lnym miestom.<\/p>\n<p>&nbsp;<\/p>\n<p><a href=\"http:\/\/www.enjoyslovakiasoul.com\/wp-content\/uploads\/adventure-things-to-do-thailand-rock-climb.jpg\"><img decoding=\"async\" loading=\"lazy\" title=\"adventure\" src=\"http:\/\/www.enjoyslovakiasoul.com\/wp-content\/uploads\/adventure-things-to-do-thailand-rock-climb-150x150.jpg\" alt=\"\" width=\"150\" height=\"150\" \/><\/a> <a href=\"http:\/\/www.enjoyslovakiasoul.com\/wp-content\/uploads\/Habakuky21820101.jpg\"><img decoding=\"async\" loading=\"lazy\" title=\"Fun\" src=\"http:\/\/www.enjoyslovakiasoul.com\/wp-content\/uploads\/Habakuky21820101-150x150.jpg\" alt=\"\" width=\"150\" height=\"150\" \/><\/a><\/p>","protected":false},"excerpt":{"rendered":"<p>IDE\u00c1LNA LETN\u00c1 DOVOLENKA V EUR\u00d3PE Slovensko je \u00fa\u017easne kr\u00e1sna krajina a \u017eiadne turistick\u00e9 miesto v tomto svete sa nikdy nem\u00f4\u017ee porovn\u00e1va\u0165 vo svojej kr\u00e1se a p\u00f4vabe. Kr\u00e1sne hory Z\u00e1padn\u00fdch, Vysok\u00fdch a N\u00edzkych Tatier, na\u0161ich slovensk\u00fdch \u00e1lp, ok\u00fazluj\u00face horsk\u00e9 dediny, dobrosrde\u010dn\u00fd \u013eudia, ohromuj\u00face zelen\u00e9 lazy a pasienky, n\u00e1dhern\u00e9 vyhliadkov\u00e9 jazdy, naozaj robia Slovensko vyh\u013ead\u00e1vanou turistickou destin\u00e1ciou [&hellip;]<\/p>\n","protected":false},"author":1,"featured_media":0,"parent":0,"menu_order":0,"comment_status":"open","ping_status":"open","template":"","meta":{"ngg_post_thumbnail":0},"yoast_head":"<!-- This site is optimized with the Yoast SEO plugin v20.3 - https:\/\/yoast.com\/wordpress\/plugins\/seo\/ -->\n<title>Slovensko - EST Frontier Slovakia<\/title>\n<meta name=\"robots\" content=\"index, follow, max-snippet:-1, max-image-preview:large, max-video-preview:-1\" \/>\n<link rel=\"canonical\" href=\"https:\/\/www.enjoyslovakiasoul.com\/slovakia\/\" \/>\n<meta property=\"og:locale\" content=\"sk_SK\" \/>\n<meta property=\"og:type\" content=\"article\" \/>\n<meta property=\"og:title\" content=\"Slovensko - EST Frontier Slovakia\" \/>\n<meta property=\"og:description\" content=\"IDE\u00c1LNA LETN\u00c1 DOVOLENKA V EUR\u00d3PE Slovensko je \u00fa\u017easne kr\u00e1sna krajina a \u017eiadne turistick\u00e9 miesto v tomto svete sa nikdy nem\u00f4\u017ee porovn\u00e1va\u0165 vo svojej kr\u00e1se a p\u00f4vabe. Kr\u00e1sne hory Z\u00e1padn\u00fdch, Vysok\u00fdch a N\u00edzkych Tatier, na\u0161ich slovensk\u00fdch \u00e1lp, ok\u00fazluj\u00face horsk\u00e9 dediny, dobrosrde\u010dn\u00fd \u013eudia, ohromuj\u00face zelen\u00e9 lazy a pasienky, n\u00e1dhern\u00e9 vyhliadkov\u00e9 jazdy, naozaj robia Slovensko vyh\u013ead\u00e1vanou turistickou destin\u00e1ciou [&hellip;]\" \/>\n<meta property=\"og:url\" content=\"https:\/\/www.enjoyslovakiasoul.com\/slovakia\/\" \/>\n<meta property=\"og:site_name\" content=\"EST Frontier Slovakia\" \/>\n<meta property=\"article:modified_time\" content=\"2011-05-31T21:05:26+00:00\" \/>\n<meta property=\"og:image\" content=\"http:\/\/www.enjoyslovakiasoul.com\/wp-content\/uploads\/Zmena111-150x150.jpg\" \/>\n<meta name=\"twitter:card\" content=\"summary_large_image\" \/>\n<meta name=\"twitter:label1\" content=\"Predpokladan\u00fd \u010das \u010d\u00edtania\" \/>\n\t<meta name=\"twitter:data1\" content=\"8 min\u00fat\" \/>\n<script type=\"application\/ld+json\" class=\"yoast-schema-graph\">{\"@context\":\"https:\/\/schema.org\",\"@graph\":[{\"@type\":\"WebPage\",\"@id\":\"https:\/\/www.enjoyslovakiasoul.com\/slovakia\/\",\"url\":\"https:\/\/www.enjoyslovakiasoul.com\/slovakia\/\",\"name\":\"Slovensko - EST Frontier Slovakia\",\"isPartOf\":{\"@id\":\"https:\/\/www.enjoyslovakiasoul.com\/#website\"},\"datePublished\":\"2011-05-18T09:49:22+00:00\",\"dateModified\":\"2011-05-31T21:05:26+00:00\",\"breadcrumb\":{\"@id\":\"https:\/\/www.enjoyslovakiasoul.com\/slovakia\/#breadcrumb\"},\"inLanguage\":\"sk-SK\",\"potentialAction\":[{\"@type\":\"ReadAction\",\"target\":[\"https:\/\/www.enjoyslovakiasoul.com\/slovakia\/\"]}]},{\"@type\":\"BreadcrumbList\",\"@id\":\"https:\/\/www.enjoyslovakiasoul.com\/slovakia\/#breadcrumb\",\"itemListElement\":[{\"@type\":\"ListItem\",\"position\":1,\"name\":\"Home\",\"item\":\"https:\/\/www.enjoyslovakiasoul.com\/\"},{\"@type\":\"ListItem\",\"position\":2,\"name\":\"Slovakia\"}]},{\"@type\":\"WebSite\",\"@id\":\"https:\/\/www.enjoyslovakiasoul.com\/#website\",\"url\":\"https:\/\/www.enjoyslovakiasoul.com\/\",\"name\":\"EST Frontier Slovakia\",\"description\":\"Fun, Relax, Adventure\",\"potentialAction\":[{\"@type\":\"SearchAction\",\"target\":{\"@type\":\"EntryPoint\",\"urlTemplate\":\"https:\/\/www.enjoyslovakiasoul.com\/?s={search_term_string}\"},\"query-input\":\"required name=search_term_string\"}],\"inLanguage\":\"sk-SK\"}]}<\/script>\n<!-- \/ Yoast SEO plugin. -->","yoast_head_json":{"title":"Slovensko - EST Frontier Slovakia","robots":{"index":"index","follow":"follow","max-snippet":"max-snippet:-1","max-image-preview":"max-image-preview:large","max-video-preview":"max-video-preview:-1"},"canonical":"https:\/\/www.enjoyslovakiasoul.com\/slovakia\/","og_locale":"sk_SK","og_type":"article","og_title":"Slovensko - EST Frontier Slovakia","og_description":"IDE\u00c1LNA LETN\u00c1 DOVOLENKA V EUR\u00d3PE Slovensko je \u00fa\u017easne kr\u00e1sna krajina a \u017eiadne turistick\u00e9 miesto v tomto svete sa nikdy nem\u00f4\u017ee porovn\u00e1va\u0165 vo svojej kr\u00e1se a p\u00f4vabe. Kr\u00e1sne hory Z\u00e1padn\u00fdch, Vysok\u00fdch a N\u00edzkych Tatier, na\u0161ich slovensk\u00fdch \u00e1lp, ok\u00fazluj\u00face horsk\u00e9 dediny, dobrosrde\u010dn\u00fd \u013eudia, ohromuj\u00face zelen\u00e9 lazy a pasienky, n\u00e1dhern\u00e9 vyhliadkov\u00e9 jazdy, naozaj robia Slovensko vyh\u013ead\u00e1vanou turistickou destin\u00e1ciou [&hellip;]","og_url":"https:\/\/www.enjoyslovakiasoul.com\/slovakia\/","og_site_name":"EST Frontier Slovakia","article_modified_time":"2011-05-31T21:05:26+00:00","og_image":[{"url":"http:\/\/www.enjoyslovakiasoul.com\/wp-content\/uploads\/Zmena111-150x150.jpg"}],"twitter_card":"summary_large_image","twitter_misc":{"Predpokladan\u00fd \u010das \u010d\u00edtania":"8 min\u00fat"},"schema":{"@context":"https:\/\/schema.org","@graph":[{"@type":"WebPage","@id":"https:\/\/www.enjoyslovakiasoul.com\/slovakia\/","url":"https:\/\/www.enjoyslovakiasoul.com\/slovakia\/","name":"Slovensko - EST Frontier Slovakia","isPartOf":{"@id":"https:\/\/www.enjoyslovakiasoul.com\/#website"},"datePublished":"2011-05-18T09:49:22+00:00","dateModified":"2011-05-31T21:05:26+00:00","breadcrumb":{"@id":"https:\/\/www.enjoyslovakiasoul.com\/slovakia\/#breadcrumb"},"inLanguage":"sk-SK","potentialAction":[{"@type":"ReadAction","target":["https:\/\/www.enjoyslovakiasoul.com\/slovakia\/"]}]},{"@type":"BreadcrumbList","@id":"https:\/\/www.enjoyslovakiasoul.com\/slovakia\/#breadcrumb","itemListElement":[{"@type":"ListItem","position":1,"name":"Home","item":"https:\/\/www.enjoyslovakiasoul.com\/"},{"@type":"ListItem","position":2,"name":"Slovakia"}]},{"@type":"WebSite","@id":"https:\/\/www.enjoyslovakiasoul.com\/#website","url":"https:\/\/www.enjoyslovakiasoul.com\/","name":"EST Frontier Slovakia","description":"Fun, Relax, Adventure","potentialAction":[{"@type":"SearchAction","target":{"@type":"EntryPoint","urlTemplate":"https:\/\/www.enjoyslovakiasoul.com\/?s={search_term_string}"},"query-input":"required name=search_term_string"}],"inLanguage":"sk-SK"}]}},"_links":{"self":[{"href":"https:\/\/www.enjoyslovakiasoul.com\/sk\/wp-json\/wp\/v2\/pages\/396"}],"collection":[{"href":"https:\/\/www.enjoyslovakiasoul.com\/sk\/wp-json\/wp\/v2\/pages"}],"about":[{"href":"https:\/\/www.enjoyslovakiasoul.com\/sk\/wp-json\/wp\/v2\/types\/page"}],"author":[{"embeddable":true,"href":"https:\/\/www.enjoyslovakiasoul.com\/sk\/wp-json\/wp\/v2\/users\/1"}],"replies":[{"embeddable":true,"href":"https:\/\/www.enjoyslovakiasoul.com\/sk\/wp-json\/wp\/v2\/comments?post=396"}],"version-history":[{"count":5,"href":"https:\/\/www.enjoyslovakiasoul.com\/sk\/wp-json\/wp\/v2\/pages\/396\/revisions"}],"predecessor-version":[{"id":924,"href":"https:\/\/www.enjoyslovakiasoul.com\/sk\/wp-json\/wp\/v2\/pages\/396\/revisions\/924"}],"wp:attachment":[{"href":"https:\/\/www.enjoyslovakiasoul.com\/sk\/wp-json\/wp\/v2\/media?parent=396"}],"curies":[{"name":"wp","href":"https:\/\/api.w.org\/{rel}","templated":true}]}}