
{"id":411,"date":"2011-05-18T10:08:56","date_gmt":"2011-05-18T10:08:56","guid":{"rendered":"http:\/\/www.enjoyslovakiasoul.com\/?page_id=411"},"modified":"2011-05-20T20:10:27","modified_gmt":"2011-05-20T20:10:27","slug":"spring","status":"publish","type":"page","link":"https:\/\/www.enjoyslovakiasoul.com\/sk\/spring\/","title":{"rendered":"Jar- Zoznam Podujat\u00ed na Slovensku"},"content":{"rendered":"<p><\/p>\n<p style=\"text-align: center;\">Pon\u00fakame v\u00e1m tie najkraj\u0161ie tradi\u010dn\u00e9, kul\u00farne a \u0161portov\u00e9 podujatia, ktor\u00e9 s nami m\u00f4\u017eete nav\u0161t\u00edvi\u0165. Ak m\u00e1te z\u00e1ujem alebo ak\u00e9ko\u013evek ot\u00e1zky <a title=\"Kontakt\" href=\"..\/?page_id=17&amp;lang=sk\">kontaktujte n\u00e1s<\/a>. Radi uv\u00edtame ak\u00e9ko\u013evek va\u0161e  koment\u00e1re, \u017eiadosti a inform\u00e1cie o podujatiach na Slovensku: <a href=\"mailto:info@enjoyslovakiasoul.com\">info@enjoyslovakiasoul.com<\/a>. Te\u0161\u00edme sa na stretnutie s vami!<\/p>\n<p style=\"text-align: center;\">&nbsp;<\/p>\n<p><a href=\"http:\/\/www.enjoyslovakiasoul.com\/wp-content\/uploads\/bookmi-zapadnych-tatier.jpg\"><img decoding=\"async\" loading=\"lazy\" title=\"West Tatras\" src=\"http:\/\/www.enjoyslovakiasoul.com\/wp-content\/uploads\/bookmi-zapadnych-tatier-150x150.jpg\" alt=\"\" width=\"150\" height=\"150\" \/><\/a><a href=\"http:\/\/www.enjoyslovakiasoul.com\/wp-content\/uploads\/velka-noc-v-muzeum-oravskej-dediny.jpg\"><img decoding=\"async\" loading=\"lazy\" title=\"Traditional\" src=\"http:\/\/www.enjoyslovakiasoul.com\/wp-content\/uploads\/velka-noc-v-muzeum-oravskej-dediny-150x150.jpg\" alt=\"\" width=\"150\" height=\"150\" \/><\/a><a href=\"http:\/\/www.enjoyslovakiasoul.com\/wp-content\/uploads\/zmena.jpg\"><img decoding=\"async\" loading=\"lazy\" title=\"Traditiona in Vitanova\" src=\"http:\/\/www.enjoyslovakiasoul.com\/wp-content\/uploads\/zmena-150x150.jpg\" alt=\"\" width=\"150\" height=\"150\" \/><\/a><\/p>\n<p>&nbsp;<\/p>\n<h2>Furmansk\u00e9 dni vo Vitanovej<\/h2>\n<p>Marec, 2011<\/p>\n<p>St\u00e1va sa u\u017e trad\u00edciou, \u017ee prv\u00fdkr\u00e1t po\u00a0dlhej zime sa furmani  organizovan\u00ed pod\u00a0Zv\u00e4zom chovate\u013eov kon\u00ed stretaj\u00fa na\u00a0severe Slovenska  v\u00a0obci Vitanov\u00e1. Furmansk\u00e9 s\u00fa\u0165a\u017ee na\u00a0Orave okrem z\u00e1bavy, \u017eivej hudby,  predaja tradi\u010dn\u00fdch slovensk\u00fdch v\u00fdrobkov, \u010di ochutn\u00e1vky slovensk\u00fdch  tradi\u010dn\u00fdch \u0161pecial\u00edt pon\u00faka aj neopakovate\u013en\u00fd z\u00e1\u017eitok z\u00a0v\u00fdstavy a  s\u00fa\u0165a\u017eenia \u0165a\u017en\u00fdch kon\u00ed, \u010d\u00edm sa zachov\u00e1va kult\u00farne dedi\u010dstvo na\u0161ich  predkov.<\/p>\n<h2>Pochov\u00e1vanie basy<\/h2>\n<p>Marec 8, 2011<\/p>\n<p>Kult\u00farno- spolo\u010densk\u00e9 podujatie- zvykoslovn\u00fd program na koniec  fa\u0161iangu spojen\u00fd s tradi\u010dnou \u013eudovou veselicou. Prechodn\u00e9 obdobie medzi  zimou a jarou tvoria fa\u0161iangy, ktor\u00e9 v\u0161ak nemaj\u00fa pevn\u00fd term\u00edn. Ozna\u010duje  sa nimi cel\u00e9 obdobie od Troch kr\u00e1\u013eov do Popolcovej stredy, ktorou sa  za\u010d\u00edna p\u00f4st pred Ve\u013ekou nocou. Najviac zachoval\u00fdch prejavov sa v\u0161ak  s\u00fastredilo do posledn\u00fdch dn\u00ed, kedy bolo dovolen\u00e9 v\u0161etko. Veselo bolo a  je hlavne po kr\u010dm\u00e1ch, kde vyhr\u00e1vaj\u00fa podgur\u00e1\u017een\u00ed muzikanti. Posledn\u00e1  tane\u010dn\u00e1 z\u00e1bava sa kon\u00e1 takmer vo v\u0161etk\u00fdch na\u0161ich obciach vo fa\u0161iangov\u00fd  utorok v r\u00f4znych podob\u00e1ch. Koniec fa\u0161iangov symbolizovalo pochov\u00e1vanie  basy. Z\u00e1kladn\u00fd mot\u00edv vych\u00e1dzal z nast\u00e1vaj\u00faceho p\u00f4stu, kedy boli z\u00e1bavy  pri muzike zak\u00e1zan\u00e9. Na znak toho sa predv\u00e1dza \u017eartovn\u00e9 pochov\u00e1vanie  hudobn\u00e9ho n\u00e1stroja &#8211; basy, pri ktorom vystupovali postavy k\u0148aza,  kostoln\u00edka i sm\u00fatiacich pozostal\u00fdch.Na z\u00e1ver z\u00e1bavy basu vynes\u00fa von zo  s\u00e1ly, \u010d\u00edm ju symbolicky pochovaj\u00fa.<\/p>\n<p>&nbsp;<\/p>\n<h2><strong>V\u00fdstava po\u013eovn\u00edck\u00fdch trofej\u00ed v Zuberci <\/strong><\/h2>\n<p>Marec, 2011<\/p>\n<p>Srde\u010dne V\u00e1s poz\u00fdvame na v\u00fdstavu. Pr\u00edd\u0165e si pozrie\u0165 trofeje ocenen\u00e9  madailami a in\u00e9 zauj\u00edmavosti. Miesto konania: s\u00e1la kult\u00farneho domu  Zuberec.<\/p>\n<p>&nbsp;<\/p>\n<h2>&#8222;BOKAMI&#8220; Z\u00e1padn\u00fdch Tatier<\/h2>\n<p>APRIL 1.-3. 2011<\/p>\n<p>Skialpinistick\u00e9 preteky \u201eBokami Z\u00e1padn\u00fdch Tatier\u201c s\u00fa trojd\u0148ov\u00e9   preteky dvoj\u00edc, pod z\u00e1\u0161titou Slovensk\u00e9ho horolezeck\u00e9ho spolku JAMES.   Skialpinistick\u00e9 preteky \u201eBokami Z\u00e1padn\u00fdch Tatier\u201c s\u00fa trojd\u0148ov\u00e9 preteky   dvoj\u00edc, pod z\u00e1\u0161titou Slovensk\u00e9ho horolezeck\u00e9ho spolku JAMES. Pretek\u00e1ri   absolvuj\u00fa ka\u017ed\u00fd de\u0148 n\u00e1ro\u010dn\u00fa tra\u0165 s prev\u00fd\u0161en\u00edm okolo 2200m. St\u00fapaj\u00fa   v\u00e4\u010d\u0161inou na skialpinistick\u00fdch p\u00e1soch, ale aj pe\u0161o s ma\u010dkami na noh\u00e1ch.   V\u00fdnimkou nebud\u00fa \u0165a\u017ek\u00e9 v\u00fd\u0161\u013eapy s prvkami lezenia na skale \u010di kr\u00e1tke   zla\u0148enie. Zjazdy bud\u00fa v n\u00e1ro\u010dnom ter\u00e9ne, \u010dasto v \u017e\u013eaboch so sklonom   okolo 40 stup\u0148ov.<\/p>\n<p>&nbsp;<\/p>\n<h2>VE\u013dKONO\u010cN\u00c9 SVIATKY v m\u00fazeu oravskej dediny v Zuberci<\/h2>\n<p>April, 2011<\/p>\n<p>Po\u010das Ve\u013ekono\u010dn\u00fdch sviatkov zvykn\u00fa remeseln\u00edci v<strong> <\/strong><strong>are\u00e1li m\u00fazea Oravskej dediny v Zuberci pod Roh\u00e1\u010dmi<\/strong><strong> <\/strong>predv\u00e1dza\u0165  v\u00fdrobu krasl\u00edc, pletenie korb\u00e1\u010dov, v\u00fdrobu svie\u010dok a obradov\u00e9ho pe\u010diva,  \u010di to\u010denie na hrn\u010diarskom kruhu, dr\u00f4tovanie a rezb\u00e1rstvo. V pr\u00edpade  priazniv\u00e9ho po\u010dasia sa vyh\u00e1\u0148aj\u00fa po zime von aj dom\u00e1ce zvierat\u00e1. Na  nede\u013en\u00e9 poobedie je pre n\u00e1v\u0161tevn\u00edkov pripraven\u00fd folkl\u00f3rny program  venovan\u00fd symbolom v jarn\u00fdch obradoch.<\/p>\n<p>&nbsp;<\/p>\n<h2>Ve\u013ekono\u010dn\u00e1 Estr\u00e1da<\/h2>\n<p>April 24., 2011<\/p>\n<p>Z\u00e1bavn\u00fd program, Ve\u013ekono\u010dn\u00e9 estr\u00e1dne p\u00e1smo, uskuto\u010dn\u00ed sa v kult\u00farnom dome Zuberec.<\/p>\n<p>&nbsp;<\/p>\n<h2>GORALSK\u00dd KLOB\u00da\u010cIK &#8211; Medzin\u00e1rodn\u00fd pretek v zjazdovom ly\u017eovan\u00ed<\/h2>\n<p>April, 2011<\/p>\n<p>Celoslovensk\u00fd pretek s medzin\u00e1rodnou \u00fa\u010das\u0165ou pod n\u00e1zvom Goralsk\u00fd  klob\u00fa\u010dik. Je to atrakt\u00edvne podujatie pre najlep\u0161\u00edch detsk\u00fdch ly\u017eiarov &#8211;  zjazd\u00e1rov. Tento pretek m\u00e1 dlhodob\u00fa trad\u00edciu a te\u0161\u00ed sa pozornosti  \u0161irok\u00e9ho okolia.<\/p>\n<p>&nbsp;<\/p>\n<h2><strong>Orava Rock Fest Spring<\/strong><\/h2>\n<p>April, 2011<\/p>\n<p>\u201eV\u00edtanie jari\u201c na Orave na rockov\u00fd sp\u00f4sob.<\/p>\n<p>&nbsp;<\/p>\n<h2><strong>Thurzovsk\u00e9 sl\u00e1vnosti<\/strong><\/h2>\n<p>Apr\u00edl 30, \u00a02011<\/p>\n<p>Na najv\u00e4\u010d\u0161ej atrakcii Oravskom Hrade sa kon\u00e1 n\u00e1vrat palat\u00edna do  letoviska, Turzov remeseln\u00edcky jarmok, De\u0148 hist\u00f3rie, Nede\u013en\u00e9 popoludnie \u2013  prehliadka \u013eudov\u00fdch zvykov. Odomykanie Oravsk\u00e9ho hradu do novej sez\u00f3ny.<\/p>\n<p>&nbsp;<\/p>\n<h2><strong>Medzin\u00e1rodn\u00fd festival krojovan\u00fdch b\u00e1bik<\/strong><\/h2>\n<p>Maj, 2011<\/p>\n<p>Je jedin\u00fdm svojho druhu na Slovensku, ktor\u00e9ho symbolom s\u00fa krojovan\u00e9  b\u00e1biky v \u00edre\u010dit\u00fdch krojoch jednotliv\u00fdch z\u00fa\u010dastnen\u00fdch s\u00faborov. Kon\u00e1 sa  ka\u017edoro\u010dne od roku 1997 po\u010das troch dn\u00ed, v\u017edy prv\u00fd j\u00fanov\u00fd t\u00fd\u017ede\u0148 v  podtatransk\u00fdch malebn\u00fdch meste\u010dk\u00e1ch.<\/p>\n<p>&nbsp;<\/p>\n<h2>HEJ, M\u00c1J ZELEN\u00dd (SYMBOLICK\u00c9 OTVORENIE LETA)<\/h2>\n<p>M\u00e1j 1, 2011<\/p>\n<p>Starod\u00e1vny zvyk stavania m\u00e1jov ako prejavu \u00facty, \u017ei\u010dlivosti a l\u00e1sky,  si m\u00f4\u017eu n\u00e1v\u0161tevn\u00edci m\u00fazea pripomen\u00fa\u0165 ka\u017edoro\u010dne na posledn\u00fa apr\u00edlov\u00fa  nede\u013eu.. Starod\u00e1vny zvyk stavania m\u00e1jov ako prejavu \u00facty, \u017ei\u010dlivosti a  l\u00e1sky, si m\u00f4\u017eu n\u00e1v\u0161tevn\u00edci m\u00fazea pripomen\u00fa\u0165 ka\u017edoro\u010dne na posledn\u00fa  apr\u00edlov\u00fa nede\u013eu v r\u00e1mci programu \u201eHej, m\u00e1j zelen\u00fd\u201c. Program sa za\u010d\u00edna  spravidla koncertom v drevenom kostole. Po koncerte program pokra\u010duje  stavan\u00edm m\u00e1jov pri vybran\u00fdch objektoch m\u00fazea a kr\u00e1tkymi uk\u00e1\u017ekami spevu,  tanca a hudby. Na z\u00e1ver podujatia b\u00fdvaj\u00fa folkl\u00f3rne vyst\u00fapenia na  Dolnooravskom r\u00ednku. N\u00e1v\u0161tevn\u00edci si po\u010das d\u0148a m\u00f4\u017eu pozrie\u0165 aj uk\u00e1\u017eky  v\u00fdroby trstenskej keramiky, rezb\u00e1rstva a \u010fal\u0161\u00edch remesiel.<\/p>\n<p>&nbsp;<\/p>\n<h2>Vyn\u00e1\u0161anie Mor\u00e9ny v\u00a0Oravskej dedine<\/h2>\n<p>M\u00e1j 1, 2011<\/p>\n<p>Jeden z najarchaickej\u0161\u00edch zvykov, ktor\u00fd sa zachoval do dne\u0161n\u00fdch \u010dias. Kon\u00e1 sa <strong>koncom zimy<\/strong> a vyjadruje t\u00fa\u017ebu \u013eud\u00ed skoncova\u0165 s chladn\u00fdm po\u010das\u00edm a privola\u0165 tepl\u00e9  l\u00fa\u010de slnka. Tento zvyk m\u00e1 korene v predkres\u0165anskom obdob\u00ed, ke\u010f \u013eudia  verili, \u017ee pr\u00edrodu ovl\u00e1daj\u00fa nadprirodzen\u00e9 sily, ktor\u00fdch konanie mo\u017eno  ovplyvni\u0165. T\u00fdmto sil\u00e1m pripisovali aj striedanie ro\u010dn\u00fdch obdob\u00ed. <strong>Morena symbolizovala zimu<\/strong>,  preto ak \u013eudia chceli, aby pri\u0161la jar, museli ju zabi\u0165, utopi\u0165 v potoku  alebo up\u00e1li\u0165. Mala podobu slamenej figur\u00edny oble\u010denej do \u017eensk\u00fdch \u0161iat,  ktor\u00fa niesli mlad\u00e9 devy so spevom k potoku. Pri brehu ju vyzliekli,  zap\u00e1lili a hodili do v\u00f4d rozm\u0155zaj\u00facej rieky. Naj\u010dastej\u0161\u00edm term\u00ednom  vyn\u00e1\u0161ania Moreny je Smrtn\u00e1 nede\u013ea (p\u00f4stna nede\u013ea dva t\u00fd\u017edne pred Ve\u013ekou  nocou). V niektor\u00fdch regi\u00f3noch vyn\u00e1\u0161aj\u00fa ml\u00e1denci aj <strong>Deda<\/strong>, slamen\u00fa figur\u00ednu v podobe star\u00e9ho mu\u017ea.<\/p>\n<p>&nbsp;<\/p>\n<h2>Romantick\u00e1 plavba na pltiach okolo Oravsk\u00e9ho Hradu<\/h2>\n<p>M\u00e1j-Okt\u00f3ber, 2011<\/p>\n<p>Ak t\u00fa\u017eite za\u017ei\u0165 romantick\u00fa dovolenku v prekr\u00e1snych z\u00e1kutiach rieky  Oravy s n\u00e1dychom dobrodru\u017estva, alebo trochu adrenal\u00ednu na divokej vode &#8211;  rieka Orava pon\u00faka nen\u00e1ro\u010dn\u00e9 splavovanie prekr\u00e1snou oravskou pr\u00edrodou.<br \/>\nOkrem po\u017ei\u010dovne kompletn\u00e9ho vod\u00e1ckeho vybavenia zabezpe\u010dujeme splavy na rieke Orave:<\/p>\n<ul>\n<li>pre za\u010diato\u010dn\u00edkov<\/li>\n<li>rodiny s de\u0165mi<\/li>\n<li>detsk\u00e9 t\u00e1bory<\/li>\n<li>\u0161kolsk\u00e9 v\u00fdlety<\/li>\n<li>partie priate\u013eov<\/li>\n<li>ale aj pre sk\u00fasen\u00fdch      vod\u00e1kov<\/li>\n<\/ul>\n<p>Dl\u017eka splavu: pod\u013ea dl\u017eky \u00faseku (min. 2 hodiny, max. 2 dni).<\/p>","protected":false},"excerpt":{"rendered":"<p>Pon\u00fakame v\u00e1m tie najkraj\u0161ie tradi\u010dn\u00e9, kul\u00farne a \u0161portov\u00e9 podujatia, ktor\u00e9 s nami m\u00f4\u017eete nav\u0161t\u00edvi\u0165. Ak m\u00e1te z\u00e1ujem alebo ak\u00e9ko\u013evek ot\u00e1zky kontaktujte n\u00e1s. Radi uv\u00edtame ak\u00e9ko\u013evek va\u0161e koment\u00e1re, \u017eiadosti a inform\u00e1cie o podujatiach na Slovensku: info@enjoyslovakiasoul.com. Te\u0161\u00edme sa na stretnutie s vami! &nbsp; &nbsp; Furmansk\u00e9 dni vo Vitanovej Marec, 2011 St\u00e1va sa u\u017e trad\u00edciou, \u017ee prv\u00fdkr\u00e1t [&hellip;]<\/p>\n","protected":false},"author":1,"featured_media":0,"parent":0,"menu_order":0,"comment_status":"open","ping_status":"open","template":"","meta":{"ngg_post_thumbnail":0},"yoast_head":"<!-- This site is optimized with the Yoast SEO plugin v20.3 - https:\/\/yoast.com\/wordpress\/plugins\/seo\/ -->\n<title>Jar- Zoznam Podujat\u00ed na Slovensku - EST Frontier Slovakia<\/title>\n<meta name=\"robots\" content=\"index, follow, max-snippet:-1, max-image-preview:large, max-video-preview:-1\" \/>\n<link rel=\"canonical\" href=\"https:\/\/www.enjoyslovakiasoul.com\/spring\/\" \/>\n<meta property=\"og:locale\" content=\"sk_SK\" \/>\n<meta property=\"og:type\" content=\"article\" \/>\n<meta property=\"og:title\" content=\"Jar- Zoznam Podujat\u00ed na Slovensku - EST Frontier Slovakia\" \/>\n<meta property=\"og:description\" content=\"Pon\u00fakame v\u00e1m tie najkraj\u0161ie tradi\u010dn\u00e9, kul\u00farne a \u0161portov\u00e9 podujatia, ktor\u00e9 s nami m\u00f4\u017eete nav\u0161t\u00edvi\u0165. Ak m\u00e1te z\u00e1ujem alebo ak\u00e9ko\u013evek ot\u00e1zky kontaktujte n\u00e1s. Radi uv\u00edtame ak\u00e9ko\u013evek va\u0161e koment\u00e1re, \u017eiadosti a inform\u00e1cie o podujatiach na Slovensku: info@enjoyslovakiasoul.com. Te\u0161\u00edme sa na stretnutie s vami! &nbsp; &nbsp; Furmansk\u00e9 dni vo Vitanovej Marec, 2011 St\u00e1va sa u\u017e trad\u00edciou, \u017ee prv\u00fdkr\u00e1t [&hellip;]\" \/>\n<meta property=\"og:url\" content=\"https:\/\/www.enjoyslovakiasoul.com\/spring\/\" \/>\n<meta property=\"og:site_name\" content=\"EST Frontier Slovakia\" \/>\n<meta property=\"article:modified_time\" content=\"2011-05-20T20:10:27+00:00\" \/>\n<meta property=\"og:image\" content=\"http:\/\/www.enjoyslovakiasoul.com\/wp-content\/uploads\/bookmi-zapadnych-tatier-150x150.jpg\" \/>\n<meta name=\"twitter:card\" content=\"summary_large_image\" \/>\n<meta name=\"twitter:label1\" content=\"Predpokladan\u00fd \u010das \u010d\u00edtania\" \/>\n\t<meta name=\"twitter:data1\" content=\"12 min\u00fat\" \/>\n<script type=\"application\/ld+json\" class=\"yoast-schema-graph\">{\"@context\":\"https:\/\/schema.org\",\"@graph\":[{\"@type\":\"WebPage\",\"@id\":\"https:\/\/www.enjoyslovakiasoul.com\/spring\/\",\"url\":\"https:\/\/www.enjoyslovakiasoul.com\/spring\/\",\"name\":\"Jar- Zoznam Podujat\u00ed na Slovensku - EST Frontier Slovakia\",\"isPartOf\":{\"@id\":\"https:\/\/www.enjoyslovakiasoul.com\/#website\"},\"datePublished\":\"2011-05-18T10:08:56+00:00\",\"dateModified\":\"2011-05-20T20:10:27+00:00\",\"breadcrumb\":{\"@id\":\"https:\/\/www.enjoyslovakiasoul.com\/spring\/#breadcrumb\"},\"inLanguage\":\"sk-SK\",\"potentialAction\":[{\"@type\":\"ReadAction\",\"target\":[\"https:\/\/www.enjoyslovakiasoul.com\/spring\/\"]}]},{\"@type\":\"BreadcrumbList\",\"@id\":\"https:\/\/www.enjoyslovakiasoul.com\/spring\/#breadcrumb\",\"itemListElement\":[{\"@type\":\"ListItem\",\"position\":1,\"name\":\"Home\",\"item\":\"https:\/\/www.enjoyslovakiasoul.com\/\"},{\"@type\":\"ListItem\",\"position\":2,\"name\":\"Spring- Slovakia Calendar of Events\"}]},{\"@type\":\"WebSite\",\"@id\":\"https:\/\/www.enjoyslovakiasoul.com\/#website\",\"url\":\"https:\/\/www.enjoyslovakiasoul.com\/\",\"name\":\"EST Frontier Slovakia\",\"description\":\"Fun, Relax, Adventure\",\"potentialAction\":[{\"@type\":\"SearchAction\",\"target\":{\"@type\":\"EntryPoint\",\"urlTemplate\":\"https:\/\/www.enjoyslovakiasoul.com\/?s={search_term_string}\"},\"query-input\":\"required name=search_term_string\"}],\"inLanguage\":\"sk-SK\"}]}<\/script>\n<!-- \/ Yoast SEO plugin. -->","yoast_head_json":{"title":"Jar- Zoznam Podujat\u00ed na Slovensku - EST Frontier Slovakia","robots":{"index":"index","follow":"follow","max-snippet":"max-snippet:-1","max-image-preview":"max-image-preview:large","max-video-preview":"max-video-preview:-1"},"canonical":"https:\/\/www.enjoyslovakiasoul.com\/spring\/","og_locale":"sk_SK","og_type":"article","og_title":"Jar- Zoznam Podujat\u00ed na Slovensku - EST Frontier Slovakia","og_description":"Pon\u00fakame v\u00e1m tie najkraj\u0161ie tradi\u010dn\u00e9, kul\u00farne a \u0161portov\u00e9 podujatia, ktor\u00e9 s nami m\u00f4\u017eete nav\u0161t\u00edvi\u0165. Ak m\u00e1te z\u00e1ujem alebo ak\u00e9ko\u013evek ot\u00e1zky kontaktujte n\u00e1s. Radi uv\u00edtame ak\u00e9ko\u013evek va\u0161e koment\u00e1re, \u017eiadosti a inform\u00e1cie o podujatiach na Slovensku: info@enjoyslovakiasoul.com. Te\u0161\u00edme sa na stretnutie s vami! &nbsp; &nbsp; Furmansk\u00e9 dni vo Vitanovej Marec, 2011 St\u00e1va sa u\u017e trad\u00edciou, \u017ee prv\u00fdkr\u00e1t [&hellip;]","og_url":"https:\/\/www.enjoyslovakiasoul.com\/spring\/","og_site_name":"EST Frontier Slovakia","article_modified_time":"2011-05-20T20:10:27+00:00","og_image":[{"url":"http:\/\/www.enjoyslovakiasoul.com\/wp-content\/uploads\/bookmi-zapadnych-tatier-150x150.jpg"}],"twitter_card":"summary_large_image","twitter_misc":{"Predpokladan\u00fd \u010das \u010d\u00edtania":"12 min\u00fat"},"schema":{"@context":"https:\/\/schema.org","@graph":[{"@type":"WebPage","@id":"https:\/\/www.enjoyslovakiasoul.com\/spring\/","url":"https:\/\/www.enjoyslovakiasoul.com\/spring\/","name":"Jar- Zoznam Podujat\u00ed na Slovensku - EST Frontier Slovakia","isPartOf":{"@id":"https:\/\/www.enjoyslovakiasoul.com\/#website"},"datePublished":"2011-05-18T10:08:56+00:00","dateModified":"2011-05-20T20:10:27+00:00","breadcrumb":{"@id":"https:\/\/www.enjoyslovakiasoul.com\/spring\/#breadcrumb"},"inLanguage":"sk-SK","potentialAction":[{"@type":"ReadAction","target":["https:\/\/www.enjoyslovakiasoul.com\/spring\/"]}]},{"@type":"BreadcrumbList","@id":"https:\/\/www.enjoyslovakiasoul.com\/spring\/#breadcrumb","itemListElement":[{"@type":"ListItem","position":1,"name":"Home","item":"https:\/\/www.enjoyslovakiasoul.com\/"},{"@type":"ListItem","position":2,"name":"Spring- Slovakia Calendar of Events"}]},{"@type":"WebSite","@id":"https:\/\/www.enjoyslovakiasoul.com\/#website","url":"https:\/\/www.enjoyslovakiasoul.com\/","name":"EST Frontier Slovakia","description":"Fun, Relax, Adventure","potentialAction":[{"@type":"SearchAction","target":{"@type":"EntryPoint","urlTemplate":"https:\/\/www.enjoyslovakiasoul.com\/?s={search_term_string}"},"query-input":"required name=search_term_string"}],"inLanguage":"sk-SK"}]}},"_links":{"self":[{"href":"https:\/\/www.enjoyslovakiasoul.com\/sk\/wp-json\/wp\/v2\/pages\/411"}],"collection":[{"href":"https:\/\/www.enjoyslovakiasoul.com\/sk\/wp-json\/wp\/v2\/pages"}],"about":[{"href":"https:\/\/www.enjoyslovakiasoul.com\/sk\/wp-json\/wp\/v2\/types\/page"}],"author":[{"embeddable":true,"href":"https:\/\/www.enjoyslovakiasoul.com\/sk\/wp-json\/wp\/v2\/users\/1"}],"replies":[{"embeddable":true,"href":"https:\/\/www.enjoyslovakiasoul.com\/sk\/wp-json\/wp\/v2\/comments?post=411"}],"version-history":[{"count":16,"href":"https:\/\/www.enjoyslovakiasoul.com\/sk\/wp-json\/wp\/v2\/pages\/411\/revisions"}],"predecessor-version":[{"id":703,"href":"https:\/\/www.enjoyslovakiasoul.com\/sk\/wp-json\/wp\/v2\/pages\/411\/revisions\/703"}],"wp:attachment":[{"href":"https:\/\/www.enjoyslovakiasoul.com\/sk\/wp-json\/wp\/v2\/media?parent=411"}],"curies":[{"name":"wp","href":"https:\/\/api.w.org\/{rel}","templated":true}]}}