
{"id":415,"date":"2011-05-18T10:09:39","date_gmt":"2011-05-18T10:09:39","guid":{"rendered":"http:\/\/www.enjoyslovakiasoul.com\/?page_id=415"},"modified":"2011-05-20T18:43:54","modified_gmt":"2011-05-20T18:43:54","slug":"autumn","status":"publish","type":"page","link":"https:\/\/www.enjoyslovakiasoul.com\/sk\/autumn\/","title":{"rendered":"Jese\u0148- Zoznam Podujat\u00ed na Slovensku"},"content":{"rendered":"<p><\/p>\n<p style=\"text-align: center;\">Pon\u00fakame v\u00e1m tie najkraj\u0161ie tradi\u010dn\u00e9, kul\u00farne a \u0161portov\u00e9 podujatia, ktor\u00e9 s nami m\u00f4\u017eete nav\u0161t\u00edvi\u0165. Ak m\u00e1te z\u00e1ujem alebo ak\u00e9ko\u013evek ot\u00e1zky <a title=\"Kontakt\" href=\"..\/?page_id=17&amp;lang=sk\">kontaktujte n\u00e1s<\/a>. Radi uv\u00edtame ak\u00e9ko\u013evek va\u0161e  koment\u00e1re, \u017eiadosti a inform\u00e1cie o podujatiach na Slovensku: <a href=\"mailto:info@enjoyslovakiasoul.com\">info@enjoyslovakiasoul.com<\/a>. Te\u0161\u00edme sa na stretnutie s vami!<\/p>\n<p style=\"text-align: center;\">&nbsp;<\/p>\n<p><a href=\"http:\/\/www.enjoyslovakiasoul.com\/wp-content\/uploads\/De\u0148-h\u00f4r-v-Roh\u00e1\u010doch-v\u00fdstup-do-sedla-Osobit\u00e1.jpg\"><img decoding=\"async\" loading=\"lazy\" title=\"Roh\u00e1\u010de\" src=\"http:\/\/www.enjoyslovakiasoul.com\/wp-content\/uploads\/De\u0148-h\u00f4r-v-Roh\u00e1\u010doch-v\u00fdstup-do-sedla-Osobit\u00e1-150x150.jpg\" alt=\"\" width=\"150\" height=\"150\" \/><\/a><a href=\"http:\/\/www.enjoyslovakiasoul.com\/wp-content\/uploads\/COUNTRY-B\u00c1L-A-COUNTRY-Z\u00c1BAVA.jpg\"><img decoding=\"async\" loading=\"lazy\" title=\"COUNTRY \" src=\"http:\/\/www.enjoyslovakiasoul.com\/wp-content\/uploads\/COUNTRY-B\u00c1L-A-COUNTRY-Z\u00c1BAVA-150x150.jpg\" alt=\"\" width=\"150\" height=\"150\" \/><\/a><a href=\"http:\/\/www.enjoyslovakiasoul.com\/wp-content\/uploads\/pochovavanie-basy.jpg\"><img decoding=\"async\" loading=\"lazy\" title=\"Folk\" src=\"http:\/\/www.enjoyslovakiasoul.com\/wp-content\/uploads\/pochovavanie-basy-150x150.jpg\" alt=\"\" width=\"150\" height=\"150\" \/><\/a><\/p>\n<p>&nbsp;<\/p>\n<h2>Sviatok sv. Al\u017ebety v\u00a0Skanzene Oravskej dediny<\/h2>\n<p>November 17, 2011<\/p>\n<p>V drevenom gotickom kostole odpustov\u00e1 sv. om\u0161a ku cti patr\u00f3nky kostola sv. Al\u017ebety Uhorskej.<\/p>\n<h2>Zahraj mi Gajdo\u0161ku- Koncert s\u00f3listov a hudieb v r\u00e1mci festivalu Gajdova\u010dka.<\/h2>\n<p>September, 2011<\/p>\n<p>V M\u00fazeu oravskej dediny uskuto\u010dnuje medzin\u00e1rodn\u00fd festival \u201eGajdova\u010dka\u201c, \u00fa\u010dastn\u00edci z r\u00f4znych k\u00fatov Europy.<\/p>\n<h2><strong>V. Ro\u010dn\u00edk- Bielopotock\u00fd kame\u0148<\/strong><\/h2>\n<p>September, 2011<\/p>\n<p>Medzin\u00e1rodn\u00fd kamen\u00e1rsky plen\u00e9r, ktor\u00fd\u00a0 po rokoch op\u00e4\u0165 obnovil b\u00fdval\u00fd  starosta Ing. Kahan Peter. Ka\u017edoro\u010dne tak nav\u0161tevuj\u00fa mal\u00fa oravsk\u00fa  dedinku Oravsk\u00fd Biely Potok mnoh\u00ed zn\u00e1mi slovensk\u00ed aj zahrani\u010dn\u00ed umelci,  ktor\u00fd z\u00a0najzn\u00e1mej\u0161ieho kame\u0148a v\u00a0strednej Eur\u00f3pe dok\u00e1\u017eu vytesa\u0165 kr\u00e1sne  sochy. Takto sa zachovalo toto kult\u00farne dedi\u010dstvo, ktor\u00e9 m\u00e1 \u010falek\u00fa  hist\u00f3riu. Tak nev\u00e1hajte, pr\u00ed\u010fte a nechajte sa vtiahnu\u0165 do atmosf\u00e9ry  prastar\u00fdch trad\u00edci\u00ed.<\/p>\n<h2>De\u0148 h\u00f4r v Roh\u00e1\u010doch- v\u00fdstup do sedla Osobit\u00e1 v\u00a0Z\u00e1padn\u00fdch Tatr\u00e1ch<\/h2>\n<p>September 18, 2011<\/p>\n<p>De\u0148 h\u00f4r a s n\u00edm spojen\u00fd v\u00fdstup do sedla Osobit\u00e1, na pietnom mieste so  sv\u00e4tou om\u0161ou, nech\u00fdba goralsk\u00e1 muzika zo Zakopan\u00e9ho a radostn\u00fd spev  Zuber\u010danov. Dolu pri Chate Primula \u010dak\u00e1 v\u0161etk\u00fdch \u00fa\u010dastn\u00edkov dobr\u00fd gu\u013e\u00e1\u0161.<\/p>\n<h2>Country B\u00e1l a veselica<\/h2>\n<p>September, 2011<\/p>\n<p>COUNTRY B\u00c1L A COUNTRY Z\u00c1BAVA + v\u00fdu\u010dba tanca.<\/p>","protected":false},"excerpt":{"rendered":"<p>Pon\u00fakame v\u00e1m tie najkraj\u0161ie tradi\u010dn\u00e9, kul\u00farne a \u0161portov\u00e9 podujatia, ktor\u00e9 s nami m\u00f4\u017eete nav\u0161t\u00edvi\u0165. Ak m\u00e1te z\u00e1ujem alebo ak\u00e9ko\u013evek ot\u00e1zky kontaktujte n\u00e1s. Radi uv\u00edtame ak\u00e9ko\u013evek va\u0161e koment\u00e1re, \u017eiadosti a inform\u00e1cie o podujatiach na Slovensku: info@enjoyslovakiasoul.com. Te\u0161\u00edme sa na stretnutie s vami! &nbsp; &nbsp; Sviatok sv. Al\u017ebety v\u00a0Skanzene Oravskej dediny November 17, 2011 V drevenom gotickom [&hellip;]<\/p>\n","protected":false},"author":1,"featured_media":0,"parent":0,"menu_order":0,"comment_status":"open","ping_status":"open","template":"","meta":{"ngg_post_thumbnail":0},"yoast_head":"<!-- This site is optimized with the Yoast SEO plugin v20.3 - https:\/\/yoast.com\/wordpress\/plugins\/seo\/ -->\n<title>Jese\u0148- Zoznam Podujat\u00ed na Slovensku - EST Frontier Slovakia<\/title>\n<meta name=\"robots\" content=\"index, follow, max-snippet:-1, max-image-preview:large, max-video-preview:-1\" \/>\n<link rel=\"canonical\" href=\"https:\/\/www.enjoyslovakiasoul.com\/autumn\/\" \/>\n<meta property=\"og:locale\" content=\"sk_SK\" \/>\n<meta property=\"og:type\" content=\"article\" \/>\n<meta property=\"og:title\" content=\"Jese\u0148- Zoznam Podujat\u00ed na Slovensku - EST Frontier Slovakia\" \/>\n<meta property=\"og:description\" content=\"Pon\u00fakame v\u00e1m tie najkraj\u0161ie tradi\u010dn\u00e9, kul\u00farne a \u0161portov\u00e9 podujatia, ktor\u00e9 s nami m\u00f4\u017eete nav\u0161t\u00edvi\u0165. Ak m\u00e1te z\u00e1ujem alebo ak\u00e9ko\u013evek ot\u00e1zky kontaktujte n\u00e1s. Radi uv\u00edtame ak\u00e9ko\u013evek va\u0161e koment\u00e1re, \u017eiadosti a inform\u00e1cie o podujatiach na Slovensku: info@enjoyslovakiasoul.com. Te\u0161\u00edme sa na stretnutie s vami! &nbsp; &nbsp; Sviatok sv. Al\u017ebety v\u00a0Skanzene Oravskej dediny November 17, 2011 V drevenom gotickom [&hellip;]\" \/>\n<meta property=\"og:url\" content=\"https:\/\/www.enjoyslovakiasoul.com\/autumn\/\" \/>\n<meta property=\"og:site_name\" content=\"EST Frontier Slovakia\" \/>\n<meta property=\"article:modified_time\" content=\"2011-05-20T18:43:54+00:00\" \/>\n<meta property=\"og:image\" content=\"http:\/\/www.enjoyslovakiasoul.com\/wp-content\/uploads\/pochovavanie-basy-150x150.jpg\" \/>\n<meta name=\"twitter:card\" content=\"summary_large_image\" \/>\n<meta name=\"twitter:label1\" content=\"Predpokladan\u00fd \u010das \u010d\u00edtania\" \/>\n\t<meta name=\"twitter:data1\" content=\"3 min\u00faty\" \/>\n<script type=\"application\/ld+json\" class=\"yoast-schema-graph\">{\"@context\":\"https:\/\/schema.org\",\"@graph\":[{\"@type\":\"WebPage\",\"@id\":\"https:\/\/www.enjoyslovakiasoul.com\/autumn\/\",\"url\":\"https:\/\/www.enjoyslovakiasoul.com\/autumn\/\",\"name\":\"Jese\u0148- Zoznam Podujat\u00ed na Slovensku - EST Frontier Slovakia\",\"isPartOf\":{\"@id\":\"https:\/\/www.enjoyslovakiasoul.com\/#website\"},\"datePublished\":\"2011-05-18T10:09:39+00:00\",\"dateModified\":\"2011-05-20T18:43:54+00:00\",\"breadcrumb\":{\"@id\":\"https:\/\/www.enjoyslovakiasoul.com\/autumn\/#breadcrumb\"},\"inLanguage\":\"sk-SK\",\"potentialAction\":[{\"@type\":\"ReadAction\",\"target\":[\"https:\/\/www.enjoyslovakiasoul.com\/autumn\/\"]}]},{\"@type\":\"BreadcrumbList\",\"@id\":\"https:\/\/www.enjoyslovakiasoul.com\/autumn\/#breadcrumb\",\"itemListElement\":[{\"@type\":\"ListItem\",\"position\":1,\"name\":\"Home\",\"item\":\"https:\/\/www.enjoyslovakiasoul.com\/\"},{\"@type\":\"ListItem\",\"position\":2,\"name\":\"Autumn- Slovakia Calendar of Events\"}]},{\"@type\":\"WebSite\",\"@id\":\"https:\/\/www.enjoyslovakiasoul.com\/#website\",\"url\":\"https:\/\/www.enjoyslovakiasoul.com\/\",\"name\":\"EST Frontier Slovakia\",\"description\":\"Fun, Relax, Adventure\",\"potentialAction\":[{\"@type\":\"SearchAction\",\"target\":{\"@type\":\"EntryPoint\",\"urlTemplate\":\"https:\/\/www.enjoyslovakiasoul.com\/?s={search_term_string}\"},\"query-input\":\"required name=search_term_string\"}],\"inLanguage\":\"sk-SK\"}]}<\/script>\n<!-- \/ Yoast SEO plugin. -->","yoast_head_json":{"title":"Jese\u0148- Zoznam Podujat\u00ed na Slovensku - EST Frontier Slovakia","robots":{"index":"index","follow":"follow","max-snippet":"max-snippet:-1","max-image-preview":"max-image-preview:large","max-video-preview":"max-video-preview:-1"},"canonical":"https:\/\/www.enjoyslovakiasoul.com\/autumn\/","og_locale":"sk_SK","og_type":"article","og_title":"Jese\u0148- Zoznam Podujat\u00ed na Slovensku - EST Frontier Slovakia","og_description":"Pon\u00fakame v\u00e1m tie najkraj\u0161ie tradi\u010dn\u00e9, kul\u00farne a \u0161portov\u00e9 podujatia, ktor\u00e9 s nami m\u00f4\u017eete nav\u0161t\u00edvi\u0165. Ak m\u00e1te z\u00e1ujem alebo ak\u00e9ko\u013evek ot\u00e1zky kontaktujte n\u00e1s. Radi uv\u00edtame ak\u00e9ko\u013evek va\u0161e koment\u00e1re, \u017eiadosti a inform\u00e1cie o podujatiach na Slovensku: info@enjoyslovakiasoul.com. Te\u0161\u00edme sa na stretnutie s vami! &nbsp; &nbsp; Sviatok sv. Al\u017ebety v\u00a0Skanzene Oravskej dediny November 17, 2011 V drevenom gotickom [&hellip;]","og_url":"https:\/\/www.enjoyslovakiasoul.com\/autumn\/","og_site_name":"EST Frontier Slovakia","article_modified_time":"2011-05-20T18:43:54+00:00","og_image":[{"url":"http:\/\/www.enjoyslovakiasoul.com\/wp-content\/uploads\/pochovavanie-basy-150x150.jpg"}],"twitter_card":"summary_large_image","twitter_misc":{"Predpokladan\u00fd \u010das \u010d\u00edtania":"3 min\u00faty"},"schema":{"@context":"https:\/\/schema.org","@graph":[{"@type":"WebPage","@id":"https:\/\/www.enjoyslovakiasoul.com\/autumn\/","url":"https:\/\/www.enjoyslovakiasoul.com\/autumn\/","name":"Jese\u0148- Zoznam Podujat\u00ed na Slovensku - EST Frontier Slovakia","isPartOf":{"@id":"https:\/\/www.enjoyslovakiasoul.com\/#website"},"datePublished":"2011-05-18T10:09:39+00:00","dateModified":"2011-05-20T18:43:54+00:00","breadcrumb":{"@id":"https:\/\/www.enjoyslovakiasoul.com\/autumn\/#breadcrumb"},"inLanguage":"sk-SK","potentialAction":[{"@type":"ReadAction","target":["https:\/\/www.enjoyslovakiasoul.com\/autumn\/"]}]},{"@type":"BreadcrumbList","@id":"https:\/\/www.enjoyslovakiasoul.com\/autumn\/#breadcrumb","itemListElement":[{"@type":"ListItem","position":1,"name":"Home","item":"https:\/\/www.enjoyslovakiasoul.com\/"},{"@type":"ListItem","position":2,"name":"Autumn- Slovakia Calendar of Events"}]},{"@type":"WebSite","@id":"https:\/\/www.enjoyslovakiasoul.com\/#website","url":"https:\/\/www.enjoyslovakiasoul.com\/","name":"EST Frontier Slovakia","description":"Fun, Relax, Adventure","potentialAction":[{"@type":"SearchAction","target":{"@type":"EntryPoint","urlTemplate":"https:\/\/www.enjoyslovakiasoul.com\/?s={search_term_string}"},"query-input":"required name=search_term_string"}],"inLanguage":"sk-SK"}]}},"_links":{"self":[{"href":"https:\/\/www.enjoyslovakiasoul.com\/sk\/wp-json\/wp\/v2\/pages\/415"}],"collection":[{"href":"https:\/\/www.enjoyslovakiasoul.com\/sk\/wp-json\/wp\/v2\/pages"}],"about":[{"href":"https:\/\/www.enjoyslovakiasoul.com\/sk\/wp-json\/wp\/v2\/types\/page"}],"author":[{"embeddable":true,"href":"https:\/\/www.enjoyslovakiasoul.com\/sk\/wp-json\/wp\/v2\/users\/1"}],"replies":[{"embeddable":true,"href":"https:\/\/www.enjoyslovakiasoul.com\/sk\/wp-json\/wp\/v2\/comments?post=415"}],"version-history":[{"count":29,"href":"https:\/\/www.enjoyslovakiasoul.com\/sk\/wp-json\/wp\/v2\/pages\/415\/revisions"}],"predecessor-version":[{"id":560,"href":"https:\/\/www.enjoyslovakiasoul.com\/sk\/wp-json\/wp\/v2\/pages\/415\/revisions\/560"}],"wp:attachment":[{"href":"https:\/\/www.enjoyslovakiasoul.com\/sk\/wp-json\/wp\/v2\/media?parent=415"}],"curies":[{"name":"wp","href":"https:\/\/api.w.org\/{rel}","templated":true}]}}