
{"id":417,"date":"2011-05-18T10:10:03","date_gmt":"2011-05-18T10:10:03","guid":{"rendered":"http:\/\/www.enjoyslovakiasoul.com\/?page_id=417"},"modified":"2011-05-21T06:22:53","modified_gmt":"2011-05-21T06:22:53","slug":"winter","status":"publish","type":"page","link":"https:\/\/www.enjoyslovakiasoul.com\/sk\/winter\/","title":{"rendered":"Zima- Zoznam Podujat\u00ed na Slovensku"},"content":{"rendered":"<p><\/p>\n<p style=\"text-align: center;\">Pon\u00fakame v\u00e1m tie najkraj\u0161ie tradi\u010dn\u00e9, kul\u00farne a \u0161portov\u00e9 podujatia,   ktor\u00e9 s nami m\u00f4\u017eete nav\u0161t\u00edvi\u0165. Ak m\u00e1te z\u00e1ujem alebo ak\u00e9ko\u013evek ot\u00e1zky <a title=\"Kontakt\" href=\"..\/?page_id=17&amp;lang=sk\">kontaktujte n\u00e1s<\/a>. Radi uv\u00edtame ak\u00e9ko\u013evek va\u0161e  koment\u00e1re, \u017eiadosti a inform\u00e1cie o podujatiach na Slovensku: <a href=\"mailto:info@enjoyslovakiasoul.com\">info@enjoyslovakiasoul.com<\/a>. Te\u0161\u00edme sa na stretnutie s vami!<\/p>\n<p>&nbsp;<\/p>\n<p><a href=\"http:\/\/www.enjoyslovakiasoul.com\/wp-content\/uploads\/Preteky-ps\u00edch-z\u00e1prahov-VE\u013dK\u00c1-CENA-ZUBERCA.jpg\"><img decoding=\"async\" loading=\"lazy\" title=\"Preteky ps\u00edch z\u00e1prahov \" src=\"http:\/\/www.enjoyslovakiasoul.com\/wp-content\/uploads\/Preteky-ps\u00edch-z\u00e1prahov-VE\u013dK\u00c1-CENA-ZUBERCA-150x150.jpg\" alt=\"\" width=\"150\" height=\"150\" \/><\/a><a href=\"http:\/\/www.enjoyslovakiasoul.com\/wp-content\/uploads\/VE\u010cERN\u00c9-PROGRAMY-V-M\u00daZEU-ORAVSKEJ-DEDINY.-Za\u017eite-\u010darovn\u00fd-ve\u010der-v-najkraj\u0161om-m\u00fazeu-na-Slovensku.jpg\"><img decoding=\"async\" loading=\"lazy\" title=\"M\u00daZEU ORAVSKEJ DEDINY\" src=\"http:\/\/www.enjoyslovakiasoul.com\/wp-content\/uploads\/VE\u010cERN\u00c9-PROGRAMY-V-M\u00daZEU-ORAVSKEJ-DEDINY.-Za\u017eite-\u010darovn\u00fd-ve\u010der-v-najkraj\u0161om-m\u00fazeu-na-Slovensku-150x150.jpg\" alt=\"\" width=\"150\" height=\"150\" \/><\/a><a href=\"http:\/\/www.enjoyslovakiasoul.com\/wp-content\/uploads\/Na-Orave-Vianoce-ako-festival-zvykov-a-remesiel.jpg\"><img decoding=\"async\" loading=\"lazy\" title=\"Na Orave Vianoce ako festival zvykov a remesiel\" src=\"http:\/\/www.enjoyslovakiasoul.com\/wp-content\/uploads\/Na-Orave-Vianoce-ako-festival-zvykov-a-remesiel-150x150.jpg\" alt=\"\" width=\"150\" height=\"150\" \/><\/a><\/p>\n<h2>\u201eO cenu P\u00e1lenice\u201c No\u010dn\u00fd skialpinistick\u00fd pretek<\/h2>\n<p>Febru\u00e1r, 2011<\/p>\n<p>No\u010dn\u00fd skialpinistick\u00fd pretek- 6. Ro\u010dn\u00edk. Sprievodn\u00e9 podujate je v  ly\u017eiarskom stredisku Janovky v\u00a0Z\u00e1padn\u00fdch Tatr\u00e1ch. Organiz\u00e1tori V\u00e1s  srde\u010dne poz\u00fdvaj\u00fa!<\/p>\n<h2>\u201eOkolo Zuberca\u201c- Tradi\u010dn\u00fd prechod okolo Zuberca na be\u017ek\u00e1ch<\/h2>\n<p>Febru\u00e1r, 2011<\/p>\n<p>\u201eOkolo Zuberca\u201c- Tradi\u010dn\u00fd popul\u00e1rny prechod okolo Zuberca na be\u017ek\u00e1ch,  ka\u017edoro\u010dne sa usporiaduv\u00e1va vo febru\u00e1ri, je viazan\u00ed na ide\u00e1lne snehov\u00e9  podmienky, preto d\u00e1tum nie je ur\u010den\u00fd. Srde\u010dne V\u00e1s poz\u00fdvame. Pre\u017eijete  ve\u013ea z\u00e1bavy a spozn\u00e1te kult\u00faru dom\u00e1cich \u013eud\u00ed, ktor\u00fd s\u00fa zn\u00e1my svoj\u00edm  humorom a dobrosrde\u010dnos\u0165ou.<\/p>\n<h2>Ve\u010dern\u00e9 programy v \u010darovnom a najkraj\u0161om m\u00fazeu oravskej dediny na Slovensku<\/h2>\n<p>Janu\u00e1r-Marec, 2011<\/p>\n<p>Atmosf\u00e9ru ve\u010dernej prech\u00e1dzky po starej oravskej dedine si m\u00f4\u017eu  n\u00e1v\u0161tevn\u00edci vychutna\u0165 v r\u00e1mci programov \u201eVe\u010der v m\u00fazeu\u201c, ktor\u00e9 sa v  M\u00fazeu oravskej dediny konaj\u00fa po\u010das zimnej sez\u00f3ny ka\u017ed\u00fa stredu (v pr\u00edpade  z\u00e1ujmu aj v piatok). V r\u00e1mci programu absolvuj\u00fa n\u00e1v\u0161tevn\u00edci prehliadku  m\u00fazea so za\u017eat\u00fdmi lamp\u00e1\u0161mi s humorn\u00fdm i v\u00e1\u017enym sprievodn\u00fdm slovom,  vypo\u010duj\u00fa si kr\u00e1tke skladby na organe v drevenom kostole zo Z\u00e1bre\u017ee a po  prehliadke ich \u010dak\u00e1 posedenie pri \u013eudovej hudbe a medovine s pr\u00edjemnou  z\u00e1bavou.<\/p>\n<h2>Na Orave Vianoce ako festival zvykov a remesiel<\/h2>\n<p>December 17-19, 2011<\/p>\n<p>Viano\u010dn\u00e9 piesne, vin\u0161e, zvyky i betlehemsk\u00e9 hry prines\u00fa do Doln\u00e9ho  Kub\u00edna, Zuberca i Habovky \u00fa\u010dinkuj\u00faci Medzin\u00e1rodn\u00e9ho festivalu viano\u010dn\u00fdch  zvykov a remesiel. Organiz\u00e1tori pripravili\u00a0 pre div\u00e1kov atrakt\u00edvny  trojd\u0148ov\u00fd program, ktor\u00fd v decembry pon\u00faka s\u00fa\u0165a\u017e betlehemsk\u00fdch a  koledn\u00edckych skup\u00edn, sc\u00e9nick\u00e9 zvykoslovn\u00e9 programy, jarmok \u013eudov\u00fdch  remesiel, tvoriv\u00e9 dielne i v\u00fdstavu.<\/p>\n<p>Bud\u00fa \u0161perk\u00e1ri, rezb\u00e1ri, v\u00fdrobcovia \u013eudov\u00fdch hudobn\u00fdch n\u00e1strojov,  tk\u00e1\u010di, medovnik\u00e1ri drot\u00e1ri, debn\u00e1ri, skl\u00e1ri i \u010fal\u0161\u00ed, do jej tajov na  tvoriv\u00fdch diel\u0148ach zasv\u00e4cova\u0165 aj deti. Popoludn\u00ed, od 15.00 hodiny  viano\u010dn\u00fa atmosf\u00e9ru jarmoku o\u017eivia svojim programom betlehemci a  koledn\u00edci.<\/p>\n<h2>Mikul\u00e1\u0161 na Oravskom hrade<\/h2>\n<p>December, 2011<\/p>\n<p>N\u00e1v\u0161tevn\u00edkov na hrade Mikul\u00e1\u0161 v pr\u00edjemnej predviano\u010dnej atmosf\u00e9re s  v\u00f4\u0148ou ihli\u010dia, kapustnice, viano\u010dn\u00fdch dobr\u00f4t i medoviny. Na hlavnom  n\u00e1dvor\u00ed nebud\u00fa ch\u00fdba\u0165 st\u00e1nky s remeseln\u00edkmi a s ob\u010derstven\u00edm,  n\u00e1v\u0161tevn\u00edci bud\u00fa ma\u0165 mo\u017enos\u0165 vidie\u0165 a vysk\u00fa\u0161a\u0165 si dnes u\u017e netradi\u010dn\u00fa  v\u00fdrobu viano\u010dn\u00fdch \u010dokol\u00e1dov\u00fdch kolekcii, v\u00fdrobu viano\u010dn\u00fdch opl\u00e1tok a  pod. Sviato\u010dn\u00fa Mikul\u00e1\u0161sku atmosf\u00e9ru bude dotv\u00e1ra\u0165 v\u00fdborn\u00e1 \u013eudov\u00e1 hudba  F\u013eaj\u0161ovan.<\/p>\n<h2>\u201eZubersk\u00e1 for\u0161ta\u201c Snowboardov\u00e9 preteky v ly\u017eiarskom stredisku Zuberec<\/h2>\n<p>Marec, 2011<\/p>\n<p>Snowboardov\u00e9 preteky v ly\u017eiarskom stredisku Zuberec- Janovky<strong> <\/strong><\/p>\n<h2>Preteky ps\u00edch z\u00e1prahov<\/h2>\n<p>Marec, 2011<\/p>\n<p>Dejiskom pretekov ps\u00edch z\u00e1prahov bude op\u00e4\u0165 are\u00e1l M\u00fazea oravskej dediny v Zuberci na Brestovej.<\/p>\n<p>Daj\u00fa si tu stretnutie ma\u0161\u00e9ri so svojimi psami nielen zo Slovenska,  ale aj zahrani\u010dia. Budeme svedkami odvek\u00e9ho oddan\u00e9ho priate\u013estva \u010dloveka  a psa. Vychutn\u00e1me si r\u00fdchle \u0161tarty, k\u00fazlo sily, vytrvalosti, elegancie,  \u010di \u00fa\u017easn\u00fa s\u00fahru ps\u00edch z\u00e1prahov.<\/p>\n<p>&nbsp;<\/p>","protected":false},"excerpt":{"rendered":"<p>Pon\u00fakame v\u00e1m tie najkraj\u0161ie tradi\u010dn\u00e9, kul\u00farne a \u0161portov\u00e9 podujatia, ktor\u00e9 s nami m\u00f4\u017eete nav\u0161t\u00edvi\u0165. Ak m\u00e1te z\u00e1ujem alebo ak\u00e9ko\u013evek ot\u00e1zky kontaktujte n\u00e1s. Radi uv\u00edtame ak\u00e9ko\u013evek va\u0161e koment\u00e1re, \u017eiadosti a inform\u00e1cie o podujatiach na Slovensku: info@enjoyslovakiasoul.com. Te\u0161\u00edme sa na stretnutie s vami! &nbsp; \u201eO cenu P\u00e1lenice\u201c No\u010dn\u00fd skialpinistick\u00fd pretek Febru\u00e1r, 2011 No\u010dn\u00fd skialpinistick\u00fd pretek- 6. Ro\u010dn\u00edk. [&hellip;]<\/p>\n","protected":false},"author":1,"featured_media":0,"parent":0,"menu_order":0,"comment_status":"open","ping_status":"open","template":"","meta":{"ngg_post_thumbnail":0},"yoast_head":"<!-- This site is optimized with the Yoast SEO plugin v20.3 - https:\/\/yoast.com\/wordpress\/plugins\/seo\/ -->\n<title>Zima- Zoznam Podujat\u00ed na Slovensku - EST Frontier Slovakia<\/title>\n<meta name=\"robots\" content=\"index, follow, max-snippet:-1, max-image-preview:large, max-video-preview:-1\" \/>\n<link rel=\"canonical\" href=\"https:\/\/www.enjoyslovakiasoul.com\/winter\/\" \/>\n<meta property=\"og:locale\" content=\"sk_SK\" \/>\n<meta property=\"og:type\" content=\"article\" \/>\n<meta property=\"og:title\" content=\"Zima- Zoznam Podujat\u00ed na Slovensku - EST Frontier Slovakia\" \/>\n<meta property=\"og:description\" content=\"Pon\u00fakame v\u00e1m tie najkraj\u0161ie tradi\u010dn\u00e9, kul\u00farne a \u0161portov\u00e9 podujatia, ktor\u00e9 s nami m\u00f4\u017eete nav\u0161t\u00edvi\u0165. Ak m\u00e1te z\u00e1ujem alebo ak\u00e9ko\u013evek ot\u00e1zky kontaktujte n\u00e1s. Radi uv\u00edtame ak\u00e9ko\u013evek va\u0161e koment\u00e1re, \u017eiadosti a inform\u00e1cie o podujatiach na Slovensku: info@enjoyslovakiasoul.com. Te\u0161\u00edme sa na stretnutie s vami! &nbsp; \u201eO cenu P\u00e1lenice\u201c No\u010dn\u00fd skialpinistick\u00fd pretek Febru\u00e1r, 2011 No\u010dn\u00fd skialpinistick\u00fd pretek- 6. Ro\u010dn\u00edk. [&hellip;]\" \/>\n<meta property=\"og:url\" content=\"https:\/\/www.enjoyslovakiasoul.com\/winter\/\" \/>\n<meta property=\"og:site_name\" content=\"EST Frontier Slovakia\" \/>\n<meta property=\"article:modified_time\" content=\"2011-05-21T06:22:53+00:00\" \/>\n<meta property=\"og:image\" content=\"http:\/\/www.enjoyslovakiasoul.com\/wp-content\/uploads\/Na-Orave-Vianoce-ako-festival-zvykov-a-remesiel-150x150.jpg\" \/>\n<meta name=\"twitter:card\" content=\"summary_large_image\" \/>\n<meta name=\"twitter:label1\" content=\"Predpokladan\u00fd \u010das \u010d\u00edtania\" \/>\n\t<meta name=\"twitter:data1\" content=\"6 min\u00fat\" \/>\n<script type=\"application\/ld+json\" class=\"yoast-schema-graph\">{\"@context\":\"https:\/\/schema.org\",\"@graph\":[{\"@type\":\"WebPage\",\"@id\":\"https:\/\/www.enjoyslovakiasoul.com\/winter\/\",\"url\":\"https:\/\/www.enjoyslovakiasoul.com\/winter\/\",\"name\":\"Zima- Zoznam Podujat\u00ed na Slovensku - EST Frontier Slovakia\",\"isPartOf\":{\"@id\":\"https:\/\/www.enjoyslovakiasoul.com\/#website\"},\"datePublished\":\"2011-05-18T10:10:03+00:00\",\"dateModified\":\"2011-05-21T06:22:53+00:00\",\"breadcrumb\":{\"@id\":\"https:\/\/www.enjoyslovakiasoul.com\/winter\/#breadcrumb\"},\"inLanguage\":\"sk-SK\",\"potentialAction\":[{\"@type\":\"ReadAction\",\"target\":[\"https:\/\/www.enjoyslovakiasoul.com\/winter\/\"]}]},{\"@type\":\"BreadcrumbList\",\"@id\":\"https:\/\/www.enjoyslovakiasoul.com\/winter\/#breadcrumb\",\"itemListElement\":[{\"@type\":\"ListItem\",\"position\":1,\"name\":\"Home\",\"item\":\"https:\/\/www.enjoyslovakiasoul.com\/\"},{\"@type\":\"ListItem\",\"position\":2,\"name\":\"Winter- Slovakia Calendar of Events\"}]},{\"@type\":\"WebSite\",\"@id\":\"https:\/\/www.enjoyslovakiasoul.com\/#website\",\"url\":\"https:\/\/www.enjoyslovakiasoul.com\/\",\"name\":\"EST Frontier Slovakia\",\"description\":\"Fun, Relax, Adventure\",\"potentialAction\":[{\"@type\":\"SearchAction\",\"target\":{\"@type\":\"EntryPoint\",\"urlTemplate\":\"https:\/\/www.enjoyslovakiasoul.com\/?s={search_term_string}\"},\"query-input\":\"required name=search_term_string\"}],\"inLanguage\":\"sk-SK\"}]}<\/script>\n<!-- \/ Yoast SEO plugin. -->","yoast_head_json":{"title":"Zima- Zoznam Podujat\u00ed na Slovensku - EST Frontier Slovakia","robots":{"index":"index","follow":"follow","max-snippet":"max-snippet:-1","max-image-preview":"max-image-preview:large","max-video-preview":"max-video-preview:-1"},"canonical":"https:\/\/www.enjoyslovakiasoul.com\/winter\/","og_locale":"sk_SK","og_type":"article","og_title":"Zima- Zoznam Podujat\u00ed na Slovensku - EST Frontier Slovakia","og_description":"Pon\u00fakame v\u00e1m tie najkraj\u0161ie tradi\u010dn\u00e9, kul\u00farne a \u0161portov\u00e9 podujatia, ktor\u00e9 s nami m\u00f4\u017eete nav\u0161t\u00edvi\u0165. Ak m\u00e1te z\u00e1ujem alebo ak\u00e9ko\u013evek ot\u00e1zky kontaktujte n\u00e1s. Radi uv\u00edtame ak\u00e9ko\u013evek va\u0161e koment\u00e1re, \u017eiadosti a inform\u00e1cie o podujatiach na Slovensku: info@enjoyslovakiasoul.com. Te\u0161\u00edme sa na stretnutie s vami! &nbsp; \u201eO cenu P\u00e1lenice\u201c No\u010dn\u00fd skialpinistick\u00fd pretek Febru\u00e1r, 2011 No\u010dn\u00fd skialpinistick\u00fd pretek- 6. Ro\u010dn\u00edk. [&hellip;]","og_url":"https:\/\/www.enjoyslovakiasoul.com\/winter\/","og_site_name":"EST Frontier Slovakia","article_modified_time":"2011-05-21T06:22:53+00:00","og_image":[{"url":"http:\/\/www.enjoyslovakiasoul.com\/wp-content\/uploads\/Na-Orave-Vianoce-ako-festival-zvykov-a-remesiel-150x150.jpg"}],"twitter_card":"summary_large_image","twitter_misc":{"Predpokladan\u00fd \u010das \u010d\u00edtania":"6 min\u00fat"},"schema":{"@context":"https:\/\/schema.org","@graph":[{"@type":"WebPage","@id":"https:\/\/www.enjoyslovakiasoul.com\/winter\/","url":"https:\/\/www.enjoyslovakiasoul.com\/winter\/","name":"Zima- Zoznam Podujat\u00ed na Slovensku - EST Frontier Slovakia","isPartOf":{"@id":"https:\/\/www.enjoyslovakiasoul.com\/#website"},"datePublished":"2011-05-18T10:10:03+00:00","dateModified":"2011-05-21T06:22:53+00:00","breadcrumb":{"@id":"https:\/\/www.enjoyslovakiasoul.com\/winter\/#breadcrumb"},"inLanguage":"sk-SK","potentialAction":[{"@type":"ReadAction","target":["https:\/\/www.enjoyslovakiasoul.com\/winter\/"]}]},{"@type":"BreadcrumbList","@id":"https:\/\/www.enjoyslovakiasoul.com\/winter\/#breadcrumb","itemListElement":[{"@type":"ListItem","position":1,"name":"Home","item":"https:\/\/www.enjoyslovakiasoul.com\/"},{"@type":"ListItem","position":2,"name":"Winter- Slovakia Calendar of Events"}]},{"@type":"WebSite","@id":"https:\/\/www.enjoyslovakiasoul.com\/#website","url":"https:\/\/www.enjoyslovakiasoul.com\/","name":"EST Frontier Slovakia","description":"Fun, Relax, Adventure","potentialAction":[{"@type":"SearchAction","target":{"@type":"EntryPoint","urlTemplate":"https:\/\/www.enjoyslovakiasoul.com\/?s={search_term_string}"},"query-input":"required name=search_term_string"}],"inLanguage":"sk-SK"}]}},"_links":{"self":[{"href":"https:\/\/www.enjoyslovakiasoul.com\/sk\/wp-json\/wp\/v2\/pages\/417"}],"collection":[{"href":"https:\/\/www.enjoyslovakiasoul.com\/sk\/wp-json\/wp\/v2\/pages"}],"about":[{"href":"https:\/\/www.enjoyslovakiasoul.com\/sk\/wp-json\/wp\/v2\/types\/page"}],"author":[{"embeddable":true,"href":"https:\/\/www.enjoyslovakiasoul.com\/sk\/wp-json\/wp\/v2\/users\/1"}],"replies":[{"embeddable":true,"href":"https:\/\/www.enjoyslovakiasoul.com\/sk\/wp-json\/wp\/v2\/comments?post=417"}],"version-history":[{"count":11,"href":"https:\/\/www.enjoyslovakiasoul.com\/sk\/wp-json\/wp\/v2\/pages\/417\/revisions"}],"predecessor-version":[{"id":723,"href":"https:\/\/www.enjoyslovakiasoul.com\/sk\/wp-json\/wp\/v2\/pages\/417\/revisions\/723"}],"wp:attachment":[{"href":"https:\/\/www.enjoyslovakiasoul.com\/sk\/wp-json\/wp\/v2\/media?parent=417"}],"curies":[{"name":"wp","href":"https:\/\/api.w.org\/{rel}","templated":true}]}}