
{"id":42,"date":"2011-05-16T08:07:16","date_gmt":"2011-05-16T08:07:16","guid":{"rendered":"http:\/\/www.enjoyslovakiasoul.com\/?page_id=42"},"modified":"2013-01-12T23:50:44","modified_gmt":"2013-01-12T23:50:44","slug":"rock-climbing-tours","status":"publish","type":"page","link":"https:\/\/www.enjoyslovakiasoul.com\/sk\/outdoor\/active-outdoor-enthusiasts-tours\/rock-climbing-tours\/","title":{"rendered":"Horolezectvo"},"content":{"rendered":"<p><\/p>\n<p style=\"text-align: center;\"><a href=\"http:\/\/www.enjoyslovakiasoul.com\/wp-content\/uploads\/Zmena.jpg\"><img decoding=\"async\" loading=\"lazy\" class=\"aligncenter size-full wp-image-269\" title=\"Climbing\" src=\"http:\/\/www.enjoyslovakiasoul.com\/wp-content\/uploads\/Zmena.jpg\" alt=\"\" width=\"615\" height=\"260\" srcset=\"https:\/\/www.enjoyslovakiasoul.com\/wp-content\/uploads\/Zmena.jpg 615w, https:\/\/www.enjoyslovakiasoul.com\/wp-content\/uploads\/Zmena-300x126.jpg 300w\" sizes=\"(max-width: 615px) 100vw, 615px\" \/><\/a><\/p>\n<p style=\"text-align: center;\"><span style=\"color: #008000;\"><strong>Vychutnaj si s\u00a0nami nezabudnute\u013en\u00e9 chv\u00edle pri zdol\u00e1van\u00ed sk\u00e1l na najkraj\u0161\u00edch slovensk\u00fdch hor\u00e1ch v tradi\u010dnej slovenskej atmosf\u00e9re..<\/strong><\/span><\/p>\n<p style=\"text-align: center;\"><span style=\"color: #008000;\"><strong><\/p>\n<p><\/strong><\/span><\/p>\n<p>Rozm\u00fd\u0161\u013eate nad zdol\u00e1van\u00edm sk\u00e1l, horolezectve, v\u00a0kr\u00e1snom prostred\u00ed vysok\u00fdch h\u00f4r a a\u00a0slnkom zaliatych \u0161t\u00edtov s\u00a0tradi\u010dnou slovenskou atmosf\u00e9rou, veselou \u013eudovou z\u00e1bavou a chutn\u00fdm slovensk\u00fdm jedlom? Potom ste na spr\u00e1vnej ceste\u2026<\/p>\n<p><a href=\"http:\/\/www.enjoyslovakiasoul.com\/wp-content\/uploads\/motiv-wanderkarte.jpg\"><img decoding=\"async\" loading=\"lazy\" class=\"alignleft size-thumbnail wp-image-270\" title=\"Climbing\" src=\"http:\/\/www.enjoyslovakiasoul.com\/wp-content\/uploads\/motiv-wanderkarte-150x150.jpg\" alt=\"\" width=\"150\" height=\"150\" \/><\/a>Milujete horolezectvo na strm\u00fdch skaln\u00fdch sten\u00e1ch, ktor\u00e9 v\u00e1s zbl\u00ed\u017eia s pr\u00edrodou? Alebo ste celkom za\u010diato\u010dn\u00edk, pokia\u013e ide o lezenie? V\u00a0tejto malej krajine s\u00a0ve\u013ek\u00fdm srdcom v\u00a0strede Eur\u00f3py sa postar\u00e1me o to, aby ste za\u017eili nezabudnuteln\u00e9 horolezeck\u00e9 momenty a relax v\u00a0tichej \u010distej pr\u00edrode na t\u00fdch najsc\u00e9nickej\u0161\u00edch hor\u00e1ch v\u00a0najkraj\u0161\u00edch horsk\u00fdch regi\u00f3noch Slovenska. Tie\u017e sa postar\u00e1me o to, aby ste po\u010das v\u00e1\u0161ho vo\u013en\u00e9ho \u010dasu spoznali\u00a0 prad\u00e1vne trad\u00edcie a kult\u00faru slovensk\u00e9ho n\u00e1roda. V okol\u00ed Oravy a\u00a0Liptova existuje ve\u013ea mo\u017enost\u00ed na horolezenie a tie\u017e m\u00e1te mo\u017enos\u0165 toto v\u0161etko\u00a0 spozna\u0165 aj za \u00fa\u010dasti horsk\u00e9ho sprievodcu, alebo sa z\u00fa\u010dastnite na r\u00f4znych predn\u00e1\u0161kach o horolezectve. Ak si chcete vysk\u00fa\u0161a\u0165 svoje limity na umelej lezeckej stene, pon\u00fakneme v\u00e1m tie najlep\u0161ie mo\u017enosti. Pros\u00edm, nev\u00e1hajte samozrejme kontaktova\u0165 n\u00e1s pre \u010fal\u0161ie inform\u00e1cie!<\/p>\n<p><strong><strong>EST Frontier Slovakia, travel agency,<\/strong>\u00a0<\/strong>V\u00e1m pon\u00faka z\u00a0v\u00fd\u0161in nazrie\u0165\u00a0 do tajomstiev pr\u00edrody, za\u017ei\u0165 neopakovate\u013en\u00fa sk\u00fasenos\u0165 pri <a href=\"http:\/\/www.enjoyslovakiasoul.com\/wp-content\/uploads\/zaverZmena.jpg\"><img decoding=\"async\" loading=\"lazy\" class=\"size-thumbnail wp-image-272 alignright\" title=\"Climbing\" src=\"http:\/\/www.enjoyslovakiasoul.com\/wp-content\/uploads\/zaverZmena-150x150.jpg\" alt=\"\" width=\"150\" height=\"150\" \/><\/a>horolezectve, po\u010das ktor\u00e9ho m\u00f4\u017eete zahliadnu\u0165 horsk\u00fa zver a vidie\u0165 o\u010daruj\u00face horsk\u00e9 jazer\u00e1 a vodop\u00e1dy. Za\u017eite s\u00a0nami neopakovate\u013en\u00fd relax, ubytujeme V\u00e1s v\u00a0slovenskej tradi\u010dnej kolibe, ochutn\u00e1te tradi\u010dn\u00e9 slovensk\u00e9 jedl\u00e1, za\u017eijete prav\u00fa slovensk\u00fa kult\u00faru a z\u00e1bavu pri \u017eivej \u013eudovej hudbe, nazriete do sveta na\u0161ich prad\u00e1vnzch trad\u00edci\u00ed alebo si len tak u\u017e\u00edvajte romantick\u00e9 prostredie a spozn\u00e1vajte kr\u00e1sy na\u0161ej malej ve\u013ekej krajiny.<\/p>\n<p>Ak m\u00e1te z\u00e1ujem o dovolenku na Slovensku s\u00a0<strong>EST Frontier Slovakia, travel agency<\/strong>, nev\u00e1hajte a <a title=\"Kontakt\" href=\"..\/?page_id=17&amp;lang=sk\">kontaktujte n\u00e1s<\/a>. Povedzte n\u00e1m svoje predstavy a my sa budeme sna\u017ei\u0165 splni\u0165 v\u00e1m ich a obohati\u0165 ich o na\u0161e sk\u00fasenosti. <strong>Zabezpe\u010d\u00edme pre v\u00e1s cel\u00fd program, od dopravy z\u00a0letiska \u00a0a\u017e po ubytovanie v\u00a0tradi\u010dnom slovenskom prostred\u00ed, aby ste pre\u017eili nie len nezabudnute\u013en\u00e9 chv\u00edle v slovensk\u00fdch hor\u00e1ch, ale aby ste spoznali aj trad\u00edcie slovenskej kult\u00fary.<\/strong><\/p>","protected":false},"excerpt":{"rendered":"<p>Vychutnaj si s\u00a0nami nezabudnute\u013en\u00e9 chv\u00edle pri zdol\u00e1van\u00ed sk\u00e1l na najkraj\u0161\u00edch slovensk\u00fdch hor\u00e1ch v tradi\u010dnej slovenskej atmosf\u00e9re.. Rozm\u00fd\u0161\u013eate nad zdol\u00e1van\u00edm sk\u00e1l, horolezectve, v\u00a0kr\u00e1snom prostred\u00ed vysok\u00fdch h\u00f4r a a\u00a0slnkom zaliatych \u0161t\u00edtov s\u00a0tradi\u010dnou slovenskou atmosf\u00e9rou, veselou \u013eudovou z\u00e1bavou a chutn\u00fdm slovensk\u00fdm jedlom? Potom ste na spr\u00e1vnej ceste\u2026 Milujete horolezectvo na strm\u00fdch skaln\u00fdch sten\u00e1ch, ktor\u00e9 v\u00e1s zbl\u00ed\u017eia s pr\u00edrodou? [&hellip;]<\/p>\n","protected":false},"author":1,"featured_media":0,"parent":19,"menu_order":0,"comment_status":"open","ping_status":"open","template":"","meta":{"ngg_post_thumbnail":0},"yoast_head":"<!-- This site is optimized with the Yoast SEO plugin v20.3 - https:\/\/yoast.com\/wordpress\/plugins\/seo\/ -->\n<title>Horolezectvo - EST Frontier Slovakia<\/title>\n<meta name=\"robots\" content=\"index, follow, max-snippet:-1, max-image-preview:large, max-video-preview:-1\" \/>\n<link rel=\"canonical\" href=\"https:\/\/www.enjoyslovakiasoul.com\/outdoor\/active-outdoor-enthusiasts-tours\/rock-climbing-tours\/\" \/>\n<meta property=\"og:locale\" content=\"sk_SK\" \/>\n<meta property=\"og:type\" content=\"article\" \/>\n<meta property=\"og:title\" content=\"Horolezectvo - EST Frontier Slovakia\" \/>\n<meta property=\"og:description\" content=\"Vychutnaj si s\u00a0nami nezabudnute\u013en\u00e9 chv\u00edle pri zdol\u00e1van\u00ed sk\u00e1l na najkraj\u0161\u00edch slovensk\u00fdch hor\u00e1ch v tradi\u010dnej slovenskej atmosf\u00e9re.. Rozm\u00fd\u0161\u013eate nad zdol\u00e1van\u00edm sk\u00e1l, horolezectve, v\u00a0kr\u00e1snom prostred\u00ed vysok\u00fdch h\u00f4r a a\u00a0slnkom zaliatych \u0161t\u00edtov s\u00a0tradi\u010dnou slovenskou atmosf\u00e9rou, veselou \u013eudovou z\u00e1bavou a chutn\u00fdm slovensk\u00fdm jedlom? Potom ste na spr\u00e1vnej ceste\u2026 Milujete horolezectvo na strm\u00fdch skaln\u00fdch sten\u00e1ch, ktor\u00e9 v\u00e1s zbl\u00ed\u017eia s pr\u00edrodou? [&hellip;]\" \/>\n<meta property=\"og:url\" content=\"https:\/\/www.enjoyslovakiasoul.com\/outdoor\/active-outdoor-enthusiasts-tours\/rock-climbing-tours\/\" \/>\n<meta property=\"og:site_name\" content=\"EST Frontier Slovakia\" \/>\n<meta property=\"article:modified_time\" content=\"2013-01-12T23:50:44+00:00\" \/>\n<meta property=\"og:image\" content=\"http:\/\/www.enjoyslovakiasoul.com\/wp-content\/uploads\/Zmena.jpg\" \/>\n<meta name=\"twitter:card\" content=\"summary_large_image\" \/>\n<meta name=\"twitter:label1\" content=\"Predpokladan\u00fd \u010das \u010d\u00edtania\" \/>\n\t<meta name=\"twitter:data1\" content=\"4 min\u00faty\" \/>\n<script type=\"application\/ld+json\" class=\"yoast-schema-graph\">{\"@context\":\"https:\/\/schema.org\",\"@graph\":[{\"@type\":\"WebPage\",\"@id\":\"https:\/\/www.enjoyslovakiasoul.com\/outdoor\/active-outdoor-enthusiasts-tours\/rock-climbing-tours\/\",\"url\":\"https:\/\/www.enjoyslovakiasoul.com\/outdoor\/active-outdoor-enthusiasts-tours\/rock-climbing-tours\/\",\"name\":\"Horolezectvo - EST Frontier Slovakia\",\"isPartOf\":{\"@id\":\"https:\/\/www.enjoyslovakiasoul.com\/#website\"},\"datePublished\":\"2011-05-16T08:07:16+00:00\",\"dateModified\":\"2013-01-12T23:50:44+00:00\",\"breadcrumb\":{\"@id\":\"https:\/\/www.enjoyslovakiasoul.com\/outdoor\/active-outdoor-enthusiasts-tours\/rock-climbing-tours\/#breadcrumb\"},\"inLanguage\":\"sk-SK\",\"potentialAction\":[{\"@type\":\"ReadAction\",\"target\":[\"https:\/\/www.enjoyslovakiasoul.com\/outdoor\/active-outdoor-enthusiasts-tours\/rock-climbing-tours\/\"]}]},{\"@type\":\"BreadcrumbList\",\"@id\":\"https:\/\/www.enjoyslovakiasoul.com\/outdoor\/active-outdoor-enthusiasts-tours\/rock-climbing-tours\/#breadcrumb\",\"itemListElement\":[{\"@type\":\"ListItem\",\"position\":1,\"name\":\"Home\",\"item\":\"https:\/\/www.enjoyslovakiasoul.com\/\"},{\"@type\":\"ListItem\",\"position\":2,\"name\":\"Outdoor\",\"item\":\"https:\/\/www.enjoyslovakiasoul.com\/outdoor\/\"},{\"@type\":\"ListItem\",\"position\":3,\"name\":\"Outdoor Activities\",\"item\":\"https:\/\/www.enjoyslovakiasoul.com\/outdoor\/active-outdoor-enthusiasts-tours\/\"},{\"@type\":\"ListItem\",\"position\":4,\"name\":\"Rock Climbing\"}]},{\"@type\":\"WebSite\",\"@id\":\"https:\/\/www.enjoyslovakiasoul.com\/#website\",\"url\":\"https:\/\/www.enjoyslovakiasoul.com\/\",\"name\":\"EST Frontier Slovakia\",\"description\":\"Fun, Relax, Adventure\",\"potentialAction\":[{\"@type\":\"SearchAction\",\"target\":{\"@type\":\"EntryPoint\",\"urlTemplate\":\"https:\/\/www.enjoyslovakiasoul.com\/?s={search_term_string}\"},\"query-input\":\"required name=search_term_string\"}],\"inLanguage\":\"sk-SK\"}]}<\/script>\n<!-- \/ Yoast SEO plugin. -->","yoast_head_json":{"title":"Horolezectvo - EST Frontier Slovakia","robots":{"index":"index","follow":"follow","max-snippet":"max-snippet:-1","max-image-preview":"max-image-preview:large","max-video-preview":"max-video-preview:-1"},"canonical":"https:\/\/www.enjoyslovakiasoul.com\/outdoor\/active-outdoor-enthusiasts-tours\/rock-climbing-tours\/","og_locale":"sk_SK","og_type":"article","og_title":"Horolezectvo - EST Frontier Slovakia","og_description":"Vychutnaj si s\u00a0nami nezabudnute\u013en\u00e9 chv\u00edle pri zdol\u00e1van\u00ed sk\u00e1l na najkraj\u0161\u00edch slovensk\u00fdch hor\u00e1ch v tradi\u010dnej slovenskej atmosf\u00e9re.. Rozm\u00fd\u0161\u013eate nad zdol\u00e1van\u00edm sk\u00e1l, horolezectve, v\u00a0kr\u00e1snom prostred\u00ed vysok\u00fdch h\u00f4r a a\u00a0slnkom zaliatych \u0161t\u00edtov s\u00a0tradi\u010dnou slovenskou atmosf\u00e9rou, veselou \u013eudovou z\u00e1bavou a chutn\u00fdm slovensk\u00fdm jedlom? Potom ste na spr\u00e1vnej ceste\u2026 Milujete horolezectvo na strm\u00fdch skaln\u00fdch sten\u00e1ch, ktor\u00e9 v\u00e1s zbl\u00ed\u017eia s pr\u00edrodou? [&hellip;]","og_url":"https:\/\/www.enjoyslovakiasoul.com\/outdoor\/active-outdoor-enthusiasts-tours\/rock-climbing-tours\/","og_site_name":"EST Frontier Slovakia","article_modified_time":"2013-01-12T23:50:44+00:00","og_image":[{"url":"http:\/\/www.enjoyslovakiasoul.com\/wp-content\/uploads\/Zmena.jpg"}],"twitter_card":"summary_large_image","twitter_misc":{"Predpokladan\u00fd \u010das \u010d\u00edtania":"4 min\u00faty"},"schema":{"@context":"https:\/\/schema.org","@graph":[{"@type":"WebPage","@id":"https:\/\/www.enjoyslovakiasoul.com\/outdoor\/active-outdoor-enthusiasts-tours\/rock-climbing-tours\/","url":"https:\/\/www.enjoyslovakiasoul.com\/outdoor\/active-outdoor-enthusiasts-tours\/rock-climbing-tours\/","name":"Horolezectvo - EST Frontier Slovakia","isPartOf":{"@id":"https:\/\/www.enjoyslovakiasoul.com\/#website"},"datePublished":"2011-05-16T08:07:16+00:00","dateModified":"2013-01-12T23:50:44+00:00","breadcrumb":{"@id":"https:\/\/www.enjoyslovakiasoul.com\/outdoor\/active-outdoor-enthusiasts-tours\/rock-climbing-tours\/#breadcrumb"},"inLanguage":"sk-SK","potentialAction":[{"@type":"ReadAction","target":["https:\/\/www.enjoyslovakiasoul.com\/outdoor\/active-outdoor-enthusiasts-tours\/rock-climbing-tours\/"]}]},{"@type":"BreadcrumbList","@id":"https:\/\/www.enjoyslovakiasoul.com\/outdoor\/active-outdoor-enthusiasts-tours\/rock-climbing-tours\/#breadcrumb","itemListElement":[{"@type":"ListItem","position":1,"name":"Home","item":"https:\/\/www.enjoyslovakiasoul.com\/"},{"@type":"ListItem","position":2,"name":"Outdoor","item":"https:\/\/www.enjoyslovakiasoul.com\/outdoor\/"},{"@type":"ListItem","position":3,"name":"Outdoor Activities","item":"https:\/\/www.enjoyslovakiasoul.com\/outdoor\/active-outdoor-enthusiasts-tours\/"},{"@type":"ListItem","position":4,"name":"Rock Climbing"}]},{"@type":"WebSite","@id":"https:\/\/www.enjoyslovakiasoul.com\/#website","url":"https:\/\/www.enjoyslovakiasoul.com\/","name":"EST Frontier Slovakia","description":"Fun, Relax, Adventure","potentialAction":[{"@type":"SearchAction","target":{"@type":"EntryPoint","urlTemplate":"https:\/\/www.enjoyslovakiasoul.com\/?s={search_term_string}"},"query-input":"required name=search_term_string"}],"inLanguage":"sk-SK"}]}},"_links":{"self":[{"href":"https:\/\/www.enjoyslovakiasoul.com\/sk\/wp-json\/wp\/v2\/pages\/42"}],"collection":[{"href":"https:\/\/www.enjoyslovakiasoul.com\/sk\/wp-json\/wp\/v2\/pages"}],"about":[{"href":"https:\/\/www.enjoyslovakiasoul.com\/sk\/wp-json\/wp\/v2\/types\/page"}],"author":[{"embeddable":true,"href":"https:\/\/www.enjoyslovakiasoul.com\/sk\/wp-json\/wp\/v2\/users\/1"}],"replies":[{"embeddable":true,"href":"https:\/\/www.enjoyslovakiasoul.com\/sk\/wp-json\/wp\/v2\/comments?post=42"}],"version-history":[{"count":9,"href":"https:\/\/www.enjoyslovakiasoul.com\/sk\/wp-json\/wp\/v2\/pages\/42\/revisions"}],"predecessor-version":[{"id":3377,"href":"https:\/\/www.enjoyslovakiasoul.com\/sk\/wp-json\/wp\/v2\/pages\/42\/revisions\/3377"}],"up":[{"embeddable":true,"href":"https:\/\/www.enjoyslovakiasoul.com\/sk\/wp-json\/wp\/v2\/pages\/19"}],"wp:attachment":[{"href":"https:\/\/www.enjoyslovakiasoul.com\/sk\/wp-json\/wp\/v2\/media?parent=42"}],"curies":[{"name":"wp","href":"https:\/\/api.w.org\/{rel}","templated":true}]}}