
{"id":44,"date":"2011-05-16T08:08:09","date_gmt":"2011-05-16T08:08:09","guid":{"rendered":"http:\/\/www.enjoyslovakiasoul.com\/?page_id=44"},"modified":"2013-01-12T23:52:16","modified_gmt":"2013-01-12T23:52:16","slug":"treckking-and-hiking-tours","status":"publish","type":"page","link":"https:\/\/www.enjoyslovakiasoul.com\/sk\/outdoor\/active-outdoor-enthusiasts-tours\/treckking-and-hiking-tours\/","title":{"rendered":"Horsk\u00e1 Turistika"},"content":{"rendered":"<p><\/p>\n<p style=\"text-align: center;\"><a href=\"http:\/\/www.enjoyslovakiasoul.com\/wp-content\/uploads\/Untitled-1-copyZmena.jpg\"><img decoding=\"async\" loading=\"lazy\" class=\"aligncenter size-full wp-image-278\" title=\"Trekking and Hiking\" src=\"http:\/\/www.enjoyslovakiasoul.com\/wp-content\/uploads\/Untitled-1-copyZmena.jpg\" alt=\"\" width=\"615\" height=\"107\" srcset=\"https:\/\/www.enjoyslovakiasoul.com\/wp-content\/uploads\/Untitled-1-copyZmena.jpg 615w, https:\/\/www.enjoyslovakiasoul.com\/wp-content\/uploads\/Untitled-1-copyZmena-300x52.jpg 300w\" sizes=\"(max-width: 615px) 100vw, 615px\" \/><\/a><a href=\"http:\/\/www.enjoyslovakiasoul.com\/wp-content\/uploads\/Untitled-1\u011b-copyZmena.jpg\"><img decoding=\"async\" loading=\"lazy\" class=\"aligncenter size-full wp-image-279\" title=\"Trekking and Hiking\" src=\"http:\/\/www.enjoyslovakiasoul.com\/wp-content\/uploads\/Untitled-1\u011b-copyZmena.jpg\" alt=\"\" width=\"615\" height=\"107\" srcset=\"https:\/\/www.enjoyslovakiasoul.com\/wp-content\/uploads\/Untitled-1\u011b-copyZmena.jpg 615w, https:\/\/www.enjoyslovakiasoul.com\/wp-content\/uploads\/Untitled-1\u011b-copyZmena-300x52.jpg 300w\" sizes=\"(max-width: 615px) 100vw, 615px\" \/><\/a><span style=\"color: #008000;\"><strong>Vychutnaj si s\u00a0nami nezabudnute\u013en\u00fa turistiku na najkraj\u0161\u00edch slovensk\u00fdch hor\u00e1ch v tradi\u010dnej <\/strong><\/span><\/p>\n<p style=\"text-align: center;\"><span style=\"color: #008000;\"><strong>slovenskej atmosf\u00e9re..<\/strong><\/span><\/p>\n<p>Rozm\u00fd\u0161\u013eate nad turistikou v\u00a0kr\u00e1snom prostred\u00ed vysok\u00fdch h\u00f4r a a\u00a0slnkom zaliatych \u0161t\u00edtov s\u00a0tradi\u010dnou slovenskou atmosf\u00e9rou, veselou \u013eudovou z\u00e1bavou a chutn\u00fdm slovensk\u00fdm jedlom? Potom ste na spr\u00e1vnej ceste\u2026 Slovensk\u00e9 hory maj\u00fa najlep\u0161ie podmienky pre v\u0161etky druhy \u0161portov\u00fdch a oddychov\u00fdch aktiv\u00edt. Ka\u017ed\u00fd turista sn\u00edva o jednom celom dni str\u00e1venom na chrb\u00e1te h\u00f4r. V\u00a0slovensk\u00fdch hor\u00e1ch si tento sen \u013eahko spln\u00edte. V\u00a0tejto malej krajine s\u00a0ve\u013ek\u00fdm srdcom v\u00a0strede Eur\u00f3py sa postar\u00e1me o to, aby ste za\u017eili nezabudnuteln\u00e9 momenty a relax v\u00a0tichej \u010distej pr\u00edrode z\u00a0t\u00fdch najsc\u00e9nickej\u0161\u00edch a najkraj\u0161\u00edch \u0161t\u00edtov, no tie\u017e sa postar\u00e1me o to, aby ste spoznali\u00a0 prad\u00e1vne trad\u00edcie a kult\u00faru slovensk\u00e9ho n\u00e1roda.<\/p>\n<p><strong><a href=\"http:\/\/www.enjoyslovakiasoul.com\/wp-content\/uploads\/Zmena1.jpg\"><img decoding=\"async\" loading=\"lazy\" class=\"alignleft size-thumbnail wp-image-281\" title=\"Enjoy\" src=\"http:\/\/www.enjoyslovakiasoul.com\/wp-content\/uploads\/Zmena1-150x150.jpg\" alt=\"\" width=\"150\" height=\"150\" \/><\/a><strong>EST Frontier Slovakia, travel agency,<\/strong>\u00a0<\/strong>V\u00e1m pon\u00faka z\u00a0v\u00fd\u0161in nazrie\u0165 na tajomstvo na\u0161ej pr\u00edrody, po\u010das rannej zory pozorova\u0165 div\u00e9 zvery na\u0161ich h\u00f4r- Kamz\u00edka a Svi\u0161\u0165a a spozna\u0165 tak ich rann\u00fd ceremonial, ktor\u00fd neuvid\u00edte nikde inde v\u00a0takom kr\u00e1snom a panenskom prostred\u00ed ako v\u00a0na\u0161\u00edch najsc\u00e9nnyckej\u0161\u00edch hor\u00e1ch. Spozn\u00e1te pr\u00edrodn\u00e9 kr\u00e1sy, o\u010daruj\u00face horsk\u00e9 jazer\u00e1, ktor\u00e9 sa priam n\u00fakaj\u00fa na na objekt\u00edvy fotoapar\u00e1tov, no mnoh\u00fd, ktor\u00fd sa na t\u00fdchto \u0161t\u00edtoch, v\u00a0tomto rannom \u010dase ocitn\u00fa, zabudn\u00fa na v\u0161etky nepodstatn\u00e9 veci okolo nich a nechaj\u00fa sa un\u00e1\u0161a\u0165 pokojom, tichom a pr\u00edrodou, ktor\u00e1 je tak\u00e1 kr\u00e1sna a\u00a0 neodolate\u013en\u00e1. Za\u017eite s\u00a0nami neopakovate\u013en\u00fd relax, ubytujeme V\u00e1s v\u00a0slovenskej tradi\u010dnej kolibe, ochutn\u00e1te tradi\u010dn\u00e9 slovensk\u00e9 jedl\u00e1, za\u017eijete prav\u00fa slovensk\u00fa kult\u00faru a z\u00e1bavu pri \u017eivej \u013eudovej hudbe, nazriete do sveta na\u0161ich prad\u00e1vnzch trad\u00edci\u00ed alebo si len tak u\u017e\u00edvajte romantick\u00e9 prostredie a spozn\u00e1vajte kr\u00e1sy na\u0161ej malej ve\u013ekej krajiny.<\/p>\n<p><a href=\"http:\/\/www.enjoyslovakiasoul.com\/wp-content\/uploads\/101104113158.jpg\"><img decoding=\"async\" loading=\"lazy\" class=\"alignright size-thumbnail wp-image-282\" title=\"Wild Animal\" src=\"http:\/\/www.enjoyslovakiasoul.com\/wp-content\/uploads\/101104113158-150x150.jpg\" alt=\"\" width=\"150\" height=\"150\" \/><\/a><\/p>\n<p>Ak m\u00e1te z\u00e1ujem o dovolenku na Slovensku s\u00a0<strong>EST Frontier Slovakia, travel agency<\/strong>, nev\u00e1hajte a <a title=\"Kontakt\" href=\"..\/?page_id=17&amp;lang=sk\">kontaktujte n\u00e1s<\/a>. Povedzte n\u00e1m svoje predstavy a my sa budeme sna\u017ei\u0165 splni\u0165 v\u00e1m ich a obohati\u0165 ich o na\u0161e sk\u00fasenosti. Zabezpe\u010d\u00edme pre v\u00e1s cel\u00fd program, od dopravy z\u00a0letiska \u00a0a\u017e po ubytovanie v\u00a0tradi\u010dnom slovenskom prostred\u00ed, aby te pre\u017eili nie len nezabudnute\u013en\u00e9 chv\u00edle v slovensk\u00fdch hor\u00e1ch, ale aby ste spoznali aj trad\u00edcie slovenskej kult\u00fary.<\/p>\n<p><a href=\"http:\/\/www.enjoyslovakiasoul.com\/wp-content\/uploads\/080213140205.jpg\"><img decoding=\"async\" loading=\"lazy\" class=\"alignright size-thumbnail wp-image-283\" title=\"Wild Animal\" src=\"http:\/\/www.enjoyslovakiasoul.com\/wp-content\/uploads\/080213140205-150x150.jpg\" alt=\"\" width=\"150\" height=\"150\" \/><\/a><\/p>","protected":false},"excerpt":{"rendered":"<p>Vychutnaj si s\u00a0nami nezabudnute\u013en\u00fa turistiku na najkraj\u0161\u00edch slovensk\u00fdch hor\u00e1ch v tradi\u010dnej slovenskej atmosf\u00e9re.. Rozm\u00fd\u0161\u013eate nad turistikou v\u00a0kr\u00e1snom prostred\u00ed vysok\u00fdch h\u00f4r a a\u00a0slnkom zaliatych \u0161t\u00edtov s\u00a0tradi\u010dnou slovenskou atmosf\u00e9rou, veselou \u013eudovou z\u00e1bavou a chutn\u00fdm slovensk\u00fdm jedlom? Potom ste na spr\u00e1vnej ceste\u2026 Slovensk\u00e9 hory maj\u00fa najlep\u0161ie podmienky pre v\u0161etky druhy \u0161portov\u00fdch a oddychov\u00fdch aktiv\u00edt. Ka\u017ed\u00fd turista sn\u00edva o [&hellip;]<\/p>\n","protected":false},"author":1,"featured_media":0,"parent":19,"menu_order":0,"comment_status":"open","ping_status":"open","template":"","meta":{"ngg_post_thumbnail":0},"yoast_head":"<!-- This site is optimized with the Yoast SEO plugin v20.3 - https:\/\/yoast.com\/wordpress\/plugins\/seo\/ -->\n<title>Horsk\u00e1 Turistika - EST Frontier Slovakia<\/title>\n<meta name=\"robots\" content=\"index, follow, max-snippet:-1, max-image-preview:large, max-video-preview:-1\" \/>\n<link rel=\"canonical\" href=\"https:\/\/www.enjoyslovakiasoul.com\/outdoor\/active-outdoor-enthusiasts-tours\/treckking-and-hiking-tours\/\" \/>\n<meta property=\"og:locale\" content=\"sk_SK\" \/>\n<meta property=\"og:type\" content=\"article\" \/>\n<meta property=\"og:title\" content=\"Horsk\u00e1 Turistika - EST Frontier Slovakia\" \/>\n<meta property=\"og:description\" content=\"Vychutnaj si s\u00a0nami nezabudnute\u013en\u00fa turistiku na najkraj\u0161\u00edch slovensk\u00fdch hor\u00e1ch v tradi\u010dnej slovenskej atmosf\u00e9re.. Rozm\u00fd\u0161\u013eate nad turistikou v\u00a0kr\u00e1snom prostred\u00ed vysok\u00fdch h\u00f4r a a\u00a0slnkom zaliatych \u0161t\u00edtov s\u00a0tradi\u010dnou slovenskou atmosf\u00e9rou, veselou \u013eudovou z\u00e1bavou a chutn\u00fdm slovensk\u00fdm jedlom? Potom ste na spr\u00e1vnej ceste\u2026 Slovensk\u00e9 hory maj\u00fa najlep\u0161ie podmienky pre v\u0161etky druhy \u0161portov\u00fdch a oddychov\u00fdch aktiv\u00edt. Ka\u017ed\u00fd turista sn\u00edva o [&hellip;]\" \/>\n<meta property=\"og:url\" content=\"https:\/\/www.enjoyslovakiasoul.com\/outdoor\/active-outdoor-enthusiasts-tours\/treckking-and-hiking-tours\/\" \/>\n<meta property=\"og:site_name\" content=\"EST Frontier Slovakia\" \/>\n<meta property=\"article:modified_time\" content=\"2013-01-12T23:52:16+00:00\" \/>\n<meta property=\"og:image\" content=\"http:\/\/www.enjoyslovakiasoul.com\/wp-content\/uploads\/Untitled-1-copyZmena.jpg\" \/>\n<meta name=\"twitter:card\" content=\"summary_large_image\" \/>\n<meta name=\"twitter:label1\" content=\"Predpokladan\u00fd \u010das \u010d\u00edtania\" \/>\n\t<meta name=\"twitter:data1\" content=\"4 min\u00faty\" \/>\n<script type=\"application\/ld+json\" class=\"yoast-schema-graph\">{\"@context\":\"https:\/\/schema.org\",\"@graph\":[{\"@type\":\"WebPage\",\"@id\":\"https:\/\/www.enjoyslovakiasoul.com\/outdoor\/active-outdoor-enthusiasts-tours\/treckking-and-hiking-tours\/\",\"url\":\"https:\/\/www.enjoyslovakiasoul.com\/outdoor\/active-outdoor-enthusiasts-tours\/treckking-and-hiking-tours\/\",\"name\":\"Horsk\u00e1 Turistika - EST Frontier Slovakia\",\"isPartOf\":{\"@id\":\"https:\/\/www.enjoyslovakiasoul.com\/#website\"},\"datePublished\":\"2011-05-16T08:08:09+00:00\",\"dateModified\":\"2013-01-12T23:52:16+00:00\",\"breadcrumb\":{\"@id\":\"https:\/\/www.enjoyslovakiasoul.com\/outdoor\/active-outdoor-enthusiasts-tours\/treckking-and-hiking-tours\/#breadcrumb\"},\"inLanguage\":\"sk-SK\",\"potentialAction\":[{\"@type\":\"ReadAction\",\"target\":[\"https:\/\/www.enjoyslovakiasoul.com\/outdoor\/active-outdoor-enthusiasts-tours\/treckking-and-hiking-tours\/\"]}]},{\"@type\":\"BreadcrumbList\",\"@id\":\"https:\/\/www.enjoyslovakiasoul.com\/outdoor\/active-outdoor-enthusiasts-tours\/treckking-and-hiking-tours\/#breadcrumb\",\"itemListElement\":[{\"@type\":\"ListItem\",\"position\":1,\"name\":\"Home\",\"item\":\"https:\/\/www.enjoyslovakiasoul.com\/\"},{\"@type\":\"ListItem\",\"position\":2,\"name\":\"Outdoor\",\"item\":\"https:\/\/www.enjoyslovakiasoul.com\/outdoor\/\"},{\"@type\":\"ListItem\",\"position\":3,\"name\":\"Outdoor Activities\",\"item\":\"https:\/\/www.enjoyslovakiasoul.com\/outdoor\/active-outdoor-enthusiasts-tours\/\"},{\"@type\":\"ListItem\",\"position\":4,\"name\":\"Trekking and Hiking\"}]},{\"@type\":\"WebSite\",\"@id\":\"https:\/\/www.enjoyslovakiasoul.com\/#website\",\"url\":\"https:\/\/www.enjoyslovakiasoul.com\/\",\"name\":\"EST Frontier Slovakia\",\"description\":\"Fun, Relax, Adventure\",\"potentialAction\":[{\"@type\":\"SearchAction\",\"target\":{\"@type\":\"EntryPoint\",\"urlTemplate\":\"https:\/\/www.enjoyslovakiasoul.com\/?s={search_term_string}\"},\"query-input\":\"required name=search_term_string\"}],\"inLanguage\":\"sk-SK\"}]}<\/script>\n<!-- \/ Yoast SEO plugin. -->","yoast_head_json":{"title":"Horsk\u00e1 Turistika - EST Frontier Slovakia","robots":{"index":"index","follow":"follow","max-snippet":"max-snippet:-1","max-image-preview":"max-image-preview:large","max-video-preview":"max-video-preview:-1"},"canonical":"https:\/\/www.enjoyslovakiasoul.com\/outdoor\/active-outdoor-enthusiasts-tours\/treckking-and-hiking-tours\/","og_locale":"sk_SK","og_type":"article","og_title":"Horsk\u00e1 Turistika - EST Frontier Slovakia","og_description":"Vychutnaj si s\u00a0nami nezabudnute\u013en\u00fa turistiku na najkraj\u0161\u00edch slovensk\u00fdch hor\u00e1ch v tradi\u010dnej slovenskej atmosf\u00e9re.. Rozm\u00fd\u0161\u013eate nad turistikou v\u00a0kr\u00e1snom prostred\u00ed vysok\u00fdch h\u00f4r a a\u00a0slnkom zaliatych \u0161t\u00edtov s\u00a0tradi\u010dnou slovenskou atmosf\u00e9rou, veselou \u013eudovou z\u00e1bavou a chutn\u00fdm slovensk\u00fdm jedlom? Potom ste na spr\u00e1vnej ceste\u2026 Slovensk\u00e9 hory maj\u00fa najlep\u0161ie podmienky pre v\u0161etky druhy \u0161portov\u00fdch a oddychov\u00fdch aktiv\u00edt. Ka\u017ed\u00fd turista sn\u00edva o [&hellip;]","og_url":"https:\/\/www.enjoyslovakiasoul.com\/outdoor\/active-outdoor-enthusiasts-tours\/treckking-and-hiking-tours\/","og_site_name":"EST Frontier Slovakia","article_modified_time":"2013-01-12T23:52:16+00:00","og_image":[{"url":"http:\/\/www.enjoyslovakiasoul.com\/wp-content\/uploads\/Untitled-1-copyZmena.jpg"}],"twitter_card":"summary_large_image","twitter_misc":{"Predpokladan\u00fd \u010das \u010d\u00edtania":"4 min\u00faty"},"schema":{"@context":"https:\/\/schema.org","@graph":[{"@type":"WebPage","@id":"https:\/\/www.enjoyslovakiasoul.com\/outdoor\/active-outdoor-enthusiasts-tours\/treckking-and-hiking-tours\/","url":"https:\/\/www.enjoyslovakiasoul.com\/outdoor\/active-outdoor-enthusiasts-tours\/treckking-and-hiking-tours\/","name":"Horsk\u00e1 Turistika - EST Frontier Slovakia","isPartOf":{"@id":"https:\/\/www.enjoyslovakiasoul.com\/#website"},"datePublished":"2011-05-16T08:08:09+00:00","dateModified":"2013-01-12T23:52:16+00:00","breadcrumb":{"@id":"https:\/\/www.enjoyslovakiasoul.com\/outdoor\/active-outdoor-enthusiasts-tours\/treckking-and-hiking-tours\/#breadcrumb"},"inLanguage":"sk-SK","potentialAction":[{"@type":"ReadAction","target":["https:\/\/www.enjoyslovakiasoul.com\/outdoor\/active-outdoor-enthusiasts-tours\/treckking-and-hiking-tours\/"]}]},{"@type":"BreadcrumbList","@id":"https:\/\/www.enjoyslovakiasoul.com\/outdoor\/active-outdoor-enthusiasts-tours\/treckking-and-hiking-tours\/#breadcrumb","itemListElement":[{"@type":"ListItem","position":1,"name":"Home","item":"https:\/\/www.enjoyslovakiasoul.com\/"},{"@type":"ListItem","position":2,"name":"Outdoor","item":"https:\/\/www.enjoyslovakiasoul.com\/outdoor\/"},{"@type":"ListItem","position":3,"name":"Outdoor Activities","item":"https:\/\/www.enjoyslovakiasoul.com\/outdoor\/active-outdoor-enthusiasts-tours\/"},{"@type":"ListItem","position":4,"name":"Trekking and Hiking"}]},{"@type":"WebSite","@id":"https:\/\/www.enjoyslovakiasoul.com\/#website","url":"https:\/\/www.enjoyslovakiasoul.com\/","name":"EST Frontier Slovakia","description":"Fun, Relax, Adventure","potentialAction":[{"@type":"SearchAction","target":{"@type":"EntryPoint","urlTemplate":"https:\/\/www.enjoyslovakiasoul.com\/?s={search_term_string}"},"query-input":"required name=search_term_string"}],"inLanguage":"sk-SK"}]}},"_links":{"self":[{"href":"https:\/\/www.enjoyslovakiasoul.com\/sk\/wp-json\/wp\/v2\/pages\/44"}],"collection":[{"href":"https:\/\/www.enjoyslovakiasoul.com\/sk\/wp-json\/wp\/v2\/pages"}],"about":[{"href":"https:\/\/www.enjoyslovakiasoul.com\/sk\/wp-json\/wp\/v2\/types\/page"}],"author":[{"embeddable":true,"href":"https:\/\/www.enjoyslovakiasoul.com\/sk\/wp-json\/wp\/v2\/users\/1"}],"replies":[{"embeddable":true,"href":"https:\/\/www.enjoyslovakiasoul.com\/sk\/wp-json\/wp\/v2\/comments?post=44"}],"version-history":[{"count":14,"href":"https:\/\/www.enjoyslovakiasoul.com\/sk\/wp-json\/wp\/v2\/pages\/44\/revisions"}],"predecessor-version":[{"id":3378,"href":"https:\/\/www.enjoyslovakiasoul.com\/sk\/wp-json\/wp\/v2\/pages\/44\/revisions\/3378"}],"up":[{"embeddable":true,"href":"https:\/\/www.enjoyslovakiasoul.com\/sk\/wp-json\/wp\/v2\/pages\/19"}],"wp:attachment":[{"href":"https:\/\/www.enjoyslovakiasoul.com\/sk\/wp-json\/wp\/v2\/media?parent=44"}],"curies":[{"name":"wp","href":"https:\/\/api.w.org\/{rel}","templated":true}]}}