
{"id":46,"date":"2011-05-16T08:12:48","date_gmt":"2011-05-16T08:12:48","guid":{"rendered":"http:\/\/www.enjoyslovakiasoul.com\/?page_id=46"},"modified":"2013-01-12T23:54:05","modified_gmt":"2013-01-12T23:54:05","slug":"cross-country-skiing","status":"publish","type":"page","link":"https:\/\/www.enjoyslovakiasoul.com\/sk\/outdoor\/snow-paradise-tours\/cross-country-skiing\/","title":{"rendered":"Be\u017ekovanie"},"content":{"rendered":"<p><\/p>\n<p style=\"text-align: center;\"><a href=\"http:\/\/www.enjoyslovakiasoul.com\/wp-content\/uploads\/Zmena2.jpg\"><img decoding=\"async\" loading=\"lazy\" class=\"aligncenter size-full wp-image-297\" src=\"http:\/\/www.enjoyslovakiasoul.com\/wp-content\/uploads\/Zmena2.jpg\" alt=\"\" width=\"615\" height=\"141\" srcset=\"https:\/\/www.enjoyslovakiasoul.com\/wp-content\/uploads\/Zmena2.jpg 615w, https:\/\/www.enjoyslovakiasoul.com\/wp-content\/uploads\/Zmena2-300x68.jpg 300w\" sizes=\"(max-width: 615px) 100vw, 615px\" \/><\/a><\/p>\n<p style=\"text-align: center;\"><span style=\"color: #008000;\"><strong>Vychutnaj si s\u00a0nami nezabudnute\u013en\u00e9 be\u017ekovanie na\u00a0slovensk\u00fdch hor\u00e1ch v tradi\u010dnej slovenskej atmosf\u00e9re..<\/strong><\/span><\/p>\n<p>Rozm\u00fd\u0161\u013eate nav\u0161t\u00edvi\u0165 slovensk\u00e9 hory a zak\u00fasi\u0165 \u010daro be\u017ekovania v\u00a0kr\u00e1snom prostred\u00ed vysok\u00fdch h\u00f4r s\u00a0tradi\u010dnou slovenskou atmosf\u00e9rou, veselou z\u00e1bavou a chutn\u00fdm slovensk\u00fdm jedlom? Potom ste na spr\u00e1vnej ceste\u2026<\/p>\n<p><a href=\"http:\/\/www.enjoyslovakiasoul.com\/wp-content\/uploads\/langlaufen_03.jpg\"><img decoding=\"async\" loading=\"lazy\" class=\"alignleft size-thumbnail wp-image-299\" src=\"http:\/\/www.enjoyslovakiasoul.com\/wp-content\/uploads\/langlaufen_03-150x150.jpg\" alt=\"\" width=\"150\" height=\"150\" \/><\/a>V\u00a0tejto malej krajine s\u00a0ve\u013ek\u00fdm srdcom v\u00a0strede Eur\u00f3py, v\u00e1s \u010dak\u00e1 jedna z\u00a0najkraj\u0161\u00edch dovoleniek, ak\u00e9 si viete predstavi\u0165. Toto v\u0161etko si m\u00f4\u017eete vychutna\u0165 v\u00a0najkraj\u0161\u00edch a najsc\u00e9nickej\u0161\u00edch regi\u00f3nov Slovenska na <strong>Orave<\/strong> v\u00a0Z\u00e1padn\u00fdch Tatr\u00e1ch naz\u00fdvan\u00fdch Roh\u00e1\u010de, na <strong>Liptove<\/strong> alebo priamo v\u00a0najvy\u0161\u0161\u00edch slovensk\u00fdch hor\u00e1ch naz\u00fdvan\u00fdch <strong>Vysok\u00e9 Tatry<\/strong>.<\/p>\n<p>&nbsp;<\/p>\n<p><strong>EST Frontier Slovakia, travel agency,<\/strong>\u00a0\u00a0<strong>V<\/strong>\u00e1m pon\u00faka najlep\u0161iu mo\u017enos\u0165 ako nav\u0161t\u00edvi\u0165 slovensk\u00e9 hory a u\u017ei\u0165 si be\u017ekovanie medzi najkraj\u0161\u00edmi vrcholmi slovensk\u00fdch h\u00f4r v\u00a0regi\u00f3noch Slovenska, ktor\u00e9 si zachov\u00e1vaj\u00fa pr\u00edrodn\u00e9 bohatstvo, hust\u00e9 lesy, lesn\u00e9 \u010distinky, ticho, pr\u00edrodn\u00e9 skvosty, snehom zaliate \u0161t\u00edty, horske lazy, stredoslovensk\u00fa kult\u00faru a vz\u00e1cnu div\u00fa zver. To v\u0161etko spolu vytv\u00e1ra kraj s nezvy\u010dajn\u00fdm \u010darom a atmosf\u00e9rou, hodn\u00fd ozna\u010denia <strong>horsk\u00fd raj<\/strong>. Preto v t\u00fdchto regi\u00f3noch Slovenska znamen\u00e1 be\u017ekovanie nezabudnute\u013en\u00e9 chv\u00edle. <strong>Nazrite spolu s <strong>EST Frontier Slovakia, travel agency,<\/strong>\u00a0do tohto sveta&#8230;<strong> <\/strong><strong> <\/strong><\/strong><\/p>\n<p>Ak m\u00e1te ak\u00fdk\u013evek z\u00e1ujem o dovolenku na Slovensku s\u00a0nami, nev\u00e1hajte a <a title=\"Kontakt\" href=\"..\/?page_id=17&amp;lang=sk\">kontaktujte n\u00e1s<\/a>.\u00a0 Povedzte n\u00e1m svoje<a href=\"http:\/\/www.enjoyslovakiasoul.com\/wp-content\/uploads\/2430-ostrica-12-1298223375.jpg\"><img decoding=\"async\" loading=\"lazy\" class=\"alignright size-thumbnail wp-image-300\" title=\"Winter\" src=\"http:\/\/www.enjoyslovakiasoul.com\/wp-content\/uploads\/2430-ostrica-12-1298223375-150x150.jpg\" alt=\"\" width=\"150\" height=\"150\" \/><\/a> predstavy a my sa budeme sna\u017ei\u0165 splni\u0165 v\u00e1m ich a obohati\u0165 ich aj o na\u0161e sk\u00fasenosti. <strong>Zabezpe\u010d\u00edme pre v\u00e1s v\u0161etko od dopravy z letiska a\u017e po ubytovanie v\u00a0tradi\u010dnom slovenskom prostred\u00ed, aby ste pre\u017eili nie len nezabudnute\u013en\u00e9 chv\u00edle zo slovensk\u00fdch h\u00f4r, ale aby ste spoznali aj trad\u00edcie slovenskej kult\u00fary.<\/strong><\/p>\n<h5 style=\"text-align: justify;\"><span style=\"font-weight: 800;\"><\/p>\n<p><\/span><\/h5>\n<p><\/p>","protected":false},"excerpt":{"rendered":"<p>Vychutnaj si s\u00a0nami nezabudnute\u013en\u00e9 be\u017ekovanie na\u00a0slovensk\u00fdch hor\u00e1ch v tradi\u010dnej slovenskej atmosf\u00e9re.. Rozm\u00fd\u0161\u013eate nav\u0161t\u00edvi\u0165 slovensk\u00e9 hory a zak\u00fasi\u0165 \u010daro be\u017ekovania v\u00a0kr\u00e1snom prostred\u00ed vysok\u00fdch h\u00f4r s\u00a0tradi\u010dnou slovenskou atmosf\u00e9rou, veselou z\u00e1bavou a chutn\u00fdm slovensk\u00fdm jedlom? Potom ste na spr\u00e1vnej ceste\u2026 V\u00a0tejto malej krajine s\u00a0ve\u013ek\u00fdm srdcom v\u00a0strede Eur\u00f3py, v\u00e1s \u010dak\u00e1 jedna z\u00a0najkraj\u0161\u00edch dovoleniek, ak\u00e9 si viete predstavi\u0165. Toto v\u0161etko [&hellip;]<\/p>\n","protected":false},"author":1,"featured_media":0,"parent":22,"menu_order":0,"comment_status":"open","ping_status":"open","template":"","meta":{"ngg_post_thumbnail":0},"yoast_head":"<!-- This site is optimized with the Yoast SEO plugin v20.3 - https:\/\/yoast.com\/wordpress\/plugins\/seo\/ -->\n<title>Be\u017ekovanie - EST Frontier Slovakia<\/title>\n<meta name=\"robots\" content=\"index, follow, max-snippet:-1, max-image-preview:large, max-video-preview:-1\" \/>\n<link rel=\"canonical\" href=\"https:\/\/www.enjoyslovakiasoul.com\/outdoor\/snow-paradise-tours\/cross-country-skiing\/\" \/>\n<meta property=\"og:locale\" content=\"sk_SK\" \/>\n<meta property=\"og:type\" content=\"article\" \/>\n<meta property=\"og:title\" content=\"Be\u017ekovanie - EST Frontier Slovakia\" \/>\n<meta property=\"og:description\" content=\"Vychutnaj si s\u00a0nami nezabudnute\u013en\u00e9 be\u017ekovanie na\u00a0slovensk\u00fdch hor\u00e1ch v tradi\u010dnej slovenskej atmosf\u00e9re.. Rozm\u00fd\u0161\u013eate nav\u0161t\u00edvi\u0165 slovensk\u00e9 hory a zak\u00fasi\u0165 \u010daro be\u017ekovania v\u00a0kr\u00e1snom prostred\u00ed vysok\u00fdch h\u00f4r s\u00a0tradi\u010dnou slovenskou atmosf\u00e9rou, veselou z\u00e1bavou a chutn\u00fdm slovensk\u00fdm jedlom? Potom ste na spr\u00e1vnej ceste\u2026 V\u00a0tejto malej krajine s\u00a0ve\u013ek\u00fdm srdcom v\u00a0strede Eur\u00f3py, v\u00e1s \u010dak\u00e1 jedna z\u00a0najkraj\u0161\u00edch dovoleniek, ak\u00e9 si viete predstavi\u0165. Toto v\u0161etko [&hellip;]\" \/>\n<meta property=\"og:url\" content=\"https:\/\/www.enjoyslovakiasoul.com\/outdoor\/snow-paradise-tours\/cross-country-skiing\/\" \/>\n<meta property=\"og:site_name\" content=\"EST Frontier Slovakia\" \/>\n<meta property=\"article:modified_time\" content=\"2013-01-12T23:54:05+00:00\" \/>\n<meta property=\"og:image\" content=\"http:\/\/www.enjoyslovakiasoul.com\/wp-content\/uploads\/Zmena2.jpg\" \/>\n<meta name=\"twitter:card\" content=\"summary_large_image\" \/>\n<meta name=\"twitter:label1\" content=\"Predpokladan\u00fd \u010das \u010d\u00edtania\" \/>\n\t<meta name=\"twitter:data1\" content=\"3 min\u00faty\" \/>\n<script type=\"application\/ld+json\" class=\"yoast-schema-graph\">{\"@context\":\"https:\/\/schema.org\",\"@graph\":[{\"@type\":\"WebPage\",\"@id\":\"https:\/\/www.enjoyslovakiasoul.com\/outdoor\/snow-paradise-tours\/cross-country-skiing\/\",\"url\":\"https:\/\/www.enjoyslovakiasoul.com\/outdoor\/snow-paradise-tours\/cross-country-skiing\/\",\"name\":\"Be\u017ekovanie - EST Frontier Slovakia\",\"isPartOf\":{\"@id\":\"https:\/\/www.enjoyslovakiasoul.com\/#website\"},\"datePublished\":\"2011-05-16T08:12:48+00:00\",\"dateModified\":\"2013-01-12T23:54:05+00:00\",\"breadcrumb\":{\"@id\":\"https:\/\/www.enjoyslovakiasoul.com\/outdoor\/snow-paradise-tours\/cross-country-skiing\/#breadcrumb\"},\"inLanguage\":\"sk-SK\",\"potentialAction\":[{\"@type\":\"ReadAction\",\"target\":[\"https:\/\/www.enjoyslovakiasoul.com\/outdoor\/snow-paradise-tours\/cross-country-skiing\/\"]}]},{\"@type\":\"BreadcrumbList\",\"@id\":\"https:\/\/www.enjoyslovakiasoul.com\/outdoor\/snow-paradise-tours\/cross-country-skiing\/#breadcrumb\",\"itemListElement\":[{\"@type\":\"ListItem\",\"position\":1,\"name\":\"Home\",\"item\":\"https:\/\/www.enjoyslovakiasoul.com\/\"},{\"@type\":\"ListItem\",\"position\":2,\"name\":\"Outdoor\",\"item\":\"https:\/\/www.enjoyslovakiasoul.com\/outdoor\/\"},{\"@type\":\"ListItem\",\"position\":3,\"name\":\"Winter Activities\",\"item\":\"https:\/\/www.enjoyslovakiasoul.com\/outdoor\/snow-paradise-tours\/\"},{\"@type\":\"ListItem\",\"position\":4,\"name\":\"Cross country skiing\"}]},{\"@type\":\"WebSite\",\"@id\":\"https:\/\/www.enjoyslovakiasoul.com\/#website\",\"url\":\"https:\/\/www.enjoyslovakiasoul.com\/\",\"name\":\"EST Frontier Slovakia\",\"description\":\"Fun, Relax, Adventure\",\"potentialAction\":[{\"@type\":\"SearchAction\",\"target\":{\"@type\":\"EntryPoint\",\"urlTemplate\":\"https:\/\/www.enjoyslovakiasoul.com\/?s={search_term_string}\"},\"query-input\":\"required name=search_term_string\"}],\"inLanguage\":\"sk-SK\"}]}<\/script>\n<!-- \/ Yoast SEO plugin. -->","yoast_head_json":{"title":"Be\u017ekovanie - EST Frontier Slovakia","robots":{"index":"index","follow":"follow","max-snippet":"max-snippet:-1","max-image-preview":"max-image-preview:large","max-video-preview":"max-video-preview:-1"},"canonical":"https:\/\/www.enjoyslovakiasoul.com\/outdoor\/snow-paradise-tours\/cross-country-skiing\/","og_locale":"sk_SK","og_type":"article","og_title":"Be\u017ekovanie - EST Frontier Slovakia","og_description":"Vychutnaj si s\u00a0nami nezabudnute\u013en\u00e9 be\u017ekovanie na\u00a0slovensk\u00fdch hor\u00e1ch v tradi\u010dnej slovenskej atmosf\u00e9re.. Rozm\u00fd\u0161\u013eate nav\u0161t\u00edvi\u0165 slovensk\u00e9 hory a zak\u00fasi\u0165 \u010daro be\u017ekovania v\u00a0kr\u00e1snom prostred\u00ed vysok\u00fdch h\u00f4r s\u00a0tradi\u010dnou slovenskou atmosf\u00e9rou, veselou z\u00e1bavou a chutn\u00fdm slovensk\u00fdm jedlom? Potom ste na spr\u00e1vnej ceste\u2026 V\u00a0tejto malej krajine s\u00a0ve\u013ek\u00fdm srdcom v\u00a0strede Eur\u00f3py, v\u00e1s \u010dak\u00e1 jedna z\u00a0najkraj\u0161\u00edch dovoleniek, ak\u00e9 si viete predstavi\u0165. Toto v\u0161etko [&hellip;]","og_url":"https:\/\/www.enjoyslovakiasoul.com\/outdoor\/snow-paradise-tours\/cross-country-skiing\/","og_site_name":"EST Frontier Slovakia","article_modified_time":"2013-01-12T23:54:05+00:00","og_image":[{"url":"http:\/\/www.enjoyslovakiasoul.com\/wp-content\/uploads\/Zmena2.jpg"}],"twitter_card":"summary_large_image","twitter_misc":{"Predpokladan\u00fd \u010das \u010d\u00edtania":"3 min\u00faty"},"schema":{"@context":"https:\/\/schema.org","@graph":[{"@type":"WebPage","@id":"https:\/\/www.enjoyslovakiasoul.com\/outdoor\/snow-paradise-tours\/cross-country-skiing\/","url":"https:\/\/www.enjoyslovakiasoul.com\/outdoor\/snow-paradise-tours\/cross-country-skiing\/","name":"Be\u017ekovanie - EST Frontier Slovakia","isPartOf":{"@id":"https:\/\/www.enjoyslovakiasoul.com\/#website"},"datePublished":"2011-05-16T08:12:48+00:00","dateModified":"2013-01-12T23:54:05+00:00","breadcrumb":{"@id":"https:\/\/www.enjoyslovakiasoul.com\/outdoor\/snow-paradise-tours\/cross-country-skiing\/#breadcrumb"},"inLanguage":"sk-SK","potentialAction":[{"@type":"ReadAction","target":["https:\/\/www.enjoyslovakiasoul.com\/outdoor\/snow-paradise-tours\/cross-country-skiing\/"]}]},{"@type":"BreadcrumbList","@id":"https:\/\/www.enjoyslovakiasoul.com\/outdoor\/snow-paradise-tours\/cross-country-skiing\/#breadcrumb","itemListElement":[{"@type":"ListItem","position":1,"name":"Home","item":"https:\/\/www.enjoyslovakiasoul.com\/"},{"@type":"ListItem","position":2,"name":"Outdoor","item":"https:\/\/www.enjoyslovakiasoul.com\/outdoor\/"},{"@type":"ListItem","position":3,"name":"Winter Activities","item":"https:\/\/www.enjoyslovakiasoul.com\/outdoor\/snow-paradise-tours\/"},{"@type":"ListItem","position":4,"name":"Cross country skiing"}]},{"@type":"WebSite","@id":"https:\/\/www.enjoyslovakiasoul.com\/#website","url":"https:\/\/www.enjoyslovakiasoul.com\/","name":"EST Frontier Slovakia","description":"Fun, Relax, Adventure","potentialAction":[{"@type":"SearchAction","target":{"@type":"EntryPoint","urlTemplate":"https:\/\/www.enjoyslovakiasoul.com\/?s={search_term_string}"},"query-input":"required name=search_term_string"}],"inLanguage":"sk-SK"}]}},"_links":{"self":[{"href":"https:\/\/www.enjoyslovakiasoul.com\/sk\/wp-json\/wp\/v2\/pages\/46"}],"collection":[{"href":"https:\/\/www.enjoyslovakiasoul.com\/sk\/wp-json\/wp\/v2\/pages"}],"about":[{"href":"https:\/\/www.enjoyslovakiasoul.com\/sk\/wp-json\/wp\/v2\/types\/page"}],"author":[{"embeddable":true,"href":"https:\/\/www.enjoyslovakiasoul.com\/sk\/wp-json\/wp\/v2\/users\/1"}],"replies":[{"embeddable":true,"href":"https:\/\/www.enjoyslovakiasoul.com\/sk\/wp-json\/wp\/v2\/comments?post=46"}],"version-history":[{"count":7,"href":"https:\/\/www.enjoyslovakiasoul.com\/sk\/wp-json\/wp\/v2\/pages\/46\/revisions"}],"predecessor-version":[{"id":298,"href":"https:\/\/www.enjoyslovakiasoul.com\/sk\/wp-json\/wp\/v2\/pages\/46\/revisions\/298"}],"up":[{"embeddable":true,"href":"https:\/\/www.enjoyslovakiasoul.com\/sk\/wp-json\/wp\/v2\/pages\/22"}],"wp:attachment":[{"href":"https:\/\/www.enjoyslovakiasoul.com\/sk\/wp-json\/wp\/v2\/media?parent=46"}],"curies":[{"name":"wp","href":"https:\/\/api.w.org\/{rel}","templated":true}]}}